{"id":8828,"date":"2013-11-28T21:38:02","date_gmt":"2013-11-28T17:38:02","guid":{"rendered":"http:\/\/cacs.az\/?page_id=8828"},"modified":"2021-09-23T10:12:05","modified_gmt":"2021-09-23T07:12:05","slug":"%c9%99m%c9%99k-haqqin-hesablanmasi","status":"publish","type":"page","link":"https:\/\/az.f-chain.com\/az\/%c9%99m%c9%99k-haqqin-hesablanmasi\/","title":{"rendered":"\u018fm\u0259k haqq\u0131n hesablanmas\u0131"},"content":{"rendered":"<div class=\"wpb-content-wrapper\"><p>[vc_row equal_height=&#8221;yes&#8221; css_animation=&#8221;fadeInUp&#8221;][vc_column][vc_column_text]<\/p>\n<h1>\u018fm\u0259k haqq\u0131n hesablanmas\u0131<\/h1>\n<p>[\/vc_column_text][vc_column_text]Financial Chain Corportion\u00a0(FCHA\u0130N)\u00a0personalla hesabla\u015fmalar\u0131n idar\u0259 edilm\u0259si \u00fczr\u0259 b\u00fct\u00fcn tap\u015f\u0131r\u0131qlar spektrini yerin\u0259 yetirm\u0259y\u0259 haz\u0131rd\u0131r. \u015eirk\u0259timizl\u0259 \u0259m\u0259kda\u015fl\u0131q \u00e7ox sad\u0259 v\u0259 rahatd\u0131r. T\u0259klifl\u0259rimizin s\u0259m\u0259r\u0259liliyi zaman\u0131n s\u0131na\u011f\u0131ndan ke\u00e7mi\u015f, biznesin m\u00fcxt\u0259lif sah\u0259l\u0259rind\u0259 ixtisasla\u015fan beyn\u0259lxalq v\u0259 yerli t\u0259\u015fkilatlarla u\u011furlu t\u0259cr\u00fcb\u0259 il\u0259 t\u0259sdiq edilmi\u015fdir.<\/p>\n<p>Personalla m\u00fcnt\u0259z\u0259m hesabla\u015fmalar\u0131n idar\u0259edilm\u0259si ist\u0259nil\u0259n biznesin m\u00fch\u00fcm t\u0259rkib hiss\u0259sidir. Ax\u0131 i\u015fin keyifyy\u0259tl\u0259 g\u00f6r\u00fclm\u0259si \u00fc\u00e7\u00fcn \u0259m\u0259kda\u015flar\u0131 h\u0259v\u0259sl\u0259ndirm\u0259k laz\u0131md\u0131r, \u0259m\u0259k haqq\u0131n\u0131n \u0259ld\u0259 edilm\u0259si is\u0259 \u0259n yax\u015f\u0131 stimuldur. \u015eirk\u0259timizin \u0259m\u0259kda\u015flar\u0131 ist\u0259nil\u0259n sayda \u015ftat\u0131 olan m\u00fc\u0259ssis\u0259l\u0259r \u00fc\u00e7\u00fcn \u0259m\u0259k haqq\u0131 fondunun hesablamas\u0131n\u0131 aparacaqlar. Biz, m\u00fc\u0259ssis\u0259nizd\u0259 t\u0259tbiq edil\u0259n ist\u0259nil\u0259n n\u00f6v \u0259lav\u0259l\u0259ri, tutmalar\u0131, m\u00fckafatlar\u0131 operativ, \u015f\u0259ffaf v\u0259 son d\u0259r\u0259c\u0259 d\u0259qiq \u015f\u0259kild\u0259 hesablaya bil\u0259rik. \u015eirk\u0259timizl\u0259 s\u0259rf\u0259li \u015f\u0259rtl\u0259rl\u0259 \u0259m\u0259kda\u015fl\u0131q say\u0259sind\u0259 siz, \u018fm\u0259yin \u00d6d\u0259ni\u015fi Fondundan (\u018f\u00d6F) vergil\u0259rin v\u0259 \u00f6d\u0259m\u0259l\u0259rin d\u00fczg\u00fcn hesablanmamas\u0131 n\u0259tic\u0259sind\u0259 m\u00fcvafiq orqanlara t\u0259hrif edilmi\u015f hesabatlar t\u0259qdim ed\u0259n m\u00fc\u0259ssis\u0259 sahibkarlar\u0131 \u00fc\u00e7\u00fcn n\u0259z\u0259rd\u0259 tutulmu\u015f c\u0259rim\u0259l\u0259rd\u0259n v\u0259 m\u0259suliyy\u0259td\u0259n azad olacaqs\u0131n\u0131z. Bu zaman hesablamalar\u0131n m\u00fcr\u0259k\u0259bbliyi \u015firk\u0259timiz t\u0259r\u0259find\u0259n t\u0259qdim edil\u0259n xidm\u0259tl\u0259rin d\u0259y\u0259rinin artmas\u0131na s\u0259b\u0259b olmayacaq. Baza paketin\u0259 m\u00fc\u0259ssis\u0259nizin t\u0259s\u0259rr\u00fcfat f\u0259aiyy\u0259tinin effektiv sur\u0259td\u0259 apar\u0131lmas\u0131 \u00fc\u00e7\u00fcn z\u0259ruri olan b\u00fct\u00fcn xidm\u0259tl\u0259r daxildir.[\/vc_column_text][\/vc_column][\/vc_row][vc_row content_placement=&#8221;middle&#8221; css_animation=&#8221;fadeInUp&#8221; css=&#8221;.vc_custom_1632380399986{margin-bottom: 0px !important;background-color: #f6f6f6 !important;}&#8221;][vc_column width=&#8221;1\/2&#8243;][vc_column_text]<\/p>\n<h2>\u018fm\u0259k haqq\u0131n\u0131n hesablanmas\u0131 \u00fczr\u0259 xidm\u0259tl\u0259r<\/h2>\n<p>\u018fm\u0259k haqq\u0131n\u0131n hesablanmas\u0131, r\u00fcsumlar\u0131n v\u0259 vergil\u0259rin hesablanmas\u0131 \u00fczr\u0259 xidm\u0259tl\u0259r, hesabatlar\u0131n formala\u015fd\u0131r\u0131lmas\u0131 v\u0259 t\u0259qdim edilm\u0259si \u2013 personal\u0131n effektiv idar\u0259edilm\u0259si sisteminin bir hiss\u0259sidir. M\u00fct\u0259x\u0259ssisl\u0259rimiz sahibkar\u0131n biznes-m\u00fchitind\u0259 qiym\u0259tli vaxt\u0131na q\u0259na\u0259t etm\u0259sin\u0259 \u015f\u0259rait yaradaraq bu funksiyan\u0131 \u00f6z \u00fcz\u0259ril\u0259rin\u0259 g\u00f6t\u00fcrm\u0259y\u0259 haz\u0131rd\u0131lar. \u018fm\u0259k haqq\u0131n\u0131n hesablanmas\u0131 \u00fczr\u0259 autsorsinq sisitemi kadrlar\u0131n idar\u0259edilm\u0259si \u00fczr\u0259 layih\u0259l\u0259rl\u0259 birlikd\u0259 y\u00fcks\u0259k n\u0259tic\u0259l\u0259r\u0259 z\u0259man\u0259t ver\u0259n \u0259la kompleks h\u0259lldir. Saytda g\u00f6st\u0259ril\u0259n \u0259laq\u0259 vasit\u0259l\u0259ri il\u0259 m\u00fcraic\u0259t ed\u0259r\u0259k \u0259m\u0259k haqq\u0131 \u00fczr\u0259 hesablamalar\u0131 \u015firk\u0259timizin pe\u015f\u0259karlar\u0131na etibar edin v\u0259 biznesinizin s\u0259m\u0259r\u0259liliyinin atrmas\u0131ndan \u015f\u00fcbh\u0259 etm\u0259y\u0259 bil\u0259rsiniz. F\u0259rdi sur\u0259td\u0259 m\u00fc\u0259yy\u0259n edil\u0259n m\u00fcnasib qiym\u0259tl\u0259rl\u0259 autsorsinq xidm\u0259tl\u0259rinin geni\u015f spektri siz\u0259 n\u0259inki m\u00fc\u0259ssis\u0259nizin \u0259m\u0259kda\u015flar\u0131 \u00fc\u00e7\u00fcn \u0259m\u0259k haqq\u0131n\u0131n hesablanmas\u0131n\u0131 qaydaya salma\u011fa imkan ver\u0259c\u0259k, el\u0259c\u0259 d\u0259 \u00fcmumilikd\u0259 m\u00fc\u0259ssis\u0259nizin idar\u0259etm\u0259 sistemini yax\u015f\u0131la\u015fd\u0131rma\u011fa xidm\u0259t ed\u0259c\u0259kdir. Bu t\u0259klifd\u0259n art\u0131q bizim y\u00fczl\u0259rl\u0259 m\u00fc\u015ft\u0259rimiz faydalan\u0131b, \u00e7\u00fcnki bu h\u0259qiq\u0259t\u0259n d\u0259 i\u015f\u0259 yaray\u0131r! M\u0259hsuldar v\u0259 qar\u015f\u0131l\u0131ql\u0131 faydal\u0131 \u0259m\u0259kda\u015fl\u0131\u011fa haz\u0131rs\u0131n\u0131zsa, sirk\u0259timizin m\u00fct\u0259x\u0259ssisl\u0259ri art\u0131q indid\u0259n siz\u0259 y\u00fcks\u0259k pe\u015f\u0259karl\u0131q, m\u00fc\u015ft\u0259rinin ist\u0259nil\u0259n arzusuna operativ reaksiya, sahibkarlar\u0131n maraqlar\u0131na d\u0259qiq xidm\u0259t etm\u0259k, \u00e7evik qiym\u0259tl\u0259r v\u0259 f\u0259aliyy\u0259tin tam \u015f\u0259ffafl\u0131\u011f\u0131n\u0131 t\u0259klif etm\u0259y\u0259 haz\u0131rd\u0131lar.<\/p>\n<p>Sad\u0259c\u0259, biziml\u0259 \u0259laq\u0259 saxlay\u0131n v\u0259 biz m\u0259hz sizin \u015firk\u0259tiniz\u0259 laz\u0131m olan t\u0259klifin se\u00e7ilm\u0259sin\u0259 yard\u0131m ed\u0259c\u0259yik. T\u0259klif etdiyimiz variantlardan hans\u0131n\u0131 se\u00e7m\u0259yinizd\u0259n as\u0131l\u0131 olmayaraq, FCHA\u0130N \u2013 biznesinizin s\u0259m\u0259r\u0259liliyini y\u00fcks\u0259ltm\u0259yin \u0259n etibarl\u0131 yoludur![\/vc_column_text][\/vc_column][vc_column width=&#8221;1\/2&#8243;][vc_single_image image=&#8221;19437&#8243; img_size=&#8221;full&#8221;][\/vc_column][\/vc_row]<\/p>\n<\/div>","protected":false},"excerpt":{"rendered":"<p>[vc_row equal_height=&#8221;yes&#8221; css_animation=&#8221;fadeInUp&#8221;][vc_column][vc_column_text] \u018fm\u0259k haqq\u0131n hesablanmas\u0131 [\/vc_column_text][vc_column_text]Financial Chain Corportion\u00a0(FCHA\u0130N)\u00a0personalla hesabla\u015fmalar\u0131n idar\u0259 edilm\u0259si \u00fczr\u0259 b\u00fct\u00fcn tap\u015f\u0131r\u0131qlar spektrini yerin\u0259 yetirm\u0259y\u0259 haz\u0131rd\u0131r. \u015eirk\u0259timizl\u0259 \u0259m\u0259kda\u015fl\u0131q \u00e7ox sad\u0259 v\u0259 rahatd\u0131r. T\u0259klifl\u0259rimizin s\u0259m\u0259r\u0259liliyi zaman\u0131n s\u0131na\u011f\u0131ndan ke\u00e7mi\u015f, biznesin m\u00fcxt\u0259lif sah\u0259l\u0259rind\u0259 ixtisasla\u015fan beyn\u0259lxalq v\u0259 yerli t\u0259\u015fkilatlarla u\u011furlu t\u0259cr\u00fcb\u0259 il\u0259 t\u0259sdiq edilmi\u015fdir. Personalla m\u00fcnt\u0259z\u0259m hesabla\u015fmalar\u0131n idar\u0259edilm\u0259si ist\u0259nil\u0259n biznesin m\u00fch\u00fcm t\u0259rkib hiss\u0259sidir. Ax\u0131 i\u015fin keyifyy\u0259tl\u0259<\/p>\n","protected":false},"author":1,"featured_media":0,"parent":0,"menu_order":0,"comment_status":"open","ping_status":"closed","template":"","meta":{"_acf_changed":false,"footnotes":""},"class_list":["post-8828","page","type-page","status-publish","hentry"],"acf":[],"yoast_head":"<!-- This site is optimized with the Yoast SEO plugin v27.3 - https:\/\/yoast.com\/product\/yoast-seo-wordpress\/ -->\n<title>Bak\u0131da \u0259m\u0259k haqq\u0131 hesablamas\u0131 v\u0259 avtomatla\u015fd\u0131r\u0131lmas\u0131 xidm\u0259tl\u0259ri<\/title>\n<meta name=\"description\" content=\"\u0130\u015f\u00e7i hey\u0259ti il\u0259 ba\u011fl\u0131 olan m\u00fcnt\u0259z\u0259m hesablamalar\u0131n idar\u0259etm\u0259sini biz\u0259 etibar edin, Siz is\u0259 \u0259n yax\u015f\u0131 bacard\u0131\u011f\u0131n\u0131z i\u015fl\u0259 m\u0259\u015f\u011ful olun. Biz \u00f6d\u0259ni\u015fl\u0259rin vaxt\u0131nda\" \/>\n<meta name=\"robots\" content=\"index, follow, max-snippet:-1, max-image-preview:large, max-video-preview:-1\" \/>\n<link rel=\"canonical\" href=\"https:\/\/az.f-chain.com\/az\/\u0259m\u0259k-haqqin-hesablanmasi\/\" \/>\n<meta property=\"og:locale\" content=\"az_AZ\" \/>\n<meta property=\"og:type\" content=\"article\" \/>\n<meta property=\"og:title\" content=\"Bak\u0131da \u0259m\u0259k haqq\u0131 hesablamas\u0131 v\u0259 avtomatla\u015fd\u0131r\u0131lmas\u0131 xidm\u0259tl\u0259ri\" \/>\n<meta property=\"og:description\" content=\"\u0130\u015f\u00e7i hey\u0259ti il\u0259 ba\u011fl\u0131 olan m\u00fcnt\u0259z\u0259m hesablamalar\u0131n idar\u0259etm\u0259sini biz\u0259 etibar edin, Siz is\u0259 \u0259n yax\u015f\u0131 bacard\u0131\u011f\u0131n\u0131z i\u015fl\u0259 m\u0259\u015f\u011ful olun. Biz \u00f6d\u0259ni\u015fl\u0259rin vaxt\u0131nda\" \/>\n<meta property=\"og:url\" content=\"https:\/\/az.f-chain.com\/az\/\u0259m\u0259k-haqqin-hesablanmasi\/\" \/>\n<meta property=\"og:site_name\" content=\"FChain\" \/>\n<meta property=\"article:modified_time\" content=\"2021-09-23T07:12:05+00:00\" \/>\n<meta name=\"twitter:card\" content=\"summary_large_image\" \/>\n<script type=\"application\/ld+json\" class=\"yoast-schema-graph\">{\"@context\":\"https:\\\/\\\/schema.org\",\"@graph\":[{\"@type\":\"WebPage\",\"@id\":\"https:\\\/\\\/az.f-chain.com\\\/az\\\/%c9%99m%c9%99k-haqqin-hesablanmasi\\\/\",\"url\":\"https:\\\/\\\/az.f-chain.com\\\/az\\\/%c9%99m%c9%99k-haqqin-hesablanmasi\\\/\",\"name\":\"Bak\u0131da \u0259m\u0259k haqq\u0131 hesablamas\u0131 v\u0259 avtomatla\u015fd\u0131r\u0131lmas\u0131 xidm\u0259tl\u0259ri\",\"isPartOf\":{\"@id\":\"https:\\\/\\\/az.f-chain.com\\\/#website\"},\"datePublished\":\"2013-11-28T17:38:02+00:00\",\"dateModified\":\"2021-09-23T07:12:05+00:00\",\"description\":\"\u0130\u015f\u00e7i hey\u0259ti il\u0259 ba\u011fl\u0131 olan m\u00fcnt\u0259z\u0259m hesablamalar\u0131n idar\u0259etm\u0259sini biz\u0259 etibar edin, Siz is\u0259 \u0259n yax\u015f\u0131 bacard\u0131\u011f\u0131n\u0131z i\u015fl\u0259 m\u0259\u015f\u011ful olun. Biz \u00f6d\u0259ni\u015fl\u0259rin vaxt\u0131nda\",\"breadcrumb\":{\"@id\":\"https:\\\/\\\/az.f-chain.com\\\/az\\\/%c9%99m%c9%99k-haqqin-hesablanmasi\\\/#breadcrumb\"},\"inLanguage\":\"az\",\"potentialAction\":[{\"@type\":\"ReadAction\",\"target\":[\"https:\\\/\\\/az.f-chain.com\\\/az\\\/%c9%99m%c9%99k-haqqin-hesablanmasi\\\/\"]}]},{\"@type\":\"BreadcrumbList\",\"@id\":\"https:\\\/\\\/az.f-chain.com\\\/az\\\/%c9%99m%c9%99k-haqqin-hesablanmasi\\\/#breadcrumb\",\"itemListElement\":[{\"@type\":\"ListItem\",\"position\":1,\"name\":\"Home\",\"item\":\"https:\\\/\\\/az.f-chain.com\\\/az\\\/\"},{\"@type\":\"ListItem\",\"position\":2,\"name\":\"\u018fm\u0259k haqq\u0131n hesablanmas\u0131\"}]},{\"@type\":\"WebSite\",\"@id\":\"https:\\\/\\\/az.f-chain.com\\\/#website\",\"url\":\"https:\\\/\\\/az.f-chain.com\\\/\",\"name\":\"FChain\",\"description\":\"Azerbaijan\",\"potentialAction\":[{\"@type\":\"SearchAction\",\"target\":{\"@type\":\"EntryPoint\",\"urlTemplate\":\"https:\\\/\\\/az.f-chain.com\\\/?s={search_term_string}\"},\"query-input\":{\"@type\":\"PropertyValueSpecification\",\"valueRequired\":true,\"valueName\":\"search_term_string\"}}],\"inLanguage\":\"az\"}]}<\/script>\n<!-- \/ Yoast SEO plugin. -->","yoast_head_json":{"title":"Bak\u0131da \u0259m\u0259k haqq\u0131 hesablamas\u0131 v\u0259 avtomatla\u015fd\u0131r\u0131lmas\u0131 xidm\u0259tl\u0259ri","description":"\u0130\u015f\u00e7i hey\u0259ti il\u0259 ba\u011fl\u0131 olan m\u00fcnt\u0259z\u0259m hesablamalar\u0131n idar\u0259etm\u0259sini biz\u0259 etibar edin, Siz is\u0259 \u0259n yax\u015f\u0131 bacard\u0131\u011f\u0131n\u0131z i\u015fl\u0259 m\u0259\u015f\u011ful olun. Biz \u00f6d\u0259ni\u015fl\u0259rin vaxt\u0131nda","robots":{"index":"index","follow":"follow","max-snippet":"max-snippet:-1","max-image-preview":"max-image-preview:large","max-video-preview":"max-video-preview:-1"},"canonical":"https:\/\/az.f-chain.com\/az\/\u0259m\u0259k-haqqin-hesablanmasi\/","og_locale":"az_AZ","og_type":"article","og_title":"Bak\u0131da \u0259m\u0259k haqq\u0131 hesablamas\u0131 v\u0259 avtomatla\u015fd\u0131r\u0131lmas\u0131 xidm\u0259tl\u0259ri","og_description":"\u0130\u015f\u00e7i hey\u0259ti il\u0259 ba\u011fl\u0131 olan m\u00fcnt\u0259z\u0259m hesablamalar\u0131n idar\u0259etm\u0259sini biz\u0259 etibar edin, Siz is\u0259 \u0259n yax\u015f\u0131 bacard\u0131\u011f\u0131n\u0131z i\u015fl\u0259 m\u0259\u015f\u011ful olun. Biz \u00f6d\u0259ni\u015fl\u0259rin vaxt\u0131nda","og_url":"https:\/\/az.f-chain.com\/az\/\u0259m\u0259k-haqqin-hesablanmasi\/","og_site_name":"FChain","article_modified_time":"2021-09-23T07:12:05+00:00","twitter_card":"summary_large_image","schema":{"@context":"https:\/\/schema.org","@graph":[{"@type":"WebPage","@id":"https:\/\/az.f-chain.com\/az\/%c9%99m%c9%99k-haqqin-hesablanmasi\/","url":"https:\/\/az.f-chain.com\/az\/%c9%99m%c9%99k-haqqin-hesablanmasi\/","name":"Bak\u0131da \u0259m\u0259k haqq\u0131 hesablamas\u0131 v\u0259 avtomatla\u015fd\u0131r\u0131lmas\u0131 xidm\u0259tl\u0259ri","isPartOf":{"@id":"https:\/\/az.f-chain.com\/#website"},"datePublished":"2013-11-28T17:38:02+00:00","dateModified":"2021-09-23T07:12:05+00:00","description":"\u0130\u015f\u00e7i hey\u0259ti il\u0259 ba\u011fl\u0131 olan m\u00fcnt\u0259z\u0259m hesablamalar\u0131n idar\u0259etm\u0259sini biz\u0259 etibar edin, Siz is\u0259 \u0259n yax\u015f\u0131 bacard\u0131\u011f\u0131n\u0131z i\u015fl\u0259 m\u0259\u015f\u011ful olun. Biz \u00f6d\u0259ni\u015fl\u0259rin vaxt\u0131nda","breadcrumb":{"@id":"https:\/\/az.f-chain.com\/az\/%c9%99m%c9%99k-haqqin-hesablanmasi\/#breadcrumb"},"inLanguage":"az","potentialAction":[{"@type":"ReadAction","target":["https:\/\/az.f-chain.com\/az\/%c9%99m%c9%99k-haqqin-hesablanmasi\/"]}]},{"@type":"BreadcrumbList","@id":"https:\/\/az.f-chain.com\/az\/%c9%99m%c9%99k-haqqin-hesablanmasi\/#breadcrumb","itemListElement":[{"@type":"ListItem","position":1,"name":"Home","item":"https:\/\/az.f-chain.com\/az\/"},{"@type":"ListItem","position":2,"name":"\u018fm\u0259k haqq\u0131n hesablanmas\u0131"}]},{"@type":"WebSite","@id":"https:\/\/az.f-chain.com\/#website","url":"https:\/\/az.f-chain.com\/","name":"FChain","description":"Azerbaijan","potentialAction":[{"@type":"SearchAction","target":{"@type":"EntryPoint","urlTemplate":"https:\/\/az.f-chain.com\/?s={search_term_string}"},"query-input":{"@type":"PropertyValueSpecification","valueRequired":true,"valueName":"search_term_string"}}],"inLanguage":"az"}]}},"_links":{"self":[{"href":"https:\/\/az.f-chain.com\/az\/wp-json\/wp\/v2\/pages\/8828","targetHints":{"allow":["GET"]}}],"collection":[{"href":"https:\/\/az.f-chain.com\/az\/wp-json\/wp\/v2\/pages"}],"about":[{"href":"https:\/\/az.f-chain.com\/az\/wp-json\/wp\/v2\/types\/page"}],"author":[{"embeddable":true,"href":"https:\/\/az.f-chain.com\/az\/wp-json\/wp\/v2\/users\/1"}],"replies":[{"embeddable":true,"href":"https:\/\/az.f-chain.com\/az\/wp-json\/wp\/v2\/comments?post=8828"}],"version-history":[{"count":2,"href":"https:\/\/az.f-chain.com\/az\/wp-json\/wp\/v2\/pages\/8828\/revisions"}],"predecessor-version":[{"id":19445,"href":"https:\/\/az.f-chain.com\/az\/wp-json\/wp\/v2\/pages\/8828\/revisions\/19445"}],"wp:attachment":[{"href":"https:\/\/az.f-chain.com\/az\/wp-json\/wp\/v2\/media?parent=8828"}],"curies":[{"name":"wp","href":"https:\/\/api.w.org\/{rel}","templated":true}]}}