{"id":684,"date":"2012-11-27T17:42:49","date_gmt":"2012-11-27T13:42:49","guid":{"rendered":"http:\/\/cacs.silencatech.com\/?page_id=684"},"modified":"2021-09-30T14:00:43","modified_gmt":"2021-09-30T11:00:43","slug":"sirket-haqqinda","status":"publish","type":"page","link":"https:\/\/az.f-chain.com\/az\/sirket-haqqinda\/","title":{"rendered":"\u015eirk\u0259t haqq\u0131nda"},"content":{"rendered":"<div class=\"wpb-content-wrapper\"><p>[vc_row equal_height=&#8221;yes&#8221; css_animation=&#8221;fadeInUp&#8221;][vc_column][vc_column_text]<\/p>\n<h3>M\u00fc\u015ft\u0259ril\u0259rimizin y\u00fcks\u0259k keyfiyy\u0259tli xidm\u0259tl\u0259rd\u0259n istifad\u0259 etm\u0259k, savadl\u0131 m\u0259sl\u0259h\u0259tl\u0259r almaq v\u0259 ald\u0131qlar\u0131 xidm\u0259tl\u0259rin y\u00fcks\u0259k s\u0259viyy\u0259liyin\u0259 q\u0259ti \u0259min olmaq imkan\u0131 \u0259ld\u0259 ed\u0259 bilm\u0259l\u0259ri \u00fc\u00e7\u00fcn biz m\u00fcxt\u0259lif, lakin bir-biril\u0259ri il\u0259 s\u0131x \u0259laq\u0259li olan sah\u0259l\u0259rin t\u0259cr\u00fcb\u0259li m\u00fct\u0259x\u0259ssisl\u0259rini bir kollektivd\u0259 birl\u0259\u015fdirdik.<\/h3>\n<p>Bunlar h\u0259m ixtisasl\u0131 iqtisad\u00e7\u0131lar v\u0259 attestasiyadan ke\u00e7mi\u015f auditorlar, h\u0259m \u00f6z i\u015fl\u0259rini yax\u015f\u0131 bil\u0259n h\u00fcquq\u015f\u00fcnaslar v\u0259 n\u00fcfuzlu m\u00fchasibl\u0259rdir. B\u00fct\u00fcn bu insanlar \u00e7al\u0131\u015fd\u0131qlar\u0131 sah\u0259l\u0259rd\u0259 b\u00f6y\u00fck i\u015f t\u0259cr\u00fcb\u0259l\u0259rin\u0259 malikdirl\u0259r. V\u0259 onlar bu t\u0259cr\u00fcb\u0259l\u0259rini, bilikl\u0259rini, bildikl\u0259rini v\u0259 bacar\u0131qlar\u0131n\u0131 Sizin xidm\u0259tiniz\u0259 t\u0259qdim etm\u0259y\u0259 haz\u0131rd\u0131rlar.<\/p>\n<p>Bizim \u015firk\u0259td\u0259 eyni zamanda, yerin\u0259 yetirdikl\u0259ri i\u015fin m\u00fch\u00fcml\u00fcy\u00fcn\u00fc ba\u015fa d\u00fc\u015f\u0259n \u00e7ox m\u0259suliyy\u0259tli m\u00fct\u0259x\u0259ssisl\u0259r toplanm\u0131\u015flar v\u0259 onlar Sizin \u015firk\u0259tinizin inki\u015faf\u0131 yolunda ciddi-c\u0259hdl\u0259 \u00e7al\u0131\u015fma\u011fa haz\u0131rd\u0131rlar.<\/p>\n<p>Siz qanunlara tam \u015f\u0259kild\u0259 riay\u0259t ed\u0259n sahibkar olmaqla b\u0259rab\u0259r, vergil\u0259rd\u0259 q\u0259na\u0259t etm\u0259yi bacar\u0131rs\u0131n\u0131z? Siz m\u00fc\u0259ssis\u0259ni qeydiyyatdan ke\u00e7irm\u0259k \u00fc\u00e7\u00fcn laz\u0131m olan s\u0259n\u0259dl\u0259ri tez v\u0259 keyfiyy\u0259tli t\u0259rzd\u0259 haz\u0131rlaya bil\u0259rsiniz?[\/vc_column_text][\/vc_column][\/vc_row][vc_row equal_height=&#8221;yes&#8221; css_animation=&#8221;fadeInUp&#8221;][vc_column][vc_column_text]<\/p>\n<p>Siz xarici istehsal olan m\u0259hsul \u00fc\u00e7\u00fcn sertifikat al\u0131nmas\u0131 qaydas\u0131n\u0131 bilirsiniz? B\u0259s Siz vergi orqan\u0131 il\u0259 olan m\u00fcbahis\u0259d\u0259 \u00f6z maraqlar\u0131n\u0131z\u0131 qoruma\u011fa q\u0259rar ver\u0259 bil\u0259rsiniz?<\/p>\n<p>Bel\u0259 is\u0259, indi bu m\u0259s\u0259l\u0259l\u0259r \u00fcz\u0259rind\u0259 ba\u015f\u0131n\u0131z\u0131 s\u0131nd\u0131rmay\u0131n \u2013 sad\u0259c\u0259 biz\u0259 m\u00fcraci\u0259t edin. V\u0259 biz \u0259n q\u0131sa bir zaman \u0259rzind\u0259 laz\u0131m olan m\u00fcf\u0259ss\u0259l konsultasiyalar\u0131<\/p>\n<p>Siz\u0259 t\u0259qdim ed\u0259c\u0259yik v\u0259 yaxud \u00f6z\u00fcm\u00fcz b\u00fct\u00fcn laz\u0131m olan \u0259m\u0259liyyatlar\u0131 yerin\u0259 yetir\u0259c\u0259yik.<\/p>\n<p>Bizim \u015firk\u0259timiz\u0259 m\u00fcraci\u0259t etdiyiniz zaman, Siz i\u015fl\u0259rin v\u0259ziyy\u0259tin\u0259 n\u0259zar\u0259t ed\u0259n v\u0259 hesabatlar\u0131 ver\u0259n sad\u0259c\u0259 bir m\u00fchasib \u0259ld\u0259 etmirsiniz. Bizim \u015firk\u0259tin b\u00fct\u00fcn m\u00fct\u0259x\u0259ssisl\u0259ri h\u0259r bir anda, v\u0259 h\u0259r bir qeyri-standart v\u0259ziyy\u0259tl\u0259rd\u0259 Sizin k\u00f6m\u0259yiniz\u0259 g\u0259l\u0259 bil\u0259rl\u0259r. Biz Siz\u0259 m\u00fcqavil\u0259ni daha yax\u015f\u0131 nec\u0259 t\u0259rtib etm\u0259k, hesabla\u015fma hesab\u0131n\u0131 harada a\u00e7maq m\u0259sl\u0259h\u0259t oldu\u011fu v\u0259 vergil\u0259ri n\u0259 vaxt \u00f6d\u0259m\u0259k laz\u0131m oldu\u011fu bar\u0259d\u0259 m\u0259lumat ver\u0259c\u0259yik.<\/p>\n<p>[\/vc_column_text][vc_column_text]<\/p>\n<p>M\u00fchasibat u\u00e7otu n\u00f6qteyi n\u0259z\u0259rinc\u0259 Sizin biznesinizin f\u0259aliyy\u0259tini tam t\u0259hl\u00fck\u0259siz etm\u0259k \u00fc\u00e7\u00fcn bizim bilik v\u0259 t\u0259cr\u00fcb\u0259miz kifay\u0259t ed\u0259c\u0259kdir.<\/p>\n<p>Biz\u0259 he\u00e7 olmasa bir d\u0259f\u0259 m\u00fcraci\u0259t ed\u0259nl\u0259r, bir qayda olaraq bizim daimi m\u00fc\u015ft\u0259ril\u0259rimiz\u0259 \u00e7evrilirl\u0259r. Ax\u0131 bizim timsal\u0131m\u0131zda n\u0259inki yaln\u0131z savadl\u0131 pe\u015f\u0259kar, o c\u00fcml\u0259d\u0259n, h\u0259m d\u0259 sad\u0259c\u0259 bir m\u0259sl\u0259h\u0259t\u00e7i v\u0259 eyni zamanda, m\u0259d\u0259ni v\u0259 etibarl\u0131 bir partnyor \u0259ld\u0259 edilir.<\/p>\n<p>[\/vc_column_text][\/vc_column][\/vc_row]<\/p>\n<\/div>","protected":false},"excerpt":{"rendered":"<p>[vc_row equal_height=&#8221;yes&#8221; css_animation=&#8221;fadeInUp&#8221;][vc_column][vc_column_text] M\u00fc\u015ft\u0259ril\u0259rimizin y\u00fcks\u0259k keyfiyy\u0259tli xidm\u0259tl\u0259rd\u0259n istifad\u0259 etm\u0259k, savadl\u0131 m\u0259sl\u0259h\u0259tl\u0259r almaq v\u0259 ald\u0131qlar\u0131 xidm\u0259tl\u0259rin y\u00fcks\u0259k s\u0259viyy\u0259liyin\u0259 q\u0259ti \u0259min olmaq imkan\u0131 \u0259ld\u0259 ed\u0259 bilm\u0259l\u0259ri \u00fc\u00e7\u00fcn biz m\u00fcxt\u0259lif, lakin bir-biril\u0259ri il\u0259 s\u0131x \u0259laq\u0259li olan sah\u0259l\u0259rin t\u0259cr\u00fcb\u0259li m\u00fct\u0259x\u0259ssisl\u0259rini bir kollektivd\u0259 birl\u0259\u015fdirdik. Bunlar h\u0259m ixtisasl\u0131 iqtisad\u00e7\u0131lar v\u0259 attestasiyadan ke\u00e7mi\u015f auditorlar, h\u0259m \u00f6z i\u015fl\u0259rini yax\u015f\u0131 bil\u0259n h\u00fcquq\u015f\u00fcnaslar v\u0259 n\u00fcfuzlu<\/p>\n","protected":false},"author":1,"featured_media":0,"parent":0,"menu_order":0,"comment_status":"open","ping_status":"closed","template":"","meta":{"_acf_changed":false,"footnotes":""},"class_list":["post-684","page","type-page","status-publish","hentry"],"acf":[],"yoast_head":"<!-- This site is optimized with the Yoast SEO plugin v27.3 - https:\/\/yoast.com\/product\/yoast-seo-wordpress\/ -->\n<title>Financial Chain Corporation \u015firk\u0259ti haqq\u0131nda<\/title>\n<meta name=\"description\" content=\"\u015eirk\u0259timiz art\u0131q 13 ild\u0259n art\u0131qd\u0131r ki, Az\u0259rbaycanda m\u00fchasibatl\u0131q xidm\u0259tl\u0259ri bazar\u0131nda liderdir. Bu i\u015fimizd\u0259 profesional olma\u011f\u0131m\u0131z\u0131n v\u0259\" \/>\n<meta name=\"robots\" content=\"index, follow, max-snippet:-1, max-image-preview:large, max-video-preview:-1\" \/>\n<link rel=\"canonical\" href=\"https:\/\/az.f-chain.com\/az\/sirket-haqqinda\/\" \/>\n<meta property=\"og:locale\" content=\"az_AZ\" \/>\n<meta property=\"og:type\" content=\"article\" \/>\n<meta property=\"og:title\" content=\"Financial Chain Corporation \u015firk\u0259ti haqq\u0131nda\" \/>\n<meta property=\"og:description\" content=\"\u015eirk\u0259timiz art\u0131q 13 ild\u0259n art\u0131qd\u0131r ki, Az\u0259rbaycanda m\u00fchasibatl\u0131q xidm\u0259tl\u0259ri bazar\u0131nda liderdir. Bu i\u015fimizd\u0259 profesional olma\u011f\u0131m\u0131z\u0131n v\u0259\" \/>\n<meta property=\"og:url\" content=\"https:\/\/az.f-chain.com\/az\/sirket-haqqinda\/\" \/>\n<meta property=\"og:site_name\" content=\"FChain\" \/>\n<meta property=\"article:modified_time\" content=\"2021-09-30T11:00:43+00:00\" \/>\n<meta name=\"twitter:card\" content=\"summary_large_image\" \/>\n<script type=\"application\/ld+json\" class=\"yoast-schema-graph\">{\"@context\":\"https:\\\/\\\/schema.org\",\"@graph\":[{\"@type\":\"WebPage\",\"@id\":\"https:\\\/\\\/az.f-chain.com\\\/az\\\/sirket-haqqinda\\\/\",\"url\":\"https:\\\/\\\/az.f-chain.com\\\/az\\\/sirket-haqqinda\\\/\",\"name\":\"Financial Chain Corporation \u015firk\u0259ti haqq\u0131nda\",\"isPartOf\":{\"@id\":\"https:\\\/\\\/az.f-chain.com\\\/#website\"},\"datePublished\":\"2012-11-27T13:42:49+00:00\",\"dateModified\":\"2021-09-30T11:00:43+00:00\",\"description\":\"\u015eirk\u0259timiz art\u0131q 13 ild\u0259n art\u0131qd\u0131r ki, Az\u0259rbaycanda m\u00fchasibatl\u0131q xidm\u0259tl\u0259ri bazar\u0131nda liderdir. Bu i\u015fimizd\u0259 profesional olma\u011f\u0131m\u0131z\u0131n v\u0259\",\"breadcrumb\":{\"@id\":\"https:\\\/\\\/az.f-chain.com\\\/az\\\/sirket-haqqinda\\\/#breadcrumb\"},\"inLanguage\":\"az\",\"potentialAction\":[{\"@type\":\"ReadAction\",\"target\":[\"https:\\\/\\\/az.f-chain.com\\\/az\\\/sirket-haqqinda\\\/\"]}]},{\"@type\":\"BreadcrumbList\",\"@id\":\"https:\\\/\\\/az.f-chain.com\\\/az\\\/sirket-haqqinda\\\/#breadcrumb\",\"itemListElement\":[{\"@type\":\"ListItem\",\"position\":1,\"name\":\"Home\",\"item\":\"https:\\\/\\\/az.f-chain.com\\\/az\\\/\"},{\"@type\":\"ListItem\",\"position\":2,\"name\":\"\u015eirk\u0259t haqq\u0131nda\"}]},{\"@type\":\"WebSite\",\"@id\":\"https:\\\/\\\/az.f-chain.com\\\/#website\",\"url\":\"https:\\\/\\\/az.f-chain.com\\\/\",\"name\":\"FChain\",\"description\":\"Azerbaijan\",\"potentialAction\":[{\"@type\":\"SearchAction\",\"target\":{\"@type\":\"EntryPoint\",\"urlTemplate\":\"https:\\\/\\\/az.f-chain.com\\\/?s={search_term_string}\"},\"query-input\":{\"@type\":\"PropertyValueSpecification\",\"valueRequired\":true,\"valueName\":\"search_term_string\"}}],\"inLanguage\":\"az\"}]}<\/script>\n<!-- \/ Yoast SEO plugin. -->","yoast_head_json":{"title":"Financial Chain Corporation \u015firk\u0259ti haqq\u0131nda","description":"\u015eirk\u0259timiz art\u0131q 13 ild\u0259n art\u0131qd\u0131r ki, Az\u0259rbaycanda m\u00fchasibatl\u0131q xidm\u0259tl\u0259ri bazar\u0131nda liderdir. Bu i\u015fimizd\u0259 profesional olma\u011f\u0131m\u0131z\u0131n v\u0259","robots":{"index":"index","follow":"follow","max-snippet":"max-snippet:-1","max-image-preview":"max-image-preview:large","max-video-preview":"max-video-preview:-1"},"canonical":"https:\/\/az.f-chain.com\/az\/sirket-haqqinda\/","og_locale":"az_AZ","og_type":"article","og_title":"Financial Chain Corporation \u015firk\u0259ti haqq\u0131nda","og_description":"\u015eirk\u0259timiz art\u0131q 13 ild\u0259n art\u0131qd\u0131r ki, Az\u0259rbaycanda m\u00fchasibatl\u0131q xidm\u0259tl\u0259ri bazar\u0131nda liderdir. Bu i\u015fimizd\u0259 profesional olma\u011f\u0131m\u0131z\u0131n v\u0259","og_url":"https:\/\/az.f-chain.com\/az\/sirket-haqqinda\/","og_site_name":"FChain","article_modified_time":"2021-09-30T11:00:43+00:00","twitter_card":"summary_large_image","schema":{"@context":"https:\/\/schema.org","@graph":[{"@type":"WebPage","@id":"https:\/\/az.f-chain.com\/az\/sirket-haqqinda\/","url":"https:\/\/az.f-chain.com\/az\/sirket-haqqinda\/","name":"Financial Chain Corporation \u015firk\u0259ti haqq\u0131nda","isPartOf":{"@id":"https:\/\/az.f-chain.com\/#website"},"datePublished":"2012-11-27T13:42:49+00:00","dateModified":"2021-09-30T11:00:43+00:00","description":"\u015eirk\u0259timiz art\u0131q 13 ild\u0259n art\u0131qd\u0131r ki, Az\u0259rbaycanda m\u00fchasibatl\u0131q xidm\u0259tl\u0259ri bazar\u0131nda liderdir. Bu i\u015fimizd\u0259 profesional olma\u011f\u0131m\u0131z\u0131n v\u0259","breadcrumb":{"@id":"https:\/\/az.f-chain.com\/az\/sirket-haqqinda\/#breadcrumb"},"inLanguage":"az","potentialAction":[{"@type":"ReadAction","target":["https:\/\/az.f-chain.com\/az\/sirket-haqqinda\/"]}]},{"@type":"BreadcrumbList","@id":"https:\/\/az.f-chain.com\/az\/sirket-haqqinda\/#breadcrumb","itemListElement":[{"@type":"ListItem","position":1,"name":"Home","item":"https:\/\/az.f-chain.com\/az\/"},{"@type":"ListItem","position":2,"name":"\u015eirk\u0259t haqq\u0131nda"}]},{"@type":"WebSite","@id":"https:\/\/az.f-chain.com\/#website","url":"https:\/\/az.f-chain.com\/","name":"FChain","description":"Azerbaijan","potentialAction":[{"@type":"SearchAction","target":{"@type":"EntryPoint","urlTemplate":"https:\/\/az.f-chain.com\/?s={search_term_string}"},"query-input":{"@type":"PropertyValueSpecification","valueRequired":true,"valueName":"search_term_string"}}],"inLanguage":"az"}]}},"_links":{"self":[{"href":"https:\/\/az.f-chain.com\/az\/wp-json\/wp\/v2\/pages\/684","targetHints":{"allow":["GET"]}}],"collection":[{"href":"https:\/\/az.f-chain.com\/az\/wp-json\/wp\/v2\/pages"}],"about":[{"href":"https:\/\/az.f-chain.com\/az\/wp-json\/wp\/v2\/types\/page"}],"author":[{"embeddable":true,"href":"https:\/\/az.f-chain.com\/az\/wp-json\/wp\/v2\/users\/1"}],"replies":[{"embeddable":true,"href":"https:\/\/az.f-chain.com\/az\/wp-json\/wp\/v2\/comments?post=684"}],"version-history":[{"count":1,"href":"https:\/\/az.f-chain.com\/az\/wp-json\/wp\/v2\/pages\/684\/revisions"}],"predecessor-version":[{"id":22987,"href":"https:\/\/az.f-chain.com\/az\/wp-json\/wp\/v2\/pages\/684\/revisions\/22987"}],"wp:attachment":[{"href":"https:\/\/az.f-chain.com\/az\/wp-json\/wp\/v2\/media?parent=684"}],"curies":[{"name":"wp","href":"https:\/\/api.w.org\/{rel}","templated":true}]}}