{"id":680,"date":"2012-11-27T12:48:31","date_gmt":"2012-11-27T08:48:31","guid":{"rendered":"http:\/\/cacs.silencatech.com\/?page_id=680"},"modified":"2021-09-23T08:47:30","modified_gmt":"2021-09-23T05:47:30","slug":"autsorsinq-ve-autstaffinq","status":"publish","type":"page","link":"https:\/\/az.f-chain.com\/az\/autsorsinq-ve-autstaffinq\/","title":{"rendered":"Autsorsinq v\u0259 autstaffinq"},"content":{"rendered":"<div class=\"wpb-content-wrapper\"><p>[vc_row equal_height=&#8221;yes&#8221; css_animation=&#8221;fadeInUp&#8221;][vc_column][vc_column_text]<\/p>\n<h1>Autsorsinq v\u0259 autstaffinq<\/h1>\n<p>[\/vc_column_text][vc_column_text]Qanunvericilikl\u0259 dem\u0259k olar ki t\u0259nziml\u0259nm\u0259y\u0259n, amma eyni zamanda qanuni v\u0259 effektiv olan m\u00fcnasib\u0259tl\u0259r bir \u00e7ox t\u0259s\u0259rr\u00fcfat\u00e7\u0131l\u0131q subyektl\u0259ri t\u0259r\u0259find\u0259n t\u0259tbiq edilir. Bak\u0131da personal\u0131n autstaffinqi v\u0259 autsorsinqi geni\u015f yay\u0131lm\u0131\u015f hadis\u0259dir, bel\u0259 ki m\u00fc\u0259ssis\u0259nin x\u0259rcl\u0259rini v\u0259 u\u00e7otun apar\u0131lmas\u0131n\u0131 oprimalla\u015fd\u0131rma\u011fa \u015f\u0259rait yarad\u0131r. Lakin personal\u0131n autsorsinqi v\u0259 autstaffinqi yaln\u0131z \u015firk\u0259timizin t\u0259min ed\u0259c\u0259yi daimi h\u00fcquqi m\u00fc\u015fayi\u0259t \u015f\u0259rtil\u0259 effektiv ola bil\u0259r. Y\u00fcks\u0259k ixtisasl\u0131 h\u00fcquq\u015f\u00fcnas-praktikl\u0259r \u015firk\u0259t sahibkarlar\u0131na m\u00fc\u0259ssis\u0259nin profilin\u0259 uy\u011fun olmayan funksiyalar\u0131n \u00a0yerin\u0259 yetirilm\u0259sind\u0259n imtina etm\u0259y\u0259 imkan yaradan v\u0259 eyni zamanda m\u00fc\u0259ssis\u0259nin normal f\u0259aliyy\u0259tini t\u0259min edilm\u0259si \u00fc\u00e7\u00fcn z\u0259ruri olan m\u00fcst\u0259qil autsorserl\u0259rdir. Siz diqq\u0259tinizi \u0259sas biznes-m\u0259qs\u0259dl\u0259rinizd\u0259 c\u0259ml\u0259y\u0259 bil\u0259r, biz is\u0259 onlar\u0131n yerin\u0259 yetirilm\u0259sini t\u0259min\u00a0 ed\u0259 bil\u0259rik! F\u0259rdi yana\u015fma, m\u00fc\u015ft\u0259rinin maraqlar\u0131n\u0131n n\u0259z\u0259r\u0259 al\u0131nmas\u0131 v\u0259 bel\u0259 xidm\u0259tl\u0259r \u00fczr\u0259 \u00e7evik qiym\u0259t qoyma\u00a0 siyas\u0259ti \u015firk\u0259timizin sahib oldu\u011fu dan\u0131lmaz \u00fcst\u00fcnl\u00fckl\u0259rdir.[\/vc_column_text][\/vc_column][\/vc_row][vc_row content_placement=&#8221;middle&#8221; css_animation=&#8221;fadeInUp&#8221; css=&#8221;.vc_custom_1632375988644{margin-bottom: 0px !important;background-color: #f6f6f6 !important;}&#8221;][vc_column width=&#8221;1\/2&#8243;][vc_column_text]Sizi personal\u0131n autstaffinqi, autsorsinqi v\u0259 lizinqi maraqland\u0131r\u0131rsa, sizin m\u0259hz bizim \u015firk\u0259timizl\u0259 \u0259m\u0259kda\u015fl\u0131\u011fa ehtiyac\u0131n\u0131z var. H\u00fcquq\u015f\u00fcnaslar\u0131m\u0131z\u0131n, m\u00fchasibl\u0259rimizin, maliyy\u0259\u00e7il\u0259rimizin b\u00f6y\u00fck t\u0259cr\u00fcb\u0259si v\u0259 y\u00fcks\u0259k ixtisas\u0131 ist\u0259nil\u0259n t\u0259\u015fkilati-h\u00fcquqi formaya sahib m\u00fc\u0259ssis\u0259 sahibkarlar\u0131na (r\u0259hb\u0259rl\u0259rin\u0259) Az\u0259rbaycanda personal\u0131n autsorsinqi \u00fczr\u0259 \u0259n y\u00fcks\u0259k s\u0259viyy\u0259li xidm\u0259tl\u0259r g\u00f6st\u0259rm\u0259y\u0259 imkan yarad\u0131r. Personal\u0131n icar\u0259si, autsorsinq m\u00fc\u0259ssis\u0259d\u0259 \u00e7al\u0131\u015fan muzdlu i\u015f\u00e7il\u0259rin say\u0131n\u0131n qanuni yolla m\u0259hdudla\u015fd\u0131r\u0131lmas\u0131 imkan\u0131d\u0131r. Lakin bizim t\u0259qdim etdiyimiz \u201cpersonal\u0131n icar\u0259si\u201d xidm\u0259ti siz\u0259 yaln\u0131z vergi \u00fcst\u00fcnl\u00fckl\u0259ri vermir. Bel\u0259 ki, kadrlar \u00fczr\u0259 xidm\u0259tl\u0259rin autsorsinqi kadrlar \u00fczr\u0259 s\u0259n\u0259dl\u0259\u015fm\u0259nin apar\u0131lmas\u0131 z\u0259rur\u0259tind\u0259n azad olmaq dem\u0259kdir. Bu zaman kadrlar \u00fczr\u0259 s\u0259n\u0259dl\u0259rin n\u0259z\u0259r\u0259\u00e7arpan azalmas\u0131 da ba\u015f verir v\u0259 n\u0259tic\u0259d\u0259 personal\u0131n axtar\u0131\u015f\u0131 z\u0259rur\u0259ti d\u0259 itir. Sahibkar art\u0131q i\u015f\u00e7il\u0259rin i\u015f\u0259 q\u0259bulu, i\u015fd\u0259n azad edilm\u0259si, m\u0259suliyy\u0259t\u0259 c\u0259lb edilm\u0259si il\u0259 m\u0259\u015f\u011ful olmaq m\u0259cburiyy\u0259tind\u0259 deyil. \u015eirk\u0259timizl\u0259 m\u00fcqavil\u0259 ba\u011flad\u0131qdan sonra yuxar\u0131da sadalanan b\u00fct\u00fcn probleml\u0259r art\u0131q bizim probleml\u0259rimiz\u0259 \u00e7evrilir! Amma bu da h\u0259l\u0259 ham\u0131s\u0131 deyil. Bizim \u015firk\u0259timizl\u0259 \u0259m\u0259kda\u015fl\u0131q siz\u0259:<\/p>\n<ul class=\"ul-gray\">\n<li>M\u00fc\u0259ssis\u0259d\u0259 \u00e7al\u0131\u015fan i\u015f\u00e7il\u0259rinin say\u0131n\u0131n azalmas\u0131 say\u0259sind\u0259 \u0259lill\u0259r \u00fc\u00e7\u00fcn i\u015f yerl\u0259rinin yarad\u0131lmas\u0131 \u00fczr\u0259 kvotan\u0131n azald\u0131lmas\u0131na;<\/li>\n<li>Ofisl\u0259rin saxlanmas\u0131 v\u0259 onlara xidm\u0259t g\u00f6st\u0259rilm\u0259si \u00fczr\u0259 x\u0259rcl\u0259ri azaltma\u011fa;<\/li>\n<li>Xidm\u0259tl\u0259rin g\u00f6st\u0259rilm\u0259si \u00fczr\u0259 ixtisasla\u015fan \u015firk\u0259timizd\u0259n y\u00fcks\u0259k keyfiyy\u0259tli xidm\u0259tl\u0259r \u0259ld\u0259 etm\u0259y\u0259 imkan ver\u0259c\u0259kdir.<\/li>\n<\/ul>\n<p>Tam m\u0259xfilik, m\u00fc\u015ft\u0259rinin ist\u0259nil\u0259n arzusuna operativ reaksiya, \u0259m\u0259kda\u015flar\u0131m\u0131z\u0131n y\u00fcks\u0259k s\u0259viyy\u0259li m\u0259lumatl\u0131l\u0131\u011f\u0131 v\u0259 pe\u015f\u0259karl\u0131\u011f\u0131, sahibkarlar\u0131n maraqlar\u0131n\u0131n m\u00fcdafi\u0259 edilm\u0259si, t\u0259qdim edil\u0259n xidm\u0259tl\u0259rin keyfiyy\u0259ti, f\u0259rdi yana\u015fma v\u0259 xidm\u0259tl\u0259rin a\u015fa\u011f\u0131 tarifl\u0259ri \u2013 \u015firk\u0259timizl\u0259 \u0259m\u0259kda\u015fl\u0131q biznesiniz \u00fc\u00e7\u00fcn \u015f\u00fcbh\u0259siz \u00fcst\u00fcnl\u00fckd\u00fcr. Sayt\u0131m\u0131zda g\u00f6st\u0259ril\u0259n telefon n\u00f6mr\u0259l\u0259ri il\u0259 m\u0259sl\u0259h\u0259t \u00fc\u00e7\u00fcn m\u00fcraci\u0259t edin v\u0259 \u00f6z\u00fcn\u00fcz buna \u0259min olun![\/vc_column_text][\/vc_column][vc_column width=&#8221;1\/2&#8243;][vc_single_image image=&#8221;19344&#8243; img_size=&#8221;full&#8221; alignment=&#8221;center&#8221;][\/vc_column][\/vc_row]<\/p>\n<\/div>","protected":false},"excerpt":{"rendered":"<p>[vc_row equal_height=&#8221;yes&#8221; css_animation=&#8221;fadeInUp&#8221;][vc_column][vc_column_text] Autsorsinq v\u0259 autstaffinq [\/vc_column_text][vc_column_text]Qanunvericilikl\u0259 dem\u0259k olar ki t\u0259nziml\u0259nm\u0259y\u0259n, amma eyni zamanda qanuni v\u0259 effektiv olan m\u00fcnasib\u0259tl\u0259r bir \u00e7ox t\u0259s\u0259rr\u00fcfat\u00e7\u0131l\u0131q subyektl\u0259ri t\u0259r\u0259find\u0259n t\u0259tbiq edilir. Bak\u0131da personal\u0131n autstaffinqi v\u0259 autsorsinqi geni\u015f yay\u0131lm\u0131\u015f hadis\u0259dir, bel\u0259 ki m\u00fc\u0259ssis\u0259nin x\u0259rcl\u0259rini v\u0259 u\u00e7otun apar\u0131lmas\u0131n\u0131 oprimalla\u015fd\u0131rma\u011fa \u015f\u0259rait yarad\u0131r. Lakin personal\u0131n autsorsinqi v\u0259 autstaffinqi yaln\u0131z \u015firk\u0259timizin t\u0259min ed\u0259c\u0259yi daimi h\u00fcquqi<\/p>\n","protected":false},"author":1,"featured_media":0,"parent":0,"menu_order":0,"comment_status":"open","ping_status":"closed","template":"","meta":{"_acf_changed":false,"footnotes":""},"class_list":["post-680","page","type-page","status-publish","hentry"],"acf":[],"yoast_head":"<!-- This site is optimized with the Yoast SEO plugin v27.3 - https:\/\/yoast.com\/product\/yoast-seo-wordpress\/ -->\n<title>Bak\u0131da h\u00fcquqi v\u0259 m\u00fchasibatl\u0131q tap\u015f\u0131r\u0131qlar\u0131n\u0131n autsorsinq v\u0259 autstaffinqi.<\/title>\n<meta name=\"description\" content=\"Art\u0131q h\u0259r k\u0259s uzun zamand\u0131r bilir ki, \u015firk\u0259tl\u0259r aras\u0131 autsorsinq \u00e7ox effektiv olmaqla yana\u015f\u0131, h\u0259m d\u0259 m\u00fc\u0259ssis\u0259d\u0259 \u015ftatl\u0131 i\u015f\u00e7il\u0259rd\u0259n ucudur.\" \/>\n<meta name=\"robots\" content=\"index, follow, max-snippet:-1, max-image-preview:large, max-video-preview:-1\" \/>\n<link rel=\"canonical\" href=\"https:\/\/az.f-chain.com\/az\/autsorsinq-ve-autstaffinq\/\" \/>\n<meta property=\"og:locale\" content=\"az_AZ\" \/>\n<meta property=\"og:type\" content=\"article\" \/>\n<meta property=\"og:title\" content=\"Bak\u0131da h\u00fcquqi v\u0259 m\u00fchasibatl\u0131q tap\u015f\u0131r\u0131qlar\u0131n\u0131n autsorsinq v\u0259 autstaffinqi.\" \/>\n<meta property=\"og:description\" content=\"Art\u0131q h\u0259r k\u0259s uzun zamand\u0131r bilir ki, \u015firk\u0259tl\u0259r aras\u0131 autsorsinq \u00e7ox effektiv olmaqla yana\u015f\u0131, h\u0259m d\u0259 m\u00fc\u0259ssis\u0259d\u0259 \u015ftatl\u0131 i\u015f\u00e7il\u0259rd\u0259n ucudur.\" \/>\n<meta property=\"og:url\" content=\"https:\/\/az.f-chain.com\/az\/autsorsinq-ve-autstaffinq\/\" \/>\n<meta property=\"og:site_name\" content=\"FChain\" \/>\n<meta property=\"article:modified_time\" content=\"2021-09-23T05:47:30+00:00\" \/>\n<meta name=\"twitter:card\" content=\"summary_large_image\" \/>\n<script type=\"application\/ld+json\" class=\"yoast-schema-graph\">{\"@context\":\"https:\\\/\\\/schema.org\",\"@graph\":[{\"@type\":\"WebPage\",\"@id\":\"https:\\\/\\\/az.f-chain.com\\\/az\\\/autsorsinq-ve-autstaffinq\\\/\",\"url\":\"https:\\\/\\\/az.f-chain.com\\\/az\\\/autsorsinq-ve-autstaffinq\\\/\",\"name\":\"Bak\u0131da h\u00fcquqi v\u0259 m\u00fchasibatl\u0131q tap\u015f\u0131r\u0131qlar\u0131n\u0131n autsorsinq v\u0259 autstaffinqi.\",\"isPartOf\":{\"@id\":\"https:\\\/\\\/az.f-chain.com\\\/#website\"},\"datePublished\":\"2012-11-27T08:48:31+00:00\",\"dateModified\":\"2021-09-23T05:47:30+00:00\",\"description\":\"Art\u0131q h\u0259r k\u0259s uzun zamand\u0131r bilir ki, \u015firk\u0259tl\u0259r aras\u0131 autsorsinq \u00e7ox effektiv olmaqla yana\u015f\u0131, h\u0259m d\u0259 m\u00fc\u0259ssis\u0259d\u0259 \u015ftatl\u0131 i\u015f\u00e7il\u0259rd\u0259n ucudur.\",\"breadcrumb\":{\"@id\":\"https:\\\/\\\/az.f-chain.com\\\/az\\\/autsorsinq-ve-autstaffinq\\\/#breadcrumb\"},\"inLanguage\":\"az\",\"potentialAction\":[{\"@type\":\"ReadAction\",\"target\":[\"https:\\\/\\\/az.f-chain.com\\\/az\\\/autsorsinq-ve-autstaffinq\\\/\"]}]},{\"@type\":\"BreadcrumbList\",\"@id\":\"https:\\\/\\\/az.f-chain.com\\\/az\\\/autsorsinq-ve-autstaffinq\\\/#breadcrumb\",\"itemListElement\":[{\"@type\":\"ListItem\",\"position\":1,\"name\":\"Home\",\"item\":\"https:\\\/\\\/az.f-chain.com\\\/az\\\/\"},{\"@type\":\"ListItem\",\"position\":2,\"name\":\"Autsorsinq v\u0259 autstaffinq\"}]},{\"@type\":\"WebSite\",\"@id\":\"https:\\\/\\\/az.f-chain.com\\\/#website\",\"url\":\"https:\\\/\\\/az.f-chain.com\\\/\",\"name\":\"FChain\",\"description\":\"Azerbaijan\",\"potentialAction\":[{\"@type\":\"SearchAction\",\"target\":{\"@type\":\"EntryPoint\",\"urlTemplate\":\"https:\\\/\\\/az.f-chain.com\\\/?s={search_term_string}\"},\"query-input\":{\"@type\":\"PropertyValueSpecification\",\"valueRequired\":true,\"valueName\":\"search_term_string\"}}],\"inLanguage\":\"az\"}]}<\/script>\n<!-- \/ Yoast SEO plugin. -->","yoast_head_json":{"title":"Bak\u0131da h\u00fcquqi v\u0259 m\u00fchasibatl\u0131q tap\u015f\u0131r\u0131qlar\u0131n\u0131n autsorsinq v\u0259 autstaffinqi.","description":"Art\u0131q h\u0259r k\u0259s uzun zamand\u0131r bilir ki, \u015firk\u0259tl\u0259r aras\u0131 autsorsinq \u00e7ox effektiv olmaqla yana\u015f\u0131, h\u0259m d\u0259 m\u00fc\u0259ssis\u0259d\u0259 \u015ftatl\u0131 i\u015f\u00e7il\u0259rd\u0259n ucudur.","robots":{"index":"index","follow":"follow","max-snippet":"max-snippet:-1","max-image-preview":"max-image-preview:large","max-video-preview":"max-video-preview:-1"},"canonical":"https:\/\/az.f-chain.com\/az\/autsorsinq-ve-autstaffinq\/","og_locale":"az_AZ","og_type":"article","og_title":"Bak\u0131da h\u00fcquqi v\u0259 m\u00fchasibatl\u0131q tap\u015f\u0131r\u0131qlar\u0131n\u0131n autsorsinq v\u0259 autstaffinqi.","og_description":"Art\u0131q h\u0259r k\u0259s uzun zamand\u0131r bilir ki, \u015firk\u0259tl\u0259r aras\u0131 autsorsinq \u00e7ox effektiv olmaqla yana\u015f\u0131, h\u0259m d\u0259 m\u00fc\u0259ssis\u0259d\u0259 \u015ftatl\u0131 i\u015f\u00e7il\u0259rd\u0259n ucudur.","og_url":"https:\/\/az.f-chain.com\/az\/autsorsinq-ve-autstaffinq\/","og_site_name":"FChain","article_modified_time":"2021-09-23T05:47:30+00:00","twitter_card":"summary_large_image","schema":{"@context":"https:\/\/schema.org","@graph":[{"@type":"WebPage","@id":"https:\/\/az.f-chain.com\/az\/autsorsinq-ve-autstaffinq\/","url":"https:\/\/az.f-chain.com\/az\/autsorsinq-ve-autstaffinq\/","name":"Bak\u0131da h\u00fcquqi v\u0259 m\u00fchasibatl\u0131q tap\u015f\u0131r\u0131qlar\u0131n\u0131n autsorsinq v\u0259 autstaffinqi.","isPartOf":{"@id":"https:\/\/az.f-chain.com\/#website"},"datePublished":"2012-11-27T08:48:31+00:00","dateModified":"2021-09-23T05:47:30+00:00","description":"Art\u0131q h\u0259r k\u0259s uzun zamand\u0131r bilir ki, \u015firk\u0259tl\u0259r aras\u0131 autsorsinq \u00e7ox effektiv olmaqla yana\u015f\u0131, h\u0259m d\u0259 m\u00fc\u0259ssis\u0259d\u0259 \u015ftatl\u0131 i\u015f\u00e7il\u0259rd\u0259n ucudur.","breadcrumb":{"@id":"https:\/\/az.f-chain.com\/az\/autsorsinq-ve-autstaffinq\/#breadcrumb"},"inLanguage":"az","potentialAction":[{"@type":"ReadAction","target":["https:\/\/az.f-chain.com\/az\/autsorsinq-ve-autstaffinq\/"]}]},{"@type":"BreadcrumbList","@id":"https:\/\/az.f-chain.com\/az\/autsorsinq-ve-autstaffinq\/#breadcrumb","itemListElement":[{"@type":"ListItem","position":1,"name":"Home","item":"https:\/\/az.f-chain.com\/az\/"},{"@type":"ListItem","position":2,"name":"Autsorsinq v\u0259 autstaffinq"}]},{"@type":"WebSite","@id":"https:\/\/az.f-chain.com\/#website","url":"https:\/\/az.f-chain.com\/","name":"FChain","description":"Azerbaijan","potentialAction":[{"@type":"SearchAction","target":{"@type":"EntryPoint","urlTemplate":"https:\/\/az.f-chain.com\/?s={search_term_string}"},"query-input":{"@type":"PropertyValueSpecification","valueRequired":true,"valueName":"search_term_string"}}],"inLanguage":"az"}]}},"_links":{"self":[{"href":"https:\/\/az.f-chain.com\/az\/wp-json\/wp\/v2\/pages\/680","targetHints":{"allow":["GET"]}}],"collection":[{"href":"https:\/\/az.f-chain.com\/az\/wp-json\/wp\/v2\/pages"}],"about":[{"href":"https:\/\/az.f-chain.com\/az\/wp-json\/wp\/v2\/types\/page"}],"author":[{"embeddable":true,"href":"https:\/\/az.f-chain.com\/az\/wp-json\/wp\/v2\/users\/1"}],"replies":[{"embeddable":true,"href":"https:\/\/az.f-chain.com\/az\/wp-json\/wp\/v2\/comments?post=680"}],"version-history":[{"count":1,"href":"https:\/\/az.f-chain.com\/az\/wp-json\/wp\/v2\/pages\/680\/revisions"}],"predecessor-version":[{"id":19348,"href":"https:\/\/az.f-chain.com\/az\/wp-json\/wp\/v2\/pages\/680\/revisions\/19348"}],"wp:attachment":[{"href":"https:\/\/az.f-chain.com\/az\/wp-json\/wp\/v2\/media?parent=680"}],"curies":[{"name":"wp","href":"https:\/\/api.w.org\/{rel}","templated":true}]}}