{"id":669,"date":"2012-11-27T12:38:57","date_gmt":"2012-11-27T08:38:57","guid":{"rendered":"http:\/\/cacs.silencatech.com\/?page_id=669"},"modified":"2021-09-22T14:21:22","modified_gmt":"2021-09-22T11:21:22","slug":"tesis-senedlerine-deyesikliklerin-edilmesi","status":"publish","type":"page","link":"https:\/\/az.f-chain.com\/az\/tesis-senedlerine-deyesikliklerin-edilmesi\/","title":{"rendered":"T\u0259sis s\u0259n\u0259dl\u0259rin\u0259 d\u0259y\u0259\u015fiklikl\u0259rin edilm\u0259si"},"content":{"rendered":"<div class=\"wpb-content-wrapper\"><p>[vc_row equal_height=&#8221;yes&#8221; css_animation=&#8221;fadeInUp&#8221;][vc_column][vc_column_text]<\/p>\n<h1>T\u0259sis s\u0259n\u0259dl\u0259rin\u0259 d\u0259y\u0259\u015fiklikl\u0259rin edilm\u0259si<\/h1>\n<p>[\/vc_column_text][\/vc_column][\/vc_row][vc_row equal_height=&#8221;yes&#8221; content_placement=&#8221;middle&#8221; css_animation=&#8221;fadeInUp&#8221;][vc_column width=&#8221;1\/2&#8243;][vc_column_text]Ham\u0131 bu qaydan\u0131 bilir ki, d\u00fcnyan\u0131 informasiyaya malik olan biri idar\u0259 ed\u0259 bil\u0259r. Amma s\u00f6hb\u0259t biznesd\u0259n gedirs\u0259, bu iddian\u0131n aktuall\u0131\u011f\u0131 daha da art\u0131r. Qanunvericilik daim t\u0259kmill\u0259\u015fir, biznes al\u0259mi s\u00fcr\u0259tl\u0259 inki\u015faf edir, buna g\u00f6r\u0259 t\u0259sis s\u0259n\u0259dl\u0259rind\u0259 d\u0259yi\u015fiklikl\u0259r gecikm\u0259d\u0259n reaksiya verilm\u0259sini t\u0259l\u0259b ed\u0259n h\u0259yati z\u0259rur\u0259tdir. \u015eirk\u0259timizin b\u00f6y\u00fck h\u00fcquqi bilik ehtiyat\u0131na malik olan \u0259m\u0259kda\u015flar\u0131 ist\u0259nil\u0259n m\u0259rh\u0259l\u0259d\u0259 fiziki \u015f\u0259xsl\u0259r\u0259 (onlar\u0131n n\u00fcmay\u0259nd\u0259l\u0259rin\u0259) t\u0259sis s\u0259n\u0259dl\u0259rin\u0259 aktual d\u0259yi\u015fiklikl\u0259rin edilm\u0259sind\u0259 k\u00f6m\u0259klik g\u00f6st\u0259rm\u0259y\u0259 haz\u0131rd\u0131rlar. H\u00fcquqi m\u0259s\u0259l\u0259l\u0259rd\u0259 y\u00fcks\u0259k s\u0259viyy\u0259li s\u0259ri\u015ft\u0259, bazar konyunkturas\u0131ndak\u0131 d\u0259yi\u015fiklikl\u0259r\u0259 operativ reaksiya, f\u0259rdi yana\u015fma v\u0259 elastik qiym\u0259t siyas\u0259t \u2013 biz \u00f6z m\u00fc\u015ft\u0259ril\u0259rimiz\u0259 bu \u00fcst\u00fcnl\u00fckl\u0259ri t\u0259klif etm\u0259y\u0259 haz\u0131r\u0131q. M\u00fc\u015ft\u0259rid\u0259n t\u0259l\u0259b olunan t\u0259k \u015fey onun \u00fc\u00e7\u00fcn t\u0259rtib edilmi\u015f t\u0259sis s\u0259n\u0259dl\u0259rin\u0259 d\u0259yi\u015fiklikl\u0259r edilm\u0259si haqq\u0131nda \u0259riz\u0259ni imzalamaq, qalan i\u015fl\u0259ri is\u0259 bizim m\u00fct\u0259x\u0259ssisl\u0259rimiz\u0259 h\u0259val\u0259 etm\u0259kdir.[\/vc_column_text][\/vc_column][vc_column width=&#8221;1\/2&#8243;][vc_single_image image=&#8221;19264&#8243; img_size=&#8221;full&#8221; alignment=&#8221;center&#8221;][\/vc_column][\/vc_row][vc_row content_placement=&#8221;middle&#8221; css_animation=&#8221;fadeInUp&#8221; css=&#8221;.vc_custom_1632309393948{margin-bottom: 0px !important;background-color: #f6f6f6 !important;}&#8221;][vc_column width=&#8221;1\/2&#8243;][vc_single_image image=&#8221;19267&#8243; img_size=&#8221;full&#8221; alignment=&#8221;center&#8221;][\/vc_column][vc_column width=&#8221;1\/2&#8243;][vc_column_text]<\/p>\n<h3>T\u0259sis s\u0259n\u0259dl\u0259rin\u0259 d\u0259yi\u015fiklikl\u0259rin edilm\u0259si qaydas\u0131<\/h3>\n<p>Bizim d\u0259st\u0259yimizi almaqla, t\u0259sis s\u0259n\u0259dl\u0259rin\u0259 d\u0259yi\u015fiklikl\u0259r edilm\u0259si art\u0131q sizin \u00fc\u00e7\u00fcn vaxt v\u0259 q\u00fcvv\u0259 t\u0259l\u0259b ed\u0259n problem olmayacaq. F\u0259rdi qaydada m\u00fc\u0259yy\u0259n olunan demokratik qiym\u0259tl\u0259rl\u0259 bu xidm\u0259ti g\u00f6st\u0259r\u0259n \u015firk\u0259timiz h\u00fcquqi \u015f\u0259xsin t\u0259sis s\u0259n\u0259dl\u0259rin\u0259 d\u0259yi\u015fiklikl\u0259r edilm\u0259si haqq\u0131nda q\u0259rar q\u0259bul edildikd\u0259n sonra b\u00fct\u00fcn m\u00fcdd\u0259tl\u0259r\u0259 ciddi \u015f\u0259kild\u0259 riay\u0259t edil\u0259c\u0259yin\u0259 z\u0259man\u0259t verir, bu is\u0259 firman\u0131z\u0131 potensial riskd\u0259n \u2013 inzibati m\u0259suliyy\u0259td\u0259n azad ed\u0259c\u0259k. Bu \u00e7\u0259tin yolun m\u0259sl\u0259h\u0259tl\u0259r ver\u0259n v\u0259 probleml\u0259rd\u0259n uzaq olma\u011fa k\u00f6m\u0259k ed\u0259n y\u00fcks\u0259k ixtisasl\u0131 h\u00fcquq\u015f\u00fcnaslarla birlikd\u0259 ke\u00e7ilm\u0259si m\u00fctl\u0259q u\u011furla n\u0259tic\u0259l\u0259n\u0259c\u0259k, bel\u0259 ki, t\u0259sis s\u0259n\u0259dl\u0259rind\u0259ki d\u0259yi\u015fiklikl\u0259rin qeydiyyat\u0131 bizim keyfiyy\u0259tl\u0259 h\u0259yata ke\u00e7irdiyimiz i\u015fimizdir.<\/p>\n<p>Z\u0259hm\u0259tli v\u0259 m\u0259suliyy\u0259tli i\u015f\u0259 ba\u015flamazdan \u0259vv\u0259l h\u00fcquq\u015f\u00fcnaslar nizamnam\u0259nin hans\u0131 b\u0259ndind\u0259 d\u0259yi\u015fiklikl\u0259r\u0259 ehtiyac oldu\u011funu m\u00fc\u0259yy\u0259n ed\u0259c\u0259kl\u0259r:<\/p>\n<ul class=\"ul-gray\">\n<li>H\u00fcquqi \u015f\u0259xsin ad\u0131;<\/li>\n<li>Onun h\u00fcquqi \u00fcnvan\u0131;<\/li>\n<li>Nizamnam\u0259 kapital\u0131n\u0131n paylar\u0131 v\u0259 \u00f6l\u00e7\u00fcl\u0259ri;<\/li>\n<li>Filiallar, habel\u0259 n\u00fcmay\u0259nd\u0259likl\u0259r haqq\u0131nda m\u0259lumat;<\/li>\n<li>Menecment qaydas\u0131 (g\u0259lirl\u0259rin b\u00f6l\u00fc\u015fd\u00fcr\u00fclm\u0259si v\u0259 s.).<\/li>\n<\/ul>\n<p>[\/vc_column_text][\/vc_column][\/vc_row][vc_row css_animation=&#8221;fadeInUp&#8221;][vc_column][vc_column_text]\u0130\u015f m\u0259hz bunun \u0259sas\u0131nda apar\u0131lacaq. Ola bil\u0259r ki, siz firman\u0131z\u0131n ad\u0131n\u0131 d\u0259yi\u015fdirm\u0259yi, yeni filial a\u00e7ma\u011f\u0131, yeni binaya k\u00f6\u00e7m\u0259yi v\u0259 ya investorlarla \u0259m\u0259kda\u015fl\u0131q etm\u0259yi q\u0259rara alm\u0131s\u0131n\u0131z. H\u00fcquq\u015f\u00fcnaslar\u0131m\u0131z q\u0131sa m\u00fcdd\u0259t \u0259rzind\u0259 sizin MMC-nin nizamnam\u0259sind\u0259 m\u00fcvafiq d\u0259yi\u015fiklikl\u0259r edilm\u0259sin\u0259 k\u00f6m\u0259k ed\u0259c\u0259kl\u0259r. Bunun \u00fc\u00e7\u00fcn saytda \u0259laq\u0259 vasit\u0259l\u0259ri b\u00f6lm\u0259sind\u0259 t\u0259qdim edilmi\u015f telefon n\u00f6mr\u0259l\u0259ri il\u0259 biz\u0259 m\u00fcraci\u0259t etm\u0259yiniz kifay\u0259tdir. Biz d\u0259rhal, l\u0259ngim\u0259d\u0259n i\u015f\u0259 ba\u015flayaca\u011f\u0131q v\u0259 siz bu i\u015fin n\u0259tic\u0259l\u0259rind\u0259n m\u0259mnun qalacaqs\u0131n\u0131z.[\/vc_column_text][\/vc_column][\/vc_row]<\/p>\n<\/div>","protected":false},"excerpt":{"rendered":"<p>[vc_row equal_height=&#8221;yes&#8221; css_animation=&#8221;fadeInUp&#8221;][vc_column][vc_column_text] T\u0259sis s\u0259n\u0259dl\u0259rin\u0259 d\u0259y\u0259\u015fiklikl\u0259rin edilm\u0259si [\/vc_column_text][\/vc_column][\/vc_row][vc_row equal_height=&#8221;yes&#8221; content_placement=&#8221;middle&#8221; css_animation=&#8221;fadeInUp&#8221;][vc_column width=&#8221;1\/2&#8243;][vc_column_text]Ham\u0131 bu qaydan\u0131 bilir ki, d\u00fcnyan\u0131 informasiyaya malik olan biri idar\u0259 ed\u0259 bil\u0259r. Amma s\u00f6hb\u0259t biznesd\u0259n gedirs\u0259, bu iddian\u0131n aktuall\u0131\u011f\u0131 daha da art\u0131r. Qanunvericilik daim t\u0259kmill\u0259\u015fir, biznes al\u0259mi s\u00fcr\u0259tl\u0259 inki\u015faf edir, buna g\u00f6r\u0259 t\u0259sis s\u0259n\u0259dl\u0259rind\u0259 d\u0259yi\u015fiklikl\u0259r gecikm\u0259d\u0259n reaksiya verilm\u0259sini t\u0259l\u0259b ed\u0259n h\u0259yati z\u0259rur\u0259tdir. \u015eirk\u0259timizin<\/p>\n","protected":false},"author":1,"featured_media":0,"parent":0,"menu_order":0,"comment_status":"open","ping_status":"closed","template":"","meta":{"_acf_changed":false,"footnotes":""},"class_list":["post-669","page","type-page","status-publish","hentry"],"acf":[],"yoast_head":"<!-- This site is optimized with the Yoast SEO plugin v27.3 - https:\/\/yoast.com\/product\/yoast-seo-wordpress\/ -->\n<title>Bak\u0131da t\u0259sis\u00e7i s\u0259n\u0259dl\u0259rin\u0259 d\u0259yi\u015fiklikl\u0259rin edilm\u0259si.<\/title>\n<meta name=\"description\" content=\"m\u00fcqavil\u0259 haz\u0131rlanark\u0259n v\u0259 t\u0259sis\u00e7i s\u0259n\u0259dl\u0259rind\u0259 d\u0259yi\u015fiklikl\u0259r edil\u0259rk\u0259n h\u0259r bir x\u0131rdal\u0131qlar vacibdir, geni\u015f h\u00fcquq biliyin\u0259 malik \u0259m\u0259kda\u015flar\u0131m\u0131z siz\u0259 k\u00f6m\u0259kik g\u00f6st\u0259rm\u0259y\u0259 haz\u0131rd\u0131rlar.\" \/>\n<meta name=\"robots\" content=\"index, follow, max-snippet:-1, max-image-preview:large, max-video-preview:-1\" \/>\n<link rel=\"canonical\" href=\"https:\/\/az.f-chain.com\/az\/tesis-senedlerine-deyesikliklerin-edilmesi\/\" \/>\n<meta property=\"og:locale\" content=\"az_AZ\" \/>\n<meta property=\"og:type\" content=\"article\" \/>\n<meta property=\"og:title\" content=\"Bak\u0131da t\u0259sis\u00e7i s\u0259n\u0259dl\u0259rin\u0259 d\u0259yi\u015fiklikl\u0259rin edilm\u0259si.\" \/>\n<meta property=\"og:description\" content=\"m\u00fcqavil\u0259 haz\u0131rlanark\u0259n v\u0259 t\u0259sis\u00e7i s\u0259n\u0259dl\u0259rind\u0259 d\u0259yi\u015fiklikl\u0259r edil\u0259rk\u0259n h\u0259r bir x\u0131rdal\u0131qlar vacibdir, geni\u015f h\u00fcquq biliyin\u0259 malik \u0259m\u0259kda\u015flar\u0131m\u0131z siz\u0259 k\u00f6m\u0259kik g\u00f6st\u0259rm\u0259y\u0259 haz\u0131rd\u0131rlar.\" \/>\n<meta property=\"og:url\" content=\"https:\/\/az.f-chain.com\/az\/tesis-senedlerine-deyesikliklerin-edilmesi\/\" \/>\n<meta property=\"og:site_name\" content=\"FChain\" \/>\n<meta property=\"article:modified_time\" content=\"2021-09-22T11:21:22+00:00\" \/>\n<meta name=\"twitter:card\" content=\"summary_large_image\" \/>\n<script type=\"application\/ld+json\" class=\"yoast-schema-graph\">{\"@context\":\"https:\\\/\\\/schema.org\",\"@graph\":[{\"@type\":\"WebPage\",\"@id\":\"https:\\\/\\\/az.f-chain.com\\\/az\\\/tesis-senedlerine-deyesikliklerin-edilmesi\\\/\",\"url\":\"https:\\\/\\\/az.f-chain.com\\\/az\\\/tesis-senedlerine-deyesikliklerin-edilmesi\\\/\",\"name\":\"Bak\u0131da t\u0259sis\u00e7i s\u0259n\u0259dl\u0259rin\u0259 d\u0259yi\u015fiklikl\u0259rin edilm\u0259si.\",\"isPartOf\":{\"@id\":\"https:\\\/\\\/az.f-chain.com\\\/#website\"},\"datePublished\":\"2012-11-27T08:38:57+00:00\",\"dateModified\":\"2021-09-22T11:21:22+00:00\",\"description\":\"m\u00fcqavil\u0259 haz\u0131rlanark\u0259n v\u0259 t\u0259sis\u00e7i s\u0259n\u0259dl\u0259rind\u0259 d\u0259yi\u015fiklikl\u0259r edil\u0259rk\u0259n h\u0259r bir x\u0131rdal\u0131qlar vacibdir, geni\u015f h\u00fcquq biliyin\u0259 malik \u0259m\u0259kda\u015flar\u0131m\u0131z siz\u0259 k\u00f6m\u0259kik g\u00f6st\u0259rm\u0259y\u0259 haz\u0131rd\u0131rlar.\",\"breadcrumb\":{\"@id\":\"https:\\\/\\\/az.f-chain.com\\\/az\\\/tesis-senedlerine-deyesikliklerin-edilmesi\\\/#breadcrumb\"},\"inLanguage\":\"az\",\"potentialAction\":[{\"@type\":\"ReadAction\",\"target\":[\"https:\\\/\\\/az.f-chain.com\\\/az\\\/tesis-senedlerine-deyesikliklerin-edilmesi\\\/\"]}]},{\"@type\":\"BreadcrumbList\",\"@id\":\"https:\\\/\\\/az.f-chain.com\\\/az\\\/tesis-senedlerine-deyesikliklerin-edilmesi\\\/#breadcrumb\",\"itemListElement\":[{\"@type\":\"ListItem\",\"position\":1,\"name\":\"Home\",\"item\":\"https:\\\/\\\/az.f-chain.com\\\/az\\\/\"},{\"@type\":\"ListItem\",\"position\":2,\"name\":\"T\u0259sis s\u0259n\u0259dl\u0259rin\u0259 d\u0259y\u0259\u015fiklikl\u0259rin edilm\u0259si\"}]},{\"@type\":\"WebSite\",\"@id\":\"https:\\\/\\\/az.f-chain.com\\\/#website\",\"url\":\"https:\\\/\\\/az.f-chain.com\\\/\",\"name\":\"FChain\",\"description\":\"Azerbaijan\",\"potentialAction\":[{\"@type\":\"SearchAction\",\"target\":{\"@type\":\"EntryPoint\",\"urlTemplate\":\"https:\\\/\\\/az.f-chain.com\\\/?s={search_term_string}\"},\"query-input\":{\"@type\":\"PropertyValueSpecification\",\"valueRequired\":true,\"valueName\":\"search_term_string\"}}],\"inLanguage\":\"az\"}]}<\/script>\n<!-- \/ Yoast SEO plugin. -->","yoast_head_json":{"title":"Bak\u0131da t\u0259sis\u00e7i s\u0259n\u0259dl\u0259rin\u0259 d\u0259yi\u015fiklikl\u0259rin edilm\u0259si.","description":"m\u00fcqavil\u0259 haz\u0131rlanark\u0259n v\u0259 t\u0259sis\u00e7i s\u0259n\u0259dl\u0259rind\u0259 d\u0259yi\u015fiklikl\u0259r edil\u0259rk\u0259n h\u0259r bir x\u0131rdal\u0131qlar vacibdir, geni\u015f h\u00fcquq biliyin\u0259 malik \u0259m\u0259kda\u015flar\u0131m\u0131z siz\u0259 k\u00f6m\u0259kik g\u00f6st\u0259rm\u0259y\u0259 haz\u0131rd\u0131rlar.","robots":{"index":"index","follow":"follow","max-snippet":"max-snippet:-1","max-image-preview":"max-image-preview:large","max-video-preview":"max-video-preview:-1"},"canonical":"https:\/\/az.f-chain.com\/az\/tesis-senedlerine-deyesikliklerin-edilmesi\/","og_locale":"az_AZ","og_type":"article","og_title":"Bak\u0131da t\u0259sis\u00e7i s\u0259n\u0259dl\u0259rin\u0259 d\u0259yi\u015fiklikl\u0259rin edilm\u0259si.","og_description":"m\u00fcqavil\u0259 haz\u0131rlanark\u0259n v\u0259 t\u0259sis\u00e7i s\u0259n\u0259dl\u0259rind\u0259 d\u0259yi\u015fiklikl\u0259r edil\u0259rk\u0259n h\u0259r bir x\u0131rdal\u0131qlar vacibdir, geni\u015f h\u00fcquq biliyin\u0259 malik \u0259m\u0259kda\u015flar\u0131m\u0131z siz\u0259 k\u00f6m\u0259kik g\u00f6st\u0259rm\u0259y\u0259 haz\u0131rd\u0131rlar.","og_url":"https:\/\/az.f-chain.com\/az\/tesis-senedlerine-deyesikliklerin-edilmesi\/","og_site_name":"FChain","article_modified_time":"2021-09-22T11:21:22+00:00","twitter_card":"summary_large_image","schema":{"@context":"https:\/\/schema.org","@graph":[{"@type":"WebPage","@id":"https:\/\/az.f-chain.com\/az\/tesis-senedlerine-deyesikliklerin-edilmesi\/","url":"https:\/\/az.f-chain.com\/az\/tesis-senedlerine-deyesikliklerin-edilmesi\/","name":"Bak\u0131da t\u0259sis\u00e7i s\u0259n\u0259dl\u0259rin\u0259 d\u0259yi\u015fiklikl\u0259rin edilm\u0259si.","isPartOf":{"@id":"https:\/\/az.f-chain.com\/#website"},"datePublished":"2012-11-27T08:38:57+00:00","dateModified":"2021-09-22T11:21:22+00:00","description":"m\u00fcqavil\u0259 haz\u0131rlanark\u0259n v\u0259 t\u0259sis\u00e7i s\u0259n\u0259dl\u0259rind\u0259 d\u0259yi\u015fiklikl\u0259r edil\u0259rk\u0259n h\u0259r bir x\u0131rdal\u0131qlar vacibdir, geni\u015f h\u00fcquq biliyin\u0259 malik \u0259m\u0259kda\u015flar\u0131m\u0131z siz\u0259 k\u00f6m\u0259kik g\u00f6st\u0259rm\u0259y\u0259 haz\u0131rd\u0131rlar.","breadcrumb":{"@id":"https:\/\/az.f-chain.com\/az\/tesis-senedlerine-deyesikliklerin-edilmesi\/#breadcrumb"},"inLanguage":"az","potentialAction":[{"@type":"ReadAction","target":["https:\/\/az.f-chain.com\/az\/tesis-senedlerine-deyesikliklerin-edilmesi\/"]}]},{"@type":"BreadcrumbList","@id":"https:\/\/az.f-chain.com\/az\/tesis-senedlerine-deyesikliklerin-edilmesi\/#breadcrumb","itemListElement":[{"@type":"ListItem","position":1,"name":"Home","item":"https:\/\/az.f-chain.com\/az\/"},{"@type":"ListItem","position":2,"name":"T\u0259sis s\u0259n\u0259dl\u0259rin\u0259 d\u0259y\u0259\u015fiklikl\u0259rin edilm\u0259si"}]},{"@type":"WebSite","@id":"https:\/\/az.f-chain.com\/#website","url":"https:\/\/az.f-chain.com\/","name":"FChain","description":"Azerbaijan","potentialAction":[{"@type":"SearchAction","target":{"@type":"EntryPoint","urlTemplate":"https:\/\/az.f-chain.com\/?s={search_term_string}"},"query-input":{"@type":"PropertyValueSpecification","valueRequired":true,"valueName":"search_term_string"}}],"inLanguage":"az"}]}},"_links":{"self":[{"href":"https:\/\/az.f-chain.com\/az\/wp-json\/wp\/v2\/pages\/669","targetHints":{"allow":["GET"]}}],"collection":[{"href":"https:\/\/az.f-chain.com\/az\/wp-json\/wp\/v2\/pages"}],"about":[{"href":"https:\/\/az.f-chain.com\/az\/wp-json\/wp\/v2\/types\/page"}],"author":[{"embeddable":true,"href":"https:\/\/az.f-chain.com\/az\/wp-json\/wp\/v2\/users\/1"}],"replies":[{"embeddable":true,"href":"https:\/\/az.f-chain.com\/az\/wp-json\/wp\/v2\/comments?post=669"}],"version-history":[{"count":1,"href":"https:\/\/az.f-chain.com\/az\/wp-json\/wp\/v2\/pages\/669\/revisions"}],"predecessor-version":[{"id":19272,"href":"https:\/\/az.f-chain.com\/az\/wp-json\/wp\/v2\/pages\/669\/revisions\/19272"}],"wp:attachment":[{"href":"https:\/\/az.f-chain.com\/az\/wp-json\/wp\/v2\/media?parent=669"}],"curies":[{"name":"wp","href":"https:\/\/api.w.org\/{rel}","templated":true}]}}