{"id":666,"date":"2012-11-27T12:37:32","date_gmt":"2012-11-27T08:37:32","guid":{"rendered":"http:\/\/cacs.silencatech.com\/?page_id=666"},"modified":"2021-09-22T15:05:59","modified_gmt":"2021-09-22T12:05:59","slug":"ferdi-sahibkarin-qeydiyyata-alinmasi","status":"publish","type":"page","link":"https:\/\/az.f-chain.com\/az\/ferdi-sahibkarin-qeydiyyata-alinmasi\/","title":{"rendered":"F\u0259rdi Sahibkar\u0131n qeydiyyata al\u0131nmas\u0131"},"content":{"rendered":"<div class=\"wpb-content-wrapper\"><p>[vc_row equal_height=&#8221;yes&#8221; css_animation=&#8221;fadeInUp&#8221;][vc_column][vc_column_text]<\/p>\n<h1>F\u0259rdi Sahibkar\u0131n qeydiyyata al\u0131nmas\u0131<\/h1>\n<p>[\/vc_column_text][vc_column_text]\u015eirk\u0259timizin bir ne\u00e7\u0259 ildir ki, m\u00fcasir bazarda i\u015fl\u0259y\u0259n m\u00fct\u0259x\u0259ssisl\u0259ri bir \u00e7ox m\u00fc\u015ft\u0259riy\u0259 f\u0259rdi sahibkarl\u0131\u011f\u0131n qeydiyyatdan ke\u00e7irilm\u0259sind\u0259 k\u00f6mk\u0259klik g\u00f6st\u0259rmi\u015fdir. F\u0259rdi sahibkarlar\u0131n qeydiyyat\u0131 il\u0259 maraqlanan h\u0259r k\u0259sin qar\u015f\u0131la\u015fd\u0131\u011f\u0131 b\u00fct\u00fcn probleml\u0259r v\u0259 qanunvericiliyin b\u00fct\u00fcn inc\u0259likl\u0259ri biz\u0259 m\u0259lumdur. M\u0259hz buna g\u00f6r\u0259 biz h\u0259mi\u015f\u0259 \u0259m\u0259kda\u015fl\u0131\u011fa haz\u0131r\u0131q v\u0259 \u015firk\u0259tin potensial m\u00fc\u015ft\u0259ril\u0259rin\u0259 \u0259n adekvat qiym\u0259tl\u0259r t\u0259klif edirik. Biznes qurulmas\u0131 haqq\u0131nda q\u0259rar q\u0259bul edilibs\u0259, amma f\u0259rdi sahibkarl\u0131\u011f\u0131n qeydiyyat\u0131 il\u0259 ba\u011fl\u0131 probleml\u0259ri h\u0259ll etm\u0259k m\u00fcmk\u00fcn olmursa, \u015firk\u0259timizin m\u00fct\u0259x\u0259ssisl\u0259ri ist\u0259nil\u0259n an k\u00f6m\u0259yiniz\u0259 yeti\u015f\u0259r\u0259k, ba\u015flan\u011f\u0131c \u00fc\u00e7\u00fcn h\u00fcquqi v\u0259 maliyy\u0259 m\u0259s\u0259l\u0259l\u0259ri \u00fczr\u0259 m\u0259sl\u0259h\u0259tl\u0259r t\u0259klif etm\u0259y\u0259 haz\u0131rd\u0131rlar.[\/vc_column_text][\/vc_column][\/vc_row][vc_row equal_height=&#8221;yes&#8221; content_placement=&#8221;middle&#8221; css_animation=&#8221;fadeInUp&#8221;][vc_column width=&#8221;1\/2&#8243;][vc_column_text]<\/p>\n<h3>FS nec\u0259 a\u00e7\u0131lmal\u0131d\u0131r?<\/h3>\n<p>\u015eirk\u0259timizin m\u00fcxt\u0259lif t\u0259\u015fkilati v\u0259 h\u00fcquqi formaya malik subyektl\u0259rin qeydiyyat\u0131nda ixtisasla\u015fan m\u00fct\u0259x\u0259ssisl\u0259ri siz\u0259 FS-nin nec\u0259 qeydiyyatdan ke\u00e7iril\u0259c\u0259yi haqq\u0131nda m\u0259lumat ver\u0259c\u0259kl\u0259r. Bu, o dem\u0259kdir ki, konkret bir v\u0259t\u0259nda\u015fa FS kimi d\u00f6vl\u0259t qeydiyyat\u0131ndan ke\u00e7diyi andan etibar\u0259n sahibkarl\u0131q f\u0259aliyy\u0259ti il\u0259 m\u0259\u015f\u011ful olmaq h\u00fcququ veril\u0259c\u0259k. Bu zaman h\u00fcquqi \u015f\u0259xsin t\u0259hsilli olmas\u0131 z\u0259rur\u0259ti yaranm\u0131r.<\/p>\n<p>\u018fm\u0259kda\u015fl\u0131\u011f\u0131m\u0131z say\u0259sind\u0259 sizin vaxt v\u0259 v\u0259sait s\u0259rf edilm\u0259sini t\u0259l\u0259b ed\u0259n maraqs\u0131z, amma h\u0259ddind\u0259n art\u0131q \u0259h\u0259miyy\u0259tli qeydiyyat aspektl\u0259rinin d\u0259rinin\u0259 getm\u0259yiniz\u0259 ehtiyac qalmayacaq. Biz prosedurun u\u011furlu v\u0259 \u0259n q\u0131sa m\u00fcdd\u0259td\u0259 h\u0259yata ke\u00e7irilm\u0259si \u00fc\u00e7\u00fcn FS-nin nec\u0259 v\u0259 harada qeydiyyatdan ke\u00e7irilm\u0259li oldu\u011funu bilirik.<\/p>\n<p>FS a\u00e7maq \u00fc\u00e7\u00fcn n\u0259 laz\u0131md\u0131r?<\/p>\n<p>FS a\u00e7\u0131lmas\u0131 qaydas\u0131 yorucu v\u0259 z\u0259hm\u0259tli prosedurdur, buna g\u00f6r\u0259 bizim bu sah\u0259d\u0259 b\u00f6y\u00fck t\u0259cr\u00fcb\u0259y\u0259 malik olan \u0259m\u0259kda\u015flar\u0131m\u0131z bu m\u0259s\u0259l\u0259d\u0259 siz\u0259 k\u00f6m\u0259k etm\u0259y\u0259 haz\u0131rd\u0131rlar.<\/p>\n<p>Yuxar\u0131da qeyd edilmi\u015f s\u0259n\u0259dl\u0259r paketi haz\u0131rland\u0131qdan sonra biz \u0259n q\u0131sa m\u00fcdd\u0259t \u0259rzind\u0259 FS-nin qeydiyyat\u0131 haqq\u0131nda q\u0259rar verilm\u0259sini t\u0259\u015fkil edirik. Z\u0259rur\u0259t olarsa, biz bayram v\u0259 istirah\u0259t g\u00fcnl\u0259ri d\u0259 xidm\u0259t g\u00f6st\u0259rm\u0259y\u0259 haz\u0131r\u0131q.[\/vc_column_text][vc_column_text][\/vc_column_text][\/vc_column][vc_column width=&#8221;1\/2&#8243;][vc_single_image image=&#8221;19301&#8243; img_size=&#8221;full&#8221; alignment=&#8221;center&#8221;][\/vc_column][\/vc_row][vc_row content_placement=&#8221;middle&#8221; css_animation=&#8221;fadeInUp&#8221; css=&#8221;.vc_custom_1632312060819{background-color: #f6f6f6 !important;}&#8221;][vc_column width=&#8221;1\/2&#8243;][vc_single_image image=&#8221;19304&#8243; img_size=&#8221;full&#8221; alignment=&#8221;center&#8221;][\/vc_column][vc_column width=&#8221;1\/2&#8243;][vc_column_text]<\/p>\n<h3>FS a\u00e7\u0131lmas\u0131 ne\u00e7\u0259y\u0259 ba\u015fa g\u0259lir?<\/h3>\n<p>\u015eirk\u0259timizl\u0259 m\u00fcqavil\u0259 ba\u011flan\u0131ld\u0131\u011f\u0131 zaman FS qeydiyyat\u0131n\u0131n d\u0259y\u0259ri qar\u015f\u0131da duran i\u015fin h\u0259cmind\u0259n v\u0259 qeydiyyat\u00f6nc\u0259si s\u0259n\u0259dl\u0259rin haz\u0131rl\u0131q d\u0259r\u0259c\u0259sind\u0259n as\u0131l\u0131d\u0131r. \u0130st\u0259nil\u0259n halda, \u015firk\u0259timizin h\u0259r bir potensial m\u00fc\u015ft\u0259riy\u0259 f\u0259rdi yana\u015fmaya y\u00f6n\u0259lmi\u015f elastik qiym\u0259t siyas\u0259ti bizim \u00fcst\u00fcnl\u00fcy\u00fcm\u00fczd\u00fcr.<\/p>\n<h3>FS a\u00e7\u0131lmas\u0131\u0131nda k\u00f6m\u0259klik<\/h3>\n<p>Art\u0131q qeyd edildiyi kimi, FS a\u00e7\u0131lmas\u0131 proseduru z\u0259hm\u0259tli v\u0259 i\u015f adamlar\u0131 \u00fc\u00e7\u00fcn o q\u0259d\u0259r d\u0259 c\u0259zbedici olmayan bir prosesdir. M\u0259hz bu s\u0259b\u0259bd\u0259n biz c\u0259zbedici \u015f\u0259rtl\u0259rl\u0259 qar\u015f\u0131l\u0131ql\u0131 s\u0259m\u0259r\u0259li \u0259m\u0259kda\u015fl\u0131q t\u0259klif edirik. Art\u0131q FS kimi qeydiyyatdan ke\u00e7mi\u015f, m\u0259hk\u0259m\u0259 q\u0259rar\u0131 \u0259sas\u0131nda sahibkarl\u0131qla m\u0259\u015f\u011ful olmaq h\u00fcququndan m\u0259hrum olanlardan ba\u015fqa, b\u00fct\u00fcn fiziki \u015f\u0259xsl\u0259r\u0259, o c\u00fcml\u0259d\u0259n m\u00fc\u0259ssis\u0259l\u0259ri m\u00fc\u0259yy\u0259n edilmi\u015f qaydada l\u0259\u011fv edilm\u0259mi\u015f v\u0259 b\u00fcdc\u0259y\u0259 borcu olmayan \u015f\u0259xsl\u0259r\u0259 \u0259limizd\u0259n g\u0259l\u0259n k\u00f6m\u0259yi etm\u0259y\u0259 haz\u0131r\u0131q. Biz qeydiyyat prosedurunu tez, keyfiyy\u0259tli, pe\u015f\u0259karcas\u0131na v\u0259 s\u0259m\u0259r\u0259li qiym\u0259tl\u0259rl\u0259 h\u0259yata ke\u00e7ir\u0259c\u0259yik, siz is\u0259 g\u00fcnd\u0259lik m\u0259\u015f\u011fuliyy\u0259td\u0259n azad olan vaxt\u0131n\u0131z\u0131 biznesiniz inki\u015faf\u0131na h\u0259sr ed\u0259 bil\u0259c\u0259ksiniz.[\/vc_column_text][\/vc_column][\/vc_row]<\/p>\n<\/div>","protected":false},"excerpt":{"rendered":"<p>[vc_row equal_height=&#8221;yes&#8221; css_animation=&#8221;fadeInUp&#8221;][vc_column][vc_column_text] F\u0259rdi Sahibkar\u0131n qeydiyyata al\u0131nmas\u0131 [\/vc_column_text][vc_column_text]\u015eirk\u0259timizin bir ne\u00e7\u0259 ildir ki, m\u00fcasir bazarda i\u015fl\u0259y\u0259n m\u00fct\u0259x\u0259ssisl\u0259ri bir \u00e7ox m\u00fc\u015ft\u0259riy\u0259 f\u0259rdi sahibkarl\u0131\u011f\u0131n qeydiyyatdan ke\u00e7irilm\u0259sind\u0259 k\u00f6mk\u0259klik g\u00f6st\u0259rmi\u015fdir. F\u0259rdi sahibkarlar\u0131n qeydiyyat\u0131 il\u0259 maraqlanan h\u0259r k\u0259sin qar\u015f\u0131la\u015fd\u0131\u011f\u0131 b\u00fct\u00fcn probleml\u0259r v\u0259 qanunvericiliyin b\u00fct\u00fcn inc\u0259likl\u0259ri biz\u0259 m\u0259lumdur. M\u0259hz buna g\u00f6r\u0259 biz h\u0259mi\u015f\u0259 \u0259m\u0259kda\u015fl\u0131\u011fa haz\u0131r\u0131q v\u0259 \u015firk\u0259tin potensial m\u00fc\u015ft\u0259ril\u0259rin\u0259 \u0259n adekvat qiym\u0259tl\u0259r<\/p>\n","protected":false},"author":1,"featured_media":0,"parent":0,"menu_order":0,"comment_status":"open","ping_status":"closed","template":"","meta":{"_acf_changed":false,"footnotes":""},"class_list":["post-666","page","type-page","status-publish","hentry"],"acf":[],"yoast_head":"<!-- This site is optimized with the Yoast SEO plugin v27.3 - https:\/\/yoast.com\/product\/yoast-seo-wordpress\/ -->\n<title>Bak\u0131da F\u0259rdi Sahibkar\u0131n qeydiyyat\u0131 FChain-da<\/title>\n<meta name=\"description\" content=\"F\u0259rdi sahibkarl\u0131\u011f\u0131n a\u00e7\u0131lmas\u0131 kifay\u0259t q\u0259d\u0259r vaxt v\u0259 enerji t\u0259l\u0259b edir,lakin FChain-la bu bel\u0259 deyil.Biziml\u0259, Siz arxay\u0131n \u015f\u0259kild\u0259 \u00f6z i\u015fl\u0259rinizl\u0259 m\u0259\u015f\u011ful ola...\" \/>\n<meta name=\"robots\" content=\"index, follow, max-snippet:-1, max-image-preview:large, max-video-preview:-1\" \/>\n<link rel=\"canonical\" href=\"https:\/\/az.f-chain.com\/az\/ferdi-sahibkarin-qeydiyyata-alinmasi\/\" \/>\n<meta property=\"og:locale\" content=\"az_AZ\" \/>\n<meta property=\"og:type\" content=\"article\" \/>\n<meta property=\"og:title\" content=\"Bak\u0131da F\u0259rdi Sahibkar\u0131n qeydiyyat\u0131 FChain-da\" \/>\n<meta property=\"og:description\" content=\"F\u0259rdi sahibkarl\u0131\u011f\u0131n a\u00e7\u0131lmas\u0131 kifay\u0259t q\u0259d\u0259r vaxt v\u0259 enerji t\u0259l\u0259b edir,lakin FChain-la bu bel\u0259 deyil.Biziml\u0259, Siz arxay\u0131n \u015f\u0259kild\u0259 \u00f6z i\u015fl\u0259rinizl\u0259 m\u0259\u015f\u011ful ola...\" \/>\n<meta property=\"og:url\" content=\"https:\/\/az.f-chain.com\/az\/ferdi-sahibkarin-qeydiyyata-alinmasi\/\" \/>\n<meta property=\"og:site_name\" content=\"FChain\" \/>\n<meta property=\"article:modified_time\" content=\"2021-09-22T12:05:59+00:00\" \/>\n<meta name=\"twitter:card\" content=\"summary_large_image\" \/>\n<script type=\"application\/ld+json\" class=\"yoast-schema-graph\">{\"@context\":\"https:\\\/\\\/schema.org\",\"@graph\":[{\"@type\":\"WebPage\",\"@id\":\"https:\\\/\\\/az.f-chain.com\\\/az\\\/ferdi-sahibkarin-qeydiyyata-alinmasi\\\/\",\"url\":\"https:\\\/\\\/az.f-chain.com\\\/az\\\/ferdi-sahibkarin-qeydiyyata-alinmasi\\\/\",\"name\":\"Bak\u0131da F\u0259rdi Sahibkar\u0131n qeydiyyat\u0131 FChain-da\",\"isPartOf\":{\"@id\":\"https:\\\/\\\/az.f-chain.com\\\/#website\"},\"datePublished\":\"2012-11-27T08:37:32+00:00\",\"dateModified\":\"2021-09-22T12:05:59+00:00\",\"description\":\"F\u0259rdi sahibkarl\u0131\u011f\u0131n a\u00e7\u0131lmas\u0131 kifay\u0259t q\u0259d\u0259r vaxt v\u0259 enerji t\u0259l\u0259b edir,lakin FChain-la bu bel\u0259 deyil.Biziml\u0259, Siz arxay\u0131n \u015f\u0259kild\u0259 \u00f6z i\u015fl\u0259rinizl\u0259 m\u0259\u015f\u011ful ola...\",\"breadcrumb\":{\"@id\":\"https:\\\/\\\/az.f-chain.com\\\/az\\\/ferdi-sahibkarin-qeydiyyata-alinmasi\\\/#breadcrumb\"},\"inLanguage\":\"az\",\"potentialAction\":[{\"@type\":\"ReadAction\",\"target\":[\"https:\\\/\\\/az.f-chain.com\\\/az\\\/ferdi-sahibkarin-qeydiyyata-alinmasi\\\/\"]}]},{\"@type\":\"BreadcrumbList\",\"@id\":\"https:\\\/\\\/az.f-chain.com\\\/az\\\/ferdi-sahibkarin-qeydiyyata-alinmasi\\\/#breadcrumb\",\"itemListElement\":[{\"@type\":\"ListItem\",\"position\":1,\"name\":\"Home\",\"item\":\"https:\\\/\\\/az.f-chain.com\\\/az\\\/\"},{\"@type\":\"ListItem\",\"position\":2,\"name\":\"F\u0259rdi Sahibkar\u0131n qeydiyyata al\u0131nmas\u0131\"}]},{\"@type\":\"WebSite\",\"@id\":\"https:\\\/\\\/az.f-chain.com\\\/#website\",\"url\":\"https:\\\/\\\/az.f-chain.com\\\/\",\"name\":\"FChain\",\"description\":\"Azerbaijan\",\"potentialAction\":[{\"@type\":\"SearchAction\",\"target\":{\"@type\":\"EntryPoint\",\"urlTemplate\":\"https:\\\/\\\/az.f-chain.com\\\/?s={search_term_string}\"},\"query-input\":{\"@type\":\"PropertyValueSpecification\",\"valueRequired\":true,\"valueName\":\"search_term_string\"}}],\"inLanguage\":\"az\"}]}<\/script>\n<!-- \/ Yoast SEO plugin. -->","yoast_head_json":{"title":"Bak\u0131da F\u0259rdi Sahibkar\u0131n qeydiyyat\u0131 FChain-da","description":"F\u0259rdi sahibkarl\u0131\u011f\u0131n a\u00e7\u0131lmas\u0131 kifay\u0259t q\u0259d\u0259r vaxt v\u0259 enerji t\u0259l\u0259b edir,lakin FChain-la bu bel\u0259 deyil.Biziml\u0259, Siz arxay\u0131n \u015f\u0259kild\u0259 \u00f6z i\u015fl\u0259rinizl\u0259 m\u0259\u015f\u011ful ola...","robots":{"index":"index","follow":"follow","max-snippet":"max-snippet:-1","max-image-preview":"max-image-preview:large","max-video-preview":"max-video-preview:-1"},"canonical":"https:\/\/az.f-chain.com\/az\/ferdi-sahibkarin-qeydiyyata-alinmasi\/","og_locale":"az_AZ","og_type":"article","og_title":"Bak\u0131da F\u0259rdi Sahibkar\u0131n qeydiyyat\u0131 FChain-da","og_description":"F\u0259rdi sahibkarl\u0131\u011f\u0131n a\u00e7\u0131lmas\u0131 kifay\u0259t q\u0259d\u0259r vaxt v\u0259 enerji t\u0259l\u0259b edir,lakin FChain-la bu bel\u0259 deyil.Biziml\u0259, Siz arxay\u0131n \u015f\u0259kild\u0259 \u00f6z i\u015fl\u0259rinizl\u0259 m\u0259\u015f\u011ful ola...","og_url":"https:\/\/az.f-chain.com\/az\/ferdi-sahibkarin-qeydiyyata-alinmasi\/","og_site_name":"FChain","article_modified_time":"2021-09-22T12:05:59+00:00","twitter_card":"summary_large_image","schema":{"@context":"https:\/\/schema.org","@graph":[{"@type":"WebPage","@id":"https:\/\/az.f-chain.com\/az\/ferdi-sahibkarin-qeydiyyata-alinmasi\/","url":"https:\/\/az.f-chain.com\/az\/ferdi-sahibkarin-qeydiyyata-alinmasi\/","name":"Bak\u0131da F\u0259rdi Sahibkar\u0131n qeydiyyat\u0131 FChain-da","isPartOf":{"@id":"https:\/\/az.f-chain.com\/#website"},"datePublished":"2012-11-27T08:37:32+00:00","dateModified":"2021-09-22T12:05:59+00:00","description":"F\u0259rdi sahibkarl\u0131\u011f\u0131n a\u00e7\u0131lmas\u0131 kifay\u0259t q\u0259d\u0259r vaxt v\u0259 enerji t\u0259l\u0259b edir,lakin FChain-la bu bel\u0259 deyil.Biziml\u0259, Siz arxay\u0131n \u015f\u0259kild\u0259 \u00f6z i\u015fl\u0259rinizl\u0259 m\u0259\u015f\u011ful ola...","breadcrumb":{"@id":"https:\/\/az.f-chain.com\/az\/ferdi-sahibkarin-qeydiyyata-alinmasi\/#breadcrumb"},"inLanguage":"az","potentialAction":[{"@type":"ReadAction","target":["https:\/\/az.f-chain.com\/az\/ferdi-sahibkarin-qeydiyyata-alinmasi\/"]}]},{"@type":"BreadcrumbList","@id":"https:\/\/az.f-chain.com\/az\/ferdi-sahibkarin-qeydiyyata-alinmasi\/#breadcrumb","itemListElement":[{"@type":"ListItem","position":1,"name":"Home","item":"https:\/\/az.f-chain.com\/az\/"},{"@type":"ListItem","position":2,"name":"F\u0259rdi Sahibkar\u0131n qeydiyyata al\u0131nmas\u0131"}]},{"@type":"WebSite","@id":"https:\/\/az.f-chain.com\/#website","url":"https:\/\/az.f-chain.com\/","name":"FChain","description":"Azerbaijan","potentialAction":[{"@type":"SearchAction","target":{"@type":"EntryPoint","urlTemplate":"https:\/\/az.f-chain.com\/?s={search_term_string}"},"query-input":{"@type":"PropertyValueSpecification","valueRequired":true,"valueName":"search_term_string"}}],"inLanguage":"az"}]}},"_links":{"self":[{"href":"https:\/\/az.f-chain.com\/az\/wp-json\/wp\/v2\/pages\/666","targetHints":{"allow":["GET"]}}],"collection":[{"href":"https:\/\/az.f-chain.com\/az\/wp-json\/wp\/v2\/pages"}],"about":[{"href":"https:\/\/az.f-chain.com\/az\/wp-json\/wp\/v2\/types\/page"}],"author":[{"embeddable":true,"href":"https:\/\/az.f-chain.com\/az\/wp-json\/wp\/v2\/users\/1"}],"replies":[{"embeddable":true,"href":"https:\/\/az.f-chain.com\/az\/wp-json\/wp\/v2\/comments?post=666"}],"version-history":[{"count":2,"href":"https:\/\/az.f-chain.com\/az\/wp-json\/wp\/v2\/pages\/666\/revisions"}],"predecessor-version":[{"id":19310,"href":"https:\/\/az.f-chain.com\/az\/wp-json\/wp\/v2\/pages\/666\/revisions\/19310"}],"wp:attachment":[{"href":"https:\/\/az.f-chain.com\/az\/wp-json\/wp\/v2\/media?parent=666"}],"curies":[{"name":"wp","href":"https:\/\/api.w.org\/{rel}","templated":true}]}}