{"id":646,"date":"2012-11-27T12:19:21","date_gmt":"2012-11-27T08:19:21","guid":{"rendered":"http:\/\/cacs.silencatech.com\/?page_id=646"},"modified":"2021-09-23T10:42:53","modified_gmt":"2021-09-23T07:42:53","slug":"gomruk-resmilesdirilmesi","status":"publish","type":"page","link":"https:\/\/az.f-chain.com\/az\/gomruk-resmilesdirilmesi\/","title":{"rendered":"G\u00f6mr\u00fck r\u0259smil\u0259\u015fdirilm\u0259si"},"content":{"rendered":"<div class=\"wpb-content-wrapper\"><p>[vc_row equal_height=&#8221;yes&#8221; css_animation=&#8221;fadeInUp&#8221;][vc_column][vc_column_text]<\/p>\n<h1>G\u00f6mr\u00fck r\u0259smil\u0259\u015fdirilm\u0259si<\/h1>\n<p>[\/vc_column_text][\/vc_column][\/vc_row][vc_row equal_height=&#8221;yes&#8221; content_placement=&#8221;middle&#8221; css_animation=&#8221;fadeInUp&#8221;][vc_column width=&#8221;1\/2&#8243;][vc_column_text]Y\u00fckl\u0259rin n\u0259qli, g\u00f6mr\u00fck r\u0259smil\u0259\u015fdirilm\u0259si kifay\u0259t q\u0259d\u0259r \u00e7ox vaxt v\u0259 s\u0259y t\u0259l\u0259b edir, eyni zamanda \u0259s\u0259bl\u0259ri korlay\u0131r. \u015eirk\u0259t r\u0259hb\u0259rliyi y\u00fczl\u0259rl\u0259 s\u0259n\u0259din, o c\u00fcml\u0259d\u0259n hesablar\u0131n, hesabatlar\u0131n, aktlar\u0131n v\u0259 dig\u0259r s\u0259n\u0259dl\u0259rin t\u0259rtib edilm\u0259si, emal\u0131 v\u0259 g\u00f6nd\u0259ri\u015fi il\u0259 m\u0259\u015f\u011ful olmaq m\u0259cburiyy\u0259tind\u0259dir. \u015eirk\u0259timizin xidm\u0259tl\u0259rind\u0259n istifad\u0259 etm\u0259kl\u0259, siz yuxar\u0131da sadalananlara vaxt s\u0259rf etm\u0259k z\u0259rur\u0259tind\u0259n xilas olacaqs\u0131n\u0131z. Y\u00fcks\u0259k ixtisasl\u0131 brokerl\u0259r, iqtisad\u00e7\u0131lar v\u0259 h\u00fcquq\u015f\u00fcnaslar q\u0131sa m\u00fcdd\u0259t \u0259rzind\u0259 biznesinizin ekspress-y\u00fckl\u0259rin g\u00f6mr\u00fck r\u0259smil\u0259\u015fdirilm\u0259si il\u0259 ba\u011fl\u0131 probleml\u0259rini h\u0259ll ed\u0259c\u0259kl\u0259r. Bu zaman bizim m\u00fct\u0259x\u0259ssisl\u0259rimizin xidm\u0259t haqq\u0131 olaraq \u00f6d\u0259nil\u0259n x\u0259rcl\u0259ri probleml\u0259ri \u015firk\u0259t r\u0259hb\u0259rliyinin \u00f6z\u00fcn\u00fcn h\u0259ll etm\u0259sin\u0259 s\u0259rf olunan m\u0259bl\u0259\u011fl\u0259 m\u00fcqayis\u0259 ets\u0259k, Az\u0259rbaycanda y\u00fckl\u0259rin g\u00f6mr\u00fckd\u0259 r\u0259smil\u0259\u015fdirilm\u0259si qiym\u0259tl\u0259ri \u0259lveri\u015fli v\u0259 s\u0259rf\u0259lidir.<\/p>\n<p>\u015eirk\u0259timizl\u0259 m\u00fcqavil\u0259 ba\u011flayan sifari\u015f\u00e7i ekspeditor xidm\u0259tl\u0259ri sah\u0259sind\u0259 pe\u015f\u0259kar m\u0259sl\u0259h\u0259tl\u0259r alaca\u011f\u0131ndan, icaz\u0259 s\u0259n\u0259dl\u0259rinin, sertifikatlar\u0131n v\u0259 n\u0259zar\u0259t orqanlar\u0131n\u0131n r\u0259yl\u0259rinin tez bir zamanda r\u0259smil\u0259\u015fdiril\u0259c\u0259yind\u0259n arxay\u0131n ola bil\u0259r. M\u00fct\u0259x\u0259ssisl\u0259rimiz m\u00fcvafiq d\u00f6vl\u0259t orqanlar\u0131n\u0131n b\u00fct\u00fcn funksional \u015f\u00f6b\u0259l\u0259rind\u0259 m\u00fcst\u0259sna olaraq sizin \u015firk\u0259tinizin maraqlar\u0131n\u0131 t\u0259msil ed\u0259c\u0259kl\u0259r. M\u00fcqavil\u0259 ba\u011flanmas\u0131 \u015f\u0259rtil\u0259, g\u00f6mr\u00fck xidm\u0259tl\u0259ri, y\u00fckl\u0259rin g\u00f6mr\u00fck r\u0259smil\u0259\u015fdirilm\u0259si (idxal v\u0259 ixrac) m\u00fcmk\u00fcn riskl\u0259rin v\u0259 \u0259lav\u0259 x\u0259rcl\u0259rin istisna edilm\u0259si dem\u0259kdir.[\/vc_column_text][\/vc_column][vc_column width=&#8221;1\/2&#8243;][vc_single_image image=&#8221;19448&#8243; img_size=&#8221;full&#8221; alignment=&#8221;center&#8221;][\/vc_column][\/vc_row][vc_row content_placement=&#8221;middle&#8221; css_animation=&#8221;fadeInUp&#8221; css=&#8221;.vc_custom_1632382783286{margin-bottom: 0px !important;background-color: #f6f6f6 !important;}&#8221;][vc_column width=&#8221;1\/2&#8243;][vc_single_image image=&#8221;19452&#8243; img_size=&#8221;full&#8221; alignment=&#8221;center&#8221;][\/vc_column][vc_column width=&#8221;1\/2&#8243;][vc_column_text]<\/p>\n<h3>Y\u00fckl\u0259rin g\u00f6mr\u00fck r\u0259smil\u0259\u015fdirilm\u0259si \u00fczr\u0259 xidm\u0259tl\u0259r<\/h3>\n<p>\u015eirk\u0259timizin g\u00f6mr\u00fck i\u015fl\u0259ri \u00fczr\u0259 g\u00f6st\u0259rdiyi xidm\u0259tl\u0259r t\u0259kc\u0259 z\u0259ruri icaz\u0259 s\u0259n\u0259dl\u0259ri paketinin haz\u0131rlanmas\u0131ndan ibar\u0259t deyil. Z\u0259rur\u0259t olarsa, sifari\u015f\u00e7iy\u0259 ist\u0259nil\u0259n m\u0259rh\u0259l\u0259d\u0259 g\u00f6mr\u00fck r\u0259smil\u0259\u015fdirilm\u0259si prosesin\u0259 n\u0259zar\u0259t etm\u0259k imkan\u0131 verilir. Y\u00fcks\u0259k ixtisas s\u0259viyy\u0259si v\u0259 \u00e7oxillik u\u011furlu i\u015f t\u0259cr\u00fcb\u0259si say\u0259sind\u0259 biz sizin biznesinisin geni\u015fl\u0259ndirilm\u0259si v\u0259 g\u0259l\u0259c\u0259k inki\u015faf\u0131 \u00fc\u00e7\u00fcn optimal h\u0259ll tapaca\u011f\u0131q. Qar\u015f\u0131l\u0131ql\u0131 s\u0259m\u0259r\u0259li v\u0259 tamamil\u0259 \u015f\u0259ffaf \u0259m\u0259kda\u015fl\u0131q n\u0259tic\u0259sind\u0259 sifari\u015f\u00e7i puluna v\u0259 vaxt\u0131na q\u0259na\u0259t ed\u0259c\u0259k v\u0259 bu v\u0259saitini v\u0259 vaxt\u0131n\u0131 birinci d\u0259r\u0259c\u0259li biznes v\u0259zif\u0259l\u0259rinin h\u0259llin\u0259 y\u00f6n\u0259ld\u0259 bil\u0259c\u0259k. Qeyd etm\u0259k laz\u0131md\u0131r ki, \u015firk\u0259timiz ist\u0259nil\u0259n n\u00f6v y\u00fck\u00fcn, o c\u00fcml\u0259d\u0259n m\u0259i\u015f\u0259t m\u0259hsullar\u0131n\u0131n v\u0259 y\u00fcks\u0259k texnologiya mallar\u0131n\u0131n v\u0259 hiss\u0259l\u0259rinin g\u00f6mr\u00fck r\u0259smil\u0259\u015fdirilm\u0259sin\u0259 z\u0259man\u0259t verir.<\/p>\n<p>\u015eirk\u0259t r\u0259hb\u0259rliyi y\u00fckl\u0259rin g\u00f6mr\u00fck r\u0259smil\u0259\u015fdirilm\u0259si sah\u0259sind\u0259ki qay\u011f\u0131lar\u0131 n\u0259 q\u0259d\u0259r tez bizim pe\u015f\u0259karlar\u0131m\u0131z\u0131n \u00fcz\u0259rin\u0259 atarsa, m\u00fch\u00fcm v\u0259zif\u0259l\u0259rinin h\u0259llin\u0259 daha \u00e7ox vaxt\u0131 qalacaq ki, bu da biznesin s\u0259m\u0259r\u0259liliyini v\u0259 faydal\u0131l\u0131\u011f\u0131n\u0131 art\u0131racaq. Sizin \u00fc\u00e7\u00fcn \u0259lveri\u015fli olan vaxtda sayt\u0131m\u0131zda t\u0259qdim edilmi\u015f telefon n\u00f6mr\u0259l\u0259rin\u0259 z\u0259ng ed\u0259r\u0259k, \u0259m\u0259kda\u015fl\u0131q \u015f\u0259rtl\u0259ri il\u0259 daha \u0259trafl\u0131 tan\u0131\u015f ola bil\u0259rsiniz.[\/vc_column_text][\/vc_column][\/vc_row]<\/p>\n<\/div>","protected":false},"excerpt":{"rendered":"<p>[vc_row equal_height=&#8221;yes&#8221; css_animation=&#8221;fadeInUp&#8221;][vc_column][vc_column_text] G\u00f6mr\u00fck r\u0259smil\u0259\u015fdirilm\u0259si [\/vc_column_text][\/vc_column][\/vc_row][vc_row equal_height=&#8221;yes&#8221; content_placement=&#8221;middle&#8221; css_animation=&#8221;fadeInUp&#8221;][vc_column width=&#8221;1\/2&#8243;][vc_column_text]Y\u00fckl\u0259rin n\u0259qli, g\u00f6mr\u00fck r\u0259smil\u0259\u015fdirilm\u0259si kifay\u0259t q\u0259d\u0259r \u00e7ox vaxt v\u0259 s\u0259y t\u0259l\u0259b edir, eyni zamanda \u0259s\u0259bl\u0259ri korlay\u0131r. \u015eirk\u0259t r\u0259hb\u0259rliyi y\u00fczl\u0259rl\u0259 s\u0259n\u0259din, o c\u00fcml\u0259d\u0259n hesablar\u0131n, hesabatlar\u0131n, aktlar\u0131n v\u0259 dig\u0259r s\u0259n\u0259dl\u0259rin t\u0259rtib edilm\u0259si, emal\u0131 v\u0259 g\u00f6nd\u0259ri\u015fi il\u0259 m\u0259\u015f\u011ful olmaq m\u0259cburiyy\u0259tind\u0259dir. \u015eirk\u0259timizin xidm\u0259tl\u0259rind\u0259n istifad\u0259 etm\u0259kl\u0259, siz yuxar\u0131da sadalananlara vaxt s\u0259rf<\/p>\n","protected":false},"author":1,"featured_media":0,"parent":0,"menu_order":0,"comment_status":"open","ping_status":"closed","template":"","meta":{"_acf_changed":false,"footnotes":""},"class_list":["post-646","page","type-page","status-publish","hentry"],"acf":[],"yoast_head":"<!-- This site is optimized with the Yoast SEO plugin v27.3 - https:\/\/yoast.com\/product\/yoast-seo-wordpress\/ -->\n<title>Bak\u0131da g\u00f6mr\u00fck s\u0259n\u0259dl\u0259rinin qeydiyyat\u0131 FChain-da<\/title>\n<meta name=\"description\" content=\"Vaxt v\u0259 \u0259s\u0259bl\u0259riniz\u0259 q\u0259na\u0259t ed\u0259r\u0259k, Siz\u0259 g\u00f6mr\u00fck s\u0259n\u0259dl\u0259riniin qeydiyyat\u0131nda \u00f6z k\u00f6m\u0259yimizi t\u0259klif edirik. G\u00f6mr\u00fckd\u0259 y\u00fck\u00fcn qeydiyyat\u0131 m\u0259qbul qiym\u0259t\u0259dir.\" \/>\n<meta name=\"robots\" content=\"index, follow, max-snippet:-1, max-image-preview:large, max-video-preview:-1\" \/>\n<link rel=\"canonical\" href=\"https:\/\/az.f-chain.com\/az\/gomruk-resmilesdirilmesi\/\" \/>\n<meta property=\"og:locale\" content=\"az_AZ\" \/>\n<meta property=\"og:type\" content=\"article\" \/>\n<meta property=\"og:title\" content=\"Bak\u0131da g\u00f6mr\u00fck s\u0259n\u0259dl\u0259rinin qeydiyyat\u0131 FChain-da\" \/>\n<meta property=\"og:description\" content=\"Vaxt v\u0259 \u0259s\u0259bl\u0259riniz\u0259 q\u0259na\u0259t ed\u0259r\u0259k, Siz\u0259 g\u00f6mr\u00fck s\u0259n\u0259dl\u0259riniin qeydiyyat\u0131nda \u00f6z k\u00f6m\u0259yimizi t\u0259klif edirik. G\u00f6mr\u00fckd\u0259 y\u00fck\u00fcn qeydiyyat\u0131 m\u0259qbul qiym\u0259t\u0259dir.\" \/>\n<meta property=\"og:url\" content=\"https:\/\/az.f-chain.com\/az\/gomruk-resmilesdirilmesi\/\" \/>\n<meta property=\"og:site_name\" content=\"FChain\" \/>\n<meta property=\"article:modified_time\" content=\"2021-09-23T07:42:53+00:00\" \/>\n<meta name=\"twitter:card\" content=\"summary_large_image\" \/>\n<script type=\"application\/ld+json\" class=\"yoast-schema-graph\">{\"@context\":\"https:\\\/\\\/schema.org\",\"@graph\":[{\"@type\":\"WebPage\",\"@id\":\"https:\\\/\\\/az.f-chain.com\\\/az\\\/gomruk-resmilesdirilmesi\\\/\",\"url\":\"https:\\\/\\\/az.f-chain.com\\\/az\\\/gomruk-resmilesdirilmesi\\\/\",\"name\":\"Bak\u0131da g\u00f6mr\u00fck s\u0259n\u0259dl\u0259rinin qeydiyyat\u0131 FChain-da\",\"isPartOf\":{\"@id\":\"https:\\\/\\\/az.f-chain.com\\\/#website\"},\"datePublished\":\"2012-11-27T08:19:21+00:00\",\"dateModified\":\"2021-09-23T07:42:53+00:00\",\"description\":\"Vaxt v\u0259 \u0259s\u0259bl\u0259riniz\u0259 q\u0259na\u0259t ed\u0259r\u0259k, Siz\u0259 g\u00f6mr\u00fck s\u0259n\u0259dl\u0259riniin qeydiyyat\u0131nda \u00f6z k\u00f6m\u0259yimizi t\u0259klif edirik. G\u00f6mr\u00fckd\u0259 y\u00fck\u00fcn qeydiyyat\u0131 m\u0259qbul qiym\u0259t\u0259dir.\",\"breadcrumb\":{\"@id\":\"https:\\\/\\\/az.f-chain.com\\\/az\\\/gomruk-resmilesdirilmesi\\\/#breadcrumb\"},\"inLanguage\":\"az\",\"potentialAction\":[{\"@type\":\"ReadAction\",\"target\":[\"https:\\\/\\\/az.f-chain.com\\\/az\\\/gomruk-resmilesdirilmesi\\\/\"]}]},{\"@type\":\"BreadcrumbList\",\"@id\":\"https:\\\/\\\/az.f-chain.com\\\/az\\\/gomruk-resmilesdirilmesi\\\/#breadcrumb\",\"itemListElement\":[{\"@type\":\"ListItem\",\"position\":1,\"name\":\"Home\",\"item\":\"https:\\\/\\\/az.f-chain.com\\\/az\\\/\"},{\"@type\":\"ListItem\",\"position\":2,\"name\":\"G\u00f6mr\u00fck r\u0259smil\u0259\u015fdirilm\u0259si\"}]},{\"@type\":\"WebSite\",\"@id\":\"https:\\\/\\\/az.f-chain.com\\\/#website\",\"url\":\"https:\\\/\\\/az.f-chain.com\\\/\",\"name\":\"FChain\",\"description\":\"Azerbaijan\",\"potentialAction\":[{\"@type\":\"SearchAction\",\"target\":{\"@type\":\"EntryPoint\",\"urlTemplate\":\"https:\\\/\\\/az.f-chain.com\\\/?s={search_term_string}\"},\"query-input\":{\"@type\":\"PropertyValueSpecification\",\"valueRequired\":true,\"valueName\":\"search_term_string\"}}],\"inLanguage\":\"az\"}]}<\/script>\n<!-- \/ Yoast SEO plugin. -->","yoast_head_json":{"title":"Bak\u0131da g\u00f6mr\u00fck s\u0259n\u0259dl\u0259rinin qeydiyyat\u0131 FChain-da","description":"Vaxt v\u0259 \u0259s\u0259bl\u0259riniz\u0259 q\u0259na\u0259t ed\u0259r\u0259k, Siz\u0259 g\u00f6mr\u00fck s\u0259n\u0259dl\u0259riniin qeydiyyat\u0131nda \u00f6z k\u00f6m\u0259yimizi t\u0259klif edirik. G\u00f6mr\u00fckd\u0259 y\u00fck\u00fcn qeydiyyat\u0131 m\u0259qbul qiym\u0259t\u0259dir.","robots":{"index":"index","follow":"follow","max-snippet":"max-snippet:-1","max-image-preview":"max-image-preview:large","max-video-preview":"max-video-preview:-1"},"canonical":"https:\/\/az.f-chain.com\/az\/gomruk-resmilesdirilmesi\/","og_locale":"az_AZ","og_type":"article","og_title":"Bak\u0131da g\u00f6mr\u00fck s\u0259n\u0259dl\u0259rinin qeydiyyat\u0131 FChain-da","og_description":"Vaxt v\u0259 \u0259s\u0259bl\u0259riniz\u0259 q\u0259na\u0259t ed\u0259r\u0259k, Siz\u0259 g\u00f6mr\u00fck s\u0259n\u0259dl\u0259riniin qeydiyyat\u0131nda \u00f6z k\u00f6m\u0259yimizi t\u0259klif edirik. G\u00f6mr\u00fckd\u0259 y\u00fck\u00fcn qeydiyyat\u0131 m\u0259qbul qiym\u0259t\u0259dir.","og_url":"https:\/\/az.f-chain.com\/az\/gomruk-resmilesdirilmesi\/","og_site_name":"FChain","article_modified_time":"2021-09-23T07:42:53+00:00","twitter_card":"summary_large_image","schema":{"@context":"https:\/\/schema.org","@graph":[{"@type":"WebPage","@id":"https:\/\/az.f-chain.com\/az\/gomruk-resmilesdirilmesi\/","url":"https:\/\/az.f-chain.com\/az\/gomruk-resmilesdirilmesi\/","name":"Bak\u0131da g\u00f6mr\u00fck s\u0259n\u0259dl\u0259rinin qeydiyyat\u0131 FChain-da","isPartOf":{"@id":"https:\/\/az.f-chain.com\/#website"},"datePublished":"2012-11-27T08:19:21+00:00","dateModified":"2021-09-23T07:42:53+00:00","description":"Vaxt v\u0259 \u0259s\u0259bl\u0259riniz\u0259 q\u0259na\u0259t ed\u0259r\u0259k, Siz\u0259 g\u00f6mr\u00fck s\u0259n\u0259dl\u0259riniin qeydiyyat\u0131nda \u00f6z k\u00f6m\u0259yimizi t\u0259klif edirik. G\u00f6mr\u00fckd\u0259 y\u00fck\u00fcn qeydiyyat\u0131 m\u0259qbul qiym\u0259t\u0259dir.","breadcrumb":{"@id":"https:\/\/az.f-chain.com\/az\/gomruk-resmilesdirilmesi\/#breadcrumb"},"inLanguage":"az","potentialAction":[{"@type":"ReadAction","target":["https:\/\/az.f-chain.com\/az\/gomruk-resmilesdirilmesi\/"]}]},{"@type":"BreadcrumbList","@id":"https:\/\/az.f-chain.com\/az\/gomruk-resmilesdirilmesi\/#breadcrumb","itemListElement":[{"@type":"ListItem","position":1,"name":"Home","item":"https:\/\/az.f-chain.com\/az\/"},{"@type":"ListItem","position":2,"name":"G\u00f6mr\u00fck r\u0259smil\u0259\u015fdirilm\u0259si"}]},{"@type":"WebSite","@id":"https:\/\/az.f-chain.com\/#website","url":"https:\/\/az.f-chain.com\/","name":"FChain","description":"Azerbaijan","potentialAction":[{"@type":"SearchAction","target":{"@type":"EntryPoint","urlTemplate":"https:\/\/az.f-chain.com\/?s={search_term_string}"},"query-input":{"@type":"PropertyValueSpecification","valueRequired":true,"valueName":"search_term_string"}}],"inLanguage":"az"}]}},"_links":{"self":[{"href":"https:\/\/az.f-chain.com\/az\/wp-json\/wp\/v2\/pages\/646","targetHints":{"allow":["GET"]}}],"collection":[{"href":"https:\/\/az.f-chain.com\/az\/wp-json\/wp\/v2\/pages"}],"about":[{"href":"https:\/\/az.f-chain.com\/az\/wp-json\/wp\/v2\/types\/page"}],"author":[{"embeddable":true,"href":"https:\/\/az.f-chain.com\/az\/wp-json\/wp\/v2\/users\/1"}],"replies":[{"embeddable":true,"href":"https:\/\/az.f-chain.com\/az\/wp-json\/wp\/v2\/comments?post=646"}],"version-history":[{"count":2,"href":"https:\/\/az.f-chain.com\/az\/wp-json\/wp\/v2\/pages\/646\/revisions"}],"predecessor-version":[{"id":19460,"href":"https:\/\/az.f-chain.com\/az\/wp-json\/wp\/v2\/pages\/646\/revisions\/19460"}],"wp:attachment":[{"href":"https:\/\/az.f-chain.com\/az\/wp-json\/wp\/v2\/media?parent=646"}],"curies":[{"name":"wp","href":"https:\/\/api.w.org\/{rel}","templated":true}]}}