{"id":643,"date":"2012-11-27T12:17:09","date_gmt":"2012-11-27T08:17:09","guid":{"rendered":"http:\/\/cacs.silencatech.com\/?page_id=643"},"modified":"2021-09-22T10:28:15","modified_gmt":"2021-09-22T07:28:15","slug":"meslehet-xidmetleri","status":"publish","type":"page","link":"https:\/\/az.f-chain.com\/az\/meslehet-xidmetleri\/","title":{"rendered":"M\u0259sl\u0259h\u0259t Xidm\u0259tl\u0259ri"},"content":{"rendered":"<div class=\"wpb-content-wrapper\"><p>[vc_row equal_height=&#8221;yes&#8221; css_animation=&#8221;fadeInUp&#8221;][vc_column][vc_column_text]<\/p>\n<h1>M\u0259sl\u0259h\u0259t Xidm\u0259tl\u0259ri<\/h1>\n<p>[\/vc_column_text][\/vc_column][\/vc_row][vc_row equal_height=&#8221;yes&#8221; content_placement=&#8221;middle&#8221; css_animation=&#8221;fadeInUp&#8221;][vc_column width=&#8221;1\/2&#8243;][vc_column_text]Daim t\u0259kmill\u0259\u015fdiril\u0259n qanunvericiliyin t\u0259l\u0259bl\u0259rin\u0259 \u0259sas\u0259n, d\u00f6vl\u0259t qeydiyyat\u0131ndan ke\u00e7mi\u015f h\u0259r bir m\u00fc\u0259ssis\u0259 m\u00fchasibat, vergi v\u0259 maliyy\u0259 u\u00e7otu aparmal\u0131d\u0131r. Bu, t\u0259s\u0259rr\u00fcfat f\u0259aliyy\u0259l\u0259rinin fasil\u0259siz olaraq s\u0259n\u0259dl\u0259\u015fdirilm\u0259si, onlar\u0131n t\u0259hlili, hesabatlar\u0131n t\u0259rtib edilm\u0259si v\u0259 daha sonra m\u00fcvafiq orqanlara verilm\u0259si prosesini n\u0259z\u0259rd\u0259 tutur. M\u00fchasibat u\u00e7otunun d\u00fczg\u00fcn apar\u0131lmas\u0131nda ilk n\u00f6vb\u0259d\u0259 qanun qar\u015f\u0131s\u0131nda m\u0259suliyy\u0259t da\u015f\u0131yan m\u00fc\u0259ssis\u0259 r\u0259hb\u0259rl\u0259ri maraql\u0131d\u0131r. \u018fks\u0259r hallarda m\u00fc\u0259yy\u0259n sah\u0259d\u0259 i\u015fl\u0259y\u0259n v\u0259 bir s\u0131ra spesifik \u0259m\u0259liyyatlarla kifay\u0259tl\u0259n\u0259n \u015ftatl\u0131 m\u00fchasibin qanunvericilikd\u0259ki d\u0259yi\u015fiklikl\u0259r\u0259 b\u0259l\u0259d olmas\u0131 \u00e7\u0259tindir. M\u0259hz buna g\u00f6r\u0259 m\u00fchasibat u\u00e7otu v\u0259 vergil\u0259rl\u0259 ba\u011fl\u0131 m\u00fcst\u0259qil m\u00fct\u0259x\u0259ssisl\u0259rin verdiyi m\u0259sl\u0259h\u0259tl\u0259r m\u00fcasir bazar\u0131n t\u0259l\u0259bat\u0131 olan bir z\u0259rur\u0259tdir. \u015eirk\u0259timizin autsorsinq v\u0259 konsaltinq sah\u0259sind\u0259 \u00e7oxillik u\u011furlu i\u015f t\u0259cr\u00fcb\u0259si var, buna g\u00f6r\u0259 m\u00fc\u0259ssis\u0259 r\u0259hb\u0259rliyinin y\u00fcks\u0259k ixtisasl\u0131 iqtisad\u00e7\u0131lardan, h\u00fcquq\u015f\u00fcnaslardan m\u00fchasibatla ba\u011fl\u0131 ald\u0131\u011f\u0131 m\u0259sl\u0259h\u0259tl\u0259r m\u00fchasibat v\u0259 vergi riskl\u0259rinin minimuma endirilm\u0259sind\u0259 g\u00fccl\u00fc vasit\u0259dir.<\/p>\n<p>Maddi faydan\u0131 (m\u0259sl\u0259h\u0259tl\u0259r al\u0131nmas\u0131n\u0131n d\u0259y\u0259ri daimi \u0259saslarla \u015ftatl\u0131 m\u00fchasibat\u00e7\u0131lar saxlamaqdan d\u0259f\u0259l\u0259rl\u0259 ucuzdur) da n\u0259z\u0259r\u0259 alsaq, n\u0259tic\u0259 g\u00f6z \u00f6n\u00fcnd\u0259dir.[\/vc_column_text][\/vc_column][vc_column width=&#8221;1\/2&#8243;][vc_single_image image=&#8221;19187&#8243; img_size=&#8221;full&#8221; alignment=&#8221;center&#8221;][\/vc_column][\/vc_row][vc_row content_placement=&#8221;middle&#8221; css_animation=&#8221;fadeInUp&#8221; css=&#8221;.vc_custom_1632295479393{margin-bottom: 0px !important;background-color: #f6f6f6 !important;}&#8221;][vc_column width=&#8221;1\/2&#8243;][vc_single_image image=&#8221;19190&#8243; img_size=&#8221;full&#8221; alignment=&#8221;center&#8221;][\/vc_column][vc_column width=&#8221;1\/2&#8243;][vc_column_text]<\/p>\n<section class=\"page-section text\">\n<div class=\"container\">\n<div class=\"jc-between\">\n<div class=\"vc_row wpb_row vc_row-fluid vc_custom_1477299407949 vc_row-has-fill\">\n<div class=\"wpb_column vc_column_container vc_col-sm-12\">\n<div class=\"vc_column-inner\">\n<div class=\"wpb_wrapper\">\n<div class=\"wpb_text_column wpb_content_element \">\n<div class=\"wpb_wrapper\">\n<h3>Vergil\u0259rl\u0259 ba\u011fl\u0131 m\u0259sl\u0259h\u0259tl\u0259r<\/h3>\n<p>\u00c7ox vaxt qanunvericilikd\u0259ki d\u0259yi\u015fiklikl\u0259r m\u0259hz vergil\u0259rin hesablanmas\u0131 v\u0259 \u00f6d\u0259nilm\u0259si sah\u0259sin\u0259 aid olur, vergi m\u00fcbahis\u0259l\u0259rinin h\u0259llind\u0259 u\u011fur is\u0259 m\u00fchasibat karg\u00fczarl\u0131\u011f\u0131n\u0131n apar\u0131lmas\u0131ndak\u0131 inc\u0259 m\u0259qamlar haqq\u0131nda m\u0259lumatl\u0131l\u0131\u011f\u0131n n\u0259tic\u0259sidir. \u015eirk\u0259timiz Az\u0259rbaycanda vergil\u0259rl\u0259 ba\u011fl\u0131 y\u00fcks\u0259k s\u0259viyy\u0259li m\u0259sl\u0259h\u0259tl\u0259r t\u0259klif edir. Bu m\u0259sl\u0259h\u0259tl\u0259r t\u0259kc\u0259 h\u00fcquqi normalar\u0131n deyil, h\u0259m d\u0259 konkret bir m\u00fc\u0259ssis\u0259nin f\u0259aliyy\u0259t aspektl\u0259rinin izah edilm\u0259sind\u0259n ibar\u0259tdir. H\u00fcquq\u015f\u00fcnas\u0131n vergil\u0259rl\u0259 ba\u011fl\u0131 m\u0259sl\u0259h\u0259ti r\u0259hb\u0259rl\u0259rin v\u0259 ba\u015f m\u00fchasibl\u0259rin vergi qanunvericiliyi sah\u0259sind\u0259 \u0259n aktual m\u0259lumatlarla tan\u0131\u015f olmas\u0131na k\u00f6m\u0259k ed\u0259c\u0259k. Bu m\u0259sl\u0259h\u0259tl\u0259rin qiym\u0259ti f\u0259rdi olaraq m\u00fc\u0259yy\u0259n edilir. Bak\u0131da \u201cVergi m\u0259sl\u0259h\u0259tl\u0259ri\u201d xidm\u0259tind\u0259n faydalanmaq \u00fc\u00e7\u00fcn saytda t\u0259qdim edilmi\u015f telefon n\u00f6mr\u0259l\u0259rin\u0259 z\u0259ng etm\u0259k v\u0259 sifari\u015f formala\u015fd\u0131rmaq kifay\u0259tdir. Qanunvericilik bazas\u0131 il\u0259 ba\u011fl\u0131 ist\u0259nil\u0259n suallara cavablar, h\u00fcquq normalar\u0131n\u0131n izah\u0131, onlar\u0131n t\u0259cr\u00fcb\u0259d\u0259 t\u0259tbiqi, n\u0259zar\u0259t orqan\u0131 il\u0259 vergi m\u00fcbahis\u0259l\u0259rinin inc\u0259likl\u0259ri \u0259trafl\u0131 \u015f\u0259kild\u0259 a\u00e7\u0131qlanacaq. Siz autsorsinq haqq\u0131nda m\u00fcqavil\u0259 \u00e7\u0259r\u00e7iv\u0259sind\u0259 daimi \u0259saslarla konsaltinq xidm\u0259tl\u0259rind\u0259n istifad\u0259 ed\u0259 v\u0259 ya konkret m\u0259s\u0259l\u0259 il\u0259 ba\u011fl\u0131 bird\u0259f\u0259lik m\u0259sl\u0259h\u0259t ala bil\u0259rsiniz. Biznesinizin inki\u015faf\u0131 \u00fc\u00e7\u00fcn keyfiyy\u0259tli xidm\u0259t g\u00f6st\u0259ril\u0259c\u0259yin\u0259, f\u0259rdi yana\u015fmaya v\u0259 h\u0259r bir m\u00fc\u015ft\u0259ri \u00fc\u00e7\u00fcn \u0259lveri\u015fli qiym\u0259tl\u0259r\u0259 z\u0259man\u0259t veririk.<\/p>\n<\/div>\n<\/div>\n<\/div>\n<\/div>\n<\/div>\n<\/div>\n<\/div>\n<\/div>\n<\/section>\n<section class=\"consultation\">\n<div class=\"container\">\n<div class=\"consultation__inner\">\n<h2><\/h2>\n<p>&nbsp;<\/p>\n<\/div>\n<\/div>\n<\/section>\n<p>[\/vc_column_text][\/vc_column][\/vc_row]<\/p>\n<\/div>","protected":false},"excerpt":{"rendered":"<p>[vc_row equal_height=&#8221;yes&#8221; css_animation=&#8221;fadeInUp&#8221;][vc_column][vc_column_text] M\u0259sl\u0259h\u0259t Xidm\u0259tl\u0259ri [\/vc_column_text][\/vc_column][\/vc_row][vc_row equal_height=&#8221;yes&#8221; content_placement=&#8221;middle&#8221; css_animation=&#8221;fadeInUp&#8221;][vc_column width=&#8221;1\/2&#8243;][vc_column_text]Daim t\u0259kmill\u0259\u015fdiril\u0259n qanunvericiliyin t\u0259l\u0259bl\u0259rin\u0259 \u0259sas\u0259n, d\u00f6vl\u0259t qeydiyyat\u0131ndan ke\u00e7mi\u015f h\u0259r bir m\u00fc\u0259ssis\u0259 m\u00fchasibat, vergi v\u0259 maliyy\u0259 u\u00e7otu aparmal\u0131d\u0131r. Bu, t\u0259s\u0259rr\u00fcfat f\u0259aliyy\u0259l\u0259rinin fasil\u0259siz olaraq s\u0259n\u0259dl\u0259\u015fdirilm\u0259si, onlar\u0131n t\u0259hlili, hesabatlar\u0131n t\u0259rtib edilm\u0259si v\u0259 daha sonra m\u00fcvafiq orqanlara verilm\u0259si prosesini n\u0259z\u0259rd\u0259 tutur. M\u00fchasibat u\u00e7otunun d\u00fczg\u00fcn apar\u0131lmas\u0131nda ilk n\u00f6vb\u0259d\u0259 qanun qar\u015f\u0131s\u0131nda m\u0259suliyy\u0259t<\/p>\n","protected":false},"author":1,"featured_media":0,"parent":0,"menu_order":0,"comment_status":"open","ping_status":"closed","template":"","meta":{"_acf_changed":false,"footnotes":""},"class_list":["post-643","page","type-page","status-publish","hentry"],"acf":[],"yoast_head":"<!-- This site is optimized with the Yoast SEO plugin v27.3 - https:\/\/yoast.com\/product\/yoast-seo-wordpress\/ -->\n<title>M\u00fchasibat v\u0259 vergi \u00fczr\u0259 m\u0259sl\u0259h\u0259t xim\u0259tl\u0259ri - Financial Chain Corporation - Bak\u0131<\/title>\n<meta name=\"description\" content=\"FCHA\u0130N Az\u0259rbaycanda vergil\u0259rl\u0259 ba\u011fl\u0131 y\u00fcks\u0259k s\u0259viyy\u0259li m\u0259sl\u0259h\u0259tl\u0259r t\u0259klif edir. M\u00fchasibat v\u0259 maliyy\u0259 u\u00e7otunun d\u00fczg\u00fcn v\u0259 vaxt\u0131nda apar\u0131lmas\u0131.\" \/>\n<meta name=\"robots\" content=\"index, follow, max-snippet:-1, max-image-preview:large, max-video-preview:-1\" \/>\n<link rel=\"canonical\" href=\"https:\/\/az.f-chain.com\/az\/meslehet-xidmetleri\/\" \/>\n<meta property=\"og:locale\" content=\"az_AZ\" \/>\n<meta property=\"og:type\" content=\"article\" \/>\n<meta property=\"og:title\" content=\"M\u00fchasibat v\u0259 vergi \u00fczr\u0259 m\u0259sl\u0259h\u0259t xim\u0259tl\u0259ri - Financial Chain Corporation - Bak\u0131\" \/>\n<meta property=\"og:description\" content=\"FCHA\u0130N Az\u0259rbaycanda vergil\u0259rl\u0259 ba\u011fl\u0131 y\u00fcks\u0259k s\u0259viyy\u0259li m\u0259sl\u0259h\u0259tl\u0259r t\u0259klif edir. M\u00fchasibat v\u0259 maliyy\u0259 u\u00e7otunun d\u00fczg\u00fcn v\u0259 vaxt\u0131nda apar\u0131lmas\u0131.\" \/>\n<meta property=\"og:url\" content=\"https:\/\/az.f-chain.com\/az\/meslehet-xidmetleri\/\" \/>\n<meta property=\"og:site_name\" content=\"FChain\" \/>\n<meta property=\"article:modified_time\" content=\"2021-09-22T07:28:15+00:00\" \/>\n<meta name=\"twitter:card\" content=\"summary_large_image\" \/>\n<script type=\"application\/ld+json\" class=\"yoast-schema-graph\">{\"@context\":\"https:\\\/\\\/schema.org\",\"@graph\":[{\"@type\":\"WebPage\",\"@id\":\"https:\\\/\\\/az.f-chain.com\\\/az\\\/meslehet-xidmetleri\\\/\",\"url\":\"https:\\\/\\\/az.f-chain.com\\\/az\\\/meslehet-xidmetleri\\\/\",\"name\":\"M\u00fchasibat v\u0259 vergi \u00fczr\u0259 m\u0259sl\u0259h\u0259t xim\u0259tl\u0259ri - Financial Chain Corporation - Bak\u0131\",\"isPartOf\":{\"@id\":\"https:\\\/\\\/az.f-chain.com\\\/#website\"},\"datePublished\":\"2012-11-27T08:17:09+00:00\",\"dateModified\":\"2021-09-22T07:28:15+00:00\",\"description\":\"FCHA\u0130N Az\u0259rbaycanda vergil\u0259rl\u0259 ba\u011fl\u0131 y\u00fcks\u0259k s\u0259viyy\u0259li m\u0259sl\u0259h\u0259tl\u0259r t\u0259klif edir. M\u00fchasibat v\u0259 maliyy\u0259 u\u00e7otunun d\u00fczg\u00fcn v\u0259 vaxt\u0131nda apar\u0131lmas\u0131.\",\"breadcrumb\":{\"@id\":\"https:\\\/\\\/az.f-chain.com\\\/az\\\/meslehet-xidmetleri\\\/#breadcrumb\"},\"inLanguage\":\"az\",\"potentialAction\":[{\"@type\":\"ReadAction\",\"target\":[\"https:\\\/\\\/az.f-chain.com\\\/az\\\/meslehet-xidmetleri\\\/\"]}]},{\"@type\":\"BreadcrumbList\",\"@id\":\"https:\\\/\\\/az.f-chain.com\\\/az\\\/meslehet-xidmetleri\\\/#breadcrumb\",\"itemListElement\":[{\"@type\":\"ListItem\",\"position\":1,\"name\":\"Home\",\"item\":\"https:\\\/\\\/az.f-chain.com\\\/az\\\/\"},{\"@type\":\"ListItem\",\"position\":2,\"name\":\"M\u0259sl\u0259h\u0259t Xidm\u0259tl\u0259ri\"}]},{\"@type\":\"WebSite\",\"@id\":\"https:\\\/\\\/az.f-chain.com\\\/#website\",\"url\":\"https:\\\/\\\/az.f-chain.com\\\/\",\"name\":\"FChain\",\"description\":\"Azerbaijan\",\"potentialAction\":[{\"@type\":\"SearchAction\",\"target\":{\"@type\":\"EntryPoint\",\"urlTemplate\":\"https:\\\/\\\/az.f-chain.com\\\/?s={search_term_string}\"},\"query-input\":{\"@type\":\"PropertyValueSpecification\",\"valueRequired\":true,\"valueName\":\"search_term_string\"}}],\"inLanguage\":\"az\"}]}<\/script>\n<!-- \/ Yoast SEO plugin. -->","yoast_head_json":{"title":"M\u00fchasibat v\u0259 vergi \u00fczr\u0259 m\u0259sl\u0259h\u0259t xim\u0259tl\u0259ri - Financial Chain Corporation - Bak\u0131","description":"FCHA\u0130N Az\u0259rbaycanda vergil\u0259rl\u0259 ba\u011fl\u0131 y\u00fcks\u0259k s\u0259viyy\u0259li m\u0259sl\u0259h\u0259tl\u0259r t\u0259klif edir. M\u00fchasibat v\u0259 maliyy\u0259 u\u00e7otunun d\u00fczg\u00fcn v\u0259 vaxt\u0131nda apar\u0131lmas\u0131.","robots":{"index":"index","follow":"follow","max-snippet":"max-snippet:-1","max-image-preview":"max-image-preview:large","max-video-preview":"max-video-preview:-1"},"canonical":"https:\/\/az.f-chain.com\/az\/meslehet-xidmetleri\/","og_locale":"az_AZ","og_type":"article","og_title":"M\u00fchasibat v\u0259 vergi \u00fczr\u0259 m\u0259sl\u0259h\u0259t xim\u0259tl\u0259ri - Financial Chain Corporation - Bak\u0131","og_description":"FCHA\u0130N Az\u0259rbaycanda vergil\u0259rl\u0259 ba\u011fl\u0131 y\u00fcks\u0259k s\u0259viyy\u0259li m\u0259sl\u0259h\u0259tl\u0259r t\u0259klif edir. M\u00fchasibat v\u0259 maliyy\u0259 u\u00e7otunun d\u00fczg\u00fcn v\u0259 vaxt\u0131nda apar\u0131lmas\u0131.","og_url":"https:\/\/az.f-chain.com\/az\/meslehet-xidmetleri\/","og_site_name":"FChain","article_modified_time":"2021-09-22T07:28:15+00:00","twitter_card":"summary_large_image","schema":{"@context":"https:\/\/schema.org","@graph":[{"@type":"WebPage","@id":"https:\/\/az.f-chain.com\/az\/meslehet-xidmetleri\/","url":"https:\/\/az.f-chain.com\/az\/meslehet-xidmetleri\/","name":"M\u00fchasibat v\u0259 vergi \u00fczr\u0259 m\u0259sl\u0259h\u0259t xim\u0259tl\u0259ri - Financial Chain Corporation - Bak\u0131","isPartOf":{"@id":"https:\/\/az.f-chain.com\/#website"},"datePublished":"2012-11-27T08:17:09+00:00","dateModified":"2021-09-22T07:28:15+00:00","description":"FCHA\u0130N Az\u0259rbaycanda vergil\u0259rl\u0259 ba\u011fl\u0131 y\u00fcks\u0259k s\u0259viyy\u0259li m\u0259sl\u0259h\u0259tl\u0259r t\u0259klif edir. M\u00fchasibat v\u0259 maliyy\u0259 u\u00e7otunun d\u00fczg\u00fcn v\u0259 vaxt\u0131nda apar\u0131lmas\u0131.","breadcrumb":{"@id":"https:\/\/az.f-chain.com\/az\/meslehet-xidmetleri\/#breadcrumb"},"inLanguage":"az","potentialAction":[{"@type":"ReadAction","target":["https:\/\/az.f-chain.com\/az\/meslehet-xidmetleri\/"]}]},{"@type":"BreadcrumbList","@id":"https:\/\/az.f-chain.com\/az\/meslehet-xidmetleri\/#breadcrumb","itemListElement":[{"@type":"ListItem","position":1,"name":"Home","item":"https:\/\/az.f-chain.com\/az\/"},{"@type":"ListItem","position":2,"name":"M\u0259sl\u0259h\u0259t Xidm\u0259tl\u0259ri"}]},{"@type":"WebSite","@id":"https:\/\/az.f-chain.com\/#website","url":"https:\/\/az.f-chain.com\/","name":"FChain","description":"Azerbaijan","potentialAction":[{"@type":"SearchAction","target":{"@type":"EntryPoint","urlTemplate":"https:\/\/az.f-chain.com\/?s={search_term_string}"},"query-input":{"@type":"PropertyValueSpecification","valueRequired":true,"valueName":"search_term_string"}}],"inLanguage":"az"}]}},"_links":{"self":[{"href":"https:\/\/az.f-chain.com\/az\/wp-json\/wp\/v2\/pages\/643","targetHints":{"allow":["GET"]}}],"collection":[{"href":"https:\/\/az.f-chain.com\/az\/wp-json\/wp\/v2\/pages"}],"about":[{"href":"https:\/\/az.f-chain.com\/az\/wp-json\/wp\/v2\/types\/page"}],"author":[{"embeddable":true,"href":"https:\/\/az.f-chain.com\/az\/wp-json\/wp\/v2\/users\/1"}],"replies":[{"embeddable":true,"href":"https:\/\/az.f-chain.com\/az\/wp-json\/wp\/v2\/comments?post=643"}],"version-history":[{"count":2,"href":"https:\/\/az.f-chain.com\/az\/wp-json\/wp\/v2\/pages\/643\/revisions"}],"predecessor-version":[{"id":19198,"href":"https:\/\/az.f-chain.com\/az\/wp-json\/wp\/v2\/pages\/643\/revisions\/19198"}],"wp:attachment":[{"href":"https:\/\/az.f-chain.com\/az\/wp-json\/wp\/v2\/media?parent=643"}],"curies":[{"name":"wp","href":"https:\/\/api.w.org\/{rel}","templated":true}]}}