{"id":641,"date":"2012-11-27T12:15:32","date_gmt":"2012-11-27T08:15:32","guid":{"rendered":"http:\/\/cacs.silencatech.com\/?page_id=641"},"modified":"2021-09-22T10:18:42","modified_gmt":"2021-09-22T07:18:42","slug":"ucotun-berpasi","status":"publish","type":"page","link":"https:\/\/az.f-chain.com\/az\/ucotun-berpasi\/","title":{"rendered":"U\u00e7otun b\u0259rpas\u0131"},"content":{"rendered":"<div class=\"wpb-content-wrapper\"><p>[vc_row equal_height=&#8221;yes&#8221; css_animation=&#8221;fadeInUp&#8221;][vc_column][vc_column_text]<\/p>\n<h1>U\u00e7otun b\u0259rpas\u0131<\/h1>\n<p>[\/vc_column_text][\/vc_column][\/vc_row][vc_row equal_height=&#8221;yes&#8221; content_placement=&#8221;middle&#8221; css_animation=&#8221;fadeInUp&#8221;][vc_column width=&#8221;1\/2&#8243;][vc_column_text]Hesabatlar\u0131n olmamas\u0131, yanl\u0131\u015f u\u00e7ot apar\u0131lmas\u0131 m\u00fc\u0259ssis\u0259 m\u00fclkiyy\u0259t\u00e7il\u0259rini kredit verm\u0259k, investisiya etm\u0259k, t\u0259r\u0259fda\u015flar v\u0259 dig\u0259r subyektl\u0259rl\u0259 i\u015fg\u00fczar m\u00fcnasib\u0259tl\u0259r qurmaq imkan\u0131ndan m\u0259hrum ed\u0259 bil\u0259c\u0259k ciddi bir problemdir. Bundan ba\u015fqa, m\u00fc\u0259ssis\u0259 c\u0259rim\u0259 c\u0259zalar\u0131, aktivl\u0259r \u00fcz\u0259rind\u0259 n\u0259zar\u0259tin itirilm\u0259si v\u0259 onlara h\u0259bs qoyulmas\u0131 ehtimal\u0131, bank \u0259m\u0259liyyatlar\u0131n\u0131n h\u0259r\u0259k\u0259tinin dayand\u0131r\u0131lmas\u0131 t\u0259hl\u00fck\u0259si il\u0259 qar\u015f\u0131la\u015fa bil\u0259r. Bu v\u0259ziyy\u0259td\u0259 firmalar\u0131n m\u00fchasibat u\u00e7otunun b\u0259rpa edilm\u0259si b\u00f6y\u00fck z\u0259rur\u0259tdir. Bu, \u00e7ox m\u00fcr\u0259kk\u0259b, z\u0259hm\u0259tli v\u0259 m\u00fchasibat u\u00e7otunun \u0259vv\u0259lc\u0259d\u0259n yanl\u0131\u015f apar\u0131lmas\u0131 fakt\u0131n\u0131 n\u0259z\u0259r\u0259 almaqla, \u015ftatl\u0131 m\u00fchasib \u00fc\u00e7\u00fcn \u00e7ox a\u011f\u0131r prosedurdur. K\u0259nardan bizim \u015firk\u0259tin m\u00fcst\u0259qil m\u00fct\u0259x\u0259ssisl\u0259rinin c\u0259lb edilm\u0259si v\u0259ziyy\u0259td\u0259n \u00e7\u0131x\u0131\u015f yolu ola bil\u0259r. Biz bir s\u0131ra s\u0259b\u0259bl\u0259rd\u0259n (t\u0259hrif edilm\u0259, itirilm\u0259, o\u011furlanma v\u0259 s.) u\u00e7otunu tamamil\u0259 v\u0259 ya qism\u0259n itirmi\u015f m\u00fclkiyy\u0259t\u00e7il\u0259r\u0259 \u0259lveri\u015fli qiym\u0259tl\u0259rl\u0259 u\u00e7otun b\u0259rpas\u0131na y\u00f6n\u0259lmi\u015f xidm\u0259tl\u0259rin g\u00f6st\u0259rilm\u0259sin\u0259 kompleks yana\u015fma t\u0259klif edirik.[\/vc_column_text][\/vc_column][vc_column width=&#8221;1\/2&#8243;][vc_single_image image=&#8221;19168&#8243; img_size=&#8221;full&#8221; alignment=&#8221;center&#8221;][\/vc_column][\/vc_row][vc_row content_placement=&#8221;middle&#8221; css_animation=&#8221;fadeInUp&#8221; css=&#8221;.vc_custom_1632294973035{background-color: #f6f6f6 !important;}&#8221;][vc_column width=&#8221;1\/2&#8243;][vc_single_image image=&#8221;19171&#8243; img_size=&#8221;full&#8221; alignment=&#8221;center&#8221;][\/vc_column][vc_column width=&#8221;1\/2&#8243;][vc_column_text]<\/p>\n<h3>M\u00fchasibat u\u00e7otunun b\u0259rpas\u0131 \u00fczr\u0259 xidm\u0259tl\u0259r<\/h3>\n<p>Biz m\u00fc\u0259ssis\u0259nin m\u00fchasibat\u0131nda yaranm\u0131\u015f v\u0259ziyy\u0259ti \u0259trafl\u0131 t\u0259hlil ed\u0259r\u0259k, MMC-l\u0259rin m\u00fchasibat u\u00e7otunun b\u0259rpas\u0131n\u0131 m\u0259rh\u0259l\u0259li \u015f\u0259kild\u0259 h\u0259yata ke\u00e7iririk. S\u0259hvl\u0259r a\u015fkar edildikd\u0259n sonra m\u00fct\u0259x\u0259ssisl\u0259rimiz m\u00fclkiyy\u0259t\u00e7iy\u0259 pozuntular\u0131n h\u0259cmi haqq\u0131nda m\u0259lumat verir ki, bu da u\u00e7otu q\u0131sa m\u00fcdd\u0259t \u0259rzind\u0259 b\u0259rpa etm\u0259y\u0259 imkan verir. U\u00e7otun b\u0259rpas\u0131nda \u0259sas m\u0259rh\u0259l\u0259l\u0259r a\u015fa\u011f\u0131dak\u0131lardan ibar\u0259tdir:<\/p>\n<ul class=\"ul-gray\">\n<li>ilkin s\u0259n\u0259dl\u0259rin emal\u0131 v\u0259 onlar\u0131n t\u0259f\u0259rr\u00fcatlar\u0131n\u0131n m\u00fc\u0259yy\u0259n edilm\u0259si;<\/li>\n<li>emal edilmi\u015f s\u0259n\u0259dl\u0259rin v\u0259 m\u00fchafiz\u0259 olunmu\u015f hesabatlar\u0131n \u0259sasl\u0131 sur\u0259td\u0259 t\u0259hlil edilm\u0259si;<\/li>\n<li>pul aktivl\u0259rinin, hesablar\u0131n v\u0259 ehtiyatlar\u0131n (z\u0259rur\u0259t varsa) tam \u015f\u0259kild\u0259 siyah\u0131ya al\u0131nmas\u0131;<\/li>\n<li>ilkin s\u0259n\u0259dl\u0259rin bilavasit\u0259 b\u0259rpas\u0131;<\/li>\n<li>u\u00e7ot siyah\u0131lar\u0131n\u0131n b\u0259rpas\u0131, ilkin balans\u0131n formala\u015fd\u0131r\u0131lmas\u0131;<\/li>\n<li>m\u00f6vcud olan m\u0259lumatlar bazas\u0131n\u0131n b\u0259rpas\u0131 v\u0259 ya onun s\u0131f\u0131rdan yarad\u0131lmas\u0131;<\/li>\n<li>u\u00e7ot hesabatlar\u0131n\u0131n t\u0259rtib edilm\u0259si (z\u0259rur\u0259t olarsa);<\/li>\n<li>d\u0259qiql\u0259\u015fdirilmi\u015f vergi hesablamalar\u0131n\u0131n apar\u0131lmas\u0131 v\u0259 vergi b\u0259yannam\u0259l\u0259rinin t\u0259rtib edilm\u0259si.<\/li>\n<\/ul>\n<p>M\u00fchasibat u\u00e7otunun b\u0259rpas\u0131 h\u0259m tam h\u0259cmd\u0259, h\u0259m d\u0259 qism\u0259n (m\u00fchasibat u\u00e7otunun ayr\u0131-ayr\u0131 seqmentl\u0259rind\u0259 v\u0259 ya ayr\u0131-ayr\u0131 \u0259m\u0259liyyatlar\u0131n b\u0259rpas\u0131 \u00fc\u00e7\u00fcn) h\u0259yata ke\u00e7iril\u0259 bil\u0259r. \u015eirk\u0259timizd\u0259 bu xidm\u0259tin qiym\u0259ti onun keyfiyy\u0259tin\u0259 v\u0259 h\u0259yata ke\u00e7irilm\u0259 sur\u0259tin\u0259 nisb\u0259td\u0259 optimald\u0131r. Bu xidm\u0259tl\u0259rin d\u0259y\u0259ri h\u0259mi\u015f\u0259 f\u0259rdi olaraq, qar\u015f\u0131da duran i\u015fin h\u0259cmin\u0259 v\u0259 \u00e7\u0259tinliyin\u0259 \u0259sas\u0259n m\u00fc\u0259yy\u0259n edilir.[\/vc_column_text][\/vc_column][\/vc_row][vc_row content_placement=&#8221;middle&#8221; css_animation=&#8221;fadeInUp&#8221;][vc_column width=&#8221;1\/2&#8243;][vc_column_text]<\/p>\n<h3>Vergi u\u00e7otunun b\u0259rpa edilm\u0259si<\/h3>\n<p>Yaln\u0131z m\u00fchasibat u\u00e7otu tamamil\u0259 b\u0259rpa edildikd\u0259n sonra vergi u\u00e7otunun b\u0259rpas\u0131na ba\u015flamaq olar. Vergi u\u00e7otunun yanl\u0131\u015f apar\u0131lmas\u0131 c\u0259rim\u0259 c\u0259zalar\u0131na v\u0259 m\u00fc\u0259ssis\u0259 r\u0259hb\u0259rliyinin m\u0259suliyy\u0259tinin yaranmas\u0131na s\u0259b\u0259b ola bil\u0259r. Vergi m\u0259lumatlar\u0131 \u2013 iqtisadi m\u0259lumatlar itirildikd\u0259 \u015firk\u0259tin inki\u015faf\u0131n\u0131 v\u0259 bazarda t\u0259\u015fviqini planla\u015fd\u0131rmaq m\u00fcmk\u00fcn deyil. M\u0259hz buna g\u00f6r\u0259 yaranm\u0131\u015f problemin h\u0259llin\u0259 k\u00f6m\u0259k ed\u0259c\u0259k m\u00fcst\u0259qil m\u00fct\u0259x\u0259ssisl\u0259r tap\u0131lmas\u0131 vacibdir. Az\u0259rbaycanda m\u00fchasibat u\u00e7otunun b\u0259rpas\u0131n\u0131n qiym\u0259tl\u0259rinin monitorinqini aparsaq, bu xidm\u0259tl\u0259r\u0259 t\u0259l\u0259bat oldu\u011funu t\u0259xmin etm\u0259k \u00e7\u0259tin deyil ki, bu da biznesin m\u00fcasir t\u0259l\u0259bl\u0259ri il\u0259 izah olunur. \u015eirk\u0259timiz adekvat qiym\u0259t m\u00fcqabilind\u0259 biznesinizi dur\u011funluqdan qoruma\u011fa k\u00f6m\u0259k ed\u0259c\u0259k, u\u00e7otu maksimum q\u0131sa m\u00fcdd\u0259t \u0259rzind\u0259 keyfiyy\u0259tli \u015f\u0259kild\u0259 b\u0259rpa ed\u0259c\u0259k. G\u00f6st\u0259ril\u0259n xidm\u0259tl\u0259r \u00e7e\u015fidi v\u0259 tarifl\u0259rl\u0259 daha yax\u0131ndan tan\u0131\u015f olmaq \u00fc\u00e7\u00fcn sayt\u0131m\u0131zda t\u0259qdim edilmi\u015f telefon n\u00f6mr\u0259l\u0259ri il\u0259 \u0259laq\u0259 saxlaya bil\u0259rsiniz.[\/vc_column_text][\/vc_column][vc_column width=&#8221;1\/2&#8243;][vc_single_image image=&#8221;19174&#8243; img_size=&#8221;full&#8221; alignment=&#8221;center&#8221;][\/vc_column][\/vc_row]<\/p>\n<\/div>","protected":false},"excerpt":{"rendered":"<p>[vc_row equal_height=&#8221;yes&#8221; css_animation=&#8221;fadeInUp&#8221;][vc_column][vc_column_text] U\u00e7otun b\u0259rpas\u0131 [\/vc_column_text][\/vc_column][\/vc_row][vc_row equal_height=&#8221;yes&#8221; content_placement=&#8221;middle&#8221; css_animation=&#8221;fadeInUp&#8221;][vc_column width=&#8221;1\/2&#8243;][vc_column_text]Hesabatlar\u0131n olmamas\u0131, yanl\u0131\u015f u\u00e7ot apar\u0131lmas\u0131 m\u00fc\u0259ssis\u0259 m\u00fclkiyy\u0259t\u00e7il\u0259rini kredit verm\u0259k, investisiya etm\u0259k, t\u0259r\u0259fda\u015flar v\u0259 dig\u0259r subyektl\u0259rl\u0259 i\u015fg\u00fczar m\u00fcnasib\u0259tl\u0259r qurmaq imkan\u0131ndan m\u0259hrum ed\u0259 bil\u0259c\u0259k ciddi bir problemdir. Bundan ba\u015fqa, m\u00fc\u0259ssis\u0259 c\u0259rim\u0259 c\u0259zalar\u0131, aktivl\u0259r \u00fcz\u0259rind\u0259 n\u0259zar\u0259tin itirilm\u0259si v\u0259 onlara h\u0259bs qoyulmas\u0131 ehtimal\u0131, bank \u0259m\u0259liyyatlar\u0131n\u0131n h\u0259r\u0259k\u0259tinin dayand\u0131r\u0131lmas\u0131 t\u0259hl\u00fck\u0259si il\u0259 qar\u015f\u0131la\u015fa<\/p>\n","protected":false},"author":1,"featured_media":55638,"parent":0,"menu_order":0,"comment_status":"open","ping_status":"closed","template":"","meta":{"_acf_changed":false,"footnotes":""},"class_list":["post-641","page","type-page","status-publish","hentry"],"acf":[],"yoast_head":"<!-- This site is optimized with the Yoast SEO plugin v27.1 - https:\/\/yoast.com\/product\/yoast-seo-wordpress\/ -->\n<title>U\u00e7otun b\u0259rpas\u0131 - Financial Chain Corporation (FCHA\u0130N) - Bak\u0131 - Az\u0259rbaycan<\/title>\n<meta name=\"description\" content=\"Hesabat\u0131n olmamas\u0131, qeyri-d\u0259qiq u\u00e7ot problem deyil! FCHA\u0130N m\u00fct\u0259x\u0259ssisl\u0259ri sizin hesabatlar\u0131 yenid\u0259n haz\u0131rlay\u0131b, qaydas\u0131na salacaq. aq.\" \/>\n<meta name=\"robots\" content=\"index, follow, max-snippet:-1, max-image-preview:large, max-video-preview:-1\" \/>\n<link rel=\"canonical\" href=\"https:\/\/az.f-chain.com\/az\/ucotun-berpasi\/\" \/>\n<meta property=\"og:locale\" content=\"az_AZ\" \/>\n<meta property=\"og:type\" content=\"article\" \/>\n<meta property=\"og:title\" content=\"U\u00e7otun b\u0259rpas\u0131 - Financial Chain Corporation (FCHA\u0130N) - Bak\u0131 - Az\u0259rbaycan\" \/>\n<meta property=\"og:description\" content=\"Hesabat\u0131n olmamas\u0131, qeyri-d\u0259qiq u\u00e7ot problem deyil! FCHA\u0130N m\u00fct\u0259x\u0259ssisl\u0259ri sizin hesabatlar\u0131 yenid\u0259n haz\u0131rlay\u0131b, qaydas\u0131na salacaq. aq.\" \/>\n<meta property=\"og:url\" content=\"https:\/\/az.f-chain.com\/az\/ucotun-berpasi\/\" \/>\n<meta property=\"og:site_name\" content=\"FChain\" \/>\n<meta property=\"article:modified_time\" content=\"2021-09-22T07:18:42+00:00\" \/>\n<meta name=\"twitter:card\" content=\"summary_large_image\" \/>\n<script type=\"application\/ld+json\" class=\"yoast-schema-graph\">{\"@context\":\"https:\/\/schema.org\",\"@graph\":[{\"@type\":\"WebPage\",\"@id\":\"https:\/\/az.f-chain.com\/az\/ucotun-berpasi\/\",\"url\":\"https:\/\/az.f-chain.com\/az\/ucotun-berpasi\/\",\"name\":\"U\u00e7otun b\u0259rpas\u0131 - Financial Chain Corporation (FCHA\u0130N) - Bak\u0131 - Az\u0259rbaycan\",\"isPartOf\":{\"@id\":\"https:\/\/az.f-chain.com\/#website\"},\"primaryImageOfPage\":{\"@id\":\"https:\/\/az.f-chain.com\/az\/ucotun-berpasi\/#primaryimage\"},\"image\":{\"@id\":\"https:\/\/az.f-chain.com\/az\/ucotun-berpasi\/#primaryimage\"},\"thumbnailUrl\":\"https:\/\/az.f-chain.com\/wp-content\/uploads\/2025\/07\/asian-man-in-dark-office-company-employee-working-2025-01-16-22-01-51-utc-scaled.jpg\",\"datePublished\":\"2012-11-27T08:15:32+00:00\",\"dateModified\":\"2021-09-22T07:18:42+00:00\",\"description\":\"Hesabat\u0131n olmamas\u0131, qeyri-d\u0259qiq u\u00e7ot problem deyil! FCHA\u0130N m\u00fct\u0259x\u0259ssisl\u0259ri sizin hesabatlar\u0131 yenid\u0259n haz\u0131rlay\u0131b, qaydas\u0131na salacaq. aq.\",\"breadcrumb\":{\"@id\":\"https:\/\/az.f-chain.com\/az\/ucotun-berpasi\/#breadcrumb\"},\"inLanguage\":\"az\",\"potentialAction\":[{\"@type\":\"ReadAction\",\"target\":[\"https:\/\/az.f-chain.com\/az\/ucotun-berpasi\/\"]}]},{\"@type\":\"ImageObject\",\"inLanguage\":\"az\",\"@id\":\"https:\/\/az.f-chain.com\/az\/ucotun-berpasi\/#primaryimage\",\"url\":\"https:\/\/az.f-chain.com\/wp-content\/uploads\/2025\/07\/asian-man-in-dark-office-company-employee-working-2025-01-16-22-01-51-utc-scaled.jpg\",\"contentUrl\":\"https:\/\/az.f-chain.com\/wp-content\/uploads\/2025\/07\/asian-man-in-dark-office-company-employee-working-2025-01-16-22-01-51-utc-scaled.jpg\",\"width\":2560,\"height\":1707,\"caption\":\"Asian man in dark office, company employee working overtime, working in the middle of the night, working overtime of a company employee who is busy and working hard. Overtime concept.\"},{\"@type\":\"BreadcrumbList\",\"@id\":\"https:\/\/az.f-chain.com\/az\/ucotun-berpasi\/#breadcrumb\",\"itemListElement\":[{\"@type\":\"ListItem\",\"position\":1,\"name\":\"Home\",\"item\":\"https:\/\/az.f-chain.com\/az\/\"},{\"@type\":\"ListItem\",\"position\":2,\"name\":\"U\u00e7otun b\u0259rpas\u0131\"}]},{\"@type\":\"WebSite\",\"@id\":\"https:\/\/az.f-chain.com\/#website\",\"url\":\"https:\/\/az.f-chain.com\/\",\"name\":\"FChain\",\"description\":\"Azerbaijan\",\"potentialAction\":[{\"@type\":\"SearchAction\",\"target\":{\"@type\":\"EntryPoint\",\"urlTemplate\":\"https:\/\/az.f-chain.com\/?s={search_term_string}\"},\"query-input\":{\"@type\":\"PropertyValueSpecification\",\"valueRequired\":true,\"valueName\":\"search_term_string\"}}],\"inLanguage\":\"az\"}]}<\/script>\n<!-- \/ Yoast SEO plugin. -->","yoast_head_json":{"title":"U\u00e7otun b\u0259rpas\u0131 - Financial Chain Corporation (FCHA\u0130N) - Bak\u0131 - Az\u0259rbaycan","description":"Hesabat\u0131n olmamas\u0131, qeyri-d\u0259qiq u\u00e7ot problem deyil! FCHA\u0130N m\u00fct\u0259x\u0259ssisl\u0259ri sizin hesabatlar\u0131 yenid\u0259n haz\u0131rlay\u0131b, qaydas\u0131na salacaq. aq.","robots":{"index":"index","follow":"follow","max-snippet":"max-snippet:-1","max-image-preview":"max-image-preview:large","max-video-preview":"max-video-preview:-1"},"canonical":"https:\/\/az.f-chain.com\/az\/ucotun-berpasi\/","og_locale":"az_AZ","og_type":"article","og_title":"U\u00e7otun b\u0259rpas\u0131 - Financial Chain Corporation (FCHA\u0130N) - Bak\u0131 - Az\u0259rbaycan","og_description":"Hesabat\u0131n olmamas\u0131, qeyri-d\u0259qiq u\u00e7ot problem deyil! FCHA\u0130N m\u00fct\u0259x\u0259ssisl\u0259ri sizin hesabatlar\u0131 yenid\u0259n haz\u0131rlay\u0131b, qaydas\u0131na salacaq. aq.","og_url":"https:\/\/az.f-chain.com\/az\/ucotun-berpasi\/","og_site_name":"FChain","article_modified_time":"2021-09-22T07:18:42+00:00","twitter_card":"summary_large_image","schema":{"@context":"https:\/\/schema.org","@graph":[{"@type":"WebPage","@id":"https:\/\/az.f-chain.com\/az\/ucotun-berpasi\/","url":"https:\/\/az.f-chain.com\/az\/ucotun-berpasi\/","name":"U\u00e7otun b\u0259rpas\u0131 - Financial Chain Corporation (FCHA\u0130N) - Bak\u0131 - Az\u0259rbaycan","isPartOf":{"@id":"https:\/\/az.f-chain.com\/#website"},"primaryImageOfPage":{"@id":"https:\/\/az.f-chain.com\/az\/ucotun-berpasi\/#primaryimage"},"image":{"@id":"https:\/\/az.f-chain.com\/az\/ucotun-berpasi\/#primaryimage"},"thumbnailUrl":"https:\/\/az.f-chain.com\/wp-content\/uploads\/2025\/07\/asian-man-in-dark-office-company-employee-working-2025-01-16-22-01-51-utc-scaled.jpg","datePublished":"2012-11-27T08:15:32+00:00","dateModified":"2021-09-22T07:18:42+00:00","description":"Hesabat\u0131n olmamas\u0131, qeyri-d\u0259qiq u\u00e7ot problem deyil! FCHA\u0130N m\u00fct\u0259x\u0259ssisl\u0259ri sizin hesabatlar\u0131 yenid\u0259n haz\u0131rlay\u0131b, qaydas\u0131na salacaq. aq.","breadcrumb":{"@id":"https:\/\/az.f-chain.com\/az\/ucotun-berpasi\/#breadcrumb"},"inLanguage":"az","potentialAction":[{"@type":"ReadAction","target":["https:\/\/az.f-chain.com\/az\/ucotun-berpasi\/"]}]},{"@type":"ImageObject","inLanguage":"az","@id":"https:\/\/az.f-chain.com\/az\/ucotun-berpasi\/#primaryimage","url":"https:\/\/az.f-chain.com\/wp-content\/uploads\/2025\/07\/asian-man-in-dark-office-company-employee-working-2025-01-16-22-01-51-utc-scaled.jpg","contentUrl":"https:\/\/az.f-chain.com\/wp-content\/uploads\/2025\/07\/asian-man-in-dark-office-company-employee-working-2025-01-16-22-01-51-utc-scaled.jpg","width":2560,"height":1707,"caption":"Asian man in dark office, company employee working overtime, working in the middle of the night, working overtime of a company employee who is busy and working hard. Overtime concept."},{"@type":"BreadcrumbList","@id":"https:\/\/az.f-chain.com\/az\/ucotun-berpasi\/#breadcrumb","itemListElement":[{"@type":"ListItem","position":1,"name":"Home","item":"https:\/\/az.f-chain.com\/az\/"},{"@type":"ListItem","position":2,"name":"U\u00e7otun b\u0259rpas\u0131"}]},{"@type":"WebSite","@id":"https:\/\/az.f-chain.com\/#website","url":"https:\/\/az.f-chain.com\/","name":"FChain","description":"Azerbaijan","potentialAction":[{"@type":"SearchAction","target":{"@type":"EntryPoint","urlTemplate":"https:\/\/az.f-chain.com\/?s={search_term_string}"},"query-input":{"@type":"PropertyValueSpecification","valueRequired":true,"valueName":"search_term_string"}}],"inLanguage":"az"}]}},"_links":{"self":[{"href":"https:\/\/az.f-chain.com\/az\/wp-json\/wp\/v2\/pages\/641","targetHints":{"allow":["GET"]}}],"collection":[{"href":"https:\/\/az.f-chain.com\/az\/wp-json\/wp\/v2\/pages"}],"about":[{"href":"https:\/\/az.f-chain.com\/az\/wp-json\/wp\/v2\/types\/page"}],"author":[{"embeddable":true,"href":"https:\/\/az.f-chain.com\/az\/wp-json\/wp\/v2\/users\/1"}],"replies":[{"embeddable":true,"href":"https:\/\/az.f-chain.com\/az\/wp-json\/wp\/v2\/comments?post=641"}],"version-history":[{"count":2,"href":"https:\/\/az.f-chain.com\/az\/wp-json\/wp\/v2\/pages\/641\/revisions"}],"predecessor-version":[{"id":19182,"href":"https:\/\/az.f-chain.com\/az\/wp-json\/wp\/v2\/pages\/641\/revisions\/19182"}],"wp:featuredmedia":[{"embeddable":true,"href":"https:\/\/az.f-chain.com\/az\/wp-json\/wp\/v2\/media\/55638"}],"wp:attachment":[{"href":"https:\/\/az.f-chain.com\/az\/wp-json\/wp\/v2\/media?parent=641"}],"curies":[{"name":"wp","href":"https:\/\/api.w.org\/{rel}","templated":true}]}}