{"id":5987,"date":"2013-10-14T16:10:04","date_gmt":"2013-10-14T12:10:04","guid":{"rendered":"http:\/\/cacs.az\/?page_id=5987"},"modified":"2022-12-12T08:49:58","modified_gmt":"2022-12-12T05:49:58","slug":"audit-xidmetleri","status":"publish","type":"page","link":"https:\/\/az.f-chain.com\/az\/audit-xidmetleri\/","title":{"rendered":"Audit xidm\u0259tl\u0259ri"},"content":{"rendered":"<div class=\"wpb-content-wrapper\"><p>[vc_row equal_height=&#8221;yes&#8221; css_animation=&#8221;fadeInUp&#8221;][vc_column][vc_column_text]<\/p>\n<h1>Audit xidm\u0259tl\u0259ri<\/h1>\n<p>[\/vc_column_text][vc_column_text]<\/p>\n<h3>Audit v\u0259 ekspertiza, b\u00fct\u00fcnl\u00fckd\u0259 v\u0259 ya hiss\u0259-hiss\u0259 \u2013 \u00f6z\u00fcn\u00fcz se\u00e7in!<\/h3>\n<p>\u015eirk\u0259t r\u0259hb\u0259rliyinin m\u00fchasibat, maliyy\u0259 v\u0259 vergi u\u00e7otunun b\u00fct\u00fcn aspektl\u0259ri bar\u0259d\u0259 son d\u0259r\u0259c\u0259 d\u0259qiq m\u0259lumat\u0131 olmad\u0131\u011f\u0131 t\u0259qdird\u0259 maliyy\u0259-t\u0259s\u0259rr\u00fcfat f\u0259aliyy\u0259ti effektiv ola bilm\u0259z. M\u0259hz buna g\u00f6r\u0259 d\u0259 audit t\u0259\u015fkilatlar\u0131n\u0131n xidm\u0259tl\u0259ri ist\u0259nil\u0259n biznesin \u0259sas t\u0259rkib hiss\u0259sini t\u0259\u015fkil edir. B\u00f6y\u00fck v\u0259 u\u011furlu t\u0259cr\u00fcb\u0259y\u0259 malik \u015firk\u0259timiz m\u00fcqavil\u0259 \u0259sas\u0131nda m\u00fc\u015ft\u0259ril\u0259r \u00fc\u00e7\u00fcn c\u0259lbedici qiym\u0259tl\u0259rl\u0259 audit v\u0259 m\u00fchasibat xidm\u0259tl\u0259ri t\u0259qdim edir. Bizim m\u00fchasibl\u0259rimiz, maliyy\u0259\u00e7il\u0259rimiz v\u0259 h\u00fcquq\u015f\u00fcnaslar\u0131m\u0131z \u015firk\u0259tinizin t\u0259s\u0259rr\u00fcfat f\u0259aliyy\u0259tinin y\u00fcks\u0259k keyfiyy\u0259tli v\u0259 tamamil\u0259 \u015f\u0259ffaf\u00a0 qiym\u0259tl\u0259ndirilm\u0259sini m\u00fcst\u0259qil sur\u0259td\u0259 h\u0259yata ke\u00e7ir\u0259c\u0259kl\u0259r. Bizim k\u00f6m\u0259yimizl\u0259 istifad\u0259\u00e7il\u0259rin v\u0259 maraql\u0131 \u015f\u0259xsl\u0259rin \u015firk\u0259tinizin maliyy\u0259 v\u0259 vergi hesabatlar\u0131na etibar d\u0259r\u0259c\u0259si d\u0259f\u0259l\u0259rl\u0259 artacaq.[\/vc_column_text][\/vc_column][\/vc_row][vc_row content_placement=&#8221;middle&#8221; css_animation=&#8221;fadeInUp&#8221; css=&#8221;.vc_custom_1632379246402{background-color: #f6f6f6 !important;}&#8221;][vc_column width=&#8221;1\/2&#8243;][vc_column_text]<\/p>\n<h3>Auditor xidm\u0259tl\u0259rinin n\u00f6vl\u0259ri<\/h3>\n<p>Klassik audit \u2013 vergi, maliyy\u0259 hesabatlar\u0131n\u0131n, el\u0259c\u0259 d\u0259 \u0259m\u0259k haqqlar\u0131n\u0131n hesablanmas\u0131 v\u0259 verilm\u0259sini \u0259ks etdir\u0259n hesabatlar\u0131n yoxlanmas\u0131n\u0131 daxil ed\u0259n anlay\u0131\u015fd\u0131r. Auditorlar\u0131m\u0131z\u0131n ixtisasl\u0131 f\u0259aliyy\u0259ti n\u0259tic\u0259sind\u0259 siz m\u00fc\u0259ssis\u0259nizin passivl\u0259ri, aktivl\u0259ri, kapital\u0131, \u00f6hd\u0259likl\u0259ri v\u0259 maliyy\u0259 v\u0259ziyy\u0259ti haqq\u0131ndak\u0131 m\u0259lumat\u0131n h\u0259qiq\u0259t\u0259 uy\u011fun oldu\u011fundan \u0259min olacaqs\u0131n\u0131z. \u015eirk\u0259timizl\u0259 audit xidm\u0259tl\u0259rin g\u00f6st\u0259rilm\u0259sin\u0259 dair m\u00fcqavil\u0259ni imzalamaqla siz uzunm\u00fcdd\u0259tli planla\u015fd\u0131rman\u0131 h\u0259yata ke\u00e7ir\u0259 v\u0259 g\u0259lir \u0259ld\u0259 ed\u0259 bil\u0259c\u0259ksiniz.<\/p>\n<p>M\u0259lum odu\u011fu kimi audit qanunvericiliy\u0259 uy\u011fun olaraq icbari sur\u0259td\u0259 apar\u0131lan v\u0259 sahibkar\u0131n \u00f6z arzusu v\u0259 ya ehtiyac olduqda apara bil\u0259c\u0259yi t\u0259\u015f\u0259bb\u00fcs xarakterli (k\u00f6n\u00fcll\u00fc) olur. Icbari auditin m\u0259qs\u0259di maliyy\u0259 hesabatlar\u0131nda v\u0259 ya onlar\u0131n t\u0259rkib hiss\u0259l\u0259rind\u0259ki (m\u0259s\u0259l\u0259n, firman\u0131n \u0259sas fondunun v\u0259 ya nizamnam\u0259 kapital\u0131n\u0131n formala\u015fd\u0131r\u0131lmas\u0131n\u0131n yoxlanmas\u0131n\u0131 h\u0259yata ke\u00e7irm\u0259k olar) m\u0259lumatlar\u0131n do\u011frulu\u011funu t\u0259sdiq etm\u0259kdir. N\u0259z\u0259r\u0259 almaq laz\u0131md\u0131r ki, icbari maliyy\u0259 auditinin h\u0259yata ke\u00e7irilm\u0259sini yaln\u0131z reyestr\u0259 daxil edilmi\u015f auditorlara v\u0259 ya audit \u015firk\u0259tl\u0259rin\u0259 h\u0259val\u0259 etm\u0259k olar! Auditi ba\u015fqa \u0259laq\u0259dar audit xidm\u0259tl\u0259rini d\u0259 yerin\u0259 yetir\u0259n \u015firk\u0259timiz\u0259 etibar etm\u0259kl\u0259 siz g\u00f6r\u00fcl\u0259n i\u015fl\u0259rin keyfiyy\u0259tind\u0259n v\u0259 onlar\u0131n qanuniliyind\u0259n \u0259min ola bil\u0259rsiniz. \u015eirk\u0259timizin auditorlar\u0131n\u0131n i\u015f t\u0259cr\u00fcb\u0259si v\u0259 ixtisas\u0131 auditi a\u015fa\u011f\u0131dak\u0131 istiqam\u0259tl\u0259r \u00fczr\u0259 aparma\u011fa imkan verir:<\/p>\n<ul class=\"ul-gray\">\n<li>M\u00fchasibat hesabatlar\u0131;<\/li>\n<li>Maliyy\u0259 hesabatlar\u0131;<\/li>\n<li>Vergi hesabatlar\u0131;<\/li>\n<li>Qiym\u0259tli ka\u011f\u0131zlar;<\/li>\n<li>MMC-l\u0259rin, FS-l\u0259rin v\u0259 dig\u0259r m\u00fc\u0259ssis\u0259l\u0259rin hesabatlar\u0131.<\/li>\n<\/ul>\n<p>\u0130cbari audit ke\u00e7iril\u0259n zaman biz sizin t\u0259l\u0259binizl\u0259 t\u0259s\u0259rr\u00fcfat f\u0259aliyy\u0259tinin apar\u0131lmas\u0131 zaman\u0131 ba\u015f ver\u0259n s\u0259hvl\u0259rin d\u00fcz\u0259ldilm\u0259sin\u0259, \u0259m\u0259liyyatlar\u0131n u\u00e7otu \u00fczr\u0259 n\u0259zar\u0259t sisteminin yax\u015f\u0131la\u015fd\u0131r\u0131lmas\u0131na y\u00f6n\u0259ldilmi\u015f hesabat t\u0259qdim etm\u0259y\u0259 haz\u0131r\u0131q. Siz t\u0259s\u0259rr\u00fcfat\u00e7\u0131l\u0131q formas\u0131n\u0131 art\u0131q m\u00fc\u0259yy\u0259n etmisinizs\u0259 v\u0259 ya vaxta\u015f\u0131r\u0131 icbari auditin apar\u0131lmas\u0131n\u0131 t\u0259l\u0259b ed\u0259n f\u0259aliyy\u0259tl\u0259 m\u0259\u015f\u011fulsunuzsa, \u015firk\u0259timizl\u0259 uzunm\u00fcdd\u0259tli \u0259m\u0259kda\u015fl\u0131q \u2013 n\u0259tic\u0259l\u0259rini \u00e7ox yax\u0131n zamanda qiym\u0259tl\u0259ndir\u0259 bil\u0259c\u0259yiniz qar\u015f\u0131l\u0131ql\u0131 faydal\u0131 t\u0259klifdir.[\/vc_column_text][\/vc_column][vc_column width=&#8221;1\/2&#8243;][vc_single_image image=&#8221;19428&#8243; img_size=&#8221;full&#8221;][\/vc_column][\/vc_row][vc_row content_placement=&#8221;middle&#8221; css_animation=&#8221;fadeInUp&#8221;][vc_column][vc_column_text]<\/p>\n<h3>Audit xidm\u0259tl\u0259rinin d\u0259y\u0259ri<\/h3>\n<p>Sizi audit \u015firk\u0259tl\u0259rinin xidm\u0259tl\u0259ri maraqland\u0131r\u0131rsa, etibarl\u0131 v\u0259 ixtisasl\u0131 auditor se\u00e7m\u0259zd\u0259n \u0259vv\u0259l onun f\u0259aliyy\u0259ti bar\u0259d\u0259 m\u00fcf\u0259ss\u0259l m\u0259lumat \u0259ld\u0259 etm\u0259y\u0259 \u00e7al\u0131\u015f\u0131n. Audit xidm\u0259tl\u0259rinin d\u0259y\u0259rinin qiym\u0259tl\u0259ndirilm\u0259si bu h\u0259l\u0259 h\u0259lledici g\u00f6st\u0259rici deyil. Bel\u0259 ki, bizim t\u0259cr\u00fcb\u0259miz v\u0259 auditin apar\u0131lmas\u0131n\u0131n operativliyi m\u00fc\u015ft\u0259ril\u0259r\u0259 onlar \u00fc\u00e7\u00fcn adekvat v\u0259 m\u00fcnasib qiym\u0259tl\u0259r t\u0259kif etm\u0259k imkan\u0131 verir. Bizim \u015firk\u0259t Bak\u0131da audit xidm\u0259tl\u0259rin\u0259 \u0259n yax\u015f\u0131 qiym\u0259tl\u0259ri t\u0259klif etm\u0259y\u0259 haz\u0131rd\u0131r. Sayt\u0131m\u0131zda g\u00f6st\u0259ril\u0259n telefon n\u00f6mr\u0259l\u0259rin\u0259 z\u0259ng etm\u0259kl\u0259 bundan asanl\u0131qla \u0259min ola bil\u0259rsiniz.<\/p>\n<p>\u0130cbari audit<\/p>\n<ul class=\"ul-gray\">\n<li>ASC-l\u0259r, banklar, kredit b\u00fcrolar\u0131, kredit, klirinq, s\u0131\u011forta t\u0259\u015fkilatlar\u0131, s\u0131\u011forta c\u0259miyy\u0259tl\u0259ri, investisiya fondlar\u0131, mal v\u0259 fond birjalar\u0131 \u00fc\u00e7\u00fcn;<\/li>\n<li>M\u0259hdud m\u0259suliyy\u0259tli c\u0259miyy\u0259tl\u0259r;<\/li>\n<li>Qiym\u0259tli ka\u011f\u0131zlar\u0131 fond bazar\u0131nda d\u00f6vriyy\u0259y\u0259 burax\u0131lm\u0131\u015f t\u0259\u015fkilatlar \u00fc\u00e7\u00fcn;<\/li>\n<li>Qiym\u0259tli ka\u011f\u0131zlar bazar\u0131n\u0131n pe\u015f\u0259kar i\u015ftirak\u00e7\u0131lar\u0131n\u0131n t\u0259\u015fkilatlar\u0131 \u00fc\u00e7\u00fcn;<\/li>\n<li>M\u00fchasibat\/maliyy\u0259 icmal hesabatlar\u0131 d\u0259rc ed\u0259n m\u00fc\u0259ssis\u0259l\u0259r \u00fc\u00e7\u00fcn;<\/li>\n<li>Qanunla n\u0259z\u0259rd\u0259 tutulmu\u015f dig\u0259r hallarda.<\/li>\n<\/ul>\n<p>\u00dcmumi audit<\/p>\n<ul class=\"ul-gray\">\n<li>\u201c\u00dcmumi audit\u201d t\u0259rifin\u0259 kredit t\u0259\u015fkilatlar\u0131 (banklar, s\u0131\u011forta t\u0259\u015fkilatlar\u0131) istisna olmaqla, ist\u0259nil\u0259n m\u00fclkiyy\u0259t formal\u0131 v\u0259 ist\u0259nil\u0259n f\u0259aliyy\u0259t n\u00f6v\u00fc il\u0259 m\u0259\u015f\u011ful olan m\u00fc\u0259ssis\u0259l\u0259rin \u201cAuditor f\u0259aliyy\u0259ti haqq\u0131nda\u201d Qanunda n\u0259z\u0259rd\u0259 tutulmu\u015f auditor yoxlamas\u0131 aiddir.<\/li>\n<li>M\u0259qs\u0259d sad\u0259c\u0259 n\u00f6qsanlar\u0131 a\u015fkar etm\u0259k deyil, h\u0259m d\u0259 onlar\u0131n aradan qald\u0131r\u0131lmas\u0131 \u00fczr\u0259 optimal t\u00f6vsiy\u0259l\u0259r haz\u0131rlamaqd\u0131r.<\/li>\n<\/ul>\n<p>K\u00f6n\u00fcll\u00fc audit<\/p>\n<p>M\u00fclkiyy\u0259t\u00e7inin, direktorun, s\u0259hmdar\u0131n t\u0259\u015f\u0259bb\u00fcs\u00fc il\u0259 h\u0259yata ke\u00e7irilir. M\u0259s\u0259l\u0259n, qar\u015f\u0131da duran yoxlamaya haz\u0131rl\u0131q \u00fc\u00e7\u00fcn, biznes al\u0131\u015f-sat\u0131\u015f\u0131 \u00f6nc\u0259si, m\u00fchasibin v\u0259 ya r\u0259hb\u0259rliyin d\u0259yi\u015fm\u0259sind\u0259n \u0259vv\u0259l.<\/p>\n<p>Beyn\u0259lxalq Maliyy\u0259 Hesabat\u0131 Standartlar\u0131 v\u0259 US GAAP \u00fczr\u0259 hesabatlar\u0131n transformasiyas\u0131 v\u0259 konsolidasiyas\u0131<\/p>\n<p>Hesabatlar\u0131 beyn\u0259lxalq standartlara uy\u011funla\u015fd\u0131rmal\u0131 olanlar \u00fc\u00e7\u00fcn.<\/p>\n<p>A\u015fa\u011f\u0131dak\u0131 imkanlar\u0131 yarad\u0131r:<\/p>\n<ul class=\"ul-gray\">\n<li>\u015eirk\u0259tin investisiya c\u0259lbediciliyini art\u0131rmaq;<\/li>\n<li>Banklar \u00fc\u00e7\u00fcn icbaridir;<\/li>\n<li>Beyn\u0259lxalq bazara \u00e7\u0131xmaq;<\/li>\n<li>Xarici banklardan kredit almaq;<\/li>\n<li>Biznes idar\u0259etm\u0259sinin s\u0259m\u0259r\u0259liliyini art\u0131rmaq;<\/li>\n<li>BMHS \u00fczr\u0259 u\u00e7ot apar\u0131lmas\u0131 il\u0259 ba\u011fl\u0131 \u0259lav\u0259 x\u0259rcl\u0259rd\u0259n (m\u0259s\u0259l\u0259n, x\u00fcsusi proqram t\u0259minat\u0131 al\u0131\u015f\u0131 v\u0259 m\u00fchasibat \u015ftat\u0131n\u0131n geni\u015fl\u0259ndirilm\u0259si kimi) uzaq olmaq.<\/li>\n<\/ul>\n<p>Bank auditi<\/p>\n<p>Banklar \u00fc\u00e7\u00fcn icbari audit. M\u00fc\u015faiy\u0259t ed\u0259n v\u0259zif\u0259l\u0259r.<\/p>\n<p>Vergi auditi<\/p>\n<p>Vergi riskl\u0259rini vaxtl\u0131-vaxt\u0131nda a\u015fkar etm\u0259y\u0259 v\u0259 vergi v\u0259 h\u00fcquq-m\u00fchafiz\u0259 orqanlar\u0131 il\u0259 probleml\u0259rin qar\u015f\u0131s\u0131n\u0131 alma\u011fa imkan verir.<\/p>\n<p>X\u00fcsusi tap\u015f\u0131r\u0131q \u00fczr\u0259 audit<\/p>\n<p>M\u00fc\u0259yy\u0259n v\u0259zif\u0259ni h\u0259ll edir, m\u0259s\u0259l\u0259n, \u201cyar\u0131m il \u00fc\u00e7\u00fcn kassan\u0131 yoxlamaq\u201d, o\u011furluqlar\u0131 a\u015fkar etm\u0259k<\/p>\n<p>Ekspress-audit\u00a0(x\u00fclas\u0259 \u015f\u0259klind\u0259 yoxlama)<a href=\"http:\/\/www.ap-group.ru\/services\/audit\/express\/\"><br \/>\n<\/a><\/p>\n<p>Auditin \u201cB\u00fcdc\u0259\u201d variant\u0131: daha az \u00e7\u0131xar\u0131\u015f h\u0259cmi, daha az hesabat h\u0259cmi. T\u0259cili q\u0259rar q\u0259bul etm\u0259k laz\u0131m g\u0259ldikd\u0259, i\u015fl\u0259rin \u00fcmumi v\u0259ziyy\u0259tini tez bir zamanda anlama\u011fa imkan verir. M\u0259s\u0259l\u0259n, m\u00fchasib d\u0259yi\u015fdikd\u0259 v\u0259 ya ba\u015fqa \u015firk\u0259tin paylar\u0131 al\u0131nark\u0259n ilkin qiym\u0259tl\u0259ndirm\u0259 zaman\u0131.<\/p>\n<p>Abun\u0259\u00e7i auditor m\u00fc\u015faiy\u0259ti<\/p>\n<p>\u00dcst\u00fcnl\u00fcy\u00fc:\u00a0yaranan probleml\u0259r ilin sonunda t\u0259l\u0259sik \u015f\u0259kild\u0259 deyil, t\u0259dric\u0259n, i\u015f prosesind\u0259 h\u0259ll olunur. 2, 3 m\u0259rh\u0259l\u0259li: 6, 9, 12 ayda bir yoxlama h\u0259yata ke\u00e7iril\u0259 bil\u0259r. M\u00fchasibiniz auditorun \u015f\u0259xsind\u0259 ist\u0259nil\u0259n zaman m\u0259sl\u0259h\u0259ti il\u0259 k\u00f6m\u0259k etm\u0259y\u0259 haz\u0131r olan s\u0259ri\u015ft\u0259li k\u00f6m\u0259k\u00e7i qazan\u0131r.<\/p>\n<p>Kadr auditi<\/p>\n<ul class=\"ul-gray\">\n<li>\u018fm\u0259k m\u00fcf\u0259tti\u015fliyind\u0259n v\u0259 ya prokurorluqdan \u0259vv\u0259l kadr idar\u0259etm\u0259sind\u0259ki bo\u015fluqlar\u0131 a\u015fkar edir;<\/li>\n<li>\u201c\u0130ncimi\u015f\u201d i\u015f\u00e7il\u0259rin iradlar\u0131n\u0131 istisna etm\u0259y\u0259 imkan verir;<\/li>\n<li>Yoxlama qurumlar\u0131n\u0131n iradlar\u0131n\u0131 istisna etm\u0259y\u0259 imkan verir.<\/li>\n<\/ul>\n<p>Laz\u0131m\u0131 ara\u015fd\u0131rma<\/p>\n<p>G\u00f6zl\u0259nil\u0259n s\u00f6vd\u0259l\u0259\u015fm\u0259nin qanuniliyinin v\u0259 maliyy\u0259 n\u00f6qteyi-n\u0259z\u0259rd\u0259n c\u0259lbediciliyinin yoxlan\u0131lmas\u0131d\u0131r. \u015e\u00fcbh\u0259li s\u00f6vd\u0259l\u0259\u015fm\u0259l\u0259rd\u0259n v\u0259 t\u0259r\u0259fda\u015flardan qorunmaq imkan\u0131 verir. Auditorlardan, h\u00fcquq\u015f\u00fcnaslardan, ixtisasla\u015fm\u0131\u015f ekspertl\u0259rd\u0259n ibar\u0259t m\u00fct\u0259x\u0259ssisl\u0259r qrupu t\u0259r\u0259find\u0259n h\u0259yata ke\u00e7iril\u0259n kompleks t\u0259dbirdir. Birl\u0259\u015fm\u0259 v\u0259 udulma prosedurlar\u0131n\u0131n (Mergers and Acquisitions M&amp;A) ayr\u0131lmaz hiss\u0259sidir.<\/p>\n<p>M\u0259hk\u0259m\u0259 ekspertizalar\u0131, h\u00fcquqi ekspertizalar v\u0259 ya m\u00fchasibat ekspertizalar\u0131<\/p>\n<p>Vergi v\u0259 yoxlama orqanlar\u0131 il\u0259 m\u0259hk\u0259m\u0259 \u00e7\u0259ki\u015fm\u0259l\u0259rind\u0259 m\u00f6vqeyin \u0259sasland\u0131r\u0131lmas\u0131 \u00fc\u00e7\u00fcn<\/p>\n<p>H\u00fcquqi audit, o c\u00fcml\u0259d\u0259n real yoxlama imitasiyas\u0131 format\u0131nda<\/p>\n<p>H\u00fcquqi riskl\u0259rin, b\u00fct\u00fcn h\u00fcquq sah\u0259l\u0259ri n\u00f6qteyi-n\u0259z\u0259rd\u0259n qanunvericilik normalar\u0131n\u0131n pozuntular\u0131n\u0131n t\u0259hlili.<\/p>\n<p>\u0130nvestisiya layih\u0259l\u0259rinin auditi<\/p>\n<ul>\n<li>\u0130nvestisiya layih\u0259sinin h\u0259rt\u0259r\u0259fli qiym\u0259tl\u0259ndirilm\u0259si.<\/li>\n<\/ul>\n<p>M\u0259qs\u0259d riskl\u0259ri, investisiyalar\u0131n geri qazan\u0131lmas\u0131 m\u00fcdd\u0259tini, g\u0259lirliliyini m\u00fc\u0259yy\u0259n etm\u0259kdir.<\/p>\n<p>Maliyy\u0259 m\u00fcf\u0259tti\u015fi<\/p>\n<p>Firmada i\u015fl\u0259rin real v\u0259ziyy\u0259tini m\u00fc\u0259yy\u0259n etm\u0259y\u0259 v\u0259 \u0259ld\u0259 edil\u0259n B\u00dcT\u00dcN g\u0259lirl\u0259rin hesabatlarda \u0259ksini tapd\u0131\u011f\u0131ndan \u0259min olma\u011fa imkan verir.<\/p>\n<p>Gizli al\u0131c\u0131<\/p>\n<p>M\u00fc\u015ft\u0259ril\u0259r\u0259 xidm\u0259t normalar\u0131na n\u0259zar\u0259t etm\u0259k imkan\u0131 verir ki, bu da \u015firk\u0259tin xidm\u0259tl\u0259rini qiym\u0259tl\u0259ndirm\u0259y\u0259, onun g\u00fccl\u00fc v\u0259 z\u0259if t\u0259r\u0259fl\u0259rini m\u00fc\u0259yy\u0259n etm\u0259y\u0259, r\u0259qib firmalarla m\u00fcqayis\u0259 etm\u0259y\u0259 imkan verir.[\/vc_column_text][\/vc_column][\/vc_row]<\/p>\n<\/div>","protected":false},"excerpt":{"rendered":"<p>[vc_row equal_height=&#8221;yes&#8221; css_animation=&#8221;fadeInUp&#8221;][vc_column][vc_column_text] Audit xidm\u0259tl\u0259ri [\/vc_column_text][vc_column_text] Audit v\u0259 ekspertiza, b\u00fct\u00fcnl\u00fckd\u0259 v\u0259 ya hiss\u0259-hiss\u0259 \u2013 \u00f6z\u00fcn\u00fcz se\u00e7in! \u015eirk\u0259t r\u0259hb\u0259rliyinin m\u00fchasibat, maliyy\u0259 v\u0259 vergi u\u00e7otunun b\u00fct\u00fcn aspektl\u0259ri bar\u0259d\u0259 son d\u0259r\u0259c\u0259 d\u0259qiq m\u0259lumat\u0131 olmad\u0131\u011f\u0131 t\u0259qdird\u0259 maliyy\u0259-t\u0259s\u0259rr\u00fcfat f\u0259aliyy\u0259ti effektiv ola bilm\u0259z. M\u0259hz buna g\u00f6r\u0259 d\u0259 audit t\u0259\u015fkilatlar\u0131n\u0131n xidm\u0259tl\u0259ri ist\u0259nil\u0259n biznesin \u0259sas t\u0259rkib hiss\u0259sini t\u0259\u015fkil edir. B\u00f6y\u00fck v\u0259 u\u011furlu t\u0259cr\u00fcb\u0259y\u0259<\/p>\n","protected":false},"author":1,"featured_media":55612,"parent":0,"menu_order":0,"comment_status":"open","ping_status":"closed","template":"","meta":{"_acf_changed":false,"footnotes":""},"class_list":["post-5987","page","type-page","status-publish","hentry"],"acf":[],"yoast_head":"<!-- This site is optimized with the Yoast SEO plugin v27.3 - https:\/\/yoast.com\/product\/yoast-seo-wordpress\/ -->\n<title>Bak\u0131da FChain-dan audit xidm\u0259tl\u0259ri<\/title>\n<meta name=\"description\" content=\"M\u00fcqavil\u0259d\u0259 qeyd olunan m\u00fcdd\u0259t\u0259 \u015firk\u0259tinizin t\u0259s\u0259rrufat f\u0259aliiy\u0259ti bar\u0259sind\u0259 m\u00fcst\u0259qil r\u0259y veririk. M\u00f6vcud oldu\u011fu halda s\u0259hvl\u0259ri v\u0259 t\u0259hrifl\u0259ri a\u015fkar edirik.\" \/>\n<meta name=\"robots\" content=\"index, follow, max-snippet:-1, max-image-preview:large, max-video-preview:-1\" \/>\n<link rel=\"canonical\" href=\"https:\/\/az.f-chain.com\/az\/audit-xidmetleri\/\" \/>\n<meta property=\"og:locale\" content=\"az_AZ\" \/>\n<meta property=\"og:type\" content=\"article\" \/>\n<meta property=\"og:title\" content=\"Bak\u0131da FChain-dan audit xidm\u0259tl\u0259ri\" \/>\n<meta property=\"og:description\" content=\"M\u00fcqavil\u0259d\u0259 qeyd olunan m\u00fcdd\u0259t\u0259 \u015firk\u0259tinizin t\u0259s\u0259rrufat f\u0259aliiy\u0259ti bar\u0259sind\u0259 m\u00fcst\u0259qil r\u0259y veririk. M\u00f6vcud oldu\u011fu halda s\u0259hvl\u0259ri v\u0259 t\u0259hrifl\u0259ri a\u015fkar edirik.\" \/>\n<meta property=\"og:url\" content=\"https:\/\/az.f-chain.com\/az\/audit-xidmetleri\/\" \/>\n<meta property=\"og:site_name\" content=\"FChain\" \/>\n<meta property=\"article:modified_time\" content=\"2022-12-12T05:49:58+00:00\" \/>\n<meta name=\"twitter:card\" content=\"summary_large_image\" \/>\n<script type=\"application\/ld+json\" class=\"yoast-schema-graph\">{\"@context\":\"https:\\\/\\\/schema.org\",\"@graph\":[{\"@type\":\"WebPage\",\"@id\":\"https:\\\/\\\/az.f-chain.com\\\/az\\\/audit-xidmetleri\\\/\",\"url\":\"https:\\\/\\\/az.f-chain.com\\\/az\\\/audit-xidmetleri\\\/\",\"name\":\"Bak\u0131da FChain-dan audit xidm\u0259tl\u0259ri\",\"isPartOf\":{\"@id\":\"https:\\\/\\\/az.f-chain.com\\\/#website\"},\"primaryImageOfPage\":{\"@id\":\"https:\\\/\\\/az.f-chain.com\\\/az\\\/audit-xidmetleri\\\/#primaryimage\"},\"image\":{\"@id\":\"https:\\\/\\\/az.f-chain.com\\\/az\\\/audit-xidmetleri\\\/#primaryimage\"},\"thumbnailUrl\":\"https:\\\/\\\/az.f-chain.com\\\/wp-content\\\/uploads\\\/2025\\\/07\\\/business-team-meeting-professional-investor-worki-2025-07-01-05-30-46-utc-scaled.jpg\",\"datePublished\":\"2013-10-14T12:10:04+00:00\",\"dateModified\":\"2022-12-12T05:49:58+00:00\",\"description\":\"M\u00fcqavil\u0259d\u0259 qeyd olunan m\u00fcdd\u0259t\u0259 \u015firk\u0259tinizin t\u0259s\u0259rrufat f\u0259aliiy\u0259ti bar\u0259sind\u0259 m\u00fcst\u0259qil r\u0259y veririk. M\u00f6vcud oldu\u011fu halda s\u0259hvl\u0259ri v\u0259 t\u0259hrifl\u0259ri a\u015fkar edirik.\",\"breadcrumb\":{\"@id\":\"https:\\\/\\\/az.f-chain.com\\\/az\\\/audit-xidmetleri\\\/#breadcrumb\"},\"inLanguage\":\"az\",\"potentialAction\":[{\"@type\":\"ReadAction\",\"target\":[\"https:\\\/\\\/az.f-chain.com\\\/az\\\/audit-xidmetleri\\\/\"]}]},{\"@type\":\"ImageObject\",\"inLanguage\":\"az\",\"@id\":\"https:\\\/\\\/az.f-chain.com\\\/az\\\/audit-xidmetleri\\\/#primaryimage\",\"url\":\"https:\\\/\\\/az.f-chain.com\\\/wp-content\\\/uploads\\\/2025\\\/07\\\/business-team-meeting-professional-investor-worki-2025-07-01-05-30-46-utc-scaled.jpg\",\"contentUrl\":\"https:\\\/\\\/az.f-chain.com\\\/wp-content\\\/uploads\\\/2025\\\/07\\\/business-team-meeting-professional-investor-worki-2025-07-01-05-30-46-utc-scaled.jpg\",\"width\":2560,\"height\":1705,\"caption\":\"Business team meeting. professional investor working new start up project. Finance task. with smart phone and laptop and digital tablet computer in morning light\"},{\"@type\":\"BreadcrumbList\",\"@id\":\"https:\\\/\\\/az.f-chain.com\\\/az\\\/audit-xidmetleri\\\/#breadcrumb\",\"itemListElement\":[{\"@type\":\"ListItem\",\"position\":1,\"name\":\"Home\",\"item\":\"https:\\\/\\\/az.f-chain.com\\\/az\\\/\"},{\"@type\":\"ListItem\",\"position\":2,\"name\":\"Audit xidm\u0259tl\u0259ri\"}]},{\"@type\":\"WebSite\",\"@id\":\"https:\\\/\\\/az.f-chain.com\\\/#website\",\"url\":\"https:\\\/\\\/az.f-chain.com\\\/\",\"name\":\"FChain\",\"description\":\"Azerbaijan\",\"potentialAction\":[{\"@type\":\"SearchAction\",\"target\":{\"@type\":\"EntryPoint\",\"urlTemplate\":\"https:\\\/\\\/az.f-chain.com\\\/?s={search_term_string}\"},\"query-input\":{\"@type\":\"PropertyValueSpecification\",\"valueRequired\":true,\"valueName\":\"search_term_string\"}}],\"inLanguage\":\"az\"}]}<\/script>\n<!-- \/ Yoast SEO plugin. -->","yoast_head_json":{"title":"Bak\u0131da FChain-dan audit xidm\u0259tl\u0259ri","description":"M\u00fcqavil\u0259d\u0259 qeyd olunan m\u00fcdd\u0259t\u0259 \u015firk\u0259tinizin t\u0259s\u0259rrufat f\u0259aliiy\u0259ti bar\u0259sind\u0259 m\u00fcst\u0259qil r\u0259y veririk. M\u00f6vcud oldu\u011fu halda s\u0259hvl\u0259ri v\u0259 t\u0259hrifl\u0259ri a\u015fkar edirik.","robots":{"index":"index","follow":"follow","max-snippet":"max-snippet:-1","max-image-preview":"max-image-preview:large","max-video-preview":"max-video-preview:-1"},"canonical":"https:\/\/az.f-chain.com\/az\/audit-xidmetleri\/","og_locale":"az_AZ","og_type":"article","og_title":"Bak\u0131da FChain-dan audit xidm\u0259tl\u0259ri","og_description":"M\u00fcqavil\u0259d\u0259 qeyd olunan m\u00fcdd\u0259t\u0259 \u015firk\u0259tinizin t\u0259s\u0259rrufat f\u0259aliiy\u0259ti bar\u0259sind\u0259 m\u00fcst\u0259qil r\u0259y veririk. M\u00f6vcud oldu\u011fu halda s\u0259hvl\u0259ri v\u0259 t\u0259hrifl\u0259ri a\u015fkar edirik.","og_url":"https:\/\/az.f-chain.com\/az\/audit-xidmetleri\/","og_site_name":"FChain","article_modified_time":"2022-12-12T05:49:58+00:00","twitter_card":"summary_large_image","schema":{"@context":"https:\/\/schema.org","@graph":[{"@type":"WebPage","@id":"https:\/\/az.f-chain.com\/az\/audit-xidmetleri\/","url":"https:\/\/az.f-chain.com\/az\/audit-xidmetleri\/","name":"Bak\u0131da FChain-dan audit xidm\u0259tl\u0259ri","isPartOf":{"@id":"https:\/\/az.f-chain.com\/#website"},"primaryImageOfPage":{"@id":"https:\/\/az.f-chain.com\/az\/audit-xidmetleri\/#primaryimage"},"image":{"@id":"https:\/\/az.f-chain.com\/az\/audit-xidmetleri\/#primaryimage"},"thumbnailUrl":"https:\/\/az.f-chain.com\/wp-content\/uploads\/2025\/07\/business-team-meeting-professional-investor-worki-2025-07-01-05-30-46-utc-scaled.jpg","datePublished":"2013-10-14T12:10:04+00:00","dateModified":"2022-12-12T05:49:58+00:00","description":"M\u00fcqavil\u0259d\u0259 qeyd olunan m\u00fcdd\u0259t\u0259 \u015firk\u0259tinizin t\u0259s\u0259rrufat f\u0259aliiy\u0259ti bar\u0259sind\u0259 m\u00fcst\u0259qil r\u0259y veririk. M\u00f6vcud oldu\u011fu halda s\u0259hvl\u0259ri v\u0259 t\u0259hrifl\u0259ri a\u015fkar edirik.","breadcrumb":{"@id":"https:\/\/az.f-chain.com\/az\/audit-xidmetleri\/#breadcrumb"},"inLanguage":"az","potentialAction":[{"@type":"ReadAction","target":["https:\/\/az.f-chain.com\/az\/audit-xidmetleri\/"]}]},{"@type":"ImageObject","inLanguage":"az","@id":"https:\/\/az.f-chain.com\/az\/audit-xidmetleri\/#primaryimage","url":"https:\/\/az.f-chain.com\/wp-content\/uploads\/2025\/07\/business-team-meeting-professional-investor-worki-2025-07-01-05-30-46-utc-scaled.jpg","contentUrl":"https:\/\/az.f-chain.com\/wp-content\/uploads\/2025\/07\/business-team-meeting-professional-investor-worki-2025-07-01-05-30-46-utc-scaled.jpg","width":2560,"height":1705,"caption":"Business team meeting. professional investor working new start up project. Finance task. with smart phone and laptop and digital tablet computer in morning light"},{"@type":"BreadcrumbList","@id":"https:\/\/az.f-chain.com\/az\/audit-xidmetleri\/#breadcrumb","itemListElement":[{"@type":"ListItem","position":1,"name":"Home","item":"https:\/\/az.f-chain.com\/az\/"},{"@type":"ListItem","position":2,"name":"Audit xidm\u0259tl\u0259ri"}]},{"@type":"WebSite","@id":"https:\/\/az.f-chain.com\/#website","url":"https:\/\/az.f-chain.com\/","name":"FChain","description":"Azerbaijan","potentialAction":[{"@type":"SearchAction","target":{"@type":"EntryPoint","urlTemplate":"https:\/\/az.f-chain.com\/?s={search_term_string}"},"query-input":{"@type":"PropertyValueSpecification","valueRequired":true,"valueName":"search_term_string"}}],"inLanguage":"az"}]}},"_links":{"self":[{"href":"https:\/\/az.f-chain.com\/az\/wp-json\/wp\/v2\/pages\/5987","targetHints":{"allow":["GET"]}}],"collection":[{"href":"https:\/\/az.f-chain.com\/az\/wp-json\/wp\/v2\/pages"}],"about":[{"href":"https:\/\/az.f-chain.com\/az\/wp-json\/wp\/v2\/types\/page"}],"author":[{"embeddable":true,"href":"https:\/\/az.f-chain.com\/az\/wp-json\/wp\/v2\/users\/1"}],"replies":[{"embeddable":true,"href":"https:\/\/az.f-chain.com\/az\/wp-json\/wp\/v2\/comments?post=5987"}],"version-history":[{"count":3,"href":"https:\/\/az.f-chain.com\/az\/wp-json\/wp\/v2\/pages\/5987\/revisions"}],"predecessor-version":[{"id":23298,"href":"https:\/\/az.f-chain.com\/az\/wp-json\/wp\/v2\/pages\/5987\/revisions\/23298"}],"wp:featuredmedia":[{"embeddable":true,"href":"https:\/\/az.f-chain.com\/az\/wp-json\/wp\/v2\/media\/55612"}],"wp:attachment":[{"href":"https:\/\/az.f-chain.com\/az\/wp-json\/wp\/v2\/media?parent=5987"}],"curies":[{"name":"wp","href":"https:\/\/api.w.org\/{rel}","templated":true}]}}