{"id":57177,"date":"2026-04-20T03:48:48","date_gmt":"2026-04-20T00:48:48","guid":{"rendered":"https:\/\/az.f-chain.com\/sales-services\/"},"modified":"2026-04-21T21:52:47","modified_gmt":"2026-04-21T18:52:47","slug":"sales-services","status":"publish","type":"page","link":"https:\/\/az.f-chain.com\/az\/sales-services\/","title":{"rendered":"Bak\u0131da sat\u0131\u015f xidm\u0259tl\u0259ri"},"content":{"rendered":"<div class=\"wpb-content-wrapper\"><p>[vc_row][vc_column][vc_column_text css_animation=&#8221;fadeInDown&#8221; css=&#8221;&#8221;]<\/p>\n<h3>Sistemli sat\u0131\u015f yana\u015fmas\u0131<\/h3>\n<p>Sat\u0131\u015f prosesi ayr\u0131-ayr\u0131 add\u0131mlar\u0131n c\u0259mi deyil, vahid idar\u0259 olunan sistemdir. Bu sistem komanda, sat\u0131\u015f kanallar\u0131, m\u00fc\u015ft\u0259ri il\u0259 \u0259laq\u0259 v\u0259 analitikadan ibar\u0259tdir. Biz bu elementl\u0259rin ham\u0131s\u0131n\u0131 koordinasiya ed\u0259r\u0259k effektiv model qururuq.<\/p>\n<p>Komandam\u0131z h\u0259m strateji, h\u0259m d\u0259 operativ s\u0259viyy\u0259d\u0259 i\u015fl\u0259yir. Bu, yaln\u0131z plan qurma\u011fa deyil, eyni zamanda onun d\u00fczg\u00fcn icras\u0131na n\u0259zar\u0259t etm\u0259y\u0259 imkan verir.<\/p>\n<ul class=\"ul-gray\">\n<li><b>Sat\u0131\u015f komandas\u0131n\u0131n formala\u015fd\u0131r\u0131lmas\u0131.<\/b> \u0130\u015f\u00e7il\u0259rin se\u00e7ilm\u0259si, t\u0259limi v\u0259 idar\u0259 olunmas\u0131.<\/li>\n<li><b>Prosesl\u0259rin optimalla\u015fd\u0131r\u0131lmas\u0131.<\/b> Sat\u0131\u015f funnelind\u0259 h\u0259r m\u0259rh\u0259l\u0259nin effektivliyinin art\u0131r\u0131lmas\u0131.<\/li>\n<li><b>Sat\u0131\u015f kanallar\u0131n\u0131n inki\u015faf\u0131.<\/b> Distribyutorlar v\u0259 retail t\u0259r\u0259fda\u015flarla i\u015f.<\/li>\n<li><b>KPI n\u0259zar\u0259ti.<\/b> Performans g\u00f6st\u0259ricil\u0259rinin izl\u0259nm\u0259si v\u0259 analiz edilm\u0259si.<\/li>\n<li><b>Marketinq inteqrasiyas\u0131.<\/b> Reklam v\u0259 promo f\u0259aliyy\u0259tl\u0259rl\u0259 koordinasiya.<\/li>\n<\/ul>\n<h3>Dig\u0259r xidm\u0259tl\u0259rl\u0259 inteqrasiya<\/h3>\n<p>Sat\u0131\u015f sisteminin maksimum effektivliyi <b>Promotional Services<\/b> v\u0259 <b>Trade Marketing Services<\/b> il\u0259 inteqrasiya zaman\u0131 \u0259ld\u0259 olunur. Bu yana\u015fma marketinq f\u0259aliyy\u0259tl\u0259rini birba\u015fa g\u0259lir\u0259 \u00e7evirir.<\/p>\n<p>[\/vc_column_text][\/vc_column][\/vc_row][vc_row equal_height=&#8221;yes&#8221; content_placement=&#8221;middle&#8221; css_animation=&#8221;fadeInUp&#8221;][vc_column width=&#8221;1\/2&#8243;][vc_column_text css_animation=&#8221;fadeInLeft&#8221; css=&#8221;&#8221;]<\/p>\n<h3>Az\u0259rbaycan bazar\u0131n\u0131n x\u00fcsusiyy\u0259tl\u0259ri<\/h3>\n<p>Az\u0259rbaycan bazar\u0131 h\u0259m \u0259n\u0259n\u0259vi sat\u0131\u015f kanallar\u0131n\u0131, h\u0259m d\u0259 m\u00fcasir retail \u015f\u0259b\u0259k\u0259l\u0259rini \u0259hat\u0259 edir. M\u00fc\u015ft\u0259ri davran\u0131\u015f\u0131 regiona v\u0259 m\u0259hsul kateqoriyas\u0131na g\u00f6r\u0259 d\u0259yi\u015fir. Effektiv sat\u0131\u015f strategiyas\u0131 bu faktorlar\u0131n ham\u0131s\u0131n\u0131 n\u0259z\u0259r\u0259 almal\u0131d\u0131r.<\/p>\n<p>Biz bu x\u00fcsusiyy\u0259tl\u0259ri analiz ed\u0259r\u0259k, real bazar \u015f\u0259raitin\u0259 uy\u011fun h\u0259ll\u0259r haz\u0131rlay\u0131r\u0131q v\u0259 t\u0259tbiq edirik.<\/p>\n<h3>Niy\u0259 FCHAIN<\/h3>\n<ul class=\"ul-gray\">\n<li>Yerli bazar \u00fczr\u0259 t\u0259cr\u00fcb\u0259;<\/li>\n<li>Praktiki icra y\u00f6n\u00fcml\u00fc yana\u015fma;<\/li>\n<li>\u015e\u0259ffaf analitika v\u0259 hesabatl\u0131q;<\/li>\n<li>\u00c7evik strategiyalar;<\/li>\n<li>N\u0259tic\u0259y\u0259 fokuslanma.<\/li>\n<\/ul>\n<p>[\/vc_column_text][\/vc_column][vc_column width=&#8221;1\/2&#8243;][vc_single_image image=&#8221;19188&#8243; img_size=&#8221;full&#8221; alignment=&#8221;center&#8221;][\/vc_column][\/vc_row][vc_row][vc_column][vc_column_text css_animation=&#8221;fadeInUp&#8221; css=&#8221;&#8221;]<\/p>\n<h3>Sat\u0131\u015flar\u0131n davaml\u0131 art\u0131m\u0131<\/h3>\n<p><b>FCHAIN<\/b> \u015firk\u0259ti biznesl\u0259r\u0259 sat\u0131\u015f prosesl\u0259rini strukturla\u015fd\u0131rma\u011fa v\u0259 uzunm\u00fcdd\u0259tli inki\u015faf \u00fc\u00e7\u00fcn dayan\u0131ql\u0131 model qurma\u011fa k\u00f6m\u0259k edir. N\u0259tic\u0259d\u0259 sat\u0131\u015flar sistemli \u015f\u0259kild\u0259 art\u0131r v\u0259 biznes daha sabit \u015f\u0259kild\u0259 inki\u015faf edir.<\/p>\n<p>[\/vc_column_text][\/vc_column][\/vc_row]<\/p>\n<\/div>","protected":false},"excerpt":{"rendered":"<p>[vc_row][vc_column][vc_column_text css_animation=&#8221;fadeInDown&#8221; css=&#8221;&#8221;] Sistemli sat\u0131\u015f yana\u015fmas\u0131 Sat\u0131\u015f prosesi ayr\u0131-ayr\u0131 add\u0131mlar\u0131n c\u0259mi deyil, vahid idar\u0259 olunan sistemdir. Bu sistem komanda, sat\u0131\u015f kanallar\u0131, m\u00fc\u015ft\u0259ri il\u0259 \u0259laq\u0259 v\u0259 analitikadan ibar\u0259tdir. Biz bu elementl\u0259rin ham\u0131s\u0131n\u0131 koordinasiya ed\u0259r\u0259k effektiv model qururuq. Komandam\u0131z h\u0259m strateji, h\u0259m d\u0259 operativ s\u0259viyy\u0259d\u0259 i\u015fl\u0259yir. Bu, yaln\u0131z plan qurma\u011fa deyil, eyni zamanda onun d\u00fczg\u00fcn icras\u0131na n\u0259zar\u0259t<\/p>\n","protected":false},"author":3,"featured_media":0,"parent":0,"menu_order":0,"comment_status":"open","ping_status":"closed","template":"","meta":{"_acf_changed":false,"footnotes":""},"class_list":["post-57177","page","type-page","status-publish","hentry"],"acf":[],"yoast_head":"<!-- This site is optimized with the Yoast SEO plugin v27.3 - https:\/\/yoast.com\/product\/yoast-seo-wordpress\/ -->\n<title>Bak\u0131da Sat\u0131\u015f Xidm\u0259tl\u0259ri \u2013 FCHAIN | Sat\u0131\u015f Outsourcing v\u0259 Field Sales<\/title>\n<meta name=\"description\" content=\"FCHAIN Bak\u0131da pe\u015f\u0259kar sat\u0131\u015f xidm\u0259tl\u0259ri t\u0259qdim edir: sat\u0131\u015f outsourcing, field sales komandalar\u0131 v\u0259 performans\u0131n idar\u0259 edilm\u0259si. Yerli bazara uy\u011fun strategiyalarla sat\u0131\u015flar\u0131n\u0131z\u0131 art\u0131r\u0131n.\" \/>\n<meta name=\"robots\" content=\"index, follow, max-snippet:-1, max-image-preview:large, max-video-preview:-1\" \/>\n<link rel=\"canonical\" href=\"https:\/\/az.f-chain.com\/az\/sales-services\/\" \/>\n<meta property=\"og:locale\" content=\"az_AZ\" \/>\n<meta property=\"og:type\" content=\"article\" \/>\n<meta property=\"og:title\" content=\"Bak\u0131da Sat\u0131\u015f Xidm\u0259tl\u0259ri \u2013 FCHAIN | Sat\u0131\u015f Outsourcing v\u0259 Field Sales\" \/>\n<meta property=\"og:description\" content=\"FCHAIN Bak\u0131da pe\u015f\u0259kar sat\u0131\u015f xidm\u0259tl\u0259ri t\u0259qdim edir: sat\u0131\u015f outsourcing, field sales komandalar\u0131 v\u0259 performans\u0131n idar\u0259 edilm\u0259si. Yerli bazara uy\u011fun strategiyalarla sat\u0131\u015flar\u0131n\u0131z\u0131 art\u0131r\u0131n.\" \/>\n<meta property=\"og:url\" content=\"https:\/\/az.f-chain.com\/az\/sales-services\/\" \/>\n<meta property=\"og:site_name\" content=\"FChain\" \/>\n<meta property=\"article:modified_time\" content=\"2026-04-21T18:52:47+00:00\" \/>\n<meta name=\"twitter:card\" content=\"summary_large_image\" \/>\n<script type=\"application\/ld+json\" class=\"yoast-schema-graph\">{\"@context\":\"https:\\\/\\\/schema.org\",\"@graph\":[{\"@type\":\"WebPage\",\"@id\":\"https:\\\/\\\/az.f-chain.com\\\/az\\\/sales-services\\\/\",\"url\":\"https:\\\/\\\/az.f-chain.com\\\/az\\\/sales-services\\\/\",\"name\":\"Bak\u0131da Sat\u0131\u015f Xidm\u0259tl\u0259ri \u2013 FCHAIN | Sat\u0131\u015f Outsourcing v\u0259 Field Sales\",\"isPartOf\":{\"@id\":\"https:\\\/\\\/az.f-chain.com\\\/#website\"},\"datePublished\":\"2026-04-20T00:48:48+00:00\",\"dateModified\":\"2026-04-21T18:52:47+00:00\",\"description\":\"FCHAIN Bak\u0131da pe\u015f\u0259kar sat\u0131\u015f xidm\u0259tl\u0259ri t\u0259qdim edir: sat\u0131\u015f outsourcing, field sales komandalar\u0131 v\u0259 performans\u0131n idar\u0259 edilm\u0259si. Yerli bazara uy\u011fun strategiyalarla sat\u0131\u015flar\u0131n\u0131z\u0131 art\u0131r\u0131n.\",\"breadcrumb\":{\"@id\":\"https:\\\/\\\/az.f-chain.com\\\/az\\\/sales-services\\\/#breadcrumb\"},\"inLanguage\":\"az\",\"potentialAction\":[{\"@type\":\"ReadAction\",\"target\":[\"https:\\\/\\\/az.f-chain.com\\\/az\\\/sales-services\\\/\"]}]},{\"@type\":\"BreadcrumbList\",\"@id\":\"https:\\\/\\\/az.f-chain.com\\\/az\\\/sales-services\\\/#breadcrumb\",\"itemListElement\":[{\"@type\":\"ListItem\",\"position\":1,\"name\":\"Home\",\"item\":\"https:\\\/\\\/az.f-chain.com\\\/az\\\/\"},{\"@type\":\"ListItem\",\"position\":2,\"name\":\"Bak\u0131da sat\u0131\u015f xidm\u0259tl\u0259ri\"}]},{\"@type\":\"WebSite\",\"@id\":\"https:\\\/\\\/az.f-chain.com\\\/#website\",\"url\":\"https:\\\/\\\/az.f-chain.com\\\/\",\"name\":\"FChain\",\"description\":\"Azerbaijan\",\"potentialAction\":[{\"@type\":\"SearchAction\",\"target\":{\"@type\":\"EntryPoint\",\"urlTemplate\":\"https:\\\/\\\/az.f-chain.com\\\/?s={search_term_string}\"},\"query-input\":{\"@type\":\"PropertyValueSpecification\",\"valueRequired\":true,\"valueName\":\"search_term_string\"}}],\"inLanguage\":\"az\"}]}<\/script>\n<!-- \/ Yoast SEO plugin. -->","yoast_head_json":{"title":"Bak\u0131da Sat\u0131\u015f Xidm\u0259tl\u0259ri \u2013 FCHAIN | Sat\u0131\u015f Outsourcing v\u0259 Field Sales","description":"FCHAIN Bak\u0131da pe\u015f\u0259kar sat\u0131\u015f xidm\u0259tl\u0259ri t\u0259qdim edir: sat\u0131\u015f outsourcing, field sales komandalar\u0131 v\u0259 performans\u0131n idar\u0259 edilm\u0259si. Yerli bazara uy\u011fun strategiyalarla sat\u0131\u015flar\u0131n\u0131z\u0131 art\u0131r\u0131n.","robots":{"index":"index","follow":"follow","max-snippet":"max-snippet:-1","max-image-preview":"max-image-preview:large","max-video-preview":"max-video-preview:-1"},"canonical":"https:\/\/az.f-chain.com\/az\/sales-services\/","og_locale":"az_AZ","og_type":"article","og_title":"Bak\u0131da Sat\u0131\u015f Xidm\u0259tl\u0259ri \u2013 FCHAIN | Sat\u0131\u015f Outsourcing v\u0259 Field Sales","og_description":"FCHAIN Bak\u0131da pe\u015f\u0259kar sat\u0131\u015f xidm\u0259tl\u0259ri t\u0259qdim edir: sat\u0131\u015f outsourcing, field sales komandalar\u0131 v\u0259 performans\u0131n idar\u0259 edilm\u0259si. Yerli bazara uy\u011fun strategiyalarla sat\u0131\u015flar\u0131n\u0131z\u0131 art\u0131r\u0131n.","og_url":"https:\/\/az.f-chain.com\/az\/sales-services\/","og_site_name":"FChain","article_modified_time":"2026-04-21T18:52:47+00:00","twitter_card":"summary_large_image","schema":{"@context":"https:\/\/schema.org","@graph":[{"@type":"WebPage","@id":"https:\/\/az.f-chain.com\/az\/sales-services\/","url":"https:\/\/az.f-chain.com\/az\/sales-services\/","name":"Bak\u0131da Sat\u0131\u015f Xidm\u0259tl\u0259ri \u2013 FCHAIN | Sat\u0131\u015f Outsourcing v\u0259 Field Sales","isPartOf":{"@id":"https:\/\/az.f-chain.com\/#website"},"datePublished":"2026-04-20T00:48:48+00:00","dateModified":"2026-04-21T18:52:47+00:00","description":"FCHAIN Bak\u0131da pe\u015f\u0259kar sat\u0131\u015f xidm\u0259tl\u0259ri t\u0259qdim edir: sat\u0131\u015f outsourcing, field sales komandalar\u0131 v\u0259 performans\u0131n idar\u0259 edilm\u0259si. Yerli bazara uy\u011fun strategiyalarla sat\u0131\u015flar\u0131n\u0131z\u0131 art\u0131r\u0131n.","breadcrumb":{"@id":"https:\/\/az.f-chain.com\/az\/sales-services\/#breadcrumb"},"inLanguage":"az","potentialAction":[{"@type":"ReadAction","target":["https:\/\/az.f-chain.com\/az\/sales-services\/"]}]},{"@type":"BreadcrumbList","@id":"https:\/\/az.f-chain.com\/az\/sales-services\/#breadcrumb","itemListElement":[{"@type":"ListItem","position":1,"name":"Home","item":"https:\/\/az.f-chain.com\/az\/"},{"@type":"ListItem","position":2,"name":"Bak\u0131da sat\u0131\u015f xidm\u0259tl\u0259ri"}]},{"@type":"WebSite","@id":"https:\/\/az.f-chain.com\/#website","url":"https:\/\/az.f-chain.com\/","name":"FChain","description":"Azerbaijan","potentialAction":[{"@type":"SearchAction","target":{"@type":"EntryPoint","urlTemplate":"https:\/\/az.f-chain.com\/?s={search_term_string}"},"query-input":{"@type":"PropertyValueSpecification","valueRequired":true,"valueName":"search_term_string"}}],"inLanguage":"az"}]}},"_links":{"self":[{"href":"https:\/\/az.f-chain.com\/az\/wp-json\/wp\/v2\/pages\/57177","targetHints":{"allow":["GET"]}}],"collection":[{"href":"https:\/\/az.f-chain.com\/az\/wp-json\/wp\/v2\/pages"}],"about":[{"href":"https:\/\/az.f-chain.com\/az\/wp-json\/wp\/v2\/types\/page"}],"author":[{"embeddable":true,"href":"https:\/\/az.f-chain.com\/az\/wp-json\/wp\/v2\/users\/3"}],"replies":[{"embeddable":true,"href":"https:\/\/az.f-chain.com\/az\/wp-json\/wp\/v2\/comments?post=57177"}],"version-history":[{"count":2,"href":"https:\/\/az.f-chain.com\/az\/wp-json\/wp\/v2\/pages\/57177\/revisions"}],"predecessor-version":[{"id":57179,"href":"https:\/\/az.f-chain.com\/az\/wp-json\/wp\/v2\/pages\/57177\/revisions\/57179"}],"wp:attachment":[{"href":"https:\/\/az.f-chain.com\/az\/wp-json\/wp\/v2\/media?parent=57177"}],"curies":[{"name":"wp","href":"https:\/\/api.w.org\/{rel}","templated":true}]}}