{"id":57173,"date":"2026-04-20T03:52:36","date_gmt":"2026-04-20T00:52:36","guid":{"rendered":"https:\/\/az.f-chain.com\/trejd-marketing-v-baku\/"},"modified":"2026-04-21T21:49:53","modified_gmt":"2026-04-21T18:49:53","slug":"trejd-marketing-v-baku","status":"publish","type":"page","link":"https:\/\/az.f-chain.com\/az\/trejd-marketing-v-baku\/","title":{"rendered":"Bak\u0131da trade marketing xidm\u0259tl\u0259ri"},"content":{"rendered":"<div class=\"wpb-content-wrapper\"><p>[vc_row][vc_column][vc_column_text css_animation=&#8221;fadeInDown&#8221; css=&#8221;&#8221;]<\/p>\n<h2>Bak\u0131da trade marketing xidm\u0259tl\u0259ri<\/h2>\n<p><b>FCHAIN<\/b> \u015firk\u0259ti <b>trade marketing services Baku<\/b> xidm\u0259ti vasit\u0259sil\u0259 \u015firk\u0259tl\u0259r\u0259 retail sat\u0131\u015flar\u0131n\u0131n effektivliyini art\u0131rmaq v\u0259 <b>Az\u0259rbaycan<\/b> bazar\u0131nda brend m\u00f6vqeyini g\u00fccl\u0259ndirm\u0259k \u00fc\u00e7\u00fcn pe\u015f\u0259kar d\u0259st\u0259k t\u0259qdim edir. M\u00fcasir bazarda m\u0259hsulun yaln\u0131z m\u00f6vcudlu\u011fu kifay\u0259t deyil \u2014 onun d\u00fczg\u00fcn yerl\u0259\u015fdirilm\u0259si v\u0259 t\u0259qdim olunmas\u0131 h\u0259lledici rol oynay\u0131r.<\/p>\n<p><b>marketing services Azerbaijan<\/b> \u00e7\u0259r\u00e7iv\u0259sind\u0259 biz \u015firk\u0259tl\u0259r\u0259 sat\u0131\u015f kanallar\u0131n\u0131 optimalla\u015fd\u0131rmaq, distribyutorlarla effektiv i\u015fl\u0259m\u0259k v\u0259 retail m\u00fchitind\u0259 maksimum n\u0259tic\u0259 \u0259ld\u0259 etm\u0259k \u00fc\u00e7\u00fcn h\u0259ll\u0259r t\u0259qdim edirik.<\/p>\n<p>[\/vc_column_text][\/vc_column][\/vc_row][vc_row equal_height=&#8221;yes&#8221; content_placement=&#8221;middle&#8221; css_animation=&#8221;bounceInLeft&#8221;][vc_column width=&#8221;1\/2&#8243;][vc_column_text css_animation=&#8221;fadeInLeft&#8221; css=&#8221;&#8221;]<\/p>\n<h3>Strategiyadan real sat\u0131\u015fa<\/h3>\n<p>Trade marketing marketinq strategiyas\u0131 il\u0259 real sat\u0131\u015f n\u0259tic\u0259l\u0259ri aras\u0131nda k\u00f6rp\u00fc rolunu oynay\u0131r. M\u0259hsul d\u00fczg\u00fcn t\u0259qdim olunmad\u0131qda v\u0259 ya retail m\u00fchitind\u0259 z\u0259if g\u00f6r\u00fcn\u00fcrl\u00fck olduqda sat\u0131\u015flar a\u015fa\u011f\u0131 d\u00fc\u015f\u00fcr.<\/p>\n<p>Biz m\u0259hsulun ma\u011fazada d\u00fczg\u00fcn yerl\u0259\u015fdirilm\u0259sini, vizual t\u0259qdimat\u0131n\u0131 v\u0259 al\u0131c\u0131 \u00fc\u00e7\u00fcn c\u0259lbedici olmas\u0131n\u0131 t\u0259min edirik.<\/p>\n<ul class=\"ul-gray\">\n<li><b>Retail strategiyas\u0131.<\/b> M\u0259hsulun yerl\u0259\u015fdirilm\u0259sinin optimalla\u015fd\u0131r\u0131lmas\u0131.<\/li>\n<li><b>Merchandising.<\/b> Vizual t\u0259qdimat v\u0259 standartlar\u0131n qorunmas\u0131.<\/li>\n<li><b>Distribusiya koordinasiyas\u0131.<\/b> Sat\u0131\u015f kanallar\u0131n\u0131n idar\u0259 olunmas\u0131.<\/li>\n<li><b>Ma\u011faza daxili promo.<\/b> Sat\u0131\u015f\u0131n stimulla\u015fd\u0131r\u0131lmas\u0131.<\/li>\n<li><b>Analitika.<\/b> N\u0259tic\u0259l\u0259rin \u00f6l\u00e7\u00fclm\u0259si v\u0259 optimalla\u015fd\u0131r\u0131lmas\u0131.<\/li>\n<\/ul>\n<h3>Dig\u0259r xidm\u0259tl\u0259rl\u0259 \u0259laq\u0259<\/h3>\n<p>Trade marketing <b>Sales Services<\/b> v\u0259 <b>Promotional Services<\/b> il\u0259 birlikd\u0259 i\u015fl\u0259dikd\u0259 maksimum effekt verir. Bu inteqrasiya sat\u0131\u015flar\u0131n artmas\u0131na birba\u015fa t\u0259sir edir.<\/p>\n<p>[\/vc_column_text][\/vc_column][vc_column width=&#8221;1\/2&#8243;][vc_single_image image=&#8221;55453&#8243; img_size=&#8221;full&#8221;][\/vc_column][\/vc_row][vc_row equal_height=&#8221;yes&#8221; content_placement=&#8221;middle&#8221; css_animation=&#8221;bounceInRight&#8221;][vc_column width=&#8221;1\/2&#8243;][vc_single_image image=&#8221;55456&#8243; img_size=&#8221;full&#8221;][\/vc_column][vc_column width=&#8221;1\/2&#8243;][vc_column_text css_animation=&#8221;fadeInRight&#8221; css=&#8221;&#8221;]<\/p>\n<h3>Az\u0259rbaycan retail bazar\u0131<\/h3>\n<p>Az\u0259rbaycan retail bazar\u0131 m\u00fcxt\u0259lif formatlardan ibar\u0259tdir: b\u00f6y\u00fck \u015f\u0259b\u0259k\u0259l\u0259r, ki\u00e7ik ma\u011fazalar v\u0259 regional distribyutorlar. Bu m\u00fcxt\u0259liflik strategiyan\u0131n \u00e7evik olmas\u0131n\u0131 t\u0259l\u0259b edir.<\/p>\n<p>Biz h\u0259r kanal \u00fc\u00e7\u00fcn uy\u011fun yana\u015fma t\u0259tbiq ed\u0259r\u0259k m\u0259hsulun effektiv t\u0259qdimat\u0131n\u0131 t\u0259min edirik.<\/p>\n<h3>Niy\u0259 FCHAIN<\/h3>\n<ul class=\"ul-gray\">\n<li>Retail sah\u0259sind\u0259 t\u0259cr\u00fcb\u0259;<\/li>\n<li>\u0130cra y\u00f6n\u00fcml\u00fc yana\u015fma;<\/li>\n<li>Keyfiyy\u0259t\u0259 n\u0259zar\u0259t;<\/li>\n<li>\u015e\u0259ffafl\u0131q;<\/li>\n<li>N\u0259tic\u0259y\u0259 fokus.<\/li>\n<\/ul>\n<p>[\/vc_column_text][\/vc_column][\/vc_row][vc_row equal_height=&#8221;yes&#8221; content_placement=&#8221;middle&#8221; css_animation=&#8221;bounceInRight&#8221;][vc_column width=&#8221;1\/2&#8243;][vc_column_text css_animation=&#8221;fadeInUp&#8221; css=&#8221;&#8221;]<\/p>\n<h3>Retail vasit\u0259sil\u0259 sat\u0131\u015flar\u0131n art\u0131r\u0131lmas\u0131<\/h3>\n<p><b>FCHAIN<\/b> \u015firk\u0259ti m\u0259hsullar\u0131n ma\u011fazada effektiv t\u0259qdimat\u0131 vasit\u0259sil\u0259 sat\u0131\u015flar\u0131n artmas\u0131na v\u0259 brendin g\u00fccl\u0259nm\u0259sin\u0259 k\u00f6m\u0259k edir. Bu yana\u015fma uzunm\u00fcdd\u0259tli n\u0259tic\u0259l\u0259r \u0259ld\u0259 etm\u0259y\u0259 imkan verir.<\/p>\n<p>[\/vc_column_text][\/vc_column][vc_column width=&#8221;1\/2&#8243;][vc_single_image image=&#8221;55459&#8243; img_size=&#8221;full&#8221;][\/vc_column][\/vc_row]<\/p>\n<\/div>","protected":false},"excerpt":{"rendered":"<p>[vc_row][vc_column][vc_column_text css_animation=&#8221;fadeInDown&#8221; css=&#8221;&#8221;] Bak\u0131da trade marketing xidm\u0259tl\u0259ri FCHAIN \u015firk\u0259ti trade marketing services Baku xidm\u0259ti vasit\u0259sil\u0259 \u015firk\u0259tl\u0259r\u0259 retail sat\u0131\u015flar\u0131n\u0131n effektivliyini art\u0131rmaq v\u0259 Az\u0259rbaycan bazar\u0131nda brend m\u00f6vqeyini g\u00fccl\u0259ndirm\u0259k \u00fc\u00e7\u00fcn pe\u015f\u0259kar d\u0259st\u0259k t\u0259qdim edir. M\u00fcasir bazarda m\u0259hsulun yaln\u0131z m\u00f6vcudlu\u011fu kifay\u0259t deyil \u2014 onun d\u00fczg\u00fcn yerl\u0259\u015fdirilm\u0259si v\u0259 t\u0259qdim olunmas\u0131 h\u0259lledici rol oynay\u0131r. marketing services Azerbaijan \u00e7\u0259r\u00e7iv\u0259sind\u0259 biz \u015firk\u0259tl\u0259r\u0259 sat\u0131\u015f<\/p>\n","protected":false},"author":3,"featured_media":55453,"parent":0,"menu_order":0,"comment_status":"closed","ping_status":"closed","template":"","meta":{"_acf_changed":false,"footnotes":""},"class_list":["post-57173","page","type-page","status-publish","hentry"],"acf":[],"yoast_head":"<!-- This site is optimized with the Yoast SEO plugin v27.3 - https:\/\/yoast.com\/product\/yoast-seo-wordpress\/ -->\n<title>Bak\u0131da Trade Marketing Xidm\u0259tl\u0259ri \u2013 FCHAIN | Merchandising v\u0259 Sat\u0131\u015flar\u0131n Art\u0131r\u0131lmas\u0131<\/title>\n<meta name=\"description\" content=\"FCHAIN Bak\u0131da trade marketing xidm\u0259tl\u0259ri t\u0259qdim edir: merchandising, POSM idar\u0259etm\u0259si, sat\u0131\u015f n\u00f6qt\u0259l\u0259rind\u0259 promo v\u0259 icra n\u0259zar\u0259ti. Yerli bazara uy\u011fun strategiyalarla brend g\u00f6r\u00fcn\u00fcrl\u00fc\u011f\u00fcn\u00fc v\u0259 sat\u0131\u015flar\u0131 art\u0131r\u0131n.\" \/>\n<meta name=\"robots\" content=\"index, follow, max-snippet:-1, max-image-preview:large, max-video-preview:-1\" \/>\n<link rel=\"canonical\" href=\"https:\/\/az.f-chain.com\/az\/trejd-marketing-v-baku\/\" \/>\n<meta property=\"og:locale\" content=\"az_AZ\" \/>\n<meta property=\"og:type\" content=\"article\" \/>\n<meta property=\"og:title\" content=\"Bak\u0131da Trade Marketing Xidm\u0259tl\u0259ri \u2013 FCHAIN | Merchandising v\u0259 Sat\u0131\u015flar\u0131n Art\u0131r\u0131lmas\u0131\" \/>\n<meta property=\"og:description\" content=\"FCHAIN Bak\u0131da trade marketing xidm\u0259tl\u0259ri t\u0259qdim edir: merchandising, POSM idar\u0259etm\u0259si, sat\u0131\u015f n\u00f6qt\u0259l\u0259rind\u0259 promo v\u0259 icra n\u0259zar\u0259ti. Yerli bazara uy\u011fun strategiyalarla brend g\u00f6r\u00fcn\u00fcrl\u00fc\u011f\u00fcn\u00fc v\u0259 sat\u0131\u015flar\u0131 art\u0131r\u0131n.\" \/>\n<meta property=\"og:url\" content=\"https:\/\/az.f-chain.com\/az\/trejd-marketing-v-baku\/\" \/>\n<meta property=\"og:site_name\" content=\"FChain\" \/>\n<meta property=\"article:modified_time\" content=\"2026-04-21T18:49:53+00:00\" \/>\n<meta property=\"og:image\" content=\"https:\/\/az.f-chain.com\/wp-content\/uploads\/2025\/07\/construction-site-2025-03-25-20-15-59-utc-scaled.jpg\" \/>\n\t<meta property=\"og:image:width\" content=\"2560\" \/>\n\t<meta property=\"og:image:height\" content=\"1707\" \/>\n\t<meta property=\"og:image:type\" content=\"image\/jpeg\" \/>\n<meta name=\"twitter:card\" content=\"summary_large_image\" \/>\n<script type=\"application\/ld+json\" class=\"yoast-schema-graph\">{\"@context\":\"https:\\\/\\\/schema.org\",\"@graph\":[{\"@type\":\"WebPage\",\"@id\":\"https:\\\/\\\/az.f-chain.com\\\/az\\\/trejd-marketing-v-baku\\\/\",\"url\":\"https:\\\/\\\/az.f-chain.com\\\/az\\\/trejd-marketing-v-baku\\\/\",\"name\":\"Bak\u0131da Trade Marketing Xidm\u0259tl\u0259ri \u2013 FCHAIN | Merchandising v\u0259 Sat\u0131\u015flar\u0131n Art\u0131r\u0131lmas\u0131\",\"isPartOf\":{\"@id\":\"https:\\\/\\\/az.f-chain.com\\\/#website\"},\"primaryImageOfPage\":{\"@id\":\"https:\\\/\\\/az.f-chain.com\\\/az\\\/trejd-marketing-v-baku\\\/#primaryimage\"},\"image\":{\"@id\":\"https:\\\/\\\/az.f-chain.com\\\/az\\\/trejd-marketing-v-baku\\\/#primaryimage\"},\"thumbnailUrl\":\"https:\\\/\\\/az.f-chain.com\\\/wp-content\\\/uploads\\\/2025\\\/07\\\/construction-site-2025-03-25-20-15-59-utc-scaled.jpg\",\"datePublished\":\"2026-04-20T00:52:36+00:00\",\"dateModified\":\"2026-04-21T18:49:53+00:00\",\"description\":\"FCHAIN Bak\u0131da trade marketing xidm\u0259tl\u0259ri t\u0259qdim edir: merchandising, POSM idar\u0259etm\u0259si, sat\u0131\u015f n\u00f6qt\u0259l\u0259rind\u0259 promo v\u0259 icra n\u0259zar\u0259ti. Yerli bazara uy\u011fun strategiyalarla brend g\u00f6r\u00fcn\u00fcrl\u00fc\u011f\u00fcn\u00fc v\u0259 sat\u0131\u015flar\u0131 art\u0131r\u0131n.\",\"breadcrumb\":{\"@id\":\"https:\\\/\\\/az.f-chain.com\\\/az\\\/trejd-marketing-v-baku\\\/#breadcrumb\"},\"inLanguage\":\"az\",\"potentialAction\":[{\"@type\":\"ReadAction\",\"target\":[\"https:\\\/\\\/az.f-chain.com\\\/az\\\/trejd-marketing-v-baku\\\/\"]}]},{\"@type\":\"ImageObject\",\"inLanguage\":\"az\",\"@id\":\"https:\\\/\\\/az.f-chain.com\\\/az\\\/trejd-marketing-v-baku\\\/#primaryimage\",\"url\":\"https:\\\/\\\/az.f-chain.com\\\/wp-content\\\/uploads\\\/2025\\\/07\\\/construction-site-2025-03-25-20-15-59-utc-scaled.jpg\",\"contentUrl\":\"https:\\\/\\\/az.f-chain.com\\\/wp-content\\\/uploads\\\/2025\\\/07\\\/construction-site-2025-03-25-20-15-59-utc-scaled.jpg\",\"width\":2560,\"height\":1707,\"caption\":\"Construction site\"},{\"@type\":\"BreadcrumbList\",\"@id\":\"https:\\\/\\\/az.f-chain.com\\\/az\\\/trejd-marketing-v-baku\\\/#breadcrumb\",\"itemListElement\":[{\"@type\":\"ListItem\",\"position\":1,\"name\":\"Home\",\"item\":\"https:\\\/\\\/az.f-chain.com\\\/az\\\/\"},{\"@type\":\"ListItem\",\"position\":2,\"name\":\"Bak\u0131da trade marketing xidm\u0259tl\u0259ri\"}]},{\"@type\":\"WebSite\",\"@id\":\"https:\\\/\\\/az.f-chain.com\\\/#website\",\"url\":\"https:\\\/\\\/az.f-chain.com\\\/\",\"name\":\"FChain\",\"description\":\"Azerbaijan\",\"potentialAction\":[{\"@type\":\"SearchAction\",\"target\":{\"@type\":\"EntryPoint\",\"urlTemplate\":\"https:\\\/\\\/az.f-chain.com\\\/?s={search_term_string}\"},\"query-input\":{\"@type\":\"PropertyValueSpecification\",\"valueRequired\":true,\"valueName\":\"search_term_string\"}}],\"inLanguage\":\"az\"}]}<\/script>\n<!-- \/ Yoast SEO plugin. -->","yoast_head_json":{"title":"Bak\u0131da Trade Marketing Xidm\u0259tl\u0259ri \u2013 FCHAIN | Merchandising v\u0259 Sat\u0131\u015flar\u0131n Art\u0131r\u0131lmas\u0131","description":"FCHAIN Bak\u0131da trade marketing xidm\u0259tl\u0259ri t\u0259qdim edir: merchandising, POSM idar\u0259etm\u0259si, sat\u0131\u015f n\u00f6qt\u0259l\u0259rind\u0259 promo v\u0259 icra n\u0259zar\u0259ti. Yerli bazara uy\u011fun strategiyalarla brend g\u00f6r\u00fcn\u00fcrl\u00fc\u011f\u00fcn\u00fc v\u0259 sat\u0131\u015flar\u0131 art\u0131r\u0131n.","robots":{"index":"index","follow":"follow","max-snippet":"max-snippet:-1","max-image-preview":"max-image-preview:large","max-video-preview":"max-video-preview:-1"},"canonical":"https:\/\/az.f-chain.com\/az\/trejd-marketing-v-baku\/","og_locale":"az_AZ","og_type":"article","og_title":"Bak\u0131da Trade Marketing Xidm\u0259tl\u0259ri \u2013 FCHAIN | Merchandising v\u0259 Sat\u0131\u015flar\u0131n Art\u0131r\u0131lmas\u0131","og_description":"FCHAIN Bak\u0131da trade marketing xidm\u0259tl\u0259ri t\u0259qdim edir: merchandising, POSM idar\u0259etm\u0259si, sat\u0131\u015f n\u00f6qt\u0259l\u0259rind\u0259 promo v\u0259 icra n\u0259zar\u0259ti. Yerli bazara uy\u011fun strategiyalarla brend g\u00f6r\u00fcn\u00fcrl\u00fc\u011f\u00fcn\u00fc v\u0259 sat\u0131\u015flar\u0131 art\u0131r\u0131n.","og_url":"https:\/\/az.f-chain.com\/az\/trejd-marketing-v-baku\/","og_site_name":"FChain","article_modified_time":"2026-04-21T18:49:53+00:00","og_image":[{"width":2560,"height":1707,"url":"https:\/\/az.f-chain.com\/wp-content\/uploads\/2025\/07\/construction-site-2025-03-25-20-15-59-utc-scaled.jpg","type":"image\/jpeg"}],"twitter_card":"summary_large_image","schema":{"@context":"https:\/\/schema.org","@graph":[{"@type":"WebPage","@id":"https:\/\/az.f-chain.com\/az\/trejd-marketing-v-baku\/","url":"https:\/\/az.f-chain.com\/az\/trejd-marketing-v-baku\/","name":"Bak\u0131da Trade Marketing Xidm\u0259tl\u0259ri \u2013 FCHAIN | Merchandising v\u0259 Sat\u0131\u015flar\u0131n Art\u0131r\u0131lmas\u0131","isPartOf":{"@id":"https:\/\/az.f-chain.com\/#website"},"primaryImageOfPage":{"@id":"https:\/\/az.f-chain.com\/az\/trejd-marketing-v-baku\/#primaryimage"},"image":{"@id":"https:\/\/az.f-chain.com\/az\/trejd-marketing-v-baku\/#primaryimage"},"thumbnailUrl":"https:\/\/az.f-chain.com\/wp-content\/uploads\/2025\/07\/construction-site-2025-03-25-20-15-59-utc-scaled.jpg","datePublished":"2026-04-20T00:52:36+00:00","dateModified":"2026-04-21T18:49:53+00:00","description":"FCHAIN Bak\u0131da trade marketing xidm\u0259tl\u0259ri t\u0259qdim edir: merchandising, POSM idar\u0259etm\u0259si, sat\u0131\u015f n\u00f6qt\u0259l\u0259rind\u0259 promo v\u0259 icra n\u0259zar\u0259ti. Yerli bazara uy\u011fun strategiyalarla brend g\u00f6r\u00fcn\u00fcrl\u00fc\u011f\u00fcn\u00fc v\u0259 sat\u0131\u015flar\u0131 art\u0131r\u0131n.","breadcrumb":{"@id":"https:\/\/az.f-chain.com\/az\/trejd-marketing-v-baku\/#breadcrumb"},"inLanguage":"az","potentialAction":[{"@type":"ReadAction","target":["https:\/\/az.f-chain.com\/az\/trejd-marketing-v-baku\/"]}]},{"@type":"ImageObject","inLanguage":"az","@id":"https:\/\/az.f-chain.com\/az\/trejd-marketing-v-baku\/#primaryimage","url":"https:\/\/az.f-chain.com\/wp-content\/uploads\/2025\/07\/construction-site-2025-03-25-20-15-59-utc-scaled.jpg","contentUrl":"https:\/\/az.f-chain.com\/wp-content\/uploads\/2025\/07\/construction-site-2025-03-25-20-15-59-utc-scaled.jpg","width":2560,"height":1707,"caption":"Construction site"},{"@type":"BreadcrumbList","@id":"https:\/\/az.f-chain.com\/az\/trejd-marketing-v-baku\/#breadcrumb","itemListElement":[{"@type":"ListItem","position":1,"name":"Home","item":"https:\/\/az.f-chain.com\/az\/"},{"@type":"ListItem","position":2,"name":"Bak\u0131da trade marketing xidm\u0259tl\u0259ri"}]},{"@type":"WebSite","@id":"https:\/\/az.f-chain.com\/#website","url":"https:\/\/az.f-chain.com\/","name":"FChain","description":"Azerbaijan","potentialAction":[{"@type":"SearchAction","target":{"@type":"EntryPoint","urlTemplate":"https:\/\/az.f-chain.com\/?s={search_term_string}"},"query-input":{"@type":"PropertyValueSpecification","valueRequired":true,"valueName":"search_term_string"}}],"inLanguage":"az"}]}},"_links":{"self":[{"href":"https:\/\/az.f-chain.com\/az\/wp-json\/wp\/v2\/pages\/57173","targetHints":{"allow":["GET"]}}],"collection":[{"href":"https:\/\/az.f-chain.com\/az\/wp-json\/wp\/v2\/pages"}],"about":[{"href":"https:\/\/az.f-chain.com\/az\/wp-json\/wp\/v2\/types\/page"}],"author":[{"embeddable":true,"href":"https:\/\/az.f-chain.com\/az\/wp-json\/wp\/v2\/users\/3"}],"replies":[{"embeddable":true,"href":"https:\/\/az.f-chain.com\/az\/wp-json\/wp\/v2\/comments?post=57173"}],"version-history":[{"count":3,"href":"https:\/\/az.f-chain.com\/az\/wp-json\/wp\/v2\/pages\/57173\/revisions"}],"predecessor-version":[{"id":57176,"href":"https:\/\/az.f-chain.com\/az\/wp-json\/wp\/v2\/pages\/57173\/revisions\/57176"}],"wp:featuredmedia":[{"embeddable":true,"href":"https:\/\/az.f-chain.com\/az\/wp-json\/wp\/v2\/media\/55453"}],"wp:attachment":[{"href":"https:\/\/az.f-chain.com\/az\/wp-json\/wp\/v2\/media?parent=57173"}],"curies":[{"name":"wp","href":"https:\/\/api.w.org\/{rel}","templated":true}]}}