{"id":57162,"date":"2026-04-20T03:43:00","date_gmt":"2026-04-20T00:43:00","guid":{"rendered":"https:\/\/az.f-chain.com\/promotional-services\/"},"modified":"2026-04-21T04:07:59","modified_gmt":"2026-04-21T01:07:59","slug":"promotional-services","status":"publish","type":"page","link":"https:\/\/az.f-chain.com\/az\/promotional-services\/","title":{"rendered":"promo xidm\u0259tl\u0259r"},"content":{"rendered":"<div class=\"wpb-content-wrapper\"><p>[vc_row equal_height=&#8221;yes&#8221; css_animation=&#8221;fadeInUp&#8221;][vc_column][vc_column_text css_animation=&#8221;fadeInDown&#8221; css=&#8221;&#8221;]<\/p>\n<h2>Bak\u0131da promo xidm\u0259tl\u0259r<\/h2>\n<p><b>FCHAIN<\/b> \u015firk\u0259ti <b>promotional services Baku<\/b> xidm\u0259ti \u00e7\u0259r\u00e7iv\u0259sind\u0259 brendl\u0259rin tan\u0131nmas\u0131n\u0131 art\u0131rmaq v\u0259 sat\u0131\u015flar\u0131 stimulla\u015fd\u0131rmaq ist\u0259y\u0259n \u015firk\u0259tl\u0259r\u0259 <b>Az\u0259rbaycan<\/b> bazar\u0131nda pe\u015f\u0259kar d\u0259st\u0259k t\u0259qdim edir. M\u00fcasir bazar \u015f\u0259raitind\u0259 r\u0259qab\u0259t getdikc\u0259 art\u0131r v\u0259 yaln\u0131z kreativ yana\u015fma kifay\u0259t etmir \u2014 u\u011fur \u00fc\u00e7\u00fcn strukturla\u015fd\u0131r\u0131lm\u0131\u015f strategiya v\u0259 d\u00fczg\u00fcn icra t\u0259l\u0259b olunur.<\/p>\n<p><b>marketing services Azerbaijan<\/b> \u00e7\u0259r\u00e7iv\u0259sind\u0259 biz promo kampaniyalar\u0131 yerli bazar\u0131n x\u00fcsusiyy\u0259tl\u0259rin\u0259 uy\u011fun \u015f\u0259kild\u0259 planla\u015fd\u0131r\u0131r v\u0259 h\u0259yata ke\u00e7iririk. M\u0259qs\u0259dimiz yaln\u0131z diqq\u0259t c\u0259lb etm\u0259k deyil, h\u0259m d\u0259 real sat\u0131\u015f n\u0259tic\u0259l\u0259rin\u0259 t\u0259sir g\u00f6st\u0259rm\u0259k v\u0259 brendin m\u00f6vqeyini g\u00fccl\u0259ndirm\u0259kdir.<\/p>\n<p>[\/vc_column_text][\/vc_column][\/vc_row][vc_row equal_height=&#8221;yes&#8221; content_placement=&#8221;middle&#8221; css_animation=&#8221;fadeInUp&#8221;][vc_column width=&#8221;1\/2&#8243;][vc_column_text css_animation=&#8221;fadeInLeft&#8221; css=&#8221;&#8221;]<\/p>\n<h3>Strateji v\u0259 praktik yana\u015fma<\/h3>\n<p>Effektiv promo f\u0259aliyy\u0259tl\u0259r m\u00fc\u015ft\u0259ri il\u0259 birba\u015fa t\u0259mas qurma\u011fa \u0259saslan\u0131r. Biz kampaniyalar\u0131 el\u0259 qururuq ki, onlar m\u00fc\u015ft\u0259rinin q\u0259rarverm\u0259 prosesin\u0259 t\u0259sir etsin v\u0259 al\u0131\u015f ehtimal\u0131n\u0131 art\u0131rs\u0131n.<\/p>\n<p>Komandam\u0131z ticar\u0259t n\u00f6qt\u0259l\u0259rind\u0259 v\u0259 y\u00fcks\u0259k trafik olan yerl\u0259rd\u0259 i\u015fl\u0259yir, bu is\u0259 biz\u0259 icran\u0131n keyfiyy\u0259tini n\u0259zar\u0259td\u0259 saxlama\u011fa v\u0259 n\u0259tic\u0259l\u0259ri operativ \u015f\u0259kild\u0259 optimalla\u015fd\u0131rma\u011fa imkan verir.<\/p>\n<ul class=\"ul-gray\">\n<li><b>Ma\u011faza daxili promo.<\/b> M\u0259hsul t\u0259qdimatlar\u0131, dequstasiyalar v\u0259 m\u00fc\u015ft\u0259ri il\u0259 birba\u015fa \u00fcnsiyy\u0259t.<\/li>\n<li><b>Brand activation.<\/b> Brend tan\u0131nmas\u0131n\u0131n v\u0259 m\u00fc\u015ft\u0259ri loyall\u0131\u011f\u0131n\u0131n art\u0131r\u0131lmas\u0131.<\/li>\n<li><b>Field marketing.<\/b> H\u0259d\u0259f auditoriya il\u0259 birba\u015fa \u0259laq\u0259.<\/li>\n<li><b>Retail n\u0259zar\u0259ti.<\/b> M\u0259hsulun d\u00fczg\u00fcn yerl\u0259\u015fdirilm\u0259si v\u0259 standartlara uy\u011funlu\u011fun yoxlan\u0131lmas\u0131.<\/li>\n<li><b>Analitika.<\/b> Kampaniyan\u0131n effektivliyinin \u00f6l\u00e7\u00fclm\u0259si v\u0259 optimalla\u015fd\u0131r\u0131lmas\u0131.<\/li>\n<\/ul>\n<h3>Dig\u0259r xidm\u0259tl\u0259rl\u0259 inteqrasiya<\/h3>\n<p>Promo f\u0259aliyy\u0259tl\u0259r <b>Sales Services<\/b> v\u0259 <b>Trade Marketing Services<\/b> il\u0259 s\u0131x \u0259laq\u0259d\u0259 i\u015fl\u0259yir. Bu yana\u015fma brend g\u00f6r\u00fcn\u00fcrl\u00fc\u011f\u00fcn\u00fc real sat\u0131\u015f n\u0259tic\u0259l\u0259rin\u0259 \u00e7evirm\u0259y\u0259 imkan verir.<\/p>\n<p>[\/vc_column_text][\/vc_column][vc_column width=&#8221;1\/2&#8243;][vc_single_image image=&#8221;19147&#8243; img_size=&#8221;full&#8221; alignment=&#8221;center&#8221;][\/vc_column][\/vc_row][vc_row content_placement=&#8221;middle&#8221; css_animation=&#8221;fadeInUp&#8221; css=&#8221;.vc_custom_1632293783140{background-color: #f6f6f6 !important;}&#8221;][vc_column width=&#8221;1\/2&#8243;][vc_single_image image=&#8221;19150&#8243; img_size=&#8221;full&#8221; alignment=&#8221;center&#8221;][\/vc_column][vc_column width=&#8221;1\/2&#8243;][vc_column_text css_animation=&#8221;fadeInRight&#8221; css=&#8221;&#8221;]<\/p>\n<h3>Az\u0259rbaycan bazar\u0131n\u0131n x\u00fcsusiyy\u0259tl\u0259ri<\/h3>\n<p>Az\u0259rbaycan bazar\u0131 h\u0259m m\u00fcasir retail \u015f\u0259b\u0259k\u0259l\u0259rini, h\u0259m d\u0259 \u0259n\u0259n\u0259vi sat\u0131\u015f kanallar\u0131n\u0131 \u0259hat\u0259 edir. M\u00fc\u015ft\u0259ri davran\u0131\u015f\u0131 regiondan v\u0259 m\u0259hsul kateqoriyas\u0131ndan as\u0131l\u0131 olaraq d\u0259yi\u015fir. Biz bu amill\u0259ri n\u0259z\u0259r\u0259 alaraq strategiyalar qururuq.<\/p>\n<h3>Niy\u0259 FCHAIN<\/h3>\n<ul class=\"ul-gray\">\n<li>Yerli bazar \u00fczr\u0259 t\u0259cr\u00fcb\u0259;<\/li>\n<li>Praktik icra y\u00f6n\u00fcml\u00fc yana\u015fma;<\/li>\n<li>\u015e\u0259ffaf hesabatl\u0131q;<\/li>\n<li>\u00c7evik strategiyalar;<\/li>\n<li>N\u0259tic\u0259y\u0259 fokuslanma.<\/li>\n<\/ul>\n<p>[\/vc_column_text][\/vc_column][\/vc_row][vc_row content_placement=&#8221;middle&#8221; css_animation=&#8221;fadeInUp&#8221;][vc_column width=&#8221;1\/2&#8243;][vc_column_text css_animation=&#8221;fadeInUp&#8221; css=&#8221;&#8221;]<\/p>\n<h3>Brendinizi g\u00fccl\u0259ndirin<\/h3>\n<p><b>FCHAIN<\/b> \u015firk\u0259ti promo strategiyalar vasit\u0259sil\u0259 brendin g\u00f6r\u00fcn\u00fcrl\u00fc\u011f\u00fcn\u00fc art\u0131r\u0131r v\u0259 Az\u0259rbaycanda sabit biznes inki\u015faf\u0131n\u0131 t\u0259min edir.<\/p>\n<p>[\/vc_column_text][\/vc_column][vc_column width=&#8221;1\/2&#8243;][vc_single_image image=&#8221;19153&#8243; img_size=&#8221;full&#8221; alignment=&#8221;center&#8221;][\/vc_column][\/vc_row]<\/p>\n<\/div>","protected":false},"excerpt":{"rendered":"<p>[vc_row equal_height=&#8221;yes&#8221; css_animation=&#8221;fadeInUp&#8221;][vc_column][vc_column_text css_animation=&#8221;fadeInDown&#8221; css=&#8221;&#8221;] Bak\u0131da promo xidm\u0259tl\u0259r FCHAIN \u015firk\u0259ti promotional services Baku xidm\u0259ti \u00e7\u0259r\u00e7iv\u0259sind\u0259 brendl\u0259rin tan\u0131nmas\u0131n\u0131 art\u0131rmaq v\u0259 sat\u0131\u015flar\u0131 stimulla\u015fd\u0131rmaq ist\u0259y\u0259n \u015firk\u0259tl\u0259r\u0259 Az\u0259rbaycan bazar\u0131nda pe\u015f\u0259kar d\u0259st\u0259k t\u0259qdim edir. M\u00fcasir bazar \u015f\u0259raitind\u0259 r\u0259qab\u0259t getdikc\u0259 art\u0131r v\u0259 yaln\u0131z kreativ yana\u015fma kifay\u0259t etmir \u2014 u\u011fur \u00fc\u00e7\u00fcn strukturla\u015fd\u0131r\u0131lm\u0131\u015f strategiya v\u0259 d\u00fczg\u00fcn icra t\u0259l\u0259b olunur. marketing services Azerbaijan \u00e7\u0259r\u00e7iv\u0259sind\u0259<\/p>\n","protected":false},"author":3,"featured_media":0,"parent":0,"menu_order":0,"comment_status":"open","ping_status":"closed","template":"","meta":{"_acf_changed":false,"footnotes":""},"class_list":["post-57162","page","type-page","status-publish","hentry"],"acf":[],"yoast_head":"<!-- This site is optimized with the Yoast SEO plugin v27.3 - https:\/\/yoast.com\/product\/yoast-seo-wordpress\/ -->\n<title>Bak\u0131da Promo Xidm\u0259tl\u0259r \u2013 FCHAIN | Brend Aktivl\u0259\u015fdirm\u0259 v\u0259 Promo Aksiyalar<\/title>\n<meta name=\"description\" content=\"FCHAIN Bak\u0131da pe\u015f\u0259kar promo xidm\u0259tl\u0259r t\u0259klif edir: brend aktivl\u0259\u015fdirm\u0259, promo aksiyalar v\u0259 t\u0259dbirl\u0259rin t\u0259\u015fkili. Yerli bazara uy\u011fun strategiyalarla m\u00fc\u015ft\u0259ri c\u0259lbini art\u0131r\u0131n v\u0259 sat\u0131\u015flar\u0131 y\u00fcks\u0259ldin.\" \/>\n<meta name=\"robots\" content=\"index, follow, max-snippet:-1, max-image-preview:large, max-video-preview:-1\" \/>\n<link rel=\"canonical\" href=\"https:\/\/az.f-chain.com\/az\/promotional-services\/\" \/>\n<meta property=\"og:locale\" content=\"az_AZ\" \/>\n<meta property=\"og:type\" content=\"article\" \/>\n<meta property=\"og:title\" content=\"Bak\u0131da Promo Xidm\u0259tl\u0259r \u2013 FCHAIN | Brend Aktivl\u0259\u015fdirm\u0259 v\u0259 Promo Aksiyalar\" \/>\n<meta property=\"og:description\" content=\"FCHAIN Bak\u0131da pe\u015f\u0259kar promo xidm\u0259tl\u0259r t\u0259klif edir: brend aktivl\u0259\u015fdirm\u0259, promo aksiyalar v\u0259 t\u0259dbirl\u0259rin t\u0259\u015fkili. Yerli bazara uy\u011fun strategiyalarla m\u00fc\u015ft\u0259ri c\u0259lbini art\u0131r\u0131n v\u0259 sat\u0131\u015flar\u0131 y\u00fcks\u0259ldin.\" \/>\n<meta property=\"og:url\" content=\"https:\/\/az.f-chain.com\/az\/promotional-services\/\" \/>\n<meta property=\"og:site_name\" content=\"FChain\" \/>\n<meta property=\"article:modified_time\" content=\"2026-04-21T01:07:59+00:00\" \/>\n<meta name=\"twitter:card\" content=\"summary_large_image\" \/>\n<script type=\"application\/ld+json\" class=\"yoast-schema-graph\">{\"@context\":\"https:\\\/\\\/schema.org\",\"@graph\":[{\"@type\":\"WebPage\",\"@id\":\"https:\\\/\\\/az.f-chain.com\\\/az\\\/promotional-services\\\/\",\"url\":\"https:\\\/\\\/az.f-chain.com\\\/az\\\/promotional-services\\\/\",\"name\":\"Bak\u0131da Promo Xidm\u0259tl\u0259r \u2013 FCHAIN | Brend Aktivl\u0259\u015fdirm\u0259 v\u0259 Promo Aksiyalar\",\"isPartOf\":{\"@id\":\"https:\\\/\\\/az.f-chain.com\\\/#website\"},\"datePublished\":\"2026-04-20T00:43:00+00:00\",\"dateModified\":\"2026-04-21T01:07:59+00:00\",\"description\":\"FCHAIN Bak\u0131da pe\u015f\u0259kar promo xidm\u0259tl\u0259r t\u0259klif edir: brend aktivl\u0259\u015fdirm\u0259, promo aksiyalar v\u0259 t\u0259dbirl\u0259rin t\u0259\u015fkili. Yerli bazara uy\u011fun strategiyalarla m\u00fc\u015ft\u0259ri c\u0259lbini art\u0131r\u0131n v\u0259 sat\u0131\u015flar\u0131 y\u00fcks\u0259ldin.\",\"breadcrumb\":{\"@id\":\"https:\\\/\\\/az.f-chain.com\\\/az\\\/promotional-services\\\/#breadcrumb\"},\"inLanguage\":\"az\",\"potentialAction\":[{\"@type\":\"ReadAction\",\"target\":[\"https:\\\/\\\/az.f-chain.com\\\/az\\\/promotional-services\\\/\"]}]},{\"@type\":\"BreadcrumbList\",\"@id\":\"https:\\\/\\\/az.f-chain.com\\\/az\\\/promotional-services\\\/#breadcrumb\",\"itemListElement\":[{\"@type\":\"ListItem\",\"position\":1,\"name\":\"Home\",\"item\":\"https:\\\/\\\/az.f-chain.com\\\/az\\\/\"},{\"@type\":\"ListItem\",\"position\":2,\"name\":\"promo xidm\u0259tl\u0259r\"}]},{\"@type\":\"WebSite\",\"@id\":\"https:\\\/\\\/az.f-chain.com\\\/#website\",\"url\":\"https:\\\/\\\/az.f-chain.com\\\/\",\"name\":\"FChain\",\"description\":\"Azerbaijan\",\"potentialAction\":[{\"@type\":\"SearchAction\",\"target\":{\"@type\":\"EntryPoint\",\"urlTemplate\":\"https:\\\/\\\/az.f-chain.com\\\/?s={search_term_string}\"},\"query-input\":{\"@type\":\"PropertyValueSpecification\",\"valueRequired\":true,\"valueName\":\"search_term_string\"}}],\"inLanguage\":\"az\"}]}<\/script>\n<!-- \/ Yoast SEO plugin. -->","yoast_head_json":{"title":"Bak\u0131da Promo Xidm\u0259tl\u0259r \u2013 FCHAIN | Brend Aktivl\u0259\u015fdirm\u0259 v\u0259 Promo Aksiyalar","description":"FCHAIN Bak\u0131da pe\u015f\u0259kar promo xidm\u0259tl\u0259r t\u0259klif edir: brend aktivl\u0259\u015fdirm\u0259, promo aksiyalar v\u0259 t\u0259dbirl\u0259rin t\u0259\u015fkili. Yerli bazara uy\u011fun strategiyalarla m\u00fc\u015ft\u0259ri c\u0259lbini art\u0131r\u0131n v\u0259 sat\u0131\u015flar\u0131 y\u00fcks\u0259ldin.","robots":{"index":"index","follow":"follow","max-snippet":"max-snippet:-1","max-image-preview":"max-image-preview:large","max-video-preview":"max-video-preview:-1"},"canonical":"https:\/\/az.f-chain.com\/az\/promotional-services\/","og_locale":"az_AZ","og_type":"article","og_title":"Bak\u0131da Promo Xidm\u0259tl\u0259r \u2013 FCHAIN | Brend Aktivl\u0259\u015fdirm\u0259 v\u0259 Promo Aksiyalar","og_description":"FCHAIN Bak\u0131da pe\u015f\u0259kar promo xidm\u0259tl\u0259r t\u0259klif edir: brend aktivl\u0259\u015fdirm\u0259, promo aksiyalar v\u0259 t\u0259dbirl\u0259rin t\u0259\u015fkili. Yerli bazara uy\u011fun strategiyalarla m\u00fc\u015ft\u0259ri c\u0259lbini art\u0131r\u0131n v\u0259 sat\u0131\u015flar\u0131 y\u00fcks\u0259ldin.","og_url":"https:\/\/az.f-chain.com\/az\/promotional-services\/","og_site_name":"FChain","article_modified_time":"2026-04-21T01:07:59+00:00","twitter_card":"summary_large_image","schema":{"@context":"https:\/\/schema.org","@graph":[{"@type":"WebPage","@id":"https:\/\/az.f-chain.com\/az\/promotional-services\/","url":"https:\/\/az.f-chain.com\/az\/promotional-services\/","name":"Bak\u0131da Promo Xidm\u0259tl\u0259r \u2013 FCHAIN | Brend Aktivl\u0259\u015fdirm\u0259 v\u0259 Promo Aksiyalar","isPartOf":{"@id":"https:\/\/az.f-chain.com\/#website"},"datePublished":"2026-04-20T00:43:00+00:00","dateModified":"2026-04-21T01:07:59+00:00","description":"FCHAIN Bak\u0131da pe\u015f\u0259kar promo xidm\u0259tl\u0259r t\u0259klif edir: brend aktivl\u0259\u015fdirm\u0259, promo aksiyalar v\u0259 t\u0259dbirl\u0259rin t\u0259\u015fkili. Yerli bazara uy\u011fun strategiyalarla m\u00fc\u015ft\u0259ri c\u0259lbini art\u0131r\u0131n v\u0259 sat\u0131\u015flar\u0131 y\u00fcks\u0259ldin.","breadcrumb":{"@id":"https:\/\/az.f-chain.com\/az\/promotional-services\/#breadcrumb"},"inLanguage":"az","potentialAction":[{"@type":"ReadAction","target":["https:\/\/az.f-chain.com\/az\/promotional-services\/"]}]},{"@type":"BreadcrumbList","@id":"https:\/\/az.f-chain.com\/az\/promotional-services\/#breadcrumb","itemListElement":[{"@type":"ListItem","position":1,"name":"Home","item":"https:\/\/az.f-chain.com\/az\/"},{"@type":"ListItem","position":2,"name":"promo xidm\u0259tl\u0259r"}]},{"@type":"WebSite","@id":"https:\/\/az.f-chain.com\/#website","url":"https:\/\/az.f-chain.com\/","name":"FChain","description":"Azerbaijan","potentialAction":[{"@type":"SearchAction","target":{"@type":"EntryPoint","urlTemplate":"https:\/\/az.f-chain.com\/?s={search_term_string}"},"query-input":{"@type":"PropertyValueSpecification","valueRequired":true,"valueName":"search_term_string"}}],"inLanguage":"az"}]}},"_links":{"self":[{"href":"https:\/\/az.f-chain.com\/az\/wp-json\/wp\/v2\/pages\/57162","targetHints":{"allow":["GET"]}}],"collection":[{"href":"https:\/\/az.f-chain.com\/az\/wp-json\/wp\/v2\/pages"}],"about":[{"href":"https:\/\/az.f-chain.com\/az\/wp-json\/wp\/v2\/types\/page"}],"author":[{"embeddable":true,"href":"https:\/\/az.f-chain.com\/az\/wp-json\/wp\/v2\/users\/3"}],"replies":[{"embeddable":true,"href":"https:\/\/az.f-chain.com\/az\/wp-json\/wp\/v2\/comments?post=57162"}],"version-history":[{"count":3,"href":"https:\/\/az.f-chain.com\/az\/wp-json\/wp\/v2\/pages\/57162\/revisions"}],"predecessor-version":[{"id":57165,"href":"https:\/\/az.f-chain.com\/az\/wp-json\/wp\/v2\/pages\/57162\/revisions\/57165"}],"wp:attachment":[{"href":"https:\/\/az.f-chain.com\/az\/wp-json\/wp\/v2\/media?parent=57162"}],"curies":[{"name":"wp","href":"https:\/\/api.w.org\/{rel}","templated":true}]}}