{"id":57076,"date":"2026-04-10T12:32:00","date_gmt":"2026-04-10T09:32:00","guid":{"rendered":"https:\/\/az.f-chain.com\/marketing-services\/"},"modified":"2026-04-15T02:21:39","modified_gmt":"2026-04-14T23:21:39","slug":"marketing-services","status":"publish","type":"page","link":"https:\/\/az.f-chain.com\/az\/marketing-services\/","title":{"rendered":"Az\u0259rbaycanda marketinq xidm\u0259tl\u0259rimiz"},"content":{"rendered":"<div class=\"wpb-content-wrapper\"><p>[vc_row equal_height=&#8221;yes&#8221; css_animation=&#8221;fadeInUp&#8221;][vc_column][vc_column_text css_animation=&#8221;fadeInDown&#8221; css=&#8221;&#8221;]S\u00fcr\u0259tl\u0259 d\u0259yi\u015f\u0259n sah\u0259l\u0259rd\u0259 i\u015fl\u0259m\u0259k m\u00fcxt\u0259lif \u00e7\u0259tinlikl\u0259r yarada bil\u0259r. \u0130st\u0259r \u0259m\u0259kda\u015flar\u0131n se\u00e7ilm\u0259si, ist\u0259rs\u0259 d\u0259 auditl\u0259rin apar\u0131lmas\u0131 olsun \u2014 h\u0259r ikisi eyni d\u0259r\u0259c\u0259d\u0259 vacibdir v\u0259 buna g\u00f6r\u0259 d\u0259 \u015firk\u0259tl\u0259r\u0259 d\u0259st\u0259k laz\u0131md\u0131r.<br data-start=\"415\" data-end=\"418\" \/>Bu d\u0259st\u0259yi \u0259ld\u0259 etm\u0259k asand\u0131r. Financial Chain Corporation il\u0259 \u0259laq\u0259 saxlamaq probleml\u0259ri t\u0259xir\u0259 salmaq \u0259v\u0259zin\u0259 d\u0259rhal onlar\u0131n h\u0259llin\u0259 ba\u015flama\u011fa imkan verir.<br data-start=\"575\" data-end=\"578\" \/>Dig\u0259r se\u00e7im is\u0259 qaydalar\u0131 m\u00fcst\u0259qil \u015f\u0259kild\u0259 \u00f6yr\u0259nm\u0259kdir ki, bu da vaxt v\u0259 s\u0259y t\u0259l\u0259b edir. Se\u00e7im ayd\u0131nd\u0131r.[\/vc_column_text][\/vc_column][\/vc_row][vc_row equal_height=&#8221;yes&#8221; content_placement=&#8221;middle&#8221; css_animation=&#8221;bounceInLeft&#8221;][vc_column width=&#8221;1\/2&#8243;][vc_column_text css_animation=&#8221;fadeInLeft&#8221; css=&#8221;&#8221;]Marketinq t\u0259dqiqatlar\u0131n\u0131n apar\u0131lmas\u0131 al\u0131c\u0131lar\u0131n v\u0259 m\u00fc\u015ft\u0259ril\u0259rin diqq\u0259tini c\u0259lb etm\u0259k \u00fc\u00e7\u00fcn m\u00fc\u0259yy\u0259n reputasiya formala\u015fd\u0131rma\u011fa k\u00f6m\u0259k edir. \u018fld\u0259 olunan m\u0259lumatlar \u015firk\u0259t il\u0259 istehlak\u00e7\u0131lar aras\u0131nda olan mane\u0259l\u0259ri aradan qald\u0131rma\u011fa imkan verir. \u015eirk\u0259tl\u0259r \u00fc\u00e7\u00fcn marketinq agentliyi f\u0259aliyy\u0259t\u0259 bazar\u0131n x\u00fcsusiyy\u0259tl\u0259rini \u00f6yr\u0259nm\u0259kl\u0259 v\u0259 m\u00fcmk\u00fcn h\u0259ll yollar\u0131n\u0131 tapmaqla ba\u015flay\u0131r. Bunun \u00fc\u00e7\u00fcn a\u015fa\u011f\u0131dak\u0131lar\u0131n qiym\u0259tl\u0259ndirilm\u0259si apar\u0131l\u0131r:<\/p>\n<ul class=\"ul-gray\">\n<li>bazar seqmentl\u0259rinin cari v\u0259ziyy\u0259ti;<\/li>\n<li>r\u0259qibl\u0259rin strategiyalar\u0131 v\u0259 m\u00f6vqel\u0259ndirilm\u0259si;<\/li>\n<li>istehlak\u00e7\u0131 ehtiyaclar\u0131.<\/li>\n<\/ul>\n<p>Marketinq konsaltinqind\u0259n y\u00fcks\u0259k g\u00f6zl\u0259ntil\u0259r \u0259sasl\u0131d\u0131r. T\u0259sad\u00fcfi u\u011furlu q\u0259rarlar n\u0259tic\u0259 \u0259ld\u0259 etm\u0259k \u00fc\u00e7\u00fcn kifay\u0259t deyil. Bunun \u0259v\u0259zin\u0259, pe\u015f\u0259karlar t\u0259r\u0259find\u0259n i\u015fl\u0259nmi\u015f real m\u0259lumatlara \u0259saslanan strategiyan\u0131n qurulmas\u0131 t\u0259klif olunur. Biznes \u00fc\u00e7\u00fcn marketinq xidm\u0259tl\u0259ri bazarda u\u011furlu ir\u0259lil\u0259yi\u015f v\u0259 m\u00f6hk\u0259ml\u0259nm\u0259 \u00fc\u00e7\u00fcn \u0259sas \u015f\u0259rtl\u0259rd\u0259n biridir.<\/p>\n<p>Pe\u015f\u0259kar marketinq konsaltinqi \u201cd\u0259qiq t\u0259xminl\u0259r\u201d \u0259v\u0259zin\u0259 ayd\u0131n alqoritml\u0259r\u0259 ke\u00e7m\u0259y\u0259 imkan verir. Strategiya qurmaq \u00fc\u00e7\u00fcn r\u0259qibl\u0259r haqq\u0131nda m\u0259lumatlardan istifad\u0259 ed\u0259 bil\u0259rsiniz. T\u0259klifl\u0259rin m\u00fcqayis\u0259si v\u0259 reputasiyan\u0131n yax\u015f\u0131la\u015fd\u0131r\u0131lmas\u0131 daha geni\u015f bilik bazas\u0131na \u00e7\u0131x\u0131\u015f say\u0259sind\u0259 ba\u015f verir.<\/p>\n<p>Bundan \u0259lav\u0259, marketinq agentliyinin xidm\u0259tl\u0259ri a\u015fa\u011f\u0131dak\u0131lar \u00fc\u00e7\u00fcn haz\u0131r h\u0259ll\u0259r t\u0259qdim edir:<\/p>\n<p><strong>Marketinq strategiyalar\u0131.<\/strong> Yeni bazara \u00e7\u0131x\u0131\u015f v\u0259 ya m\u00f6vqel\u0259rin m\u00f6hk\u0259ml\u0259ndirilm\u0259si yaln\u0131z aktual m\u0259lumatlar olduqda m\u00fcmk\u00fcnd\u00fcr. Real marketinq h\u0259ll\u0259rin\u0259 \u0259saslanan strategiya daha geni\u015f \u0259hat\u0259 v\u0259 h\u0259d\u0259f auditoriyan\u0131n diqq\u0259tini c\u0259lb etm\u0259y\u0259 imkan verir. Sat\u0131\u015f bazar\u0131n\u0131n geni\u015fl\u0259ndirilm\u0259si \u015firk\u0259tin m\u00f6hk\u0259ml\u0259nm\u0259sin\u0259 v\u0259 yeni idar\u0259etm\u0259 modell\u0259rin\u0259 ke\u00e7id\u0259 k\u00f6m\u0259k edir.<\/p>\n<p><strong>T\u0259klifl\u0259rin r\u0259qab\u0259t qabiliyy\u0259ti.<\/strong> M\u0259hsul v\u0259 xidm\u0259tl\u0259r\u0259 diqq\u0259t d\u00fczg\u00fcn m\u00f6vqel\u0259ndirm\u0259 il\u0259 m\u00fc\u0259yy\u0259n olunur. Bundan \u0259lav\u0259, unikal \u00fcst\u00fcnl\u00fckl\u0259rin m\u00f6vcudlu\u011funu t\u0259min etm\u0259k laz\u0131md\u0131r. Bunun \u00fc\u00e7\u00fcn \u0259sas r\u0259qibl\u0259ri, onlar\u0131n h\u0259ll\u0259rini v\u0259 \u00fcst\u00fcnl\u00fckl\u0259rini \u00f6yr\u0259nm\u0259k vacibdir. Brend m\u00f6vqel\u0259ndirilm\u0259si r\u0259qab\u0259t \u00fcst\u00fcnl\u00fckl\u0259rin\u0259 \u0259saslanan strategiya t\u0259l\u0259b edir.<\/p>\n<p><strong>Konversiyan\u0131n art\u0131r\u0131lmas\u0131.<\/strong> Toplanm\u0131\u015f m\u0259lumatlara \u0259saslanaraq brendin reputasiyas\u0131n\u0131 yax\u015f\u0131la\u015fd\u0131rmaq v\u0259 daha geni\u015f auditoriyan\u0131 c\u0259lb etm\u0259k m\u00fcmk\u00fcnd\u00fcr. Bunun \u00fc\u00e7\u00fcn bazar\u0131n t\u0259l\u0259bl\u0259rini v\u0259 m\u00fc\u015ft\u0259ri g\u00f6zl\u0259ntil\u0259rini ba\u015fa d\u00fc\u015fm\u0259k laz\u0131md\u0131r. Outsource marketinq xidm\u0259tl\u0259ri il\u0259 apar\u0131lan d\u0259rin analiz bu x\u00fcsusiyy\u0259tl\u0259ri m\u00fc\u0259yy\u0259n etm\u0259y\u0259 k\u00f6m\u0259k edir. Yeni m\u00fc\u015ft\u0259ril\u0259r \u0259lav\u0259 g\u0259lir g\u0259tirm\u0259kl\u0259 yana\u015f\u0131, d\u00fczg\u00fcn strategiyan\u0131n t\u0259tbiq olundu\u011funu da g\u00f6st\u0259rir.<\/p>\n<p>Marketinq m\u00fct\u0259x\u0259ssisl\u0259rinin c\u0259lb edilm\u0259si h\u0259r bir tap\u015f\u0131r\u0131\u011f\u0131 asanla\u015fd\u0131r\u0131r. Siz art\u0131q h\u0259r m\u0259rh\u0259l\u0259ni n\u0259zar\u0259td\u0259 saxlama\u011fa ehtiyac duymursunuz. Bunun \u0259v\u0259zin\u0259, i\u015finiz\u0259 t\u0259sir ed\u0259n \u0259sas probleml\u0259r\u0259 fokuslana bil\u0259rsiniz. Bundan \u0259lav\u0259, outsourcing sad\u0259, rahat v\u0259 etibarl\u0131d\u0131r. \u018fks\u0259r hallarda Az\u0259rbaycanda bu xidm\u0259tl\u0259r \u015ftat \u0259m\u0259kda\u015flar\u0131n\u0131n i\u015f\u0259 g\u00f6t\u00fcr\u00fclm\u0259sind\u0259n daha s\u0259rf\u0259lidir.[\/vc_column_text][\/vc_column][vc_column width=&#8221;1\/2&#8243;][vc_single_image image=&#8221;19131&#8243; img_size=&#8221;full&#8221; alignment=&#8221;center&#8221;][\/vc_column][\/vc_row][vc_row equal_height=&#8221;yes&#8221; content_placement=&#8221;middle&#8221; css_animation=&#8221;bounceInRight&#8221; css=&#8221;.vc_custom_1752664993341{margin-bottom: 0px !important;background-color: #f6f6f6 !important;}&#8221;][vc_column width=&#8221;1\/2&#8243;][vc_single_image image=&#8221;19134&#8243; img_size=&#8221;full&#8221; alignment=&#8221;center&#8221;][\/vc_column][vc_column width=&#8221;1\/2&#8243;][vc_column_text css_animation=&#8221;fadeInRight&#8221; css=&#8221;&#8221;]<\/p>\n<h2>Marketinq t\u0259dqiqatlar\u0131 niy\u0259 t\u0259l\u0259b olunur?<\/h2>\n<p>Bazardak\u0131 cari v\u0259ziyy\u0259t haqq\u0131nda m\u0259lumat yeni strategiyalar\u0131n qurulmas\u0131na imkan verir. Real m\u0259lumatlara \u0259saslanan q\u0259rarlar m\u00fc\u015ft\u0259ri t\u0259cr\u00fcb\u0259sinin yax\u015f\u0131la\u015fd\u0131r\u0131lmas\u0131na k\u00f6m\u0259k edir. Yeni h\u0259ll\u0259rin t\u0259tbiqi \u015firk\u0259tl\u0259r\u0259 imkan verir:<\/p>\n<ul class=\"ul-gray\">\n<li>sat\u0131\u015f bazar\u0131n\u0131 auditoriyan\u0131n t\u0259l\u0259bl\u0259rin\u0259 uy\u011fun geni\u015fl\u0259ndirm\u0259k;<\/li>\n<li>m\u00fcasir xidm\u0259t v\u0259 ya istehsal\u00e7\u0131 kimi reputasiya yaratmaq;<\/li>\n<li>\u00f6z \u00fcst\u00fcnl\u00fckl\u0259rini \u0259sas r\u0259qibl\u0259rl\u0259 m\u00fcqayis\u0259 etm\u0259k;<\/li>\n<li>m\u0259hsullar\u0131n t\u0259kmill\u0259\u015fdirilm\u0259si \u00fc\u00e7\u00fcn yeni imkanlar\u0131 \u00f6yr\u0259nm\u0259k;<\/li>\n<li>unikal sat\u0131\u015f t\u0259klifi formala\u015fd\u0131rmaq.<\/li>\n<\/ul>\n<h2>\u015eirk\u0259tl\u0259r niy\u0259 outsourcing istifad\u0259 edir?<\/h2>\n<p>Outsourcing \u015firk\u0259t \u00fc\u00e7\u00fcn strateji q\u0259rard\u0131r. Bu yana\u015fma effektivliyi art\u0131rma\u011fa v\u0259 riskl\u0259ri azaltma\u011fa imkan verir. Financial Chain Corporation \u0259lav\u0259 olaraq a\u015fa\u011f\u0131dak\u0131 \u00fcst\u00fcnl\u00fckl\u0259ri t\u0259qdim edir:<\/p>\n<ul class=\"ul-gray\">\n<li><strong>X\u0259rcl\u0259rin azald\u0131lmas\u0131.<\/strong> Az\u0259rbaycanda outsourcing daimi i\u015f\u00e7il\u0259rin maa\u015flar\u0131, proqram t\u0259minat\u0131 v\u0259 i\u015f prosesl\u0259rinin t\u0259\u015fkili x\u0259rcl\u0259rini azaltma\u011fa k\u00f6m\u0259k edir.<\/li>\n<li><strong>Pe\u015f\u0259karlara etibar edin.<\/strong> Maliyy\u0259 v\u0259 h\u00fcquqi m\u0259s\u0259l\u0259l\u0259r t\u0259cr\u00fcb\u0259li m\u00fct\u0259x\u0259ssisl\u0259r\u0259 h\u0259val\u0259 olunmal\u0131d\u0131r. Bu, keyfiyy\u0259tli n\u0259tic\u0259l\u0259r v\u0259 minimal risk dem\u0259kdir.<\/li>\n<li><strong>Qanunvericiliy\u0259 uy\u011funluq.<\/strong> Vergi v\u0259 m\u00fchasibatl\u0131q sah\u0259sind\u0259 d\u0259yi\u015fiklikl\u0259r daimi n\u0259zar\u0259t t\u0259l\u0259b edir. Outsourcing bu prosesi asanla\u015fd\u0131r\u0131r.<\/li>\n<li><strong>Biznesin optimalla\u015fd\u0131r\u0131lmas\u0131.<\/strong> \u018fsas prosesl\u0259r\u0259 fokuslanmaq \u015firk\u0259tin f\u0259aliyy\u0259tini yax\u015f\u0131la\u015fd\u0131r\u0131r.<\/li>\n<li><strong>Resurslara q\u0259na\u0259t.<\/strong> Rutind\u0259 olan tap\u015f\u0131r\u0131qlar \u0259sas biznes f\u0259aliyy\u0259tin\u0259 mane olmur.<\/li>\n<\/ul>\n<p>Bu tap\u015f\u0131r\u0131qlar\u0131n \u00f6t\u00fcr\u00fclm\u0259si r\u0259hb\u0259rliy\u0259 v\u0259 \u0259m\u0259kda\u015flara biznesin inki\u015faf\u0131na fokuslanma\u011fa imkan verir.[\/vc_column_text][\/vc_column][\/vc_row][vc_row equal_height=&#8221;yes&#8221; content_placement=&#8221;middle&#8221; css_animation=&#8221;bounceInLeft&#8221;][vc_column width=&#8221;1\/2&#8243;][vc_column_text css_animation=&#8221;fadeInUp&#8221; css=&#8221;&#8221;]<\/p>\n<h2>Financial Chain Corporation il\u0259 i\u015fl\u0259m\u0259yin \u00fcst\u00fcnl\u00fckl\u0259ri<\/h2>\n<p>Financial Chain Corporation (FChain) marketinq xidm\u0259tl\u0259ri sah\u0259sind\u0259 uzun ill\u0259r t\u0259cr\u00fcb\u0259y\u0259 malik beyn\u0259lxalq outsourcing \u015firk\u0259tidir. \u015eirk\u0259t 18 ild\u0259n art\u0131qd\u0131r ki, qlobal bazarda f\u0259aliyy\u0259t g\u00f6st\u0259rir v\u0259 m\u00fcxt\u0259lif \u00f6lk\u0259l\u0259rd\u0259 ofisl\u0259r\u0259 malikdir.<\/p>\n<p>FChain m\u00fchasibatl\u0131q, vergi hesabat\u0131, h\u00fcquqi d\u0259st\u0259k v\u0259 biznes konsaltinq daxil olmaqla geni\u015f xidm\u0259t spektri t\u0259qdim edir. Pe\u015f\u0259kar m\u00fct\u0259x\u0259ssisl\u0259r komandas\u0131 ist\u0259nil\u0259n m\u00fcr\u0259kk\u0259blikd\u0259 tap\u015f\u0131r\u0131qlar\u0131 yerin\u0259 yetirir.<\/p>\n<p>\u015eirk\u0259t \u00f6z i\u015finin n\u0259tic\u0259l\u0259rin\u0259 g\u00f6r\u0259 m\u0259suliyy\u0259t da\u015f\u0131y\u0131r v\u0259 maliyy\u0259, vergi v\u0259 h\u00fcquqi riskl\u0259rd\u0259n qorunma t\u0259min edir. M\u00fcasir texnologiyalar\u0131n t\u0259tbiqi x\u0259rcl\u0259rin azald\u0131lmas\u0131na v\u0259 biznesin effektivliyinin art\u0131r\u0131lmas\u0131na k\u00f6m\u0259k edir.<\/p>\n<p>Bu xidm\u0259tl\u0259r a\u015fa\u011f\u0131dak\u0131lara imkan verir:<\/p>\n<ul class=\"ul-gray\">\n<li>x\u0259rcl\u0259ri azaltmaq;<\/li>\n<li>maliyy\u0259 idar\u0259etm\u0259sinin keyfiyy\u0259tini art\u0131rmaq;<\/li>\n<li>riskl\u0259ri minimuma endirm\u0259k.<\/li>\n<\/ul>\n<p>[\/vc_column_text][\/vc_column][vc_column width=&#8221;1\/2&#8243;][vc_single_image image=&#8221;55573&#8243; img_size=&#8221;full&#8221;][\/vc_column][\/vc_row]<\/p>\n<\/div>","protected":false},"excerpt":{"rendered":"<p>[vc_row equal_height=&#8221;yes&#8221; css_animation=&#8221;fadeInUp&#8221;][vc_column][vc_column_text css_animation=&#8221;fadeInDown&#8221; css=&#8221;&#8221;]S\u00fcr\u0259tl\u0259 d\u0259yi\u015f\u0259n sah\u0259l\u0259rd\u0259 i\u015fl\u0259m\u0259k m\u00fcxt\u0259lif \u00e7\u0259tinlikl\u0259r yarada bil\u0259r. \u0130st\u0259r \u0259m\u0259kda\u015flar\u0131n se\u00e7ilm\u0259si, ist\u0259rs\u0259 d\u0259 auditl\u0259rin apar\u0131lmas\u0131 olsun \u2014 h\u0259r ikisi eyni d\u0259r\u0259c\u0259d\u0259 vacibdir v\u0259 buna g\u00f6r\u0259 d\u0259 \u015firk\u0259tl\u0259r\u0259 d\u0259st\u0259k laz\u0131md\u0131r.Bu d\u0259st\u0259yi \u0259ld\u0259 etm\u0259k asand\u0131r. Financial Chain Corporation il\u0259 \u0259laq\u0259 saxlamaq probleml\u0259ri t\u0259xir\u0259 salmaq \u0259v\u0259zin\u0259 d\u0259rhal onlar\u0131n h\u0259llin\u0259 ba\u015flama\u011fa imkan verir.Dig\u0259r se\u00e7im is\u0259<\/p>\n","protected":false},"author":3,"featured_media":55577,"parent":0,"menu_order":0,"comment_status":"open","ping_status":"closed","template":"","meta":{"_acf_changed":false,"footnotes":""},"class_list":["post-57076","page","type-page","status-publish","hentry"],"acf":[],"yoast_head":"<!-- This site is optimized with the Yoast SEO plugin v27.3 - https:\/\/yoast.com\/product\/yoast-seo-wordpress\/ -->\n<title>Az\u0259rbaycanda Marketinq Xidm\u0259tl\u0259ri \u2013 FCHAIN \u200b\u200b| Ticar\u0259t Marketinqi<\/title>\n<meta name=\"description\" content=\"FCHAIN \u200b\u200bAz\u0259rbaycanda pe\u015f\u0259kar marketinq xidm\u0259tl\u0259ri, o c\u00fcml\u0259d\u0259n ticar\u0259t marketinqi, brendin t\u0259\u015fviqi v\u0259 bazar ara\u015fd\u0131rmas\u0131 t\u0259klif edir. Yerli bazara uy\u011funla\u015fd\u0131r\u0131lm\u0131\u015f effektiv strategiyalarla biznesin b\u00f6y\u00fcm\u0259sini t\u0259min edin.\" \/>\n<meta name=\"robots\" content=\"index, follow, max-snippet:-1, max-image-preview:large, max-video-preview:-1\" \/>\n<link rel=\"canonical\" href=\"https:\/\/az.f-chain.com\/az\/marketing-services\/\" \/>\n<meta property=\"og:locale\" content=\"az_AZ\" \/>\n<meta property=\"og:type\" content=\"article\" \/>\n<meta property=\"og:title\" content=\"Az\u0259rbaycanda Marketinq Xidm\u0259tl\u0259ri \u2013 FCHAIN \u200b\u200b| Ticar\u0259t Marketinqi\" \/>\n<meta property=\"og:description\" content=\"FCHAIN \u200b\u200bAz\u0259rbaycanda pe\u015f\u0259kar marketinq xidm\u0259tl\u0259ri, o c\u00fcml\u0259d\u0259n ticar\u0259t marketinqi, brendin t\u0259\u015fviqi v\u0259 bazar ara\u015fd\u0131rmas\u0131 t\u0259klif edir. Yerli bazara uy\u011funla\u015fd\u0131r\u0131lm\u0131\u015f effektiv strategiyalarla biznesin b\u00f6y\u00fcm\u0259sini t\u0259min edin.\" \/>\n<meta property=\"og:url\" content=\"https:\/\/az.f-chain.com\/az\/marketing-services\/\" \/>\n<meta property=\"og:site_name\" content=\"FChain\" \/>\n<meta property=\"article:modified_time\" content=\"2026-04-14T23:21:39+00:00\" \/>\n<meta property=\"og:image\" content=\"https:\/\/az.f-chain.com\/wp-content\/uploads\/2025\/07\/fchain_stock_71-scaled-1.jpg\" \/>\n\t<meta property=\"og:image:width\" content=\"2560\" \/>\n\t<meta property=\"og:image:height\" content=\"1707\" \/>\n\t<meta property=\"og:image:type\" content=\"image\/jpeg\" \/>\n<meta name=\"twitter:card\" content=\"summary_large_image\" \/>\n<script type=\"application\/ld+json\" class=\"yoast-schema-graph\">{\"@context\":\"https:\\\/\\\/schema.org\",\"@graph\":[{\"@type\":\"WebPage\",\"@id\":\"https:\\\/\\\/az.f-chain.com\\\/az\\\/marketing-services\\\/\",\"url\":\"https:\\\/\\\/az.f-chain.com\\\/az\\\/marketing-services\\\/\",\"name\":\"Az\u0259rbaycanda Marketinq Xidm\u0259tl\u0259ri \u2013 FCHAIN \u200b\u200b| Ticar\u0259t Marketinqi\",\"isPartOf\":{\"@id\":\"https:\\\/\\\/az.f-chain.com\\\/#website\"},\"primaryImageOfPage\":{\"@id\":\"https:\\\/\\\/az.f-chain.com\\\/az\\\/marketing-services\\\/#primaryimage\"},\"image\":{\"@id\":\"https:\\\/\\\/az.f-chain.com\\\/az\\\/marketing-services\\\/#primaryimage\"},\"thumbnailUrl\":\"https:\\\/\\\/az.f-chain.com\\\/wp-content\\\/uploads\\\/2025\\\/07\\\/fchain_stock_71-scaled-1.jpg\",\"datePublished\":\"2026-04-10T09:32:00+00:00\",\"dateModified\":\"2026-04-14T23:21:39+00:00\",\"description\":\"FCHAIN \u200b\u200bAz\u0259rbaycanda pe\u015f\u0259kar marketinq xidm\u0259tl\u0259ri, o c\u00fcml\u0259d\u0259n ticar\u0259t marketinqi, brendin t\u0259\u015fviqi v\u0259 bazar ara\u015fd\u0131rmas\u0131 t\u0259klif edir. Yerli bazara uy\u011funla\u015fd\u0131r\u0131lm\u0131\u015f effektiv strategiyalarla biznesin b\u00f6y\u00fcm\u0259sini t\u0259min edin.\",\"breadcrumb\":{\"@id\":\"https:\\\/\\\/az.f-chain.com\\\/az\\\/marketing-services\\\/#breadcrumb\"},\"inLanguage\":\"az\",\"potentialAction\":[{\"@type\":\"ReadAction\",\"target\":[\"https:\\\/\\\/az.f-chain.com\\\/az\\\/marketing-services\\\/\"]}]},{\"@type\":\"ImageObject\",\"inLanguage\":\"az\",\"@id\":\"https:\\\/\\\/az.f-chain.com\\\/az\\\/marketing-services\\\/#primaryimage\",\"url\":\"https:\\\/\\\/az.f-chain.com\\\/wp-content\\\/uploads\\\/2025\\\/07\\\/fchain_stock_71-scaled-1.jpg\",\"contentUrl\":\"https:\\\/\\\/az.f-chain.com\\\/wp-content\\\/uploads\\\/2025\\\/07\\\/fchain_stock_71-scaled-1.jpg\",\"width\":2560,\"height\":1707},{\"@type\":\"BreadcrumbList\",\"@id\":\"https:\\\/\\\/az.f-chain.com\\\/az\\\/marketing-services\\\/#breadcrumb\",\"itemListElement\":[{\"@type\":\"ListItem\",\"position\":1,\"name\":\"Home\",\"item\":\"https:\\\/\\\/az.f-chain.com\\\/az\\\/\"},{\"@type\":\"ListItem\",\"position\":2,\"name\":\"Az\u0259rbaycanda marketinq xidm\u0259tl\u0259rimiz\"}]},{\"@type\":\"WebSite\",\"@id\":\"https:\\\/\\\/az.f-chain.com\\\/#website\",\"url\":\"https:\\\/\\\/az.f-chain.com\\\/\",\"name\":\"FChain\",\"description\":\"Azerbaijan\",\"potentialAction\":[{\"@type\":\"SearchAction\",\"target\":{\"@type\":\"EntryPoint\",\"urlTemplate\":\"https:\\\/\\\/az.f-chain.com\\\/?s={search_term_string}\"},\"query-input\":{\"@type\":\"PropertyValueSpecification\",\"valueRequired\":true,\"valueName\":\"search_term_string\"}}],\"inLanguage\":\"az\"}]}<\/script>\n<!-- \/ Yoast SEO plugin. -->","yoast_head_json":{"title":"Az\u0259rbaycanda Marketinq Xidm\u0259tl\u0259ri \u2013 FCHAIN \u200b\u200b| Ticar\u0259t Marketinqi","description":"FCHAIN \u200b\u200bAz\u0259rbaycanda pe\u015f\u0259kar marketinq xidm\u0259tl\u0259ri, o c\u00fcml\u0259d\u0259n ticar\u0259t marketinqi, brendin t\u0259\u015fviqi v\u0259 bazar ara\u015fd\u0131rmas\u0131 t\u0259klif edir. Yerli bazara uy\u011funla\u015fd\u0131r\u0131lm\u0131\u015f effektiv strategiyalarla biznesin b\u00f6y\u00fcm\u0259sini t\u0259min edin.","robots":{"index":"index","follow":"follow","max-snippet":"max-snippet:-1","max-image-preview":"max-image-preview:large","max-video-preview":"max-video-preview:-1"},"canonical":"https:\/\/az.f-chain.com\/az\/marketing-services\/","og_locale":"az_AZ","og_type":"article","og_title":"Az\u0259rbaycanda Marketinq Xidm\u0259tl\u0259ri \u2013 FCHAIN \u200b\u200b| Ticar\u0259t Marketinqi","og_description":"FCHAIN \u200b\u200bAz\u0259rbaycanda pe\u015f\u0259kar marketinq xidm\u0259tl\u0259ri, o c\u00fcml\u0259d\u0259n ticar\u0259t marketinqi, brendin t\u0259\u015fviqi v\u0259 bazar ara\u015fd\u0131rmas\u0131 t\u0259klif edir. Yerli bazara uy\u011funla\u015fd\u0131r\u0131lm\u0131\u015f effektiv strategiyalarla biznesin b\u00f6y\u00fcm\u0259sini t\u0259min edin.","og_url":"https:\/\/az.f-chain.com\/az\/marketing-services\/","og_site_name":"FChain","article_modified_time":"2026-04-14T23:21:39+00:00","og_image":[{"width":2560,"height":1707,"url":"https:\/\/az.f-chain.com\/wp-content\/uploads\/2025\/07\/fchain_stock_71-scaled-1.jpg","type":"image\/jpeg"}],"twitter_card":"summary_large_image","schema":{"@context":"https:\/\/schema.org","@graph":[{"@type":"WebPage","@id":"https:\/\/az.f-chain.com\/az\/marketing-services\/","url":"https:\/\/az.f-chain.com\/az\/marketing-services\/","name":"Az\u0259rbaycanda Marketinq Xidm\u0259tl\u0259ri \u2013 FCHAIN \u200b\u200b| Ticar\u0259t Marketinqi","isPartOf":{"@id":"https:\/\/az.f-chain.com\/#website"},"primaryImageOfPage":{"@id":"https:\/\/az.f-chain.com\/az\/marketing-services\/#primaryimage"},"image":{"@id":"https:\/\/az.f-chain.com\/az\/marketing-services\/#primaryimage"},"thumbnailUrl":"https:\/\/az.f-chain.com\/wp-content\/uploads\/2025\/07\/fchain_stock_71-scaled-1.jpg","datePublished":"2026-04-10T09:32:00+00:00","dateModified":"2026-04-14T23:21:39+00:00","description":"FCHAIN \u200b\u200bAz\u0259rbaycanda pe\u015f\u0259kar marketinq xidm\u0259tl\u0259ri, o c\u00fcml\u0259d\u0259n ticar\u0259t marketinqi, brendin t\u0259\u015fviqi v\u0259 bazar ara\u015fd\u0131rmas\u0131 t\u0259klif edir. Yerli bazara uy\u011funla\u015fd\u0131r\u0131lm\u0131\u015f effektiv strategiyalarla biznesin b\u00f6y\u00fcm\u0259sini t\u0259min edin.","breadcrumb":{"@id":"https:\/\/az.f-chain.com\/az\/marketing-services\/#breadcrumb"},"inLanguage":"az","potentialAction":[{"@type":"ReadAction","target":["https:\/\/az.f-chain.com\/az\/marketing-services\/"]}]},{"@type":"ImageObject","inLanguage":"az","@id":"https:\/\/az.f-chain.com\/az\/marketing-services\/#primaryimage","url":"https:\/\/az.f-chain.com\/wp-content\/uploads\/2025\/07\/fchain_stock_71-scaled-1.jpg","contentUrl":"https:\/\/az.f-chain.com\/wp-content\/uploads\/2025\/07\/fchain_stock_71-scaled-1.jpg","width":2560,"height":1707},{"@type":"BreadcrumbList","@id":"https:\/\/az.f-chain.com\/az\/marketing-services\/#breadcrumb","itemListElement":[{"@type":"ListItem","position":1,"name":"Home","item":"https:\/\/az.f-chain.com\/az\/"},{"@type":"ListItem","position":2,"name":"Az\u0259rbaycanda marketinq xidm\u0259tl\u0259rimiz"}]},{"@type":"WebSite","@id":"https:\/\/az.f-chain.com\/#website","url":"https:\/\/az.f-chain.com\/","name":"FChain","description":"Azerbaijan","potentialAction":[{"@type":"SearchAction","target":{"@type":"EntryPoint","urlTemplate":"https:\/\/az.f-chain.com\/?s={search_term_string}"},"query-input":{"@type":"PropertyValueSpecification","valueRequired":true,"valueName":"search_term_string"}}],"inLanguage":"az"}]}},"_links":{"self":[{"href":"https:\/\/az.f-chain.com\/az\/wp-json\/wp\/v2\/pages\/57076","targetHints":{"allow":["GET"]}}],"collection":[{"href":"https:\/\/az.f-chain.com\/az\/wp-json\/wp\/v2\/pages"}],"about":[{"href":"https:\/\/az.f-chain.com\/az\/wp-json\/wp\/v2\/types\/page"}],"author":[{"embeddable":true,"href":"https:\/\/az.f-chain.com\/az\/wp-json\/wp\/v2\/users\/3"}],"replies":[{"embeddable":true,"href":"https:\/\/az.f-chain.com\/az\/wp-json\/wp\/v2\/comments?post=57076"}],"version-history":[{"count":3,"href":"https:\/\/az.f-chain.com\/az\/wp-json\/wp\/v2\/pages\/57076\/revisions"}],"predecessor-version":[{"id":57079,"href":"https:\/\/az.f-chain.com\/az\/wp-json\/wp\/v2\/pages\/57076\/revisions\/57079"}],"wp:featuredmedia":[{"embeddable":true,"href":"https:\/\/az.f-chain.com\/az\/wp-json\/wp\/v2\/media\/55577"}],"wp:attachment":[{"href":"https:\/\/az.f-chain.com\/az\/wp-json\/wp\/v2\/media?parent=57076"}],"curies":[{"name":"wp","href":"https:\/\/api.w.org\/{rel}","templated":true}]}}