{"id":56227,"date":"2025-10-21T13:37:42","date_gmt":"2025-10-21T10:37:42","guid":{"rendered":"https:\/\/az.f-chain.com\/?page_id=56227"},"modified":"2025-10-21T13:39:01","modified_gmt":"2025-10-21T10:39:01","slug":"korporativ-idar%c9%99etm%c9%99","status":"publish","type":"page","link":"https:\/\/az.f-chain.com\/az\/korporativ-idar%c9%99etm%c9%99\/","title":{"rendered":"Korporativ idar\u0259etm\u0259"},"content":{"rendered":"<div class=\"wpb-content-wrapper\"><p>[vc_row][vc_column][vc_column_text]Korporativ idar\u0259etm\u0259 strateji bax\u0131\u015f\u0131 \u0259sas\u0131nda m\u00fc\u0259ssis\u0259nin (MMC, ASC, QSC v\u0259 s.) v\u0259 holdinql\u0259rin strateji m\u0259qs\u0259d v\u0259 v\u0259zif\u0259l\u0259rinin m\u00fc\u0259yy\u0259nl\u0259\u015fdirilm\u0259sini, onlara nail olmaq \u00fc\u00e7\u00fcn al\u0259tl\u0259rin v\u0259 prosesl\u0259rin m\u00f6vcudlu\u011funu, idar\u0259etm\u0259nin b\u00fct\u00fcn s\u0259viyy\u0259l\u0259rind\u0259 s\u0259lahiyy\u0259tl\u0259rin ayd\u0131n \u015f\u0259kild\u0259 b\u00f6l\u00fc\u015fd\u00fcr\u00fclm\u0259sini, el\u0259c\u0259 d\u0259 riskl\u0259rin effektiv idar\u0259 edilm\u0259si sisteminin v\u0259 \u015f\u0259ffafl\u0131\u011f\u0131na nail olunmas\u0131n\u0131 t\u0259min ed\u0259n idar\u0259etm\u0259 \u00fcsuludur.[\/vc_column_text][\/vc_column][\/vc_row][vc_row equal_height=&#8221;yes&#8221; content_placement=&#8221;middle&#8221; css_animation=&#8221;bounceInLeft&#8221;][vc_column width=&#8221;1\/2&#8243;][vc_column_text]Korporativ idar\u0259etm\u0259, \u015firk\u0259tin f\u0259aliyy\u0259tinin idar\u0259 edilm\u0259si v\u0259 n\u0259zar\u0259tinin h\u0259yata ke\u00e7irildiyi qaydalar, t\u0259cr\u00fcb\u0259l\u0259r v\u0259 prosesl\u0259r sistemidir. Bu t\u0259cr\u00fcb\u0259l\u0259rin yarad\u0131lmas\u0131 v\u0259 h\u0259yata ke\u00e7irilm\u0259si \u015firk\u0259tin \u00e7oxsayl\u0131 maraql\u0131 t\u0259r\u0259fl\u0259rinin maraqlar\u0131n\u0131n balans\u0131n\u0131 n\u0259z\u0259rd\u0259 tutur, m\u0259s\u0259l\u0259n:<\/p>\n<p>Korporativ idar\u0259etm\u0259 \u015firk\u0259ti r\u0259hb\u0259rlik v\u0259 idar\u0259 etm\u0259k \u00fc\u00e7\u00fcn istifad\u0259 olunan qaydalar, t\u0259cr\u00fcb\u0259l\u0259r v\u0259 prosesl\u0259r sistemidir.<\/p>\n<p>\u015eirk\u0259tin direktorlar \u015furas\u0131 korporativ idar\u0259etm\u0259y\u0259 t\u0259sir ed\u0259n \u0259sas q\u00fcvv\u0259dir.<\/p>\n<p>Yax\u015f\u0131 korporativ idar\u0259etm\u0259 i\u015f\u00e7il\u0259r\u0259, s\u0259hmdarlara, icma \u00fczvl\u0259rin\u0259 v\u0259 ba\u015fqalar\u0131na fayda ver\u0259 bil\u0259r v\u0259 \u015firk\u0259tin f\u0259aliyy\u0259tini v\u0259 n\u00fcfuzunu yax\u015f\u0131la\u015fd\u0131ra bil\u0259r.<\/p>\n<p>Z\u0259if korporativ idar\u0259etm\u0259 \u015firk\u0259tin f\u0259aliyy\u0259tin\u0259 x\u0259l\u0259l g\u0259tir\u0259 v\u0259 g\u0259lirliliyin azalmas\u0131na s\u0259b\u0259b ola bil\u0259r.<\/p>\n<p>Korporativ idar\u0259etm\u0259nin \u0259sas prinsipl\u0259ri hesabatl\u0131l\u0131q, \u015f\u0259ffafl\u0131q, \u0259dal\u0259tlilik, m\u0259suliyy\u0259t v\u0259 riskl\u0259rin idar\u0259 edilm\u0259sidir.[\/vc_column_text][vc_btn title=&#8221;DAHA \u018fTRAFLI&#8221; style=&#8221;outline&#8221; color=&#8221;danger&#8221; align=&#8221;center&#8221; link=&#8221;url:https%3A%2F%2Faz.f-chain.com%2Faz%2Fkommersiya-huquqi-xidm%25c9%2599tl%25c9%2599ri%2F|title:Commercial%20Law%20Services&#8221;][\/vc_column][vc_column width=&#8221;1\/2&#8243;][vc_single_image image=&#8221;55210&#8243; img_size=&#8221;full&#8221;][\/vc_column][\/vc_row]<\/p>\n<\/div>","protected":false},"excerpt":{"rendered":"<p>[vc_row][vc_column][vc_column_text]Korporativ idar\u0259etm\u0259 strateji bax\u0131\u015f\u0131 \u0259sas\u0131nda m\u00fc\u0259ssis\u0259nin (MMC, ASC, QSC v\u0259 s.) v\u0259 holdinql\u0259rin strateji m\u0259qs\u0259d v\u0259 v\u0259zif\u0259l\u0259rinin m\u00fc\u0259yy\u0259nl\u0259\u015fdirilm\u0259sini, onlara nail olmaq \u00fc\u00e7\u00fcn al\u0259tl\u0259rin v\u0259 prosesl\u0259rin m\u00f6vcudlu\u011funu, idar\u0259etm\u0259nin b\u00fct\u00fcn s\u0259viyy\u0259l\u0259rind\u0259 s\u0259lahiyy\u0259tl\u0259rin ayd\u0131n \u015f\u0259kild\u0259 b\u00f6l\u00fc\u015fd\u00fcr\u00fclm\u0259sini, el\u0259c\u0259 d\u0259 riskl\u0259rin effektiv idar\u0259 edilm\u0259si sisteminin v\u0259 \u015f\u0259ffafl\u0131\u011f\u0131na nail olunmas\u0131n\u0131 t\u0259min ed\u0259n idar\u0259etm\u0259 \u00fcsuludur.[\/vc_column_text][\/vc_column][\/vc_row][vc_row equal_height=&#8221;yes&#8221; content_placement=&#8221;middle&#8221; css_animation=&#8221;bounceInLeft&#8221;][vc_column width=&#8221;1\/2&#8243;][vc_column_text]Korporativ idar\u0259etm\u0259, \u015firk\u0259tin f\u0259aliyy\u0259tinin<\/p>\n","protected":false},"author":6,"featured_media":55211,"parent":0,"menu_order":0,"comment_status":"closed","ping_status":"closed","template":"","meta":{"_acf_changed":false,"footnotes":""},"class_list":["post-56227","page","type-page","status-publish","hentry"],"acf":[],"yoast_head":"<!-- This site is optimized with the Yoast SEO plugin v27.3 - https:\/\/yoast.com\/product\/yoast-seo-wordpress\/ -->\n<title>Korporativ idar\u0259etm\u0259 - FChain<\/title>\n<meta name=\"robots\" content=\"index, follow, max-snippet:-1, max-image-preview:large, max-video-preview:-1\" \/>\n<link rel=\"canonical\" href=\"https:\/\/az.f-chain.com\/az\/korporativ-idar\u0259etm\u0259\/\" \/>\n<meta property=\"og:locale\" content=\"az_AZ\" \/>\n<meta property=\"og:type\" content=\"article\" \/>\n<meta property=\"og:title\" content=\"Korporativ idar\u0259etm\u0259 - FChain\" \/>\n<meta property=\"og:description\" content=\"[vc_row][vc_column][vc_column_text]Korporativ idar\u0259etm\u0259 strateji bax\u0131\u015f\u0131 \u0259sas\u0131nda m\u00fc\u0259ssis\u0259nin (MMC, ASC, QSC v\u0259 s.) v\u0259 holdinql\u0259rin strateji m\u0259qs\u0259d v\u0259 v\u0259zif\u0259l\u0259rinin m\u00fc\u0259yy\u0259nl\u0259\u015fdirilm\u0259sini, onlara nail olmaq \u00fc\u00e7\u00fcn al\u0259tl\u0259rin v\u0259 prosesl\u0259rin m\u00f6vcudlu\u011funu, idar\u0259etm\u0259nin b\u00fct\u00fcn s\u0259viyy\u0259l\u0259rind\u0259 s\u0259lahiyy\u0259tl\u0259rin ayd\u0131n \u015f\u0259kild\u0259 b\u00f6l\u00fc\u015fd\u00fcr\u00fclm\u0259sini, el\u0259c\u0259 d\u0259 riskl\u0259rin effektiv idar\u0259 edilm\u0259si sisteminin v\u0259 \u015f\u0259ffafl\u0131\u011f\u0131na nail olunmas\u0131n\u0131 t\u0259min ed\u0259n idar\u0259etm\u0259 \u00fcsuludur.[\/vc_column_text][\/vc_column][\/vc_row][vc_row equal_height=&#8221;yes&#8221; content_placement=&#8221;middle&#8221; css_animation=&#8221;bounceInLeft&#8221;][vc_column width=&#8221;1\/2&#8243;][vc_column_text]Korporativ idar\u0259etm\u0259, \u015firk\u0259tin f\u0259aliyy\u0259tinin\" \/>\n<meta property=\"og:url\" content=\"https:\/\/az.f-chain.com\/az\/korporativ-idar\u0259etm\u0259\/\" \/>\n<meta property=\"og:site_name\" content=\"FChain\" \/>\n<meta property=\"article:modified_time\" content=\"2025-10-21T10:39:01+00:00\" \/>\n<meta property=\"og:image\" content=\"https:\/\/az.f-chain.com\/wp-content\/uploads\/2025\/07\/senior-adults-business-admiring-male-public-speake-2024-12-02-08-00-12-utc-scaled.jpg\" \/>\n\t<meta property=\"og:image:width\" content=\"2560\" \/>\n\t<meta property=\"og:image:height\" content=\"1720\" \/>\n\t<meta property=\"og:image:type\" content=\"image\/jpeg\" \/>\n<meta name=\"twitter:card\" content=\"summary_large_image\" \/>\n<script type=\"application\/ld+json\" class=\"yoast-schema-graph\">{\"@context\":\"https:\\\/\\\/schema.org\",\"@graph\":[{\"@type\":\"WebPage\",\"@id\":\"https:\\\/\\\/az.f-chain.com\\\/az\\\/korporativ-idar%c9%99etm%c9%99\\\/\",\"url\":\"https:\\\/\\\/az.f-chain.com\\\/az\\\/korporativ-idar%c9%99etm%c9%99\\\/\",\"name\":\"Korporativ idar\u0259etm\u0259 - FChain\",\"isPartOf\":{\"@id\":\"https:\\\/\\\/az.f-chain.com\\\/#website\"},\"primaryImageOfPage\":{\"@id\":\"https:\\\/\\\/az.f-chain.com\\\/az\\\/korporativ-idar%c9%99etm%c9%99\\\/#primaryimage\"},\"image\":{\"@id\":\"https:\\\/\\\/az.f-chain.com\\\/az\\\/korporativ-idar%c9%99etm%c9%99\\\/#primaryimage\"},\"thumbnailUrl\":\"https:\\\/\\\/az.f-chain.com\\\/wp-content\\\/uploads\\\/2025\\\/07\\\/senior-adults-business-admiring-male-public-speake-2024-12-02-08-00-12-utc-scaled.jpg\",\"datePublished\":\"2025-10-21T10:37:42+00:00\",\"dateModified\":\"2025-10-21T10:39:01+00:00\",\"breadcrumb\":{\"@id\":\"https:\\\/\\\/az.f-chain.com\\\/az\\\/korporativ-idar%c9%99etm%c9%99\\\/#breadcrumb\"},\"inLanguage\":\"az\",\"potentialAction\":[{\"@type\":\"ReadAction\",\"target\":[\"https:\\\/\\\/az.f-chain.com\\\/az\\\/korporativ-idar%c9%99etm%c9%99\\\/\"]}]},{\"@type\":\"ImageObject\",\"inLanguage\":\"az\",\"@id\":\"https:\\\/\\\/az.f-chain.com\\\/az\\\/korporativ-idar%c9%99etm%c9%99\\\/#primaryimage\",\"url\":\"https:\\\/\\\/az.f-chain.com\\\/wp-content\\\/uploads\\\/2025\\\/07\\\/senior-adults-business-admiring-male-public-speake-2024-12-02-08-00-12-utc-scaled.jpg\",\"contentUrl\":\"https:\\\/\\\/az.f-chain.com\\\/wp-content\\\/uploads\\\/2025\\\/07\\\/senior-adults-business-admiring-male-public-speake-2024-12-02-08-00-12-utc-scaled.jpg\",\"width\":2560,\"height\":1720,\"caption\":\"Senior adults business admiring male public speaker\"},{\"@type\":\"BreadcrumbList\",\"@id\":\"https:\\\/\\\/az.f-chain.com\\\/az\\\/korporativ-idar%c9%99etm%c9%99\\\/#breadcrumb\",\"itemListElement\":[{\"@type\":\"ListItem\",\"position\":1,\"name\":\"Home\",\"item\":\"https:\\\/\\\/az.f-chain.com\\\/az\\\/\"},{\"@type\":\"ListItem\",\"position\":2,\"name\":\"Korporativ idar\u0259etm\u0259\"}]},{\"@type\":\"WebSite\",\"@id\":\"https:\\\/\\\/az.f-chain.com\\\/#website\",\"url\":\"https:\\\/\\\/az.f-chain.com\\\/\",\"name\":\"FChain\",\"description\":\"Azerbaijan\",\"potentialAction\":[{\"@type\":\"SearchAction\",\"target\":{\"@type\":\"EntryPoint\",\"urlTemplate\":\"https:\\\/\\\/az.f-chain.com\\\/?s={search_term_string}\"},\"query-input\":{\"@type\":\"PropertyValueSpecification\",\"valueRequired\":true,\"valueName\":\"search_term_string\"}}],\"inLanguage\":\"az\"}]}<\/script>\n<!-- \/ Yoast SEO plugin. -->","yoast_head_json":{"title":"Korporativ idar\u0259etm\u0259 - FChain","robots":{"index":"index","follow":"follow","max-snippet":"max-snippet:-1","max-image-preview":"max-image-preview:large","max-video-preview":"max-video-preview:-1"},"canonical":"https:\/\/az.f-chain.com\/az\/korporativ-idar\u0259etm\u0259\/","og_locale":"az_AZ","og_type":"article","og_title":"Korporativ idar\u0259etm\u0259 - FChain","og_description":"[vc_row][vc_column][vc_column_text]Korporativ idar\u0259etm\u0259 strateji bax\u0131\u015f\u0131 \u0259sas\u0131nda m\u00fc\u0259ssis\u0259nin (MMC, ASC, QSC v\u0259 s.) v\u0259 holdinql\u0259rin strateji m\u0259qs\u0259d v\u0259 v\u0259zif\u0259l\u0259rinin m\u00fc\u0259yy\u0259nl\u0259\u015fdirilm\u0259sini, onlara nail olmaq \u00fc\u00e7\u00fcn al\u0259tl\u0259rin v\u0259 prosesl\u0259rin m\u00f6vcudlu\u011funu, idar\u0259etm\u0259nin b\u00fct\u00fcn s\u0259viyy\u0259l\u0259rind\u0259 s\u0259lahiyy\u0259tl\u0259rin ayd\u0131n \u015f\u0259kild\u0259 b\u00f6l\u00fc\u015fd\u00fcr\u00fclm\u0259sini, el\u0259c\u0259 d\u0259 riskl\u0259rin effektiv idar\u0259 edilm\u0259si sisteminin v\u0259 \u015f\u0259ffafl\u0131\u011f\u0131na nail olunmas\u0131n\u0131 t\u0259min ed\u0259n idar\u0259etm\u0259 \u00fcsuludur.[\/vc_column_text][\/vc_column][\/vc_row][vc_row equal_height=&#8221;yes&#8221; content_placement=&#8221;middle&#8221; css_animation=&#8221;bounceInLeft&#8221;][vc_column width=&#8221;1\/2&#8243;][vc_column_text]Korporativ idar\u0259etm\u0259, \u015firk\u0259tin f\u0259aliyy\u0259tinin","og_url":"https:\/\/az.f-chain.com\/az\/korporativ-idar\u0259etm\u0259\/","og_site_name":"FChain","article_modified_time":"2025-10-21T10:39:01+00:00","og_image":[{"width":2560,"height":1720,"url":"https:\/\/az.f-chain.com\/wp-content\/uploads\/2025\/07\/senior-adults-business-admiring-male-public-speake-2024-12-02-08-00-12-utc-scaled.jpg","type":"image\/jpeg"}],"twitter_card":"summary_large_image","schema":{"@context":"https:\/\/schema.org","@graph":[{"@type":"WebPage","@id":"https:\/\/az.f-chain.com\/az\/korporativ-idar%c9%99etm%c9%99\/","url":"https:\/\/az.f-chain.com\/az\/korporativ-idar%c9%99etm%c9%99\/","name":"Korporativ idar\u0259etm\u0259 - FChain","isPartOf":{"@id":"https:\/\/az.f-chain.com\/#website"},"primaryImageOfPage":{"@id":"https:\/\/az.f-chain.com\/az\/korporativ-idar%c9%99etm%c9%99\/#primaryimage"},"image":{"@id":"https:\/\/az.f-chain.com\/az\/korporativ-idar%c9%99etm%c9%99\/#primaryimage"},"thumbnailUrl":"https:\/\/az.f-chain.com\/wp-content\/uploads\/2025\/07\/senior-adults-business-admiring-male-public-speake-2024-12-02-08-00-12-utc-scaled.jpg","datePublished":"2025-10-21T10:37:42+00:00","dateModified":"2025-10-21T10:39:01+00:00","breadcrumb":{"@id":"https:\/\/az.f-chain.com\/az\/korporativ-idar%c9%99etm%c9%99\/#breadcrumb"},"inLanguage":"az","potentialAction":[{"@type":"ReadAction","target":["https:\/\/az.f-chain.com\/az\/korporativ-idar%c9%99etm%c9%99\/"]}]},{"@type":"ImageObject","inLanguage":"az","@id":"https:\/\/az.f-chain.com\/az\/korporativ-idar%c9%99etm%c9%99\/#primaryimage","url":"https:\/\/az.f-chain.com\/wp-content\/uploads\/2025\/07\/senior-adults-business-admiring-male-public-speake-2024-12-02-08-00-12-utc-scaled.jpg","contentUrl":"https:\/\/az.f-chain.com\/wp-content\/uploads\/2025\/07\/senior-adults-business-admiring-male-public-speake-2024-12-02-08-00-12-utc-scaled.jpg","width":2560,"height":1720,"caption":"Senior adults business admiring male public speaker"},{"@type":"BreadcrumbList","@id":"https:\/\/az.f-chain.com\/az\/korporativ-idar%c9%99etm%c9%99\/#breadcrumb","itemListElement":[{"@type":"ListItem","position":1,"name":"Home","item":"https:\/\/az.f-chain.com\/az\/"},{"@type":"ListItem","position":2,"name":"Korporativ idar\u0259etm\u0259"}]},{"@type":"WebSite","@id":"https:\/\/az.f-chain.com\/#website","url":"https:\/\/az.f-chain.com\/","name":"FChain","description":"Azerbaijan","potentialAction":[{"@type":"SearchAction","target":{"@type":"EntryPoint","urlTemplate":"https:\/\/az.f-chain.com\/?s={search_term_string}"},"query-input":{"@type":"PropertyValueSpecification","valueRequired":true,"valueName":"search_term_string"}}],"inLanguage":"az"}]}},"_links":{"self":[{"href":"https:\/\/az.f-chain.com\/az\/wp-json\/wp\/v2\/pages\/56227","targetHints":{"allow":["GET"]}}],"collection":[{"href":"https:\/\/az.f-chain.com\/az\/wp-json\/wp\/v2\/pages"}],"about":[{"href":"https:\/\/az.f-chain.com\/az\/wp-json\/wp\/v2\/types\/page"}],"author":[{"embeddable":true,"href":"https:\/\/az.f-chain.com\/az\/wp-json\/wp\/v2\/users\/6"}],"replies":[{"embeddable":true,"href":"https:\/\/az.f-chain.com\/az\/wp-json\/wp\/v2\/comments?post=56227"}],"version-history":[{"count":1,"href":"https:\/\/az.f-chain.com\/az\/wp-json\/wp\/v2\/pages\/56227\/revisions"}],"predecessor-version":[{"id":56228,"href":"https:\/\/az.f-chain.com\/az\/wp-json\/wp\/v2\/pages\/56227\/revisions\/56228"}],"wp:featuredmedia":[{"embeddable":true,"href":"https:\/\/az.f-chain.com\/az\/wp-json\/wp\/v2\/media\/55211"}],"wp:attachment":[{"href":"https:\/\/az.f-chain.com\/az\/wp-json\/wp\/v2\/media?parent=56227"}],"curies":[{"name":"wp","href":"https:\/\/api.w.org\/{rel}","templated":true}]}}