{"id":56223,"date":"2025-10-21T10:01:13","date_gmt":"2025-10-21T07:01:13","guid":{"rendered":"https:\/\/az.f-chain.com\/?page_id=56223"},"modified":"2025-10-21T10:01:13","modified_gmt":"2025-10-21T07:01:13","slug":"korporativ-strukturlasma-v%c9%99-restrukturizasiya","status":"publish","type":"page","link":"https:\/\/az.f-chain.com\/az\/korporativ-strukturlasma-v%c9%99-restrukturizasiya\/","title":{"rendered":"Korporativ strukturla\u015fma v\u0259 restrukturizasiya"},"content":{"rendered":"<div class=\"wpb-content-wrapper\"><p>[vc_row][vc_column][vc_column_text]<strong>Financial Chain Corporation (FCHAIN)<\/strong> d\u0259yi\u015f\u0259n qlobal bazarda biznesinizin b\u00f6y\u00fcm\u0259sin\u0259, uy\u011funla\u015fmas\u0131na v\u0259 inki\u015faf etm\u0259sin\u0259 k\u00f6m\u0259k etm\u0259k \u00fc\u00e7\u00fcn h\u0259rt\u0259r\u0259fli korporativ strukturla\u015fd\u0131rma v\u0259 restrukturizasiya xidm\u0259tl\u0259ri t\u0259qdim edir. \u0130st\u0259r beyn\u0259lxalq miqyasda geni\u015fl\u0259nm\u0259k, ist\u0259rs\u0259 d\u0259 \u0259m\u0259liyyatlar\u0131 sad\u0259l\u0259\u015fdirm\u0259 v\u0259 ya strateji d\u0259yi\u015fikliy\u0259 haz\u0131rla\u015fma\u011f\u0131n\u0131zdan as\u0131l\u0131 olmayaraq, h\u00fcquq v\u0259 vergi m\u00fct\u0259x\u0259ssisl\u0259rimiz biznes m\u0259qs\u0259dl\u0259riniz\u0259 v\u0259 normativ t\u0259l\u0259bl\u0259r\u0259 cavab ver\u0259n h\u0259ll\u0259r haz\u0131rlayacaqlar.[\/vc_column_text][\/vc_column][\/vc_row][vc_row equal_height=&#8221;yes&#8221; content_placement=&#8221;middle&#8221; css_animation=&#8221;bounceInLeft&#8221;][vc_column width=&#8221;1\/2&#8243;][vc_column_text]<strong>Xidm\u0259tl\u0259rimiz\u0259 a\u015fa\u011f\u0131dak\u0131lar daxildir:<\/strong><\/p>\n<ul>\n<li><strong>Holdinq \u015firk\u0259tl\u0259rinin yarad\u0131lmas\u0131<\/strong><br \/>\nBiz idar\u0259etm\u0259ni m\u0259rk\u0259zl\u0259\u015fdirm\u0259k, vergitutman\u0131 optimalla\u015fd\u0131rmaq v\u0259 aktivl\u0259rin qorunmas\u0131n\u0131 art\u0131rmaq \u00fc\u00e7\u00fcn holdinq qurumlar\u0131n\u0131n yarad\u0131lmas\u0131na k\u00f6m\u0259k edirik.<\/li>\n<\/ul>\n<ul>\n<li><strong>T\u00f6r\u0259m\u0259 m\u00fc\u0259ssis\u0259l\u0259rin v\u0259 filiallar\u0131n yarad\u0131lmas\u0131<\/strong><br \/>\n\u018fm\u0259liyyat geni\u015fl\u0259nm\u0259sini d\u0259st\u0259kl\u0259m\u0259k v\u0259 h\u00fcquqi v\u0259 maliyy\u0259 riskl\u0259rini idar\u0259 etm\u0259k \u00fc\u00e7\u00fcn milli v\u0259 ya beyn\u0259lxalq yurisdiksiyalarda t\u00f6r\u0259m\u0259 m\u00fc\u0259ssis\u0259l\u0259rin strukturla\u015fd\u0131r\u0131lmas\u0131.<\/li>\n<\/ul>\n<ul>\n<li><strong>Birg\u0259 m\u00fc\u0259ssis\u0259l\u0259rin yarad\u0131lmas\u0131<\/strong><br \/>\nResurslar\u0131 birl\u0259\u015fdirm\u0259k, yeni bazarlara \u00e7\u0131xmaq v\u0259 ya ayd\u0131n \u015f\u0259kild\u0259 m\u00fc\u0259yy\u0259n edilmi\u015f h\u00fcquqi v\u0259 maliyy\u0259 bazas\u0131 il\u0259 birg\u0259 m\u0259hsullar\u0131n inki\u015faf\u0131 \u00fc\u00e7\u00fcn strateji t\u0259r\u0259fda\u015fl\u0131qlar\u0131n strukturla\u015fd\u0131r\u0131lmas\u0131.<\/li>\n<li><strong>\u015eirk\u0259tl\u0259rin birl\u0259\u015fm\u0259si, sat\u0131nal\u0131nmas\u0131 v\u0259 ayr\u0131lmas\u0131<\/strong><br \/>\nBiz birl\u0259\u015fm\u0259l\u0259r, sat\u0131nalmalar v\u0259 ayr\u0131lmalar strategiyalar\u0131n\u0131 i\u015fl\u0259yib haz\u0131rlamaq v\u0259 h\u0259yata ke\u00e7irm\u0259kl\u0259, normativ aktlara\u00a0 uy\u011funlu\u011fu v\u0259 tam inteqrasiyan\u0131 t\u0259min etm\u0259kl\u0259 korporativ transformasiyalar\u0131 d\u0259st\u0259kl\u0259yirik.<\/li>\n<li><strong>\u018fm\u0259liyyat s\u0259m\u0259r\u0259liliyini art\u0131rmaq \u00fc\u00e7\u00fcn yenid\u0259n strukturla\u015fd\u0131rma<\/strong><br \/>\nDaxili prosesl\u0259rin optimalla\u015fd\u0131r\u0131lmas\u0131, m\u00fc\u0259ssis\u0259l\u0259rin yenid\u0259n t\u0259\u015fkili v\u0259 ya rentabelliyi, idar\u0259etm\u0259nin s\u0259m\u0259r\u0259liliyini v\u0259 riskl\u0259rin idar\u0259 edilm\u0259sini art\u0131rmaq \u00fc\u00e7\u00fcn \u0259m\u0259liyyatlar\u0131n konsolidasiyas\u0131.<\/li>\n<li><strong>Transs\u0259rh\u0259d strukturla\u015fma<br \/>\n<\/strong>Korporativ strukturunuzu m\u00fcxt\u0259lif yurisdiksiyalar\u0131n t\u0259l\u0259bl\u0259rin\u0259 uy\u011funla\u015fd\u0131rmaq, eyni zamanda beyn\u0259lxalq vergi m\u00fcqavil\u0259l\u0259rind\u0259n istifad\u0259 etm\u0259k v\u0259 riskl\u0259ri minimuma endirm\u0259k.<\/li>\n<\/ul>\n<p>[\/vc_column_text][vc_btn title=&#8221;DAHA \u018fTRAFLI &#8221; style=&#8221;outline&#8221; color=&#8221;danger&#8221; align=&#8221;center&#8221; link=&#8221;url:https%3A%2F%2Faz.f-chain.com%2Faz%2Fkommersiya-huquqi-xidm%25c9%2599tl%25c9%2599ri%2F|title:Commercial%20Law%20Services&#8221;][\/vc_column][vc_column width=&#8221;1\/2&#8243;][vc_single_image image=&#8221;55233&#8243; img_size=&#8221;full&#8221;][\/vc_column][\/vc_row][vc_row][vc_column][\/vc_column][\/vc_row]<\/p>\n<\/div>","protected":false},"excerpt":{"rendered":"<p>[vc_row][vc_column][vc_column_text]Financial Chain Corporation (FCHAIN) d\u0259yi\u015f\u0259n qlobal bazarda biznesinizin b\u00f6y\u00fcm\u0259sin\u0259, uy\u011funla\u015fmas\u0131na v\u0259 inki\u015faf etm\u0259sin\u0259 k\u00f6m\u0259k etm\u0259k \u00fc\u00e7\u00fcn h\u0259rt\u0259r\u0259fli korporativ strukturla\u015fd\u0131rma v\u0259 restrukturizasiya xidm\u0259tl\u0259ri t\u0259qdim edir. \u0130st\u0259r beyn\u0259lxalq miqyasda geni\u015fl\u0259nm\u0259k, ist\u0259rs\u0259 d\u0259 \u0259m\u0259liyyatlar\u0131 sad\u0259l\u0259\u015fdirm\u0259 v\u0259 ya strateji d\u0259yi\u015fikliy\u0259 haz\u0131rla\u015fma\u011f\u0131n\u0131zdan as\u0131l\u0131 olmayaraq, h\u00fcquq v\u0259 vergi m\u00fct\u0259x\u0259ssisl\u0259rimiz biznes m\u0259qs\u0259dl\u0259riniz\u0259 v\u0259 normativ t\u0259l\u0259bl\u0259r\u0259 cavab ver\u0259n h\u0259ll\u0259r haz\u0131rlayacaqlar.[\/vc_column_text][\/vc_column][\/vc_row][vc_row equal_height=&#8221;yes&#8221; content_placement=&#8221;middle&#8221; css_animation=&#8221;bounceInLeft&#8221;][vc_column<\/p>\n","protected":false},"author":6,"featured_media":55234,"parent":0,"menu_order":0,"comment_status":"closed","ping_status":"closed","template":"","meta":{"_acf_changed":false,"footnotes":""},"class_list":["post-56223","page","type-page","status-publish","hentry"],"acf":[],"yoast_head":"<!-- This site is optimized with the Yoast SEO plugin v27.3 - https:\/\/yoast.com\/product\/yoast-seo-wordpress\/ -->\n<title>Korporativ strukturla\u015fma v\u0259 restrukturizasiya - FChain<\/title>\n<meta name=\"robots\" content=\"index, follow, max-snippet:-1, max-image-preview:large, max-video-preview:-1\" \/>\n<link rel=\"canonical\" href=\"https:\/\/az.f-chain.com\/az\/korporativ-strukturlasma-v\u0259-restrukturizasiya\/\" \/>\n<meta property=\"og:locale\" content=\"az_AZ\" \/>\n<meta property=\"og:type\" content=\"article\" \/>\n<meta property=\"og:title\" content=\"Korporativ strukturla\u015fma v\u0259 restrukturizasiya - FChain\" \/>\n<meta property=\"og:description\" content=\"[vc_row][vc_column][vc_column_text]Financial Chain Corporation (FCHAIN) d\u0259yi\u015f\u0259n qlobal bazarda biznesinizin b\u00f6y\u00fcm\u0259sin\u0259, uy\u011funla\u015fmas\u0131na v\u0259 inki\u015faf etm\u0259sin\u0259 k\u00f6m\u0259k etm\u0259k \u00fc\u00e7\u00fcn h\u0259rt\u0259r\u0259fli korporativ strukturla\u015fd\u0131rma v\u0259 restrukturizasiya xidm\u0259tl\u0259ri t\u0259qdim edir. \u0130st\u0259r beyn\u0259lxalq miqyasda geni\u015fl\u0259nm\u0259k, ist\u0259rs\u0259 d\u0259 \u0259m\u0259liyyatlar\u0131 sad\u0259l\u0259\u015fdirm\u0259 v\u0259 ya strateji d\u0259yi\u015fikliy\u0259 haz\u0131rla\u015fma\u011f\u0131n\u0131zdan as\u0131l\u0131 olmayaraq, h\u00fcquq v\u0259 vergi m\u00fct\u0259x\u0259ssisl\u0259rimiz biznes m\u0259qs\u0259dl\u0259riniz\u0259 v\u0259 normativ t\u0259l\u0259bl\u0259r\u0259 cavab ver\u0259n h\u0259ll\u0259r haz\u0131rlayacaqlar.[\/vc_column_text][\/vc_column][\/vc_row][vc_row equal_height=&#8221;yes&#8221; content_placement=&#8221;middle&#8221; css_animation=&#8221;bounceInLeft&#8221;][vc_column\" \/>\n<meta property=\"og:url\" content=\"https:\/\/az.f-chain.com\/az\/korporativ-strukturlasma-v\u0259-restrukturizasiya\/\" \/>\n<meta property=\"og:site_name\" content=\"FChain\" \/>\n<meta property=\"og:image\" content=\"https:\/\/az.f-chain.com\/wp-content\/uploads\/2025\/07\/young-sprout-in-springtime-closeup-2025-02-24-17-48-41-utc-scaled.jpg\" \/>\n\t<meta property=\"og:image:width\" content=\"2560\" \/>\n\t<meta property=\"og:image:height\" content=\"1657\" \/>\n\t<meta property=\"og:image:type\" content=\"image\/jpeg\" \/>\n<meta name=\"twitter:card\" content=\"summary_large_image\" \/>\n<script type=\"application\/ld+json\" class=\"yoast-schema-graph\">{\"@context\":\"https:\\\/\\\/schema.org\",\"@graph\":[{\"@type\":\"WebPage\",\"@id\":\"https:\\\/\\\/az.f-chain.com\\\/az\\\/korporativ-strukturlasma-v%c9%99-restrukturizasiya\\\/\",\"url\":\"https:\\\/\\\/az.f-chain.com\\\/az\\\/korporativ-strukturlasma-v%c9%99-restrukturizasiya\\\/\",\"name\":\"Korporativ strukturla\u015fma v\u0259 restrukturizasiya - FChain\",\"isPartOf\":{\"@id\":\"https:\\\/\\\/az.f-chain.com\\\/#website\"},\"primaryImageOfPage\":{\"@id\":\"https:\\\/\\\/az.f-chain.com\\\/az\\\/korporativ-strukturlasma-v%c9%99-restrukturizasiya\\\/#primaryimage\"},\"image\":{\"@id\":\"https:\\\/\\\/az.f-chain.com\\\/az\\\/korporativ-strukturlasma-v%c9%99-restrukturizasiya\\\/#primaryimage\"},\"thumbnailUrl\":\"https:\\\/\\\/az.f-chain.com\\\/wp-content\\\/uploads\\\/2025\\\/07\\\/young-sprout-in-springtime-closeup-2025-02-24-17-48-41-utc-scaled.jpg\",\"datePublished\":\"2025-10-21T07:01:13+00:00\",\"breadcrumb\":{\"@id\":\"https:\\\/\\\/az.f-chain.com\\\/az\\\/korporativ-strukturlasma-v%c9%99-restrukturizasiya\\\/#breadcrumb\"},\"inLanguage\":\"az\",\"potentialAction\":[{\"@type\":\"ReadAction\",\"target\":[\"https:\\\/\\\/az.f-chain.com\\\/az\\\/korporativ-strukturlasma-v%c9%99-restrukturizasiya\\\/\"]}]},{\"@type\":\"ImageObject\",\"inLanguage\":\"az\",\"@id\":\"https:\\\/\\\/az.f-chain.com\\\/az\\\/korporativ-strukturlasma-v%c9%99-restrukturizasiya\\\/#primaryimage\",\"url\":\"https:\\\/\\\/az.f-chain.com\\\/wp-content\\\/uploads\\\/2025\\\/07\\\/young-sprout-in-springtime-closeup-2025-02-24-17-48-41-utc-scaled.jpg\",\"contentUrl\":\"https:\\\/\\\/az.f-chain.com\\\/wp-content\\\/uploads\\\/2025\\\/07\\\/young-sprout-in-springtime-closeup-2025-02-24-17-48-41-utc-scaled.jpg\",\"width\":2560,\"height\":1657,\"caption\":\"Young sprout in springtime,Closeup.\"},{\"@type\":\"BreadcrumbList\",\"@id\":\"https:\\\/\\\/az.f-chain.com\\\/az\\\/korporativ-strukturlasma-v%c9%99-restrukturizasiya\\\/#breadcrumb\",\"itemListElement\":[{\"@type\":\"ListItem\",\"position\":1,\"name\":\"Home\",\"item\":\"https:\\\/\\\/az.f-chain.com\\\/az\\\/\"},{\"@type\":\"ListItem\",\"position\":2,\"name\":\"Korporativ strukturla\u015fma v\u0259 restrukturizasiya\"}]},{\"@type\":\"WebSite\",\"@id\":\"https:\\\/\\\/az.f-chain.com\\\/#website\",\"url\":\"https:\\\/\\\/az.f-chain.com\\\/\",\"name\":\"FChain\",\"description\":\"Azerbaijan\",\"potentialAction\":[{\"@type\":\"SearchAction\",\"target\":{\"@type\":\"EntryPoint\",\"urlTemplate\":\"https:\\\/\\\/az.f-chain.com\\\/?s={search_term_string}\"},\"query-input\":{\"@type\":\"PropertyValueSpecification\",\"valueRequired\":true,\"valueName\":\"search_term_string\"}}],\"inLanguage\":\"az\"}]}<\/script>\n<!-- \/ Yoast SEO plugin. -->","yoast_head_json":{"title":"Korporativ strukturla\u015fma v\u0259 restrukturizasiya - FChain","robots":{"index":"index","follow":"follow","max-snippet":"max-snippet:-1","max-image-preview":"max-image-preview:large","max-video-preview":"max-video-preview:-1"},"canonical":"https:\/\/az.f-chain.com\/az\/korporativ-strukturlasma-v\u0259-restrukturizasiya\/","og_locale":"az_AZ","og_type":"article","og_title":"Korporativ strukturla\u015fma v\u0259 restrukturizasiya - FChain","og_description":"[vc_row][vc_column][vc_column_text]Financial Chain Corporation (FCHAIN) d\u0259yi\u015f\u0259n qlobal bazarda biznesinizin b\u00f6y\u00fcm\u0259sin\u0259, uy\u011funla\u015fmas\u0131na v\u0259 inki\u015faf etm\u0259sin\u0259 k\u00f6m\u0259k etm\u0259k \u00fc\u00e7\u00fcn h\u0259rt\u0259r\u0259fli korporativ strukturla\u015fd\u0131rma v\u0259 restrukturizasiya xidm\u0259tl\u0259ri t\u0259qdim edir. \u0130st\u0259r beyn\u0259lxalq miqyasda geni\u015fl\u0259nm\u0259k, ist\u0259rs\u0259 d\u0259 \u0259m\u0259liyyatlar\u0131 sad\u0259l\u0259\u015fdirm\u0259 v\u0259 ya strateji d\u0259yi\u015fikliy\u0259 haz\u0131rla\u015fma\u011f\u0131n\u0131zdan as\u0131l\u0131 olmayaraq, h\u00fcquq v\u0259 vergi m\u00fct\u0259x\u0259ssisl\u0259rimiz biznes m\u0259qs\u0259dl\u0259riniz\u0259 v\u0259 normativ t\u0259l\u0259bl\u0259r\u0259 cavab ver\u0259n h\u0259ll\u0259r haz\u0131rlayacaqlar.[\/vc_column_text][\/vc_column][\/vc_row][vc_row equal_height=&#8221;yes&#8221; content_placement=&#8221;middle&#8221; css_animation=&#8221;bounceInLeft&#8221;][vc_column","og_url":"https:\/\/az.f-chain.com\/az\/korporativ-strukturlasma-v\u0259-restrukturizasiya\/","og_site_name":"FChain","og_image":[{"width":2560,"height":1657,"url":"https:\/\/az.f-chain.com\/wp-content\/uploads\/2025\/07\/young-sprout-in-springtime-closeup-2025-02-24-17-48-41-utc-scaled.jpg","type":"image\/jpeg"}],"twitter_card":"summary_large_image","schema":{"@context":"https:\/\/schema.org","@graph":[{"@type":"WebPage","@id":"https:\/\/az.f-chain.com\/az\/korporativ-strukturlasma-v%c9%99-restrukturizasiya\/","url":"https:\/\/az.f-chain.com\/az\/korporativ-strukturlasma-v%c9%99-restrukturizasiya\/","name":"Korporativ strukturla\u015fma v\u0259 restrukturizasiya - FChain","isPartOf":{"@id":"https:\/\/az.f-chain.com\/#website"},"primaryImageOfPage":{"@id":"https:\/\/az.f-chain.com\/az\/korporativ-strukturlasma-v%c9%99-restrukturizasiya\/#primaryimage"},"image":{"@id":"https:\/\/az.f-chain.com\/az\/korporativ-strukturlasma-v%c9%99-restrukturizasiya\/#primaryimage"},"thumbnailUrl":"https:\/\/az.f-chain.com\/wp-content\/uploads\/2025\/07\/young-sprout-in-springtime-closeup-2025-02-24-17-48-41-utc-scaled.jpg","datePublished":"2025-10-21T07:01:13+00:00","breadcrumb":{"@id":"https:\/\/az.f-chain.com\/az\/korporativ-strukturlasma-v%c9%99-restrukturizasiya\/#breadcrumb"},"inLanguage":"az","potentialAction":[{"@type":"ReadAction","target":["https:\/\/az.f-chain.com\/az\/korporativ-strukturlasma-v%c9%99-restrukturizasiya\/"]}]},{"@type":"ImageObject","inLanguage":"az","@id":"https:\/\/az.f-chain.com\/az\/korporativ-strukturlasma-v%c9%99-restrukturizasiya\/#primaryimage","url":"https:\/\/az.f-chain.com\/wp-content\/uploads\/2025\/07\/young-sprout-in-springtime-closeup-2025-02-24-17-48-41-utc-scaled.jpg","contentUrl":"https:\/\/az.f-chain.com\/wp-content\/uploads\/2025\/07\/young-sprout-in-springtime-closeup-2025-02-24-17-48-41-utc-scaled.jpg","width":2560,"height":1657,"caption":"Young sprout in springtime,Closeup."},{"@type":"BreadcrumbList","@id":"https:\/\/az.f-chain.com\/az\/korporativ-strukturlasma-v%c9%99-restrukturizasiya\/#breadcrumb","itemListElement":[{"@type":"ListItem","position":1,"name":"Home","item":"https:\/\/az.f-chain.com\/az\/"},{"@type":"ListItem","position":2,"name":"Korporativ strukturla\u015fma v\u0259 restrukturizasiya"}]},{"@type":"WebSite","@id":"https:\/\/az.f-chain.com\/#website","url":"https:\/\/az.f-chain.com\/","name":"FChain","description":"Azerbaijan","potentialAction":[{"@type":"SearchAction","target":{"@type":"EntryPoint","urlTemplate":"https:\/\/az.f-chain.com\/?s={search_term_string}"},"query-input":{"@type":"PropertyValueSpecification","valueRequired":true,"valueName":"search_term_string"}}],"inLanguage":"az"}]}},"_links":{"self":[{"href":"https:\/\/az.f-chain.com\/az\/wp-json\/wp\/v2\/pages\/56223","targetHints":{"allow":["GET"]}}],"collection":[{"href":"https:\/\/az.f-chain.com\/az\/wp-json\/wp\/v2\/pages"}],"about":[{"href":"https:\/\/az.f-chain.com\/az\/wp-json\/wp\/v2\/types\/page"}],"author":[{"embeddable":true,"href":"https:\/\/az.f-chain.com\/az\/wp-json\/wp\/v2\/users\/6"}],"replies":[{"embeddable":true,"href":"https:\/\/az.f-chain.com\/az\/wp-json\/wp\/v2\/comments?post=56223"}],"version-history":[{"count":2,"href":"https:\/\/az.f-chain.com\/az\/wp-json\/wp\/v2\/pages\/56223\/revisions"}],"predecessor-version":[{"id":56226,"href":"https:\/\/az.f-chain.com\/az\/wp-json\/wp\/v2\/pages\/56223\/revisions\/56226"}],"wp:featuredmedia":[{"embeddable":true,"href":"https:\/\/az.f-chain.com\/az\/wp-json\/wp\/v2\/media\/55234"}],"wp:attachment":[{"href":"https:\/\/az.f-chain.com\/az\/wp-json\/wp\/v2\/media?parent=56223"}],"curies":[{"name":"wp","href":"https:\/\/api.w.org\/{rel}","templated":true}]}}