{"id":56129,"date":"2025-10-16T08:30:38","date_gmt":"2025-10-16T05:30:38","guid":{"rendered":"https:\/\/az.f-chain.com\/?page_id=56129"},"modified":"2025-10-16T08:30:38","modified_gmt":"2025-10-16T05:30:38","slug":"vergi-rezidentliyi-sertifikatlari-dta","status":"publish","type":"page","link":"https:\/\/az.f-chain.com\/az\/vergi-rezidentliyi-sertifikatlari-dta\/","title":{"rendered":"Vergi rezidentliyi sertifikatlar\u0131 (DTA)"},"content":{"rendered":"<div class=\"wpb-content-wrapper\"><p>[vc_row][vc_column][vc_column_text]Beyn\u0259lxalq vergi \u00f6hd\u0259likl\u0259ri \u00fczr\u0259 naviqasiya \u00e7\u0259tin ola bil\u0259r, x\u00fcsus\u0259n g\u0259liriniz bir \u00e7ox yurisdiksiyadan g\u0259lirs\u0259. Financial Chain Corporation (FCHAIN) laz\u0131mi DTA sertifikatlar\u0131n\u0131n \u0259ld\u0259 edilm\u0259sind\u0259 h\u0259rt\u0259r\u0259fli d\u0259st\u0259k g\u00f6st\u0259rir, m\u00fc\u015ft\u0259ril\u0259r\u0259 transs\u0259rh\u0259d g\u0259lirl\u0259r \u00fczr\u0259 ikiqat vergitutma riskini azaltma\u011fa v\u0259 ya aradan qald\u0131rma\u011fa k\u00f6m\u0259k edir.<\/p>\n<p>\u0130kiqat vergitutman\u0131n aradan qald\u0131r\u0131lmas\u0131 haqq\u0131nda sazi\u015f (DTA) iki v\u0259 ya daha \u00e7ox \u00f6lk\u0259 aras\u0131nda bird\u0259n \u00e7ox \u00f6lk\u0259d\u0259 eyni g\u0259lir\u0259 vergitutman\u0131n qar\u015f\u0131s\u0131n\u0131 almaq v\u0259 ya minimuma endirm\u0259k \u00fc\u00e7\u00fcn ba\u011flanan sazi\u015fdir. Bu sazi\u015fl\u0259r m\u00fcxt\u0259lif g\u0259lir n\u00f6vl\u0259rini, o c\u00fcml\u0259d\u0259n \u0259m\u0259k haqq\u0131, faiz, dividendl\u0259r, royalti v\u0259 biznes m\u0259nf\u0259\u0259tl\u0259rini \u0259hat\u0259 edir.[\/vc_column_text][\/vc_column][\/vc_row][vc_row equal_height=&#8221;yes&#8221; content_placement=&#8221;middle&#8221; css_animation=&#8221;bounceInLeft&#8221;][vc_column width=&#8221;1\/2&#8243;][vc_column_text]G\u0259lirinizin xarakterind\u0259n v\u0259 rezidentlik statusunuzdan as\u0131l\u0131 olaraq Az\u0259rbaycan Respublikas\u0131nda be\u015f m\u00fcxt\u0259lif DTA sertifikat\u0131 t\u0259tbiq edil\u0259 bil\u0259r:<\/p>\n<ul>\n<li><strong>DTA 01 \u2013 Rezidentlik sertifikat\u0131<\/strong><br \/>\nVergi \u00f6d\u0259yicisinin vergi m\u0259qs\u0259dl\u0259ri \u00fc\u00e7\u00fcn Az\u0259rbaycan\u0131n rezidenti oldu\u011funu t\u0259sdiq edir, xarici vergi m\u00fcqavil\u0259si g\u00fcz\u0259\u015ftl\u0259rind\u0259n istifad\u0259 etm\u0259y\u0259 icaz\u0259 verir.<\/li>\n<li><strong>DTA 02 \u2013 \u00c7\u0131xma haqq\u0131nda \u015f\u0259had\u0259tnam\u0259<\/strong><br \/>\nEyni g\u0259lird\u0259n ikiqat vergitutman\u0131n qar\u015f\u0131s\u0131n\u0131 alaraq, Az\u0259rbaycanda hesablanm\u0131\u015f vergid\u0259n xarici vergil\u0259ri \u00e7\u0131xmaq h\u00fcququnu t\u0259sdiq edir.<\/li>\n<li><strong>DTA 03 \u2013 M\u0259nf\u0259\u0259t vergisind\u0259n azad olunma v\u0259 ya azald\u0131lmas\u0131 haqq\u0131nda aray\u0131\u015f<\/strong><br \/>\nM\u00fcqavil\u0259 \u015f\u0259rtl\u0259rin\u0259 uy\u011fun olaraq qeyri-rezidentl\u0259r\u0259 Az\u0259rbaycanda \u0259ld\u0259 etdiyi g\u0259lird\u0259n tutulan verginin azald\u0131lm\u0131\u015f v\u0259 ya s\u0131f\u0131r d\u0259r\u0259c\u0259si almaq h\u00fcququ verir.<\/li>\n<li><strong>DTA 04 \u2013 Vergi \u00d6d\u0259ni\u015finin T\u0259sdiqi Sertifikat\u0131<\/strong><br \/>\nAz\u0259rbaycanda qeyri-rezident t\u0259r\u0259find\u0259n \u00f6d\u0259nil\u0259n vergil\u0259rin m\u0259bl\u0259\u011fini t\u0259sdiq edir, onlar\u0131n m\u0259n\u015f\u0259 \u00f6lk\u0259sind\u0259 tan\u0131nmas\u0131n\u0131 asanla\u015fd\u0131r\u0131r.<\/li>\n<li><strong>DTA 05 \u2013 Vergil\u0259rin qaytar\u0131lmas\u0131 sertifikat\u0131<\/strong><br \/>\nQeyri-rezidentl\u0259r\u0259 t\u0259tbiq olunan vergi m\u00fcqavil\u0259l\u0259rin\u0259 \u0259sas\u0259n Az\u0259rbaycanda art\u0131q \u00f6d\u0259nilmi\u015f vergil\u0259r\u0259 g\u00f6r\u0259 geri qaytar\u0131lma t\u0259l\u0259b etm\u0259k imkan\u0131 verir.<\/li>\n<\/ul>\n<p>[\/vc_column_text][vc_btn title=&#8221;DAHA \u018fTRAFLI&#8221; style=&#8221;outline&#8221; color=&#8221;danger&#8221; align=&#8221;center&#8221; link=&#8221;url:https%3A%2F%2Faz.f-chain.com%2Faz%2Fkommersiya-huquqi-xidm%25c9%2599tl%25c9%2599ri%2F|title:Commercial%20Law%20Services&#8221;][\/vc_column][vc_column width=&#8221;1\/2&#8243;][vc_single_image image=&#8221;55224&#8243; img_size=&#8221;full&#8221;][\/vc_column][\/vc_row][vc_row][vc_column][vc_column_text]T\u0259cr\u00fcb\u0259li vergi m\u0259sl\u0259h\u0259t\u00e7il\u0259rimiz Az\u0259rbaycan\u0131n imzalad\u0131\u011f\u0131 beyn\u0259lxalq m\u00fcqavil\u0259l\u0259r\u0259 tam riay\u0259t olunmas\u0131n\u0131 t\u0259min edir v\u0259 laz\u0131mi s\u0259n\u0259dl\u0259rin haz\u0131rlanmas\u0131nda, vergi orqanlar\u0131 il\u0259 \u0259laq\u0259 saxlanmas\u0131nda v\u0259 sertifikatlar\u0131n verilm\u0259sind\u0259 k\u00f6m\u0259klik g\u00f6st\u0259rirl\u0259r.[\/vc_column_text][\/vc_column][\/vc_row][vc_row][vc_column][\/vc_column][\/vc_row]<\/p>\n<\/div>","protected":false},"excerpt":{"rendered":"<p>[vc_row][vc_column][vc_column_text]Beyn\u0259lxalq vergi \u00f6hd\u0259likl\u0259ri \u00fczr\u0259 naviqasiya \u00e7\u0259tin ola bil\u0259r, x\u00fcsus\u0259n g\u0259liriniz bir \u00e7ox yurisdiksiyadan g\u0259lirs\u0259. Financial Chain Corporation (FCHAIN) laz\u0131mi DTA sertifikatlar\u0131n\u0131n \u0259ld\u0259 edilm\u0259sind\u0259 h\u0259rt\u0259r\u0259fli d\u0259st\u0259k g\u00f6st\u0259rir, m\u00fc\u015ft\u0259ril\u0259r\u0259 transs\u0259rh\u0259d g\u0259lirl\u0259r \u00fczr\u0259 ikiqat vergitutma riskini azaltma\u011fa v\u0259 ya aradan qald\u0131rma\u011fa k\u00f6m\u0259k edir. \u0130kiqat vergitutman\u0131n aradan qald\u0131r\u0131lmas\u0131 haqq\u0131nda sazi\u015f (DTA) iki v\u0259 ya daha \u00e7ox \u00f6lk\u0259 aras\u0131nda bird\u0259n<\/p>\n","protected":false},"author":6,"featured_media":55225,"parent":0,"menu_order":0,"comment_status":"closed","ping_status":"closed","template":"","meta":{"_acf_changed":false,"footnotes":""},"class_list":["post-56129","page","type-page","status-publish","hentry"],"acf":[],"yoast_head":"<!-- This site is optimized with the Yoast SEO plugin v27.3 - https:\/\/yoast.com\/product\/yoast-seo-wordpress\/ -->\n<title>Vergi rezidentliyi sertifikatlar\u0131 (DTA) - FChain<\/title>\n<meta name=\"robots\" content=\"index, follow, max-snippet:-1, max-image-preview:large, max-video-preview:-1\" \/>\n<link rel=\"canonical\" href=\"https:\/\/az.f-chain.com\/az\/vergi-rezidentliyi-sertifikatlari-dta\/\" \/>\n<meta property=\"og:locale\" content=\"az_AZ\" \/>\n<meta property=\"og:type\" content=\"article\" \/>\n<meta property=\"og:title\" content=\"Vergi rezidentliyi sertifikatlar\u0131 (DTA) - FChain\" \/>\n<meta property=\"og:description\" content=\"[vc_row][vc_column][vc_column_text]Beyn\u0259lxalq vergi \u00f6hd\u0259likl\u0259ri \u00fczr\u0259 naviqasiya \u00e7\u0259tin ola bil\u0259r, x\u00fcsus\u0259n g\u0259liriniz bir \u00e7ox yurisdiksiyadan g\u0259lirs\u0259. Financial Chain Corporation (FCHAIN) laz\u0131mi DTA sertifikatlar\u0131n\u0131n \u0259ld\u0259 edilm\u0259sind\u0259 h\u0259rt\u0259r\u0259fli d\u0259st\u0259k g\u00f6st\u0259rir, m\u00fc\u015ft\u0259ril\u0259r\u0259 transs\u0259rh\u0259d g\u0259lirl\u0259r \u00fczr\u0259 ikiqat vergitutma riskini azaltma\u011fa v\u0259 ya aradan qald\u0131rma\u011fa k\u00f6m\u0259k edir. \u0130kiqat vergitutman\u0131n aradan qald\u0131r\u0131lmas\u0131 haqq\u0131nda sazi\u015f (DTA) iki v\u0259 ya daha \u00e7ox \u00f6lk\u0259 aras\u0131nda bird\u0259n\" \/>\n<meta property=\"og:url\" content=\"https:\/\/az.f-chain.com\/az\/vergi-rezidentliyi-sertifikatlari-dta\/\" \/>\n<meta property=\"og:site_name\" content=\"FChain\" \/>\n<meta property=\"og:image\" content=\"https:\/\/az.f-chain.com\/wp-content\/uploads\/2025\/07\/the-inscription-tax-made-of-wooden-cubes-on-a-plai-2024-12-13-04-25-48-utc-scaled.jpg\" \/>\n\t<meta property=\"og:image:width\" content=\"2560\" \/>\n\t<meta property=\"og:image:height\" content=\"1709\" \/>\n\t<meta property=\"og:image:type\" content=\"image\/jpeg\" \/>\n<meta name=\"twitter:card\" content=\"summary_large_image\" \/>\n<script type=\"application\/ld+json\" class=\"yoast-schema-graph\">{\"@context\":\"https:\\\/\\\/schema.org\",\"@graph\":[{\"@type\":\"WebPage\",\"@id\":\"https:\\\/\\\/az.f-chain.com\\\/az\\\/vergi-rezidentliyi-sertifikatlari-dta\\\/\",\"url\":\"https:\\\/\\\/az.f-chain.com\\\/az\\\/vergi-rezidentliyi-sertifikatlari-dta\\\/\",\"name\":\"Vergi rezidentliyi sertifikatlar\u0131 (DTA) - FChain\",\"isPartOf\":{\"@id\":\"https:\\\/\\\/az.f-chain.com\\\/#website\"},\"primaryImageOfPage\":{\"@id\":\"https:\\\/\\\/az.f-chain.com\\\/az\\\/vergi-rezidentliyi-sertifikatlari-dta\\\/#primaryimage\"},\"image\":{\"@id\":\"https:\\\/\\\/az.f-chain.com\\\/az\\\/vergi-rezidentliyi-sertifikatlari-dta\\\/#primaryimage\"},\"thumbnailUrl\":\"https:\\\/\\\/az.f-chain.com\\\/wp-content\\\/uploads\\\/2025\\\/07\\\/the-inscription-tax-made-of-wooden-cubes-on-a-plai-2024-12-13-04-25-48-utc-scaled.jpg\",\"datePublished\":\"2025-10-16T05:30:38+00:00\",\"breadcrumb\":{\"@id\":\"https:\\\/\\\/az.f-chain.com\\\/az\\\/vergi-rezidentliyi-sertifikatlari-dta\\\/#breadcrumb\"},\"inLanguage\":\"az\",\"potentialAction\":[{\"@type\":\"ReadAction\",\"target\":[\"https:\\\/\\\/az.f-chain.com\\\/az\\\/vergi-rezidentliyi-sertifikatlari-dta\\\/\"]}]},{\"@type\":\"ImageObject\",\"inLanguage\":\"az\",\"@id\":\"https:\\\/\\\/az.f-chain.com\\\/az\\\/vergi-rezidentliyi-sertifikatlari-dta\\\/#primaryimage\",\"url\":\"https:\\\/\\\/az.f-chain.com\\\/wp-content\\\/uploads\\\/2025\\\/07\\\/the-inscription-tax-made-of-wooden-cubes-on-a-plai-2024-12-13-04-25-48-utc-scaled.jpg\",\"contentUrl\":\"https:\\\/\\\/az.f-chain.com\\\/wp-content\\\/uploads\\\/2025\\\/07\\\/the-inscription-tax-made-of-wooden-cubes-on-a-plai-2024-12-13-04-25-48-utc-scaled.jpg\",\"width\":2560,\"height\":1709,\"caption\":\"The inscription Tax made of wooden cubes on a plain background. Can be used for your design\"},{\"@type\":\"BreadcrumbList\",\"@id\":\"https:\\\/\\\/az.f-chain.com\\\/az\\\/vergi-rezidentliyi-sertifikatlari-dta\\\/#breadcrumb\",\"itemListElement\":[{\"@type\":\"ListItem\",\"position\":1,\"name\":\"Home\",\"item\":\"https:\\\/\\\/az.f-chain.com\\\/az\\\/\"},{\"@type\":\"ListItem\",\"position\":2,\"name\":\"Vergi rezidentliyi sertifikatlar\u0131 (DTA)\"}]},{\"@type\":\"WebSite\",\"@id\":\"https:\\\/\\\/az.f-chain.com\\\/#website\",\"url\":\"https:\\\/\\\/az.f-chain.com\\\/\",\"name\":\"FChain\",\"description\":\"Azerbaijan\",\"potentialAction\":[{\"@type\":\"SearchAction\",\"target\":{\"@type\":\"EntryPoint\",\"urlTemplate\":\"https:\\\/\\\/az.f-chain.com\\\/?s={search_term_string}\"},\"query-input\":{\"@type\":\"PropertyValueSpecification\",\"valueRequired\":true,\"valueName\":\"search_term_string\"}}],\"inLanguage\":\"az\"}]}<\/script>\n<!-- \/ Yoast SEO plugin. -->","yoast_head_json":{"title":"Vergi rezidentliyi sertifikatlar\u0131 (DTA) - FChain","robots":{"index":"index","follow":"follow","max-snippet":"max-snippet:-1","max-image-preview":"max-image-preview:large","max-video-preview":"max-video-preview:-1"},"canonical":"https:\/\/az.f-chain.com\/az\/vergi-rezidentliyi-sertifikatlari-dta\/","og_locale":"az_AZ","og_type":"article","og_title":"Vergi rezidentliyi sertifikatlar\u0131 (DTA) - FChain","og_description":"[vc_row][vc_column][vc_column_text]Beyn\u0259lxalq vergi \u00f6hd\u0259likl\u0259ri \u00fczr\u0259 naviqasiya \u00e7\u0259tin ola bil\u0259r, x\u00fcsus\u0259n g\u0259liriniz bir \u00e7ox yurisdiksiyadan g\u0259lirs\u0259. Financial Chain Corporation (FCHAIN) laz\u0131mi DTA sertifikatlar\u0131n\u0131n \u0259ld\u0259 edilm\u0259sind\u0259 h\u0259rt\u0259r\u0259fli d\u0259st\u0259k g\u00f6st\u0259rir, m\u00fc\u015ft\u0259ril\u0259r\u0259 transs\u0259rh\u0259d g\u0259lirl\u0259r \u00fczr\u0259 ikiqat vergitutma riskini azaltma\u011fa v\u0259 ya aradan qald\u0131rma\u011fa k\u00f6m\u0259k edir. \u0130kiqat vergitutman\u0131n aradan qald\u0131r\u0131lmas\u0131 haqq\u0131nda sazi\u015f (DTA) iki v\u0259 ya daha \u00e7ox \u00f6lk\u0259 aras\u0131nda bird\u0259n","og_url":"https:\/\/az.f-chain.com\/az\/vergi-rezidentliyi-sertifikatlari-dta\/","og_site_name":"FChain","og_image":[{"width":2560,"height":1709,"url":"https:\/\/az.f-chain.com\/wp-content\/uploads\/2025\/07\/the-inscription-tax-made-of-wooden-cubes-on-a-plai-2024-12-13-04-25-48-utc-scaled.jpg","type":"image\/jpeg"}],"twitter_card":"summary_large_image","schema":{"@context":"https:\/\/schema.org","@graph":[{"@type":"WebPage","@id":"https:\/\/az.f-chain.com\/az\/vergi-rezidentliyi-sertifikatlari-dta\/","url":"https:\/\/az.f-chain.com\/az\/vergi-rezidentliyi-sertifikatlari-dta\/","name":"Vergi rezidentliyi sertifikatlar\u0131 (DTA) - FChain","isPartOf":{"@id":"https:\/\/az.f-chain.com\/#website"},"primaryImageOfPage":{"@id":"https:\/\/az.f-chain.com\/az\/vergi-rezidentliyi-sertifikatlari-dta\/#primaryimage"},"image":{"@id":"https:\/\/az.f-chain.com\/az\/vergi-rezidentliyi-sertifikatlari-dta\/#primaryimage"},"thumbnailUrl":"https:\/\/az.f-chain.com\/wp-content\/uploads\/2025\/07\/the-inscription-tax-made-of-wooden-cubes-on-a-plai-2024-12-13-04-25-48-utc-scaled.jpg","datePublished":"2025-10-16T05:30:38+00:00","breadcrumb":{"@id":"https:\/\/az.f-chain.com\/az\/vergi-rezidentliyi-sertifikatlari-dta\/#breadcrumb"},"inLanguage":"az","potentialAction":[{"@type":"ReadAction","target":["https:\/\/az.f-chain.com\/az\/vergi-rezidentliyi-sertifikatlari-dta\/"]}]},{"@type":"ImageObject","inLanguage":"az","@id":"https:\/\/az.f-chain.com\/az\/vergi-rezidentliyi-sertifikatlari-dta\/#primaryimage","url":"https:\/\/az.f-chain.com\/wp-content\/uploads\/2025\/07\/the-inscription-tax-made-of-wooden-cubes-on-a-plai-2024-12-13-04-25-48-utc-scaled.jpg","contentUrl":"https:\/\/az.f-chain.com\/wp-content\/uploads\/2025\/07\/the-inscription-tax-made-of-wooden-cubes-on-a-plai-2024-12-13-04-25-48-utc-scaled.jpg","width":2560,"height":1709,"caption":"The inscription Tax made of wooden cubes on a plain background. Can be used for your design"},{"@type":"BreadcrumbList","@id":"https:\/\/az.f-chain.com\/az\/vergi-rezidentliyi-sertifikatlari-dta\/#breadcrumb","itemListElement":[{"@type":"ListItem","position":1,"name":"Home","item":"https:\/\/az.f-chain.com\/az\/"},{"@type":"ListItem","position":2,"name":"Vergi rezidentliyi sertifikatlar\u0131 (DTA)"}]},{"@type":"WebSite","@id":"https:\/\/az.f-chain.com\/#website","url":"https:\/\/az.f-chain.com\/","name":"FChain","description":"Azerbaijan","potentialAction":[{"@type":"SearchAction","target":{"@type":"EntryPoint","urlTemplate":"https:\/\/az.f-chain.com\/?s={search_term_string}"},"query-input":{"@type":"PropertyValueSpecification","valueRequired":true,"valueName":"search_term_string"}}],"inLanguage":"az"}]}},"_links":{"self":[{"href":"https:\/\/az.f-chain.com\/az\/wp-json\/wp\/v2\/pages\/56129","targetHints":{"allow":["GET"]}}],"collection":[{"href":"https:\/\/az.f-chain.com\/az\/wp-json\/wp\/v2\/pages"}],"about":[{"href":"https:\/\/az.f-chain.com\/az\/wp-json\/wp\/v2\/types\/page"}],"author":[{"embeddable":true,"href":"https:\/\/az.f-chain.com\/az\/wp-json\/wp\/v2\/users\/6"}],"replies":[{"embeddable":true,"href":"https:\/\/az.f-chain.com\/az\/wp-json\/wp\/v2\/comments?post=56129"}],"version-history":[{"count":1,"href":"https:\/\/az.f-chain.com\/az\/wp-json\/wp\/v2\/pages\/56129\/revisions"}],"predecessor-version":[{"id":56130,"href":"https:\/\/az.f-chain.com\/az\/wp-json\/wp\/v2\/pages\/56129\/revisions\/56130"}],"wp:featuredmedia":[{"embeddable":true,"href":"https:\/\/az.f-chain.com\/az\/wp-json\/wp\/v2\/media\/55225"}],"wp:attachment":[{"href":"https:\/\/az.f-chain.com\/az\/wp-json\/wp\/v2\/media?parent=56129"}],"curies":[{"name":"wp","href":"https:\/\/api.w.org\/{rel}","templated":true}]}}