{"id":56061,"date":"2025-10-02T11:46:40","date_gmt":"2025-10-02T08:46:40","guid":{"rendered":"https:\/\/az.f-chain.com\/?page_id=56061"},"modified":"2025-10-02T11:46:40","modified_gmt":"2025-10-02T08:46:40","slug":"turizm-huququ","status":"publish","type":"page","link":"https:\/\/az.f-chain.com\/az\/turizm-huququ\/","title":{"rendered":"Turizm h\u00fcququ"},"content":{"rendered":"<div class=\"wpb-content-wrapper\"><p>[vc_row][vc_column][vc_column_text]<strong>Financial Chain Corporation (FCHAIN)<\/strong> turizm, qonaqp\u0259rv\u0259rlik v\u0259 n\u0259qliyyat s\u0259nayel\u0259rind\u0259 f\u0259aliyy\u0259t g\u00f6st\u0259r\u0259n \u015firk\u0259tl\u0259r\u0259 turizm s\u0259nayesinin h\u00fcquqi sah\u0259sind\u0259 h\u0259r\u0259k\u0259t etm\u0259sin\u0259 k\u00f6m\u0259k etm\u0259kl\u0259, turizm h\u00fcququ sah\u0259sind\u0259 h\u00fcquqi xidm\u0259tl\u0259r g\u00f6st\u0259rir. Biz h\u0259m\u00e7inin turizm s\u0259nayesind\u0259 istehlak\u00e7\u0131lar\u0131 t\u0259msil edir v\u0259 onlar\u0131n h\u00fcquqlar\u0131n\u0131n m\u00fcdafi\u0259si il\u0259 ba\u011fl\u0131 m\u0259sl\u0259h\u0259tl\u0259r veririk. M\u0259qs\u0259dimiz turizm f\u0259aliyy\u0259tinin b\u00fct\u00fcn n\u00f6vl\u0259rinin h\u0259m xidm\u0259t t\u0259minat\u00e7\u0131lar\u0131, h\u0259m d\u0259 s\u0259yah\u0259t ed\u0259nl\u0259r \u00fc\u00e7\u00fcn qanuni qaydalara, \u015f\u0259ffafl\u0131\u011fa v\u0259 t\u0259hl\u00fck\u0259sizliy\u0259 uy\u011fun olmas\u0131n\u0131 t\u0259min etm\u0259kdir. M\u00fcqavil\u0259l\u0259rin haz\u0131rlanmas\u0131ndan v\u0259 lisenziyalar\u0131n al\u0131nmas\u0131ndan h\u00fcquqi riskl\u0259rin idar\u0259 edilm\u0259sin\u0259 v\u0259 m\u00fcbahis\u0259l\u0259rin h\u0259llin\u0259 q\u0259d\u0259r biz turizm v\u0259 mehmanxana s\u0259nayesinin s\u00fcr\u0259tl\u0259 d\u0259yi\u015f\u0259n ehtiyaclar\u0131na uy\u011funla\u015fd\u0131r\u0131lm\u0131\u015f praktik h\u00fcquqi d\u0259st\u0259k veririk.[\/vc_column_text][\/vc_column][\/vc_row][vc_row equal_height=&#8221;yes&#8221; content_placement=&#8221;middle&#8221; css_animation=&#8221;bounceInLeft&#8221;][vc_column width=&#8221;1\/2&#8243;][vc_column_text]<strong>S\u0259yah\u0259t v\u0259 turoperator m\u00fcqavil\u0259l\u0259rinin t\u0259rtib edilm\u0259si v\u0259 yoxlan\u0131lmas\u0131<\/strong><\/p>\n<p>Biz s\u0259yah\u0259tl\u0259 ba\u011fl\u0131 geni\u015f spektrli m\u00fcqavil\u0259l\u0259r haz\u0131rlay\u0131r, n\u0259z\u0259rd\u0259n ke\u00e7irir v\u0259 m\u00fczakir\u0259 edirik:<\/p>\n<ul>\n<li>Turoperator m\u00fcqavil\u0259l\u0259ri<\/li>\n<li>Otel v\u0259 n\u0259qliyyat m\u00fcqavil\u0259l\u0259ri<\/li>\n<li>Rezervasiya v\u0259 l\u0259\u011fv \u015f\u0259rtl\u0259ri<\/li>\n<li>S\u0259yah\u0259t s\u0131\u011fortas\u0131 \u015f\u0259rtl\u0259ri<\/li>\n<\/ul>\n<p><strong>\u00a0<\/strong><strong>Mehmanxanalar, turizm agentlikl\u0259ri v\u0259 avia\u015firk\u0259tl\u0259r\u0259 h\u00fcquqi d\u0259st\u0259k<\/strong><\/p>\n<p>Biz mehmanxana v\u0259 turizm s\u0259nayesind\u0259ki biznesl\u0259r \u00fc\u00e7\u00fcn h\u00fcquqi m\u0259sl\u0259h\u0259tl\u0259rin tam spektrini t\u0259klif edirik, o c\u00fcml\u0259d\u0259n:<\/p>\n<ul>\n<li>\u015eirk\u0259tl\u0259rin formala\u015fd\u0131r\u0131lmas\u0131 v\u0259 restrukturizasiyas\u0131<\/li>\n<li>Turizm v\u0259 istehlak\u00e7\u0131lar\u0131n m\u00fcdafi\u0259si haqq\u0131nda qanunlara riay\u0259t olunmas\u0131<\/li>\n<li>M\u00fcqavil\u0259 v\u0259 normativ m\u00fcbahis\u0259l\u0259rd\u0259 t\u0259msil\u00e7ilik<\/li>\n<li>T\u0259r\u0259fda\u015fl\u0131q, fran\u00e7ayzinq v\u0259 lisenziyala\u015fd\u0131rma \u00fczr\u0259 m\u0259sl\u0259h\u0259tl\u0259r<\/li>\n<\/ul>\n<p>[\/vc_column_text][\/vc_column][vc_column width=&#8221;1\/2&#8243;][vc_single_image image=&#8221;55555&#8243; img_size=&#8221;full&#8221;][\/vc_column][\/vc_row][vc_row equal_height=&#8221;yes&#8221; content_placement=&#8221;middle&#8221; css_animation=&#8221;bounceInRight&#8221;][vc_column width=&#8221;1\/2&#8243;][vc_single_image image=&#8221;55409&#8243; img_size=&#8221;full&#8221;][\/vc_column][vc_column width=&#8221;1\/2&#8243;][vc_column_text]<strong>Turizm m\u00fc\u0259ssis\u0259l\u0259ri \u00fc\u00e7\u00fcn lisenziyala\u015fd\u0131rma v\u0259 normativ t\u0259l\u0259bl\u0259r\u0259 riay\u0259t edilm\u0259si<\/strong><\/p>\n<p>Turizm f\u0259aliyy\u0259ti d\u00f6vl\u0259t qaydalar\u0131na v\u0259 beyn\u0259lxalq standartlara ciddi riay\u0259t etm\u0259yi t\u0259l\u0259b edir. Biz,<\/p>\n<ul>\n<li>Turizm f\u0259aliyy\u0259ti \u00fc\u00e7\u00fcn laz\u0131mi lisenziya v\u0259 icaz\u0259l\u0259ri alma\u011fa<\/li>\n<li>Az\u0259rbaycan\u0131n turizm qanunvericiliyin\u0259 v\u0259 beyn\u0259lxalq turizm m\u0259c\u0259ll\u0259l\u0259rin\u0259 \u0259m\u0259l olunmas\u0131n\u0131 t\u0259min etm\u0259y\u0259<\/li>\n<li>Uzad\u0131lma v\u0259 audit prosedurlar\u0131n\u0131 idar\u0259 etm\u0259y\u0259 k\u00f6m\u0259k edirik<\/li>\n<\/ul>\n<p><strong>Turizmd\u0259 riskl\u0259rin idar\u0259 edilm\u0259si v\u0259 m\u0259suliyy\u0259t probleml\u0259ri<\/strong><\/p>\n<p>Biz turoperatorlara risk\u0259 m\u0259ruz qalmalar\u0131n\u0131 azaltmaq v\u0259 m\u0259suliyy\u0259t m\u0259s\u0259l\u0259l\u0259rini idar\u0259 etm\u0259k \u00fc\u00e7\u00fcn strateji h\u00fcquqi m\u0259sl\u0259h\u0259tl\u0259r veririk. Bura daxildir:<\/p>\n<ul>\n<li>S\u0259yah\u0259t \u015f\u0259rtl\u0259rinin haz\u0131rlanmas\u0131<\/li>\n<li>T\u0259hl\u00fck\u0259sizlik v\u0259 f\u00f6vq\u0259lad\u0259 hallar protokollar\u0131 \u00fczr\u0259 m\u0259sl\u0259h\u0259tl\u0259rin verilm\u0259si<\/li>\n<li>X\u0259sar\u0259t, l\u0259\u011fv v\u0259 ya xidm\u0259td\u0259n imtina il\u0259 ba\u011fl\u0131 iddialara bax\u0131lmas\u0131<\/li>\n<li>S\u0131\u011forta t\u0259minat\u0131 v\u0259 t\u0259zminat m\u00fcdd\u0259alar\u0131n\u0131n strukturla\u015fd\u0131r\u0131lmas\u0131<\/li>\n<\/ul>\n<p>[\/vc_column_text][\/vc_column][\/vc_row][vc_row css_animation=&#8221;bounceInDown&#8221;][vc_column][vc_column_text]Turoperator, mehmanxana, s\u0259yah\u0259t agentliyi, hava yolu \u015firk\u0259ti v\u0259 ya s\u0259yah\u0259t \u015firk\u0259ti \u2013 kim olma\u011f\u0131n\u0131zdan as\u0131l\u0131 olmayaraq, <strong>FCHAIN<\/strong> s\u0259yah\u0259t biznesinizin h\u0259r bir t\u0259r\u0259finin qanuni c\u0259h\u0259td\u0259n \u0259sasland\u0131r\u0131lm\u0131\u015f olmas\u0131n\u0131, riskin azald\u0131lmas\u0131n\u0131 v\u0259 \u0259n son qaydalara uy\u011fun olmas\u0131n\u0131 t\u0259min edir.[\/vc_column_text][\/vc_column][\/vc_row]<\/p>\n<\/div>","protected":false},"excerpt":{"rendered":"<p>[vc_row][vc_column][vc_column_text]Financial Chain Corporation (FCHAIN) turizm, qonaqp\u0259rv\u0259rlik v\u0259 n\u0259qliyyat s\u0259nayel\u0259rind\u0259 f\u0259aliyy\u0259t g\u00f6st\u0259r\u0259n \u015firk\u0259tl\u0259r\u0259 turizm s\u0259nayesinin h\u00fcquqi sah\u0259sind\u0259 h\u0259r\u0259k\u0259t etm\u0259sin\u0259 k\u00f6m\u0259k etm\u0259kl\u0259, turizm h\u00fcququ sah\u0259sind\u0259 h\u00fcquqi xidm\u0259tl\u0259r g\u00f6st\u0259rir. Biz h\u0259m\u00e7inin turizm s\u0259nayesind\u0259 istehlak\u00e7\u0131lar\u0131 t\u0259msil edir v\u0259 onlar\u0131n h\u00fcquqlar\u0131n\u0131n m\u00fcdafi\u0259si il\u0259 ba\u011fl\u0131 m\u0259sl\u0259h\u0259tl\u0259r veririk. M\u0259qs\u0259dimiz turizm f\u0259aliyy\u0259tinin b\u00fct\u00fcn n\u00f6vl\u0259rinin h\u0259m xidm\u0259t t\u0259minat\u00e7\u0131lar\u0131, h\u0259m d\u0259 s\u0259yah\u0259t ed\u0259nl\u0259r \u00fc\u00e7\u00fcn qanuni<\/p>\n","protected":false},"author":6,"featured_media":55556,"parent":0,"menu_order":0,"comment_status":"closed","ping_status":"closed","template":"","meta":{"_acf_changed":false,"footnotes":""},"class_list":["post-56061","page","type-page","status-publish","hentry"],"acf":[],"yoast_head":"<!-- This site is optimized with the Yoast SEO plugin v27.3 - https:\/\/yoast.com\/product\/yoast-seo-wordpress\/ -->\n<title>Turizm h\u00fcququ - FChain<\/title>\n<meta name=\"robots\" content=\"index, follow, max-snippet:-1, max-image-preview:large, max-video-preview:-1\" \/>\n<link rel=\"canonical\" href=\"https:\/\/az.f-chain.com\/az\/turizm-huququ\/\" \/>\n<meta property=\"og:locale\" content=\"az_AZ\" \/>\n<meta property=\"og:type\" content=\"article\" \/>\n<meta property=\"og:title\" content=\"Turizm h\u00fcququ - FChain\" \/>\n<meta property=\"og:description\" content=\"[vc_row][vc_column][vc_column_text]Financial Chain Corporation (FCHAIN) turizm, qonaqp\u0259rv\u0259rlik v\u0259 n\u0259qliyyat s\u0259nayel\u0259rind\u0259 f\u0259aliyy\u0259t g\u00f6st\u0259r\u0259n \u015firk\u0259tl\u0259r\u0259 turizm s\u0259nayesinin h\u00fcquqi sah\u0259sind\u0259 h\u0259r\u0259k\u0259t etm\u0259sin\u0259 k\u00f6m\u0259k etm\u0259kl\u0259, turizm h\u00fcququ sah\u0259sind\u0259 h\u00fcquqi xidm\u0259tl\u0259r g\u00f6st\u0259rir. Biz h\u0259m\u00e7inin turizm s\u0259nayesind\u0259 istehlak\u00e7\u0131lar\u0131 t\u0259msil edir v\u0259 onlar\u0131n h\u00fcquqlar\u0131n\u0131n m\u00fcdafi\u0259si il\u0259 ba\u011fl\u0131 m\u0259sl\u0259h\u0259tl\u0259r veririk. M\u0259qs\u0259dimiz turizm f\u0259aliyy\u0259tinin b\u00fct\u00fcn n\u00f6vl\u0259rinin h\u0259m xidm\u0259t t\u0259minat\u00e7\u0131lar\u0131, h\u0259m d\u0259 s\u0259yah\u0259t ed\u0259nl\u0259r \u00fc\u00e7\u00fcn qanuni\" \/>\n<meta property=\"og:url\" content=\"https:\/\/az.f-chain.com\/az\/turizm-huququ\/\" \/>\n<meta property=\"og:site_name\" content=\"FChain\" \/>\n<meta property=\"og:image\" content=\"https:\/\/az.f-chain.com\/wp-content\/uploads\/2025\/07\/dsc-5998-2025-03-14-21-23-56-utc-scaled.jpg\" \/>\n\t<meta property=\"og:image:width\" content=\"2560\" \/>\n\t<meta property=\"og:image:height\" content=\"1709\" \/>\n\t<meta property=\"og:image:type\" content=\"image\/jpeg\" \/>\n<meta name=\"twitter:card\" content=\"summary_large_image\" \/>\n<script type=\"application\/ld+json\" class=\"yoast-schema-graph\">{\"@context\":\"https:\\\/\\\/schema.org\",\"@graph\":[{\"@type\":\"WebPage\",\"@id\":\"https:\\\/\\\/az.f-chain.com\\\/az\\\/turizm-huququ\\\/\",\"url\":\"https:\\\/\\\/az.f-chain.com\\\/az\\\/turizm-huququ\\\/\",\"name\":\"Turizm h\u00fcququ - FChain\",\"isPartOf\":{\"@id\":\"https:\\\/\\\/az.f-chain.com\\\/#website\"},\"primaryImageOfPage\":{\"@id\":\"https:\\\/\\\/az.f-chain.com\\\/az\\\/turizm-huququ\\\/#primaryimage\"},\"image\":{\"@id\":\"https:\\\/\\\/az.f-chain.com\\\/az\\\/turizm-huququ\\\/#primaryimage\"},\"thumbnailUrl\":\"https:\\\/\\\/az.f-chain.com\\\/wp-content\\\/uploads\\\/2025\\\/07\\\/dsc-5998-2025-03-14-21-23-56-utc-scaled.jpg\",\"datePublished\":\"2025-10-02T08:46:40+00:00\",\"breadcrumb\":{\"@id\":\"https:\\\/\\\/az.f-chain.com\\\/az\\\/turizm-huququ\\\/#breadcrumb\"},\"inLanguage\":\"az\",\"potentialAction\":[{\"@type\":\"ReadAction\",\"target\":[\"https:\\\/\\\/az.f-chain.com\\\/az\\\/turizm-huququ\\\/\"]}]},{\"@type\":\"ImageObject\",\"inLanguage\":\"az\",\"@id\":\"https:\\\/\\\/az.f-chain.com\\\/az\\\/turizm-huququ\\\/#primaryimage\",\"url\":\"https:\\\/\\\/az.f-chain.com\\\/wp-content\\\/uploads\\\/2025\\\/07\\\/dsc-5998-2025-03-14-21-23-56-utc-scaled.jpg\",\"contentUrl\":\"https:\\\/\\\/az.f-chain.com\\\/wp-content\\\/uploads\\\/2025\\\/07\\\/dsc-5998-2025-03-14-21-23-56-utc-scaled.jpg\",\"width\":2560,\"height\":1709,\"caption\":\"Airport with airplane, view from above\"},{\"@type\":\"BreadcrumbList\",\"@id\":\"https:\\\/\\\/az.f-chain.com\\\/az\\\/turizm-huququ\\\/#breadcrumb\",\"itemListElement\":[{\"@type\":\"ListItem\",\"position\":1,\"name\":\"Home\",\"item\":\"https:\\\/\\\/az.f-chain.com\\\/az\\\/\"},{\"@type\":\"ListItem\",\"position\":2,\"name\":\"Turizm h\u00fcququ\"}]},{\"@type\":\"WebSite\",\"@id\":\"https:\\\/\\\/az.f-chain.com\\\/#website\",\"url\":\"https:\\\/\\\/az.f-chain.com\\\/\",\"name\":\"FChain\",\"description\":\"Azerbaijan\",\"potentialAction\":[{\"@type\":\"SearchAction\",\"target\":{\"@type\":\"EntryPoint\",\"urlTemplate\":\"https:\\\/\\\/az.f-chain.com\\\/?s={search_term_string}\"},\"query-input\":{\"@type\":\"PropertyValueSpecification\",\"valueRequired\":true,\"valueName\":\"search_term_string\"}}],\"inLanguage\":\"az\"}]}<\/script>\n<!-- \/ Yoast SEO plugin. -->","yoast_head_json":{"title":"Turizm h\u00fcququ - FChain","robots":{"index":"index","follow":"follow","max-snippet":"max-snippet:-1","max-image-preview":"max-image-preview:large","max-video-preview":"max-video-preview:-1"},"canonical":"https:\/\/az.f-chain.com\/az\/turizm-huququ\/","og_locale":"az_AZ","og_type":"article","og_title":"Turizm h\u00fcququ - FChain","og_description":"[vc_row][vc_column][vc_column_text]Financial Chain Corporation (FCHAIN) turizm, qonaqp\u0259rv\u0259rlik v\u0259 n\u0259qliyyat s\u0259nayel\u0259rind\u0259 f\u0259aliyy\u0259t g\u00f6st\u0259r\u0259n \u015firk\u0259tl\u0259r\u0259 turizm s\u0259nayesinin h\u00fcquqi sah\u0259sind\u0259 h\u0259r\u0259k\u0259t etm\u0259sin\u0259 k\u00f6m\u0259k etm\u0259kl\u0259, turizm h\u00fcququ sah\u0259sind\u0259 h\u00fcquqi xidm\u0259tl\u0259r g\u00f6st\u0259rir. Biz h\u0259m\u00e7inin turizm s\u0259nayesind\u0259 istehlak\u00e7\u0131lar\u0131 t\u0259msil edir v\u0259 onlar\u0131n h\u00fcquqlar\u0131n\u0131n m\u00fcdafi\u0259si il\u0259 ba\u011fl\u0131 m\u0259sl\u0259h\u0259tl\u0259r veririk. M\u0259qs\u0259dimiz turizm f\u0259aliyy\u0259tinin b\u00fct\u00fcn n\u00f6vl\u0259rinin h\u0259m xidm\u0259t t\u0259minat\u00e7\u0131lar\u0131, h\u0259m d\u0259 s\u0259yah\u0259t ed\u0259nl\u0259r \u00fc\u00e7\u00fcn qanuni","og_url":"https:\/\/az.f-chain.com\/az\/turizm-huququ\/","og_site_name":"FChain","og_image":[{"width":2560,"height":1709,"url":"https:\/\/az.f-chain.com\/wp-content\/uploads\/2025\/07\/dsc-5998-2025-03-14-21-23-56-utc-scaled.jpg","type":"image\/jpeg"}],"twitter_card":"summary_large_image","schema":{"@context":"https:\/\/schema.org","@graph":[{"@type":"WebPage","@id":"https:\/\/az.f-chain.com\/az\/turizm-huququ\/","url":"https:\/\/az.f-chain.com\/az\/turizm-huququ\/","name":"Turizm h\u00fcququ - FChain","isPartOf":{"@id":"https:\/\/az.f-chain.com\/#website"},"primaryImageOfPage":{"@id":"https:\/\/az.f-chain.com\/az\/turizm-huququ\/#primaryimage"},"image":{"@id":"https:\/\/az.f-chain.com\/az\/turizm-huququ\/#primaryimage"},"thumbnailUrl":"https:\/\/az.f-chain.com\/wp-content\/uploads\/2025\/07\/dsc-5998-2025-03-14-21-23-56-utc-scaled.jpg","datePublished":"2025-10-02T08:46:40+00:00","breadcrumb":{"@id":"https:\/\/az.f-chain.com\/az\/turizm-huququ\/#breadcrumb"},"inLanguage":"az","potentialAction":[{"@type":"ReadAction","target":["https:\/\/az.f-chain.com\/az\/turizm-huququ\/"]}]},{"@type":"ImageObject","inLanguage":"az","@id":"https:\/\/az.f-chain.com\/az\/turizm-huququ\/#primaryimage","url":"https:\/\/az.f-chain.com\/wp-content\/uploads\/2025\/07\/dsc-5998-2025-03-14-21-23-56-utc-scaled.jpg","contentUrl":"https:\/\/az.f-chain.com\/wp-content\/uploads\/2025\/07\/dsc-5998-2025-03-14-21-23-56-utc-scaled.jpg","width":2560,"height":1709,"caption":"Airport with airplane, view from above"},{"@type":"BreadcrumbList","@id":"https:\/\/az.f-chain.com\/az\/turizm-huququ\/#breadcrumb","itemListElement":[{"@type":"ListItem","position":1,"name":"Home","item":"https:\/\/az.f-chain.com\/az\/"},{"@type":"ListItem","position":2,"name":"Turizm h\u00fcququ"}]},{"@type":"WebSite","@id":"https:\/\/az.f-chain.com\/#website","url":"https:\/\/az.f-chain.com\/","name":"FChain","description":"Azerbaijan","potentialAction":[{"@type":"SearchAction","target":{"@type":"EntryPoint","urlTemplate":"https:\/\/az.f-chain.com\/?s={search_term_string}"},"query-input":{"@type":"PropertyValueSpecification","valueRequired":true,"valueName":"search_term_string"}}],"inLanguage":"az"}]}},"_links":{"self":[{"href":"https:\/\/az.f-chain.com\/az\/wp-json\/wp\/v2\/pages\/56061","targetHints":{"allow":["GET"]}}],"collection":[{"href":"https:\/\/az.f-chain.com\/az\/wp-json\/wp\/v2\/pages"}],"about":[{"href":"https:\/\/az.f-chain.com\/az\/wp-json\/wp\/v2\/types\/page"}],"author":[{"embeddable":true,"href":"https:\/\/az.f-chain.com\/az\/wp-json\/wp\/v2\/users\/6"}],"replies":[{"embeddable":true,"href":"https:\/\/az.f-chain.com\/az\/wp-json\/wp\/v2\/comments?post=56061"}],"version-history":[{"count":1,"href":"https:\/\/az.f-chain.com\/az\/wp-json\/wp\/v2\/pages\/56061\/revisions"}],"predecessor-version":[{"id":56062,"href":"https:\/\/az.f-chain.com\/az\/wp-json\/wp\/v2\/pages\/56061\/revisions\/56062"}],"wp:featuredmedia":[{"embeddable":true,"href":"https:\/\/az.f-chain.com\/az\/wp-json\/wp\/v2\/media\/55556"}],"wp:attachment":[{"href":"https:\/\/az.f-chain.com\/az\/wp-json\/wp\/v2\/media?parent=56061"}],"curies":[{"name":"wp","href":"https:\/\/api.w.org\/{rel}","templated":true}]}}