{"id":56059,"date":"2025-10-02T11:18:37","date_gmt":"2025-10-02T08:18:37","guid":{"rendered":"https:\/\/az.f-chain.com\/?page_id=56059"},"modified":"2025-10-02T11:18:37","modified_gmt":"2025-10-02T08:18:37","slug":"idman-huququ","status":"publish","type":"page","link":"https:\/\/az.f-chain.com\/az\/idman-huququ\/","title":{"rendered":"\u0130dman h\u00fcququ"},"content":{"rendered":"<div class=\"wpb-content-wrapper\"><p>[vc_row][vc_column][vc_column_text]<strong>Financial Chain Corporation (FCHAIN)<\/strong> m\u00fcxt\u0259lif h\u00fcquqi m\u0259s\u0259l\u0259l\u0259r \u00fczr\u0259 idman\u00e7\u0131lar\u0131, idman klublar\u0131n\u0131, agentl\u0259ri, idar\u0259etm\u0259 orqanlar\u0131n\u0131, federasiyalar\u0131 v\u0259 sponsorlar\u0131 t\u0259msil edir v\u0259 idman sah\u0259sind\u0259 ixtisasla\u015fm\u0131\u015f h\u00fcququ xidm\u0259tl\u0259ri t\u0259klif edir. M\u00fcqavil\u0259 dan\u0131\u015f\u0131qlar\u0131ndan v\u0259 normativ t\u0259l\u0259bl\u0259r\u0259 \u00a0uy\u011funluqdan tutmu\u015f vergi m\u0259s\u0259l\u0259l\u0259rin\u0259 v\u0259 m\u00fcbahis\u0259l\u0259rin h\u0259llin\u0259 q\u0259d\u0259r xidm\u0259tl\u0259rimiz h\u0259m \u00f6lk\u0259 daxilind\u0259, h\u0259m d\u0259 beyn\u0259lxalq s\u0259viyy\u0259d\u0259 idman sah\u0259sinin \u00a0unikal ehtiyaclar\u0131na uy\u011funla\u015fd\u0131r\u0131l\u0131b.<\/p>\n<p>Biz m\u00fc\u015ft\u0259ril\u0259rimiz\u0259 \u00f6z maraqlar\u0131n\u0131 qoruma\u011fa, \u0259dal\u0259tli oyunu t\u0259min etm\u0259y\u0259 v\u0259 m\u00fcasir idman\u0131 t\u0259nziml\u0259y\u0259n qanunvericilik bazas\u0131n\u0131 idar\u0259 etm\u0259y\u0259 k\u00f6m\u0259k edirik.[\/vc_column_text][\/vc_column][\/vc_row][vc_row equal_height=&#8221;yes&#8221; content_placement=&#8221;middle&#8221; css_animation=&#8221;bounceInLeft&#8221;][vc_column width=&#8221;1\/2&#8243;][vc_column_text]<strong>\u0130dman \u0130dar\u0259\u00e7iliyi<\/strong><\/p>\n<p>Biz idman federasiyalar\u0131na, klublar\u0131na v\u0259 assosiasiyalar\u0131na effektiv idar\u0259etm\u0259 strukturlar\u0131 v\u0259 uy\u011funluq \u00fczr\u0259 \u0259n yax\u015f\u0131 t\u0259cr\u00fcb\u0259 haqq\u0131nda m\u0259sl\u0259h\u0259tl\u0259r veririk. Xidm\u0259tl\u0259rimiz\u0259 a\u015fa\u011f\u0131dak\u0131lar daxildir:<\/p>\n<ul>\n<li>Nizamnam\u0259l\u0259rin, normativ aktlar\u0131n v\u0259 intizam prosedurlar\u0131n\u0131n i\u015fl\u0259nib haz\u0131rlanmas\u0131<\/li>\n<li>Q\u0259rarlar\u0131n q\u0259bulunda \u015f\u0259ffafl\u0131\u011f\u0131n, hesabatl\u0131l\u0131\u011f\u0131n v\u0259 \u0259dal\u0259tliliyin t\u0259min edilm\u0259si<\/li>\n<li>Daxili m\u00fcbahis\u0259l\u0259rin h\u0259lli mexanizml\u0259rinin v\u0259 etik qaydalar\u0131n d\u0259st\u0259kl\u0259nm\u0259si<\/li>\n<\/ul>\n<p><strong>\u0130dman t\u0259\u015fkilatlar\u0131 \u00fc\u00e7\u00fcn korporativ konsaltinq<\/strong><\/p>\n<p>Biz idman t\u0259\u015fkilatlar\u0131na a\u015fa\u011f\u0131dak\u0131 m\u0259s\u0259l\u0259l\u0259r \u00fczr\u0259 strateji h\u00fcquqi m\u0259sl\u0259h\u0259tl\u0259r veririk:<\/p>\n<ul>\n<li>\u0130dman t\u0259\u015fkilatlar\u0131n\u0131n h\u00fcquqi strukturla\u015fd\u0131r\u0131lmas\u0131 v\u0259 qeydiyyat\u0131<\/li>\n<li>\u0130dar\u0259etm\u0259 siyas\u0259ti v\u0259 normativ t\u0259l\u0259bl\u0259r\u0259 riay\u0259t edilm\u0259si<\/li>\n<li>Strateji planla\u015fd\u0131rma, sponsorluq v\u0259 kommersiya h\u00fcquqlar\u0131n\u0131n idar\u0259 edilm\u0259si<\/li>\n<\/ul>\n<p>[\/vc_column_text][\/vc_column][vc_column width=&#8221;1\/2&#8243;][vc_single_image image=&#8221;55547&#8243; img_size=&#8221;full&#8221;][\/vc_column][\/vc_row][vc_row equal_height=&#8221;yes&#8221; content_placement=&#8221;middle&#8221; css_animation=&#8221;bounceInRight&#8221;][vc_column width=&#8221;1\/2&#8243;][vc_single_image image=&#8221;55550&#8243; img_size=&#8221;full&#8221;][\/vc_column][vc_column width=&#8221;1\/2&#8243;][vc_column_text]<strong>\u0130dmanda M\u00fc\u0259llif H\u00fcquqlar\u0131n\u0131n v\u0259 \u018fM-in M\u00fchafiz\u0259si<\/strong><\/p>\n<p>H\u00fcquq komandam\u0131z idman\u00e7\u0131lar\u0131n, komandalar\u0131n v\u0259 sponsorlar\u0131n <strong>\u0259qli m\u00fclkiyy\u0259tini<\/strong> qoruyur, o c\u00fcml\u0259d\u0259n:<\/p>\n<ul>\n<li><strong>Yay\u0131m h\u00fcquqlar\u0131n\u0131n, loqolar\u0131n v\u0259 ticar\u0259t ni\u015fanlar\u0131n\u0131n<\/strong> lisenziyala\u015fd\u0131r\u0131lmas\u0131 v\u0259 qorunmas\u0131<\/li>\n<li><strong>R\u0259q\u0259msal median\u0131n, reklam kontentinin<\/strong> v\u0259 <strong>ivent brendinqin<\/strong> qorunmas\u0131<\/li>\n<li>Sponsorluq m\u00fcqavil\u0259l\u0259rinin v\u0259 istifad\u0259 h\u00fcquqlar\u0131n\u0131n m\u00fcdd\u0259alar\u0131n\u0131n haz\u0131rlanmas\u0131<\/li>\n<\/ul>\n<p><strong>Oyun\u00e7ularla m\u00fcqavil\u0259l\u0259r v\u0259 h\u00fcquqi m\u00fcnasib\u0259tl\u0259r<\/strong><\/p>\n<p>\u0130dman\u00e7\u0131lara, klublara v\u0259 agentl\u0259r\u0259 a\u015fa\u011f\u0131dak\u0131 m\u0259s\u0259l\u0259l\u0259rd\u0259 k\u00f6m\u0259k edirik:<\/p>\n<ul>\n<li><strong>\u018fm\u0259k m\u00fcqavil\u0259l\u0259rinin<\/strong>, <strong>transfer m\u00fcqavil\u0259l\u0259rinin<\/strong> <strong>v\u0259 sponsorluq\/reklam m\u00fcqavil\u0259l\u0259rinin<\/strong> haz\u0131rlanmas\u0131, n\u0259z\u0259rd\u0259n ke\u00e7irilm\u0259si v\u0259 dan\u0131\u015f\u0131qlar\u0131n apar\u0131lmas\u0131<\/li>\n<li>\u0130dman klublar\u0131, liqalar\u0131, oyun\u00e7ular assosiasiyalar\u0131 v\u0259 idar\u0259etm\u0259 orqanlar\u0131 il\u0259 h\u00fcquqi \u0259laq\u0259l\u0259rin idar\u0259 edilm\u0259si<\/li>\n<li>M\u00fcbahis\u0259l\u0259r, intizam t\u0259dbirl\u0259ri v\u0259 arbitrajda t\u0259msil\u00e7ilik (m\u0259s\u0259l\u0259n, CAS) \u00fczr\u0259 m\u0259sl\u0259h\u0259tl\u0259rin verilm\u0259si<\/li>\n<\/ul>\n<p>[\/vc_column_text][\/vc_column][\/vc_row][vc_row css_animation=&#8221;bounceInDown&#8221;][vc_column][vc_column_text]<strong>\u018flav\u0259 ekspertiza sah\u0259l\u0259ri:<\/strong><\/p>\n<ul>\n<li><strong>\u0130dman\u00e7\u0131lar\u0131n v\u0259 idman t\u0259\u015fkilatlar\u0131n\u0131n vergiy\u0259 c\u0259lb edilm\u0259si<\/strong>: vergi qanunvericiliyin\u0259 optimal uy\u011funlu\u011fu t\u0259min etm\u0259k \u00fc\u00e7\u00fcn idman\u00e7\u0131lar\u0131n m\u00fckafatland\u0131r\u0131lmas\u0131 v\u0259 sponsorluq g\u0259lirl\u0259rinin strukturla\u015fd\u0131r\u0131lmas\u0131<\/li>\n<li><strong>M\u00fcbahis\u0259l\u0259rin h\u0259lli<\/strong>: milli v\u0259 beyn\u0259lxalq s\u0259viyy\u0259d\u0259 idmanla ba\u011fl\u0131 m\u0259hk\u0259m\u0259 \u00e7\u0259ki\u015fm\u0259l\u0259rind\u0259 v\u0259 arbitrajda m\u00fc\u015ft\u0259ril\u0259rin t\u0259msil edilm\u0259si<\/li>\n<li><strong>Agentl\u0259rin v\u0259 vasit\u0259\u00e7il\u0259rin f\u0259aliyy\u0259tinin t\u0259nziml\u0259nm\u0259si<\/strong>: agentl\u0259r\u0259 v\u0259 vasit\u0259\u00e7il\u0259r\u0259 F\u0130FA, UEFA v\u0259 yerli federasiya qaydalar\u0131na riay\u0259t olunmas\u0131 il\u0259 ba\u011fl\u0131 m\u0259sl\u0259h\u0259tl\u0259rin verilm\u0259si<\/li>\n<\/ul>\n<p>\u0130st\u0259r g\u0259l\u0259c\u0259yind\u0259n narahat olan bir idman\u00e7\u0131, ist\u0259r\u00a0 h\u00fcquqi i\u015fl\u0259rini idar\u0259 ed\u0259n klub, ist\u0259rs\u0259 d\u0259 brend d\u0259y\u0259rini qoruyan sponsor olsun, <strong>FCHAIN<\/strong> dinamik idman d\u00fcnyas\u0131na uy\u011funla\u015fd\u0131r\u0131lm\u0131\u015f m\u0259qs\u0259dy\u00f6nl\u00fc v\u0259 effektiv h\u00fcquqi h\u0259ll\u0259r t\u0259klif edir.[\/vc_column_text][\/vc_column][\/vc_row]<\/p>\n<\/div>","protected":false},"excerpt":{"rendered":"<p>[vc_row][vc_column][vc_column_text]Financial Chain Corporation (FCHAIN) m\u00fcxt\u0259lif h\u00fcquqi m\u0259s\u0259l\u0259l\u0259r \u00fczr\u0259 idman\u00e7\u0131lar\u0131, idman klublar\u0131n\u0131, agentl\u0259ri, idar\u0259etm\u0259 orqanlar\u0131n\u0131, federasiyalar\u0131 v\u0259 sponsorlar\u0131 t\u0259msil edir v\u0259 idman sah\u0259sind\u0259 ixtisasla\u015fm\u0131\u015f h\u00fcququ xidm\u0259tl\u0259ri t\u0259klif edir. M\u00fcqavil\u0259 dan\u0131\u015f\u0131qlar\u0131ndan v\u0259 normativ t\u0259l\u0259bl\u0259r\u0259 \u00a0uy\u011funluqdan tutmu\u015f vergi m\u0259s\u0259l\u0259l\u0259rin\u0259 v\u0259 m\u00fcbahis\u0259l\u0259rin h\u0259llin\u0259 q\u0259d\u0259r xidm\u0259tl\u0259rimiz h\u0259m \u00f6lk\u0259 daxilind\u0259, h\u0259m d\u0259 beyn\u0259lxalq s\u0259viyy\u0259d\u0259 idman sah\u0259sinin \u00a0unikal ehtiyaclar\u0131na uy\u011funla\u015fd\u0131r\u0131l\u0131b. Biz m\u00fc\u015ft\u0259ril\u0259rimiz\u0259<\/p>\n","protected":false},"author":6,"featured_media":55548,"parent":0,"menu_order":0,"comment_status":"closed","ping_status":"closed","template":"","meta":{"_acf_changed":false,"footnotes":""},"class_list":["post-56059","page","type-page","status-publish","hentry"],"acf":[],"yoast_head":"<!-- This site is optimized with the Yoast SEO plugin v27.3 - https:\/\/yoast.com\/product\/yoast-seo-wordpress\/ -->\n<title>\u0130dman h\u00fcququ - FChain<\/title>\n<meta name=\"robots\" content=\"index, follow, max-snippet:-1, max-image-preview:large, max-video-preview:-1\" \/>\n<link rel=\"canonical\" href=\"https:\/\/az.f-chain.com\/az\/idman-huququ\/\" \/>\n<meta property=\"og:locale\" content=\"az_AZ\" \/>\n<meta property=\"og:type\" content=\"article\" \/>\n<meta property=\"og:title\" content=\"\u0130dman h\u00fcququ - FChain\" \/>\n<meta property=\"og:description\" content=\"[vc_row][vc_column][vc_column_text]Financial Chain Corporation (FCHAIN) m\u00fcxt\u0259lif h\u00fcquqi m\u0259s\u0259l\u0259l\u0259r \u00fczr\u0259 idman\u00e7\u0131lar\u0131, idman klublar\u0131n\u0131, agentl\u0259ri, idar\u0259etm\u0259 orqanlar\u0131n\u0131, federasiyalar\u0131 v\u0259 sponsorlar\u0131 t\u0259msil edir v\u0259 idman sah\u0259sind\u0259 ixtisasla\u015fm\u0131\u015f h\u00fcququ xidm\u0259tl\u0259ri t\u0259klif edir. M\u00fcqavil\u0259 dan\u0131\u015f\u0131qlar\u0131ndan v\u0259 normativ t\u0259l\u0259bl\u0259r\u0259 \u00a0uy\u011funluqdan tutmu\u015f vergi m\u0259s\u0259l\u0259l\u0259rin\u0259 v\u0259 m\u00fcbahis\u0259l\u0259rin h\u0259llin\u0259 q\u0259d\u0259r xidm\u0259tl\u0259rimiz h\u0259m \u00f6lk\u0259 daxilind\u0259, h\u0259m d\u0259 beyn\u0259lxalq s\u0259viyy\u0259d\u0259 idman sah\u0259sinin \u00a0unikal ehtiyaclar\u0131na uy\u011funla\u015fd\u0131r\u0131l\u0131b. Biz m\u00fc\u015ft\u0259ril\u0259rimiz\u0259\" \/>\n<meta property=\"og:url\" content=\"https:\/\/az.f-chain.com\/az\/idman-huququ\/\" \/>\n<meta property=\"og:site_name\" content=\"FChain\" \/>\n<meta property=\"og:image\" content=\"https:\/\/az.f-chain.com\/wp-content\/uploads\/2025\/07\/a-variety-of-sports-equipment-including-an-america-2025-01-09-21-54-59-utc-scaled.jpg\" \/>\n\t<meta property=\"og:image:width\" content=\"2560\" \/>\n\t<meta property=\"og:image:height\" content=\"1707\" \/>\n\t<meta property=\"og:image:type\" content=\"image\/jpeg\" \/>\n<meta name=\"twitter:card\" content=\"summary_large_image\" \/>\n<script type=\"application\/ld+json\" class=\"yoast-schema-graph\">{\"@context\":\"https:\\\/\\\/schema.org\",\"@graph\":[{\"@type\":\"WebPage\",\"@id\":\"https:\\\/\\\/az.f-chain.com\\\/az\\\/idman-huququ\\\/\",\"url\":\"https:\\\/\\\/az.f-chain.com\\\/az\\\/idman-huququ\\\/\",\"name\":\"\u0130dman h\u00fcququ - FChain\",\"isPartOf\":{\"@id\":\"https:\\\/\\\/az.f-chain.com\\\/#website\"},\"primaryImageOfPage\":{\"@id\":\"https:\\\/\\\/az.f-chain.com\\\/az\\\/idman-huququ\\\/#primaryimage\"},\"image\":{\"@id\":\"https:\\\/\\\/az.f-chain.com\\\/az\\\/idman-huququ\\\/#primaryimage\"},\"thumbnailUrl\":\"https:\\\/\\\/az.f-chain.com\\\/wp-content\\\/uploads\\\/2025\\\/07\\\/a-variety-of-sports-equipment-including-an-america-2025-01-09-21-54-59-utc-scaled.jpg\",\"datePublished\":\"2025-10-02T08:18:37+00:00\",\"breadcrumb\":{\"@id\":\"https:\\\/\\\/az.f-chain.com\\\/az\\\/idman-huququ\\\/#breadcrumb\"},\"inLanguage\":\"az\",\"potentialAction\":[{\"@type\":\"ReadAction\",\"target\":[\"https:\\\/\\\/az.f-chain.com\\\/az\\\/idman-huququ\\\/\"]}]},{\"@type\":\"ImageObject\",\"inLanguage\":\"az\",\"@id\":\"https:\\\/\\\/az.f-chain.com\\\/az\\\/idman-huququ\\\/#primaryimage\",\"url\":\"https:\\\/\\\/az.f-chain.com\\\/wp-content\\\/uploads\\\/2025\\\/07\\\/a-variety-of-sports-equipment-including-an-america-2025-01-09-21-54-59-utc-scaled.jpg\",\"contentUrl\":\"https:\\\/\\\/az.f-chain.com\\\/wp-content\\\/uploads\\\/2025\\\/07\\\/a-variety-of-sports-equipment-including-an-america-2025-01-09-21-54-59-utc-scaled.jpg\",\"width\":2560,\"height\":1707,\"caption\":\"A variety of sports equipment including an american football, a soccer ball, a tennis racket, a tennis ball, and a basketball.\"},{\"@type\":\"BreadcrumbList\",\"@id\":\"https:\\\/\\\/az.f-chain.com\\\/az\\\/idman-huququ\\\/#breadcrumb\",\"itemListElement\":[{\"@type\":\"ListItem\",\"position\":1,\"name\":\"Home\",\"item\":\"https:\\\/\\\/az.f-chain.com\\\/az\\\/\"},{\"@type\":\"ListItem\",\"position\":2,\"name\":\"\u0130dman h\u00fcququ\"}]},{\"@type\":\"WebSite\",\"@id\":\"https:\\\/\\\/az.f-chain.com\\\/#website\",\"url\":\"https:\\\/\\\/az.f-chain.com\\\/\",\"name\":\"FChain\",\"description\":\"Azerbaijan\",\"potentialAction\":[{\"@type\":\"SearchAction\",\"target\":{\"@type\":\"EntryPoint\",\"urlTemplate\":\"https:\\\/\\\/az.f-chain.com\\\/?s={search_term_string}\"},\"query-input\":{\"@type\":\"PropertyValueSpecification\",\"valueRequired\":true,\"valueName\":\"search_term_string\"}}],\"inLanguage\":\"az\"}]}<\/script>\n<!-- \/ Yoast SEO plugin. -->","yoast_head_json":{"title":"\u0130dman h\u00fcququ - FChain","robots":{"index":"index","follow":"follow","max-snippet":"max-snippet:-1","max-image-preview":"max-image-preview:large","max-video-preview":"max-video-preview:-1"},"canonical":"https:\/\/az.f-chain.com\/az\/idman-huququ\/","og_locale":"az_AZ","og_type":"article","og_title":"\u0130dman h\u00fcququ - FChain","og_description":"[vc_row][vc_column][vc_column_text]Financial Chain Corporation (FCHAIN) m\u00fcxt\u0259lif h\u00fcquqi m\u0259s\u0259l\u0259l\u0259r \u00fczr\u0259 idman\u00e7\u0131lar\u0131, idman klublar\u0131n\u0131, agentl\u0259ri, idar\u0259etm\u0259 orqanlar\u0131n\u0131, federasiyalar\u0131 v\u0259 sponsorlar\u0131 t\u0259msil edir v\u0259 idman sah\u0259sind\u0259 ixtisasla\u015fm\u0131\u015f h\u00fcququ xidm\u0259tl\u0259ri t\u0259klif edir. M\u00fcqavil\u0259 dan\u0131\u015f\u0131qlar\u0131ndan v\u0259 normativ t\u0259l\u0259bl\u0259r\u0259 \u00a0uy\u011funluqdan tutmu\u015f vergi m\u0259s\u0259l\u0259l\u0259rin\u0259 v\u0259 m\u00fcbahis\u0259l\u0259rin h\u0259llin\u0259 q\u0259d\u0259r xidm\u0259tl\u0259rimiz h\u0259m \u00f6lk\u0259 daxilind\u0259, h\u0259m d\u0259 beyn\u0259lxalq s\u0259viyy\u0259d\u0259 idman sah\u0259sinin \u00a0unikal ehtiyaclar\u0131na uy\u011funla\u015fd\u0131r\u0131l\u0131b. Biz m\u00fc\u015ft\u0259ril\u0259rimiz\u0259","og_url":"https:\/\/az.f-chain.com\/az\/idman-huququ\/","og_site_name":"FChain","og_image":[{"width":2560,"height":1707,"url":"https:\/\/az.f-chain.com\/wp-content\/uploads\/2025\/07\/a-variety-of-sports-equipment-including-an-america-2025-01-09-21-54-59-utc-scaled.jpg","type":"image\/jpeg"}],"twitter_card":"summary_large_image","schema":{"@context":"https:\/\/schema.org","@graph":[{"@type":"WebPage","@id":"https:\/\/az.f-chain.com\/az\/idman-huququ\/","url":"https:\/\/az.f-chain.com\/az\/idman-huququ\/","name":"\u0130dman h\u00fcququ - FChain","isPartOf":{"@id":"https:\/\/az.f-chain.com\/#website"},"primaryImageOfPage":{"@id":"https:\/\/az.f-chain.com\/az\/idman-huququ\/#primaryimage"},"image":{"@id":"https:\/\/az.f-chain.com\/az\/idman-huququ\/#primaryimage"},"thumbnailUrl":"https:\/\/az.f-chain.com\/wp-content\/uploads\/2025\/07\/a-variety-of-sports-equipment-including-an-america-2025-01-09-21-54-59-utc-scaled.jpg","datePublished":"2025-10-02T08:18:37+00:00","breadcrumb":{"@id":"https:\/\/az.f-chain.com\/az\/idman-huququ\/#breadcrumb"},"inLanguage":"az","potentialAction":[{"@type":"ReadAction","target":["https:\/\/az.f-chain.com\/az\/idman-huququ\/"]}]},{"@type":"ImageObject","inLanguage":"az","@id":"https:\/\/az.f-chain.com\/az\/idman-huququ\/#primaryimage","url":"https:\/\/az.f-chain.com\/wp-content\/uploads\/2025\/07\/a-variety-of-sports-equipment-including-an-america-2025-01-09-21-54-59-utc-scaled.jpg","contentUrl":"https:\/\/az.f-chain.com\/wp-content\/uploads\/2025\/07\/a-variety-of-sports-equipment-including-an-america-2025-01-09-21-54-59-utc-scaled.jpg","width":2560,"height":1707,"caption":"A variety of sports equipment including an american football, a soccer ball, a tennis racket, a tennis ball, and a basketball."},{"@type":"BreadcrumbList","@id":"https:\/\/az.f-chain.com\/az\/idman-huququ\/#breadcrumb","itemListElement":[{"@type":"ListItem","position":1,"name":"Home","item":"https:\/\/az.f-chain.com\/az\/"},{"@type":"ListItem","position":2,"name":"\u0130dman h\u00fcququ"}]},{"@type":"WebSite","@id":"https:\/\/az.f-chain.com\/#website","url":"https:\/\/az.f-chain.com\/","name":"FChain","description":"Azerbaijan","potentialAction":[{"@type":"SearchAction","target":{"@type":"EntryPoint","urlTemplate":"https:\/\/az.f-chain.com\/?s={search_term_string}"},"query-input":{"@type":"PropertyValueSpecification","valueRequired":true,"valueName":"search_term_string"}}],"inLanguage":"az"}]}},"_links":{"self":[{"href":"https:\/\/az.f-chain.com\/az\/wp-json\/wp\/v2\/pages\/56059","targetHints":{"allow":["GET"]}}],"collection":[{"href":"https:\/\/az.f-chain.com\/az\/wp-json\/wp\/v2\/pages"}],"about":[{"href":"https:\/\/az.f-chain.com\/az\/wp-json\/wp\/v2\/types\/page"}],"author":[{"embeddable":true,"href":"https:\/\/az.f-chain.com\/az\/wp-json\/wp\/v2\/users\/6"}],"replies":[{"embeddable":true,"href":"https:\/\/az.f-chain.com\/az\/wp-json\/wp\/v2\/comments?post=56059"}],"version-history":[{"count":1,"href":"https:\/\/az.f-chain.com\/az\/wp-json\/wp\/v2\/pages\/56059\/revisions"}],"predecessor-version":[{"id":56060,"href":"https:\/\/az.f-chain.com\/az\/wp-json\/wp\/v2\/pages\/56059\/revisions\/56060"}],"wp:featuredmedia":[{"embeddable":true,"href":"https:\/\/az.f-chain.com\/az\/wp-json\/wp\/v2\/media\/55548"}],"wp:attachment":[{"href":"https:\/\/az.f-chain.com\/az\/wp-json\/wp\/v2\/media?parent=56059"}],"curies":[{"name":"wp","href":"https:\/\/api.w.org\/{rel}","templated":true}]}}