{"id":56057,"date":"2025-10-02T10:17:35","date_gmt":"2025-10-02T07:17:35","guid":{"rendered":"https:\/\/az.f-chain.com\/?page_id=56057"},"modified":"2025-10-02T10:17:35","modified_gmt":"2025-10-02T07:17:35","slug":"d%c9%99niz-huququ","status":"publish","type":"page","link":"https:\/\/az.f-chain.com\/az\/d%c9%99niz-huququ\/","title":{"rendered":"D\u0259niz h\u00fcququ"},"content":{"rendered":"<div class=\"wpb-content-wrapper\"><p>[vc_row][vc_column][vc_column_text]<strong>Financial Chain Corporation (FCHAIN)<\/strong> d\u0259niz ticar\u0259ti, g\u0259mi\u00e7ilik, logistika v\u0259 d\u0259niz \u0259m\u0259liyyatlar\u0131 il\u0259 m\u0259\u015f\u011ful olan m\u00fc\u015ft\u0259ril\u0259r\u0259 strateji d\u0259st\u0259k t\u0259klif ed\u0259r\u0259k m\u00fct\u0259x\u0259ssis <strong>d\u0259niz h\u00fcquqi<\/strong> m\u0259sl\u0259h\u0259tl\u0259ri verir. Xidm\u0259tl\u0259rimiz d\u0259niz ticar\u0259ti f\u0259aliyy\u0259tinin qanuni t\u0259l\u0259bl\u0259rin\u0259 tam uy\u011funlu\u011fu t\u0259min etm\u0259kl\u0259 h\u0259m <strong>yerli d\u0259niz qaydalar\u0131<\/strong>, h\u0259m d\u0259 <strong>beyn\u0259lxalq d\u0259niz konvensiyalar\u0131n\u0131<\/strong> \u0259hat\u0259 edir.<\/p>\n<p>Biz g\u0259mi\u00e7ilik \u015firk\u0259tl\u0259rin\u0259, logistika xidm\u0259tl\u0259ri \u015firk\u0259tl\u0259rin\u0259, idxal\/ixrac \u015firk\u0259tl\u0259rin\u0259, s\u0131\u011forta\u00e7\u0131lara v\u0259 liman operatorlar\u0131na y\u00fckda\u015f\u0131ma m\u00fcqavil\u0259l\u0259ri v\u0259 \u00e7arter sazi\u015fl\u0259rind\u0259n tutmu\u015f normativl\u0259r\u0259 uy\u011funluq v\u0259 ekoloji m\u0259suliyy\u0259t\u0259 q\u0259d\u0259r geni\u015f spektrli m\u0259s\u0259l\u0259l\u0259r \u00fczr\u0259 m\u0259sl\u0259h\u0259tl\u0259r veririk.[\/vc_column_text][\/vc_column][\/vc_row][vc_row equal_height=&#8221;yes&#8221; content_placement=&#8221;middle&#8221; css_animation=&#8221;bounceInLeft&#8221;][vc_column width=&#8221;1\/2&#8243;][vc_column_text]<strong>Y\u00fckl\u0259rin v\u0259 mallar\u0131n da\u015f\u0131nmas\u0131 &#8211; h\u00fcquqi m\u0259sl\u0259h\u0259t v\u0259 normativ t\u0259l\u0259bl\u0259r\u0259 riay\u0259t olunmas\u0131<\/strong><\/p>\n<p>Biz h\u0259m <strong>Az\u0259rbaycan D\u0259niz Qaydalar\u0131na<\/strong>, h\u0259m d\u0259 <strong>Haaqa-Visbi Qaydalar\u0131<\/strong> v\u0259 Birl\u0259\u015fmi\u015f Mill\u0259tl\u0259r T\u0259\u015fkilat\u0131n\u0131n D\u0259niz H\u00fcququ \u00fczr\u0259 Konvensiyas\u0131na (UNCLOS) kimi <strong>beyn\u0259lxalq konvensiyalar\u0131n<\/strong> t\u0259l\u0259bl\u0259rin\u0259 riay\u0259t olunmas\u0131n\u0131 t\u0259min etm\u0259kl\u0259 y\u00fckl\u0259rin d\u0259niz yolu il\u0259 da\u015f\u0131nmas\u0131 \u00fczr\u0259 h\u00fcquqi m\u0259sl\u0259h\u0259tl\u0259r veririk. Xidm\u0259tl\u0259r\u0259 a\u015fa\u011f\u0131dak\u0131lar daxildir:<\/p>\n<ul>\n<li>Konosament v\u0259 n\u0259qliyyat m\u00fcqavil\u0259l\u0259rinin haz\u0131rlanmas\u0131 v\u0259 n\u0259z\u0259rd\u0259n ke\u00e7irilm\u0259si<\/li>\n<li>Y\u00fck, z\u0259r\u0259r v\u0259 iddialar \u00fc\u00e7\u00fcn m\u0259suliyy\u0259t\u0259 dair m\u0259sl\u0259h\u0259t<\/li>\n<li>Y\u00fckda\u015f\u0131ma il\u0259 ba\u011fl\u0131 m\u00fcbahis\u0259l\u0259rd\u0259 v\u0259 d\u0259niz m\u0259hk\u0259m\u0259 \u00e7\u0259ki\u015fm\u0259l\u0259rind\u0259 h\u00fcquqi m\u00fcdafi\u0259nin t\u0259min edilm\u0259si<\/li>\n<\/ul>\n<p><strong>Az\u0259rbaycan D\u00f6vl\u0259t D\u0259niz Agentliyinin (indiki D\u00f6vl\u0259t D\u0259niz v\u0259 Liman Agentliyi) normativ t\u0259l\u0259bl\u0259rin\u0259 uy\u011funluq<\/strong><\/p>\n<p>Biz m\u00fc\u015ft\u0259ril\u0259r\u0259 <strong>D\u00f6vl\u0259t D\u0259niz Agentliyi<\/strong> qar\u015f\u0131s\u0131nda \u00f6hd\u0259likl\u0259rini yerin\u0259 yetirm\u0259kd\u0259 k\u00f6m\u0259k edirik, o c\u00fcml\u0259d\u0259n:<\/p>\n<ul>\n<li>G\u0259minin qeydiyyat\u0131 v\u0259 bayraqlanmas\u0131na dair t\u0259l\u0259bl\u0259r<\/li>\n<li>Lisenziyala\u015fd\u0131rma v\u0259 \u0259m\u0259liyyat sertifikatlar\u0131<\/li>\n<li>T\u0259hl\u00fck\u0259sizlik standartlar\u0131 v\u0259 yoxlama protokollar\u0131<\/li>\n<li>Yurisdiksiya daxilind\u0259 d\u0259niz \u0259m\u0259liyyatlar\u0131 \u00fc\u00e7\u00fcn inzibati proseduralar<\/li>\n<\/ul>\n<p>[\/vc_column_text][\/vc_column][vc_column width=&#8221;1\/2&#8243;][vc_single_image image=&#8221;55514&#8243; img_size=&#8221;full&#8221;][\/vc_column][\/vc_row][vc_row equal_height=&#8221;yes&#8221; content_placement=&#8221;middle&#8221; css_animation=&#8221;bounceInRight&#8221;][vc_column width=&#8221;1\/2&#8243;][vc_single_image image=&#8221;55517&#8243; img_size=&#8221;full&#8221;][\/vc_column][vc_column width=&#8221;1\/2&#8243;][vc_column_text]<strong>\u00c7arter m\u00fcqavil\u0259l\u0259ri, s\u0131\u011forta v\u0259 d\u0259niz biznesi m\u00fcqavil\u0259l\u0259ri<\/strong><\/p>\n<p>Komandam\u0131z d\u0259niz da\u015f\u0131malar\u0131 \u00fc\u00e7\u00fcn t\u0259l\u0259b olunan geni\u015f \u00e7e\u015fidli <strong>kommersiya m\u00fcqavil\u0259l\u0259rini<\/strong> haz\u0131rlay\u0131r, n\u0259z\u0259rd\u0259n ke\u00e7irir v\u0259 dan\u0131\u015f\u0131qlar apar\u0131r:<\/p>\n<ul>\n<li><strong> \u00c7arter m\u00fcqavil\u0259l\u0259ri (reys \u00e7arteri, taym-\u00e7arter v\u0259 berbout-\u00e7arter) <\/strong><\/li>\n<li><strong> D\u0259niz s\u0131\u011fortas\u0131 polisl\u0259ri<\/strong><\/li>\n<li><strong> G\u0259miqay\u0131rma, texniki xidm\u0259t v\u0259 liman xidm\u0259ti m\u00fcqavil\u0259l\u0259ri<\/strong><\/li>\n<\/ul>\n<p>Biz t\u0259min edirik ki, h\u0259r bir m\u00fcqavil\u0259 sizin x\u00fcsusi biznes modelinizi n\u0259z\u0259r\u0259 alaraq t\u0259rtib edil\u0259c\u0259k, v\u0259 h\u0259m yerli, h\u0259m d\u0259 beyn\u0259lxalq yurisdiksiyalarda h\u00fcquqi q\u00fcvv\u0259y\u0259 malik olacaq.<\/p>\n<p><strong>D\u0259niz y\u00fckda\u015f\u0131malar\u0131 il\u0259 \u0259laq\u0259dar ekoloji probleml\u0259r<\/strong><\/p>\n<p>D\u0259niz f\u0259aliyy\u0259ti getdikc\u0259 daha s\u0259rt ekoloji qaydalara tabedir. A\u015fa\u011f\u0131dak\u0131 sah\u0259l\u0259rd\u0259 h\u00fcquqi yard\u0131m g\u00f6st\u0259ririk:<\/p>\n<ul>\n<li>\u018ftraf m\u00fchitin \u00e7irkl\u0259nm\u0259sin\u0259 n\u0259zar\u0259t \u00fczr\u0259 t\u0259l\u0259bl\u0259r\u0259 riay\u0259t olunmas\u0131 v\u0259 m\u0259suliyy\u0259td\u0259n m\u00fchafiz\u0259<\/li>\n<li>\u018ftraf m\u00fchit\u0259 d\u0259y\u0259n z\u0259r\u0259rl\u0259 ba\u011fl\u0131 m\u00fcbahis\u0259l\u0259rinin h\u0259lli<\/li>\n<li>D\u0259niz ekoloji m\u00fcqavil\u0259l\u0259rin\u0259 v\u0259 milli qanunlara riay\u0259t olunmas\u0131<\/li>\n<li>\u018ftraf m\u00fchit\u0259 uy\u011funlu\u011fu t\u0259min etm\u0259k \u00fc\u00e7\u00fcn qabaqlay\u0131c\u0131 v\u0259 d\u00fcz\u0259ldici t\u0259dbirl\u0259r\u0259 dair m\u0259sl\u0259h\u0259tl\u0259rin verilm\u0259si<\/li>\n<\/ul>\n<p>[\/vc_column_text][\/vc_column][\/vc_row][vc_row css_animation=&#8221;bounceInDown&#8221;][vc_column][vc_column_text]D\u0259niz h\u00fcquqi sular\u0131nda \u0259m\u0259liyyatlar\u0131n apar\u0131lmas\u0131 \u00fc\u00e7\u00fcn d\u0259qiqlik, uzaqg\u00f6r\u0259nlik v\u0259 normativ h\u00fcquqi t\u0259nziml\u0259m\u0259 sah\u0259sind\u0259 t\u0259cr\u00fcb\u0259 t\u0259l\u0259b edir. <strong>FCHAIN<\/strong> h\u0259m quruda, h\u0259m d\u0259 d\u0259nizd\u0259 \u0259m\u0259liyyatlar\u0131n\u0131z\u0131n t\u0259l\u0259bl\u0259r\u0259 uy\u011funlu\u011funu, s\u0259m\u0259r\u0259liliyini v\u0259 m\u00fchafiz\u0259sini t\u0259min etm\u0259k \u00fc\u00e7\u00fcn h\u0259rt\u0259r\u0259fli h\u00fcquqi xidm\u0259tl\u0259r t\u0259qdim edir.[\/vc_column_text][\/vc_column][\/vc_row]<\/p>\n<\/div>","protected":false},"excerpt":{"rendered":"<p>[vc_row][vc_column][vc_column_text]Financial Chain Corporation (FCHAIN) d\u0259niz ticar\u0259ti, g\u0259mi\u00e7ilik, logistika v\u0259 d\u0259niz \u0259m\u0259liyyatlar\u0131 il\u0259 m\u0259\u015f\u011ful olan m\u00fc\u015ft\u0259ril\u0259r\u0259 strateji d\u0259st\u0259k t\u0259klif ed\u0259r\u0259k m\u00fct\u0259x\u0259ssis d\u0259niz h\u00fcquqi m\u0259sl\u0259h\u0259tl\u0259ri verir. Xidm\u0259tl\u0259rimiz d\u0259niz ticar\u0259ti f\u0259aliyy\u0259tinin qanuni t\u0259l\u0259bl\u0259rin\u0259 tam uy\u011funlu\u011fu t\u0259min etm\u0259kl\u0259 h\u0259m yerli d\u0259niz qaydalar\u0131, h\u0259m d\u0259 beyn\u0259lxalq d\u0259niz konvensiyalar\u0131n\u0131 \u0259hat\u0259 edir. Biz g\u0259mi\u00e7ilik \u015firk\u0259tl\u0259rin\u0259, logistika xidm\u0259tl\u0259ri \u015firk\u0259tl\u0259rin\u0259, idxal\/ixrac \u015firk\u0259tl\u0259rin\u0259, s\u0131\u011forta\u00e7\u0131lara v\u0259<\/p>\n","protected":false},"author":6,"featured_media":55515,"parent":0,"menu_order":0,"comment_status":"closed","ping_status":"closed","template":"","meta":{"_acf_changed":false,"footnotes":""},"class_list":["post-56057","page","type-page","status-publish","hentry"],"acf":[],"yoast_head":"<!-- This site is optimized with the Yoast SEO plugin v27.3 - https:\/\/yoast.com\/product\/yoast-seo-wordpress\/ -->\n<title>D\u0259niz h\u00fcququ - FChain<\/title>\n<meta name=\"robots\" content=\"index, follow, max-snippet:-1, max-image-preview:large, max-video-preview:-1\" \/>\n<link rel=\"canonical\" href=\"https:\/\/az.f-chain.com\/az\/d\u0259niz-huququ\/\" \/>\n<meta property=\"og:locale\" content=\"az_AZ\" \/>\n<meta property=\"og:type\" content=\"article\" \/>\n<meta property=\"og:title\" content=\"D\u0259niz h\u00fcququ - FChain\" \/>\n<meta property=\"og:description\" content=\"[vc_row][vc_column][vc_column_text]Financial Chain Corporation (FCHAIN) d\u0259niz ticar\u0259ti, g\u0259mi\u00e7ilik, logistika v\u0259 d\u0259niz \u0259m\u0259liyyatlar\u0131 il\u0259 m\u0259\u015f\u011ful olan m\u00fc\u015ft\u0259ril\u0259r\u0259 strateji d\u0259st\u0259k t\u0259klif ed\u0259r\u0259k m\u00fct\u0259x\u0259ssis d\u0259niz h\u00fcquqi m\u0259sl\u0259h\u0259tl\u0259ri verir. Xidm\u0259tl\u0259rimiz d\u0259niz ticar\u0259ti f\u0259aliyy\u0259tinin qanuni t\u0259l\u0259bl\u0259rin\u0259 tam uy\u011funlu\u011fu t\u0259min etm\u0259kl\u0259 h\u0259m yerli d\u0259niz qaydalar\u0131, h\u0259m d\u0259 beyn\u0259lxalq d\u0259niz konvensiyalar\u0131n\u0131 \u0259hat\u0259 edir. Biz g\u0259mi\u00e7ilik \u015firk\u0259tl\u0259rin\u0259, logistika xidm\u0259tl\u0259ri \u015firk\u0259tl\u0259rin\u0259, idxal\/ixrac \u015firk\u0259tl\u0259rin\u0259, s\u0131\u011forta\u00e7\u0131lara v\u0259\" \/>\n<meta property=\"og:url\" content=\"https:\/\/az.f-chain.com\/az\/d\u0259niz-huququ\/\" \/>\n<meta property=\"og:site_name\" content=\"FChain\" \/>\n<meta property=\"og:image\" content=\"https:\/\/az.f-chain.com\/wp-content\/uploads\/2025\/07\/marine-navigational-officer-during-navigational-wa-2025-02-13-20-10-17-utc-scaled.jpg\" \/>\n\t<meta property=\"og:image:width\" content=\"2560\" \/>\n\t<meta property=\"og:image:height\" content=\"1778\" \/>\n\t<meta property=\"og:image:type\" content=\"image\/jpeg\" \/>\n<meta name=\"twitter:card\" content=\"summary_large_image\" \/>\n<script type=\"application\/ld+json\" class=\"yoast-schema-graph\">{\"@context\":\"https:\\\/\\\/schema.org\",\"@graph\":[{\"@type\":\"WebPage\",\"@id\":\"https:\\\/\\\/az.f-chain.com\\\/az\\\/d%c9%99niz-huququ\\\/\",\"url\":\"https:\\\/\\\/az.f-chain.com\\\/az\\\/d%c9%99niz-huququ\\\/\",\"name\":\"D\u0259niz h\u00fcququ - FChain\",\"isPartOf\":{\"@id\":\"https:\\\/\\\/az.f-chain.com\\\/#website\"},\"primaryImageOfPage\":{\"@id\":\"https:\\\/\\\/az.f-chain.com\\\/az\\\/d%c9%99niz-huququ\\\/#primaryimage\"},\"image\":{\"@id\":\"https:\\\/\\\/az.f-chain.com\\\/az\\\/d%c9%99niz-huququ\\\/#primaryimage\"},\"thumbnailUrl\":\"https:\\\/\\\/az.f-chain.com\\\/wp-content\\\/uploads\\\/2025\\\/07\\\/marine-navigational-officer-during-navigational-wa-2025-02-13-20-10-17-utc-scaled.jpg\",\"datePublished\":\"2025-10-02T07:17:35+00:00\",\"breadcrumb\":{\"@id\":\"https:\\\/\\\/az.f-chain.com\\\/az\\\/d%c9%99niz-huququ\\\/#breadcrumb\"},\"inLanguage\":\"az\",\"potentialAction\":[{\"@type\":\"ReadAction\",\"target\":[\"https:\\\/\\\/az.f-chain.com\\\/az\\\/d%c9%99niz-huququ\\\/\"]}]},{\"@type\":\"ImageObject\",\"inLanguage\":\"az\",\"@id\":\"https:\\\/\\\/az.f-chain.com\\\/az\\\/d%c9%99niz-huququ\\\/#primaryimage\",\"url\":\"https:\\\/\\\/az.f-chain.com\\\/wp-content\\\/uploads\\\/2025\\\/07\\\/marine-navigational-officer-during-navigational-wa-2025-02-13-20-10-17-utc-scaled.jpg\",\"contentUrl\":\"https:\\\/\\\/az.f-chain.com\\\/wp-content\\\/uploads\\\/2025\\\/07\\\/marine-navigational-officer-during-navigational-wa-2025-02-13-20-10-17-utc-scaled.jpg\",\"width\":2560,\"height\":1778,\"caption\":\"Marine navigational officer during navigational watch on Bridge . Work at sea\"},{\"@type\":\"BreadcrumbList\",\"@id\":\"https:\\\/\\\/az.f-chain.com\\\/az\\\/d%c9%99niz-huququ\\\/#breadcrumb\",\"itemListElement\":[{\"@type\":\"ListItem\",\"position\":1,\"name\":\"Home\",\"item\":\"https:\\\/\\\/az.f-chain.com\\\/az\\\/\"},{\"@type\":\"ListItem\",\"position\":2,\"name\":\"D\u0259niz h\u00fcququ\"}]},{\"@type\":\"WebSite\",\"@id\":\"https:\\\/\\\/az.f-chain.com\\\/#website\",\"url\":\"https:\\\/\\\/az.f-chain.com\\\/\",\"name\":\"FChain\",\"description\":\"Azerbaijan\",\"potentialAction\":[{\"@type\":\"SearchAction\",\"target\":{\"@type\":\"EntryPoint\",\"urlTemplate\":\"https:\\\/\\\/az.f-chain.com\\\/?s={search_term_string}\"},\"query-input\":{\"@type\":\"PropertyValueSpecification\",\"valueRequired\":true,\"valueName\":\"search_term_string\"}}],\"inLanguage\":\"az\"}]}<\/script>\n<!-- \/ Yoast SEO plugin. -->","yoast_head_json":{"title":"D\u0259niz h\u00fcququ - FChain","robots":{"index":"index","follow":"follow","max-snippet":"max-snippet:-1","max-image-preview":"max-image-preview:large","max-video-preview":"max-video-preview:-1"},"canonical":"https:\/\/az.f-chain.com\/az\/d\u0259niz-huququ\/","og_locale":"az_AZ","og_type":"article","og_title":"D\u0259niz h\u00fcququ - FChain","og_description":"[vc_row][vc_column][vc_column_text]Financial Chain Corporation (FCHAIN) d\u0259niz ticar\u0259ti, g\u0259mi\u00e7ilik, logistika v\u0259 d\u0259niz \u0259m\u0259liyyatlar\u0131 il\u0259 m\u0259\u015f\u011ful olan m\u00fc\u015ft\u0259ril\u0259r\u0259 strateji d\u0259st\u0259k t\u0259klif ed\u0259r\u0259k m\u00fct\u0259x\u0259ssis d\u0259niz h\u00fcquqi m\u0259sl\u0259h\u0259tl\u0259ri verir. Xidm\u0259tl\u0259rimiz d\u0259niz ticar\u0259ti f\u0259aliyy\u0259tinin qanuni t\u0259l\u0259bl\u0259rin\u0259 tam uy\u011funlu\u011fu t\u0259min etm\u0259kl\u0259 h\u0259m yerli d\u0259niz qaydalar\u0131, h\u0259m d\u0259 beyn\u0259lxalq d\u0259niz konvensiyalar\u0131n\u0131 \u0259hat\u0259 edir. Biz g\u0259mi\u00e7ilik \u015firk\u0259tl\u0259rin\u0259, logistika xidm\u0259tl\u0259ri \u015firk\u0259tl\u0259rin\u0259, idxal\/ixrac \u015firk\u0259tl\u0259rin\u0259, s\u0131\u011forta\u00e7\u0131lara v\u0259","og_url":"https:\/\/az.f-chain.com\/az\/d\u0259niz-huququ\/","og_site_name":"FChain","og_image":[{"width":2560,"height":1778,"url":"https:\/\/az.f-chain.com\/wp-content\/uploads\/2025\/07\/marine-navigational-officer-during-navigational-wa-2025-02-13-20-10-17-utc-scaled.jpg","type":"image\/jpeg"}],"twitter_card":"summary_large_image","schema":{"@context":"https:\/\/schema.org","@graph":[{"@type":"WebPage","@id":"https:\/\/az.f-chain.com\/az\/d%c9%99niz-huququ\/","url":"https:\/\/az.f-chain.com\/az\/d%c9%99niz-huququ\/","name":"D\u0259niz h\u00fcququ - FChain","isPartOf":{"@id":"https:\/\/az.f-chain.com\/#website"},"primaryImageOfPage":{"@id":"https:\/\/az.f-chain.com\/az\/d%c9%99niz-huququ\/#primaryimage"},"image":{"@id":"https:\/\/az.f-chain.com\/az\/d%c9%99niz-huququ\/#primaryimage"},"thumbnailUrl":"https:\/\/az.f-chain.com\/wp-content\/uploads\/2025\/07\/marine-navigational-officer-during-navigational-wa-2025-02-13-20-10-17-utc-scaled.jpg","datePublished":"2025-10-02T07:17:35+00:00","breadcrumb":{"@id":"https:\/\/az.f-chain.com\/az\/d%c9%99niz-huququ\/#breadcrumb"},"inLanguage":"az","potentialAction":[{"@type":"ReadAction","target":["https:\/\/az.f-chain.com\/az\/d%c9%99niz-huququ\/"]}]},{"@type":"ImageObject","inLanguage":"az","@id":"https:\/\/az.f-chain.com\/az\/d%c9%99niz-huququ\/#primaryimage","url":"https:\/\/az.f-chain.com\/wp-content\/uploads\/2025\/07\/marine-navigational-officer-during-navigational-wa-2025-02-13-20-10-17-utc-scaled.jpg","contentUrl":"https:\/\/az.f-chain.com\/wp-content\/uploads\/2025\/07\/marine-navigational-officer-during-navigational-wa-2025-02-13-20-10-17-utc-scaled.jpg","width":2560,"height":1778,"caption":"Marine navigational officer during navigational watch on Bridge . Work at sea"},{"@type":"BreadcrumbList","@id":"https:\/\/az.f-chain.com\/az\/d%c9%99niz-huququ\/#breadcrumb","itemListElement":[{"@type":"ListItem","position":1,"name":"Home","item":"https:\/\/az.f-chain.com\/az\/"},{"@type":"ListItem","position":2,"name":"D\u0259niz h\u00fcququ"}]},{"@type":"WebSite","@id":"https:\/\/az.f-chain.com\/#website","url":"https:\/\/az.f-chain.com\/","name":"FChain","description":"Azerbaijan","potentialAction":[{"@type":"SearchAction","target":{"@type":"EntryPoint","urlTemplate":"https:\/\/az.f-chain.com\/?s={search_term_string}"},"query-input":{"@type":"PropertyValueSpecification","valueRequired":true,"valueName":"search_term_string"}}],"inLanguage":"az"}]}},"_links":{"self":[{"href":"https:\/\/az.f-chain.com\/az\/wp-json\/wp\/v2\/pages\/56057","targetHints":{"allow":["GET"]}}],"collection":[{"href":"https:\/\/az.f-chain.com\/az\/wp-json\/wp\/v2\/pages"}],"about":[{"href":"https:\/\/az.f-chain.com\/az\/wp-json\/wp\/v2\/types\/page"}],"author":[{"embeddable":true,"href":"https:\/\/az.f-chain.com\/az\/wp-json\/wp\/v2\/users\/6"}],"replies":[{"embeddable":true,"href":"https:\/\/az.f-chain.com\/az\/wp-json\/wp\/v2\/comments?post=56057"}],"version-history":[{"count":1,"href":"https:\/\/az.f-chain.com\/az\/wp-json\/wp\/v2\/pages\/56057\/revisions"}],"predecessor-version":[{"id":56058,"href":"https:\/\/az.f-chain.com\/az\/wp-json\/wp\/v2\/pages\/56057\/revisions\/56058"}],"wp:featuredmedia":[{"embeddable":true,"href":"https:\/\/az.f-chain.com\/az\/wp-json\/wp\/v2\/media\/55515"}],"wp:attachment":[{"href":"https:\/\/az.f-chain.com\/az\/wp-json\/wp\/v2\/media?parent=56057"}],"curies":[{"name":"wp","href":"https:\/\/api.w.org\/{rel}","templated":true}]}}