{"id":56054,"date":"2025-10-01T16:12:25","date_gmt":"2025-10-01T13:12:25","guid":{"rendered":"https:\/\/az.f-chain.com\/?page_id=56054"},"modified":"2025-10-01T16:12:25","modified_gmt":"2025-10-01T13:12:25","slug":"dasinmaz-emlak-huququ","status":"publish","type":"page","link":"https:\/\/az.f-chain.com\/az\/dasinmaz-emlak-huququ\/","title":{"rendered":"Da\u015f\u0131nmaz \u018fmlak H\u00fcququ"},"content":{"rendered":"<div class=\"wpb-content-wrapper\"><p>[vc_row][vc_column][vc_column_text]<strong>Financial Chain Corporation (FCHAIN)<\/strong> <strong>da\u015f\u0131nmaz \u0259mlak h\u00fcququ<\/strong> sah\u0259sind\u0259 h\u0259rt\u0259r\u0259fli h\u00fcquqi xidm\u0259tl\u0259r t\u0259klif edir, fiziki \u015f\u0259xsl\u0259r\u0259, investorlara, developerl\u0259r\u0259 v\u0259 \u015firk\u0259tl\u0259r\u0259 Az\u0259rbaycanda da\u015f\u0131nmaz \u0259mlak v\u0259 torpaq \u0259m\u0259liyyatlar\u0131n\u0131n h\u00fcquqi inc\u0259likl\u0259rini idar\u0259 etm\u0259y\u0259 k\u00f6m\u0259k edir. \u018fmlak alma\u011f\u0131n\u0131zdan, onu icar\u0259y\u0259 g\u00f6t\u00fcrm\u0259yinizd\u0259n v\u0259 ya m\u00fcbahis\u0259ni h\u0259ll etm\u0259yinizd\u0259n as\u0131l\u0131 olmayaraq, h\u00fcquq komandam\u0131z h\u00fcquqlar\u0131n\u0131z\u0131n qorunmas\u0131n\u0131, s\u0259n\u0259dl\u0259rin d\u00fczg\u00fcn apar\u0131lmas\u0131n\u0131 v\u0259 \u0259m\u0259liyyatlar\u0131n qanuni olaraq t\u0259hl\u00fck\u0259siz olmas\u0131n\u0131 t\u0259min ed\u0259c\u0259k.<\/p>\n<p>Biz h\u0259m yerli, h\u0259m d\u0259 beyn\u0259lxalq m\u00fc\u015ft\u0259ril\u0259r\u0259 da\u015f\u0131nmaz \u0259mlak\u0131n h\u0259yat d\u00f6vr\u00fcn\u00fcn h\u0259r m\u0259rh\u0259l\u0259sind\u0259 yard\u0131m edirik \u2013 h\u0259rt\u0259r\u0259fli yoxlama v\u0259 m\u00fcqavil\u0259nin t\u0259rtib edilm\u0259sind\u0259n tutmu\u015f qeydiyyat v\u0259 m\u00fcbahis\u0259l\u0259rin h\u0259llin\u0259 q\u0259d\u0259r.[\/vc_column_text][\/vc_column][\/vc_row][vc_row equal_height=&#8221;yes&#8221; content_placement=&#8221;middle&#8221; css_animation=&#8221;bounceInLeft&#8221;][vc_column width=&#8221;1\/2&#8243;][vc_column_text]<strong>\u018fmlak \u0259m\u0259liyyatlar\u0131 \u00fczr\u0259 yerli sakinl\u0259r\u0259 v\u0259 \u0259cn\u0259bil\u0259r\u0259 m\u0259sl\u0259h\u0259tl\u0259rin verilm\u0259si<\/strong><\/p>\n<p>Biz <strong>da\u015f\u0131nmaz \u0259mlak\u0131n alq\u0131-satq\u0131s\u0131<\/strong> il\u0259 m\u0259\u015f\u011ful olan az\u0259rbaycanl\u0131 v\u0259 xarici\u00a0\u00a0 m\u00fc\u015ft\u0259ril\u0259r\u0259 a\u015fa\u011f\u0131dak\u0131lar\u0131 t\u0259min etm\u0259kl\u0259 uy\u011funla\u015fd\u0131r\u0131lm\u0131\u015f h\u00fcquqi m\u0259sl\u0259h\u0259tl\u0259r veririk:<\/p>\n<ul>\n<li>M\u00fclkiyy\u0259t v\u0259 xarici m\u00fclkiyy\u0259t qanunlar\u0131na tam riay\u0259t olunmas\u0131<\/li>\n<li>M\u00fclkiyy\u0259t h\u00fcququ, y\u00fckl\u00fcl\u00fck v\u0259 torpaqdan istifad\u0259 m\u0259hdudiyy\u0259tl\u0259rinin yoxlanmas\u0131<\/li>\n<li>T\u0259hl\u00fck\u0259siz v\u0259 h\u00fcquqi q\u0259ralarla d\u0259st\u0259kl\u0259n\u0259n da\u015f\u0131nmaz \u0259mlak \u0259m\u0259liyyatlar\u0131n\u0131n strukturla\u015fd\u0131r\u0131lmas\u0131 v\u0259 n\u0259zar\u0259ti<\/li>\n<\/ul>\n<p><strong>Da\u015f\u0131nmaz \u0259mlak s\u0259n\u0259dl\u0259rinin t\u0259nziml\u0259nm\u0259si v\u0259 yoxlan\u0131lmas\u0131 <\/strong><\/p>\n<p>Biz m\u00fc\u015ft\u0259ril\u0259r\u0259 da\u015f\u0131nmaz \u0259mlak s\u0259n\u0259dl\u0259rini t\u0259\u015fkil etm\u0259k, n\u0259z\u0259rd\u0259n ke\u00e7irm\u0259k v\u0259 yoxlamaqda k\u00f6m\u0259k edir v\u0259 z\u0259man\u0259t veririk, ki:<\/p>\n<ul>\n<li>B\u00fct\u00fcn qanuni t\u0259l\u0259bl\u0259r\u0259 riay\u0259t olunacaq<\/li>\n<li>M\u00fclkiyy\u0259t h\u00fcquqlar\u0131, icaz\u0259l\u0259r v\u0259 rayonla\u015fd\u0131rma s\u0259n\u0259dl\u0259ri qaydas\u0131ndad\u0131r<\/li>\n<li>Potensial riskl\u0259r \u0259m\u0259liyyat ba\u015fa \u00e7atmazdan \u0259vv\u0259l m\u00fc\u0259yy\u0259n edilir v\u0259 azald\u0131l\u0131r<\/li>\n<\/ul>\n<p>[\/vc_column_text][\/vc_column][vc_column width=&#8221;1\/2&#8243;][vc_single_image image=&#8221;55481&#8243; img_size=&#8221;full&#8221;][\/vc_column][\/vc_row][vc_row equal_height=&#8221;yes&#8221; content_placement=&#8221;middle&#8221; css_animation=&#8221;bounceInRight&#8221;][vc_column width=&#8221;1\/2&#8243;][vc_single_image image=&#8221;55484&#8243; img_size=&#8221;full&#8221;][\/vc_column][vc_column width=&#8221;1\/2&#8243;][vc_column_text]<strong>H\u00fcquqi s\u0259n\u0259dl\u0259rin haz\u0131rlanmas\u0131, n\u0259z\u0259rd\u0259n ke\u00e7irilm\u0259si v\u0259 dan\u0131\u015f\u0131qlar\u0131n apar\u0131lmas\u0131<\/strong><\/p>\n<p>H\u00fcquq komandam\u0131z da\u015f\u0131nmaz \u0259mlakla ba\u011fl\u0131 b\u00fct\u00fcn s\u0259n\u0259dl\u0259ri t\u0259rtib edir, n\u0259z\u0259rd\u0259n ke\u00e7irir v\u0259 dan\u0131\u015f\u0131qlar apar\u0131r, o c\u00fcml\u0259d\u0259n:<\/p>\n<ul>\n<li>Alq\u0131-satq\u0131 m\u00fcqavil\u0259l\u0259ri<\/li>\n<li>\u0130car\u0259 v\u0259 lizinq m\u00fcqavil\u0259l\u0259ri<\/li>\n<li>Etibarnam\u0259l\u0259r<\/li>\n<li>\u0130poteka v\u0259 girov m\u00fcqavil\u0259l\u0259ri<\/li>\n<li>Torpaqdan istifad\u0259 m\u00fcqavil\u0259l\u0259ri v\u0259 tikintinin \u015f\u0259rtl\u0259ri<\/li>\n<\/ul>\n<p>Biz m\u00fcqavil\u0259l\u0259rin m\u00fc\u015ft\u0259rinin maraqlar\u0131n\u0131 \u0259ks etdirm\u0259sin\u0259, yerli qanunlara uy\u011fun olmas\u0131na v\u0259 qanuni q\u00fcvv\u0259y\u0259 malik olmas\u0131n\u0131 t\u0259min edirik.<\/p>\n<p>&nbsp;<\/p>\n<p><strong>M\u00fclkiyy\u0259t h\u00fcquqlar\u0131n\u0131n v\u0259 h\u00fcquq s\u0259n\u0259dl\u0259rinin qeydiyyat\u0131<\/strong><\/p>\n<p>Biz m\u00fclkiyy\u0259t h\u00fcquqlar\u0131n\u0131n qeydiyyat\u0131 v\u0259 D\u00f6vl\u0259t Reyestrind\u0259n r\u0259smi s\u0259n\u0259dl\u0259rin al\u0131nmas\u0131nda h\u00fcquqi yard\u0131m g\u00f6st\u0259ririk, m\u0259s\u0259l\u0259n:<\/p>\n<ul>\n<li><strong>M\u00fclkiyy\u0259t haqq\u0131nda aray\u0131\u015flar (da\u015f\u0131nmaz \u0259mlak reyestrind\u0259n \u00e7\u0131xar\u0131\u015flar)<\/strong><\/li>\n<li><strong> \u018fmlak s\u0259n\u0259dl\u0259rin\u0259 d\u00fcz\u0259li\u015fl\u0259r<\/strong><\/li>\n<li><strong> Ortaq m\u00fclkiyy\u0259t v\u0259 ya miras qalm\u0131\u015f \u0259mlakla ba\u011fl\u0131 h\u00fcquqlar\u0131n qeydiyyat\u0131<\/strong><\/li>\n<\/ul>\n<p>[\/vc_column_text][\/vc_column][\/vc_row][vc_row css_animation=&#8221;bounceInDown&#8221;][vc_column][vc_column_text]Da\u015f\u0131nmaz \u0259mlak \u0259m\u0259liyyatlar\u0131 h\u0259m imkanlar, h\u0259m d\u0259 riskl\u0259rl\u0259 \u0259laq\u0259l\u0259ndirilir &#8211; <strong>FCHAIN<\/strong> h\u0259r bir add\u0131m\u0131n t\u0259hl\u00fck\u0259siz, uy\u011fun v\u0259 sizin maraqlar\u0131n\u0131za uy\u011fun olmas\u0131n\u0131 t\u0259min edir.[\/vc_column_text][\/vc_column][\/vc_row]<\/p>\n<\/div>","protected":false},"excerpt":{"rendered":"<p>[vc_row][vc_column][vc_column_text]Financial Chain Corporation (FCHAIN) da\u015f\u0131nmaz \u0259mlak h\u00fcququ sah\u0259sind\u0259 h\u0259rt\u0259r\u0259fli h\u00fcquqi xidm\u0259tl\u0259r t\u0259klif edir, fiziki \u015f\u0259xsl\u0259r\u0259, investorlara, developerl\u0259r\u0259 v\u0259 \u015firk\u0259tl\u0259r\u0259 Az\u0259rbaycanda da\u015f\u0131nmaz \u0259mlak v\u0259 torpaq \u0259m\u0259liyyatlar\u0131n\u0131n h\u00fcquqi inc\u0259likl\u0259rini idar\u0259 etm\u0259y\u0259 k\u00f6m\u0259k edir. \u018fmlak alma\u011f\u0131n\u0131zdan, onu icar\u0259y\u0259 g\u00f6t\u00fcrm\u0259yinizd\u0259n v\u0259 ya m\u00fcbahis\u0259ni h\u0259ll etm\u0259yinizd\u0259n as\u0131l\u0131 olmayaraq, h\u00fcquq komandam\u0131z h\u00fcquqlar\u0131n\u0131z\u0131n qorunmas\u0131n\u0131, s\u0259n\u0259dl\u0259rin d\u00fczg\u00fcn apar\u0131lmas\u0131n\u0131 v\u0259 \u0259m\u0259liyyatlar\u0131n qanuni olaraq t\u0259hl\u00fck\u0259siz<\/p>\n","protected":false},"author":6,"featured_media":55482,"parent":0,"menu_order":0,"comment_status":"closed","ping_status":"closed","template":"","meta":{"_acf_changed":false,"footnotes":""},"class_list":["post-56054","page","type-page","status-publish","hentry"],"acf":[],"yoast_head":"<!-- This site is optimized with the Yoast SEO plugin v27.3 - https:\/\/yoast.com\/product\/yoast-seo-wordpress\/ -->\n<title>Da\u015f\u0131nmaz \u018fmlak H\u00fcququ - FChain<\/title>\n<meta name=\"robots\" content=\"index, follow, max-snippet:-1, max-image-preview:large, max-video-preview:-1\" \/>\n<link rel=\"canonical\" href=\"https:\/\/az.f-chain.com\/az\/dasinmaz-emlak-huququ\/\" \/>\n<meta property=\"og:locale\" content=\"az_AZ\" \/>\n<meta property=\"og:type\" content=\"article\" \/>\n<meta property=\"og:title\" content=\"Da\u015f\u0131nmaz \u018fmlak H\u00fcququ - FChain\" \/>\n<meta property=\"og:description\" content=\"[vc_row][vc_column][vc_column_text]Financial Chain Corporation (FCHAIN) da\u015f\u0131nmaz \u0259mlak h\u00fcququ sah\u0259sind\u0259 h\u0259rt\u0259r\u0259fli h\u00fcquqi xidm\u0259tl\u0259r t\u0259klif edir, fiziki \u015f\u0259xsl\u0259r\u0259, investorlara, developerl\u0259r\u0259 v\u0259 \u015firk\u0259tl\u0259r\u0259 Az\u0259rbaycanda da\u015f\u0131nmaz \u0259mlak v\u0259 torpaq \u0259m\u0259liyyatlar\u0131n\u0131n h\u00fcquqi inc\u0259likl\u0259rini idar\u0259 etm\u0259y\u0259 k\u00f6m\u0259k edir. \u018fmlak alma\u011f\u0131n\u0131zdan, onu icar\u0259y\u0259 g\u00f6t\u00fcrm\u0259yinizd\u0259n v\u0259 ya m\u00fcbahis\u0259ni h\u0259ll etm\u0259yinizd\u0259n as\u0131l\u0131 olmayaraq, h\u00fcquq komandam\u0131z h\u00fcquqlar\u0131n\u0131z\u0131n qorunmas\u0131n\u0131, s\u0259n\u0259dl\u0259rin d\u00fczg\u00fcn apar\u0131lmas\u0131n\u0131 v\u0259 \u0259m\u0259liyyatlar\u0131n qanuni olaraq t\u0259hl\u00fck\u0259siz\" \/>\n<meta property=\"og:url\" content=\"https:\/\/az.f-chain.com\/az\/dasinmaz-emlak-huququ\/\" \/>\n<meta property=\"og:site_name\" content=\"FChain\" \/>\n<meta property=\"og:image\" content=\"https:\/\/az.f-chain.com\/wp-content\/uploads\/2025\/07\/house-model-in-small-shopping-cart-on-white-wooden-2024-11-18-06-24-52-utc-scaled.jpg\" \/>\n\t<meta property=\"og:image:width\" content=\"2560\" \/>\n\t<meta property=\"og:image:height\" content=\"1707\" \/>\n\t<meta property=\"og:image:type\" content=\"image\/jpeg\" \/>\n<meta name=\"twitter:card\" content=\"summary_large_image\" \/>\n<script type=\"application\/ld+json\" class=\"yoast-schema-graph\">{\"@context\":\"https:\\\/\\\/schema.org\",\"@graph\":[{\"@type\":\"WebPage\",\"@id\":\"https:\\\/\\\/az.f-chain.com\\\/az\\\/dasinmaz-emlak-huququ\\\/\",\"url\":\"https:\\\/\\\/az.f-chain.com\\\/az\\\/dasinmaz-emlak-huququ\\\/\",\"name\":\"Da\u015f\u0131nmaz \u018fmlak H\u00fcququ - FChain\",\"isPartOf\":{\"@id\":\"https:\\\/\\\/az.f-chain.com\\\/#website\"},\"primaryImageOfPage\":{\"@id\":\"https:\\\/\\\/az.f-chain.com\\\/az\\\/dasinmaz-emlak-huququ\\\/#primaryimage\"},\"image\":{\"@id\":\"https:\\\/\\\/az.f-chain.com\\\/az\\\/dasinmaz-emlak-huququ\\\/#primaryimage\"},\"thumbnailUrl\":\"https:\\\/\\\/az.f-chain.com\\\/wp-content\\\/uploads\\\/2025\\\/07\\\/house-model-in-small-shopping-cart-on-white-wooden-2024-11-18-06-24-52-utc-scaled.jpg\",\"datePublished\":\"2025-10-01T13:12:25+00:00\",\"breadcrumb\":{\"@id\":\"https:\\\/\\\/az.f-chain.com\\\/az\\\/dasinmaz-emlak-huququ\\\/#breadcrumb\"},\"inLanguage\":\"az\",\"potentialAction\":[{\"@type\":\"ReadAction\",\"target\":[\"https:\\\/\\\/az.f-chain.com\\\/az\\\/dasinmaz-emlak-huququ\\\/\"]}]},{\"@type\":\"ImageObject\",\"inLanguage\":\"az\",\"@id\":\"https:\\\/\\\/az.f-chain.com\\\/az\\\/dasinmaz-emlak-huququ\\\/#primaryimage\",\"url\":\"https:\\\/\\\/az.f-chain.com\\\/wp-content\\\/uploads\\\/2025\\\/07\\\/house-model-in-small-shopping-cart-on-white-wooden-2024-11-18-06-24-52-utc-scaled.jpg\",\"contentUrl\":\"https:\\\/\\\/az.f-chain.com\\\/wp-content\\\/uploads\\\/2025\\\/07\\\/house-model-in-small-shopping-cart-on-white-wooden-2024-11-18-06-24-52-utc-scaled.jpg\",\"width\":2560,\"height\":1707,\"caption\":\"house model in small shopping cart on white wooden table with contract and glasses in sunlight, real\"},{\"@type\":\"BreadcrumbList\",\"@id\":\"https:\\\/\\\/az.f-chain.com\\\/az\\\/dasinmaz-emlak-huququ\\\/#breadcrumb\",\"itemListElement\":[{\"@type\":\"ListItem\",\"position\":1,\"name\":\"Home\",\"item\":\"https:\\\/\\\/az.f-chain.com\\\/az\\\/\"},{\"@type\":\"ListItem\",\"position\":2,\"name\":\"Da\u015f\u0131nmaz \u018fmlak H\u00fcququ\"}]},{\"@type\":\"WebSite\",\"@id\":\"https:\\\/\\\/az.f-chain.com\\\/#website\",\"url\":\"https:\\\/\\\/az.f-chain.com\\\/\",\"name\":\"FChain\",\"description\":\"Azerbaijan\",\"potentialAction\":[{\"@type\":\"SearchAction\",\"target\":{\"@type\":\"EntryPoint\",\"urlTemplate\":\"https:\\\/\\\/az.f-chain.com\\\/?s={search_term_string}\"},\"query-input\":{\"@type\":\"PropertyValueSpecification\",\"valueRequired\":true,\"valueName\":\"search_term_string\"}}],\"inLanguage\":\"az\"}]}<\/script>\n<!-- \/ Yoast SEO plugin. -->","yoast_head_json":{"title":"Da\u015f\u0131nmaz \u018fmlak H\u00fcququ - FChain","robots":{"index":"index","follow":"follow","max-snippet":"max-snippet:-1","max-image-preview":"max-image-preview:large","max-video-preview":"max-video-preview:-1"},"canonical":"https:\/\/az.f-chain.com\/az\/dasinmaz-emlak-huququ\/","og_locale":"az_AZ","og_type":"article","og_title":"Da\u015f\u0131nmaz \u018fmlak H\u00fcququ - FChain","og_description":"[vc_row][vc_column][vc_column_text]Financial Chain Corporation (FCHAIN) da\u015f\u0131nmaz \u0259mlak h\u00fcququ sah\u0259sind\u0259 h\u0259rt\u0259r\u0259fli h\u00fcquqi xidm\u0259tl\u0259r t\u0259klif edir, fiziki \u015f\u0259xsl\u0259r\u0259, investorlara, developerl\u0259r\u0259 v\u0259 \u015firk\u0259tl\u0259r\u0259 Az\u0259rbaycanda da\u015f\u0131nmaz \u0259mlak v\u0259 torpaq \u0259m\u0259liyyatlar\u0131n\u0131n h\u00fcquqi inc\u0259likl\u0259rini idar\u0259 etm\u0259y\u0259 k\u00f6m\u0259k edir. \u018fmlak alma\u011f\u0131n\u0131zdan, onu icar\u0259y\u0259 g\u00f6t\u00fcrm\u0259yinizd\u0259n v\u0259 ya m\u00fcbahis\u0259ni h\u0259ll etm\u0259yinizd\u0259n as\u0131l\u0131 olmayaraq, h\u00fcquq komandam\u0131z h\u00fcquqlar\u0131n\u0131z\u0131n qorunmas\u0131n\u0131, s\u0259n\u0259dl\u0259rin d\u00fczg\u00fcn apar\u0131lmas\u0131n\u0131 v\u0259 \u0259m\u0259liyyatlar\u0131n qanuni olaraq t\u0259hl\u00fck\u0259siz","og_url":"https:\/\/az.f-chain.com\/az\/dasinmaz-emlak-huququ\/","og_site_name":"FChain","og_image":[{"width":2560,"height":1707,"url":"https:\/\/az.f-chain.com\/wp-content\/uploads\/2025\/07\/house-model-in-small-shopping-cart-on-white-wooden-2024-11-18-06-24-52-utc-scaled.jpg","type":"image\/jpeg"}],"twitter_card":"summary_large_image","schema":{"@context":"https:\/\/schema.org","@graph":[{"@type":"WebPage","@id":"https:\/\/az.f-chain.com\/az\/dasinmaz-emlak-huququ\/","url":"https:\/\/az.f-chain.com\/az\/dasinmaz-emlak-huququ\/","name":"Da\u015f\u0131nmaz \u018fmlak H\u00fcququ - FChain","isPartOf":{"@id":"https:\/\/az.f-chain.com\/#website"},"primaryImageOfPage":{"@id":"https:\/\/az.f-chain.com\/az\/dasinmaz-emlak-huququ\/#primaryimage"},"image":{"@id":"https:\/\/az.f-chain.com\/az\/dasinmaz-emlak-huququ\/#primaryimage"},"thumbnailUrl":"https:\/\/az.f-chain.com\/wp-content\/uploads\/2025\/07\/house-model-in-small-shopping-cart-on-white-wooden-2024-11-18-06-24-52-utc-scaled.jpg","datePublished":"2025-10-01T13:12:25+00:00","breadcrumb":{"@id":"https:\/\/az.f-chain.com\/az\/dasinmaz-emlak-huququ\/#breadcrumb"},"inLanguage":"az","potentialAction":[{"@type":"ReadAction","target":["https:\/\/az.f-chain.com\/az\/dasinmaz-emlak-huququ\/"]}]},{"@type":"ImageObject","inLanguage":"az","@id":"https:\/\/az.f-chain.com\/az\/dasinmaz-emlak-huququ\/#primaryimage","url":"https:\/\/az.f-chain.com\/wp-content\/uploads\/2025\/07\/house-model-in-small-shopping-cart-on-white-wooden-2024-11-18-06-24-52-utc-scaled.jpg","contentUrl":"https:\/\/az.f-chain.com\/wp-content\/uploads\/2025\/07\/house-model-in-small-shopping-cart-on-white-wooden-2024-11-18-06-24-52-utc-scaled.jpg","width":2560,"height":1707,"caption":"house model in small shopping cart on white wooden table with contract and glasses in sunlight, real"},{"@type":"BreadcrumbList","@id":"https:\/\/az.f-chain.com\/az\/dasinmaz-emlak-huququ\/#breadcrumb","itemListElement":[{"@type":"ListItem","position":1,"name":"Home","item":"https:\/\/az.f-chain.com\/az\/"},{"@type":"ListItem","position":2,"name":"Da\u015f\u0131nmaz \u018fmlak H\u00fcququ"}]},{"@type":"WebSite","@id":"https:\/\/az.f-chain.com\/#website","url":"https:\/\/az.f-chain.com\/","name":"FChain","description":"Azerbaijan","potentialAction":[{"@type":"SearchAction","target":{"@type":"EntryPoint","urlTemplate":"https:\/\/az.f-chain.com\/?s={search_term_string}"},"query-input":{"@type":"PropertyValueSpecification","valueRequired":true,"valueName":"search_term_string"}}],"inLanguage":"az"}]}},"_links":{"self":[{"href":"https:\/\/az.f-chain.com\/az\/wp-json\/wp\/v2\/pages\/56054","targetHints":{"allow":["GET"]}}],"collection":[{"href":"https:\/\/az.f-chain.com\/az\/wp-json\/wp\/v2\/pages"}],"about":[{"href":"https:\/\/az.f-chain.com\/az\/wp-json\/wp\/v2\/types\/page"}],"author":[{"embeddable":true,"href":"https:\/\/az.f-chain.com\/az\/wp-json\/wp\/v2\/users\/6"}],"replies":[{"embeddable":true,"href":"https:\/\/az.f-chain.com\/az\/wp-json\/wp\/v2\/comments?post=56054"}],"version-history":[{"count":1,"href":"https:\/\/az.f-chain.com\/az\/wp-json\/wp\/v2\/pages\/56054\/revisions"}],"predecessor-version":[{"id":56055,"href":"https:\/\/az.f-chain.com\/az\/wp-json\/wp\/v2\/pages\/56054\/revisions\/56055"}],"wp:featuredmedia":[{"embeddable":true,"href":"https:\/\/az.f-chain.com\/az\/wp-json\/wp\/v2\/media\/55482"}],"wp:attachment":[{"href":"https:\/\/az.f-chain.com\/az\/wp-json\/wp\/v2\/media?parent=56054"}],"curies":[{"name":"wp","href":"https:\/\/api.w.org\/{rel}","templated":true}]}}