{"id":56052,"date":"2025-10-01T16:07:00","date_gmt":"2025-10-01T13:07:00","guid":{"rendered":"https:\/\/az.f-chain.com\/?page_id=56052"},"modified":"2025-10-01T16:07:00","modified_gmt":"2025-10-01T13:07:00","slug":"tikinti-huququ","status":"publish","type":"page","link":"https:\/\/az.f-chain.com\/az\/tikinti-huququ\/","title":{"rendered":"Tikinti h\u00fcququ"},"content":{"rendered":"<div class=\"wpb-content-wrapper\"><p>[vc_row][vc_column][vc_column_text]<strong>Financial Chain Corporation (FCHAIN) <\/strong>infrastruktur v\u0259 inki\u015faf layih\u0259l\u0259rinin h\u0259yat d\u00f6vr\u00fc \u0259rzind\u0259 m\u00fc\u015ft\u0259ril\u0259r\u0259 k\u00f6m\u0259k ed\u0259n h\u0259rt\u0259r\u0259fli tikinti h\u00fcquq xidm\u0259tl\u0259ri t\u0259qdim edir. M\u00fcqavil\u0259nin t\u0259rtibind\u0259n tutmu\u015f icaz\u0259 v\u0259 m\u00fcbahis\u0259l\u0259rin h\u0259llin\u0259 q\u0259d\u0259r biz \u015firk\u0259tl\u0259r\u0259 Az\u0259rbaycanda v\u0259 onun h\u00fcdudlar\u0131ndan k\u0259narda tikinti v\u0259 m\u00fch\u0259ndisliyin m\u00fcr\u0259kk\u0259b h\u00fcquqi v\u0259 m\u00fcqavil\u0259 m\u00fchitind\u0259 naviqasiya etm\u0259y\u0259 k\u00f6m\u0259k edirik.<\/p>\n<p>H\u00fcquq komandam\u0131z h\u0259r m\u0259rh\u0259l\u0259d\u0259 uy\u011funlu\u011fu, layih\u0259nin davaml\u0131l\u0131\u011f\u0131n\u0131 v\u0259 riskl\u0259rin azald\u0131lmas\u0131n\u0131 t\u0259min etm\u0259k \u00fc\u00e7\u00fcn s\u0259rmay\u0259\u00e7il\u0259r\u0259, in\u015faat\u00e7\u0131lara, podrat\u00e7\u0131lara, memarlara v\u0259 d\u00f6vl\u0259t qurumlar\u0131na strateji t\u0259limatlarla d\u0259st\u0259k verir.[\/vc_column_text][\/vc_column][\/vc_row][vc_row equal_height=&#8221;yes&#8221; content_placement=&#8221;middle&#8221; css_animation=&#8221;bounceInLeft&#8221;][vc_column width=&#8221;1\/2&#8243;][vc_column_text]<strong>Yerli v\u0259 beyn\u0259lxalq tikinti m\u00fcqavil\u0259l\u0259rinin haz\u0131rlanmas\u0131<\/strong><\/p>\n<p>Biz h\u0259m <strong>Az\u0259rbaycan qanunvericiliyin\u0259<\/strong>, h\u0259m d\u0259 <strong>beyn\u0259lxalq h\u00fcquq standartlar\u0131na<\/strong> (m\u0259s\u0259l\u0259n, FIDIC) uy\u011fun g\u0259l\u0259n tikinti m\u00fcqavil\u0259l\u0259rini t\u0259rtib edir, n\u0259z\u0259rd\u0259n ke\u00e7irir v\u0259 m\u00fczakir\u0259 edirik. M\u00fcqavil\u0259l\u0259rimiz a\u015fa\u011f\u0131dak\u0131lar\u0131 \u0259hat\u0259 edir:<\/p>\n<ul>\n<li>Layih\u0259l\u0259ndirilm\u0259 v\u0259 tikinti m\u00fcqavil\u0259l\u0259ri<\/li>\n<li>EPC (m\u00fch\u0259ndislik, sat\u0131nalma, tikinti) m\u00fcqavil\u0259l\u0259ri<\/li>\n<li>Subpodrat\u00e7\u0131 v\u0259 t\u0259chizat\u00e7\u0131 m\u00fcqavil\u0259l\u0259ri<\/li>\n<li>Riskl\u0259rin b\u00f6l\u00fc\u015fd\u00fcr\u00fclm\u0259si, \u00f6hd\u0259lik m\u00fcdd\u0259alar\u0131 v\u0259 \u00f6d\u0259ni\u015f \u015f\u0259rtl\u0259ri<\/li>\n<\/ul>\n<p>H\u0259r bir m\u00fcqavil\u0259 m\u00fc\u015ft\u0259rinin maraqlar\u0131n\u0131 qorumaq v\u0259 m\u00fcr\u0259kk\u0259b layih\u0259l\u0259rin r\u0259van h\u0259yata ke\u00e7irilm\u0259sini t\u0259min etm\u0259k \u00fc\u00e7\u00fcn i\u015fl\u0259nib haz\u0131rlan\u0131r.[\/vc_column_text][\/vc_column][vc_column width=&#8221;1\/2&#8243;][vc_single_image image=&#8221;55452&#8243; img_size=&#8221;full&#8221;][\/vc_column][\/vc_row][vc_row equal_height=&#8221;yes&#8221; content_placement=&#8221;middle&#8221; css_animation=&#8221;bounceInRight&#8221;][vc_column width=&#8221;1\/2&#8243;][vc_single_image image=&#8221;55455&#8243; img_size=&#8221;full&#8221;][\/vc_column][vc_column width=&#8221;1\/2&#8243;][vc_column_text]<strong>T\u0259hl\u00fck\u0259sizliyin, \u0259traf m\u00fchitin idar\u0259 edilm\u0259si v\u0259 \u0259m\u0259yin m\u00fchafiz\u0259si t\u0259l\u0259bl\u0259rin\u0259 riay\u0259t olunmas\u0131<\/strong><\/p>\n<p>Tikinti \u015firk\u0259tl\u0259ri i\u015f yerl\u0259rind\u0259 t\u0259hl\u00fck\u0259sizlik v\u0259 ekoloji m\u0259suliyy\u0259ti t\u0259min etm\u0259k \u00fc\u00e7\u00fcn artan \u00f6hd\u0259likl\u0259rl\u0259 \u00fczl\u0259\u015firl\u0259r. Biz a\u015fa\u011f\u0131dak\u0131 m\u0259s\u0259l\u0259l\u0259r \u00fczr\u0259 h\u00fcquqi m\u0259sl\u0259h\u0259tl\u0259r veririk:<\/p>\n<ul>\n<li>\u018fm\u0259yin m\u00fchafiz\u0259si v\u0259 t\u0259hl\u00fck\u0259sizlik texnikas\u0131 (\u018fMTT) qanunvericiliyi<\/li>\n<li>\u018ftraf m\u00fchit\u0259 t\u0259sirin qiym\u0259tl\u0259ndirilm\u0259si (\u018fMTQ)<\/li>\n<li>Milli v\u0259 beyn\u0259lxalq tikinti standartlar\u0131na uy\u011funluq<\/li>\n<li>Riskin azald\u0131lmas\u0131 v\u0259 m\u0259suliyy\u0259td\u0259n m\u00fcdafi\u0259<\/li>\n<\/ul>\n<p>[\/vc_column_text][\/vc_column][\/vc_row][vc_row equal_height=&#8221;yes&#8221; content_placement=&#8221;middle&#8221; css_animation=&#8221;bounceInRight&#8221;][vc_column width=&#8221;1\/2&#8243;][vc_column_text]<strong>D\u00f6vl\u0259t qurumlar\u0131 il\u0259 dan\u0131\u015f\u0131qlar v\u0259 t\u0259nziml\u0259yici orqanlardan icaz\u0259l\u0259rin al\u0131nmas\u0131<\/strong><\/p>\n<p>D\u00f6vl\u0259t sektorunun t\u0259l\u0259bl\u0259rini ba\u015fa d\u00fc\u015fm\u0259k layih\u0259nin t\u0259sdiq edilm\u0259si v\u0259 vaxt\u0131nda yerin\u0259 yetirilm\u0259si \u00a0\u00fc\u00e7\u00fcn \u00e7ox vacibdir. FCHAIN:<\/p>\n<ul>\n<li>Yerli v\u0259 \u00f6lk\u0259 hakimiyy\u0259t orqanlar\u0131 il\u0259 qar\u015f\u0131l\u0131ql\u0131 \u0259laq\u0259 yaratma\u011fa<\/li>\n<li><strong>Tikintiy\u0259 icaz\u0259l\u0259ri, torpaqdan istifad\u0259 v\u0259 ekoloji icaz\u0259l\u0259ri<\/strong> alma\u011fa<\/li>\n<li>Rayonla\u015fd\u0131rma, infrastruktura \u00e7\u0131x\u0131\u015f v\u0259 kommunal xidm\u0259tl\u0259ri sah\u0259sind\u0259 t\u0259nziml\u0259m\u0259 t\u0259l\u0259bl\u0259rin\u0259 uy\u011funluq \u00fczr\u0259 m\u0259sl\u0259h\u0259tl\u0259rl\u0259 k\u00f6m\u0259k edir.<\/li>\n<\/ul>\n<p><strong>Tikinti m\u00fcqavil\u0259l\u0259ri \u00fczr\u0259 dan\u0131\u015f\u0131qlarda v\u0259 \u0259m\u0259liyyatlarda t\u0259msil\u00e7ilik<\/strong><\/p>\n<p>H\u00fcquq\u015f\u00fcnaslar\u0131m\u0131z m\u00fch\u00fcm m\u00fcqavil\u0259 dan\u0131\u015f\u0131qlar\u0131nda m\u00fc\u015ft\u0259ril\u0259ri t\u0259msil ed\u0259r\u0259k, a\u015fa\u011f\u0131dak\u0131lar\u0131 t\u0259min edir:<\/p>\n<ul>\n<li>\u015e\u0259rtl\u0259rin h\u00fcquqi ayd\u0131nl\u0131\u011f\u0131 v\u0259 icras\u0131<\/li>\n<li>Riskl\u0259rin v\u0259 \u00f6hd\u0259likl\u0259rin \u0259dal\u0259tli b\u00f6l\u00fc\u015fd\u00fcr\u00fclm\u0259si<\/li>\n<li>Qiym\u0259t, vaxt v\u0259 icra z\u0259man\u0259tl\u0259ri \u00fczr\u0259 strateji m\u00f6vqel\u0259\u015fdirm\u0259<br \/>\nM\u00fcqavil\u0259l\u0259rinizin g\u00fccl\u00fc, \u0259sasland\u0131r\u0131lm\u0131\u015f v\u0259 biznes m\u0259qs\u0259dl\u0259riniz\u0259 uy\u011fun olmas\u0131n\u0131 t\u0259min edirik.<\/li>\n<\/ul>\n<p>[\/vc_column_text][\/vc_column][vc_column width=&#8221;1\/2&#8243;][vc_single_image image=&#8221;55458&#8243; img_size=&#8221;full&#8221;][\/vc_column][\/vc_row][vc_row css_animation=&#8221;bounceInDown&#8221;][vc_column][vc_column_text]\u0130st\u0259r b\u00f6y\u00fck bir inki\u015faf\u0131 planla\u015fd\u0131r\u0131rs\u0131n\u0131z, ist\u0259rs\u0259 d\u0259 davam ed\u0259n tikinti layih\u0259sini idar\u0259 edirsiniz, <strong>FCHAIN<\/strong> u\u011furun h\u00fcquqi t\u0259m\u0259lini qoyur &#8211; \u00a0m\u00fcqavil\u0259 bax\u0131m\u0131ndan etibarl\u0131, normativ t\u0259l\u0259bl\u0259r\u0259 uy\u011fun v\u0259 strateji c\u0259h\u0259td\u0259n \u00f6l\u00e7\u00fclm\u00fc\u015f \u00a0h\u00fcquqi baza t\u0259min edir.[\/vc_column_text][\/vc_column][\/vc_row]<\/p>\n<\/div>","protected":false},"excerpt":{"rendered":"<p>[vc_row][vc_column][vc_column_text]Financial Chain Corporation (FCHAIN) infrastruktur v\u0259 inki\u015faf layih\u0259l\u0259rinin h\u0259yat d\u00f6vr\u00fc \u0259rzind\u0259 m\u00fc\u015ft\u0259ril\u0259r\u0259 k\u00f6m\u0259k ed\u0259n h\u0259rt\u0259r\u0259fli tikinti h\u00fcquq xidm\u0259tl\u0259ri t\u0259qdim edir. M\u00fcqavil\u0259nin t\u0259rtibind\u0259n tutmu\u015f icaz\u0259 v\u0259 m\u00fcbahis\u0259l\u0259rin h\u0259llin\u0259 q\u0259d\u0259r biz \u015firk\u0259tl\u0259r\u0259 Az\u0259rbaycanda v\u0259 onun h\u00fcdudlar\u0131ndan k\u0259narda tikinti v\u0259 m\u00fch\u0259ndisliyin m\u00fcr\u0259kk\u0259b h\u00fcquqi v\u0259 m\u00fcqavil\u0259 m\u00fchitind\u0259 naviqasiya etm\u0259y\u0259 k\u00f6m\u0259k edirik. H\u00fcquq komandam\u0131z h\u0259r m\u0259rh\u0259l\u0259d\u0259 uy\u011funlu\u011fu, layih\u0259nin davaml\u0131l\u0131\u011f\u0131n\u0131 v\u0259<\/p>\n","protected":false},"author":6,"featured_media":55456,"parent":0,"menu_order":0,"comment_status":"closed","ping_status":"closed","template":"","meta":{"_acf_changed":false,"footnotes":""},"class_list":["post-56052","page","type-page","status-publish","hentry"],"acf":[],"yoast_head":"<!-- This site is optimized with the Yoast SEO plugin v27.3 - https:\/\/yoast.com\/product\/yoast-seo-wordpress\/ -->\n<title>Tikinti h\u00fcququ - FChain<\/title>\n<meta name=\"robots\" content=\"index, follow, max-snippet:-1, max-image-preview:large, max-video-preview:-1\" \/>\n<link rel=\"canonical\" href=\"https:\/\/az.f-chain.com\/az\/tikinti-huququ\/\" \/>\n<meta property=\"og:locale\" content=\"az_AZ\" \/>\n<meta property=\"og:type\" content=\"article\" \/>\n<meta property=\"og:title\" content=\"Tikinti h\u00fcququ - FChain\" \/>\n<meta property=\"og:description\" content=\"[vc_row][vc_column][vc_column_text]Financial Chain Corporation (FCHAIN) infrastruktur v\u0259 inki\u015faf layih\u0259l\u0259rinin h\u0259yat d\u00f6vr\u00fc \u0259rzind\u0259 m\u00fc\u015ft\u0259ril\u0259r\u0259 k\u00f6m\u0259k ed\u0259n h\u0259rt\u0259r\u0259fli tikinti h\u00fcquq xidm\u0259tl\u0259ri t\u0259qdim edir. M\u00fcqavil\u0259nin t\u0259rtibind\u0259n tutmu\u015f icaz\u0259 v\u0259 m\u00fcbahis\u0259l\u0259rin h\u0259llin\u0259 q\u0259d\u0259r biz \u015firk\u0259tl\u0259r\u0259 Az\u0259rbaycanda v\u0259 onun h\u00fcdudlar\u0131ndan k\u0259narda tikinti v\u0259 m\u00fch\u0259ndisliyin m\u00fcr\u0259kk\u0259b h\u00fcquqi v\u0259 m\u00fcqavil\u0259 m\u00fchitind\u0259 naviqasiya etm\u0259y\u0259 k\u00f6m\u0259k edirik. H\u00fcquq komandam\u0131z h\u0259r m\u0259rh\u0259l\u0259d\u0259 uy\u011funlu\u011fu, layih\u0259nin davaml\u0131l\u0131\u011f\u0131n\u0131 v\u0259\" \/>\n<meta property=\"og:url\" content=\"https:\/\/az.f-chain.com\/az\/tikinti-huququ\/\" \/>\n<meta property=\"og:site_name\" content=\"FChain\" \/>\n<meta property=\"og:image\" content=\"https:\/\/az.f-chain.com\/wp-content\/uploads\/2025\/07\/tower-cranes-and-excavator-silhouette-at-construct-2025-03-06-13-47-09-utc-scaled.jpg\" \/>\n\t<meta property=\"og:image:width\" content=\"2560\" \/>\n\t<meta property=\"og:image:height\" content=\"1707\" \/>\n\t<meta property=\"og:image:type\" content=\"image\/jpeg\" \/>\n<meta name=\"twitter:card\" content=\"summary_large_image\" \/>\n<script type=\"application\/ld+json\" class=\"yoast-schema-graph\">{\"@context\":\"https:\\\/\\\/schema.org\",\"@graph\":[{\"@type\":\"WebPage\",\"@id\":\"https:\\\/\\\/az.f-chain.com\\\/az\\\/tikinti-huququ\\\/\",\"url\":\"https:\\\/\\\/az.f-chain.com\\\/az\\\/tikinti-huququ\\\/\",\"name\":\"Tikinti h\u00fcququ - FChain\",\"isPartOf\":{\"@id\":\"https:\\\/\\\/az.f-chain.com\\\/#website\"},\"primaryImageOfPage\":{\"@id\":\"https:\\\/\\\/az.f-chain.com\\\/az\\\/tikinti-huququ\\\/#primaryimage\"},\"image\":{\"@id\":\"https:\\\/\\\/az.f-chain.com\\\/az\\\/tikinti-huququ\\\/#primaryimage\"},\"thumbnailUrl\":\"https:\\\/\\\/az.f-chain.com\\\/wp-content\\\/uploads\\\/2025\\\/07\\\/tower-cranes-and-excavator-silhouette-at-construct-2025-03-06-13-47-09-utc-scaled.jpg\",\"datePublished\":\"2025-10-01T13:07:00+00:00\",\"breadcrumb\":{\"@id\":\"https:\\\/\\\/az.f-chain.com\\\/az\\\/tikinti-huququ\\\/#breadcrumb\"},\"inLanguage\":\"az\",\"potentialAction\":[{\"@type\":\"ReadAction\",\"target\":[\"https:\\\/\\\/az.f-chain.com\\\/az\\\/tikinti-huququ\\\/\"]}]},{\"@type\":\"ImageObject\",\"inLanguage\":\"az\",\"@id\":\"https:\\\/\\\/az.f-chain.com\\\/az\\\/tikinti-huququ\\\/#primaryimage\",\"url\":\"https:\\\/\\\/az.f-chain.com\\\/wp-content\\\/uploads\\\/2025\\\/07\\\/tower-cranes-and-excavator-silhouette-at-construct-2025-03-06-13-47-09-utc-scaled.jpg\",\"contentUrl\":\"https:\\\/\\\/az.f-chain.com\\\/wp-content\\\/uploads\\\/2025\\\/07\\\/tower-cranes-and-excavator-silhouette-at-construct-2025-03-06-13-47-09-utc-scaled.jpg\",\"width\":2560,\"height\":1707,\"caption\":\"Group tower cranes and excavator silhouette at construction site, sunset sky background.Future residential high-rise complex\"},{\"@type\":\"BreadcrumbList\",\"@id\":\"https:\\\/\\\/az.f-chain.com\\\/az\\\/tikinti-huququ\\\/#breadcrumb\",\"itemListElement\":[{\"@type\":\"ListItem\",\"position\":1,\"name\":\"Home\",\"item\":\"https:\\\/\\\/az.f-chain.com\\\/az\\\/\"},{\"@type\":\"ListItem\",\"position\":2,\"name\":\"Tikinti h\u00fcququ\"}]},{\"@type\":\"WebSite\",\"@id\":\"https:\\\/\\\/az.f-chain.com\\\/#website\",\"url\":\"https:\\\/\\\/az.f-chain.com\\\/\",\"name\":\"FChain\",\"description\":\"Azerbaijan\",\"potentialAction\":[{\"@type\":\"SearchAction\",\"target\":{\"@type\":\"EntryPoint\",\"urlTemplate\":\"https:\\\/\\\/az.f-chain.com\\\/?s={search_term_string}\"},\"query-input\":{\"@type\":\"PropertyValueSpecification\",\"valueRequired\":true,\"valueName\":\"search_term_string\"}}],\"inLanguage\":\"az\"}]}<\/script>\n<!-- \/ Yoast SEO plugin. -->","yoast_head_json":{"title":"Tikinti h\u00fcququ - FChain","robots":{"index":"index","follow":"follow","max-snippet":"max-snippet:-1","max-image-preview":"max-image-preview:large","max-video-preview":"max-video-preview:-1"},"canonical":"https:\/\/az.f-chain.com\/az\/tikinti-huququ\/","og_locale":"az_AZ","og_type":"article","og_title":"Tikinti h\u00fcququ - FChain","og_description":"[vc_row][vc_column][vc_column_text]Financial Chain Corporation (FCHAIN) infrastruktur v\u0259 inki\u015faf layih\u0259l\u0259rinin h\u0259yat d\u00f6vr\u00fc \u0259rzind\u0259 m\u00fc\u015ft\u0259ril\u0259r\u0259 k\u00f6m\u0259k ed\u0259n h\u0259rt\u0259r\u0259fli tikinti h\u00fcquq xidm\u0259tl\u0259ri t\u0259qdim edir. M\u00fcqavil\u0259nin t\u0259rtibind\u0259n tutmu\u015f icaz\u0259 v\u0259 m\u00fcbahis\u0259l\u0259rin h\u0259llin\u0259 q\u0259d\u0259r biz \u015firk\u0259tl\u0259r\u0259 Az\u0259rbaycanda v\u0259 onun h\u00fcdudlar\u0131ndan k\u0259narda tikinti v\u0259 m\u00fch\u0259ndisliyin m\u00fcr\u0259kk\u0259b h\u00fcquqi v\u0259 m\u00fcqavil\u0259 m\u00fchitind\u0259 naviqasiya etm\u0259y\u0259 k\u00f6m\u0259k edirik. H\u00fcquq komandam\u0131z h\u0259r m\u0259rh\u0259l\u0259d\u0259 uy\u011funlu\u011fu, layih\u0259nin davaml\u0131l\u0131\u011f\u0131n\u0131 v\u0259","og_url":"https:\/\/az.f-chain.com\/az\/tikinti-huququ\/","og_site_name":"FChain","og_image":[{"width":2560,"height":1707,"url":"https:\/\/az.f-chain.com\/wp-content\/uploads\/2025\/07\/tower-cranes-and-excavator-silhouette-at-construct-2025-03-06-13-47-09-utc-scaled.jpg","type":"image\/jpeg"}],"twitter_card":"summary_large_image","schema":{"@context":"https:\/\/schema.org","@graph":[{"@type":"WebPage","@id":"https:\/\/az.f-chain.com\/az\/tikinti-huququ\/","url":"https:\/\/az.f-chain.com\/az\/tikinti-huququ\/","name":"Tikinti h\u00fcququ - FChain","isPartOf":{"@id":"https:\/\/az.f-chain.com\/#website"},"primaryImageOfPage":{"@id":"https:\/\/az.f-chain.com\/az\/tikinti-huququ\/#primaryimage"},"image":{"@id":"https:\/\/az.f-chain.com\/az\/tikinti-huququ\/#primaryimage"},"thumbnailUrl":"https:\/\/az.f-chain.com\/wp-content\/uploads\/2025\/07\/tower-cranes-and-excavator-silhouette-at-construct-2025-03-06-13-47-09-utc-scaled.jpg","datePublished":"2025-10-01T13:07:00+00:00","breadcrumb":{"@id":"https:\/\/az.f-chain.com\/az\/tikinti-huququ\/#breadcrumb"},"inLanguage":"az","potentialAction":[{"@type":"ReadAction","target":["https:\/\/az.f-chain.com\/az\/tikinti-huququ\/"]}]},{"@type":"ImageObject","inLanguage":"az","@id":"https:\/\/az.f-chain.com\/az\/tikinti-huququ\/#primaryimage","url":"https:\/\/az.f-chain.com\/wp-content\/uploads\/2025\/07\/tower-cranes-and-excavator-silhouette-at-construct-2025-03-06-13-47-09-utc-scaled.jpg","contentUrl":"https:\/\/az.f-chain.com\/wp-content\/uploads\/2025\/07\/tower-cranes-and-excavator-silhouette-at-construct-2025-03-06-13-47-09-utc-scaled.jpg","width":2560,"height":1707,"caption":"Group tower cranes and excavator silhouette at construction site, sunset sky background.Future residential high-rise complex"},{"@type":"BreadcrumbList","@id":"https:\/\/az.f-chain.com\/az\/tikinti-huququ\/#breadcrumb","itemListElement":[{"@type":"ListItem","position":1,"name":"Home","item":"https:\/\/az.f-chain.com\/az\/"},{"@type":"ListItem","position":2,"name":"Tikinti h\u00fcququ"}]},{"@type":"WebSite","@id":"https:\/\/az.f-chain.com\/#website","url":"https:\/\/az.f-chain.com\/","name":"FChain","description":"Azerbaijan","potentialAction":[{"@type":"SearchAction","target":{"@type":"EntryPoint","urlTemplate":"https:\/\/az.f-chain.com\/?s={search_term_string}"},"query-input":{"@type":"PropertyValueSpecification","valueRequired":true,"valueName":"search_term_string"}}],"inLanguage":"az"}]}},"_links":{"self":[{"href":"https:\/\/az.f-chain.com\/az\/wp-json\/wp\/v2\/pages\/56052","targetHints":{"allow":["GET"]}}],"collection":[{"href":"https:\/\/az.f-chain.com\/az\/wp-json\/wp\/v2\/pages"}],"about":[{"href":"https:\/\/az.f-chain.com\/az\/wp-json\/wp\/v2\/types\/page"}],"author":[{"embeddable":true,"href":"https:\/\/az.f-chain.com\/az\/wp-json\/wp\/v2\/users\/6"}],"replies":[{"embeddable":true,"href":"https:\/\/az.f-chain.com\/az\/wp-json\/wp\/v2\/comments?post=56052"}],"version-history":[{"count":1,"href":"https:\/\/az.f-chain.com\/az\/wp-json\/wp\/v2\/pages\/56052\/revisions"}],"predecessor-version":[{"id":56053,"href":"https:\/\/az.f-chain.com\/az\/wp-json\/wp\/v2\/pages\/56052\/revisions\/56053"}],"wp:featuredmedia":[{"embeddable":true,"href":"https:\/\/az.f-chain.com\/az\/wp-json\/wp\/v2\/media\/55456"}],"wp:attachment":[{"href":"https:\/\/az.f-chain.com\/az\/wp-json\/wp\/v2\/media?parent=56052"}],"curies":[{"name":"wp","href":"https:\/\/api.w.org\/{rel}","templated":true}]}}