{"id":56040,"date":"2025-10-01T15:27:00","date_gmt":"2025-10-01T12:27:00","guid":{"rendered":"https:\/\/az.f-chain.com\/?page_id=56040"},"modified":"2025-10-01T15:52:00","modified_gmt":"2025-10-01T12:52:00","slug":"neft-v%c9%99-qaz-huququ","status":"publish","type":"page","link":"https:\/\/az.f-chain.com\/az\/neft-v%c9%99-qaz-huququ\/","title":{"rendered":"Neft v\u0259 qaz h\u00fcququ"},"content":{"rendered":"<div class=\"wpb-content-wrapper\"><p>[vc_row][vc_column][vc_column_text]Enerji layih\u0259l\u0259rind\u0259 lisenziyala\u015fd\u0131rma, hasilat\u0131n pay b\u00f6lg\u00fcs\u00fc sazi\u015fl\u0259ri, birg\u0259 m\u00fc\u0259ssis\u0259l\u0259r v\u0259 \u0259traf enerji layih\u0259l\u0259rind\u0259 ekologiya t\u0259l\u0259bl\u0259rin\u0259 riay\u0259t olunmas\u0131.<\/p>\n<p><strong>Financial Chain Corporation (FCHAIN)<\/strong> Az\u0259rbaycanda daha geni\u015f <strong>enerji v\u0259 b\u0259rpa olunan enerji sektoru <\/strong>da daxil olmaqla, <strong>neft v\u0259 qaz s\u0259nayesind\u0259<\/strong> ixtisasla\u015fm\u0131\u015f h\u00fcquqi m\u0259sl\u0259h\u0259tl\u0259r t\u0259klif edir. Uzun ill\u0259rin t\u0259cr\u00fcb\u0259si v\u0259 milli v\u0259 beyn\u0259lxalq enerji qanunvericiliyini d\u0259rind\u0259n d\u0259rk etm\u0259yimiz biz\u0259 neft v\u0259 qaz\u0131n hasilat\u0131, n\u0259qli v\u0259 marketinqi sah\u0259sind\u0259 f\u0259aliyy\u0259t g\u00f6st\u0259r\u0259n \u015firk\u0259tl\u0259r\u0259 tam h\u00fcquqi d\u0259st\u0259k verm\u0259y\u0259 imkan verir.<\/p>\n<p>M\u00fcqavil\u0259 dan\u0131\u015f\u0131qlar\u0131 v\u0259 lisenziyala\u015fd\u0131rmadan tutmu\u015f \u0259traf m\u00fchit\u0259 v\u0259 vergil\u0259r\u0259 uy\u011funlu\u011fa q\u0259d\u0259r bizim xidm\u0259tl\u0259rimiz Az\u0259rbaycanda v\u0259 onun h\u00fcdudlar\u0131ndan k\u0259narda enerji layih\u0259l\u0259rinin <strong>qanuni, s\u0259m\u0259r\u0259li v\u0259 davaml\u0131 istismar\u0131n\u0131<\/strong> t\u0259min etm\u0259y\u0259 y\u00f6n\u0259lib.<\/p>\n<p><strong>\u00a0<\/strong>[\/vc_column_text][\/vc_column][\/vc_row][vc_row equal_height=&#8221;yes&#8221; content_placement=&#8221;middle&#8221; css_animation=&#8221;bounceInLeft&#8221;][vc_column width=&#8221;1\/2&#8243;][vc_column_text]<strong>M\u00fcqavil\u0259l\u0259r \u00fczr\u0259 dan\u0131\u015f\u0131qlar v\u0259 t\u0259msil\u00e7ilik <\/strong><\/p>\n<p>Biz neft v\u0259 qaz s\u0259nayesind\u0259 podrat\u00e7\u0131lar, subpodrat\u00e7\u0131lar v\u0259 d\u00f6vl\u0259t qurumlar\u0131 il\u0259 m\u00fcr\u0259kk\u0259b dan\u0131\u015f\u0131qlarda maraqlar\u0131 t\u0259msil etm\u0259k \u00fc\u00e7\u00fcn ekspert h\u00fcquqi xidm\u0259tl\u0259ri g\u00f6st\u0259ririk. Bizim v\u0259zif\u0259miz a\u015fa\u011f\u0131dak\u0131lard\u0131r:<\/p>\n<ul>\n<li><strong>Kommersiya m\u00fcqavil\u0259l\u0259rinin<\/strong> haz\u0131rlanmas\u0131, n\u0259z\u0259rd\u0259n ke\u00e7irilm\u0259si v\u0259 dan\u0131\u015f\u0131qlar\u0131n apar\u0131lmas\u0131<\/li>\n<li>Y\u00fcks\u0259k d\u0259y\u0259rli, uzunm\u00fcdd\u0259tli enerji layih\u0259l\u0259rind\u0259 m\u00fc\u015ft\u0259ril\u0259rin maraqlar\u0131n\u0131n qorunmas\u0131<\/li>\n<li>M\u00fcqavil\u0259 \u015f\u0259rtl\u0259rinin Az\u0259rbaycan qanunvericiliyin\u0259 v\u0259 beyn\u0259lxalq standartlara uy\u011funlu\u011funun t\u0259min edilm\u0259si<\/li>\n<\/ul>\n<p><strong>Lisenziyala\u015fd\u0131rma v\u0259 t\u0259nziml\u0259yici orqanlar\u0131n icaz\u0259l\u0259ri<\/strong><\/p>\n<p>H\u00fcquqi komandam\u0131z m\u00fc\u015ft\u0259ril\u0259r\u0259 neft v\u0259 qaz f\u0259aliyy\u0259ti \u00fc\u00e7\u00fcn Az\u0259rbaycan hakimiyy\u0259ti t\u0259r\u0259find\u0259n istismar \u00fc\u00e7\u00fcn t\u0259l\u0259b olunan \u00a0lisenziyalar\u0131n v\u0259 icaz\u0259l\u0259rin tam \u00e7e\u015fidini \u0259ld\u0259 etm\u0259y\u0259 k\u00f6m\u0259k edir, o c\u00fcml\u0259d\u0259n:<\/p>\n<ul>\n<li>K\u0259\u015ffiyyat v\u0259 qazma icaz\u0259l\u0259ri<\/li>\n<li>Hasilat lisenziyalar\u0131<\/li>\n<li>\u018ftraf m\u00fchit v\u0259 t\u0259hl\u00fck\u0259sizlik sertifikatlar\u0131<\/li>\n<li>Normativ s\u0259n\u0259dl\u0259rin al\u0131nmas\u0131 v\u0259 m\u00fcdd\u0259tinin uzad\u0131lmas\u0131<\/li>\n<\/ul>\n<p>[\/vc_column_text][\/vc_column][vc_column width=&#8221;1\/2&#8243;][vc_single_image image=&#8221;55424&#8243; img_size=&#8221;full&#8221;][\/vc_column][\/vc_row][vc_row equal_height=&#8221;yes&#8221; content_placement=&#8221;middle&#8221; css_animation=&#8221;bounceInRight&#8221;][vc_column width=&#8221;1\/2&#8243;][vc_single_image image=&#8221;55430&#8243; img_size=&#8221;full&#8221;][\/vc_column][vc_column width=&#8221;1\/2&#8243;][vc_column_text]<strong>\u018fsas s\u0259naye m\u00fcqavil\u0259l\u0259ri \u00fczr\u0259 m\u0259sl\u0259h\u0259tl\u0259r<\/strong><\/p>\n<p>Biz b\u00f6y\u00fck v\u0259 m\u00fcr\u0259kk\u0259b enerji sazi\u015fl\u0259rinin strukturla\u015fd\u0131r\u0131lmas\u0131, t\u0259rtib edilm\u0259si v\u0259 ba\u011flanmas\u0131 \u00a0\u00fczr\u0259 m\u0259sl\u0259h\u0259tl\u0259r veririk, m\u0259s\u0259l\u0259n:<\/p>\n<ul>\n<li><strong>Hasilat\u0131n Pay B\u00f6lg\u00fcs\u00fc Sazi\u015fl\u0259ri (PSA)<\/strong><\/li>\n<li><strong>Ev sahibi H\u00f6kum\u0259t Sazi\u015fl\u0259ri (HGA)<\/strong><\/li>\n<li><strong>Birg\u0259 \u018fm\u0259liyyat Sazi\u015fl\u0259ri (JOA)<\/strong><\/li>\n<li><strong>M\u00fch\u0259ndislik, Sat\u0131nalma v\u0259 Tikinti (EPC) m\u00fcqavil\u0259l\u0259ri<\/strong><\/li>\n<li><strong>Podrat\u00e7\u0131lar v\u0259 subpodrat\u00e7\u0131larla qazma m\u00fcqavil\u0259l\u0259ri v\u0259 Xidm\u0259t M\u00fcqavil\u0259l\u0259ri<\/strong><\/li>\n<\/ul>\n<p>H\u00fcquqi t\u0259cr\u00fcb\u0259miz bu m\u00fcqavil\u0259l\u0259rin qanuni q\u00fcvv\u0259y\u0259 malik olmas\u0131n\u0131, vergi bax\u0131m\u0131ndan s\u0259m\u0259r\u0259li olmas\u0131n\u0131 v\u0259 riskl\u0259ri minimuma endirm\u0259sini t\u0259min edir.[\/vc_column_text][\/vc_column][\/vc_row][vc_row equal_height=&#8221;yes&#8221; content_placement=&#8221;middle&#8221; css_animation=&#8221;bounceInLeft&#8221;][vc_column width=&#8221;1\/2&#8243;][vc_column_text]<strong>Ekoloji normalara riay\u0259t olunmas\u0131 \u00fczr\u0259 m\u0259sl\u0259h\u0259tl\u0259r<\/strong><\/p>\n<p>Az\u0259rbaycan\u0131n enerji sektoru, x\u00fcsusil\u0259 neft-qaz sektoru, ciddi ekoloji norma v\u0259 qaydalarla t\u0259nziml\u0259nir. Biz m\u00fc\u015ft\u0259ril\u0259r\u0259<\/p>\n<ul>\n<li><strong>Yerli ekoloji qanunvericiliy\u0259<\/strong> uy\u011funluq \u00fczr\u0259 m\u0259sl\u0259h\u0259t<\/li>\n<li><strong>Neft v\u0259 qaz\u0131n k\u0259\u015ffiyyat\u0131, hasilat\u0131 v\u0259 n\u0259qli<\/strong> il\u0259 ba\u011fl\u0131 h\u00fcquqi riskl\u0259rin azald\u0131lmas\u0131<\/li>\n<li>T\u0259nziml\u0259yici auditl\u0259r v\u0259 \u0259traf m\u00fchitin m\u00fchafiz\u0259si hesabatlar\u0131 il\u0259 ba\u011fl\u0131 yard\u0131m<\/li>\n<\/ul>\n<p>t\u0259klif etm\u0259kl\u0259 d\u0259st\u0259k oluruq.<\/p>\n<p><strong>PSA\/HPBS layih\u0259l\u0259ri \u00fc\u00e7\u00fcn \u018fDV-d\u0259n azad olunma<\/strong><\/p>\n<p>Biz enerji \u015firk\u0259tl\u0259rin\u0259 <strong>Hasilat\u0131n Pay B\u00f6lg\u00fcs\u00fc Sazi\u015fl\u0259ri (HPBS\/PSA)<\/strong> \u00e7\u0259r\u00e7iv\u0259sind\u0259 t\u0259tbiq olunan <strong>\u018fDV-d\u0259n azad olma sertifikatlar\u0131 \u0259ld\u0259 etm\u0259y\u0259<\/strong> k\u00f6m\u0259k edirik. D\u0259st\u0259yimiz a\u015fa\u011f\u0131dak\u0131lar\u0131 \u0259hat\u0259 edir:<\/p>\n<ul>\n<li>PSA\/HPBS m\u00fcqavil\u0259 \u015f\u0259rtl\u0259rinin t\u0259l\u0259bl\u0259r\u0259 uy\u011funlu\u011funun yoxlan\u0131lmas\u0131<\/li>\n<li>\u018friz\u0259 s\u0259n\u0259dl\u0259rinin haz\u0131rlanmas\u0131<\/li>\n<li>icaz\u0259l\u0259ri vaxt\u0131nda almaq \u00fc\u00e7\u00fcn vergi v\u0259 t\u0259nziml\u0259yici orqanlarla qar\u015f\u0131l\u0131ql\u0131 \u0259laq\u0259<\/li>\n<\/ul>\n<p>[\/vc_column_text][\/vc_column][vc_column width=&#8221;1\/2&#8243;][vc_single_image image=&#8221;55427&#8243; img_size=&#8221;full&#8221;][\/vc_column][\/vc_row][vc_row css_animation=&#8221;bounceInDown&#8221;][vc_column][vc_column_text]\u0130st\u0259r yeni enerji layih\u0259si haz\u0131rlay\u0131rs\u0131n\u0131z, ist\u0259rs\u0259 d\u0259 cari f\u0259aliyy\u0259tinizin h\u00fcquqi inc\u0259likl\u0259rini ara\u015fd\u0131r\u0131rs\u0131n\u0131z, <strong>FCHAIN<\/strong> Az\u0259rbaycan\u0131n enerji sektorunda u\u011furunuz \u00fc\u00e7\u00fcn h\u00fcquqi bazan\u0131 t\u0259min edir.[\/vc_column_text][\/vc_column][\/vc_row]<\/p>\n<\/div>","protected":false},"excerpt":{"rendered":"<p>[vc_row][vc_column][vc_column_text]Enerji layih\u0259l\u0259rind\u0259 lisenziyala\u015fd\u0131rma, hasilat\u0131n pay b\u00f6lg\u00fcs\u00fc sazi\u015fl\u0259ri, birg\u0259 m\u00fc\u0259ssis\u0259l\u0259r v\u0259 \u0259traf enerji layih\u0259l\u0259rind\u0259 ekologiya t\u0259l\u0259bl\u0259rin\u0259 riay\u0259t olunmas\u0131. Financial Chain Corporation (FCHAIN) Az\u0259rbaycanda daha geni\u015f enerji v\u0259 b\u0259rpa olunan enerji sektoru da daxil olmaqla, neft v\u0259 qaz s\u0259nayesind\u0259 ixtisasla\u015fm\u0131\u015f h\u00fcquqi m\u0259sl\u0259h\u0259tl\u0259r t\u0259klif edir. Uzun ill\u0259rin t\u0259cr\u00fcb\u0259si v\u0259 milli v\u0259 beyn\u0259lxalq enerji qanunvericiliyini d\u0259rind\u0259n d\u0259rk etm\u0259yimiz biz\u0259<\/p>\n","protected":false},"author":6,"featured_media":55425,"parent":0,"menu_order":0,"comment_status":"closed","ping_status":"closed","template":"","meta":{"_acf_changed":false,"footnotes":""},"class_list":["post-56040","page","type-page","status-publish","hentry"],"acf":[],"yoast_head":"<!-- This site is optimized with the Yoast SEO plugin v27.3 - https:\/\/yoast.com\/product\/yoast-seo-wordpress\/ -->\n<title>Neft v\u0259 qaz h\u00fcququ - FChain<\/title>\n<meta name=\"robots\" content=\"index, follow, max-snippet:-1, max-image-preview:large, max-video-preview:-1\" \/>\n<link rel=\"canonical\" href=\"https:\/\/az.f-chain.com\/az\/neft-v\u0259-qaz-huququ\/\" \/>\n<meta property=\"og:locale\" content=\"az_AZ\" \/>\n<meta property=\"og:type\" content=\"article\" \/>\n<meta property=\"og:title\" content=\"Neft v\u0259 qaz h\u00fcququ - FChain\" \/>\n<meta property=\"og:description\" content=\"[vc_row][vc_column][vc_column_text]Enerji layih\u0259l\u0259rind\u0259 lisenziyala\u015fd\u0131rma, hasilat\u0131n pay b\u00f6lg\u00fcs\u00fc sazi\u015fl\u0259ri, birg\u0259 m\u00fc\u0259ssis\u0259l\u0259r v\u0259 \u0259traf enerji layih\u0259l\u0259rind\u0259 ekologiya t\u0259l\u0259bl\u0259rin\u0259 riay\u0259t olunmas\u0131. Financial Chain Corporation (FCHAIN) Az\u0259rbaycanda daha geni\u015f enerji v\u0259 b\u0259rpa olunan enerji sektoru da daxil olmaqla, neft v\u0259 qaz s\u0259nayesind\u0259 ixtisasla\u015fm\u0131\u015f h\u00fcquqi m\u0259sl\u0259h\u0259tl\u0259r t\u0259klif edir. Uzun ill\u0259rin t\u0259cr\u00fcb\u0259si v\u0259 milli v\u0259 beyn\u0259lxalq enerji qanunvericiliyini d\u0259rind\u0259n d\u0259rk etm\u0259yimiz biz\u0259\" \/>\n<meta property=\"og:url\" content=\"https:\/\/az.f-chain.com\/az\/neft-v\u0259-qaz-huququ\/\" \/>\n<meta property=\"og:site_name\" content=\"FChain\" \/>\n<meta property=\"article:modified_time\" content=\"2025-10-01T12:52:00+00:00\" \/>\n<meta property=\"og:image\" content=\"https:\/\/az.f-chain.com\/wp-content\/uploads\/2025\/07\/pump-jack-oil-well-2024-11-25-23-45-58-utc-scaled.jpg\" \/>\n\t<meta property=\"og:image:width\" content=\"2560\" \/>\n\t<meta property=\"og:image:height\" content=\"1706\" \/>\n\t<meta property=\"og:image:type\" content=\"image\/jpeg\" \/>\n<meta name=\"twitter:card\" content=\"summary_large_image\" \/>\n<script type=\"application\/ld+json\" class=\"yoast-schema-graph\">{\"@context\":\"https:\\\/\\\/schema.org\",\"@graph\":[{\"@type\":\"WebPage\",\"@id\":\"https:\\\/\\\/az.f-chain.com\\\/az\\\/neft-v%c9%99-qaz-huququ\\\/\",\"url\":\"https:\\\/\\\/az.f-chain.com\\\/az\\\/neft-v%c9%99-qaz-huququ\\\/\",\"name\":\"Neft v\u0259 qaz h\u00fcququ - FChain\",\"isPartOf\":{\"@id\":\"https:\\\/\\\/az.f-chain.com\\\/#website\"},\"primaryImageOfPage\":{\"@id\":\"https:\\\/\\\/az.f-chain.com\\\/az\\\/neft-v%c9%99-qaz-huququ\\\/#primaryimage\"},\"image\":{\"@id\":\"https:\\\/\\\/az.f-chain.com\\\/az\\\/neft-v%c9%99-qaz-huququ\\\/#primaryimage\"},\"thumbnailUrl\":\"https:\\\/\\\/az.f-chain.com\\\/wp-content\\\/uploads\\\/2025\\\/07\\\/pump-jack-oil-well-2024-11-25-23-45-58-utc-scaled.jpg\",\"datePublished\":\"2025-10-01T12:27:00+00:00\",\"dateModified\":\"2025-10-01T12:52:00+00:00\",\"breadcrumb\":{\"@id\":\"https:\\\/\\\/az.f-chain.com\\\/az\\\/neft-v%c9%99-qaz-huququ\\\/#breadcrumb\"},\"inLanguage\":\"az\",\"potentialAction\":[{\"@type\":\"ReadAction\",\"target\":[\"https:\\\/\\\/az.f-chain.com\\\/az\\\/neft-v%c9%99-qaz-huququ\\\/\"]}]},{\"@type\":\"ImageObject\",\"inLanguage\":\"az\",\"@id\":\"https:\\\/\\\/az.f-chain.com\\\/az\\\/neft-v%c9%99-qaz-huququ\\\/#primaryimage\",\"url\":\"https:\\\/\\\/az.f-chain.com\\\/wp-content\\\/uploads\\\/2025\\\/07\\\/pump-jack-oil-well-2024-11-25-23-45-58-utc-scaled.jpg\",\"contentUrl\":\"https:\\\/\\\/az.f-chain.com\\\/wp-content\\\/uploads\\\/2025\\\/07\\\/pump-jack-oil-well-2024-11-25-23-45-58-utc-scaled.jpg\",\"width\":2560,\"height\":1706,\"caption\":\"An oil pump jack on the middle of the wheat field with the beautiful sunset sky. A pump jack is a device used in the petroleum industry to extract crude oil from an oil well where there is not high enough pressure in the well to force the oil to the surface.\"},{\"@type\":\"BreadcrumbList\",\"@id\":\"https:\\\/\\\/az.f-chain.com\\\/az\\\/neft-v%c9%99-qaz-huququ\\\/#breadcrumb\",\"itemListElement\":[{\"@type\":\"ListItem\",\"position\":1,\"name\":\"Home\",\"item\":\"https:\\\/\\\/az.f-chain.com\\\/az\\\/\"},{\"@type\":\"ListItem\",\"position\":2,\"name\":\"Neft v\u0259 qaz h\u00fcququ\"}]},{\"@type\":\"WebSite\",\"@id\":\"https:\\\/\\\/az.f-chain.com\\\/#website\",\"url\":\"https:\\\/\\\/az.f-chain.com\\\/\",\"name\":\"FChain\",\"description\":\"Azerbaijan\",\"potentialAction\":[{\"@type\":\"SearchAction\",\"target\":{\"@type\":\"EntryPoint\",\"urlTemplate\":\"https:\\\/\\\/az.f-chain.com\\\/?s={search_term_string}\"},\"query-input\":{\"@type\":\"PropertyValueSpecification\",\"valueRequired\":true,\"valueName\":\"search_term_string\"}}],\"inLanguage\":\"az\"}]}<\/script>\n<!-- \/ Yoast SEO plugin. -->","yoast_head_json":{"title":"Neft v\u0259 qaz h\u00fcququ - FChain","robots":{"index":"index","follow":"follow","max-snippet":"max-snippet:-1","max-image-preview":"max-image-preview:large","max-video-preview":"max-video-preview:-1"},"canonical":"https:\/\/az.f-chain.com\/az\/neft-v\u0259-qaz-huququ\/","og_locale":"az_AZ","og_type":"article","og_title":"Neft v\u0259 qaz h\u00fcququ - FChain","og_description":"[vc_row][vc_column][vc_column_text]Enerji layih\u0259l\u0259rind\u0259 lisenziyala\u015fd\u0131rma, hasilat\u0131n pay b\u00f6lg\u00fcs\u00fc sazi\u015fl\u0259ri, birg\u0259 m\u00fc\u0259ssis\u0259l\u0259r v\u0259 \u0259traf enerji layih\u0259l\u0259rind\u0259 ekologiya t\u0259l\u0259bl\u0259rin\u0259 riay\u0259t olunmas\u0131. Financial Chain Corporation (FCHAIN) Az\u0259rbaycanda daha geni\u015f enerji v\u0259 b\u0259rpa olunan enerji sektoru da daxil olmaqla, neft v\u0259 qaz s\u0259nayesind\u0259 ixtisasla\u015fm\u0131\u015f h\u00fcquqi m\u0259sl\u0259h\u0259tl\u0259r t\u0259klif edir. Uzun ill\u0259rin t\u0259cr\u00fcb\u0259si v\u0259 milli v\u0259 beyn\u0259lxalq enerji qanunvericiliyini d\u0259rind\u0259n d\u0259rk etm\u0259yimiz biz\u0259","og_url":"https:\/\/az.f-chain.com\/az\/neft-v\u0259-qaz-huququ\/","og_site_name":"FChain","article_modified_time":"2025-10-01T12:52:00+00:00","og_image":[{"width":2560,"height":1706,"url":"https:\/\/az.f-chain.com\/wp-content\/uploads\/2025\/07\/pump-jack-oil-well-2024-11-25-23-45-58-utc-scaled.jpg","type":"image\/jpeg"}],"twitter_card":"summary_large_image","schema":{"@context":"https:\/\/schema.org","@graph":[{"@type":"WebPage","@id":"https:\/\/az.f-chain.com\/az\/neft-v%c9%99-qaz-huququ\/","url":"https:\/\/az.f-chain.com\/az\/neft-v%c9%99-qaz-huququ\/","name":"Neft v\u0259 qaz h\u00fcququ - FChain","isPartOf":{"@id":"https:\/\/az.f-chain.com\/#website"},"primaryImageOfPage":{"@id":"https:\/\/az.f-chain.com\/az\/neft-v%c9%99-qaz-huququ\/#primaryimage"},"image":{"@id":"https:\/\/az.f-chain.com\/az\/neft-v%c9%99-qaz-huququ\/#primaryimage"},"thumbnailUrl":"https:\/\/az.f-chain.com\/wp-content\/uploads\/2025\/07\/pump-jack-oil-well-2024-11-25-23-45-58-utc-scaled.jpg","datePublished":"2025-10-01T12:27:00+00:00","dateModified":"2025-10-01T12:52:00+00:00","breadcrumb":{"@id":"https:\/\/az.f-chain.com\/az\/neft-v%c9%99-qaz-huququ\/#breadcrumb"},"inLanguage":"az","potentialAction":[{"@type":"ReadAction","target":["https:\/\/az.f-chain.com\/az\/neft-v%c9%99-qaz-huququ\/"]}]},{"@type":"ImageObject","inLanguage":"az","@id":"https:\/\/az.f-chain.com\/az\/neft-v%c9%99-qaz-huququ\/#primaryimage","url":"https:\/\/az.f-chain.com\/wp-content\/uploads\/2025\/07\/pump-jack-oil-well-2024-11-25-23-45-58-utc-scaled.jpg","contentUrl":"https:\/\/az.f-chain.com\/wp-content\/uploads\/2025\/07\/pump-jack-oil-well-2024-11-25-23-45-58-utc-scaled.jpg","width":2560,"height":1706,"caption":"An oil pump jack on the middle of the wheat field with the beautiful sunset sky. A pump jack is a device used in the petroleum industry to extract crude oil from an oil well where there is not high enough pressure in the well to force the oil to the surface."},{"@type":"BreadcrumbList","@id":"https:\/\/az.f-chain.com\/az\/neft-v%c9%99-qaz-huququ\/#breadcrumb","itemListElement":[{"@type":"ListItem","position":1,"name":"Home","item":"https:\/\/az.f-chain.com\/az\/"},{"@type":"ListItem","position":2,"name":"Neft v\u0259 qaz h\u00fcququ"}]},{"@type":"WebSite","@id":"https:\/\/az.f-chain.com\/#website","url":"https:\/\/az.f-chain.com\/","name":"FChain","description":"Azerbaijan","potentialAction":[{"@type":"SearchAction","target":{"@type":"EntryPoint","urlTemplate":"https:\/\/az.f-chain.com\/?s={search_term_string}"},"query-input":{"@type":"PropertyValueSpecification","valueRequired":true,"valueName":"search_term_string"}}],"inLanguage":"az"}]}},"_links":{"self":[{"href":"https:\/\/az.f-chain.com\/az\/wp-json\/wp\/v2\/pages\/56040","targetHints":{"allow":["GET"]}}],"collection":[{"href":"https:\/\/az.f-chain.com\/az\/wp-json\/wp\/v2\/pages"}],"about":[{"href":"https:\/\/az.f-chain.com\/az\/wp-json\/wp\/v2\/types\/page"}],"author":[{"embeddable":true,"href":"https:\/\/az.f-chain.com\/az\/wp-json\/wp\/v2\/users\/6"}],"replies":[{"embeddable":true,"href":"https:\/\/az.f-chain.com\/az\/wp-json\/wp\/v2\/comments?post=56040"}],"version-history":[{"count":1,"href":"https:\/\/az.f-chain.com\/az\/wp-json\/wp\/v2\/pages\/56040\/revisions"}],"predecessor-version":[{"id":56048,"href":"https:\/\/az.f-chain.com\/az\/wp-json\/wp\/v2\/pages\/56040\/revisions\/56048"}],"wp:featuredmedia":[{"embeddable":true,"href":"https:\/\/az.f-chain.com\/az\/wp-json\/wp\/v2\/media\/55425"}],"wp:attachment":[{"href":"https:\/\/az.f-chain.com\/az\/wp-json\/wp\/v2\/media?parent=56040"}],"curies":[{"name":"wp","href":"https:\/\/api.w.org\/{rel}","templated":true}]}}