{"id":56028,"date":"2025-10-01T15:14:57","date_gmt":"2025-10-01T12:14:57","guid":{"rendered":"https:\/\/az.f-chain.com\/?page_id=56028"},"modified":"2025-10-01T15:16:11","modified_gmt":"2025-10-01T12:16:11","slug":"huquqi-ekspertiza","status":"publish","type":"page","link":"https:\/\/az.f-chain.com\/az\/huquqi-ekspertiza\/","title":{"rendered":"H\u00fcquqi ekspertiza"},"content":{"rendered":"<div class=\"wpb-content-wrapper\"><p>[vc_row][vc_column][vc_column_text]<strong>Financial Chain Corporation (FCHAIN)<\/strong> <strong>birl\u0259\u015fm\u0259, sat\u0131nalma, t\u0259r\u0259fda\u015fl\u0131q<\/strong> v\u0259 dig\u0259r korporativ \u0259m\u0259liyyatlar kontekstind\u0259 h\u00fcquqi riskl\u0259rin m\u00fc\u0259yy\u0259n edilm\u0259sin\u0259, t\u0259l\u0259bl\u0259r\u0259 uy\u011funlu\u011fun yoxlanmas\u0131na v\u0259 \u00f6hd\u0259likl\u0259rin qiym\u0259tl\u0259ndirilm\u0259sin\u0259 y\u00f6n\u0259lmi\u015f h\u0259rt\u0259r\u0259fli <strong>h\u00fcquqi audit<\/strong> xidm\u0259tl\u0259ri t\u0259klif edir. Bizim h\u00fcquqi audit xidm\u0259tl\u0259rimiz m\u00fc\u015ft\u0259ril\u0259r\u0259 \u0259sasland\u0131r\u0131lm\u0131\u015f q\u0259rarlar q\u0259bul etm\u0259y\u0259, riskl\u0259ri minimuma endirm\u0259y\u0259 v\u0259 investisiyalar\u0131n\u0131n v\u0259 ya biznes \u0259m\u0259liyyatlar\u0131n\u0131n uzunm\u00fcdd\u0259tli u\u011furunu t\u0259min etm\u0259y\u0259 k\u00f6m\u0259k ed\u0259n strateji m\u0259lumat t\u0259qdim edir.<\/p>\n<p>M\u00fcqavil\u0259l\u0259rin, korporativ strukturun, normativ t\u0259l\u0259bl\u0259r\u0259 uy\u011funlu\u011fun v\u0259 m\u0259hk\u0259m\u0259 \u00e7\u0259ki\u015fm\u0259l\u0259rinin tarixinin strukturla\u015fd\u0131r\u0131lm\u0131\u015f h\u00fcquqi t\u0259hlilini t\u0259min etm\u0259kl\u0259 biz siz\u0259 inamla ir\u0259lil\u0259m\u0259k \u00fc\u00e7\u00fcn laz\u0131m olan ayd\u0131nl\u0131\u011f\u0131 v\u0259 inam\u0131 t\u0259min edirik.[\/vc_column_text][\/vc_column][\/vc_row][vc_row equal_height=&#8221;yes&#8221; content_placement=&#8221;middle&#8221; css_animation=&#8221;bounceInLeft&#8221;][vc_column width=&#8221;1\/2&#8243;][vc_column_text]<strong>M\u00fcqavil\u0259l\u0259rin auditi<\/strong><\/p>\n<p>Biz kommersiya m\u00fcqavil\u0259l\u0259ri, t\u0259chizat m\u00fcqavil\u0259l\u0259ri, lisenziya m\u00fcqavil\u0259l\u0259ri v\u0259 m\u0259\u015f\u011fulluq \u015f\u0259rtl\u0259ri daxil olmaqla, b\u00fct\u00fcn notariat \u0259m\u0259liyyatlar\u0131n\u0131 \u0259trafl\u0131 n\u0259z\u0259rd\u0259n ke\u00e7iririk. M\u0259qs\u0259dimiz:<\/p>\n<ul>\n<li>H\u00fcquqi uy\u011funsuzluqlar\u0131 v\u0259 bo\u015fluqlar\u0131 m\u00fc\u0259yy\u0259n etm\u0259k<\/li>\n<li>Potensial \u00f6hd\u0259likl\u0259ri v\u0259 riskl\u0259ri qiym\u0259tl\u0259ndirm\u0259k<\/li>\n<li>\u015e\u0259rtl\u0259ri g\u00fccl\u0259ndirm\u0259k v\u0259 onlara riay\u0259t edilm\u0259sini t\u0259min etm\u0259k \u00fc\u00e7\u00fcn d\u0259yi\u015fiklikl\u0259ri t\u00f6vsiy\u0259 etm\u0259kdir.<\/li>\n<\/ul>\n<p>Bu, \u0259m\u0259liyyata girm\u0259zd\u0259n \u0259vv\u0259l m\u00fc\u015ft\u0259ril\u0259r\u0259 m\u00fcqavil\u0259 riskl\u0259rini v\u0259 \u00f6hd\u0259likl\u0259rini qiym\u0259tl\u0259ndirm\u0259y\u0259 k\u00f6m\u0259k edir.<\/p>\n<p><strong>Korporativ Struktur Auditi<\/strong><\/p>\n<p>Biz h\u0259d\u0259f \u015firk\u0259tin h\u00fcquqi v\u0259 \u0259m\u0259liyyat strukturunu qiym\u0259tl\u0259ndiririk, o c\u00fcml\u0259d\u0259n:<\/p>\n<ul>\n<li>S\u0259hml\u0259rin strukturu v\u0259 kapital\u0131n strukturu<\/li>\n<li>Direktorlar \u015euras\u0131n\u0131n idar\u0259 edilm\u0259si v\u0259 q\u0259rarlar\u0131n q\u0259bulu prosedurlar\u0131<\/li>\n<li>T\u00f6r\u0259m\u0259 \u015firk\u0259tl\u0259rl\u0259 v\u0259 filiallarla \u0259laq\u0259l\u0259r<\/li>\n<li>Qanuni t\u0259l\u0259bl\u0259r\u0259 v\u0259 korporativ m\u0259qs\u0259dl\u0259r\u0259 uy\u011funluq<\/li>\n<\/ul>\n<p>Bu, \u015firk\u0259tin h\u00fcquqi m\u00f6hk\u0259mliyini v\u0259 biznes strategiyas\u0131n\u0131 s\u0259m\u0259r\u0259li \u015f\u0259kild\u0259 h\u0259yata ke\u00e7irm\u0259k qabiliyy\u0259tini t\u0259min edir.[\/vc_column_text][\/vc_column][vc_column width=&#8221;1\/2&#8243;][vc_single_image image=&#8221;55543&#8243; img_size=&#8221;full&#8221;][\/vc_column][\/vc_row][vc_row equal_height=&#8221;yes&#8221; content_placement=&#8221;middle&#8221; css_animation=&#8221;bounceInRight&#8221;][vc_column width=&#8221;1\/2&#8243;][vc_single_image image=&#8221;55538&#8243; img_size=&#8221;full&#8221;][\/vc_column][vc_column width=&#8221;1\/2&#8243;][vc_column_text]<strong>Normativ t\u0259l\u0259bl\u0259r\u0259 uy\u011funluq auditi<\/strong><\/p>\n<p>Biz h\u0259d\u0259f \u015firk\u0259tin a\u015fa\u011f\u0131dak\u0131 sah\u0259l\u0259rd\u0259 norma v\u0259 h\u00fcquqi standartlara uy\u011funlu\u011funu qiym\u0259tl\u0259ndiririk, m\u0259s\u0259l\u0259n:<\/p>\n<ul>\n<li>Lisenziya v\u0259 icaz\u0259l\u0259r<\/li>\n<li>M\u0259lumatlar\u0131n qorunmas\u0131 v\u0259 \u0259m\u0259k h\u00fcququ<\/li>\n<li>Vergi qanunlar\u0131na \u0259m\u0259l olunmas\u0131<\/li>\n<li>\u018ftraf m\u00fchit v\u0259 s\u0259naye normalar\u0131<\/li>\n<\/ul>\n<p>Bu audit \u0259m\u0259liyyata v\u0259 ya g\u0259l\u0259c\u0259k f\u0259aliyy\u0259tl\u0259r\u0259 t\u0259sir g\u00f6st\u0259r\u0259 bil\u0259c\u0259k t\u0259nziml\u0259yici risk sah\u0259l\u0259rini v\u0259 ya potensial h\u00fcquqi m\u0259ruz qalma sah\u0259l\u0259rini m\u00fc\u0259yy\u0259n etm\u0259y\u0259 k\u00f6m\u0259k edir.<\/p>\n<p><strong>M\u0259hk\u0259m\u0259 \u00e7\u0259ki\u015fm\u0259l\u0259rinin auditi<\/strong><\/p>\n<p>H\u00fcquq komandam\u0131z \u015firk\u0259tl\u0259 ba\u011fl\u0131 b\u00fct\u00fcn ba\u015fa \u00e7atmam\u0131\u015f, tamamlanan v\u0259 ya potensial m\u0259hk\u0259m\u0259 \u00e7\u0259ki\u015fm\u0259l\u0259rini t\u0259hlil edir. Biz a\u015fa\u011f\u0131dak\u0131lar\u0131 qiym\u0259tl\u0259ndiririk:<\/p>\n<ul>\n<li>H\u00fcquqi risk v\u0259 potensial maliyy\u0259 t\u0259siri<\/li>\n<li>M\u00fcbahis\u0259l\u0259rin h\u0259lli strategiyalar\u0131 v\u0259 i\u015fin cari statusu<\/li>\n<li>H\u00fcquqi m\u00fcdafi\u0259 vasit\u0259l\u0259rinin adekvatl\u0131\u011f\u0131 v\u0259 m\u0259hk\u0259m\u0259 prosedurlar\u0131na riay\u0259t edilm\u0259si<\/li>\n<\/ul>\n<p>Bu komponent m\u0259hk\u0259m\u0259 \u00e7\u0259ki\u015fm\u0259 riskini v\u0259 \u015firk\u0259tin h\u00fcquqi statusunu \u00f6l\u00e7m\u0259y\u0259 k\u00f6m\u0259k edir.[\/vc_column_text][\/vc_column][\/vc_row][vc_row css_animation=&#8221;bounceInDown&#8221;][vc_column][vc_column_text]\u0130st\u0259r \u015firk\u0259t \u0259ld\u0259 edirsiniz, ist\u0259r m\u00fc\u015ft\u0259r\u0259k m\u00fc\u0259ssis\u0259 yarad\u0131rs\u0131n\u0131z, ist\u0259rs\u0259 d\u0259 biznesinizi yenid\u0259n strukturla\u015fd\u0131r\u0131rs\u0131n\u0131z, <strong>FCHAIN-in h\u00fcquqi ekspertiza xidm\u0259tl\u0259ri<\/strong> siz\u0259 ayd\u0131nl\u0131q v\u0259 inamla i\u015f aparmaq \u00fc\u00e7\u00fcn laz\u0131m olan \u015f\u0259ffafl\u0131\u011f\u0131 t\u0259min ed\u0259c\u0259k.[\/vc_column_text][\/vc_column][\/vc_row]<\/p>\n<\/div>","protected":false},"excerpt":{"rendered":"<p>[vc_row][vc_column][vc_column_text]Financial Chain Corporation (FCHAIN) birl\u0259\u015fm\u0259, sat\u0131nalma, t\u0259r\u0259fda\u015fl\u0131q v\u0259 dig\u0259r korporativ \u0259m\u0259liyyatlar kontekstind\u0259 h\u00fcquqi riskl\u0259rin m\u00fc\u0259yy\u0259n edilm\u0259sin\u0259, t\u0259l\u0259bl\u0259r\u0259 uy\u011funlu\u011fun yoxlanmas\u0131na v\u0259 \u00f6hd\u0259likl\u0259rin qiym\u0259tl\u0259ndirilm\u0259sin\u0259 y\u00f6n\u0259lmi\u015f h\u0259rt\u0259r\u0259fli h\u00fcquqi audit xidm\u0259tl\u0259ri t\u0259klif edir. Bizim h\u00fcquqi audit xidm\u0259tl\u0259rimiz m\u00fc\u015ft\u0259ril\u0259r\u0259 \u0259sasland\u0131r\u0131lm\u0131\u015f q\u0259rarlar q\u0259bul etm\u0259y\u0259, riskl\u0259ri minimuma endirm\u0259y\u0259 v\u0259 investisiyalar\u0131n\u0131n v\u0259 ya biznes \u0259m\u0259liyyatlar\u0131n\u0131n uzunm\u00fcdd\u0259tli u\u011furunu t\u0259min etm\u0259y\u0259 k\u00f6m\u0259k ed\u0259n strateji m\u0259lumat<\/p>\n","protected":false},"author":6,"featured_media":55535,"parent":0,"menu_order":0,"comment_status":"closed","ping_status":"closed","template":"","meta":{"_acf_changed":false,"footnotes":""},"class_list":["post-56028","page","type-page","status-publish","hentry"],"acf":[],"yoast_head":"<!-- This site is optimized with the Yoast SEO plugin v27.3 - https:\/\/yoast.com\/product\/yoast-seo-wordpress\/ -->\n<title>H\u00fcquqi ekspertiza - FChain<\/title>\n<meta name=\"robots\" content=\"index, follow, max-snippet:-1, max-image-preview:large, max-video-preview:-1\" \/>\n<link rel=\"canonical\" href=\"https:\/\/az.f-chain.com\/az\/huquqi-ekspertiza\/\" \/>\n<meta property=\"og:locale\" content=\"az_AZ\" \/>\n<meta property=\"og:type\" content=\"article\" \/>\n<meta property=\"og:title\" content=\"H\u00fcquqi ekspertiza - FChain\" \/>\n<meta property=\"og:description\" content=\"[vc_row][vc_column][vc_column_text]Financial Chain Corporation (FCHAIN) birl\u0259\u015fm\u0259, sat\u0131nalma, t\u0259r\u0259fda\u015fl\u0131q v\u0259 dig\u0259r korporativ \u0259m\u0259liyyatlar kontekstind\u0259 h\u00fcquqi riskl\u0259rin m\u00fc\u0259yy\u0259n edilm\u0259sin\u0259, t\u0259l\u0259bl\u0259r\u0259 uy\u011funlu\u011fun yoxlanmas\u0131na v\u0259 \u00f6hd\u0259likl\u0259rin qiym\u0259tl\u0259ndirilm\u0259sin\u0259 y\u00f6n\u0259lmi\u015f h\u0259rt\u0259r\u0259fli h\u00fcquqi audit xidm\u0259tl\u0259ri t\u0259klif edir. Bizim h\u00fcquqi audit xidm\u0259tl\u0259rimiz m\u00fc\u015ft\u0259ril\u0259r\u0259 \u0259sasland\u0131r\u0131lm\u0131\u015f q\u0259rarlar q\u0259bul etm\u0259y\u0259, riskl\u0259ri minimuma endirm\u0259y\u0259 v\u0259 investisiyalar\u0131n\u0131n v\u0259 ya biznes \u0259m\u0259liyyatlar\u0131n\u0131n uzunm\u00fcdd\u0259tli u\u011furunu t\u0259min etm\u0259y\u0259 k\u00f6m\u0259k ed\u0259n strateji m\u0259lumat\" \/>\n<meta property=\"og:url\" content=\"https:\/\/az.f-chain.com\/az\/huquqi-ekspertiza\/\" \/>\n<meta property=\"og:site_name\" content=\"FChain\" \/>\n<meta property=\"article:modified_time\" content=\"2025-10-01T12:16:11+00:00\" \/>\n<meta property=\"og:image\" content=\"https:\/\/az.f-chain.com\/wp-content\/uploads\/2025\/07\/good-service-cooperation-consultation-of-business-2025-01-16-13-11-34-utc-scaled.jpg\" \/>\n\t<meta property=\"og:image:width\" content=\"2560\" \/>\n\t<meta property=\"og:image:height\" content=\"1273\" \/>\n\t<meta property=\"og:image:type\" content=\"image\/jpeg\" \/>\n<meta name=\"twitter:card\" content=\"summary_large_image\" \/>\n<script type=\"application\/ld+json\" class=\"yoast-schema-graph\">{\"@context\":\"https:\\\/\\\/schema.org\",\"@graph\":[{\"@type\":\"WebPage\",\"@id\":\"https:\\\/\\\/az.f-chain.com\\\/az\\\/huquqi-ekspertiza\\\/\",\"url\":\"https:\\\/\\\/az.f-chain.com\\\/az\\\/huquqi-ekspertiza\\\/\",\"name\":\"H\u00fcquqi ekspertiza - FChain\",\"isPartOf\":{\"@id\":\"https:\\\/\\\/az.f-chain.com\\\/#website\"},\"primaryImageOfPage\":{\"@id\":\"https:\\\/\\\/az.f-chain.com\\\/az\\\/huquqi-ekspertiza\\\/#primaryimage\"},\"image\":{\"@id\":\"https:\\\/\\\/az.f-chain.com\\\/az\\\/huquqi-ekspertiza\\\/#primaryimage\"},\"thumbnailUrl\":\"https:\\\/\\\/az.f-chain.com\\\/wp-content\\\/uploads\\\/2025\\\/07\\\/good-service-cooperation-consultation-of-business-2025-01-16-13-11-34-utc-scaled.jpg\",\"datePublished\":\"2025-10-01T12:14:57+00:00\",\"dateModified\":\"2025-10-01T12:16:11+00:00\",\"breadcrumb\":{\"@id\":\"https:\\\/\\\/az.f-chain.com\\\/az\\\/huquqi-ekspertiza\\\/#breadcrumb\"},\"inLanguage\":\"az\",\"potentialAction\":[{\"@type\":\"ReadAction\",\"target\":[\"https:\\\/\\\/az.f-chain.com\\\/az\\\/huquqi-ekspertiza\\\/\"]}]},{\"@type\":\"ImageObject\",\"inLanguage\":\"az\",\"@id\":\"https:\\\/\\\/az.f-chain.com\\\/az\\\/huquqi-ekspertiza\\\/#primaryimage\",\"url\":\"https:\\\/\\\/az.f-chain.com\\\/wp-content\\\/uploads\\\/2025\\\/07\\\/good-service-cooperation-consultation-of-business-2025-01-16-13-11-34-utc-scaled.jpg\",\"contentUrl\":\"https:\\\/\\\/az.f-chain.com\\\/wp-content\\\/uploads\\\/2025\\\/07\\\/good-service-cooperation-consultation-of-business-2025-01-16-13-11-34-utc-scaled.jpg\",\"width\":2560,\"height\":1273,\"caption\":\"Good service cooperation, Consultation of Businesswoman and Male lawyer or judge counselor having team meeting with client, Law and Legal services concept..\"},{\"@type\":\"BreadcrumbList\",\"@id\":\"https:\\\/\\\/az.f-chain.com\\\/az\\\/huquqi-ekspertiza\\\/#breadcrumb\",\"itemListElement\":[{\"@type\":\"ListItem\",\"position\":1,\"name\":\"Home\",\"item\":\"https:\\\/\\\/az.f-chain.com\\\/az\\\/\"},{\"@type\":\"ListItem\",\"position\":2,\"name\":\"H\u00fcquqi ekspertiza\"}]},{\"@type\":\"WebSite\",\"@id\":\"https:\\\/\\\/az.f-chain.com\\\/#website\",\"url\":\"https:\\\/\\\/az.f-chain.com\\\/\",\"name\":\"FChain\",\"description\":\"Azerbaijan\",\"potentialAction\":[{\"@type\":\"SearchAction\",\"target\":{\"@type\":\"EntryPoint\",\"urlTemplate\":\"https:\\\/\\\/az.f-chain.com\\\/?s={search_term_string}\"},\"query-input\":{\"@type\":\"PropertyValueSpecification\",\"valueRequired\":true,\"valueName\":\"search_term_string\"}}],\"inLanguage\":\"az\"}]}<\/script>\n<!-- \/ Yoast SEO plugin. -->","yoast_head_json":{"title":"H\u00fcquqi ekspertiza - FChain","robots":{"index":"index","follow":"follow","max-snippet":"max-snippet:-1","max-image-preview":"max-image-preview:large","max-video-preview":"max-video-preview:-1"},"canonical":"https:\/\/az.f-chain.com\/az\/huquqi-ekspertiza\/","og_locale":"az_AZ","og_type":"article","og_title":"H\u00fcquqi ekspertiza - FChain","og_description":"[vc_row][vc_column][vc_column_text]Financial Chain Corporation (FCHAIN) birl\u0259\u015fm\u0259, sat\u0131nalma, t\u0259r\u0259fda\u015fl\u0131q v\u0259 dig\u0259r korporativ \u0259m\u0259liyyatlar kontekstind\u0259 h\u00fcquqi riskl\u0259rin m\u00fc\u0259yy\u0259n edilm\u0259sin\u0259, t\u0259l\u0259bl\u0259r\u0259 uy\u011funlu\u011fun yoxlanmas\u0131na v\u0259 \u00f6hd\u0259likl\u0259rin qiym\u0259tl\u0259ndirilm\u0259sin\u0259 y\u00f6n\u0259lmi\u015f h\u0259rt\u0259r\u0259fli h\u00fcquqi audit xidm\u0259tl\u0259ri t\u0259klif edir. Bizim h\u00fcquqi audit xidm\u0259tl\u0259rimiz m\u00fc\u015ft\u0259ril\u0259r\u0259 \u0259sasland\u0131r\u0131lm\u0131\u015f q\u0259rarlar q\u0259bul etm\u0259y\u0259, riskl\u0259ri minimuma endirm\u0259y\u0259 v\u0259 investisiyalar\u0131n\u0131n v\u0259 ya biznes \u0259m\u0259liyyatlar\u0131n\u0131n uzunm\u00fcdd\u0259tli u\u011furunu t\u0259min etm\u0259y\u0259 k\u00f6m\u0259k ed\u0259n strateji m\u0259lumat","og_url":"https:\/\/az.f-chain.com\/az\/huquqi-ekspertiza\/","og_site_name":"FChain","article_modified_time":"2025-10-01T12:16:11+00:00","og_image":[{"width":2560,"height":1273,"url":"https:\/\/az.f-chain.com\/wp-content\/uploads\/2025\/07\/good-service-cooperation-consultation-of-business-2025-01-16-13-11-34-utc-scaled.jpg","type":"image\/jpeg"}],"twitter_card":"summary_large_image","schema":{"@context":"https:\/\/schema.org","@graph":[{"@type":"WebPage","@id":"https:\/\/az.f-chain.com\/az\/huquqi-ekspertiza\/","url":"https:\/\/az.f-chain.com\/az\/huquqi-ekspertiza\/","name":"H\u00fcquqi ekspertiza - FChain","isPartOf":{"@id":"https:\/\/az.f-chain.com\/#website"},"primaryImageOfPage":{"@id":"https:\/\/az.f-chain.com\/az\/huquqi-ekspertiza\/#primaryimage"},"image":{"@id":"https:\/\/az.f-chain.com\/az\/huquqi-ekspertiza\/#primaryimage"},"thumbnailUrl":"https:\/\/az.f-chain.com\/wp-content\/uploads\/2025\/07\/good-service-cooperation-consultation-of-business-2025-01-16-13-11-34-utc-scaled.jpg","datePublished":"2025-10-01T12:14:57+00:00","dateModified":"2025-10-01T12:16:11+00:00","breadcrumb":{"@id":"https:\/\/az.f-chain.com\/az\/huquqi-ekspertiza\/#breadcrumb"},"inLanguage":"az","potentialAction":[{"@type":"ReadAction","target":["https:\/\/az.f-chain.com\/az\/huquqi-ekspertiza\/"]}]},{"@type":"ImageObject","inLanguage":"az","@id":"https:\/\/az.f-chain.com\/az\/huquqi-ekspertiza\/#primaryimage","url":"https:\/\/az.f-chain.com\/wp-content\/uploads\/2025\/07\/good-service-cooperation-consultation-of-business-2025-01-16-13-11-34-utc-scaled.jpg","contentUrl":"https:\/\/az.f-chain.com\/wp-content\/uploads\/2025\/07\/good-service-cooperation-consultation-of-business-2025-01-16-13-11-34-utc-scaled.jpg","width":2560,"height":1273,"caption":"Good service cooperation, Consultation of Businesswoman and Male lawyer or judge counselor having team meeting with client, Law and Legal services concept.."},{"@type":"BreadcrumbList","@id":"https:\/\/az.f-chain.com\/az\/huquqi-ekspertiza\/#breadcrumb","itemListElement":[{"@type":"ListItem","position":1,"name":"Home","item":"https:\/\/az.f-chain.com\/az\/"},{"@type":"ListItem","position":2,"name":"H\u00fcquqi ekspertiza"}]},{"@type":"WebSite","@id":"https:\/\/az.f-chain.com\/#website","url":"https:\/\/az.f-chain.com\/","name":"FChain","description":"Azerbaijan","potentialAction":[{"@type":"SearchAction","target":{"@type":"EntryPoint","urlTemplate":"https:\/\/az.f-chain.com\/?s={search_term_string}"},"query-input":{"@type":"PropertyValueSpecification","valueRequired":true,"valueName":"search_term_string"}}],"inLanguage":"az"}]}},"_links":{"self":[{"href":"https:\/\/az.f-chain.com\/az\/wp-json\/wp\/v2\/pages\/56028","targetHints":{"allow":["GET"]}}],"collection":[{"href":"https:\/\/az.f-chain.com\/az\/wp-json\/wp\/v2\/pages"}],"about":[{"href":"https:\/\/az.f-chain.com\/az\/wp-json\/wp\/v2\/types\/page"}],"author":[{"embeddable":true,"href":"https:\/\/az.f-chain.com\/az\/wp-json\/wp\/v2\/users\/6"}],"replies":[{"embeddable":true,"href":"https:\/\/az.f-chain.com\/az\/wp-json\/wp\/v2\/comments?post=56028"}],"version-history":[{"count":2,"href":"https:\/\/az.f-chain.com\/az\/wp-json\/wp\/v2\/pages\/56028\/revisions"}],"predecessor-version":[{"id":56030,"href":"https:\/\/az.f-chain.com\/az\/wp-json\/wp\/v2\/pages\/56028\/revisions\/56030"}],"wp:featuredmedia":[{"embeddable":true,"href":"https:\/\/az.f-chain.com\/az\/wp-json\/wp\/v2\/media\/55535"}],"wp:attachment":[{"href":"https:\/\/az.f-chain.com\/az\/wp-json\/wp\/v2\/media?parent=56028"}],"curies":[{"name":"wp","href":"https:\/\/api.w.org\/{rel}","templated":true}]}}