{"id":56014,"date":"2025-10-01T14:33:10","date_gmt":"2025-10-01T11:33:10","guid":{"rendered":"https:\/\/az.f-chain.com\/?page_id=56014"},"modified":"2025-10-01T14:33:10","modified_gmt":"2025-10-01T11:33:10","slug":"m%c9%99hk%c9%99m%c9%99-huququ","status":"publish","type":"page","link":"https:\/\/az.f-chain.com\/az\/m%c9%99hk%c9%99m%c9%99-huququ\/","title":{"rendered":"M\u0259hk\u0259m\u0259 h\u00fcququ"},"content":{"rendered":"<div class=\"wpb-content-wrapper\"><p>[vc_row][vc_column][vc_column_text]<strong>Financial Chain Corporation (FCHAIN)<\/strong> m\u00fclki v\u0259 kommersiya m\u00fcbahis\u0259l\u0259rind\u0259 strateji h\u00fcquqi t\u0259msil\u00e7ilik edir, \u015firk\u0259tl\u0259r\u0259 v\u0259 \u015f\u0259xsl\u0259r\u0259 m\u0259hk\u0259m\u0259 prosesl\u0259rind\u0259 h\u0259rt\u0259r\u0259fli d\u0259st\u0259k t\u0259klif edir. M\u00fcbahis\u0259nin s\u0259b\u0259bind\u0259n as\u0131l\u0131 olmayaraq, ist\u0259r u\u011fursuz i\u015f \u0259m\u0259liyyat\u0131, ist\u0259rs\u0259 d\u0259 m\u00fcqavil\u0259nin pozulmas\u0131, borcun y\u0131\u011f\u0131lmas\u0131 v\u0259 ya t\u0259r\u0259fda\u015fl\u0131qda maraqlar\u0131n toqqu\u015fmas\u0131 olsun, bizim h\u00fcquq\u015f\u00fcnaslar komandam\u0131z m\u0259hk\u0259m\u0259 prosesinin h\u0259r m\u0259rh\u0259l\u0259sind\u0259 maraqlar\u0131n\u0131z\u0131n m\u00fcdafi\u0259sini t\u0259min ed\u0259c\u0259k.<\/p>\n<p>Biz m\u00fc\u015ft\u0259ril\u0259r\u0259 ayd\u0131n h\u00fcquqi m\u0259sl\u0259h\u0259tl\u0259r, riskl\u0259rin azald\u0131lmas\u0131 v\u0259 m\u00fcbahis\u0259l\u0259rin praktiki h\u0259lli strategiyalar\u0131 t\u0259qdim ed\u0259r\u0259k, biznesl\u0259r, \u015firk\u0259tl\u0259r v\u0259 \u015f\u0259xsl\u0259r aras\u0131nda, el\u0259c\u0259 d\u0259, beyn\u0259lxalq m\u00fcbahis\u0259l\u0259ri h\u0259ll edirik.[\/vc_column_text][\/vc_column][\/vc_row][vc_row equal_height=&#8221;yes&#8221; content_placement=&#8221;middle&#8221; css_animation=&#8221;bounceInLeft&#8221;][vc_column width=&#8221;1\/2&#8243;][vc_column_text]<strong>Yerli v\u0259 xarici biznes t\u0259r\u0259fda\u015flar\u0131 il\u0259 m\u00fcbahis\u0259l\u0259rd\u0259 t\u0259msil\u00e7ilik<\/strong><\/p>\n<p>Biz yerli v\u0259 beyn\u0259lxalq biznes t\u0259r\u0259fda\u015flar\u0131 il\u0259 ba\u011fl\u0131 m\u00fcr\u0259kk\u0259b m\u00fcbahis\u0259l\u0259rin h\u0259llind\u0259 m\u00fc\u015ft\u0259ril\u0259ri t\u0259msil edirik. Bizim yana\u015fmam\u0131z \u0259n \u0259lveri\u015fli n\u0259tic\u0259y\u0259 nail olmaq \u00fc\u00e7\u00fcn \u0259trafl\u0131 m\u00fcqavil\u0259 t\u0259hlilini taktiki dan\u0131\u015f\u0131qlar v\u0259 m\u0259hk\u0259m\u0259 \u00e7\u0259ki\u015fm\u0259l\u0259ri il\u0259 birl\u0259\u015fdirir.<\/p>\n<p><strong>B\u00fct\u00fcn s\u0259viyy\u0259li m\u0259hk\u0259m\u0259l\u0259rd\u0259 t\u0259msil\u00e7ilik<\/strong><\/p>\n<p>H\u00fcquq komandam\u0131z m\u00fc\u015ft\u0259ril\u0259ri a\u015fa\u011f\u0131dak\u0131 sah\u0259l\u0259rd\u0259 t\u0259msil edir:<\/p>\n<ul>\n<li><strong> Birinci instansiya m\u0259hk\u0259m\u0259l\u0259ri<\/strong><\/li>\n<li><strong> Apellyasiya m\u0259hk\u0259m\u0259l\u0259ri<\/strong><\/li>\n<li><strong> Kassasiya icraat\u0131<\/strong><\/li>\n<li><strong> M\u0259hk\u0259m\u0259 q\u0259rarlar\u0131n\u0131n icras\u0131<\/strong><\/li>\n<\/ul>\n<p>Biz h\u0259r bir prosessual m\u0259rh\u0259l\u0259nin d\u00fczg\u00fcnl\u00fcy\u00fcn\u0259 v\u0259 Az\u0259rbaycan qanunvericiliyinin t\u0259l\u0259bl\u0259rin\u0259 uy\u011funlu\u011funa z\u0259man\u0259t veririk.[\/vc_column_text][\/vc_column][vc_column width=&#8221;1\/2&#8243;][vc_single_image image=&#8221;55468&#8243; img_size=&#8221;full&#8221;][\/vc_column][\/vc_row][vc_row equal_height=&#8221;yes&#8221; content_placement=&#8221;middle&#8221; css_animation=&#8221;bounceInRight&#8221;][vc_column width=&#8221;1\/2&#8243;][vc_single_image image=&#8221;55471&#8243; img_size=&#8221;full&#8221;][\/vc_column][vc_column width=&#8221;1\/2&#8243;][vc_column_text]<strong>Borclar\u0131n y\u0131\u011f\u0131lmas\u0131 v\u0259 m\u0259hk\u0259m\u0259y\u0259 q\u0259d\u0259r yaz\u0131\u015fmalar<\/strong><\/p>\n<p>Biz <strong>borclar\u0131n y\u0131\u011f\u0131lmas\u0131<\/strong> v\u0259 <strong>\u00f6d\u0259nilm\u0259mi\u015f \u00f6hd\u0259likl\u0259rin<\/strong> h\u00fcquqi aspektl\u0259ri il\u0259 m\u0259\u015f\u011ful oluruq, o c\u00fcml\u0259d\u0259n:<\/p>\n<ul>\n<li>\u00d6d\u0259ni\u015f \u00fc\u00e7\u00fcn r\u0259smi t\u0259l\u0259bl\u0259rin haz\u0131rlanmas\u0131 v\u0259 g\u00f6nd\u0259rilm\u0259si<\/li>\n<li>M\u0259hk\u0259m\u0259y\u0259 q\u0259d\u0259r yaz\u0131\u015fmalarda v\u0259 dan\u0131\u015f\u0131qlarda i\u015ftirak<\/li>\n<li>\u0130ddialar\u0131 k\u0259skinl\u0259\u015fm\u0259mi\u015fd\u0259n \u0259vv\u0259l effektiv \u015f\u0259kild\u0259 h\u0259ll etm\u0259k \u00fc\u00e7\u00fcn h\u0259ll t\u0259klifl\u0259rinin strukturla\u015fd\u0131r\u0131lmas\u0131<\/li>\n<\/ul>\n<p><strong>M\u00fclki i\u015fl\u0259r v\u0259 beyn\u0259lxalq arbitraj<\/strong><\/p>\n<p>FCHAIN m\u00fc\u015ft\u0259ril\u0259r\u0259 a\u015fa\u011f\u0131dak\u0131 m\u0259s\u0259l\u0259l\u0259rd\u0259 k\u00f6m\u0259k edir:<\/p>\n<ul>\n<li>M\u00fcqavil\u0259 v\u0259 kommersiya h\u00fcquqlar\u0131n\u0131n m\u00fcdafi\u0259si \u00fc\u00e7\u00fcn yerli m\u0259hk\u0259m\u0259l\u0259r\u0259 <strong>m\u00fclki iddialar\u0131n <\/strong>verilm\u0259si<\/li>\n<li>M\u00fc\u015ft\u0259ril\u0259ri <strong>beyn\u0259lxalq arbitrajda<\/strong> \u0259sas qaydalara \u0259sas\u0259n t\u0259msil edilm\u0259si (m\u0259s\u0259l\u0259n, ICC, UNCITRAL)<\/li>\n<li>\u0130\u015fin yurisdiksiyas\u0131na, q\u0259rarlar\u0131n m\u0259cburi icras\u0131na v\u0259 m\u00fcr\u0259kk\u0259bliyin\u0259 g\u00f6r\u0259 m\u00fcbahis\u0259l\u0259rin h\u0259lli \u00fc\u00e7\u00fcn optimal yerl\u0259 ba\u011fl\u0131 m\u0259sl\u0259h\u0259tl\u0259rin verilm\u0259si<\/li>\n<\/ul>\n<p>[\/vc_column_text][\/vc_column][\/vc_row][vc_row css_animation=&#8221;bounceInDown&#8221;][vc_column][vc_column_text]M\u00fcbahis\u0259l\u0259r biznesinizi poza bil\u0259r<strong>. FCHAIN<\/strong> h\u00fcquqi d\u0259qiqlikl\u0259, strateji anlay\u0131\u015fla v\u0259 h\u00fcquqlar\u0131n\u0131z\u0131 qorumaq \u00f6hd\u0259liyi il\u0259 onlar\u0131n h\u0259ll olunmas\u0131n\u0131 t\u0259min edir.[\/vc_column_text][\/vc_column][\/vc_row]<\/p>\n<\/div>","protected":false},"excerpt":{"rendered":"<p>[vc_row][vc_column][vc_column_text]Financial Chain Corporation (FCHAIN) m\u00fclki v\u0259 kommersiya m\u00fcbahis\u0259l\u0259rind\u0259 strateji h\u00fcquqi t\u0259msil\u00e7ilik edir, \u015firk\u0259tl\u0259r\u0259 v\u0259 \u015f\u0259xsl\u0259r\u0259 m\u0259hk\u0259m\u0259 prosesl\u0259rind\u0259 h\u0259rt\u0259r\u0259fli d\u0259st\u0259k t\u0259klif edir. M\u00fcbahis\u0259nin s\u0259b\u0259bind\u0259n as\u0131l\u0131 olmayaraq, ist\u0259r u\u011fursuz i\u015f \u0259m\u0259liyyat\u0131, ist\u0259rs\u0259 d\u0259 m\u00fcqavil\u0259nin pozulmas\u0131, borcun y\u0131\u011f\u0131lmas\u0131 v\u0259 ya t\u0259r\u0259fda\u015fl\u0131qda maraqlar\u0131n toqqu\u015fmas\u0131 olsun, bizim h\u00fcquq\u015f\u00fcnaslar komandam\u0131z m\u0259hk\u0259m\u0259 prosesinin h\u0259r m\u0259rh\u0259l\u0259sind\u0259 maraqlar\u0131n\u0131z\u0131n m\u00fcdafi\u0259sini t\u0259min ed\u0259c\u0259k. Biz m\u00fc\u015ft\u0259ril\u0259r\u0259 ayd\u0131n<\/p>\n","protected":false},"author":6,"featured_media":55472,"parent":0,"menu_order":0,"comment_status":"closed","ping_status":"closed","template":"","meta":{"_acf_changed":false,"footnotes":""},"class_list":["post-56014","page","type-page","status-publish","hentry"],"acf":[],"yoast_head":"<!-- This site is optimized with the Yoast SEO plugin v27.3 - https:\/\/yoast.com\/product\/yoast-seo-wordpress\/ -->\n<title>M\u0259hk\u0259m\u0259 h\u00fcququ - FChain<\/title>\n<meta name=\"robots\" content=\"index, follow, max-snippet:-1, max-image-preview:large, max-video-preview:-1\" \/>\n<link rel=\"canonical\" href=\"https:\/\/az.f-chain.com\/az\/m\u0259hk\u0259m\u0259-huququ\/\" \/>\n<meta property=\"og:locale\" content=\"az_AZ\" \/>\n<meta property=\"og:type\" content=\"article\" \/>\n<meta property=\"og:title\" content=\"M\u0259hk\u0259m\u0259 h\u00fcququ - FChain\" \/>\n<meta property=\"og:description\" content=\"[vc_row][vc_column][vc_column_text]Financial Chain Corporation (FCHAIN) m\u00fclki v\u0259 kommersiya m\u00fcbahis\u0259l\u0259rind\u0259 strateji h\u00fcquqi t\u0259msil\u00e7ilik edir, \u015firk\u0259tl\u0259r\u0259 v\u0259 \u015f\u0259xsl\u0259r\u0259 m\u0259hk\u0259m\u0259 prosesl\u0259rind\u0259 h\u0259rt\u0259r\u0259fli d\u0259st\u0259k t\u0259klif edir. M\u00fcbahis\u0259nin s\u0259b\u0259bind\u0259n as\u0131l\u0131 olmayaraq, ist\u0259r u\u011fursuz i\u015f \u0259m\u0259liyyat\u0131, ist\u0259rs\u0259 d\u0259 m\u00fcqavil\u0259nin pozulmas\u0131, borcun y\u0131\u011f\u0131lmas\u0131 v\u0259 ya t\u0259r\u0259fda\u015fl\u0131qda maraqlar\u0131n toqqu\u015fmas\u0131 olsun, bizim h\u00fcquq\u015f\u00fcnaslar komandam\u0131z m\u0259hk\u0259m\u0259 prosesinin h\u0259r m\u0259rh\u0259l\u0259sind\u0259 maraqlar\u0131n\u0131z\u0131n m\u00fcdafi\u0259sini t\u0259min ed\u0259c\u0259k. Biz m\u00fc\u015ft\u0259ril\u0259r\u0259 ayd\u0131n\" \/>\n<meta property=\"og:url\" content=\"https:\/\/az.f-chain.com\/az\/m\u0259hk\u0259m\u0259-huququ\/\" \/>\n<meta property=\"og:site_name\" content=\"FChain\" \/>\n<meta property=\"og:image\" content=\"https:\/\/az.f-chain.com\/wp-content\/uploads\/2025\/07\/a-lawyer-and-a-businesswoman-shake-hands-and-reach-2025-01-16-13-14-00-utc-1-scaled.jpg\" \/>\n\t<meta property=\"og:image:width\" content=\"2560\" \/>\n\t<meta property=\"og:image:height\" content=\"1707\" \/>\n\t<meta property=\"og:image:type\" content=\"image\/jpeg\" \/>\n<meta name=\"twitter:card\" content=\"summary_large_image\" \/>\n<script type=\"application\/ld+json\" class=\"yoast-schema-graph\">{\"@context\":\"https:\\\/\\\/schema.org\",\"@graph\":[{\"@type\":\"WebPage\",\"@id\":\"https:\\\/\\\/az.f-chain.com\\\/az\\\/m%c9%99hk%c9%99m%c9%99-huququ\\\/\",\"url\":\"https:\\\/\\\/az.f-chain.com\\\/az\\\/m%c9%99hk%c9%99m%c9%99-huququ\\\/\",\"name\":\"M\u0259hk\u0259m\u0259 h\u00fcququ - FChain\",\"isPartOf\":{\"@id\":\"https:\\\/\\\/az.f-chain.com\\\/#website\"},\"primaryImageOfPage\":{\"@id\":\"https:\\\/\\\/az.f-chain.com\\\/az\\\/m%c9%99hk%c9%99m%c9%99-huququ\\\/#primaryimage\"},\"image\":{\"@id\":\"https:\\\/\\\/az.f-chain.com\\\/az\\\/m%c9%99hk%c9%99m%c9%99-huququ\\\/#primaryimage\"},\"thumbnailUrl\":\"https:\\\/\\\/az.f-chain.com\\\/wp-content\\\/uploads\\\/2025\\\/07\\\/a-lawyer-and-a-businesswoman-shake-hands-and-reach-2025-01-16-13-14-00-utc-1-scaled.jpg\",\"datePublished\":\"2025-10-01T11:33:10+00:00\",\"breadcrumb\":{\"@id\":\"https:\\\/\\\/az.f-chain.com\\\/az\\\/m%c9%99hk%c9%99m%c9%99-huququ\\\/#breadcrumb\"},\"inLanguage\":\"az\",\"potentialAction\":[{\"@type\":\"ReadAction\",\"target\":[\"https:\\\/\\\/az.f-chain.com\\\/az\\\/m%c9%99hk%c9%99m%c9%99-huququ\\\/\"]}]},{\"@type\":\"ImageObject\",\"inLanguage\":\"az\",\"@id\":\"https:\\\/\\\/az.f-chain.com\\\/az\\\/m%c9%99hk%c9%99m%c9%99-huququ\\\/#primaryimage\",\"url\":\"https:\\\/\\\/az.f-chain.com\\\/wp-content\\\/uploads\\\/2025\\\/07\\\/a-lawyer-and-a-businesswoman-shake-hands-and-reach-2025-01-16-13-14-00-utc-1-scaled.jpg\",\"contentUrl\":\"https:\\\/\\\/az.f-chain.com\\\/wp-content\\\/uploads\\\/2025\\\/07\\\/a-lawyer-and-a-businesswoman-shake-hands-and-reach-2025-01-16-13-14-00-utc-1-scaled.jpg\",\"width\":2560,\"height\":1707,\"caption\":\"A lawyer and a businesswoman shake hands and reach an agreement on a cooperation contract document. In the lawyer's office and there is a hammer lying on the table..\"},{\"@type\":\"BreadcrumbList\",\"@id\":\"https:\\\/\\\/az.f-chain.com\\\/az\\\/m%c9%99hk%c9%99m%c9%99-huququ\\\/#breadcrumb\",\"itemListElement\":[{\"@type\":\"ListItem\",\"position\":1,\"name\":\"Home\",\"item\":\"https:\\\/\\\/az.f-chain.com\\\/az\\\/\"},{\"@type\":\"ListItem\",\"position\":2,\"name\":\"M\u0259hk\u0259m\u0259 h\u00fcququ\"}]},{\"@type\":\"WebSite\",\"@id\":\"https:\\\/\\\/az.f-chain.com\\\/#website\",\"url\":\"https:\\\/\\\/az.f-chain.com\\\/\",\"name\":\"FChain\",\"description\":\"Azerbaijan\",\"potentialAction\":[{\"@type\":\"SearchAction\",\"target\":{\"@type\":\"EntryPoint\",\"urlTemplate\":\"https:\\\/\\\/az.f-chain.com\\\/?s={search_term_string}\"},\"query-input\":{\"@type\":\"PropertyValueSpecification\",\"valueRequired\":true,\"valueName\":\"search_term_string\"}}],\"inLanguage\":\"az\"}]}<\/script>\n<!-- \/ Yoast SEO plugin. -->","yoast_head_json":{"title":"M\u0259hk\u0259m\u0259 h\u00fcququ - FChain","robots":{"index":"index","follow":"follow","max-snippet":"max-snippet:-1","max-image-preview":"max-image-preview:large","max-video-preview":"max-video-preview:-1"},"canonical":"https:\/\/az.f-chain.com\/az\/m\u0259hk\u0259m\u0259-huququ\/","og_locale":"az_AZ","og_type":"article","og_title":"M\u0259hk\u0259m\u0259 h\u00fcququ - FChain","og_description":"[vc_row][vc_column][vc_column_text]Financial Chain Corporation (FCHAIN) m\u00fclki v\u0259 kommersiya m\u00fcbahis\u0259l\u0259rind\u0259 strateji h\u00fcquqi t\u0259msil\u00e7ilik edir, \u015firk\u0259tl\u0259r\u0259 v\u0259 \u015f\u0259xsl\u0259r\u0259 m\u0259hk\u0259m\u0259 prosesl\u0259rind\u0259 h\u0259rt\u0259r\u0259fli d\u0259st\u0259k t\u0259klif edir. M\u00fcbahis\u0259nin s\u0259b\u0259bind\u0259n as\u0131l\u0131 olmayaraq, ist\u0259r u\u011fursuz i\u015f \u0259m\u0259liyyat\u0131, ist\u0259rs\u0259 d\u0259 m\u00fcqavil\u0259nin pozulmas\u0131, borcun y\u0131\u011f\u0131lmas\u0131 v\u0259 ya t\u0259r\u0259fda\u015fl\u0131qda maraqlar\u0131n toqqu\u015fmas\u0131 olsun, bizim h\u00fcquq\u015f\u00fcnaslar komandam\u0131z m\u0259hk\u0259m\u0259 prosesinin h\u0259r m\u0259rh\u0259l\u0259sind\u0259 maraqlar\u0131n\u0131z\u0131n m\u00fcdafi\u0259sini t\u0259min ed\u0259c\u0259k. Biz m\u00fc\u015ft\u0259ril\u0259r\u0259 ayd\u0131n","og_url":"https:\/\/az.f-chain.com\/az\/m\u0259hk\u0259m\u0259-huququ\/","og_site_name":"FChain","og_image":[{"width":2560,"height":1707,"url":"https:\/\/az.f-chain.com\/wp-content\/uploads\/2025\/07\/a-lawyer-and-a-businesswoman-shake-hands-and-reach-2025-01-16-13-14-00-utc-1-scaled.jpg","type":"image\/jpeg"}],"twitter_card":"summary_large_image","schema":{"@context":"https:\/\/schema.org","@graph":[{"@type":"WebPage","@id":"https:\/\/az.f-chain.com\/az\/m%c9%99hk%c9%99m%c9%99-huququ\/","url":"https:\/\/az.f-chain.com\/az\/m%c9%99hk%c9%99m%c9%99-huququ\/","name":"M\u0259hk\u0259m\u0259 h\u00fcququ - FChain","isPartOf":{"@id":"https:\/\/az.f-chain.com\/#website"},"primaryImageOfPage":{"@id":"https:\/\/az.f-chain.com\/az\/m%c9%99hk%c9%99m%c9%99-huququ\/#primaryimage"},"image":{"@id":"https:\/\/az.f-chain.com\/az\/m%c9%99hk%c9%99m%c9%99-huququ\/#primaryimage"},"thumbnailUrl":"https:\/\/az.f-chain.com\/wp-content\/uploads\/2025\/07\/a-lawyer-and-a-businesswoman-shake-hands-and-reach-2025-01-16-13-14-00-utc-1-scaled.jpg","datePublished":"2025-10-01T11:33:10+00:00","breadcrumb":{"@id":"https:\/\/az.f-chain.com\/az\/m%c9%99hk%c9%99m%c9%99-huququ\/#breadcrumb"},"inLanguage":"az","potentialAction":[{"@type":"ReadAction","target":["https:\/\/az.f-chain.com\/az\/m%c9%99hk%c9%99m%c9%99-huququ\/"]}]},{"@type":"ImageObject","inLanguage":"az","@id":"https:\/\/az.f-chain.com\/az\/m%c9%99hk%c9%99m%c9%99-huququ\/#primaryimage","url":"https:\/\/az.f-chain.com\/wp-content\/uploads\/2025\/07\/a-lawyer-and-a-businesswoman-shake-hands-and-reach-2025-01-16-13-14-00-utc-1-scaled.jpg","contentUrl":"https:\/\/az.f-chain.com\/wp-content\/uploads\/2025\/07\/a-lawyer-and-a-businesswoman-shake-hands-and-reach-2025-01-16-13-14-00-utc-1-scaled.jpg","width":2560,"height":1707,"caption":"A lawyer and a businesswoman shake hands and reach an agreement on a cooperation contract document. In the lawyer's office and there is a hammer lying on the table.."},{"@type":"BreadcrumbList","@id":"https:\/\/az.f-chain.com\/az\/m%c9%99hk%c9%99m%c9%99-huququ\/#breadcrumb","itemListElement":[{"@type":"ListItem","position":1,"name":"Home","item":"https:\/\/az.f-chain.com\/az\/"},{"@type":"ListItem","position":2,"name":"M\u0259hk\u0259m\u0259 h\u00fcququ"}]},{"@type":"WebSite","@id":"https:\/\/az.f-chain.com\/#website","url":"https:\/\/az.f-chain.com\/","name":"FChain","description":"Azerbaijan","potentialAction":[{"@type":"SearchAction","target":{"@type":"EntryPoint","urlTemplate":"https:\/\/az.f-chain.com\/?s={search_term_string}"},"query-input":{"@type":"PropertyValueSpecification","valueRequired":true,"valueName":"search_term_string"}}],"inLanguage":"az"}]}},"_links":{"self":[{"href":"https:\/\/az.f-chain.com\/az\/wp-json\/wp\/v2\/pages\/56014","targetHints":{"allow":["GET"]}}],"collection":[{"href":"https:\/\/az.f-chain.com\/az\/wp-json\/wp\/v2\/pages"}],"about":[{"href":"https:\/\/az.f-chain.com\/az\/wp-json\/wp\/v2\/types\/page"}],"author":[{"embeddable":true,"href":"https:\/\/az.f-chain.com\/az\/wp-json\/wp\/v2\/users\/6"}],"replies":[{"embeddable":true,"href":"https:\/\/az.f-chain.com\/az\/wp-json\/wp\/v2\/comments?post=56014"}],"version-history":[{"count":1,"href":"https:\/\/az.f-chain.com\/az\/wp-json\/wp\/v2\/pages\/56014\/revisions"}],"predecessor-version":[{"id":56015,"href":"https:\/\/az.f-chain.com\/az\/wp-json\/wp\/v2\/pages\/56014\/revisions\/56015"}],"wp:featuredmedia":[{"embeddable":true,"href":"https:\/\/az.f-chain.com\/az\/wp-json\/wp\/v2\/media\/55472"}],"wp:attachment":[{"href":"https:\/\/az.f-chain.com\/az\/wp-json\/wp\/v2\/media?parent=56014"}],"curies":[{"name":"wp","href":"https:\/\/api.w.org\/{rel}","templated":true}]}}