{"id":56011,"date":"2025-10-01T13:46:12","date_gmt":"2025-10-01T10:46:12","guid":{"rendered":"https:\/\/az.f-chain.com\/?page_id=56011"},"modified":"2025-10-01T13:46:12","modified_gmt":"2025-10-01T10:46:12","slug":"qanun-m%c9%99xfilik-gizlilik-v%c9%99-t%c9%99hluk%c9%99sizlik","status":"publish","type":"page","link":"https:\/\/az.f-chain.com\/az\/qanun-m%c9%99xfilik-gizlilik-v%c9%99-t%c9%99hluk%c9%99sizlik\/","title":{"rendered":"Qanun, m\u0259xfilik, gizlilik v\u0259 t\u0259hl\u00fck\u0259sizlik"},"content":{"rendered":"<div class=\"wpb-content-wrapper\"><p>[vc_row][vc_column][vc_column_text]<strong>Financial Chain Corporation (FCHAIN)<\/strong> \u015firk\u0259tl\u0259r\u0259 <strong>\u00f6z h\u0259ssas m\u0259lumatlar\u0131n\u0131 qorumaq<\/strong> v\u0259 m\u0259xfilik, gizlilik v\u0259 m\u0259lumat t\u0259hl\u00fck\u0259sizliyinin <strong>faktiki, \u015f\u00fcbh\u0259li v\u0259 ya potensial pozuntular\u0131na<\/strong> effektiv cavab verm\u0259k \u00fc\u00e7\u00fcn ixtisasla\u015fm\u0131\u015f h\u00fcquqi xidm\u0259tl\u0259r t\u0259qdim edir. Korporativ m\u0259lumatlar\u0131 qorumaq v\u0259 t\u0259nziml\u0259yici qurumlar t\u0259r\u0259find\u0259n etibar\u0131 saxlamaq \u00fc\u00e7\u00fcn biz m\u00fc\u015ft\u0259ril\u0259rimiz\u0259 laz\u0131mi h\u00fcquqi s\u0259n\u0259dl\u0259r, strategiyalar v\u0259 t\u0259l\u0259bl\u0259r\u0259 uy\u011funluq t\u0259min ed\u0259n al\u0259tl\u0259r veririk.<\/p>\n<p>Xidm\u0259tl\u0259rimiz x\u00fcsusi olaraq \u015firk\u0259tl\u0259r\u0259 daxili v\u0259 ya xarici m\u0259lumatlar\u0131n icaz\u0259siz giri\u015f, m\u0259lumatlar\u0131n pozulmas\u0131, m\u0259hv edilm\u0259si, z\u0259d\u0259l\u0259nm\u0259si v\u0259 ya qeyri-qanuni a\u00e7\u0131qlanmas\u0131 il\u0259 ba\u011fl\u0131 h\u00fcquqi probleml\u0259rin qar\u015f\u0131s\u0131n\u0131 almaq, idar\u0259 etm\u0259k v\u0259 h\u0259ll etm\u0259k \u00fc\u00e7\u00fcn n\u0259z\u0259rd\u0259 tutulmu\u015fdur.[\/vc_column_text][\/vc_column][\/vc_row][vc_row equal_height=&#8221;yes&#8221; content_placement=&#8221;middle&#8221; css_animation=&#8221;bounceInLeft&#8221;][vc_column width=&#8221;1\/2&#8243;][vc_column_text]<strong>\u015eirk\u0259t m\u0259lumatlar\u0131n\u0131n m\u00fchafiz\u0259si<\/strong><\/p>\n<p>Biz h\u0259ssas m\u0259lumatlar\u0131 qorumaq \u00fc\u00e7\u00fcn h\u0259rt\u0259r\u0259fli daxili m\u0259xfilik siyas\u0259ti, prosedurlar\u0131 v\u0259 sisteml\u0259rinin i\u015fl\u0259nib haz\u0131rlanmas\u0131nda h\u00fcquqi d\u0259st\u0259k veririk. Bura a\u015fa\u011f\u0131dak\u0131lar daxildir:<\/p>\n<ul>\n<li><strong>M\u0259lumatlar\u0131n qorunmas\u0131 v\u0259 m\u0259xfilik siyas\u0259tinin<\/strong> haz\u0131rlanmas\u0131 v\u0259 h\u0259yata ke\u00e7irilm\u0259si<\/li>\n<li>\u0130\u015f\u00e7il\u0259rin v\u0259 \u00fc\u00e7\u00fcnc\u00fc \u015f\u0259xsl\u0259rin giri\u015fin\u0259 n\u0259zar\u0259t \u00fczr\u0259 m\u0259sl\u0259h\u0259tl\u0259\u015fm\u0259l\u0259r<\/li>\n<li>M\u0259lumat s\u0131zmas\u0131 v\u0259 ya icaz\u0259siz istifad\u0259 riskini minimuma endirm\u0259k \u00fc\u00e7\u00fcn daxili protokollar\u0131n strukturla\u015fd\u0131r\u0131lmas\u0131<\/li>\n<\/ul>\n<p><strong>\u0130nformasiya t\u0259hl\u00fck\u0259sizliyinin m\u00fchafiz\u0259 v\u0259 n\u0259zar\u0259t vasit\u0259l\u0259ri<\/strong><\/p>\n<p>FCHAIN m\u00f6hk\u0259m h\u00fcquqi v\u0259 operativ informasiya t\u0259hl\u00fck\u0259sizliyi t\u0259dbirl\u0259rinin yarad\u0131lmas\u0131 \u00fc\u00e7\u00fcn m\u0259sl\u0259h\u0259t xidm\u0259tl\u0259ri t\u0259klif edir. Biz m\u00fc\u015ft\u0259ril\u0259r\u0259:<\/p>\n<ul>\n<li>M\u0259lumatlar\u0131n qorunmas\u0131 \u00fc\u00e7\u00fcn h\u00fcquqi m\u0259suliyy\u0259tl\u0259ri m\u00fc\u0259yy\u0259n etm\u0259y\u0259<\/li>\n<li>\u0130nformasiya t\u0259hl\u00fck\u0259sizliyi standartlar\u0131na uy\u011funlu\u011fu t\u0259min etm\u0259y\u0259<\/li>\n<\/ul>\n<p>(m\u0259s\u0259l\u0259n, ISO\/IEC 27001)<\/p>\n<ul>\n<li>H\u00fcquqi riskl\u0259ri azaldan n\u0259zar\u0259ti h\u0259yata ke\u00e7irm\u0259k \u00fc\u00e7\u00fcn \u0130T v\u0259 uy\u011funluq departamentl\u0259ri il\u0259 i\u015fl\u0259m\u0259y\u0259 k\u00f6m\u0259k edirik.<\/li>\n<\/ul>\n<p>[\/vc_column_text][\/vc_column][vc_column width=&#8221;1\/2&#8243;][vc_single_image image=&#8221;55524&#8243; img_size=&#8221;full&#8221;][\/vc_column][\/vc_row][vc_row equal_height=&#8221;yes&#8221; content_placement=&#8221;middle&#8221; css_animation=&#8221;bounceInRight&#8221;][vc_column width=&#8221;1\/2&#8243;][vc_single_image image=&#8221;55527&#8243; img_size=&#8221;full&#8221;][\/vc_column][vc_column width=&#8221;1\/2&#8243;][vc_column_text]<strong>M\u0259lumatlar\u0131n itirilm\u0259si v\u0259 ya icaz\u0259siz giri\u015f hal\u0131nda h\u00fcquqi t\u0259dbirl\u0259r<\/strong><\/p>\n<p>M\u0259lumatlar\u0131n <strong>t\u0259sad\u00fcf\u0259n itirilm\u0259si, z\u0259d\u0259l\u0259nm\u0259si v\u0259 ya icaz\u0259siz a\u00e7\u0131qlanmas\u0131<\/strong> hal\u0131nda biz m\u00fc\u015ft\u0259ril\u0259r\u0259:<\/p>\n<ul>\n<li>Daxili h\u00fcquqi ara\u015fd\u0131rmalar aparma\u011fa v\u0259 m\u0259suliyy\u0259ti t\u0259hlil etm\u0259y\u0259<\/li>\n<li>Reputasiya v\u0259 maliyy\u0259 z\u0259r\u0259rini minimuma endirm\u0259k \u00fc\u00e7\u00fcn h\u00fcquqi cavablar haz\u0131rlama\u011fa<\/li>\n<li>M\u00fcqavil\u0259y\u0259 uy\u011funluq v\u0259 s\u0131\u011forta iddialar\u0131 \u00fczr\u0259 m\u0259sl\u0259h\u0259tl\u0259r verm\u0259y\u0259<\/li>\n<li>Z\u0259ruri hallarda t\u0259nziml\u0259yici v\u0259 h\u00fcquq-m\u00fchafiz\u0259 orqanlar\u0131 il\u0259 qar\u015f\u0131l\u0131ql\u0131 \u0259laq\u0259l\u0259ri d\u0259st\u0259kl\u0259m\u0259y\u0259 k\u00f6m\u0259k edirik<\/li>\n<\/ul>\n<p><strong>T\u0259nziml\u0259yici qurumlar\u0131n bildiri\u015fl\u0259ri v\u0259 t\u0259l\u0259bl\u0259r\u0259 uy\u011funluq bar\u0259d\u0259 hesabatlar<\/strong><\/p>\n<p>Biz \u015firk\u0259tl\u0259r\u0259 <strong>m\u0259lumatlar\u0131n pozulmas\u0131 haqq\u0131nda bildiri\u015fl\u0259r<\/strong> il\u0259 ba\u011fl\u0131 qanuni \u00f6hd\u0259likl\u0259r\u0259 \u0259m\u0259l etm\u0259kd\u0259 k\u00f6m\u0259k edirik, o c\u00fcml\u0259d\u0259n:<\/p>\n<ul>\n<li><strong>N\u0259zar\u0259t orqanlar\u0131na<\/strong>, biznes t\u0259r\u0259fda\u015flar\u0131na v\u0259 ya <strong>t\u0259sir\u0259 m\u0259ruz qalan m\u0259lumat subyektl\u0259rin\u0259<\/strong> bildiri\u015fl\u0259rin haz\u0131rlanmas\u0131 v\u0259 g\u00f6nd\u0259rilm\u0259si<\/li>\n<\/ul>\n<ul>\n<li>Bildiri\u015fl\u0259rin <strong>m\u0259lumatlar\u0131n m\u00fchafiz\u0259sin\u0259 dair q\u00fcvv\u0259d\u0259 olan qanunlar\u0131n<\/strong> (m\u0259s\u0259l\u0259n, GDPR, yerli qanunlar) vaxt\u0131, format\u0131 v\u0259 m\u0259zmununa uy\u011funlu\u011funun t\u0259min edilm\u0259si<\/li>\n<li>Uy\u011funlu\u011fu n\u00fcmayi\u015f etdirm\u0259k \u00fc\u00e7\u00fcn s\u0259n\u0259dl\u0259rin v\u0259 s\u00fcbutlar\u0131n saxlanmas\u0131na dair m\u0259sl\u0259h\u0259tl\u0259rin verilm\u0259si<\/li>\n<\/ul>\n<p>[\/vc_column_text][\/vc_column][\/vc_row][vc_row css_animation=&#8221;bounceInDown&#8221;][vc_column][vc_column_text]\u015eirk\u0259tinizin m\u0259lumatlar\u0131 qiym\u0259tli aktivdir v\u0259\u00a0 bu aktivl\u0259 s\u0259hv r\u0259ftar h\u00fcquqi m\u0259suliyy\u0259tdir. <strong>FCHAIN<\/strong> il\u0259 m\u0259lumatlar\u0131n\u0131z\u0131, reputasiyan\u0131z\u0131 v\u0259 g\u0259l\u0259c\u0259yinizi qoruyacaq h\u00fcquqi t\u0259r\u0259fda\u015f qazan\u0131rs\u0131n\u0131z.[\/vc_column_text][\/vc_column][\/vc_row]<\/p>\n<\/div>","protected":false},"excerpt":{"rendered":"<p>[vc_row][vc_column][vc_column_text]Financial Chain Corporation (FCHAIN) \u015firk\u0259tl\u0259r\u0259 \u00f6z h\u0259ssas m\u0259lumatlar\u0131n\u0131 qorumaq v\u0259 m\u0259xfilik, gizlilik v\u0259 m\u0259lumat t\u0259hl\u00fck\u0259sizliyinin faktiki, \u015f\u00fcbh\u0259li v\u0259 ya potensial pozuntular\u0131na effektiv cavab verm\u0259k \u00fc\u00e7\u00fcn ixtisasla\u015fm\u0131\u015f h\u00fcquqi xidm\u0259tl\u0259r t\u0259qdim edir. Korporativ m\u0259lumatlar\u0131 qorumaq v\u0259 t\u0259nziml\u0259yici qurumlar t\u0259r\u0259find\u0259n etibar\u0131 saxlamaq \u00fc\u00e7\u00fcn biz m\u00fc\u015ft\u0259ril\u0259rimiz\u0259 laz\u0131mi h\u00fcquqi s\u0259n\u0259dl\u0259r, strategiyalar v\u0259 t\u0259l\u0259bl\u0259r\u0259 uy\u011funluq t\u0259min ed\u0259n al\u0259tl\u0259r veririk. Xidm\u0259tl\u0259rimiz x\u00fcsusi<\/p>\n","protected":false},"author":6,"featured_media":55525,"parent":0,"menu_order":0,"comment_status":"closed","ping_status":"closed","template":"","meta":{"_acf_changed":false,"footnotes":""},"class_list":["post-56011","page","type-page","status-publish","hentry"],"acf":[],"yoast_head":"<!-- This site is optimized with the Yoast SEO plugin v27.3 - https:\/\/yoast.com\/product\/yoast-seo-wordpress\/ -->\n<title>Qanun, m\u0259xfilik, gizlilik v\u0259 t\u0259hl\u00fck\u0259sizlik - FChain<\/title>\n<meta name=\"robots\" content=\"index, follow, max-snippet:-1, max-image-preview:large, max-video-preview:-1\" \/>\n<link rel=\"canonical\" href=\"https:\/\/az.f-chain.com\/az\/qanun-m\u0259xfilik-gizlilik-v\u0259-t\u0259hluk\u0259sizlik\/\" \/>\n<meta property=\"og:locale\" content=\"az_AZ\" \/>\n<meta property=\"og:type\" content=\"article\" \/>\n<meta property=\"og:title\" content=\"Qanun, m\u0259xfilik, gizlilik v\u0259 t\u0259hl\u00fck\u0259sizlik - FChain\" \/>\n<meta property=\"og:description\" content=\"[vc_row][vc_column][vc_column_text]Financial Chain Corporation (FCHAIN) \u015firk\u0259tl\u0259r\u0259 \u00f6z h\u0259ssas m\u0259lumatlar\u0131n\u0131 qorumaq v\u0259 m\u0259xfilik, gizlilik v\u0259 m\u0259lumat t\u0259hl\u00fck\u0259sizliyinin faktiki, \u015f\u00fcbh\u0259li v\u0259 ya potensial pozuntular\u0131na effektiv cavab verm\u0259k \u00fc\u00e7\u00fcn ixtisasla\u015fm\u0131\u015f h\u00fcquqi xidm\u0259tl\u0259r t\u0259qdim edir. Korporativ m\u0259lumatlar\u0131 qorumaq v\u0259 t\u0259nziml\u0259yici qurumlar t\u0259r\u0259find\u0259n etibar\u0131 saxlamaq \u00fc\u00e7\u00fcn biz m\u00fc\u015ft\u0259ril\u0259rimiz\u0259 laz\u0131mi h\u00fcquqi s\u0259n\u0259dl\u0259r, strategiyalar v\u0259 t\u0259l\u0259bl\u0259r\u0259 uy\u011funluq t\u0259min ed\u0259n al\u0259tl\u0259r veririk. Xidm\u0259tl\u0259rimiz x\u00fcsusi\" \/>\n<meta property=\"og:url\" content=\"https:\/\/az.f-chain.com\/az\/qanun-m\u0259xfilik-gizlilik-v\u0259-t\u0259hluk\u0259sizlik\/\" \/>\n<meta property=\"og:site_name\" content=\"FChain\" \/>\n<meta property=\"og:image\" content=\"https:\/\/az.f-chain.com\/wp-content\/uploads\/2025\/07\/judge-s-hammer-and-letters-of-the-alphabet-with-th-2025-03-05-04-32-27-utc-scaled.jpg\" \/>\n\t<meta property=\"og:image:width\" content=\"2560\" \/>\n\t<meta property=\"og:image:height\" content=\"1715\" \/>\n\t<meta property=\"og:image:type\" content=\"image\/jpeg\" \/>\n<meta name=\"twitter:card\" content=\"summary_large_image\" \/>\n<script type=\"application\/ld+json\" class=\"yoast-schema-graph\">{\"@context\":\"https:\\\/\\\/schema.org\",\"@graph\":[{\"@type\":\"WebPage\",\"@id\":\"https:\\\/\\\/az.f-chain.com\\\/az\\\/qanun-m%c9%99xfilik-gizlilik-v%c9%99-t%c9%99hluk%c9%99sizlik\\\/\",\"url\":\"https:\\\/\\\/az.f-chain.com\\\/az\\\/qanun-m%c9%99xfilik-gizlilik-v%c9%99-t%c9%99hluk%c9%99sizlik\\\/\",\"name\":\"Qanun, m\u0259xfilik, gizlilik v\u0259 t\u0259hl\u00fck\u0259sizlik - FChain\",\"isPartOf\":{\"@id\":\"https:\\\/\\\/az.f-chain.com\\\/#website\"},\"primaryImageOfPage\":{\"@id\":\"https:\\\/\\\/az.f-chain.com\\\/az\\\/qanun-m%c9%99xfilik-gizlilik-v%c9%99-t%c9%99hluk%c9%99sizlik\\\/#primaryimage\"},\"image\":{\"@id\":\"https:\\\/\\\/az.f-chain.com\\\/az\\\/qanun-m%c9%99xfilik-gizlilik-v%c9%99-t%c9%99hluk%c9%99sizlik\\\/#primaryimage\"},\"thumbnailUrl\":\"https:\\\/\\\/az.f-chain.com\\\/wp-content\\\/uploads\\\/2025\\\/07\\\/judge-s-hammer-and-letters-of-the-alphabet-with-th-2025-03-05-04-32-27-utc-scaled.jpg\",\"datePublished\":\"2025-10-01T10:46:12+00:00\",\"breadcrumb\":{\"@id\":\"https:\\\/\\\/az.f-chain.com\\\/az\\\/qanun-m%c9%99xfilik-gizlilik-v%c9%99-t%c9%99hluk%c9%99sizlik\\\/#breadcrumb\"},\"inLanguage\":\"az\",\"potentialAction\":[{\"@type\":\"ReadAction\",\"target\":[\"https:\\\/\\\/az.f-chain.com\\\/az\\\/qanun-m%c9%99xfilik-gizlilik-v%c9%99-t%c9%99hluk%c9%99sizlik\\\/\"]}]},{\"@type\":\"ImageObject\",\"inLanguage\":\"az\",\"@id\":\"https:\\\/\\\/az.f-chain.com\\\/az\\\/qanun-m%c9%99xfilik-gizlilik-v%c9%99-t%c9%99hluk%c9%99sizlik\\\/#primaryimage\",\"url\":\"https:\\\/\\\/az.f-chain.com\\\/wp-content\\\/uploads\\\/2025\\\/07\\\/judge-s-hammer-and-letters-of-the-alphabet-with-th-2025-03-05-04-32-27-utc-scaled.jpg\",\"contentUrl\":\"https:\\\/\\\/az.f-chain.com\\\/wp-content\\\/uploads\\\/2025\\\/07\\\/judge-s-hammer-and-letters-of-the-alphabet-with-th-2025-03-05-04-32-27-utc-scaled.jpg\",\"width\":2560,\"height\":1715},{\"@type\":\"BreadcrumbList\",\"@id\":\"https:\\\/\\\/az.f-chain.com\\\/az\\\/qanun-m%c9%99xfilik-gizlilik-v%c9%99-t%c9%99hluk%c9%99sizlik\\\/#breadcrumb\",\"itemListElement\":[{\"@type\":\"ListItem\",\"position\":1,\"name\":\"Home\",\"item\":\"https:\\\/\\\/az.f-chain.com\\\/az\\\/\"},{\"@type\":\"ListItem\",\"position\":2,\"name\":\"Qanun, m\u0259xfilik, gizlilik v\u0259 t\u0259hl\u00fck\u0259sizlik\"}]},{\"@type\":\"WebSite\",\"@id\":\"https:\\\/\\\/az.f-chain.com\\\/#website\",\"url\":\"https:\\\/\\\/az.f-chain.com\\\/\",\"name\":\"FChain\",\"description\":\"Azerbaijan\",\"potentialAction\":[{\"@type\":\"SearchAction\",\"target\":{\"@type\":\"EntryPoint\",\"urlTemplate\":\"https:\\\/\\\/az.f-chain.com\\\/?s={search_term_string}\"},\"query-input\":{\"@type\":\"PropertyValueSpecification\",\"valueRequired\":true,\"valueName\":\"search_term_string\"}}],\"inLanguage\":\"az\"}]}<\/script>\n<!-- \/ Yoast SEO plugin. -->","yoast_head_json":{"title":"Qanun, m\u0259xfilik, gizlilik v\u0259 t\u0259hl\u00fck\u0259sizlik - FChain","robots":{"index":"index","follow":"follow","max-snippet":"max-snippet:-1","max-image-preview":"max-image-preview:large","max-video-preview":"max-video-preview:-1"},"canonical":"https:\/\/az.f-chain.com\/az\/qanun-m\u0259xfilik-gizlilik-v\u0259-t\u0259hluk\u0259sizlik\/","og_locale":"az_AZ","og_type":"article","og_title":"Qanun, m\u0259xfilik, gizlilik v\u0259 t\u0259hl\u00fck\u0259sizlik - FChain","og_description":"[vc_row][vc_column][vc_column_text]Financial Chain Corporation (FCHAIN) \u015firk\u0259tl\u0259r\u0259 \u00f6z h\u0259ssas m\u0259lumatlar\u0131n\u0131 qorumaq v\u0259 m\u0259xfilik, gizlilik v\u0259 m\u0259lumat t\u0259hl\u00fck\u0259sizliyinin faktiki, \u015f\u00fcbh\u0259li v\u0259 ya potensial pozuntular\u0131na effektiv cavab verm\u0259k \u00fc\u00e7\u00fcn ixtisasla\u015fm\u0131\u015f h\u00fcquqi xidm\u0259tl\u0259r t\u0259qdim edir. Korporativ m\u0259lumatlar\u0131 qorumaq v\u0259 t\u0259nziml\u0259yici qurumlar t\u0259r\u0259find\u0259n etibar\u0131 saxlamaq \u00fc\u00e7\u00fcn biz m\u00fc\u015ft\u0259ril\u0259rimiz\u0259 laz\u0131mi h\u00fcquqi s\u0259n\u0259dl\u0259r, strategiyalar v\u0259 t\u0259l\u0259bl\u0259r\u0259 uy\u011funluq t\u0259min ed\u0259n al\u0259tl\u0259r veririk. Xidm\u0259tl\u0259rimiz x\u00fcsusi","og_url":"https:\/\/az.f-chain.com\/az\/qanun-m\u0259xfilik-gizlilik-v\u0259-t\u0259hluk\u0259sizlik\/","og_site_name":"FChain","og_image":[{"width":2560,"height":1715,"url":"https:\/\/az.f-chain.com\/wp-content\/uploads\/2025\/07\/judge-s-hammer-and-letters-of-the-alphabet-with-th-2025-03-05-04-32-27-utc-scaled.jpg","type":"image\/jpeg"}],"twitter_card":"summary_large_image","schema":{"@context":"https:\/\/schema.org","@graph":[{"@type":"WebPage","@id":"https:\/\/az.f-chain.com\/az\/qanun-m%c9%99xfilik-gizlilik-v%c9%99-t%c9%99hluk%c9%99sizlik\/","url":"https:\/\/az.f-chain.com\/az\/qanun-m%c9%99xfilik-gizlilik-v%c9%99-t%c9%99hluk%c9%99sizlik\/","name":"Qanun, m\u0259xfilik, gizlilik v\u0259 t\u0259hl\u00fck\u0259sizlik - FChain","isPartOf":{"@id":"https:\/\/az.f-chain.com\/#website"},"primaryImageOfPage":{"@id":"https:\/\/az.f-chain.com\/az\/qanun-m%c9%99xfilik-gizlilik-v%c9%99-t%c9%99hluk%c9%99sizlik\/#primaryimage"},"image":{"@id":"https:\/\/az.f-chain.com\/az\/qanun-m%c9%99xfilik-gizlilik-v%c9%99-t%c9%99hluk%c9%99sizlik\/#primaryimage"},"thumbnailUrl":"https:\/\/az.f-chain.com\/wp-content\/uploads\/2025\/07\/judge-s-hammer-and-letters-of-the-alphabet-with-th-2025-03-05-04-32-27-utc-scaled.jpg","datePublished":"2025-10-01T10:46:12+00:00","breadcrumb":{"@id":"https:\/\/az.f-chain.com\/az\/qanun-m%c9%99xfilik-gizlilik-v%c9%99-t%c9%99hluk%c9%99sizlik\/#breadcrumb"},"inLanguage":"az","potentialAction":[{"@type":"ReadAction","target":["https:\/\/az.f-chain.com\/az\/qanun-m%c9%99xfilik-gizlilik-v%c9%99-t%c9%99hluk%c9%99sizlik\/"]}]},{"@type":"ImageObject","inLanguage":"az","@id":"https:\/\/az.f-chain.com\/az\/qanun-m%c9%99xfilik-gizlilik-v%c9%99-t%c9%99hluk%c9%99sizlik\/#primaryimage","url":"https:\/\/az.f-chain.com\/wp-content\/uploads\/2025\/07\/judge-s-hammer-and-letters-of-the-alphabet-with-th-2025-03-05-04-32-27-utc-scaled.jpg","contentUrl":"https:\/\/az.f-chain.com\/wp-content\/uploads\/2025\/07\/judge-s-hammer-and-letters-of-the-alphabet-with-th-2025-03-05-04-32-27-utc-scaled.jpg","width":2560,"height":1715},{"@type":"BreadcrumbList","@id":"https:\/\/az.f-chain.com\/az\/qanun-m%c9%99xfilik-gizlilik-v%c9%99-t%c9%99hluk%c9%99sizlik\/#breadcrumb","itemListElement":[{"@type":"ListItem","position":1,"name":"Home","item":"https:\/\/az.f-chain.com\/az\/"},{"@type":"ListItem","position":2,"name":"Qanun, m\u0259xfilik, gizlilik v\u0259 t\u0259hl\u00fck\u0259sizlik"}]},{"@type":"WebSite","@id":"https:\/\/az.f-chain.com\/#website","url":"https:\/\/az.f-chain.com\/","name":"FChain","description":"Azerbaijan","potentialAction":[{"@type":"SearchAction","target":{"@type":"EntryPoint","urlTemplate":"https:\/\/az.f-chain.com\/?s={search_term_string}"},"query-input":{"@type":"PropertyValueSpecification","valueRequired":true,"valueName":"search_term_string"}}],"inLanguage":"az"}]}},"_links":{"self":[{"href":"https:\/\/az.f-chain.com\/az\/wp-json\/wp\/v2\/pages\/56011","targetHints":{"allow":["GET"]}}],"collection":[{"href":"https:\/\/az.f-chain.com\/az\/wp-json\/wp\/v2\/pages"}],"about":[{"href":"https:\/\/az.f-chain.com\/az\/wp-json\/wp\/v2\/types\/page"}],"author":[{"embeddable":true,"href":"https:\/\/az.f-chain.com\/az\/wp-json\/wp\/v2\/users\/6"}],"replies":[{"embeddable":true,"href":"https:\/\/az.f-chain.com\/az\/wp-json\/wp\/v2\/comments?post=56011"}],"version-history":[{"count":1,"href":"https:\/\/az.f-chain.com\/az\/wp-json\/wp\/v2\/pages\/56011\/revisions"}],"predecessor-version":[{"id":56012,"href":"https:\/\/az.f-chain.com\/az\/wp-json\/wp\/v2\/pages\/56011\/revisions\/56012"}],"wp:featuredmedia":[{"embeddable":true,"href":"https:\/\/az.f-chain.com\/az\/wp-json\/wp\/v2\/media\/55525"}],"wp:attachment":[{"href":"https:\/\/az.f-chain.com\/az\/wp-json\/wp\/v2\/media?parent=56011"}],"curies":[{"name":"wp","href":"https:\/\/api.w.org\/{rel}","templated":true}]}}