{"id":56009,"date":"2025-10-01T11:56:24","date_gmt":"2025-10-01T08:56:24","guid":{"rendered":"https:\/\/az.f-chain.com\/?page_id=56009"},"modified":"2025-10-01T11:56:24","modified_gmt":"2025-10-01T08:56:24","slug":"mediasiya-huququ","status":"publish","type":"page","link":"https:\/\/az.f-chain.com\/az\/mediasiya-huququ\/","title":{"rendered":"Mediasiya h\u00fcququ"},"content":{"rendered":"<div class=\"wpb-content-wrapper\"><p>[vc_row][vc_column][vc_column_text]<strong>Financial Chain Corporation (FCHAIN) <\/strong>\u015f\u0259xsl\u0259r\u0259 v\u0259 m\u00fc\u0259ssis\u0259l\u0259r\u0259 m\u00fcbahis\u0259l\u0259ri <strong>m\u00fcbahis\u0259l\u0259rin alternativ h\u0259lli (ADR)<\/strong> vasit\u0259sil\u0259 h\u0259ll etm\u0259y\u0259 k\u00f6m\u0259k etm\u0259k \u00fc\u00e7\u00fcn <strong>Mediasiya H\u00fcququ<\/strong> xidm\u0259tl\u0259ri t\u0259klif edir. Vasit\u0259\u00e7ilik \u0259n\u0259n\u0259vi m\u0259hk\u0259m\u0259 \u00e7\u0259ki\u015fm\u0259l\u0259rin\u0259 nisb\u0259t\u0259n daha s\u00fcr\u0259tli, daha s\u0259rf\u0259li v\u0259 daha az qar\u015f\u0131durma metodu t\u0259qdim ed\u0259r\u0259k, t\u0259r\u0259fl\u0259r\u0259 qar\u015f\u0131l\u0131ql\u0131 m\u0259qbul n\u0259tic\u0259l\u0259r \u0259ld\u0259 etm\u0259y\u0259, m\u00fcnasib\u0259tl\u0259ri qoruma\u011fa v\u0259 ictimai m\u0259hk\u0259m\u0259 \u00e7\u0259ki\u015fm\u0259l\u0259rind\u0259n qa\u00e7ma\u011fa imkan verir.<\/p>\n<p>Vasit\u0259\u00e7ilik xidm\u0259tl\u0259rimiz t\u0259cr\u00fcb\u0259li h\u00fcquq\u015f\u00fcnaslar t\u0259r\u0259find\u0259n t\u0259min edilir. Onlar\u00a0 \u0259dal\u0259tlilik, neytrall\u0131q v\u0259 h\u00fcquqi ayd\u0131nl\u0131\u011f\u0131 t\u0259min ed\u0259n strukturla\u015fd\u0131r\u0131lm\u0131\u015f dan\u0131\u015f\u0131qlar prosesinin\u00a0 h\u0259r m\u0259rh\u0259l\u0259sind\u0259 t\u0259r\u0259fl\u0259r\u0259 h\u00fcquqi d\u0259st\u0259k verirl\u0259r.[\/vc_column_text][\/vc_column][\/vc_row][vc_row equal_height=&#8221;yes&#8221; content_placement=&#8221;middle&#8221; css_animation=&#8221;bounceInLeft&#8221;][vc_column width=&#8221;1\/2&#8243;][vc_column_text]<strong>M\u00fclki i\u015fl\u0259r<\/strong><\/p>\n<p>Biz geni\u015f spektrli m\u00fclki m\u00fcbahis\u0259l\u0259rd\u0259 h\u00fcquqi t\u0259msil\u00e7ilik v\u0259 vasit\u0259\u00e7ilik t\u0259min edirik, m\u0259s\u0259l\u0259n:<\/p>\n<ul>\n<li>M\u00fclkiyy\u0259t h\u00fcququ v\u0259 s\u0259rh\u0259d m\u00fcbahis\u0259l\u0259ri<\/li>\n<li>\u015e\u0259xsl\u0259r aras\u0131nda m\u00fcqavil\u0259 il\u0259 ba\u011fl\u0131 fikir ayr\u0131l\u0131qlar\u0131<\/li>\n<li>Ail\u0259nin maliyy\u0259 v\u0259 \u0259mlak m\u0259s\u0259l\u0259l\u0259ri<\/li>\n<li>\u0130stehlak\u00e7\u0131 iddialar\u0131 v\u0259 d\u0259ymi\u015f ziyan\u0131n \u00f6d\u0259nilm\u0259si il\u0259 ba\u011fl\u0131 m\u0259s\u0259l\u0259l\u0259r<\/li>\n<\/ul>\n<p><strong>Kommersiya m\u00fcbahis\u0259l\u0259ri<\/strong><\/p>\n<p>Bizim h\u00fcquq\u015f\u00fcnaslar komandam\u0131z \u015firk\u0259tl\u0259r\u0259 kommersiya m\u00fcbahis\u0259l\u0259rini m\u0259hk\u0259m\u0259y\u0259 getm\u0259d\u0259n h\u0259ll etm\u0259y\u0259 k\u00f6m\u0259k edir. A\u015fa\u011f\u0131dak\u0131 hallarda vasit\u0259\u00e7ilik edirik:<\/p>\n<ul>\n<li>S\u0259hmdar v\u0259 t\u0259r\u0259fda\u015f aras\u0131nda m\u00fcbahis\u0259l\u0259r<\/li>\n<li>M\u00fcqavil\u0259nin pozulmas\u0131 v\u0259 ya \u00f6hd\u0259likl\u0259rin yerin\u0259 yetirilm\u0259m\u0259si<\/li>\n<li>Vaxt\u0131 ke\u00e7mi\u015f \u00f6d\u0259ni\u015fl\u0259rin v\u0259 borclar\u0131n tutulmas\u0131<\/li>\n<li>Fran\u00e7ayzinq v\u0259 t\u0259chizat z\u0259nciri m\u0259s\u0259l\u0259l\u0259ri \u00fczr\u0259 fikir ayr\u0131l\u0131\u011f\u0131<\/li>\n<\/ul>\n<p>[\/vc_column_text][\/vc_column][vc_column width=&#8221;1\/2&#8243;][vc_single_image image=&#8221;55506&#8243; img_size=&#8221;full&#8221;][\/vc_column][\/vc_row][vc_row equal_height=&#8221;yes&#8221; content_placement=&#8221;middle&#8221; css_animation=&#8221;bounceInRight&#8221;][vc_column width=&#8221;1\/2&#8243;][vc_single_image image=&#8221;55509&#8243; img_size=&#8221;full&#8221;][\/vc_column][vc_column width=&#8221;1\/2&#8243;][vc_column_text]<strong>\u018fm\u0259k M\u00fcbahis\u0259l\u0259ri<\/strong><\/p>\n<p>Biz i\u015f\u0259g\u00f6t\u00fcr\u0259nl\u0259r\u0259 v\u0259 i\u015f\u00e7il\u0259r\u0259 \u0259m\u0259k m\u00fcbahis\u0259l\u0259rini dinc yolla h\u0259ll etm\u0259y\u0259 k\u00f6m\u0259k edirik, m\u0259s\u0259l\u0259n:<\/p>\n<ul>\n<li>Qanunsuz i\u015fd\u0259n \u00e7\u0131xar\u0131lma iddialar\u0131<\/li>\n<li>\u018fm\u0259k haqq\u0131 v\u0259 imtiyazlarla ba\u011fl\u0131 m\u00fcbahis\u0259l\u0259r<\/li>\n<li>\u0130\u015f yerind\u0259 t\u0259qib v\u0259 ya h\u00fcquqlar\u0131n pozulmas\u0131<\/li>\n<li>\u018fm\u0259k m\u00fcqavil\u0259l\u0259rinin \u015f\u0259rhi v\u0259 m\u00fcbahis\u0259l\u0259rin h\u0259lli \u00fczr\u0259 dan\u0131\u015f\u0131qlar<\/li>\n<\/ul>\n<p><strong>\u0130nzibati m\u00fcbahis\u0259l\u0259r<\/strong><\/p>\n<p>Biz a\u015fa\u011f\u0131dak\u0131 m\u0259qs\u0259dl\u0259r \u00fc\u00e7\u00fcn vasit\u0259\u00e7ilikd\u0259n istifad\u0259 ed\u0259r\u0259k, h\u00f6kum\u0259t v\u0259 inzibati orqanlarla m\u00fcbahis\u0259l\u0259rd\u0259 m\u00fc\u015ft\u0259ril\u0259ri t\u0259msil edirik:<\/p>\n<ul>\n<li>\u0130nzibati q\u0259rarlara etiraz<\/li>\n<li>Lisenziyala\u015fd\u0131rma v\u0259 ya icaz\u0259l\u0259rin verilm\u0259si il\u0259 ba\u011fl\u0131 m\u00fcnaqi\u015f\u0259l\u0259rin h\u0259lli<\/li>\n<li>D\u00f6vl\u0259t t\u0259r\u0259find\u0259n qoyulan c\u0259rim\u0259l\u0259rin v\u0259 m\u0259hdudiyy\u0259tl\u0259rin aradan qald\u0131r\u0131lmas\u0131<\/li>\n<li>T\u0259nziml\u0259yici orqanlarla qar\u015f\u0131l\u0131ql\u0131 faydal\u0131 m\u00fcqavil\u0259l\u0259rin ba\u011flanmas\u0131na yard\u0131m<\/li>\n<\/ul>\n<p>[\/vc_column_text][\/vc_column][\/vc_row][vc_row css_animation=&#8221;bounceInDown&#8221;][vc_column][vc_column_text]M\u00fcnaqi\u015f\u0259 yarand\u0131qda m\u0259hk\u0259m\u0259 yegan\u0259 h\u0259ll yolu deyil. <strong>FCHAIN vasit\u0259\u00e7ilik xidm\u0259tl\u0259ri<\/strong> m\u00fcbahis\u0259l\u0259ri effektiv, h\u00f6rm\u0259tl\u0259 v\u0259 m\u0259xfi \u015f\u0259kild\u0259 h\u0259ll etm\u0259y\u0259 imkan ver\u0259n m\u0259hk\u0259m\u0259 \u00e7\u0259ki\u015fm\u0259l\u0259rin\u0259 konstruktiv v\u0259 h\u00fcquqi c\u0259h\u0259td\u0259n \u0259sasland\u0131r\u0131lm\u0131\u015f alternativ t\u0259qdim edir.[\/vc_column_text][\/vc_column][\/vc_row]<\/p>\n<\/div>","protected":false},"excerpt":{"rendered":"<p>[vc_row][vc_column][vc_column_text]Financial Chain Corporation (FCHAIN) \u015f\u0259xsl\u0259r\u0259 v\u0259 m\u00fc\u0259ssis\u0259l\u0259r\u0259 m\u00fcbahis\u0259l\u0259ri m\u00fcbahis\u0259l\u0259rin alternativ h\u0259lli (ADR) vasit\u0259sil\u0259 h\u0259ll etm\u0259y\u0259 k\u00f6m\u0259k etm\u0259k \u00fc\u00e7\u00fcn Mediasiya H\u00fcququ xidm\u0259tl\u0259ri t\u0259klif edir. Vasit\u0259\u00e7ilik \u0259n\u0259n\u0259vi m\u0259hk\u0259m\u0259 \u00e7\u0259ki\u015fm\u0259l\u0259rin\u0259 nisb\u0259t\u0259n daha s\u00fcr\u0259tli, daha s\u0259rf\u0259li v\u0259 daha az qar\u015f\u0131durma metodu t\u0259qdim ed\u0259r\u0259k, t\u0259r\u0259fl\u0259r\u0259 qar\u015f\u0131l\u0131ql\u0131 m\u0259qbul n\u0259tic\u0259l\u0259r \u0259ld\u0259 etm\u0259y\u0259, m\u00fcnasib\u0259tl\u0259ri qoruma\u011fa v\u0259 ictimai m\u0259hk\u0259m\u0259 \u00e7\u0259ki\u015fm\u0259l\u0259rind\u0259n qa\u00e7ma\u011fa imkan verir. Vasit\u0259\u00e7ilik<\/p>\n","protected":false},"author":6,"featured_media":55507,"parent":0,"menu_order":0,"comment_status":"closed","ping_status":"closed","template":"","meta":{"_acf_changed":false,"footnotes":""},"class_list":["post-56009","page","type-page","status-publish","hentry"],"acf":[],"yoast_head":"<!-- This site is optimized with the Yoast SEO plugin v27.3 - https:\/\/yoast.com\/product\/yoast-seo-wordpress\/ -->\n<title>Mediasiya h\u00fcququ - FChain<\/title>\n<meta name=\"robots\" content=\"index, follow, max-snippet:-1, max-image-preview:large, max-video-preview:-1\" \/>\n<link rel=\"canonical\" href=\"https:\/\/az.f-chain.com\/az\/mediasiya-huququ\/\" \/>\n<meta property=\"og:locale\" content=\"az_AZ\" \/>\n<meta property=\"og:type\" content=\"article\" \/>\n<meta property=\"og:title\" content=\"Mediasiya h\u00fcququ - FChain\" \/>\n<meta property=\"og:description\" content=\"[vc_row][vc_column][vc_column_text]Financial Chain Corporation (FCHAIN) \u015f\u0259xsl\u0259r\u0259 v\u0259 m\u00fc\u0259ssis\u0259l\u0259r\u0259 m\u00fcbahis\u0259l\u0259ri m\u00fcbahis\u0259l\u0259rin alternativ h\u0259lli (ADR) vasit\u0259sil\u0259 h\u0259ll etm\u0259y\u0259 k\u00f6m\u0259k etm\u0259k \u00fc\u00e7\u00fcn Mediasiya H\u00fcququ xidm\u0259tl\u0259ri t\u0259klif edir. Vasit\u0259\u00e7ilik \u0259n\u0259n\u0259vi m\u0259hk\u0259m\u0259 \u00e7\u0259ki\u015fm\u0259l\u0259rin\u0259 nisb\u0259t\u0259n daha s\u00fcr\u0259tli, daha s\u0259rf\u0259li v\u0259 daha az qar\u015f\u0131durma metodu t\u0259qdim ed\u0259r\u0259k, t\u0259r\u0259fl\u0259r\u0259 qar\u015f\u0131l\u0131ql\u0131 m\u0259qbul n\u0259tic\u0259l\u0259r \u0259ld\u0259 etm\u0259y\u0259, m\u00fcnasib\u0259tl\u0259ri qoruma\u011fa v\u0259 ictimai m\u0259hk\u0259m\u0259 \u00e7\u0259ki\u015fm\u0259l\u0259rind\u0259n qa\u00e7ma\u011fa imkan verir. Vasit\u0259\u00e7ilik\" \/>\n<meta property=\"og:url\" content=\"https:\/\/az.f-chain.com\/az\/mediasiya-huququ\/\" \/>\n<meta property=\"og:site_name\" content=\"FChain\" \/>\n<meta property=\"og:image\" content=\"https:\/\/az.f-chain.com\/wp-content\/uploads\/2025\/07\/employees-at-a-workshop-in-an-eco-design-office-2024-10-20-09-25-15-utc-scaled.jpg\" \/>\n\t<meta property=\"og:image:width\" content=\"2560\" \/>\n\t<meta property=\"og:image:height\" content=\"1707\" \/>\n\t<meta property=\"og:image:type\" content=\"image\/jpeg\" \/>\n<meta name=\"twitter:card\" content=\"summary_large_image\" \/>\n<script type=\"application\/ld+json\" class=\"yoast-schema-graph\">{\"@context\":\"https:\\\/\\\/schema.org\",\"@graph\":[{\"@type\":\"WebPage\",\"@id\":\"https:\\\/\\\/az.f-chain.com\\\/az\\\/mediasiya-huququ\\\/\",\"url\":\"https:\\\/\\\/az.f-chain.com\\\/az\\\/mediasiya-huququ\\\/\",\"name\":\"Mediasiya h\u00fcququ - FChain\",\"isPartOf\":{\"@id\":\"https:\\\/\\\/az.f-chain.com\\\/#website\"},\"primaryImageOfPage\":{\"@id\":\"https:\\\/\\\/az.f-chain.com\\\/az\\\/mediasiya-huququ\\\/#primaryimage\"},\"image\":{\"@id\":\"https:\\\/\\\/az.f-chain.com\\\/az\\\/mediasiya-huququ\\\/#primaryimage\"},\"thumbnailUrl\":\"https:\\\/\\\/az.f-chain.com\\\/wp-content\\\/uploads\\\/2025\\\/07\\\/employees-at-a-workshop-in-an-eco-design-office-2024-10-20-09-25-15-utc-scaled.jpg\",\"datePublished\":\"2025-10-01T08:56:24+00:00\",\"breadcrumb\":{\"@id\":\"https:\\\/\\\/az.f-chain.com\\\/az\\\/mediasiya-huququ\\\/#breadcrumb\"},\"inLanguage\":\"az\",\"potentialAction\":[{\"@type\":\"ReadAction\",\"target\":[\"https:\\\/\\\/az.f-chain.com\\\/az\\\/mediasiya-huququ\\\/\"]}]},{\"@type\":\"ImageObject\",\"inLanguage\":\"az\",\"@id\":\"https:\\\/\\\/az.f-chain.com\\\/az\\\/mediasiya-huququ\\\/#primaryimage\",\"url\":\"https:\\\/\\\/az.f-chain.com\\\/wp-content\\\/uploads\\\/2025\\\/07\\\/employees-at-a-workshop-in-an-eco-design-office-2024-10-20-09-25-15-utc-scaled.jpg\",\"contentUrl\":\"https:\\\/\\\/az.f-chain.com\\\/wp-content\\\/uploads\\\/2025\\\/07\\\/employees-at-a-workshop-in-an-eco-design-office-2024-10-20-09-25-15-utc-scaled.jpg\",\"width\":2560,\"height\":1707,\"caption\":\"Employees at a workshop in an eco-design office, the walls are decorated with wood panels and decorative stone\"},{\"@type\":\"BreadcrumbList\",\"@id\":\"https:\\\/\\\/az.f-chain.com\\\/az\\\/mediasiya-huququ\\\/#breadcrumb\",\"itemListElement\":[{\"@type\":\"ListItem\",\"position\":1,\"name\":\"Home\",\"item\":\"https:\\\/\\\/az.f-chain.com\\\/az\\\/\"},{\"@type\":\"ListItem\",\"position\":2,\"name\":\"Mediasiya h\u00fcququ\"}]},{\"@type\":\"WebSite\",\"@id\":\"https:\\\/\\\/az.f-chain.com\\\/#website\",\"url\":\"https:\\\/\\\/az.f-chain.com\\\/\",\"name\":\"FChain\",\"description\":\"Azerbaijan\",\"potentialAction\":[{\"@type\":\"SearchAction\",\"target\":{\"@type\":\"EntryPoint\",\"urlTemplate\":\"https:\\\/\\\/az.f-chain.com\\\/?s={search_term_string}\"},\"query-input\":{\"@type\":\"PropertyValueSpecification\",\"valueRequired\":true,\"valueName\":\"search_term_string\"}}],\"inLanguage\":\"az\"}]}<\/script>\n<!-- \/ Yoast SEO plugin. -->","yoast_head_json":{"title":"Mediasiya h\u00fcququ - FChain","robots":{"index":"index","follow":"follow","max-snippet":"max-snippet:-1","max-image-preview":"max-image-preview:large","max-video-preview":"max-video-preview:-1"},"canonical":"https:\/\/az.f-chain.com\/az\/mediasiya-huququ\/","og_locale":"az_AZ","og_type":"article","og_title":"Mediasiya h\u00fcququ - FChain","og_description":"[vc_row][vc_column][vc_column_text]Financial Chain Corporation (FCHAIN) \u015f\u0259xsl\u0259r\u0259 v\u0259 m\u00fc\u0259ssis\u0259l\u0259r\u0259 m\u00fcbahis\u0259l\u0259ri m\u00fcbahis\u0259l\u0259rin alternativ h\u0259lli (ADR) vasit\u0259sil\u0259 h\u0259ll etm\u0259y\u0259 k\u00f6m\u0259k etm\u0259k \u00fc\u00e7\u00fcn Mediasiya H\u00fcququ xidm\u0259tl\u0259ri t\u0259klif edir. Vasit\u0259\u00e7ilik \u0259n\u0259n\u0259vi m\u0259hk\u0259m\u0259 \u00e7\u0259ki\u015fm\u0259l\u0259rin\u0259 nisb\u0259t\u0259n daha s\u00fcr\u0259tli, daha s\u0259rf\u0259li v\u0259 daha az qar\u015f\u0131durma metodu t\u0259qdim ed\u0259r\u0259k, t\u0259r\u0259fl\u0259r\u0259 qar\u015f\u0131l\u0131ql\u0131 m\u0259qbul n\u0259tic\u0259l\u0259r \u0259ld\u0259 etm\u0259y\u0259, m\u00fcnasib\u0259tl\u0259ri qoruma\u011fa v\u0259 ictimai m\u0259hk\u0259m\u0259 \u00e7\u0259ki\u015fm\u0259l\u0259rind\u0259n qa\u00e7ma\u011fa imkan verir. Vasit\u0259\u00e7ilik","og_url":"https:\/\/az.f-chain.com\/az\/mediasiya-huququ\/","og_site_name":"FChain","og_image":[{"width":2560,"height":1707,"url":"https:\/\/az.f-chain.com\/wp-content\/uploads\/2025\/07\/employees-at-a-workshop-in-an-eco-design-office-2024-10-20-09-25-15-utc-scaled.jpg","type":"image\/jpeg"}],"twitter_card":"summary_large_image","schema":{"@context":"https:\/\/schema.org","@graph":[{"@type":"WebPage","@id":"https:\/\/az.f-chain.com\/az\/mediasiya-huququ\/","url":"https:\/\/az.f-chain.com\/az\/mediasiya-huququ\/","name":"Mediasiya h\u00fcququ - FChain","isPartOf":{"@id":"https:\/\/az.f-chain.com\/#website"},"primaryImageOfPage":{"@id":"https:\/\/az.f-chain.com\/az\/mediasiya-huququ\/#primaryimage"},"image":{"@id":"https:\/\/az.f-chain.com\/az\/mediasiya-huququ\/#primaryimage"},"thumbnailUrl":"https:\/\/az.f-chain.com\/wp-content\/uploads\/2025\/07\/employees-at-a-workshop-in-an-eco-design-office-2024-10-20-09-25-15-utc-scaled.jpg","datePublished":"2025-10-01T08:56:24+00:00","breadcrumb":{"@id":"https:\/\/az.f-chain.com\/az\/mediasiya-huququ\/#breadcrumb"},"inLanguage":"az","potentialAction":[{"@type":"ReadAction","target":["https:\/\/az.f-chain.com\/az\/mediasiya-huququ\/"]}]},{"@type":"ImageObject","inLanguage":"az","@id":"https:\/\/az.f-chain.com\/az\/mediasiya-huququ\/#primaryimage","url":"https:\/\/az.f-chain.com\/wp-content\/uploads\/2025\/07\/employees-at-a-workshop-in-an-eco-design-office-2024-10-20-09-25-15-utc-scaled.jpg","contentUrl":"https:\/\/az.f-chain.com\/wp-content\/uploads\/2025\/07\/employees-at-a-workshop-in-an-eco-design-office-2024-10-20-09-25-15-utc-scaled.jpg","width":2560,"height":1707,"caption":"Employees at a workshop in an eco-design office, the walls are decorated with wood panels and decorative stone"},{"@type":"BreadcrumbList","@id":"https:\/\/az.f-chain.com\/az\/mediasiya-huququ\/#breadcrumb","itemListElement":[{"@type":"ListItem","position":1,"name":"Home","item":"https:\/\/az.f-chain.com\/az\/"},{"@type":"ListItem","position":2,"name":"Mediasiya h\u00fcququ"}]},{"@type":"WebSite","@id":"https:\/\/az.f-chain.com\/#website","url":"https:\/\/az.f-chain.com\/","name":"FChain","description":"Azerbaijan","potentialAction":[{"@type":"SearchAction","target":{"@type":"EntryPoint","urlTemplate":"https:\/\/az.f-chain.com\/?s={search_term_string}"},"query-input":{"@type":"PropertyValueSpecification","valueRequired":true,"valueName":"search_term_string"}}],"inLanguage":"az"}]}},"_links":{"self":[{"href":"https:\/\/az.f-chain.com\/az\/wp-json\/wp\/v2\/pages\/56009","targetHints":{"allow":["GET"]}}],"collection":[{"href":"https:\/\/az.f-chain.com\/az\/wp-json\/wp\/v2\/pages"}],"about":[{"href":"https:\/\/az.f-chain.com\/az\/wp-json\/wp\/v2\/types\/page"}],"author":[{"embeddable":true,"href":"https:\/\/az.f-chain.com\/az\/wp-json\/wp\/v2\/users\/6"}],"replies":[{"embeddable":true,"href":"https:\/\/az.f-chain.com\/az\/wp-json\/wp\/v2\/comments?post=56009"}],"version-history":[{"count":1,"href":"https:\/\/az.f-chain.com\/az\/wp-json\/wp\/v2\/pages\/56009\/revisions"}],"predecessor-version":[{"id":56010,"href":"https:\/\/az.f-chain.com\/az\/wp-json\/wp\/v2\/pages\/56009\/revisions\/56010"}],"wp:featuredmedia":[{"embeddable":true,"href":"https:\/\/az.f-chain.com\/az\/wp-json\/wp\/v2\/media\/55507"}],"wp:attachment":[{"href":"https:\/\/az.f-chain.com\/az\/wp-json\/wp\/v2\/media?parent=56009"}],"curies":[{"name":"wp","href":"https:\/\/api.w.org\/{rel}","templated":true}]}}