{"id":56007,"date":"2025-10-03T14:20:08","date_gmt":"2025-10-03T11:20:08","guid":{"rendered":"https:\/\/az.f-chain.com\/?page_id=56007"},"modified":"2025-10-21T15:58:01","modified_gmt":"2025-10-21T12:58:01","slug":"emt%c9%99%c9%99-nisani","status":"publish","type":"page","link":"https:\/\/az.f-chain.com\/az\/emt%c9%99%c9%99-nisani\/","title":{"rendered":"\u018fmt\u0259\u0259 ni\u015fan\u0131"},"content":{"rendered":"<div class=\"wpb-content-wrapper\"><p>[vc_row equal_height=&#8221;yes&#8221; css_animation=&#8221;fadeInUp&#8221;][vc_column][vc_column_text css_animation=&#8221;slideInDown&#8221;]\u0130xtiralar v\u0259 unikal innovasiyalar yaln\u0131z m\u00fcvafiq s\u0259n\u0259dl\u0259rin r\u0259smil\u0259\u015fdirilm\u0259si t\u0259min edildiyi halda patent h\u00fcququ il\u0259 qorunur. Bu halda, h\u00fcquq sahibi m\u00fc\u0259yy\u0259n m\u00fcdd\u0259t \u0259rzind\u0259 istifad\u0259y\u0259 dair m\u00fcst\u0259sna h\u00fcquqlar \u0259ld\u0259 edir.<br \/>\nMaraqlar\u0131n\u0131z\u0131n etibarl\u0131 qorunmas\u0131 \u00fc\u00e7\u00fcn \u0259mt\u0259\u0259 ni\u015fan\u0131n\u0131z\u0131 q\u00fcvv\u0259d\u0259 olan qanunvericiliy\u0259 uy\u011fun olaraq qeydiyyatdan ke\u00e7irin. Avropa \u0259razisind\u0259 patent \u0259riz\u0259l\u0259rinin t\u0259qdim edilm\u0259si \u00fc\u00e7\u00fcn s\u0259n\u0259dl\u0259ri m\u00fcst\u0259qil \u015f\u0259kild\u0259 haz\u0131rlaya v\u0259 ya pe\u015f\u0259kar h\u00fcquqi yard\u0131mdan istifad\u0259 ed\u0259 bil\u0259rsiniz. Se\u00e7il\u0259c\u0259k \u00fcsul yekun n\u0259tic\u0259y\u0259 t\u0259sir g\u00f6st\u0259rm\u0259s\u0259 d\u0259, qeydiyyat prosesinin \u0259h\u0259miyy\u0259tli d\u0259r\u0259c\u0259d\u0259 sad\u0259l\u0259\u015fdirilm\u0259sin\u0259 xidm\u0259t ed\u0259 bil\u0259r.[\/vc_column_text][\/vc_column][\/vc_row][vc_row equal_height=&#8221;yes&#8221; content_placement=&#8221;middle&#8221; css_animation=&#8221;bounceInLeft&#8221;][vc_column width=&#8221;1\/2&#8243;][vc_column_text css_animation=&#8221;slideInLeft&#8221;]<strong>Patent \u00fc\u00e7\u00fcn m\u00fcraci\u0259t: Bilm\u0259li oldu\u011funuz \u015feyl\u0259r<\/strong><\/p>\n<p>M\u00fc\u0259llif h\u00fcququ sahibinin icaz\u0259si olmadan ba\u015fqas\u0131n\u0131n ideyalar\u0131ndan istifad\u0259 etm\u0259k qada\u011fand\u0131r. Bundan \u0259lav\u0259, yenilikl\u0259rin t\u0259krar qeydiyyat\u0131 da m\u00fcmk\u00fcn deyil. Bu s\u0259b\u0259bd\u0259n, sor\u011fu g\u00f6nd\u0259rm\u0259k v\u0259 <strong>\u0259mt\u0259\u0259 ni\u015fan\u0131n\u0131z\u0131 qeydiyyata alma\u011fa<\/strong> ba\u015flamaq yaln\u0131z cavab ald\u0131qdan sonra h\u0259yata\u00a0 ke\u00e7irilm\u0259lidir. M\u00fcraci\u0259t \u00a0g\u00f6nd\u0259rm\u0259yin bir ne\u00e7\u0259 \u00fcsulu m\u00f6vcuddur.<\/p>\n<p>Birinci se\u00e7im ox\u015far ideyalar\u0131 Beyn\u0259lxalq Patent Reyestrind\u0259 (TPE) axtarmaqd\u0131r. Bunu etm\u0259k \u00fc\u00e7\u00fcn a\u015fa\u011f\u0131dak\u0131lar\u0131 t\u0259min etm\u0259lisiniz:<\/p>\n<ul>\n<li>\u0259lav\u0259 m\u0259lumatlar;<br \/>\n\u2022 patentin m\u00f6vzusu;<br \/>\n\u2022 dig\u0259r vacib detallar.<\/li>\n<\/ul>\n<p>\u018fg\u0259r ideya he\u00e7 kim t\u0259r\u0259find\u0259n qeydiyyata al\u0131nmay\u0131bsa, siz <strong>\u0259qli m\u00fclkiyy\u0259tinizi qorumaq<\/strong> imkan\u0131 \u0259ld\u0259 edirsiniz.<\/p>\n<p>\u0130kinci axtar\u0131\u015f variant\u0131 \u2014 axtar\u0131\u015f\u0131 m\u00fct\u0259x\u0259ssisl\u0259r\u0259 h\u0259val\u0259 etm\u0259kdir. M\u00fct\u0259x\u0259ssisl\u0259r ideyan\u0131z\u0131 t\u0259hlil ed\u0259c\u0259k v\u0259 m\u00fcvafiq quruma d\u00fczg\u00fcn t\u0259rtib edilmi\u015f m\u00fcraci\u0259t g\u00f6nd\u0259r\u0259c\u0259kl\u0259r. Bel\u0259likl\u0259, ox\u015far variantlar\u0131n axtar\u0131\u015f\u0131 sizin vaxt\u0131n\u0131z\u0131 almayacaq v\u0259 m\u00fcraci\u0259tin n\u0259tic\u0259l\u0259ri m\u00fc\u0259yy\u0259n edilmi\u015f m\u00fcdd\u0259t \u0259rzind\u0259 t\u0259qdim olunacaq.[\/vc_column_text][\/vc_column][vc_column width=&#8221;1\/2&#8243;][vc_single_image image=&#8221;23389&#8243; img_size=&#8221;full&#8221; css_animation=&#8221;slideInRight&#8221;][\/vc_column][\/vc_row][vc_row equal_height=&#8221;yes&#8221; content_placement=&#8221;middle&#8221; css_animation=&#8221;bounceInRight&#8221; css=&#8221;.vc_custom_1752660807568{margin-bottom: 0px !important;background-color: #f6f6f6 !important;}&#8221;][vc_column width=&#8221;1\/2&#8243;][vc_single_image image=&#8221;23392&#8243; img_size=&#8221;full&#8221; alignment=&#8221;center&#8221; css_animation=&#8221;zoomInLeft&#8221;][\/vc_column][vc_column width=&#8221;1\/2&#8243;][vc_column_text css_animation=&#8221;slideInRight&#8221;]<strong>\u018fmt\u0259\u0259 ni\u015fan\u0131n\u0131n qeydiyyat\u0131: Ekspert yard\u0131m\u0131<\/strong><\/p>\n<p>\u018fmt\u0259\u0259 ni\u015fan\u0131n\u0131n qeydiyyat\u0131 m\u00fcv\u0259kill\u0259rin k\u00f6m\u0259yi il\u0259 h\u0259yata ke\u00e7irilir. Bu m\u00fct\u0259x\u0259ssisl\u0259r bu sah\u0259ni v\u0259 axtar\u0131\u015f prosedurlar\u0131n\u0131 yax\u015f\u0131 bilm\u0259lidirl\u0259r. Bir-birin\u0259 zidd olan \u0259mt\u0259\u0259 ni\u015fanlar\u0131 q\u0259buledilm\u0259zdir, buna g\u00f6r\u0259 d\u0259 son n\u0259tic\u0259 m\u00fct\u0259x\u0259ssisin se\u00e7imind\u0259n as\u0131l\u0131d\u0131r.<\/p>\n<p>Siz \u0259mt\u0259\u0259 ni\u015fan\u0131n\u0131n qeydiyyat\u0131 xidm\u0259tl\u0259rini onlayn \u0259ld\u0259 ed\u0259 bil\u0259rsiniz. Bu, maraqlanan \u0259mt\u0259\u0259 ni\u015fan\u0131 sahibl\u0259ri \u00fc\u00e7\u00fcn \u0259la x\u0259b\u0259rdir. Bu xidm\u0259t yoxlama m\u0259rh\u0259l\u0259si, m\u00fcmk\u00fcn d\u00fcz\u0259li\u015fl\u0259r v\u0259 sonrak\u0131 qeydiyyat\u0131 \u0259hat\u0259 \u00a0edir. \u018fvv\u0259lc\u0259 loqonu qeydiyyatdan ke\u00e7irm\u0259lisiniz; yaln\u0131z bundan sonra n\u00f6vb\u0259ti m\u0259rh\u0259l\u0259y\u0259 ke\u00e7\u0259 bil\u0259rsiniz.[\/vc_column_text][vc_btn title=&#8221;DAHA \u018fTRAFLI&#8221; style=&#8221;outline&#8221; color=&#8221;danger&#8221; align=&#8221;center&#8221; link=&#8221;url:https%3A%2F%2Faz.f-chain.com%2Faz%2Feqli-mulkiyy%25c9%2599t-huququ%2F|title:Intellectual%20Property%20Law&#8221;][\/vc_column][\/vc_row][vc_row equal_height=&#8221;yes&#8221; content_placement=&#8221;middle&#8221; css_animation=&#8221;bounceInLeft&#8221;][vc_column width=&#8221;1\/2&#8243;][vc_column_text css_animation=&#8221;slideInLeft&#8221;]<strong>\u018fqli m\u00fclkiyy\u0259tinizi nec\u0259 qoruya bil\u0259rsiniz.<\/strong><\/p>\n<p>\u018fqli m\u00fclkiyy\u0259t h\u00fcquqlar\u0131n\u0131n qorunmas\u0131 \u015firk\u0259tl\u0259r\u0259 v\u0259 ya \u015f\u0259xsl\u0259r\u0259 patent v\u0259 \u0259mt\u0259\u0259 ni\u015fanlar\u0131ndan istifad\u0259y\u0259 g\u00f6r\u0259 m\u0259suliyy\u0259t da\u015f\u0131ma\u011fa imkan verir. \u018fqli m\u00fclkiyy\u0259t k\u0259nar ekspertl\u0259rin i\u015ftirak\u0131 olmadan yarad\u0131lm\u0131\u015f m\u0259hsuldur. Bura:<\/p>\n<ul>\n<li>\u0259lyazmalar;<\/li>\n<li>dizaynlar;<\/li>\n<li>dizayn qeydiyyat\u0131 daxildir.<\/li>\n<\/ul>\n<p><strong>\u018fmt\u0259\u0259 ni\u015fan\u0131n\u0131n d\u00fczg\u00fcn n\u0259z\u0259rd\u0259n ke\u00e7irilm\u0259sini <\/strong>t\u0259min etm\u0259k \u00fc\u00e7\u00fcn ideyan\u0131 k\u0259nar \u015f\u0259xsl\u0259rl\u0259 m\u00fczakir\u0259 etm\u0259kd\u0259n \u00e7\u0259kinm\u0259k laz\u0131md\u0131r. Bundan \u0259lav\u0259, yarad\u0131l\u0131\u015f\u0131n b\u00fct\u00fcn m\u0259rh\u0259l\u0259l\u0259rini s\u0259n\u0259dl\u0259\u015fdirm\u0259k v\u0259 n\u0259tic\u0259l\u0259ri qeydiyyatdan ke\u00e7irm\u0259k niyy\u0259tini bildirm\u0259k vacibdir. Bu, x\u0259rcl\u0259ri qar\u015f\u0131lama\u011fa v\u0259 brendin, loqotipin v\u0259 ya ad\u0131n istifad\u0259si h\u00fcququnu \u0259ld\u0259 etm\u0259y\u0259 imkan ver\u0259c\u0259k.[\/vc_column_text][\/vc_column][vc_column width=&#8221;1\/2&#8243;][vc_single_image image=&#8221;23395&#8243; img_size=&#8221;full&#8221; css_animation=&#8221;slideInRight&#8221;][\/vc_column][\/vc_row][vc_row][vc_column][vc_column_text css_animation=&#8221;slideInUp&#8221;]<strong>Patent \u00fc\u00e7\u00fcn m\u00fcraci\u0259t: bu nec\u0259 i\u015fl\u0259yir?<\/strong><\/p>\n<p>M\u00fclkiyy\u0259t h\u00fcquqlar\u0131n\u0131n \u00f6t\u00fcr\u00fclm\u0259si il\u0259 ba\u011fl\u0131 m\u00fcraci\u0259t \u00a0m\u00fc\u0259yy\u0259n edilmi\u015f qaydalara uy\u011fun olaraq i\u015fl\u0259nir. M\u00fc\u0259llifd\u0259n n\u0259 t\u0259l\u0259b olundu\u011funu \u00f6yr\u0259nm\u0259k v\u0259 s\u0259n\u0259dl\u0259r paketini haz\u0131rlamaq \u00fc\u00e7\u00fcn \u0259mt\u0259\u0259 ni\u015fan\u0131n\u0131n patentl\u0259\u015fdirilm\u0259si xidm\u0259tl\u0259rini sifari\u015f etm\u0259k olar. H\u00fcquq\u015f\u00fcnaslar dig\u0259r m\u00fct\u0259x\u0259ssisl\u0259rl\u0259 birlikd\u0259 \u00a0siz\u0259 bu prosesi rahat \u015f\u0259kild\u0259 ke\u00e7m\u0259y\u0259\u00a0 k\u00f6m\u0259k ed\u0259c\u0259kl\u0259r.[\/vc_column_text][\/vc_column][\/vc_row][vc_row][vc_column][\/vc_column][\/vc_row]<\/p>\n<\/div>","protected":false},"excerpt":{"rendered":"<p>[vc_row equal_height=&#8221;yes&#8221; css_animation=&#8221;fadeInUp&#8221;][vc_column][vc_column_text css_animation=&#8221;slideInDown&#8221;]\u0130xtiralar v\u0259 unikal innovasiyalar yaln\u0131z m\u00fcvafiq s\u0259n\u0259dl\u0259rin r\u0259smil\u0259\u015fdirilm\u0259si t\u0259min edildiyi halda patent h\u00fcququ il\u0259 qorunur. Bu halda, h\u00fcquq sahibi m\u00fc\u0259yy\u0259n m\u00fcdd\u0259t \u0259rzind\u0259 istifad\u0259y\u0259 dair m\u00fcst\u0259sna h\u00fcquqlar \u0259ld\u0259 edir. Maraqlar\u0131n\u0131z\u0131n etibarl\u0131 qorunmas\u0131 \u00fc\u00e7\u00fcn \u0259mt\u0259\u0259 ni\u015fan\u0131n\u0131z\u0131 q\u00fcvv\u0259d\u0259 olan qanunvericiliy\u0259 uy\u011fun olaraq qeydiyyatdan ke\u00e7irin. Avropa \u0259razisind\u0259 patent \u0259riz\u0259l\u0259rinin t\u0259qdim edilm\u0259si \u00fc\u00e7\u00fcn s\u0259n\u0259dl\u0259ri m\u00fcst\u0259qil \u015f\u0259kild\u0259 haz\u0131rlaya<\/p>\n","protected":false},"author":6,"featured_media":55438,"parent":0,"menu_order":0,"comment_status":"open","ping_status":"closed","template":"","meta":{"_acf_changed":false,"footnotes":""},"class_list":["post-56007","page","type-page","status-publish","hentry"],"acf":[],"yoast_head":"<!-- This site is optimized with the Yoast SEO plugin v27.3 - https:\/\/yoast.com\/product\/yoast-seo-wordpress\/ -->\n<title>\u018fmt\u0259\u0259 ni\u015fan\u0131 - FChain<\/title>\n<meta name=\"robots\" content=\"index, follow, max-snippet:-1, max-image-preview:large, max-video-preview:-1\" \/>\n<link rel=\"canonical\" href=\"https:\/\/az.f-chain.com\/az\/emt\u0259\u0259-nisani\/\" \/>\n<meta property=\"og:locale\" content=\"az_AZ\" \/>\n<meta property=\"og:type\" content=\"article\" \/>\n<meta property=\"og:title\" content=\"\u018fmt\u0259\u0259 ni\u015fan\u0131 - FChain\" \/>\n<meta property=\"og:description\" content=\"[vc_row equal_height=&#8221;yes&#8221; css_animation=&#8221;fadeInUp&#8221;][vc_column][vc_column_text css_animation=&#8221;slideInDown&#8221;]\u0130xtiralar v\u0259 unikal innovasiyalar yaln\u0131z m\u00fcvafiq s\u0259n\u0259dl\u0259rin r\u0259smil\u0259\u015fdirilm\u0259si t\u0259min edildiyi halda patent h\u00fcququ il\u0259 qorunur. Bu halda, h\u00fcquq sahibi m\u00fc\u0259yy\u0259n m\u00fcdd\u0259t \u0259rzind\u0259 istifad\u0259y\u0259 dair m\u00fcst\u0259sna h\u00fcquqlar \u0259ld\u0259 edir. Maraqlar\u0131n\u0131z\u0131n etibarl\u0131 qorunmas\u0131 \u00fc\u00e7\u00fcn \u0259mt\u0259\u0259 ni\u015fan\u0131n\u0131z\u0131 q\u00fcvv\u0259d\u0259 olan qanunvericiliy\u0259 uy\u011fun olaraq qeydiyyatdan ke\u00e7irin. Avropa \u0259razisind\u0259 patent \u0259riz\u0259l\u0259rinin t\u0259qdim edilm\u0259si \u00fc\u00e7\u00fcn s\u0259n\u0259dl\u0259ri m\u00fcst\u0259qil \u015f\u0259kild\u0259 haz\u0131rlaya\" \/>\n<meta property=\"og:url\" content=\"https:\/\/az.f-chain.com\/az\/emt\u0259\u0259-nisani\/\" \/>\n<meta property=\"og:site_name\" content=\"FChain\" \/>\n<meta property=\"article:modified_time\" content=\"2025-10-21T12:58:01+00:00\" \/>\n<meta property=\"og:image\" content=\"https:\/\/az.f-chain.com\/wp-content\/uploads\/2025\/07\/copyright-symbol-2024-10-18-02-15-11-utc-scaled.jpg\" \/>\n\t<meta property=\"og:image:width\" content=\"2560\" \/>\n\t<meta property=\"og:image:height\" content=\"1584\" \/>\n\t<meta property=\"og:image:type\" content=\"image\/jpeg\" \/>\n<meta name=\"twitter:card\" content=\"summary_large_image\" \/>\n<script type=\"application\/ld+json\" class=\"yoast-schema-graph\">{\"@context\":\"https:\\\/\\\/schema.org\",\"@graph\":[{\"@type\":\"WebPage\",\"@id\":\"https:\\\/\\\/az.f-chain.com\\\/az\\\/emt%c9%99%c9%99-nisani\\\/\",\"url\":\"https:\\\/\\\/az.f-chain.com\\\/az\\\/emt%c9%99%c9%99-nisani\\\/\",\"name\":\"\u018fmt\u0259\u0259 ni\u015fan\u0131 - FChain\",\"isPartOf\":{\"@id\":\"https:\\\/\\\/az.f-chain.com\\\/#website\"},\"primaryImageOfPage\":{\"@id\":\"https:\\\/\\\/az.f-chain.com\\\/az\\\/emt%c9%99%c9%99-nisani\\\/#primaryimage\"},\"image\":{\"@id\":\"https:\\\/\\\/az.f-chain.com\\\/az\\\/emt%c9%99%c9%99-nisani\\\/#primaryimage\"},\"thumbnailUrl\":\"https:\\\/\\\/az.f-chain.com\\\/wp-content\\\/uploads\\\/2025\\\/07\\\/copyright-symbol-2024-10-18-02-15-11-utc-scaled.jpg\",\"datePublished\":\"2025-10-03T11:20:08+00:00\",\"dateModified\":\"2025-10-21T12:58:01+00:00\",\"breadcrumb\":{\"@id\":\"https:\\\/\\\/az.f-chain.com\\\/az\\\/emt%c9%99%c9%99-nisani\\\/#breadcrumb\"},\"inLanguage\":\"az\",\"potentialAction\":[{\"@type\":\"ReadAction\",\"target\":[\"https:\\\/\\\/az.f-chain.com\\\/az\\\/emt%c9%99%c9%99-nisani\\\/\"]}]},{\"@type\":\"ImageObject\",\"inLanguage\":\"az\",\"@id\":\"https:\\\/\\\/az.f-chain.com\\\/az\\\/emt%c9%99%c9%99-nisani\\\/#primaryimage\",\"url\":\"https:\\\/\\\/az.f-chain.com\\\/wp-content\\\/uploads\\\/2025\\\/07\\\/copyright-symbol-2024-10-18-02-15-11-utc-scaled.jpg\",\"contentUrl\":\"https:\\\/\\\/az.f-chain.com\\\/wp-content\\\/uploads\\\/2025\\\/07\\\/copyright-symbol-2024-10-18-02-15-11-utc-scaled.jpg\",\"width\":2560,\"height\":1584,\"caption\":\"3D illustration of two rubber stamps with copyright word and symbol over kraft paper background, Concept of copyrighted material\"},{\"@type\":\"BreadcrumbList\",\"@id\":\"https:\\\/\\\/az.f-chain.com\\\/az\\\/emt%c9%99%c9%99-nisani\\\/#breadcrumb\",\"itemListElement\":[{\"@type\":\"ListItem\",\"position\":1,\"name\":\"Home\",\"item\":\"https:\\\/\\\/az.f-chain.com\\\/az\\\/\"},{\"@type\":\"ListItem\",\"position\":2,\"name\":\"\u018fmt\u0259\u0259 ni\u015fan\u0131\"}]},{\"@type\":\"WebSite\",\"@id\":\"https:\\\/\\\/az.f-chain.com\\\/#website\",\"url\":\"https:\\\/\\\/az.f-chain.com\\\/\",\"name\":\"FChain\",\"description\":\"Azerbaijan\",\"potentialAction\":[{\"@type\":\"SearchAction\",\"target\":{\"@type\":\"EntryPoint\",\"urlTemplate\":\"https:\\\/\\\/az.f-chain.com\\\/?s={search_term_string}\"},\"query-input\":{\"@type\":\"PropertyValueSpecification\",\"valueRequired\":true,\"valueName\":\"search_term_string\"}}],\"inLanguage\":\"az\"}]}<\/script>\n<!-- \/ Yoast SEO plugin. -->","yoast_head_json":{"title":"\u018fmt\u0259\u0259 ni\u015fan\u0131 - FChain","robots":{"index":"index","follow":"follow","max-snippet":"max-snippet:-1","max-image-preview":"max-image-preview:large","max-video-preview":"max-video-preview:-1"},"canonical":"https:\/\/az.f-chain.com\/az\/emt\u0259\u0259-nisani\/","og_locale":"az_AZ","og_type":"article","og_title":"\u018fmt\u0259\u0259 ni\u015fan\u0131 - FChain","og_description":"[vc_row equal_height=&#8221;yes&#8221; css_animation=&#8221;fadeInUp&#8221;][vc_column][vc_column_text css_animation=&#8221;slideInDown&#8221;]\u0130xtiralar v\u0259 unikal innovasiyalar yaln\u0131z m\u00fcvafiq s\u0259n\u0259dl\u0259rin r\u0259smil\u0259\u015fdirilm\u0259si t\u0259min edildiyi halda patent h\u00fcququ il\u0259 qorunur. Bu halda, h\u00fcquq sahibi m\u00fc\u0259yy\u0259n m\u00fcdd\u0259t \u0259rzind\u0259 istifad\u0259y\u0259 dair m\u00fcst\u0259sna h\u00fcquqlar \u0259ld\u0259 edir. Maraqlar\u0131n\u0131z\u0131n etibarl\u0131 qorunmas\u0131 \u00fc\u00e7\u00fcn \u0259mt\u0259\u0259 ni\u015fan\u0131n\u0131z\u0131 q\u00fcvv\u0259d\u0259 olan qanunvericiliy\u0259 uy\u011fun olaraq qeydiyyatdan ke\u00e7irin. Avropa \u0259razisind\u0259 patent \u0259riz\u0259l\u0259rinin t\u0259qdim edilm\u0259si \u00fc\u00e7\u00fcn s\u0259n\u0259dl\u0259ri m\u00fcst\u0259qil \u015f\u0259kild\u0259 haz\u0131rlaya","og_url":"https:\/\/az.f-chain.com\/az\/emt\u0259\u0259-nisani\/","og_site_name":"FChain","article_modified_time":"2025-10-21T12:58:01+00:00","og_image":[{"width":2560,"height":1584,"url":"https:\/\/az.f-chain.com\/wp-content\/uploads\/2025\/07\/copyright-symbol-2024-10-18-02-15-11-utc-scaled.jpg","type":"image\/jpeg"}],"twitter_card":"summary_large_image","schema":{"@context":"https:\/\/schema.org","@graph":[{"@type":"WebPage","@id":"https:\/\/az.f-chain.com\/az\/emt%c9%99%c9%99-nisani\/","url":"https:\/\/az.f-chain.com\/az\/emt%c9%99%c9%99-nisani\/","name":"\u018fmt\u0259\u0259 ni\u015fan\u0131 - FChain","isPartOf":{"@id":"https:\/\/az.f-chain.com\/#website"},"primaryImageOfPage":{"@id":"https:\/\/az.f-chain.com\/az\/emt%c9%99%c9%99-nisani\/#primaryimage"},"image":{"@id":"https:\/\/az.f-chain.com\/az\/emt%c9%99%c9%99-nisani\/#primaryimage"},"thumbnailUrl":"https:\/\/az.f-chain.com\/wp-content\/uploads\/2025\/07\/copyright-symbol-2024-10-18-02-15-11-utc-scaled.jpg","datePublished":"2025-10-03T11:20:08+00:00","dateModified":"2025-10-21T12:58:01+00:00","breadcrumb":{"@id":"https:\/\/az.f-chain.com\/az\/emt%c9%99%c9%99-nisani\/#breadcrumb"},"inLanguage":"az","potentialAction":[{"@type":"ReadAction","target":["https:\/\/az.f-chain.com\/az\/emt%c9%99%c9%99-nisani\/"]}]},{"@type":"ImageObject","inLanguage":"az","@id":"https:\/\/az.f-chain.com\/az\/emt%c9%99%c9%99-nisani\/#primaryimage","url":"https:\/\/az.f-chain.com\/wp-content\/uploads\/2025\/07\/copyright-symbol-2024-10-18-02-15-11-utc-scaled.jpg","contentUrl":"https:\/\/az.f-chain.com\/wp-content\/uploads\/2025\/07\/copyright-symbol-2024-10-18-02-15-11-utc-scaled.jpg","width":2560,"height":1584,"caption":"3D illustration of two rubber stamps with copyright word and symbol over kraft paper background, Concept of copyrighted material"},{"@type":"BreadcrumbList","@id":"https:\/\/az.f-chain.com\/az\/emt%c9%99%c9%99-nisani\/#breadcrumb","itemListElement":[{"@type":"ListItem","position":1,"name":"Home","item":"https:\/\/az.f-chain.com\/az\/"},{"@type":"ListItem","position":2,"name":"\u018fmt\u0259\u0259 ni\u015fan\u0131"}]},{"@type":"WebSite","@id":"https:\/\/az.f-chain.com\/#website","url":"https:\/\/az.f-chain.com\/","name":"FChain","description":"Azerbaijan","potentialAction":[{"@type":"SearchAction","target":{"@type":"EntryPoint","urlTemplate":"https:\/\/az.f-chain.com\/?s={search_term_string}"},"query-input":{"@type":"PropertyValueSpecification","valueRequired":true,"valueName":"search_term_string"}}],"inLanguage":"az"}]}},"_links":{"self":[{"href":"https:\/\/az.f-chain.com\/az\/wp-json\/wp\/v2\/pages\/56007","targetHints":{"allow":["GET"]}}],"collection":[{"href":"https:\/\/az.f-chain.com\/az\/wp-json\/wp\/v2\/pages"}],"about":[{"href":"https:\/\/az.f-chain.com\/az\/wp-json\/wp\/v2\/types\/page"}],"author":[{"embeddable":true,"href":"https:\/\/az.f-chain.com\/az\/wp-json\/wp\/v2\/users\/6"}],"replies":[{"embeddable":true,"href":"https:\/\/az.f-chain.com\/az\/wp-json\/wp\/v2\/comments?post=56007"}],"version-history":[{"count":2,"href":"https:\/\/az.f-chain.com\/az\/wp-json\/wp\/v2\/pages\/56007\/revisions"}],"predecessor-version":[{"id":56240,"href":"https:\/\/az.f-chain.com\/az\/wp-json\/wp\/v2\/pages\/56007\/revisions\/56240"}],"wp:featuredmedia":[{"embeddable":true,"href":"https:\/\/az.f-chain.com\/az\/wp-json\/wp\/v2\/media\/55438"}],"wp:attachment":[{"href":"https:\/\/az.f-chain.com\/az\/wp-json\/wp\/v2\/media?parent=56007"}],"curies":[{"name":"wp","href":"https:\/\/api.w.org\/{rel}","templated":true}]}}