{"id":56004,"date":"2025-10-01T11:32:40","date_gmt":"2025-10-01T08:32:40","guid":{"rendered":"https:\/\/az.f-chain.com\/?page_id=56004"},"modified":"2025-10-21T15:56:28","modified_gmt":"2025-10-21T12:56:28","slug":"eqli-mulkiyy%c9%99t-huququ","status":"publish","type":"page","link":"https:\/\/az.f-chain.com\/az\/eqli-mulkiyy%c9%99t-huququ\/","title":{"rendered":"\u018fqli m\u00fclkiyy\u0259t h\u00fcququ"},"content":{"rendered":"<div class=\"wpb-content-wrapper\"><p>[vc_row][vc_column][vc_column_text]<strong>Financial Chain Corporation (FCHAIN)<\/strong> <strong>\u0259qli m\u00fclkiyy\u0259t (\u018fM) h\u00fcququ<\/strong> sah\u0259sind\u0259 ekspert h\u00fcquqi xidm\u0259tl\u0259ri g\u00f6st\u0259rir, \u015f\u0259xsl\u0259r\u0259 v\u0259 \u015firk\u0259tl\u0259r\u0259 yarad\u0131c\u0131 aktivl\u0259rini v\u0259 innovasiyalar\u0131n\u0131 qorumaqda k\u00f6m\u0259k edir. Ticar\u0259t ni\u015fanlar\u0131 v\u0259 patentl\u0259rd\u0259n tutmu\u015f m\u00fc\u0259llif h\u00fcquqlar\u0131na v\u0259 ticar\u0259t sirl\u0259rin\u0259 q\u0259d\u0259r, biz sizin \u0259qli m\u00fclkiyy\u0259tinizin milli v\u0259 beyn\u0259lxalq standartlara uy\u011fun olaraq qeydiyyata al\u0131nmas\u0131n\u0131, qorunmas\u0131n\u0131 v\u0259 qanuni q\u00fcvv\u0259y\u0259 minm\u0259sini t\u0259min edirik.<\/p>\n<p>Getdikc\u0259 bilikl\u0259r\u0259 \u0259saslanan iqtisadiyyatda \u0259qli m\u00fclkiyy\u0259tin qorunmas\u0131 <strong>r\u0259qab\u0259t \u00fcst\u00fcnl\u00fcy\u00fcn\u00fc<\/strong>, <strong>brend b\u00fct\u00f6vl\u00fcy\u00fcn\u00fc<\/strong> v\u0259 <strong>kommersiya d\u0259y\u0259rini<\/strong> qorumaq \u00fc\u00e7\u00fcn \u00e7ox vacibdir.[\/vc_column_text][\/vc_column][\/vc_row][vc_row equal_height=&#8221;yes&#8221; content_placement=&#8221;middle&#8221; css_animation=&#8221;bounceInLeft&#8221;][vc_column width=&#8221;1\/2&#8243;][vc_column_text]<strong>Ticar\u0259t ni\u015fanlar\u0131<\/strong><\/p>\n<p>Brendin identikliyini\u00a0qorumaq m\u0259qs\u0259dil\u0259 ticar\u0259t ni\u015fanlar\u0131n\u0131n qeydiyyat\u0131 v\u0259 qorunmas\u0131 \u00fc\u00e7\u00fcn h\u0259rt\u0259r\u0259fli h\u00fcquqi d\u0259st\u0259k t\u0259qdim edirik:<\/p>\n<ul>\n<li>\u018fmt\u0259\u0259 ni\u015fan\u0131 axtar\u0131\u015flar\u0131n\u0131n v\u0259 riskl\u0259rin qiym\u0259tl\u0259ndirilm\u0259sinin apar\u0131lmas\u0131<\/li>\n<li>M\u00fcvafiq \u0259qli m\u00fclkiyy\u0259t idar\u0259l\u0259rin\u0259 \u0259riz\u0259l\u0259rin verilm\u0259si<\/li>\n<li>\u018fmt\u0259\u0259 ni\u015fan\u0131 h\u00fcquqlar\u0131n\u0131n icaz\u0259siz istifad\u0259d\u0259n qorunmas\u0131 v\u0259 ya pozulmas\u0131<\/li>\n<li>Lisenziyala\u015fd\u0131rma, fran\u00e7ayzinq v\u0259 brendin kommersiyala\u015fd\u0131r\u0131lmas\u0131 \u00fczr\u0259 m\u0259sl\u0259h\u0259tl\u0259r<\/li>\n<\/ul>\n<p>[\/vc_column_text][vc_btn title=&#8221;DAHA \u018fTRAFLI&#8221; style=&#8221;outline&#8221; color=&#8221;danger&#8221; align=&#8221;center&#8221; link=&#8221;url:https%3A%2F%2Faz.f-chain.com%2Faz%2Femt%25c9%2599%25c9%2599-nisani%2F|title:Trademark%20Patent%3A%20registration%20features&#8221;][\/vc_column][vc_column width=&#8221;1\/2&#8243;][vc_single_image image=&#8221;55437&#8243; img_size=&#8221;full&#8221;][\/vc_column][\/vc_row][vc_row equal_height=&#8221;yes&#8221; content_placement=&#8221;middle&#8221; css_animation=&#8221;bounceInRight&#8221;][vc_column width=&#8221;1\/2&#8243;][vc_single_image image=&#8221;55440&#8243; img_size=&#8221;full&#8221;][\/vc_column][vc_column width=&#8221;1\/2&#8243;][vc_column_text]<strong>Patentl\u0259r<\/strong><\/p>\n<p>Komandam\u0131z ixtira\u00e7\u0131lara v\u0259 \u015firk\u0259tl\u0259r\u0259 texnoloji v\u0259 s\u0259naye innovasiyalar\u0131n\u0131 qoruyan patentl\u0259ri \u0259ld\u0259 etm\u0259y\u0259 v\u0259 saxlama\u011fa k\u00f6m\u0259k edir:<\/p>\n<ul>\n<li>Patent qabiliyy\u0259tinin t\u0259hlili v\u0259 s\u0259n\u0259dl\u0259rin haz\u0131rlanmas\u0131<\/li>\n<li>Patent \u0259riz\u0259l\u0259rinin verilm\u0259si v\u0259 n\u0259z\u0259rd\u0259n ke\u00e7irilm\u0259si<\/li>\n<li>Patent h\u00fcquqlar\u0131n\u0131n monitorinqi v\u0259 qorunmas\u0131<\/li>\n<li>Patentin uzad\u0131lmas\u0131n\u0131n idar\u0259 edilm\u0259si v\u0259 patent portfelinin strategiyas\u0131<\/li>\n<\/ul>\n<p><strong>M\u00fc\u0259lliflik h\u00fcququ<\/strong><\/p>\n<p>Biz kontent yarad\u0131c\u0131lar\u0131na v\u0259 sahibl\u0259rin\u0259 \u0259d\u0259bi, b\u0259dii, musiqi v\u0259 r\u0259q\u0259msal \u0259s\u0259rl\u0259r \u00fc\u00e7\u00fcn m\u00fc\u0259lliflik h\u00fcquqlar\u0131n\u0131 qorumaqda k\u00f6m\u0259k edirik:<\/p>\n<ul>\n<li>M\u00fc\u0259lliflik h\u00fcquqlar\u0131n\u0131n d\u00f6vl\u0259t qurumlar\u0131nda qeydiyyata al\u0131nmas\u0131<\/li>\n<li>M\u00fc\u0259lliflik h\u00fcququ lisenziyalar\u0131n\u0131n v\u0259 tap\u015f\u0131r\u0131q m\u00fcqavil\u0259l\u0259rinin t\u0259rtib edilm\u0259si<\/li>\n<li>\u0130caz\u0259siz sur\u0259tinin \u00e7\u0131xar\u0131lmas\u0131 v\u0259 \u00e7oxald\u0131lmas\u0131, yay\u0131lmas\u0131na qar\u015f\u0131 etibarl\u0131 m\u00fchafiz\u0259nin t\u0259min edilm\u0259si<\/li>\n<li>R\u0259q\u0259msal media h\u00fcquqlar\u0131 v\u0259 onlayn h\u00fcquq pozuntular\u0131 \u00fczr\u0259 m\u0259sl\u0259h\u0259t<\/li>\n<\/ul>\n<p>[\/vc_column_text][\/vc_column][\/vc_row][vc_row equal_height=&#8221;yes&#8221; content_placement=&#8221;middle&#8221; css_animation=&#8221;bounceInLeft&#8221;][vc_column width=&#8221;1\/2&#8243;][vc_column_text]<strong>Pirat\u00e7\u0131l\u0131q v\u0259 m\u00fc\u0259llif h\u00fcquqlar\u0131n\u0131n pozulmas\u0131 il\u0259 m\u00fcbariz\u0259<\/strong><\/p>\n<p>FCHAIN m\u00fc\u015ft\u0259ril\u0259ri \u0259qli m\u00fclkiyy\u0259t o\u011furlu\u011fu, saxtakarl\u0131q v\u0259 r\u0259q\u0259msal pirat\u00e7\u0131l\u0131qdan qorumaq \u00fc\u00e7\u00fcn qabaqlay\u0131c\u0131 h\u00fcquqi strategiyalar haz\u0131rlay\u0131r:<\/p>\n<ul>\n<li>Qanunsuz h\u0259r\u0259k\u0259tl\u0259rin dayand\u0131r\u0131lmas\u0131 bar\u0259d\u0259 bildiri\u015fl\u0259r<\/li>\n<li>M\u0259hk\u0259m\u0259 \u00e7\u0259ki\u015fm\u0259l\u0259rind\u0259 h\u00fcquqi d\u0259st\u0259k v\u0259\u00a0 m\u0259cburi t\u0259dbirl\u0259r<\/li>\n<li>Reydl\u0259r v\u0259 ya m\u00fc\u0259llif h\u00fcquqlar\u0131 il\u0259 qorunan materiallar\u0131n l\u0259\u011fv edilm\u0259si zaman\u0131 yerli hakimiyy\u0259t orqanlar\u0131 il\u0259 \u0259m\u0259kda\u015fl\u0131q<\/li>\n<li>\u0130nzibati v\u0259 ya m\u0259hk\u0259m\u0259 prosedurlar\u0131 \u00e7\u0259r\u00e7iv\u0259sind\u0259 h\u00fcquqi m\u00fcdafi\u0259 vasit\u0259l\u0259ri<\/li>\n<\/ul>\n<p>[\/vc_column_text][\/vc_column][vc_column width=&#8221;1\/2&#8243;][vc_single_image image=&#8221;55443&#8243; img_size=&#8221;full&#8221;][\/vc_column][\/vc_row][vc_row css_animation=&#8221;bounceInDown&#8221;][vc_column][vc_column_text]Sizin ideyalar\u0131n\u0131z, innovasiyalar\u0131n\u0131z v\u0259 yarad\u0131c\u0131l\u0131\u011f\u0131n\u0131z h\u00fcquqi m\u00fcdafi\u0259y\u0259 layiqdir. <strong>FCHAIN <\/strong>il\u0259 \u0259qli m\u00fclkiyy\u0259tiniz etibarl\u0131 \u0259ll\u0259rd\u0259dir, d\u0259qiqlikl\u0259 qorunur v\u0259 g\u00fccl\u00fc h\u00fcquqi m\u00fcdafi\u0259 il\u0259 t\u0259min edilir.[\/vc_column_text][\/vc_column][\/vc_row]<\/p>\n<\/div>","protected":false},"excerpt":{"rendered":"<p>[vc_row][vc_column][vc_column_text]Financial Chain Corporation (FCHAIN) \u0259qli m\u00fclkiyy\u0259t (\u018fM) h\u00fcququ sah\u0259sind\u0259 ekspert h\u00fcquqi xidm\u0259tl\u0259ri g\u00f6st\u0259rir, \u015f\u0259xsl\u0259r\u0259 v\u0259 \u015firk\u0259tl\u0259r\u0259 yarad\u0131c\u0131 aktivl\u0259rini v\u0259 innovasiyalar\u0131n\u0131 qorumaqda k\u00f6m\u0259k edir. Ticar\u0259t ni\u015fanlar\u0131 v\u0259 patentl\u0259rd\u0259n tutmu\u015f m\u00fc\u0259llif h\u00fcquqlar\u0131na v\u0259 ticar\u0259t sirl\u0259rin\u0259 q\u0259d\u0259r, biz sizin \u0259qli m\u00fclkiyy\u0259tinizin milli v\u0259 beyn\u0259lxalq standartlara uy\u011fun olaraq qeydiyyata al\u0131nmas\u0131n\u0131, qorunmas\u0131n\u0131 v\u0259 qanuni q\u00fcvv\u0259y\u0259 minm\u0259sini t\u0259min edirik. Getdikc\u0259 bilikl\u0259r\u0259<\/p>\n","protected":false},"author":6,"featured_media":55438,"parent":0,"menu_order":0,"comment_status":"closed","ping_status":"closed","template":"","meta":{"_acf_changed":false,"footnotes":""},"class_list":["post-56004","page","type-page","status-publish","hentry"],"acf":[],"yoast_head":"<!-- This site is optimized with the Yoast SEO plugin v27.3 - https:\/\/yoast.com\/product\/yoast-seo-wordpress\/ -->\n<title>\u018fqli m\u00fclkiyy\u0259t h\u00fcququ - FChain<\/title>\n<meta name=\"robots\" content=\"index, follow, max-snippet:-1, max-image-preview:large, max-video-preview:-1\" \/>\n<link rel=\"canonical\" href=\"https:\/\/az.f-chain.com\/az\/eqli-mulkiyy\u0259t-huququ\/\" \/>\n<meta property=\"og:locale\" content=\"az_AZ\" \/>\n<meta property=\"og:type\" content=\"article\" \/>\n<meta property=\"og:title\" content=\"\u018fqli m\u00fclkiyy\u0259t h\u00fcququ - FChain\" \/>\n<meta property=\"og:description\" content=\"[vc_row][vc_column][vc_column_text]Financial Chain Corporation (FCHAIN) \u0259qli m\u00fclkiyy\u0259t (\u018fM) h\u00fcququ sah\u0259sind\u0259 ekspert h\u00fcquqi xidm\u0259tl\u0259ri g\u00f6st\u0259rir, \u015f\u0259xsl\u0259r\u0259 v\u0259 \u015firk\u0259tl\u0259r\u0259 yarad\u0131c\u0131 aktivl\u0259rini v\u0259 innovasiyalar\u0131n\u0131 qorumaqda k\u00f6m\u0259k edir. Ticar\u0259t ni\u015fanlar\u0131 v\u0259 patentl\u0259rd\u0259n tutmu\u015f m\u00fc\u0259llif h\u00fcquqlar\u0131na v\u0259 ticar\u0259t sirl\u0259rin\u0259 q\u0259d\u0259r, biz sizin \u0259qli m\u00fclkiyy\u0259tinizin milli v\u0259 beyn\u0259lxalq standartlara uy\u011fun olaraq qeydiyyata al\u0131nmas\u0131n\u0131, qorunmas\u0131n\u0131 v\u0259 qanuni q\u00fcvv\u0259y\u0259 minm\u0259sini t\u0259min edirik. Getdikc\u0259 bilikl\u0259r\u0259\" \/>\n<meta property=\"og:url\" content=\"https:\/\/az.f-chain.com\/az\/eqli-mulkiyy\u0259t-huququ\/\" \/>\n<meta property=\"og:site_name\" content=\"FChain\" \/>\n<meta property=\"article:modified_time\" content=\"2025-10-21T12:56:28+00:00\" \/>\n<meta property=\"og:image\" content=\"https:\/\/az.f-chain.com\/wp-content\/uploads\/2025\/07\/copyright-symbol-2024-10-18-02-15-11-utc-scaled.jpg\" \/>\n\t<meta property=\"og:image:width\" content=\"2560\" \/>\n\t<meta property=\"og:image:height\" content=\"1584\" \/>\n\t<meta property=\"og:image:type\" content=\"image\/jpeg\" \/>\n<meta name=\"twitter:card\" content=\"summary_large_image\" \/>\n<script type=\"application\/ld+json\" class=\"yoast-schema-graph\">{\"@context\":\"https:\\\/\\\/schema.org\",\"@graph\":[{\"@type\":\"WebPage\",\"@id\":\"https:\\\/\\\/az.f-chain.com\\\/az\\\/eqli-mulkiyy%c9%99t-huququ\\\/\",\"url\":\"https:\\\/\\\/az.f-chain.com\\\/az\\\/eqli-mulkiyy%c9%99t-huququ\\\/\",\"name\":\"\u018fqli m\u00fclkiyy\u0259t h\u00fcququ - FChain\",\"isPartOf\":{\"@id\":\"https:\\\/\\\/az.f-chain.com\\\/#website\"},\"primaryImageOfPage\":{\"@id\":\"https:\\\/\\\/az.f-chain.com\\\/az\\\/eqli-mulkiyy%c9%99t-huququ\\\/#primaryimage\"},\"image\":{\"@id\":\"https:\\\/\\\/az.f-chain.com\\\/az\\\/eqli-mulkiyy%c9%99t-huququ\\\/#primaryimage\"},\"thumbnailUrl\":\"https:\\\/\\\/az.f-chain.com\\\/wp-content\\\/uploads\\\/2025\\\/07\\\/copyright-symbol-2024-10-18-02-15-11-utc-scaled.jpg\",\"datePublished\":\"2025-10-01T08:32:40+00:00\",\"dateModified\":\"2025-10-21T12:56:28+00:00\",\"breadcrumb\":{\"@id\":\"https:\\\/\\\/az.f-chain.com\\\/az\\\/eqli-mulkiyy%c9%99t-huququ\\\/#breadcrumb\"},\"inLanguage\":\"az\",\"potentialAction\":[{\"@type\":\"ReadAction\",\"target\":[\"https:\\\/\\\/az.f-chain.com\\\/az\\\/eqli-mulkiyy%c9%99t-huququ\\\/\"]}]},{\"@type\":\"ImageObject\",\"inLanguage\":\"az\",\"@id\":\"https:\\\/\\\/az.f-chain.com\\\/az\\\/eqli-mulkiyy%c9%99t-huququ\\\/#primaryimage\",\"url\":\"https:\\\/\\\/az.f-chain.com\\\/wp-content\\\/uploads\\\/2025\\\/07\\\/copyright-symbol-2024-10-18-02-15-11-utc-scaled.jpg\",\"contentUrl\":\"https:\\\/\\\/az.f-chain.com\\\/wp-content\\\/uploads\\\/2025\\\/07\\\/copyright-symbol-2024-10-18-02-15-11-utc-scaled.jpg\",\"width\":2560,\"height\":1584,\"caption\":\"3D illustration of two rubber stamps with copyright word and symbol over kraft paper background, Concept of copyrighted material\"},{\"@type\":\"BreadcrumbList\",\"@id\":\"https:\\\/\\\/az.f-chain.com\\\/az\\\/eqli-mulkiyy%c9%99t-huququ\\\/#breadcrumb\",\"itemListElement\":[{\"@type\":\"ListItem\",\"position\":1,\"name\":\"Home\",\"item\":\"https:\\\/\\\/az.f-chain.com\\\/az\\\/\"},{\"@type\":\"ListItem\",\"position\":2,\"name\":\"\u018fqli m\u00fclkiyy\u0259t h\u00fcququ\"}]},{\"@type\":\"WebSite\",\"@id\":\"https:\\\/\\\/az.f-chain.com\\\/#website\",\"url\":\"https:\\\/\\\/az.f-chain.com\\\/\",\"name\":\"FChain\",\"description\":\"Azerbaijan\",\"potentialAction\":[{\"@type\":\"SearchAction\",\"target\":{\"@type\":\"EntryPoint\",\"urlTemplate\":\"https:\\\/\\\/az.f-chain.com\\\/?s={search_term_string}\"},\"query-input\":{\"@type\":\"PropertyValueSpecification\",\"valueRequired\":true,\"valueName\":\"search_term_string\"}}],\"inLanguage\":\"az\"}]}<\/script>\n<!-- \/ Yoast SEO plugin. -->","yoast_head_json":{"title":"\u018fqli m\u00fclkiyy\u0259t h\u00fcququ - FChain","robots":{"index":"index","follow":"follow","max-snippet":"max-snippet:-1","max-image-preview":"max-image-preview:large","max-video-preview":"max-video-preview:-1"},"canonical":"https:\/\/az.f-chain.com\/az\/eqli-mulkiyy\u0259t-huququ\/","og_locale":"az_AZ","og_type":"article","og_title":"\u018fqli m\u00fclkiyy\u0259t h\u00fcququ - FChain","og_description":"[vc_row][vc_column][vc_column_text]Financial Chain Corporation (FCHAIN) \u0259qli m\u00fclkiyy\u0259t (\u018fM) h\u00fcququ sah\u0259sind\u0259 ekspert h\u00fcquqi xidm\u0259tl\u0259ri g\u00f6st\u0259rir, \u015f\u0259xsl\u0259r\u0259 v\u0259 \u015firk\u0259tl\u0259r\u0259 yarad\u0131c\u0131 aktivl\u0259rini v\u0259 innovasiyalar\u0131n\u0131 qorumaqda k\u00f6m\u0259k edir. Ticar\u0259t ni\u015fanlar\u0131 v\u0259 patentl\u0259rd\u0259n tutmu\u015f m\u00fc\u0259llif h\u00fcquqlar\u0131na v\u0259 ticar\u0259t sirl\u0259rin\u0259 q\u0259d\u0259r, biz sizin \u0259qli m\u00fclkiyy\u0259tinizin milli v\u0259 beyn\u0259lxalq standartlara uy\u011fun olaraq qeydiyyata al\u0131nmas\u0131n\u0131, qorunmas\u0131n\u0131 v\u0259 qanuni q\u00fcvv\u0259y\u0259 minm\u0259sini t\u0259min edirik. Getdikc\u0259 bilikl\u0259r\u0259","og_url":"https:\/\/az.f-chain.com\/az\/eqli-mulkiyy\u0259t-huququ\/","og_site_name":"FChain","article_modified_time":"2025-10-21T12:56:28+00:00","og_image":[{"width":2560,"height":1584,"url":"https:\/\/az.f-chain.com\/wp-content\/uploads\/2025\/07\/copyright-symbol-2024-10-18-02-15-11-utc-scaled.jpg","type":"image\/jpeg"}],"twitter_card":"summary_large_image","schema":{"@context":"https:\/\/schema.org","@graph":[{"@type":"WebPage","@id":"https:\/\/az.f-chain.com\/az\/eqli-mulkiyy%c9%99t-huququ\/","url":"https:\/\/az.f-chain.com\/az\/eqli-mulkiyy%c9%99t-huququ\/","name":"\u018fqli m\u00fclkiyy\u0259t h\u00fcququ - FChain","isPartOf":{"@id":"https:\/\/az.f-chain.com\/#website"},"primaryImageOfPage":{"@id":"https:\/\/az.f-chain.com\/az\/eqli-mulkiyy%c9%99t-huququ\/#primaryimage"},"image":{"@id":"https:\/\/az.f-chain.com\/az\/eqli-mulkiyy%c9%99t-huququ\/#primaryimage"},"thumbnailUrl":"https:\/\/az.f-chain.com\/wp-content\/uploads\/2025\/07\/copyright-symbol-2024-10-18-02-15-11-utc-scaled.jpg","datePublished":"2025-10-01T08:32:40+00:00","dateModified":"2025-10-21T12:56:28+00:00","breadcrumb":{"@id":"https:\/\/az.f-chain.com\/az\/eqli-mulkiyy%c9%99t-huququ\/#breadcrumb"},"inLanguage":"az","potentialAction":[{"@type":"ReadAction","target":["https:\/\/az.f-chain.com\/az\/eqli-mulkiyy%c9%99t-huququ\/"]}]},{"@type":"ImageObject","inLanguage":"az","@id":"https:\/\/az.f-chain.com\/az\/eqli-mulkiyy%c9%99t-huququ\/#primaryimage","url":"https:\/\/az.f-chain.com\/wp-content\/uploads\/2025\/07\/copyright-symbol-2024-10-18-02-15-11-utc-scaled.jpg","contentUrl":"https:\/\/az.f-chain.com\/wp-content\/uploads\/2025\/07\/copyright-symbol-2024-10-18-02-15-11-utc-scaled.jpg","width":2560,"height":1584,"caption":"3D illustration of two rubber stamps with copyright word and symbol over kraft paper background, Concept of copyrighted material"},{"@type":"BreadcrumbList","@id":"https:\/\/az.f-chain.com\/az\/eqli-mulkiyy%c9%99t-huququ\/#breadcrumb","itemListElement":[{"@type":"ListItem","position":1,"name":"Home","item":"https:\/\/az.f-chain.com\/az\/"},{"@type":"ListItem","position":2,"name":"\u018fqli m\u00fclkiyy\u0259t h\u00fcququ"}]},{"@type":"WebSite","@id":"https:\/\/az.f-chain.com\/#website","url":"https:\/\/az.f-chain.com\/","name":"FChain","description":"Azerbaijan","potentialAction":[{"@type":"SearchAction","target":{"@type":"EntryPoint","urlTemplate":"https:\/\/az.f-chain.com\/?s={search_term_string}"},"query-input":{"@type":"PropertyValueSpecification","valueRequired":true,"valueName":"search_term_string"}}],"inLanguage":"az"}]}},"_links":{"self":[{"href":"https:\/\/az.f-chain.com\/az\/wp-json\/wp\/v2\/pages\/56004","targetHints":{"allow":["GET"]}}],"collection":[{"href":"https:\/\/az.f-chain.com\/az\/wp-json\/wp\/v2\/pages"}],"about":[{"href":"https:\/\/az.f-chain.com\/az\/wp-json\/wp\/v2\/types\/page"}],"author":[{"embeddable":true,"href":"https:\/\/az.f-chain.com\/az\/wp-json\/wp\/v2\/users\/6"}],"replies":[{"embeddable":true,"href":"https:\/\/az.f-chain.com\/az\/wp-json\/wp\/v2\/comments?post=56004"}],"version-history":[{"count":3,"href":"https:\/\/az.f-chain.com\/az\/wp-json\/wp\/v2\/pages\/56004\/revisions"}],"predecessor-version":[{"id":56239,"href":"https:\/\/az.f-chain.com\/az\/wp-json\/wp\/v2\/pages\/56004\/revisions\/56239"}],"wp:featuredmedia":[{"embeddable":true,"href":"https:\/\/az.f-chain.com\/az\/wp-json\/wp\/v2\/media\/55438"}],"wp:attachment":[{"href":"https:\/\/az.f-chain.com\/az\/wp-json\/wp\/v2\/media?parent=56004"}],"curies":[{"name":"wp","href":"https:\/\/api.w.org\/{rel}","templated":true}]}}