{"id":55991,"date":"2025-09-30T11:27:08","date_gmt":"2025-09-30T08:27:08","guid":{"rendered":"https:\/\/az.f-chain.com\/?page_id=55991"},"modified":"2025-09-30T11:56:42","modified_gmt":"2025-09-30T08:56:42","slug":"iscil%c9%99r-v%c9%99-m%c9%99lumat-subyektl%c9%99ri-ucun-bildirisl%c9%99r-v%c9%99-raziliq-formalari","status":"publish","type":"page","link":"https:\/\/az.f-chain.com\/az\/iscil%c9%99r-v%c9%99-m%c9%99lumat-subyektl%c9%99ri-ucun-bildirisl%c9%99r-v%c9%99-raziliq-formalari\/","title":{"rendered":"\u0130\u015f\u00e7il\u0259r v\u0259 m\u0259lumat subyektl\u0259ri \u00fc\u00e7\u00fcn bildiri\u015fl\u0259r v\u0259 raz\u0131l\u0131q formalar\u0131"},"content":{"rendered":"<div class=\"wpb-content-wrapper\"><p>[vc_row][vc_column][vc_column_text]<strong>Financial Chain Corporation (FCHAIN)<\/strong> <strong>i\u015f\u00e7il\u0259r<\/strong>, m\u00fc\u015ft\u0259ril\u0259r v\u0259 dig\u0259r m\u0259lumat subyektl\u0259ri \u00fc\u00e7\u00fcn m\u0259lumatlar\u0131n <strong>m\u0259xfiliyin\u0259 dair bildiri\u015fl\u0259rin v\u0259 raz\u0131l\u0131q formalar\u0131n\u0131n<\/strong> haz\u0131rlanmas\u0131nda v\u0259 n\u0259z\u0259rd\u0259n ke\u00e7irilm\u0259sind\u0259 pe\u015f\u0259kar h\u00fcquqi d\u0259st\u0259k t\u0259klif edir. Ayd\u0131n v\u0259 uy\u011fun \u00fcnsiyy\u0259t m\u0259lumatlar\u0131n qorunmas\u0131n\u0131n t\u0259m\u0259l da\u015f\u0131d\u0131r v\u0259 <a href=\"https:\/\/az.f-chain.com\/en\/gdpr-and-local-data-protection\/\"><strong>A\u0130 \u00dcmumi M\u0259lumatlar\u0131n Qorunmas\u0131 Qaydas\u0131 (GDPR) <\/strong><\/a>\u00a0v\u0259 milli m\u0259lumatlar\u0131n m\u0259xfiliyi qanunlar\u0131 kimi qaydalara uy\u011fun olaraq qanuni t\u0259l\u0259bdir.<\/p>\n<p>Biz t\u0259\u015fkilat\u0131n\u0131z\u0131n raz\u0131l\u0131q mexanizml\u0259rinin \u015f\u0259ffaf, ayd\u0131n v\u0259 h\u00fcquqi c\u0259h\u0259td\u0259n m\u0259cburi olmas\u0131n\u0131 t\u0259min edirik. Eyni zamanda, tam uy\u011fun qalaraq etimad qazanma\u011f\u0131n\u0131za k\u00f6m\u0259k edirik.[\/vc_column_text][\/vc_column][\/vc_row][vc_row equal_height=&#8221;yes&#8221; content_placement=&#8221;middle&#8221; css_animation=&#8221;bounceInLeft&#8221;][vc_column width=&#8221;1\/2&#8243;][vc_column_text]<strong>Xidm\u0259tl\u0259rimiz\u0259 a\u015fa\u011f\u0131dak\u0131lar daxildir:<\/strong><\/p>\n<ul>\n<li><strong>Qanunun t\u0259l\u0259bl\u0259rin\u0259 uy\u011fun raz\u0131l\u0131q formalar\u0131n\u0131n t\u0259rtib edilm\u0259si<\/strong><br \/>\nM\u0259qs\u0259d, h\u00fcquqi \u0259sas, m\u0259lumat kateqoriyalar\u0131 v\u0259 saxlama m\u00fcdd\u0259tl\u0259ri kimi laz\u0131mi elementl\u0259ri daxil etm\u0259kl\u0259, m\u0259lumatlar\u0131n emal\u0131 \u0259m\u0259liyyatlar\u0131n\u0131za uy\u011funla\u015fd\u0131r\u0131lm\u0131\u015f raz\u0131l\u0131q formalar\u0131 yarad\u0131r\u0131q.<\/li>\n<li><strong>\u0130\u015f\u00e7il\u0259r \u00fc\u00e7\u00fcn m\u0259xfilik bildiri\u015fl\u0259ri<\/strong><br \/>\n\u018fm\u0259k v\u0259 m\u0259xfilik haqq\u0131nda qanunlara uy\u011fun olaraq i\u015f\u00e7il\u0259r\u0259 onlar\u0131n \u015f\u0259xsi m\u0259lumatlar\u0131n\u0131n nec\u0259 toplanaca\u011f\u0131, istifad\u0259 edildiyi, saxland\u0131\u011f\u0131 v\u0259 payla\u015f\u0131ld\u0131\u011f\u0131 bar\u0259d\u0259 f\u0259rdi bildiri\u015fl\u0259r.<\/li>\n<li><strong>M\u00fc\u015ft\u0259ril\u0259r\u0259 v\u0259 \u00fc\u00e7\u00fcnc\u00fc t\u0259r\u0259fl\u0259r\u0259 m\u0259lumatlar\u0131n a\u00e7\u0131qlanmas\u0131<\/strong><br \/>\nH\u0259m h\u00fcquqi \u00f6hd\u0259likl\u0259r\u0259, h\u0259m d\u0259 istifad\u0259\u00e7i g\u00f6zl\u0259ntil\u0259rin\u0259 cavab verm\u0259li olan m\u00fc\u015ft\u0259ril\u0259r, xidm\u0259t t\u0259minat\u00e7\u0131lar\u0131 v\u0259 t\u0259r\u0259fda\u015flar \u00fc\u00e7\u00fcn m\u0259xfilik bildiri\u015fl\u0259rinin haz\u0131rlanmas\u0131.<\/li>\n<li><strong>M\u00f6vcud bildiri\u015fl\u0259rin v\u0259 formalar\u0131n n\u0259z\u0259rd\u0259n ke\u00e7irilm\u0259si<\/strong><br \/>\nH\u00fcquqi risk yarada bil\u0259c\u0259k uy\u011funluq, ayd\u0131n olmayan dil v\u0259 ya formatlama probleml\u0259ri il\u0259 ba\u011fl\u0131 bo\u015fluqlar\u0131 m\u00fc\u0259yy\u0259n etm\u0259k \u00fc\u00e7\u00fcn cari materiallar\u0131n qiym\u0259tl\u0259ndirilm\u0259si.<\/li>\n<li><strong>\u00c7oxdilli v\u0259\u00a0 transs\u0259rh\u0259d uy\u011funluq<\/strong><br \/>\nRegional h\u00fcquqi standartlara uy\u011fun g\u0259l\u0259n v\u0259 yurisdiksiyalar \u00fczr\u0259 \u00e7oxdilli auditoriya \u00fc\u00e7\u00fcn \u0259l\u00e7atan olan m\u0259zmunun haz\u0131rlanmas\u0131.<\/li>\n<\/ul>\n<p>[\/vc_column_text][vc_btn title=&#8221;DAHA \u018fTRAFLI&#8221; style=&#8221;outline&#8221; color=&#8221;danger&#8221; align=&#8221;center&#8221; link=&#8221;url:https%3A%2F%2Faz.f-chain.com%2Fen%2Finternational-private-law%2F|title:International%20(Private)%20Law&#8221;][\/vc_column][vc_column width=&#8221;1\/2&#8243;][vc_single_image image=&#8221;55348&#8243; img_size=&#8221;full&#8221;][\/vc_column][\/vc_row][vc_row css_animation=&#8221;bounceInDown&#8221;][vc_column][vc_column_text]D\u00fczg\u00fcn t\u0259rtib edilmi\u015f m\u0259xfilik bildiri\u015fl\u0259ri v\u0259 raz\u0131l\u0131q formalar\u0131 yaln\u0131z qanuni t\u0259l\u0259bl\u0259rd\u0259n daha \u00e7ox \u015feydir. Onlar hesabatl\u0131l\u0131q, \u015f\u0259ffafl\u0131q v\u0259 maraql\u0131 t\u0259r\u0259fl\u0259rin inam\u0131n\u0131n yarad\u0131lmas\u0131 \u00fc\u00e7\u00fcn vacibdir.[\/vc_column_text][\/vc_column][\/vc_row]<\/p>\n<\/div>","protected":false},"excerpt":{"rendered":"<p>[vc_row][vc_column][vc_column_text]Financial Chain Corporation (FCHAIN) i\u015f\u00e7il\u0259r, m\u00fc\u015ft\u0259ril\u0259r v\u0259 dig\u0259r m\u0259lumat subyektl\u0259ri \u00fc\u00e7\u00fcn m\u0259lumatlar\u0131n m\u0259xfiliyin\u0259 dair bildiri\u015fl\u0259rin v\u0259 raz\u0131l\u0131q formalar\u0131n\u0131n haz\u0131rlanmas\u0131nda v\u0259 n\u0259z\u0259rd\u0259n ke\u00e7irilm\u0259sind\u0259 pe\u015f\u0259kar h\u00fcquqi d\u0259st\u0259k t\u0259klif edir. Ayd\u0131n v\u0259 uy\u011fun \u00fcnsiyy\u0259t m\u0259lumatlar\u0131n qorunmas\u0131n\u0131n t\u0259m\u0259l da\u015f\u0131d\u0131r v\u0259 A\u0130 \u00dcmumi M\u0259lumatlar\u0131n Qorunmas\u0131 Qaydas\u0131 (GDPR) \u00a0v\u0259 milli m\u0259lumatlar\u0131n m\u0259xfiliyi qanunlar\u0131 kimi qaydalara uy\u011fun olaraq qanuni t\u0259l\u0259bdir. Biz t\u0259\u015fkilat\u0131n\u0131z\u0131n<\/p>\n","protected":false},"author":6,"featured_media":55349,"parent":0,"menu_order":0,"comment_status":"closed","ping_status":"closed","template":"","meta":{"_acf_changed":false,"footnotes":""},"class_list":["post-55991","page","type-page","status-publish","hentry"],"acf":[],"yoast_head":"<!-- This site is optimized with the Yoast SEO plugin v27.3 - https:\/\/yoast.com\/product\/yoast-seo-wordpress\/ -->\n<title>\u0130\u015f\u00e7il\u0259r v\u0259 m\u0259lumat subyektl\u0259ri \u00fc\u00e7\u00fcn bildiri\u015fl\u0259r v\u0259 raz\u0131l\u0131q formalar\u0131 - FChain<\/title>\n<meta name=\"robots\" content=\"index, follow, max-snippet:-1, max-image-preview:large, max-video-preview:-1\" \/>\n<link rel=\"canonical\" href=\"https:\/\/az.f-chain.com\/az\/iscil\u0259r-v\u0259-m\u0259lumat-subyektl\u0259ri-ucun-bildirisl\u0259r-v\u0259-raziliq-formalari\/\" \/>\n<meta property=\"og:locale\" content=\"az_AZ\" \/>\n<meta property=\"og:type\" content=\"article\" \/>\n<meta property=\"og:title\" content=\"\u0130\u015f\u00e7il\u0259r v\u0259 m\u0259lumat subyektl\u0259ri \u00fc\u00e7\u00fcn bildiri\u015fl\u0259r v\u0259 raz\u0131l\u0131q formalar\u0131 - FChain\" \/>\n<meta property=\"og:description\" content=\"[vc_row][vc_column][vc_column_text]Financial Chain Corporation (FCHAIN) i\u015f\u00e7il\u0259r, m\u00fc\u015ft\u0259ril\u0259r v\u0259 dig\u0259r m\u0259lumat subyektl\u0259ri \u00fc\u00e7\u00fcn m\u0259lumatlar\u0131n m\u0259xfiliyin\u0259 dair bildiri\u015fl\u0259rin v\u0259 raz\u0131l\u0131q formalar\u0131n\u0131n haz\u0131rlanmas\u0131nda v\u0259 n\u0259z\u0259rd\u0259n ke\u00e7irilm\u0259sind\u0259 pe\u015f\u0259kar h\u00fcquqi d\u0259st\u0259k t\u0259klif edir. Ayd\u0131n v\u0259 uy\u011fun \u00fcnsiyy\u0259t m\u0259lumatlar\u0131n qorunmas\u0131n\u0131n t\u0259m\u0259l da\u015f\u0131d\u0131r v\u0259 A\u0130 \u00dcmumi M\u0259lumatlar\u0131n Qorunmas\u0131 Qaydas\u0131 (GDPR) \u00a0v\u0259 milli m\u0259lumatlar\u0131n m\u0259xfiliyi qanunlar\u0131 kimi qaydalara uy\u011fun olaraq qanuni t\u0259l\u0259bdir. Biz t\u0259\u015fkilat\u0131n\u0131z\u0131n\" \/>\n<meta property=\"og:url\" content=\"https:\/\/az.f-chain.com\/az\/iscil\u0259r-v\u0259-m\u0259lumat-subyektl\u0259ri-ucun-bildirisl\u0259r-v\u0259-raziliq-formalari\/\" \/>\n<meta property=\"og:site_name\" content=\"FChain\" \/>\n<meta property=\"article:modified_time\" content=\"2025-09-30T08:56:42+00:00\" \/>\n<meta property=\"og:image\" content=\"https:\/\/az.f-chain.com\/wp-content\/uploads\/2025\/07\/clipboard-on-office-table-2025-03-16-00-56-13-utc-scaled.jpg\" \/>\n\t<meta property=\"og:image:width\" content=\"2560\" \/>\n\t<meta property=\"og:image:height\" content=\"1707\" \/>\n\t<meta property=\"og:image:type\" content=\"image\/jpeg\" \/>\n<meta name=\"twitter:card\" content=\"summary_large_image\" \/>\n<script type=\"application\/ld+json\" class=\"yoast-schema-graph\">{\"@context\":\"https:\\\/\\\/schema.org\",\"@graph\":[{\"@type\":\"WebPage\",\"@id\":\"https:\\\/\\\/az.f-chain.com\\\/az\\\/iscil%c9%99r-v%c9%99-m%c9%99lumat-subyektl%c9%99ri-ucun-bildirisl%c9%99r-v%c9%99-raziliq-formalari\\\/\",\"url\":\"https:\\\/\\\/az.f-chain.com\\\/az\\\/iscil%c9%99r-v%c9%99-m%c9%99lumat-subyektl%c9%99ri-ucun-bildirisl%c9%99r-v%c9%99-raziliq-formalari\\\/\",\"name\":\"\u0130\u015f\u00e7il\u0259r v\u0259 m\u0259lumat subyektl\u0259ri \u00fc\u00e7\u00fcn bildiri\u015fl\u0259r v\u0259 raz\u0131l\u0131q formalar\u0131 - FChain\",\"isPartOf\":{\"@id\":\"https:\\\/\\\/az.f-chain.com\\\/#website\"},\"primaryImageOfPage\":{\"@id\":\"https:\\\/\\\/az.f-chain.com\\\/az\\\/iscil%c9%99r-v%c9%99-m%c9%99lumat-subyektl%c9%99ri-ucun-bildirisl%c9%99r-v%c9%99-raziliq-formalari\\\/#primaryimage\"},\"image\":{\"@id\":\"https:\\\/\\\/az.f-chain.com\\\/az\\\/iscil%c9%99r-v%c9%99-m%c9%99lumat-subyektl%c9%99ri-ucun-bildirisl%c9%99r-v%c9%99-raziliq-formalari\\\/#primaryimage\"},\"thumbnailUrl\":\"https:\\\/\\\/az.f-chain.com\\\/wp-content\\\/uploads\\\/2025\\\/07\\\/clipboard-on-office-table-2025-03-16-00-56-13-utc-scaled.jpg\",\"datePublished\":\"2025-09-30T08:27:08+00:00\",\"dateModified\":\"2025-09-30T08:56:42+00:00\",\"breadcrumb\":{\"@id\":\"https:\\\/\\\/az.f-chain.com\\\/az\\\/iscil%c9%99r-v%c9%99-m%c9%99lumat-subyektl%c9%99ri-ucun-bildirisl%c9%99r-v%c9%99-raziliq-formalari\\\/#breadcrumb\"},\"inLanguage\":\"az\",\"potentialAction\":[{\"@type\":\"ReadAction\",\"target\":[\"https:\\\/\\\/az.f-chain.com\\\/az\\\/iscil%c9%99r-v%c9%99-m%c9%99lumat-subyektl%c9%99ri-ucun-bildirisl%c9%99r-v%c9%99-raziliq-formalari\\\/\"]}]},{\"@type\":\"ImageObject\",\"inLanguage\":\"az\",\"@id\":\"https:\\\/\\\/az.f-chain.com\\\/az\\\/iscil%c9%99r-v%c9%99-m%c9%99lumat-subyektl%c9%99ri-ucun-bildirisl%c9%99r-v%c9%99-raziliq-formalari\\\/#primaryimage\",\"url\":\"https:\\\/\\\/az.f-chain.com\\\/wp-content\\\/uploads\\\/2025\\\/07\\\/clipboard-on-office-table-2025-03-16-00-56-13-utc-scaled.jpg\",\"contentUrl\":\"https:\\\/\\\/az.f-chain.com\\\/wp-content\\\/uploads\\\/2025\\\/07\\\/clipboard-on-office-table-2025-03-16-00-56-13-utc-scaled.jpg\",\"width\":2560,\"height\":1707,\"caption\":\"Closeup background image of document on white meeting table, no people, copy space\"},{\"@type\":\"BreadcrumbList\",\"@id\":\"https:\\\/\\\/az.f-chain.com\\\/az\\\/iscil%c9%99r-v%c9%99-m%c9%99lumat-subyektl%c9%99ri-ucun-bildirisl%c9%99r-v%c9%99-raziliq-formalari\\\/#breadcrumb\",\"itemListElement\":[{\"@type\":\"ListItem\",\"position\":1,\"name\":\"Home\",\"item\":\"https:\\\/\\\/az.f-chain.com\\\/az\\\/\"},{\"@type\":\"ListItem\",\"position\":2,\"name\":\"\u0130\u015f\u00e7il\u0259r v\u0259 m\u0259lumat subyektl\u0259ri \u00fc\u00e7\u00fcn bildiri\u015fl\u0259r v\u0259 raz\u0131l\u0131q formalar\u0131\"}]},{\"@type\":\"WebSite\",\"@id\":\"https:\\\/\\\/az.f-chain.com\\\/#website\",\"url\":\"https:\\\/\\\/az.f-chain.com\\\/\",\"name\":\"FChain\",\"description\":\"Azerbaijan\",\"potentialAction\":[{\"@type\":\"SearchAction\",\"target\":{\"@type\":\"EntryPoint\",\"urlTemplate\":\"https:\\\/\\\/az.f-chain.com\\\/?s={search_term_string}\"},\"query-input\":{\"@type\":\"PropertyValueSpecification\",\"valueRequired\":true,\"valueName\":\"search_term_string\"}}],\"inLanguage\":\"az\"}]}<\/script>\n<!-- \/ Yoast SEO plugin. -->","yoast_head_json":{"title":"\u0130\u015f\u00e7il\u0259r v\u0259 m\u0259lumat subyektl\u0259ri \u00fc\u00e7\u00fcn bildiri\u015fl\u0259r v\u0259 raz\u0131l\u0131q formalar\u0131 - FChain","robots":{"index":"index","follow":"follow","max-snippet":"max-snippet:-1","max-image-preview":"max-image-preview:large","max-video-preview":"max-video-preview:-1"},"canonical":"https:\/\/az.f-chain.com\/az\/iscil\u0259r-v\u0259-m\u0259lumat-subyektl\u0259ri-ucun-bildirisl\u0259r-v\u0259-raziliq-formalari\/","og_locale":"az_AZ","og_type":"article","og_title":"\u0130\u015f\u00e7il\u0259r v\u0259 m\u0259lumat subyektl\u0259ri \u00fc\u00e7\u00fcn bildiri\u015fl\u0259r v\u0259 raz\u0131l\u0131q formalar\u0131 - FChain","og_description":"[vc_row][vc_column][vc_column_text]Financial Chain Corporation (FCHAIN) i\u015f\u00e7il\u0259r, m\u00fc\u015ft\u0259ril\u0259r v\u0259 dig\u0259r m\u0259lumat subyektl\u0259ri \u00fc\u00e7\u00fcn m\u0259lumatlar\u0131n m\u0259xfiliyin\u0259 dair bildiri\u015fl\u0259rin v\u0259 raz\u0131l\u0131q formalar\u0131n\u0131n haz\u0131rlanmas\u0131nda v\u0259 n\u0259z\u0259rd\u0259n ke\u00e7irilm\u0259sind\u0259 pe\u015f\u0259kar h\u00fcquqi d\u0259st\u0259k t\u0259klif edir. Ayd\u0131n v\u0259 uy\u011fun \u00fcnsiyy\u0259t m\u0259lumatlar\u0131n qorunmas\u0131n\u0131n t\u0259m\u0259l da\u015f\u0131d\u0131r v\u0259 A\u0130 \u00dcmumi M\u0259lumatlar\u0131n Qorunmas\u0131 Qaydas\u0131 (GDPR) \u00a0v\u0259 milli m\u0259lumatlar\u0131n m\u0259xfiliyi qanunlar\u0131 kimi qaydalara uy\u011fun olaraq qanuni t\u0259l\u0259bdir. Biz t\u0259\u015fkilat\u0131n\u0131z\u0131n","og_url":"https:\/\/az.f-chain.com\/az\/iscil\u0259r-v\u0259-m\u0259lumat-subyektl\u0259ri-ucun-bildirisl\u0259r-v\u0259-raziliq-formalari\/","og_site_name":"FChain","article_modified_time":"2025-09-30T08:56:42+00:00","og_image":[{"width":2560,"height":1707,"url":"https:\/\/az.f-chain.com\/wp-content\/uploads\/2025\/07\/clipboard-on-office-table-2025-03-16-00-56-13-utc-scaled.jpg","type":"image\/jpeg"}],"twitter_card":"summary_large_image","schema":{"@context":"https:\/\/schema.org","@graph":[{"@type":"WebPage","@id":"https:\/\/az.f-chain.com\/az\/iscil%c9%99r-v%c9%99-m%c9%99lumat-subyektl%c9%99ri-ucun-bildirisl%c9%99r-v%c9%99-raziliq-formalari\/","url":"https:\/\/az.f-chain.com\/az\/iscil%c9%99r-v%c9%99-m%c9%99lumat-subyektl%c9%99ri-ucun-bildirisl%c9%99r-v%c9%99-raziliq-formalari\/","name":"\u0130\u015f\u00e7il\u0259r v\u0259 m\u0259lumat subyektl\u0259ri \u00fc\u00e7\u00fcn bildiri\u015fl\u0259r v\u0259 raz\u0131l\u0131q formalar\u0131 - FChain","isPartOf":{"@id":"https:\/\/az.f-chain.com\/#website"},"primaryImageOfPage":{"@id":"https:\/\/az.f-chain.com\/az\/iscil%c9%99r-v%c9%99-m%c9%99lumat-subyektl%c9%99ri-ucun-bildirisl%c9%99r-v%c9%99-raziliq-formalari\/#primaryimage"},"image":{"@id":"https:\/\/az.f-chain.com\/az\/iscil%c9%99r-v%c9%99-m%c9%99lumat-subyektl%c9%99ri-ucun-bildirisl%c9%99r-v%c9%99-raziliq-formalari\/#primaryimage"},"thumbnailUrl":"https:\/\/az.f-chain.com\/wp-content\/uploads\/2025\/07\/clipboard-on-office-table-2025-03-16-00-56-13-utc-scaled.jpg","datePublished":"2025-09-30T08:27:08+00:00","dateModified":"2025-09-30T08:56:42+00:00","breadcrumb":{"@id":"https:\/\/az.f-chain.com\/az\/iscil%c9%99r-v%c9%99-m%c9%99lumat-subyektl%c9%99ri-ucun-bildirisl%c9%99r-v%c9%99-raziliq-formalari\/#breadcrumb"},"inLanguage":"az","potentialAction":[{"@type":"ReadAction","target":["https:\/\/az.f-chain.com\/az\/iscil%c9%99r-v%c9%99-m%c9%99lumat-subyektl%c9%99ri-ucun-bildirisl%c9%99r-v%c9%99-raziliq-formalari\/"]}]},{"@type":"ImageObject","inLanguage":"az","@id":"https:\/\/az.f-chain.com\/az\/iscil%c9%99r-v%c9%99-m%c9%99lumat-subyektl%c9%99ri-ucun-bildirisl%c9%99r-v%c9%99-raziliq-formalari\/#primaryimage","url":"https:\/\/az.f-chain.com\/wp-content\/uploads\/2025\/07\/clipboard-on-office-table-2025-03-16-00-56-13-utc-scaled.jpg","contentUrl":"https:\/\/az.f-chain.com\/wp-content\/uploads\/2025\/07\/clipboard-on-office-table-2025-03-16-00-56-13-utc-scaled.jpg","width":2560,"height":1707,"caption":"Closeup background image of document on white meeting table, no people, copy space"},{"@type":"BreadcrumbList","@id":"https:\/\/az.f-chain.com\/az\/iscil%c9%99r-v%c9%99-m%c9%99lumat-subyektl%c9%99ri-ucun-bildirisl%c9%99r-v%c9%99-raziliq-formalari\/#breadcrumb","itemListElement":[{"@type":"ListItem","position":1,"name":"Home","item":"https:\/\/az.f-chain.com\/az\/"},{"@type":"ListItem","position":2,"name":"\u0130\u015f\u00e7il\u0259r v\u0259 m\u0259lumat subyektl\u0259ri \u00fc\u00e7\u00fcn bildiri\u015fl\u0259r v\u0259 raz\u0131l\u0131q formalar\u0131"}]},{"@type":"WebSite","@id":"https:\/\/az.f-chain.com\/#website","url":"https:\/\/az.f-chain.com\/","name":"FChain","description":"Azerbaijan","potentialAction":[{"@type":"SearchAction","target":{"@type":"EntryPoint","urlTemplate":"https:\/\/az.f-chain.com\/?s={search_term_string}"},"query-input":{"@type":"PropertyValueSpecification","valueRequired":true,"valueName":"search_term_string"}}],"inLanguage":"az"}]}},"_links":{"self":[{"href":"https:\/\/az.f-chain.com\/az\/wp-json\/wp\/v2\/pages\/55991","targetHints":{"allow":["GET"]}}],"collection":[{"href":"https:\/\/az.f-chain.com\/az\/wp-json\/wp\/v2\/pages"}],"about":[{"href":"https:\/\/az.f-chain.com\/az\/wp-json\/wp\/v2\/types\/page"}],"author":[{"embeddable":true,"href":"https:\/\/az.f-chain.com\/az\/wp-json\/wp\/v2\/users\/6"}],"replies":[{"embeddable":true,"href":"https:\/\/az.f-chain.com\/az\/wp-json\/wp\/v2\/comments?post=55991"}],"version-history":[{"count":1,"href":"https:\/\/az.f-chain.com\/az\/wp-json\/wp\/v2\/pages\/55991\/revisions"}],"predecessor-version":[{"id":55992,"href":"https:\/\/az.f-chain.com\/az\/wp-json\/wp\/v2\/pages\/55991\/revisions\/55992"}],"wp:featuredmedia":[{"embeddable":true,"href":"https:\/\/az.f-chain.com\/az\/wp-json\/wp\/v2\/media\/55349"}],"wp:attachment":[{"href":"https:\/\/az.f-chain.com\/az\/wp-json\/wp\/v2\/media?parent=55991"}],"curies":[{"name":"wp","href":"https:\/\/api.w.org\/{rel}","templated":true}]}}