{"id":55989,"date":"2025-09-30T11:18:03","date_gmt":"2025-09-30T08:18:03","guid":{"rendered":"https:\/\/az.f-chain.com\/?page_id=55989"},"modified":"2025-09-30T11:18:03","modified_gmt":"2025-09-30T08:18:03","slug":"m%c9%99lumatlarin-m%c9%99xfiliyin%c9%99-dair-muqavil%c9%99-s%c9%99rtl%c9%99ri","status":"publish","type":"page","link":"https:\/\/az.f-chain.com\/az\/m%c9%99lumatlarin-m%c9%99xfiliyin%c9%99-dair-muqavil%c9%99-s%c9%99rtl%c9%99ri\/","title":{"rendered":"M\u0259lumatlar\u0131n m\u0259xfiliyin\u0259 dair m\u00fcqavil\u0259 \u015f\u0259rtl\u0259ri"},"content":{"rendered":"<div class=\"wpb-content-wrapper\"><p>[vc_row][vc_column][vc_column_text]<strong>Financial Chain Corporation (FCHAIN)<\/strong> kommersiya m\u00fcqavil\u0259l\u0259rind\u0259 <strong>m\u0259lumatlar\u0131n m\u0259xfiliyin\u0259 dair m\u00fcdd\u0259alar\u0131n<\/strong> haz\u0131rlanmas\u0131 v\u0259 n\u0259z\u0259rd\u0259n ke\u00e7irilm\u0259si \u00fc\u00e7\u00fcn ixtisasla\u015fm\u0131\u015f h\u00fcquqi xidm\u0259tl\u0259r t\u0259klif edir. Bug\u00fcnk\u00fc normativ h\u00fcquqi t\u0259nziml\u0259yici m\u00fchitd\u0259, o c\u00fcml\u0259d\u0259n m\u00fcqavil\u0259l\u0259rinizd\u0259 ayd\u0131n, t\u0259l\u0259bl\u0259r\u0259 uy\u011fun v\u0259 icra edil\u0259 bil\u0259n m\u0259lumat m\u0259xfiliyi m\u00fcdd\u0259alar\u0131 biznesinizi qorumaq, etibar\u0131 saxlamaq v\u0259 m\u0259suliyy\u0259td\u0259n yay\u0131nmaq \u00fc\u00e7\u00fcn \u00e7ox vacibdir.<\/p>\n<p>Ba\u011flad\u0131\u011f\u0131n\u0131z m\u00fcqavil\u0259d\u0259n as\u0131l\u0131 olmayaraq (xidm\u0259t m\u00fcqavil\u0259si, vendor m\u00fcqavil\u0259si, t\u0259r\u0259fda\u015fl\u0131q m\u00fcqavil\u0259si, m\u00fc\u015ft\u0259ri c\u0259lb edilm\u0259si), biz m\u0259lumat \u00f6hd\u0259likl\u0259rinizin ayd\u0131n \u015f\u0259kild\u0259 m\u00fc\u0259yy\u0259n edilm\u0259sini v\u0259, <a href=\"https:\/\/az.f-chain.com\/en\/gdpr-and-local-data-protection\/\"><strong><em>A\u0130 \u00dcmumi M\u0259lumatlar\u0131n M\u00fchafiz\u0259si Qaydas\u0131 (GDPR)<\/em><\/strong><\/a> daxil olmaqla, beyn\u0259lxalq v\u0259 yerli qaydalara uy\u011fun olmas\u0131n\u0131 t\u0259min edirik.[\/vc_column_text][\/vc_column][\/vc_row][vc_row equal_height=&#8221;yes&#8221; content_placement=&#8221;middle&#8221; css_animation=&#8221;bounceInLeft&#8221;][vc_column width=&#8221;1\/2&#8243;][vc_column_text]<strong>Xidm\u0259tl\u0259rimiz\u0259 a\u015fa\u011f\u0131dak\u0131lar daxildir:<\/strong><\/p>\n<ul>\n<li><strong>M\u0259lumatlar\u0131n qorunmas\u0131na dair m\u00fcdd\u0259alar\u0131n t\u0259rtib edilm\u0259si<\/strong><br \/>\nBiz m\u0259lumatlar\u0131n emal\u0131, m\u0259lumat m\u00fcbadil\u0259si, t\u0259hl\u00fck\u0259sizlik t\u0259dbirl\u0259ri, transs\u0259rh\u0259d m\u0259lumat \u00f6t\u00fcr\u00fclm\u0259si v\u0259 \u00fc\u00e7\u00fcnc\u00fc t\u0259r\u0259f giri\u015fini t\u0259nziml\u0259y\u0259n x\u00fcsusi m\u00fcqavil\u0259 \u015f\u0259rtl\u0259ri t\u0259rtib edirik.<\/li>\n<li><strong>M\u00fcqavil\u0259nin h\u00fcquqi ekspertizas\u0131 v\u0259 riskl\u0259rin qiym\u0259tl\u0259ndirilm\u0259si<\/strong><br \/>\nZ\u0259if v\u0259 ya uy\u011fun olmayan m\u0259lumatlar\u0131n m\u0259xfiliyin\u0259 dair m\u00fcdd\u0259alar\u0131 v\u0259 praktiki t\u0259kmill\u0259\u015fdirm\u0259l\u0259r \u00fc\u00e7\u00fcn t\u00f6vsiy\u0259l\u0259ri m\u00fc\u0259yy\u0259n etm\u0259k \u00fc\u00e7\u00fcn m\u00f6vcud m\u00fcqavil\u0259l\u0259rin h\u00fcquqi t\u0259hlili.<\/li>\n<li><strong>GDPR v\u0259 yerli qanunlara uy\u011funluq<\/strong><br \/>\nM\u00fcqavil\u0259l\u0259rinizin GDPR v\u0259 m\u00fcvafiq milli m\u0259lumatlar\u0131n m\u00fchafiz\u0259si qaydalar\u0131 \u00fczr\u0259 \u00f6hd\u0259lik v\u0259 h\u00fcquqlar\u0131n\u0131za uy\u011fun oldu\u011funun t\u0259min edilm\u0259si.<\/li>\n<li><strong>M\u0259suliyy\u0259t v\u0259 t\u0259zminat m\u00fcdd\u0259alar\u0131<\/strong><br \/>\nRiskl\u0259ri m\u00fcvafiq \u015f\u0259kild\u0259 b\u00f6l\u00fc\u015fd\u00fcrm\u0259k v\u0259 \u015firk\u0259tinizi t\u0259r\u0259fda\u015flar t\u0259r\u0259find\u0259n pozuntulardan v\u0259 ya uy\u011funsuzluqlardan qorumaq \u00fc\u00e7\u00fcn m\u0259lumatlarla ba\u011fl\u0131 m\u0259suliyy\u0259t m\u00fcdd\u0259alar\u0131n\u0131n strukturla\u015fd\u0131r\u0131lmas\u0131.<\/li>\n<li><strong>M\u00fcqavil\u0259 dan\u0131\u015f\u0131qlar\u0131nda d\u0259st\u0259k<\/strong><br \/>\nBalansla\u015fd\u0131r\u0131lm\u0131\u015f v\u0259 icra edil\u0259 bil\u0259n m\u0259lumatlar\u0131n m\u0259xfilik \u015f\u0259rtl\u0259rin\u0259 nail olmaq \u00fc\u00e7\u00fcn qar\u015f\u0131 t\u0259r\u0259fl\u0259rl\u0259 dan\u0131\u015f\u0131qlarda h\u00fcquqi d\u0259st\u0259k.<\/li>\n<\/ul>\n<p>[\/vc_column_text][vc_btn title=&#8221;DAHA \u018fTRAFLI&#8221; style=&#8221;outline&#8221; color=&#8221;danger&#8221; align=&#8221;center&#8221; link=&#8221;url:https%3A%2F%2Faz.f-chain.com%2Fen%2Finternational-private-law%2F|title:International%20(Private)%20Law&#8221;][\/vc_column][vc_column width=&#8221;1\/2&#8243;][vc_single_image image=&#8221;55334&#8243; img_size=&#8221;full&#8221;][\/vc_column][\/vc_row][vc_row css_animation=&#8221;bounceInDown&#8221;][vc_column][vc_column_text]G\u00fccl\u00fc m\u00fcqavil\u0259 m\u00fchafiz\u0259si b\u00fct\u00fcn i\u015fg\u00fczar \u0259laq\u0259l\u0259rinizd\u0259 m\u0259lumatlar\u0131n b\u00fct\u00f6vl\u00fcy\u00fcn\u00fc v\u0259 uy\u011funlu\u011fu t\u0259min etm\u0259k \u00fc\u00e7\u00fcn vacibdir. \u0130mkan verin FCHAIN m\u0259lumatlar\u0131n\u0131z\u0131 v\u0259 biznesinizi qoruya bil\u0259c\u0259k h\u00fcquqi c\u0259h\u0259td\u0259n etibarl\u0131 m\u00fcqavil\u0259l\u0259r ba\u011flama\u011f\u0131n\u0131za k\u00f6m\u0259k etsin.[\/vc_column_text][\/vc_column][\/vc_row]<\/p>\n<\/div>","protected":false},"excerpt":{"rendered":"<p>[vc_row][vc_column][vc_column_text]Financial Chain Corporation (FCHAIN) kommersiya m\u00fcqavil\u0259l\u0259rind\u0259 m\u0259lumatlar\u0131n m\u0259xfiliyin\u0259 dair m\u00fcdd\u0259alar\u0131n haz\u0131rlanmas\u0131 v\u0259 n\u0259z\u0259rd\u0259n ke\u00e7irilm\u0259si \u00fc\u00e7\u00fcn ixtisasla\u015fm\u0131\u015f h\u00fcquqi xidm\u0259tl\u0259r t\u0259klif edir. Bug\u00fcnk\u00fc normativ h\u00fcquqi t\u0259nziml\u0259yici m\u00fchitd\u0259, o c\u00fcml\u0259d\u0259n m\u00fcqavil\u0259l\u0259rinizd\u0259 ayd\u0131n, t\u0259l\u0259bl\u0259r\u0259 uy\u011fun v\u0259 icra edil\u0259 bil\u0259n m\u0259lumat m\u0259xfiliyi m\u00fcdd\u0259alar\u0131 biznesinizi qorumaq, etibar\u0131 saxlamaq v\u0259 m\u0259suliyy\u0259td\u0259n yay\u0131nmaq \u00fc\u00e7\u00fcn \u00e7ox vacibdir. Ba\u011flad\u0131\u011f\u0131n\u0131z m\u00fcqavil\u0259d\u0259n as\u0131l\u0131 olmayaraq (xidm\u0259t m\u00fcqavil\u0259si, vendor<\/p>\n","protected":false},"author":6,"featured_media":55335,"parent":0,"menu_order":0,"comment_status":"closed","ping_status":"closed","template":"","meta":{"_acf_changed":false,"footnotes":""},"class_list":["post-55989","page","type-page","status-publish","hentry"],"acf":[],"yoast_head":"<!-- This site is optimized with the Yoast SEO plugin v27.3 - https:\/\/yoast.com\/product\/yoast-seo-wordpress\/ -->\n<title>M\u0259lumatlar\u0131n m\u0259xfiliyin\u0259 dair m\u00fcqavil\u0259 \u015f\u0259rtl\u0259ri - FChain<\/title>\n<meta name=\"robots\" content=\"index, follow, max-snippet:-1, max-image-preview:large, max-video-preview:-1\" \/>\n<link rel=\"canonical\" href=\"https:\/\/az.f-chain.com\/az\/m\u0259lumatlarin-m\u0259xfiliyin\u0259-dair-muqavil\u0259-s\u0259rtl\u0259ri\/\" \/>\n<meta property=\"og:locale\" content=\"az_AZ\" \/>\n<meta property=\"og:type\" content=\"article\" \/>\n<meta property=\"og:title\" content=\"M\u0259lumatlar\u0131n m\u0259xfiliyin\u0259 dair m\u00fcqavil\u0259 \u015f\u0259rtl\u0259ri - FChain\" \/>\n<meta property=\"og:description\" content=\"[vc_row][vc_column][vc_column_text]Financial Chain Corporation (FCHAIN) kommersiya m\u00fcqavil\u0259l\u0259rind\u0259 m\u0259lumatlar\u0131n m\u0259xfiliyin\u0259 dair m\u00fcdd\u0259alar\u0131n haz\u0131rlanmas\u0131 v\u0259 n\u0259z\u0259rd\u0259n ke\u00e7irilm\u0259si \u00fc\u00e7\u00fcn ixtisasla\u015fm\u0131\u015f h\u00fcquqi xidm\u0259tl\u0259r t\u0259klif edir. Bug\u00fcnk\u00fc normativ h\u00fcquqi t\u0259nziml\u0259yici m\u00fchitd\u0259, o c\u00fcml\u0259d\u0259n m\u00fcqavil\u0259l\u0259rinizd\u0259 ayd\u0131n, t\u0259l\u0259bl\u0259r\u0259 uy\u011fun v\u0259 icra edil\u0259 bil\u0259n m\u0259lumat m\u0259xfiliyi m\u00fcdd\u0259alar\u0131 biznesinizi qorumaq, etibar\u0131 saxlamaq v\u0259 m\u0259suliyy\u0259td\u0259n yay\u0131nmaq \u00fc\u00e7\u00fcn \u00e7ox vacibdir. Ba\u011flad\u0131\u011f\u0131n\u0131z m\u00fcqavil\u0259d\u0259n as\u0131l\u0131 olmayaraq (xidm\u0259t m\u00fcqavil\u0259si, vendor\" \/>\n<meta property=\"og:url\" content=\"https:\/\/az.f-chain.com\/az\/m\u0259lumatlarin-m\u0259xfiliyin\u0259-dair-muqavil\u0259-s\u0259rtl\u0259ri\/\" \/>\n<meta property=\"og:site_name\" content=\"FChain\" \/>\n<meta property=\"og:image\" content=\"https:\/\/az.f-chain.com\/wp-content\/uploads\/2025\/07\/padlock-symbol-for-computer-data-protection-system-2025-02-10-13-53-00-utc-scaled.jpg\" \/>\n\t<meta property=\"og:image:width\" content=\"2560\" \/>\n\t<meta property=\"og:image:height\" content=\"1737\" \/>\n\t<meta property=\"og:image:type\" content=\"image\/jpeg\" \/>\n<meta name=\"twitter:card\" content=\"summary_large_image\" \/>\n<script type=\"application\/ld+json\" class=\"yoast-schema-graph\">{\"@context\":\"https:\\\/\\\/schema.org\",\"@graph\":[{\"@type\":\"WebPage\",\"@id\":\"https:\\\/\\\/az.f-chain.com\\\/az\\\/m%c9%99lumatlarin-m%c9%99xfiliyin%c9%99-dair-muqavil%c9%99-s%c9%99rtl%c9%99ri\\\/\",\"url\":\"https:\\\/\\\/az.f-chain.com\\\/az\\\/m%c9%99lumatlarin-m%c9%99xfiliyin%c9%99-dair-muqavil%c9%99-s%c9%99rtl%c9%99ri\\\/\",\"name\":\"M\u0259lumatlar\u0131n m\u0259xfiliyin\u0259 dair m\u00fcqavil\u0259 \u015f\u0259rtl\u0259ri - FChain\",\"isPartOf\":{\"@id\":\"https:\\\/\\\/az.f-chain.com\\\/#website\"},\"primaryImageOfPage\":{\"@id\":\"https:\\\/\\\/az.f-chain.com\\\/az\\\/m%c9%99lumatlarin-m%c9%99xfiliyin%c9%99-dair-muqavil%c9%99-s%c9%99rtl%c9%99ri\\\/#primaryimage\"},\"image\":{\"@id\":\"https:\\\/\\\/az.f-chain.com\\\/az\\\/m%c9%99lumatlarin-m%c9%99xfiliyin%c9%99-dair-muqavil%c9%99-s%c9%99rtl%c9%99ri\\\/#primaryimage\"},\"thumbnailUrl\":\"https:\\\/\\\/az.f-chain.com\\\/wp-content\\\/uploads\\\/2025\\\/07\\\/padlock-symbol-for-computer-data-protection-system-2025-02-10-13-53-00-utc-scaled.jpg\",\"datePublished\":\"2025-09-30T08:18:03+00:00\",\"breadcrumb\":{\"@id\":\"https:\\\/\\\/az.f-chain.com\\\/az\\\/m%c9%99lumatlarin-m%c9%99xfiliyin%c9%99-dair-muqavil%c9%99-s%c9%99rtl%c9%99ri\\\/#breadcrumb\"},\"inLanguage\":\"az\",\"potentialAction\":[{\"@type\":\"ReadAction\",\"target\":[\"https:\\\/\\\/az.f-chain.com\\\/az\\\/m%c9%99lumatlarin-m%c9%99xfiliyin%c9%99-dair-muqavil%c9%99-s%c9%99rtl%c9%99ri\\\/\"]}]},{\"@type\":\"ImageObject\",\"inLanguage\":\"az\",\"@id\":\"https:\\\/\\\/az.f-chain.com\\\/az\\\/m%c9%99lumatlarin-m%c9%99xfiliyin%c9%99-dair-muqavil%c9%99-s%c9%99rtl%c9%99ri\\\/#primaryimage\",\"url\":\"https:\\\/\\\/az.f-chain.com\\\/wp-content\\\/uploads\\\/2025\\\/07\\\/padlock-symbol-for-computer-data-protection-system-2025-02-10-13-53-00-utc-scaled.jpg\",\"contentUrl\":\"https:\\\/\\\/az.f-chain.com\\\/wp-content\\\/uploads\\\/2025\\\/07\\\/padlock-symbol-for-computer-data-protection-system-2025-02-10-13-53-00-utc-scaled.jpg\",\"width\":2560,\"height\":1737,\"caption\":\"Padlock symbol for computer data protection system\"},{\"@type\":\"BreadcrumbList\",\"@id\":\"https:\\\/\\\/az.f-chain.com\\\/az\\\/m%c9%99lumatlarin-m%c9%99xfiliyin%c9%99-dair-muqavil%c9%99-s%c9%99rtl%c9%99ri\\\/#breadcrumb\",\"itemListElement\":[{\"@type\":\"ListItem\",\"position\":1,\"name\":\"Home\",\"item\":\"https:\\\/\\\/az.f-chain.com\\\/az\\\/\"},{\"@type\":\"ListItem\",\"position\":2,\"name\":\"M\u0259lumatlar\u0131n m\u0259xfiliyin\u0259 dair m\u00fcqavil\u0259 \u015f\u0259rtl\u0259ri\"}]},{\"@type\":\"WebSite\",\"@id\":\"https:\\\/\\\/az.f-chain.com\\\/#website\",\"url\":\"https:\\\/\\\/az.f-chain.com\\\/\",\"name\":\"FChain\",\"description\":\"Azerbaijan\",\"potentialAction\":[{\"@type\":\"SearchAction\",\"target\":{\"@type\":\"EntryPoint\",\"urlTemplate\":\"https:\\\/\\\/az.f-chain.com\\\/?s={search_term_string}\"},\"query-input\":{\"@type\":\"PropertyValueSpecification\",\"valueRequired\":true,\"valueName\":\"search_term_string\"}}],\"inLanguage\":\"az\"}]}<\/script>\n<!-- \/ Yoast SEO plugin. -->","yoast_head_json":{"title":"M\u0259lumatlar\u0131n m\u0259xfiliyin\u0259 dair m\u00fcqavil\u0259 \u015f\u0259rtl\u0259ri - FChain","robots":{"index":"index","follow":"follow","max-snippet":"max-snippet:-1","max-image-preview":"max-image-preview:large","max-video-preview":"max-video-preview:-1"},"canonical":"https:\/\/az.f-chain.com\/az\/m\u0259lumatlarin-m\u0259xfiliyin\u0259-dair-muqavil\u0259-s\u0259rtl\u0259ri\/","og_locale":"az_AZ","og_type":"article","og_title":"M\u0259lumatlar\u0131n m\u0259xfiliyin\u0259 dair m\u00fcqavil\u0259 \u015f\u0259rtl\u0259ri - FChain","og_description":"[vc_row][vc_column][vc_column_text]Financial Chain Corporation (FCHAIN) kommersiya m\u00fcqavil\u0259l\u0259rind\u0259 m\u0259lumatlar\u0131n m\u0259xfiliyin\u0259 dair m\u00fcdd\u0259alar\u0131n haz\u0131rlanmas\u0131 v\u0259 n\u0259z\u0259rd\u0259n ke\u00e7irilm\u0259si \u00fc\u00e7\u00fcn ixtisasla\u015fm\u0131\u015f h\u00fcquqi xidm\u0259tl\u0259r t\u0259klif edir. Bug\u00fcnk\u00fc normativ h\u00fcquqi t\u0259nziml\u0259yici m\u00fchitd\u0259, o c\u00fcml\u0259d\u0259n m\u00fcqavil\u0259l\u0259rinizd\u0259 ayd\u0131n, t\u0259l\u0259bl\u0259r\u0259 uy\u011fun v\u0259 icra edil\u0259 bil\u0259n m\u0259lumat m\u0259xfiliyi m\u00fcdd\u0259alar\u0131 biznesinizi qorumaq, etibar\u0131 saxlamaq v\u0259 m\u0259suliyy\u0259td\u0259n yay\u0131nmaq \u00fc\u00e7\u00fcn \u00e7ox vacibdir. Ba\u011flad\u0131\u011f\u0131n\u0131z m\u00fcqavil\u0259d\u0259n as\u0131l\u0131 olmayaraq (xidm\u0259t m\u00fcqavil\u0259si, vendor","og_url":"https:\/\/az.f-chain.com\/az\/m\u0259lumatlarin-m\u0259xfiliyin\u0259-dair-muqavil\u0259-s\u0259rtl\u0259ri\/","og_site_name":"FChain","og_image":[{"width":2560,"height":1737,"url":"https:\/\/az.f-chain.com\/wp-content\/uploads\/2025\/07\/padlock-symbol-for-computer-data-protection-system-2025-02-10-13-53-00-utc-scaled.jpg","type":"image\/jpeg"}],"twitter_card":"summary_large_image","schema":{"@context":"https:\/\/schema.org","@graph":[{"@type":"WebPage","@id":"https:\/\/az.f-chain.com\/az\/m%c9%99lumatlarin-m%c9%99xfiliyin%c9%99-dair-muqavil%c9%99-s%c9%99rtl%c9%99ri\/","url":"https:\/\/az.f-chain.com\/az\/m%c9%99lumatlarin-m%c9%99xfiliyin%c9%99-dair-muqavil%c9%99-s%c9%99rtl%c9%99ri\/","name":"M\u0259lumatlar\u0131n m\u0259xfiliyin\u0259 dair m\u00fcqavil\u0259 \u015f\u0259rtl\u0259ri - FChain","isPartOf":{"@id":"https:\/\/az.f-chain.com\/#website"},"primaryImageOfPage":{"@id":"https:\/\/az.f-chain.com\/az\/m%c9%99lumatlarin-m%c9%99xfiliyin%c9%99-dair-muqavil%c9%99-s%c9%99rtl%c9%99ri\/#primaryimage"},"image":{"@id":"https:\/\/az.f-chain.com\/az\/m%c9%99lumatlarin-m%c9%99xfiliyin%c9%99-dair-muqavil%c9%99-s%c9%99rtl%c9%99ri\/#primaryimage"},"thumbnailUrl":"https:\/\/az.f-chain.com\/wp-content\/uploads\/2025\/07\/padlock-symbol-for-computer-data-protection-system-2025-02-10-13-53-00-utc-scaled.jpg","datePublished":"2025-09-30T08:18:03+00:00","breadcrumb":{"@id":"https:\/\/az.f-chain.com\/az\/m%c9%99lumatlarin-m%c9%99xfiliyin%c9%99-dair-muqavil%c9%99-s%c9%99rtl%c9%99ri\/#breadcrumb"},"inLanguage":"az","potentialAction":[{"@type":"ReadAction","target":["https:\/\/az.f-chain.com\/az\/m%c9%99lumatlarin-m%c9%99xfiliyin%c9%99-dair-muqavil%c9%99-s%c9%99rtl%c9%99ri\/"]}]},{"@type":"ImageObject","inLanguage":"az","@id":"https:\/\/az.f-chain.com\/az\/m%c9%99lumatlarin-m%c9%99xfiliyin%c9%99-dair-muqavil%c9%99-s%c9%99rtl%c9%99ri\/#primaryimage","url":"https:\/\/az.f-chain.com\/wp-content\/uploads\/2025\/07\/padlock-symbol-for-computer-data-protection-system-2025-02-10-13-53-00-utc-scaled.jpg","contentUrl":"https:\/\/az.f-chain.com\/wp-content\/uploads\/2025\/07\/padlock-symbol-for-computer-data-protection-system-2025-02-10-13-53-00-utc-scaled.jpg","width":2560,"height":1737,"caption":"Padlock symbol for computer data protection system"},{"@type":"BreadcrumbList","@id":"https:\/\/az.f-chain.com\/az\/m%c9%99lumatlarin-m%c9%99xfiliyin%c9%99-dair-muqavil%c9%99-s%c9%99rtl%c9%99ri\/#breadcrumb","itemListElement":[{"@type":"ListItem","position":1,"name":"Home","item":"https:\/\/az.f-chain.com\/az\/"},{"@type":"ListItem","position":2,"name":"M\u0259lumatlar\u0131n m\u0259xfiliyin\u0259 dair m\u00fcqavil\u0259 \u015f\u0259rtl\u0259ri"}]},{"@type":"WebSite","@id":"https:\/\/az.f-chain.com\/#website","url":"https:\/\/az.f-chain.com\/","name":"FChain","description":"Azerbaijan","potentialAction":[{"@type":"SearchAction","target":{"@type":"EntryPoint","urlTemplate":"https:\/\/az.f-chain.com\/?s={search_term_string}"},"query-input":{"@type":"PropertyValueSpecification","valueRequired":true,"valueName":"search_term_string"}}],"inLanguage":"az"}]}},"_links":{"self":[{"href":"https:\/\/az.f-chain.com\/az\/wp-json\/wp\/v2\/pages\/55989","targetHints":{"allow":["GET"]}}],"collection":[{"href":"https:\/\/az.f-chain.com\/az\/wp-json\/wp\/v2\/pages"}],"about":[{"href":"https:\/\/az.f-chain.com\/az\/wp-json\/wp\/v2\/types\/page"}],"author":[{"embeddable":true,"href":"https:\/\/az.f-chain.com\/az\/wp-json\/wp\/v2\/users\/6"}],"replies":[{"embeddable":true,"href":"https:\/\/az.f-chain.com\/az\/wp-json\/wp\/v2\/comments?post=55989"}],"version-history":[{"count":1,"href":"https:\/\/az.f-chain.com\/az\/wp-json\/wp\/v2\/pages\/55989\/revisions"}],"predecessor-version":[{"id":55990,"href":"https:\/\/az.f-chain.com\/az\/wp-json\/wp\/v2\/pages\/55989\/revisions\/55990"}],"wp:featuredmedia":[{"embeddable":true,"href":"https:\/\/az.f-chain.com\/az\/wp-json\/wp\/v2\/media\/55335"}],"wp:attachment":[{"href":"https:\/\/az.f-chain.com\/az\/wp-json\/wp\/v2\/media?parent=55989"}],"curies":[{"name":"wp","href":"https:\/\/api.w.org\/{rel}","templated":true}]}}