{"id":55984,"date":"2025-09-30T10:06:44","date_gmt":"2025-09-30T07:06:44","guid":{"rendered":"https:\/\/az.f-chain.com\/?page_id=55984"},"modified":"2025-09-30T11:10:00","modified_gmt":"2025-09-30T08:10:00","slug":"gdpr-v%c9%99-m%c9%99lumatlarin-muhafiz%c9%99si-uzr%c9%99-konsaltinq","status":"publish","type":"page","link":"https:\/\/az.f-chain.com\/az\/gdpr-v%c9%99-m%c9%99lumatlarin-muhafiz%c9%99si-uzr%c9%99-konsaltinq\/","title":{"rendered":"GDPR  v\u0259 m\u0259lumatlar\u0131n m\u00fchafiz\u0259si \u00fczr\u0259 konsaltinq"},"content":{"rendered":"<div class=\"wpb-content-wrapper\"><p>[vc_row][vc_column][vc_column_text]<strong>Financial Chain Corporation (FCHAIN)<\/strong> \u015firk\u0259tl\u0259r\u0259 A\u0130 \u00dcmumi M\u0259lumatlar\u0131n M\u00fchafiz\u0259si Qaydas\u0131na (GDPR) v\u0259 m\u00fcvafiq yerli m\u0259lumatlar\u0131n m\u00fchafiz\u0259si qanunlar\u0131na \u0259m\u0259l etm\u0259l\u0259rin\u0259 k\u00f6m\u0259k etm\u0259k \u00fc\u00e7\u00fcn ekspert h\u00fcquqi t\u0259limatlar t\u0259qdim edir. Yurisdiksiyalar \u00fczr\u0259 d\u0259yi\u015f\u0259n m\u0259lumatlar\u0131n qorunmas\u0131 \u00f6hd\u0259likl\u0259ri il\u0259 biz \u015firk\u0259tiniz\u0259 qanuni, \u015f\u0259ffaf v\u0259 minimum h\u00fcquqi riskl\u0259 f\u0259aliyy\u0259t g\u00f6st\u0259rm\u0259y\u0259 k\u00f6m\u0259k edirik.<\/p>\n<p>Xidm\u0259tl\u0259rimiz h\u0259m yerli, h\u0259m d\u0259 beyn\u0259lxalq s\u0259viyy\u0259d\u0259 \u015f\u0259xsi m\u0259lumatlar\u0131 emal ed\u0259n \u015firk\u0259tl\u0259r\u0259 y\u00f6n\u0259lib v\u0259 daxili siyas\u0259tl\u0259rin, m\u00fcqavil\u0259l\u0259rin v\u0259 kommunikasiyalar\u0131n m\u00fcvafiq qaydalara tam uy\u011fun olmas\u0131n\u0131 t\u0259min edir.[\/vc_column_text][\/vc_column][\/vc_row][vc_row equal_height=&#8221;yes&#8221; content_placement=&#8221;middle&#8221; css_animation=&#8221;bounceInLeft&#8221;][vc_column width=&#8221;1\/2&#8243;][vc_column_text]<strong>GDPR t\u0259l\u0259bl\u0259rin\u0259 uy\u011funlu\u011fu v\u0259 m\u0259lumatlar\u0131n qorunmas\u0131 xidm\u0259tl\u0259rimiz\u0259 a\u015fa\u011f\u0131dak\u0131lar daxildir:<\/strong><\/p>\n<ul>\n<li><strong>Normativ t\u0259l\u0259bl\u0259r\u0259 uy\u011funlu\u011fun qiym\u0259tl\u0259ndirilm\u0259si v\u0259 bo\u015fluqlar\u0131n t\u0259hlili<\/strong><br \/>\nUy\u011funsuzluqlar\u0131 m\u00fc\u0259yy\u0259n etm\u0259k v\u0259 GDPR v\u0259 milli qanunvericiliy\u0259 uy\u011fun effektiv h\u0259ll yollar\u0131n\u0131 t\u0259klif etm\u0259k \u00fc\u00e7\u00fcn biz sizin m\u0259lumatlar\u0131n emal\u0131 t\u0259cr\u00fcb\u0259l\u0259rinizi qiym\u0259tl\u0259ndiririk.<\/li>\n<li><strong>GDPR v\u0259 yerli qanunlar aras\u0131nda m\u00fcqayis\u0259li analiz<\/strong><br \/>\nH\u00fcquq\u015f\u00fcnaslar\u0131m\u0131z beyn\u0259lxalq m\u00fc\u015ft\u0259ril\u0259r\u0259 yurisdiksiyalar \u00fczr\u0259 \u00fcst-\u00fcst\u0259 d\u00fc\u015fm\u0259l\u0259ri, m\u00fcnaqi\u015f\u0259l\u0259ri v\u0259 uy\u011funluq bo\u015fluqlar\u0131n\u0131 m\u00fc\u0259yy\u0259n etm\u0259y\u0259 k\u00f6m\u0259k etm\u0259k \u00fc\u00e7\u00fcn GDPR v\u0259 yerli m\u0259lumatlar\u0131n qorunmas\u0131 \u00e7\u0259r\u00e7iv\u0259l\u0259rinin \u0259trafl\u0131 m\u00fcqayis\u0259sini apar\u0131r.<\/li>\n<\/ul>\n<ul>\n<li><strong>Siyas\u0259tin i\u015fl\u0259nm\u0259si v\u0259 h\u0259yata ke\u00e7irilm\u0259si<\/strong><br \/>\nGDPR v\u0259 yerli standartlara uy\u011fun olaraq, daxili m\u0259xfilik siyas\u0259tinin, i\u015f\u00e7il\u0259rin yadda\u015f kitab\u00e7as\u0131n\u0131n v\u0259 r\u0259smi bildiri\u015fl\u0259rin haz\u0131rlanmas\u0131 v\u0259 ya yenid\u0259n n\u0259z\u0259rd\u0259n ke\u00e7irilm\u0259si.<\/li>\n<\/ul>\n<ul>\n<li><strong>Data x\u0259rit\u0259l\u0259m\u0259si v\u0259 riskl\u0259rin idar\u0259 edilm\u0259si<\/strong><br \/>\nBiz sisteml\u0259r v\u0259 regionlar \u00fczr\u0259 \u015f\u0259xsi m\u0259lumat ax\u0131nlar\u0131n\u0131 m\u00fc\u0259yy\u0259n ed\u0259r\u0259k, t\u0259\u015fkilat\u0131n\u0131za riskl\u0259ri minimuma endirm\u0259y\u0259 v\u0259 n\u0259zar\u0259ti saxlama\u011fa k\u00f6m\u0259k edirik.<\/li>\n<li><strong>Raz\u0131l\u0131q formalar\u0131 v\u0259 m\u0259xfilik bildiri\u015fl\u0259ri<\/strong><br \/>\n\u0130\u015f\u00e7il\u0259r, m\u00fc\u015ft\u0259ril\u0259r v\u0259 dig\u0259r m\u0259lumat subyektl\u0259ri \u00fc\u00e7\u00fcn ayd\u0131n, t\u0259l\u0259bl\u0259r\u0259 uy\u011fun m\u0259lumat m\u0259xfiliyi bildiri\u015fl\u0259ri v\u0259 raz\u0131l\u0131q formalar\u0131n\u0131n haz\u0131rlanmas\u0131 v\u0259 h\u00fcquqi ekspertizas\u0131.<\/li>\n<\/ul>\n<ul>\n<li><strong>\u0130\u015f\u00e7il\u0259rin t\u0259limi v\u0259 h\u00fcquqi m\u0259sl\u0259h\u0259t<\/strong><br \/>\nI\u015f\u00e7il\u0259ri m\u0259lumatland\u0131rmaq v\u0259 m\u0259lumatlar\u0131n m\u00fchafiz\u0259si il\u0259 ba\u011fl\u0131 d\u0259yi\u015f\u0259n \u00f6hd\u0259likl\u0259r\u0259 riay\u0259t etm\u0259k \u00fc\u00e7\u00fcn davaml\u0131 h\u00fcquqi m\u0259sl\u0259h\u0259t v\u0259 t\u0259liml\u0259r.<\/li>\n<\/ul>\n<p>[\/vc_column_text][vc_btn title=&#8221;DAHA \u018fTRAFLI&#8221; style=&#8221;outline&#8221; color=&#8221;danger&#8221; align=&#8221;center&#8221; link=&#8221;url:https%3A%2F%2Faz.f-chain.com%2Fen%2Finternational-private-law%2F|title:International%20(Private)%20Law&#8221;][\/vc_column][vc_column width=&#8221;1\/2&#8243;][vc_single_image image=&#8221;55325&#8243; img_size=&#8221;full&#8221;][\/vc_column][\/vc_row][vc_row css_animation=&#8221;bounceInDown&#8221;][vc_column][vc_column_text]C\u0259rim\u0259l\u0259rin artmas\u0131 v\u0259 m\u0259lumatlar\u0131n m\u0259xfiliyin\u0259 n\u0259zar\u0259tin artmas\u0131 il\u0259 normativ t\u0259l\u0259bl\u0259r\u0259 uy\u011funluq t\u0259kc\u0259 m\u0259cburi deyil, h\u0259m d\u0259 vacibdir. \u0130mkan verin FCHAIN siz\u0259 m\u00fcr\u0259kk\u0259b m\u0259xfilik qaydalar\u0131n\u0131 inam v\u0259 ayd\u0131nl\u0131qla idar\u0259 etm\u0259y\u0259 k\u00f6m\u0259k etsin.[\/vc_column_text][\/vc_column][\/vc_row]<\/p>\n<\/div>","protected":false},"excerpt":{"rendered":"<p>[vc_row][vc_column][vc_column_text]Financial Chain Corporation (FCHAIN) \u015firk\u0259tl\u0259r\u0259 A\u0130 \u00dcmumi M\u0259lumatlar\u0131n M\u00fchafiz\u0259si Qaydas\u0131na (GDPR) v\u0259 m\u00fcvafiq yerli m\u0259lumatlar\u0131n m\u00fchafiz\u0259si qanunlar\u0131na \u0259m\u0259l etm\u0259l\u0259rin\u0259 k\u00f6m\u0259k etm\u0259k \u00fc\u00e7\u00fcn ekspert h\u00fcquqi t\u0259limatlar t\u0259qdim edir. Yurisdiksiyalar \u00fczr\u0259 d\u0259yi\u015f\u0259n m\u0259lumatlar\u0131n qorunmas\u0131 \u00f6hd\u0259likl\u0259ri il\u0259 biz \u015firk\u0259tiniz\u0259 qanuni, \u015f\u0259ffaf v\u0259 minimum h\u00fcquqi riskl\u0259 f\u0259aliyy\u0259t g\u00f6st\u0259rm\u0259y\u0259 k\u00f6m\u0259k edirik. Xidm\u0259tl\u0259rimiz h\u0259m yerli, h\u0259m d\u0259 beyn\u0259lxalq s\u0259viyy\u0259d\u0259 \u015f\u0259xsi m\u0259lumatlar\u0131<\/p>\n","protected":false},"author":6,"featured_media":55326,"parent":0,"menu_order":0,"comment_status":"closed","ping_status":"closed","template":"","meta":{"_acf_changed":false,"footnotes":""},"class_list":["post-55984","page","type-page","status-publish","hentry"],"acf":[],"yoast_head":"<!-- This site is optimized with the Yoast SEO plugin v27.3 - https:\/\/yoast.com\/product\/yoast-seo-wordpress\/ -->\n<title>GDPR v\u0259 m\u0259lumatlar\u0131n m\u00fchafiz\u0259si \u00fczr\u0259 konsaltinq - FChain<\/title>\n<meta name=\"robots\" content=\"index, follow, max-snippet:-1, max-image-preview:large, max-video-preview:-1\" \/>\n<link rel=\"canonical\" href=\"https:\/\/az.f-chain.com\/az\/gdpr-v\u0259-m\u0259lumatlarin-muhafiz\u0259si-uzr\u0259-konsaltinq\/\" \/>\n<meta property=\"og:locale\" content=\"az_AZ\" \/>\n<meta property=\"og:type\" content=\"article\" \/>\n<meta property=\"og:title\" content=\"GDPR v\u0259 m\u0259lumatlar\u0131n m\u00fchafiz\u0259si \u00fczr\u0259 konsaltinq - FChain\" \/>\n<meta property=\"og:description\" content=\"[vc_row][vc_column][vc_column_text]Financial Chain Corporation (FCHAIN) \u015firk\u0259tl\u0259r\u0259 A\u0130 \u00dcmumi M\u0259lumatlar\u0131n M\u00fchafiz\u0259si Qaydas\u0131na (GDPR) v\u0259 m\u00fcvafiq yerli m\u0259lumatlar\u0131n m\u00fchafiz\u0259si qanunlar\u0131na \u0259m\u0259l etm\u0259l\u0259rin\u0259 k\u00f6m\u0259k etm\u0259k \u00fc\u00e7\u00fcn ekspert h\u00fcquqi t\u0259limatlar t\u0259qdim edir. Yurisdiksiyalar \u00fczr\u0259 d\u0259yi\u015f\u0259n m\u0259lumatlar\u0131n qorunmas\u0131 \u00f6hd\u0259likl\u0259ri il\u0259 biz \u015firk\u0259tiniz\u0259 qanuni, \u015f\u0259ffaf v\u0259 minimum h\u00fcquqi riskl\u0259 f\u0259aliyy\u0259t g\u00f6st\u0259rm\u0259y\u0259 k\u00f6m\u0259k edirik. Xidm\u0259tl\u0259rimiz h\u0259m yerli, h\u0259m d\u0259 beyn\u0259lxalq s\u0259viyy\u0259d\u0259 \u015f\u0259xsi m\u0259lumatlar\u0131\" \/>\n<meta property=\"og:url\" content=\"https:\/\/az.f-chain.com\/az\/gdpr-v\u0259-m\u0259lumatlarin-muhafiz\u0259si-uzr\u0259-konsaltinq\/\" \/>\n<meta property=\"og:site_name\" content=\"FChain\" \/>\n<meta property=\"article:modified_time\" content=\"2025-09-30T08:10:00+00:00\" \/>\n<meta property=\"og:image\" content=\"https:\/\/az.f-chain.com\/wp-content\/uploads\/2025\/07\/man-working-with-a-computer-general-data-protecti-2024-12-07-22-59-57-utc-scaled.jpg\" \/>\n\t<meta property=\"og:image:width\" content=\"2560\" \/>\n\t<meta property=\"og:image:height\" content=\"1707\" \/>\n\t<meta property=\"og:image:type\" content=\"image\/jpeg\" \/>\n<meta name=\"twitter:card\" content=\"summary_large_image\" \/>\n<script type=\"application\/ld+json\" class=\"yoast-schema-graph\">{\"@context\":\"https:\\\/\\\/schema.org\",\"@graph\":[{\"@type\":\"WebPage\",\"@id\":\"https:\\\/\\\/az.f-chain.com\\\/az\\\/gdpr-v%c9%99-m%c9%99lumatlarin-muhafiz%c9%99si-uzr%c9%99-konsaltinq\\\/\",\"url\":\"https:\\\/\\\/az.f-chain.com\\\/az\\\/gdpr-v%c9%99-m%c9%99lumatlarin-muhafiz%c9%99si-uzr%c9%99-konsaltinq\\\/\",\"name\":\"GDPR v\u0259 m\u0259lumatlar\u0131n m\u00fchafiz\u0259si \u00fczr\u0259 konsaltinq - FChain\",\"isPartOf\":{\"@id\":\"https:\\\/\\\/az.f-chain.com\\\/#website\"},\"primaryImageOfPage\":{\"@id\":\"https:\\\/\\\/az.f-chain.com\\\/az\\\/gdpr-v%c9%99-m%c9%99lumatlarin-muhafiz%c9%99si-uzr%c9%99-konsaltinq\\\/#primaryimage\"},\"image\":{\"@id\":\"https:\\\/\\\/az.f-chain.com\\\/az\\\/gdpr-v%c9%99-m%c9%99lumatlarin-muhafiz%c9%99si-uzr%c9%99-konsaltinq\\\/#primaryimage\"},\"thumbnailUrl\":\"https:\\\/\\\/az.f-chain.com\\\/wp-content\\\/uploads\\\/2025\\\/07\\\/man-working-with-a-computer-general-data-protecti-2024-12-07-22-59-57-utc-scaled.jpg\",\"datePublished\":\"2025-09-30T07:06:44+00:00\",\"dateModified\":\"2025-09-30T08:10:00+00:00\",\"breadcrumb\":{\"@id\":\"https:\\\/\\\/az.f-chain.com\\\/az\\\/gdpr-v%c9%99-m%c9%99lumatlarin-muhafiz%c9%99si-uzr%c9%99-konsaltinq\\\/#breadcrumb\"},\"inLanguage\":\"az\",\"potentialAction\":[{\"@type\":\"ReadAction\",\"target\":[\"https:\\\/\\\/az.f-chain.com\\\/az\\\/gdpr-v%c9%99-m%c9%99lumatlarin-muhafiz%c9%99si-uzr%c9%99-konsaltinq\\\/\"]}]},{\"@type\":\"ImageObject\",\"inLanguage\":\"az\",\"@id\":\"https:\\\/\\\/az.f-chain.com\\\/az\\\/gdpr-v%c9%99-m%c9%99lumatlarin-muhafiz%c9%99si-uzr%c9%99-konsaltinq\\\/#primaryimage\",\"url\":\"https:\\\/\\\/az.f-chain.com\\\/wp-content\\\/uploads\\\/2025\\\/07\\\/man-working-with-a-computer-general-data-protecti-2024-12-07-22-59-57-utc-scaled.jpg\",\"contentUrl\":\"https:\\\/\\\/az.f-chain.com\\\/wp-content\\\/uploads\\\/2025\\\/07\\\/man-working-with-a-computer-general-data-protecti-2024-12-07-22-59-57-utc-scaled.jpg\",\"width\":2560,\"height\":1707,\"caption\":\"EU GDPR. Man working with a computer, General Data Protection Regulation and European Union flag on the screen\"},{\"@type\":\"BreadcrumbList\",\"@id\":\"https:\\\/\\\/az.f-chain.com\\\/az\\\/gdpr-v%c9%99-m%c9%99lumatlarin-muhafiz%c9%99si-uzr%c9%99-konsaltinq\\\/#breadcrumb\",\"itemListElement\":[{\"@type\":\"ListItem\",\"position\":1,\"name\":\"Home\",\"item\":\"https:\\\/\\\/az.f-chain.com\\\/az\\\/\"},{\"@type\":\"ListItem\",\"position\":2,\"name\":\"GDPR v\u0259 m\u0259lumatlar\u0131n m\u00fchafiz\u0259si \u00fczr\u0259 konsaltinq\"}]},{\"@type\":\"WebSite\",\"@id\":\"https:\\\/\\\/az.f-chain.com\\\/#website\",\"url\":\"https:\\\/\\\/az.f-chain.com\\\/\",\"name\":\"FChain\",\"description\":\"Azerbaijan\",\"potentialAction\":[{\"@type\":\"SearchAction\",\"target\":{\"@type\":\"EntryPoint\",\"urlTemplate\":\"https:\\\/\\\/az.f-chain.com\\\/?s={search_term_string}\"},\"query-input\":{\"@type\":\"PropertyValueSpecification\",\"valueRequired\":true,\"valueName\":\"search_term_string\"}}],\"inLanguage\":\"az\"}]}<\/script>\n<!-- \/ Yoast SEO plugin. -->","yoast_head_json":{"title":"GDPR v\u0259 m\u0259lumatlar\u0131n m\u00fchafiz\u0259si \u00fczr\u0259 konsaltinq - FChain","robots":{"index":"index","follow":"follow","max-snippet":"max-snippet:-1","max-image-preview":"max-image-preview:large","max-video-preview":"max-video-preview:-1"},"canonical":"https:\/\/az.f-chain.com\/az\/gdpr-v\u0259-m\u0259lumatlarin-muhafiz\u0259si-uzr\u0259-konsaltinq\/","og_locale":"az_AZ","og_type":"article","og_title":"GDPR v\u0259 m\u0259lumatlar\u0131n m\u00fchafiz\u0259si \u00fczr\u0259 konsaltinq - FChain","og_description":"[vc_row][vc_column][vc_column_text]Financial Chain Corporation (FCHAIN) \u015firk\u0259tl\u0259r\u0259 A\u0130 \u00dcmumi M\u0259lumatlar\u0131n M\u00fchafiz\u0259si Qaydas\u0131na (GDPR) v\u0259 m\u00fcvafiq yerli m\u0259lumatlar\u0131n m\u00fchafiz\u0259si qanunlar\u0131na \u0259m\u0259l etm\u0259l\u0259rin\u0259 k\u00f6m\u0259k etm\u0259k \u00fc\u00e7\u00fcn ekspert h\u00fcquqi t\u0259limatlar t\u0259qdim edir. Yurisdiksiyalar \u00fczr\u0259 d\u0259yi\u015f\u0259n m\u0259lumatlar\u0131n qorunmas\u0131 \u00f6hd\u0259likl\u0259ri il\u0259 biz \u015firk\u0259tiniz\u0259 qanuni, \u015f\u0259ffaf v\u0259 minimum h\u00fcquqi riskl\u0259 f\u0259aliyy\u0259t g\u00f6st\u0259rm\u0259y\u0259 k\u00f6m\u0259k edirik. Xidm\u0259tl\u0259rimiz h\u0259m yerli, h\u0259m d\u0259 beyn\u0259lxalq s\u0259viyy\u0259d\u0259 \u015f\u0259xsi m\u0259lumatlar\u0131","og_url":"https:\/\/az.f-chain.com\/az\/gdpr-v\u0259-m\u0259lumatlarin-muhafiz\u0259si-uzr\u0259-konsaltinq\/","og_site_name":"FChain","article_modified_time":"2025-09-30T08:10:00+00:00","og_image":[{"width":2560,"height":1707,"url":"https:\/\/az.f-chain.com\/wp-content\/uploads\/2025\/07\/man-working-with-a-computer-general-data-protecti-2024-12-07-22-59-57-utc-scaled.jpg","type":"image\/jpeg"}],"twitter_card":"summary_large_image","schema":{"@context":"https:\/\/schema.org","@graph":[{"@type":"WebPage","@id":"https:\/\/az.f-chain.com\/az\/gdpr-v%c9%99-m%c9%99lumatlarin-muhafiz%c9%99si-uzr%c9%99-konsaltinq\/","url":"https:\/\/az.f-chain.com\/az\/gdpr-v%c9%99-m%c9%99lumatlarin-muhafiz%c9%99si-uzr%c9%99-konsaltinq\/","name":"GDPR v\u0259 m\u0259lumatlar\u0131n m\u00fchafiz\u0259si \u00fczr\u0259 konsaltinq - FChain","isPartOf":{"@id":"https:\/\/az.f-chain.com\/#website"},"primaryImageOfPage":{"@id":"https:\/\/az.f-chain.com\/az\/gdpr-v%c9%99-m%c9%99lumatlarin-muhafiz%c9%99si-uzr%c9%99-konsaltinq\/#primaryimage"},"image":{"@id":"https:\/\/az.f-chain.com\/az\/gdpr-v%c9%99-m%c9%99lumatlarin-muhafiz%c9%99si-uzr%c9%99-konsaltinq\/#primaryimage"},"thumbnailUrl":"https:\/\/az.f-chain.com\/wp-content\/uploads\/2025\/07\/man-working-with-a-computer-general-data-protecti-2024-12-07-22-59-57-utc-scaled.jpg","datePublished":"2025-09-30T07:06:44+00:00","dateModified":"2025-09-30T08:10:00+00:00","breadcrumb":{"@id":"https:\/\/az.f-chain.com\/az\/gdpr-v%c9%99-m%c9%99lumatlarin-muhafiz%c9%99si-uzr%c9%99-konsaltinq\/#breadcrumb"},"inLanguage":"az","potentialAction":[{"@type":"ReadAction","target":["https:\/\/az.f-chain.com\/az\/gdpr-v%c9%99-m%c9%99lumatlarin-muhafiz%c9%99si-uzr%c9%99-konsaltinq\/"]}]},{"@type":"ImageObject","inLanguage":"az","@id":"https:\/\/az.f-chain.com\/az\/gdpr-v%c9%99-m%c9%99lumatlarin-muhafiz%c9%99si-uzr%c9%99-konsaltinq\/#primaryimage","url":"https:\/\/az.f-chain.com\/wp-content\/uploads\/2025\/07\/man-working-with-a-computer-general-data-protecti-2024-12-07-22-59-57-utc-scaled.jpg","contentUrl":"https:\/\/az.f-chain.com\/wp-content\/uploads\/2025\/07\/man-working-with-a-computer-general-data-protecti-2024-12-07-22-59-57-utc-scaled.jpg","width":2560,"height":1707,"caption":"EU GDPR. Man working with a computer, General Data Protection Regulation and European Union flag on the screen"},{"@type":"BreadcrumbList","@id":"https:\/\/az.f-chain.com\/az\/gdpr-v%c9%99-m%c9%99lumatlarin-muhafiz%c9%99si-uzr%c9%99-konsaltinq\/#breadcrumb","itemListElement":[{"@type":"ListItem","position":1,"name":"Home","item":"https:\/\/az.f-chain.com\/az\/"},{"@type":"ListItem","position":2,"name":"GDPR v\u0259 m\u0259lumatlar\u0131n m\u00fchafiz\u0259si \u00fczr\u0259 konsaltinq"}]},{"@type":"WebSite","@id":"https:\/\/az.f-chain.com\/#website","url":"https:\/\/az.f-chain.com\/","name":"FChain","description":"Azerbaijan","potentialAction":[{"@type":"SearchAction","target":{"@type":"EntryPoint","urlTemplate":"https:\/\/az.f-chain.com\/?s={search_term_string}"},"query-input":{"@type":"PropertyValueSpecification","valueRequired":true,"valueName":"search_term_string"}}],"inLanguage":"az"}]}},"_links":{"self":[{"href":"https:\/\/az.f-chain.com\/az\/wp-json\/wp\/v2\/pages\/55984","targetHints":{"allow":["GET"]}}],"collection":[{"href":"https:\/\/az.f-chain.com\/az\/wp-json\/wp\/v2\/pages"}],"about":[{"href":"https:\/\/az.f-chain.com\/az\/wp-json\/wp\/v2\/types\/page"}],"author":[{"embeddable":true,"href":"https:\/\/az.f-chain.com\/az\/wp-json\/wp\/v2\/users\/6"}],"replies":[{"embeddable":true,"href":"https:\/\/az.f-chain.com\/az\/wp-json\/wp\/v2\/comments?post=55984"}],"version-history":[{"count":1,"href":"https:\/\/az.f-chain.com\/az\/wp-json\/wp\/v2\/pages\/55984\/revisions"}],"predecessor-version":[{"id":55985,"href":"https:\/\/az.f-chain.com\/az\/wp-json\/wp\/v2\/pages\/55984\/revisions\/55985"}],"wp:featuredmedia":[{"embeddable":true,"href":"https:\/\/az.f-chain.com\/az\/wp-json\/wp\/v2\/media\/55326"}],"wp:attachment":[{"href":"https:\/\/az.f-chain.com\/az\/wp-json\/wp\/v2\/media?parent=55984"}],"curies":[{"name":"wp","href":"https:\/\/api.w.org\/{rel}","templated":true}]}}