{"id":55981,"date":"2025-09-30T10:01:10","date_gmt":"2025-09-30T07:01:10","guid":{"rendered":"https:\/\/az.f-chain.com\/?page_id=55981"},"modified":"2025-09-30T10:03:08","modified_gmt":"2025-09-30T07:03:08","slug":"beyn%c9%99lxalq-arbitraj-v%c9%99-vasit%c9%99cilik","status":"publish","type":"page","link":"https:\/\/az.f-chain.com\/az\/beyn%c9%99lxalq-arbitraj-v%c9%99-vasit%c9%99cilik\/","title":{"rendered":"Beyn\u0259lxalq Arbitraj v\u0259 Vasit\u0259\u00e7ilik"},"content":{"rendered":"<div class=\"wpb-content-wrapper\"><p>[vc_row][vc_column][vc_column_text]<strong>Financial Chain Corporation (FCHAIN)<\/strong> <strong>beyn\u0259lxalq arbitraj v\u0259 vasit\u0259\u00e7ilik<\/strong> sah\u0259sind\u0259 pe\u015f\u0259kar h\u00fcquqi t\u0259msil\u00e7ilik v\u0259 strateji m\u0259sl\u0259h\u0259tl\u0259r verir, transs\u0259rh\u0259d m\u00fcbahis\u0259l\u0259rinin h\u0259llind\u0259 \u015firk\u0259tl\u0259r\u0259 \u0259n\u0259n\u0259vi m\u0259hk\u0259m\u0259 prosesl\u0259rin\u0259 effektiv alternativl\u0259r t\u0259klif edir. Bu m\u00fcbahis\u0259l\u0259rin h\u0259lli mexanizml\u0259ri t\u0259r\u0259fl\u0259rin m\u00fcxt\u0259lif h\u00fcquq sisteml\u0259ri alt\u0131nda f\u0259aliyy\u0259t g\u00f6st\u0259rdiyi beyn\u0259lxalq kommersiya m\u00fcnasib\u0259tl\u0259rind\u0259 x\u00fcsusil\u0259 d\u0259y\u0259rlidir.<\/p>\n<p>M\u00fcbahis\u0259l\u0259rin h\u0259lli \u00fczr\u0259 beyn\u0259lxalq standartlara v\u0259 protokollara uy\u011fun olaraq onlar\u0131n maraqlar\u0131n\u0131n qorunmas\u0131n\u0131 t\u0259min ed\u0259r\u0259k, m\u00fc\u015ft\u0259ril\u0259r\u0259 m\u00fcr\u0259kk\u0259b h\u00fcquqi m\u00fchitl\u0259rd\u0259 h\u0259r\u0259k\u0259t etm\u0259kd\u0259 k\u00f6m\u0259k edirik.[\/vc_column_text][\/vc_column][\/vc_row][vc_row equal_height=&#8221;yes&#8221; content_placement=&#8221;middle&#8221; css_animation=&#8221;bounceInLeft&#8221;][vc_column width=&#8221;1\/2&#8243;][vc_column_text]<strong>Xidm\u0259tl\u0259rimiz\u0259 a\u015fa\u011f\u0131dak\u0131lar daxildir:<\/strong><\/p>\n<ul>\n<li><strong>Beyn\u0259lxalq arbitrajda t\u0259msil\u00e7ilik<\/strong><br \/>\nM\u00fc\u015ft\u0259ril\u0259r ad\u0131ndan \u0259sas arbitraj institutlar\u0131nda (m\u0259s\u0259l\u0259n, ICC, LCIA, SCC, UNCITRAL) \u00e7\u0131x\u0131\u015f ed\u0259r\u0259k, biz iddialar haz\u0131rlay\u0131r, i\u015f strategiyalar\u0131 haz\u0131rlay\u0131r v\u0259 ba\u015flan\u011f\u0131cdan icraya q\u0259d\u0259r prosesl\u0259ri idar\u0259 edirik.<\/li>\n<li><strong>Vasit\u0259\u00e7ilik v\u0259 m\u00fcbahis\u0259l\u0259rin alternativ h\u0259lli (ADR)<\/strong><br \/>\nBiz m\u00fc\u015ft\u0259ril\u0259r\u0259 strukturla\u015fd\u0131r\u0131lm\u0131\u015f vasit\u0259\u00e7ilik prosesl\u0259ri vasit\u0259sil\u0259 d\u0259st\u0259k veririk, m\u00fcbahis\u0259l\u0259ri s\u00fclh yolu il\u0259 h\u0259ll etm\u0259y\u0259 v\u0259 r\u0259smi m\u0259hk\u0259m\u0259 \u00e7\u0259ki\u015fm\u0259l\u0259rinin vaxt v\u0259 x\u0259rcl\u0259rind\u0259n qa\u00e7ma\u011fa k\u00f6m\u0259k edirik.<\/li>\n<li><strong>Arbitraj m\u00fcdd\u0259alar\u0131n\u0131n t\u0259rtib edilm\u0259si v\u0259 m\u0259cburi icras\u0131<\/strong><br \/>\nG\u0259l\u0259c\u0259k m\u00fcbahis\u0259l\u0259rin proqnozla\u015fd\u0131r\u0131la bil\u0259n v\u0259 s\u0259m\u0259r\u0259li h\u0259llini t\u0259min etm\u0259k \u00fc\u00e7\u00fcn kommersiya m\u00fcqavil\u0259l\u0259rind\u0259 ayd\u0131n v\u0259 icra edil\u0259 bil\u0259n arbitraj m\u00fcdd\u0259alar\u0131n\u0131n t\u0259rtib edilm\u0259sin\u0259 k\u00f6m\u0259k edirik.<\/li>\n<li><strong>H\u00fcquqi strategiya v\u0259 riskl\u0259rin qiym\u0259tl\u0259ndirilm\u0259si<\/strong><br \/>\n\u0130\u015fin maddi v\u0259ziyy\u0259tinin qiym\u0259tl\u0259ndirilm\u0259si, prosessual qaydalar \u00fczr\u0259 m\u0259sl\u0259h\u0259tl\u0259r, arbitraj v\u0259 ya vasit\u0259\u00e7ilik \u00fc\u00e7\u00fcn m\u00fcvafiq yerin v\u0259 m\u00fcvafiq qanunun se\u00e7ilm\u0259si.<\/li>\n<li><strong>Arbitraj q\u0259rarlar\u0131n\u0131n transs\u0259rh\u0259d icras\u0131<\/strong><br \/>\nNyu-York Konvensiyas\u0131 kimi beyn\u0259lxalq m\u00fcqavil\u0259l\u0259r\u0259 uy\u011fun olaraq m\u00fcxt\u0259lif yurisdiksiyalarda arbitraj q\u0259rarlar\u0131n\u0131n v\u0259 vasit\u0259\u00e7ilik m\u00fcqavil\u0259l\u0259rinin tan\u0131nmas\u0131 v\u0259 icras\u0131na dair t\u0259limat v\u0259 h\u00fcquqi d\u0259st\u0259k.<\/li>\n<\/ul>\n<p>[\/vc_column_text][\/vc_column][vc_column width=&#8221;1\/2&#8243;][vc_single_image image=&#8221;55363&#8243; img_size=&#8221;full&#8221;][\/vc_column][\/vc_row][vc_row css_animation=&#8221;bounceInDown&#8221;][vc_column][vc_column_text]Beyn\u0259lxalq arbitraj v\u0259 vasit\u0259\u00e7ilik t\u0259l\u0259bl\u0259riniz \u00fc\u00e7\u00fcn FCHAIN-i se\u00e7m\u0259kl\u0259 siz s\u0259m\u0259r\u0259lilik, m\u0259xfilik v\u0259 m\u00fcbahis\u0259l\u0259rin effektiv h\u0259llin\u0259 \u00fcst\u00fcnl\u00fck ver\u0259n t\u0259cr\u00fcb\u0259li h\u00fcquq\u015f\u00fcnaslara \u00e7\u0131x\u0131\u015f \u0259ld\u0259 edirsiniz.[\/vc_column_text][\/vc_column][\/vc_row]<\/p>\n<\/div>","protected":false},"excerpt":{"rendered":"<p>[vc_row][vc_column][vc_column_text]Financial Chain Corporation (FCHAIN) beyn\u0259lxalq arbitraj v\u0259 vasit\u0259\u00e7ilik sah\u0259sind\u0259 pe\u015f\u0259kar h\u00fcquqi t\u0259msil\u00e7ilik v\u0259 strateji m\u0259sl\u0259h\u0259tl\u0259r verir, transs\u0259rh\u0259d m\u00fcbahis\u0259l\u0259rinin h\u0259llind\u0259 \u015firk\u0259tl\u0259r\u0259 \u0259n\u0259n\u0259vi m\u0259hk\u0259m\u0259 prosesl\u0259rin\u0259 effektiv alternativl\u0259r t\u0259klif edir. Bu m\u00fcbahis\u0259l\u0259rin h\u0259lli mexanizml\u0259ri t\u0259r\u0259fl\u0259rin m\u00fcxt\u0259lif h\u00fcquq sisteml\u0259ri alt\u0131nda f\u0259aliyy\u0259t g\u00f6st\u0259rdiyi beyn\u0259lxalq kommersiya m\u00fcnasib\u0259tl\u0259rind\u0259 x\u00fcsusil\u0259 d\u0259y\u0259rlidir. M\u00fcbahis\u0259l\u0259rin h\u0259lli \u00fczr\u0259 beyn\u0259lxalq standartlara v\u0259 protokollara uy\u011fun olaraq onlar\u0131n maraqlar\u0131n\u0131n qorunmas\u0131n\u0131<\/p>\n","protected":false},"author":6,"featured_media":55364,"parent":0,"menu_order":0,"comment_status":"closed","ping_status":"closed","template":"","meta":{"_acf_changed":false,"footnotes":""},"class_list":["post-55981","page","type-page","status-publish","hentry"],"acf":[],"yoast_head":"<!-- This site is optimized with the Yoast SEO plugin v27.3 - https:\/\/yoast.com\/product\/yoast-seo-wordpress\/ -->\n<title>Beyn\u0259lxalq Arbitraj v\u0259 Vasit\u0259\u00e7ilik - FChain<\/title>\n<meta name=\"robots\" content=\"index, follow, max-snippet:-1, max-image-preview:large, max-video-preview:-1\" \/>\n<link rel=\"canonical\" href=\"https:\/\/az.f-chain.com\/az\/beyn\u0259lxalq-arbitraj-v\u0259-vasit\u0259cilik\/\" \/>\n<meta property=\"og:locale\" content=\"az_AZ\" \/>\n<meta property=\"og:type\" content=\"article\" \/>\n<meta property=\"og:title\" content=\"Beyn\u0259lxalq Arbitraj v\u0259 Vasit\u0259\u00e7ilik - FChain\" \/>\n<meta property=\"og:description\" content=\"[vc_row][vc_column][vc_column_text]Financial Chain Corporation (FCHAIN) beyn\u0259lxalq arbitraj v\u0259 vasit\u0259\u00e7ilik sah\u0259sind\u0259 pe\u015f\u0259kar h\u00fcquqi t\u0259msil\u00e7ilik v\u0259 strateji m\u0259sl\u0259h\u0259tl\u0259r verir, transs\u0259rh\u0259d m\u00fcbahis\u0259l\u0259rinin h\u0259llind\u0259 \u015firk\u0259tl\u0259r\u0259 \u0259n\u0259n\u0259vi m\u0259hk\u0259m\u0259 prosesl\u0259rin\u0259 effektiv alternativl\u0259r t\u0259klif edir. Bu m\u00fcbahis\u0259l\u0259rin h\u0259lli mexanizml\u0259ri t\u0259r\u0259fl\u0259rin m\u00fcxt\u0259lif h\u00fcquq sisteml\u0259ri alt\u0131nda f\u0259aliyy\u0259t g\u00f6st\u0259rdiyi beyn\u0259lxalq kommersiya m\u00fcnasib\u0259tl\u0259rind\u0259 x\u00fcsusil\u0259 d\u0259y\u0259rlidir. M\u00fcbahis\u0259l\u0259rin h\u0259lli \u00fczr\u0259 beyn\u0259lxalq standartlara v\u0259 protokollara uy\u011fun olaraq onlar\u0131n maraqlar\u0131n\u0131n qorunmas\u0131n\u0131\" \/>\n<meta property=\"og:url\" content=\"https:\/\/az.f-chain.com\/az\/beyn\u0259lxalq-arbitraj-v\u0259-vasit\u0259cilik\/\" \/>\n<meta property=\"og:site_name\" content=\"FChain\" \/>\n<meta property=\"article:modified_time\" content=\"2025-09-30T07:03:08+00:00\" \/>\n<meta property=\"og:image\" content=\"https:\/\/az.f-chain.com\/wp-content\/uploads\/2025\/07\/business-objects-on-table-2025-03-10-06-04-47-utc-scaled.jpg\" \/>\n\t<meta property=\"og:image:width\" content=\"2560\" \/>\n\t<meta property=\"og:image:height\" content=\"1707\" \/>\n\t<meta property=\"og:image:type\" content=\"image\/jpeg\" \/>\n<meta name=\"twitter:card\" content=\"summary_large_image\" \/>\n<script type=\"application\/ld+json\" class=\"yoast-schema-graph\">{\"@context\":\"https:\\\/\\\/schema.org\",\"@graph\":[{\"@type\":\"WebPage\",\"@id\":\"https:\\\/\\\/az.f-chain.com\\\/az\\\/beyn%c9%99lxalq-arbitraj-v%c9%99-vasit%c9%99cilik\\\/\",\"url\":\"https:\\\/\\\/az.f-chain.com\\\/az\\\/beyn%c9%99lxalq-arbitraj-v%c9%99-vasit%c9%99cilik\\\/\",\"name\":\"Beyn\u0259lxalq Arbitraj v\u0259 Vasit\u0259\u00e7ilik - FChain\",\"isPartOf\":{\"@id\":\"https:\\\/\\\/az.f-chain.com\\\/#website\"},\"primaryImageOfPage\":{\"@id\":\"https:\\\/\\\/az.f-chain.com\\\/az\\\/beyn%c9%99lxalq-arbitraj-v%c9%99-vasit%c9%99cilik\\\/#primaryimage\"},\"image\":{\"@id\":\"https:\\\/\\\/az.f-chain.com\\\/az\\\/beyn%c9%99lxalq-arbitraj-v%c9%99-vasit%c9%99cilik\\\/#primaryimage\"},\"thumbnailUrl\":\"https:\\\/\\\/az.f-chain.com\\\/wp-content\\\/uploads\\\/2025\\\/07\\\/business-objects-on-table-2025-03-10-06-04-47-utc-scaled.jpg\",\"datePublished\":\"2025-09-30T07:01:10+00:00\",\"dateModified\":\"2025-09-30T07:03:08+00:00\",\"breadcrumb\":{\"@id\":\"https:\\\/\\\/az.f-chain.com\\\/az\\\/beyn%c9%99lxalq-arbitraj-v%c9%99-vasit%c9%99cilik\\\/#breadcrumb\"},\"inLanguage\":\"az\",\"potentialAction\":[{\"@type\":\"ReadAction\",\"target\":[\"https:\\\/\\\/az.f-chain.com\\\/az\\\/beyn%c9%99lxalq-arbitraj-v%c9%99-vasit%c9%99cilik\\\/\"]}]},{\"@type\":\"ImageObject\",\"inLanguage\":\"az\",\"@id\":\"https:\\\/\\\/az.f-chain.com\\\/az\\\/beyn%c9%99lxalq-arbitraj-v%c9%99-vasit%c9%99cilik\\\/#primaryimage\",\"url\":\"https:\\\/\\\/az.f-chain.com\\\/wp-content\\\/uploads\\\/2025\\\/07\\\/business-objects-on-table-2025-03-10-06-04-47-utc-scaled.jpg\",\"contentUrl\":\"https:\\\/\\\/az.f-chain.com\\\/wp-content\\\/uploads\\\/2025\\\/07\\\/business-objects-on-table-2025-03-10-06-04-47-utc-scaled.jpg\",\"width\":2560,\"height\":1707,\"caption\":\"Business documents, plastic bottles of water, glasses and microphones along table and chairs near by in conference hall\"},{\"@type\":\"BreadcrumbList\",\"@id\":\"https:\\\/\\\/az.f-chain.com\\\/az\\\/beyn%c9%99lxalq-arbitraj-v%c9%99-vasit%c9%99cilik\\\/#breadcrumb\",\"itemListElement\":[{\"@type\":\"ListItem\",\"position\":1,\"name\":\"Home\",\"item\":\"https:\\\/\\\/az.f-chain.com\\\/az\\\/\"},{\"@type\":\"ListItem\",\"position\":2,\"name\":\"Beyn\u0259lxalq Arbitraj v\u0259 Vasit\u0259\u00e7ilik\"}]},{\"@type\":\"WebSite\",\"@id\":\"https:\\\/\\\/az.f-chain.com\\\/#website\",\"url\":\"https:\\\/\\\/az.f-chain.com\\\/\",\"name\":\"FChain\",\"description\":\"Azerbaijan\",\"potentialAction\":[{\"@type\":\"SearchAction\",\"target\":{\"@type\":\"EntryPoint\",\"urlTemplate\":\"https:\\\/\\\/az.f-chain.com\\\/?s={search_term_string}\"},\"query-input\":{\"@type\":\"PropertyValueSpecification\",\"valueRequired\":true,\"valueName\":\"search_term_string\"}}],\"inLanguage\":\"az\"}]}<\/script>\n<!-- \/ Yoast SEO plugin. -->","yoast_head_json":{"title":"Beyn\u0259lxalq Arbitraj v\u0259 Vasit\u0259\u00e7ilik - FChain","robots":{"index":"index","follow":"follow","max-snippet":"max-snippet:-1","max-image-preview":"max-image-preview:large","max-video-preview":"max-video-preview:-1"},"canonical":"https:\/\/az.f-chain.com\/az\/beyn\u0259lxalq-arbitraj-v\u0259-vasit\u0259cilik\/","og_locale":"az_AZ","og_type":"article","og_title":"Beyn\u0259lxalq Arbitraj v\u0259 Vasit\u0259\u00e7ilik - FChain","og_description":"[vc_row][vc_column][vc_column_text]Financial Chain Corporation (FCHAIN) beyn\u0259lxalq arbitraj v\u0259 vasit\u0259\u00e7ilik sah\u0259sind\u0259 pe\u015f\u0259kar h\u00fcquqi t\u0259msil\u00e7ilik v\u0259 strateji m\u0259sl\u0259h\u0259tl\u0259r verir, transs\u0259rh\u0259d m\u00fcbahis\u0259l\u0259rinin h\u0259llind\u0259 \u015firk\u0259tl\u0259r\u0259 \u0259n\u0259n\u0259vi m\u0259hk\u0259m\u0259 prosesl\u0259rin\u0259 effektiv alternativl\u0259r t\u0259klif edir. Bu m\u00fcbahis\u0259l\u0259rin h\u0259lli mexanizml\u0259ri t\u0259r\u0259fl\u0259rin m\u00fcxt\u0259lif h\u00fcquq sisteml\u0259ri alt\u0131nda f\u0259aliyy\u0259t g\u00f6st\u0259rdiyi beyn\u0259lxalq kommersiya m\u00fcnasib\u0259tl\u0259rind\u0259 x\u00fcsusil\u0259 d\u0259y\u0259rlidir. M\u00fcbahis\u0259l\u0259rin h\u0259lli \u00fczr\u0259 beyn\u0259lxalq standartlara v\u0259 protokollara uy\u011fun olaraq onlar\u0131n maraqlar\u0131n\u0131n qorunmas\u0131n\u0131","og_url":"https:\/\/az.f-chain.com\/az\/beyn\u0259lxalq-arbitraj-v\u0259-vasit\u0259cilik\/","og_site_name":"FChain","article_modified_time":"2025-09-30T07:03:08+00:00","og_image":[{"width":2560,"height":1707,"url":"https:\/\/az.f-chain.com\/wp-content\/uploads\/2025\/07\/business-objects-on-table-2025-03-10-06-04-47-utc-scaled.jpg","type":"image\/jpeg"}],"twitter_card":"summary_large_image","schema":{"@context":"https:\/\/schema.org","@graph":[{"@type":"WebPage","@id":"https:\/\/az.f-chain.com\/az\/beyn%c9%99lxalq-arbitraj-v%c9%99-vasit%c9%99cilik\/","url":"https:\/\/az.f-chain.com\/az\/beyn%c9%99lxalq-arbitraj-v%c9%99-vasit%c9%99cilik\/","name":"Beyn\u0259lxalq Arbitraj v\u0259 Vasit\u0259\u00e7ilik - FChain","isPartOf":{"@id":"https:\/\/az.f-chain.com\/#website"},"primaryImageOfPage":{"@id":"https:\/\/az.f-chain.com\/az\/beyn%c9%99lxalq-arbitraj-v%c9%99-vasit%c9%99cilik\/#primaryimage"},"image":{"@id":"https:\/\/az.f-chain.com\/az\/beyn%c9%99lxalq-arbitraj-v%c9%99-vasit%c9%99cilik\/#primaryimage"},"thumbnailUrl":"https:\/\/az.f-chain.com\/wp-content\/uploads\/2025\/07\/business-objects-on-table-2025-03-10-06-04-47-utc-scaled.jpg","datePublished":"2025-09-30T07:01:10+00:00","dateModified":"2025-09-30T07:03:08+00:00","breadcrumb":{"@id":"https:\/\/az.f-chain.com\/az\/beyn%c9%99lxalq-arbitraj-v%c9%99-vasit%c9%99cilik\/#breadcrumb"},"inLanguage":"az","potentialAction":[{"@type":"ReadAction","target":["https:\/\/az.f-chain.com\/az\/beyn%c9%99lxalq-arbitraj-v%c9%99-vasit%c9%99cilik\/"]}]},{"@type":"ImageObject","inLanguage":"az","@id":"https:\/\/az.f-chain.com\/az\/beyn%c9%99lxalq-arbitraj-v%c9%99-vasit%c9%99cilik\/#primaryimage","url":"https:\/\/az.f-chain.com\/wp-content\/uploads\/2025\/07\/business-objects-on-table-2025-03-10-06-04-47-utc-scaled.jpg","contentUrl":"https:\/\/az.f-chain.com\/wp-content\/uploads\/2025\/07\/business-objects-on-table-2025-03-10-06-04-47-utc-scaled.jpg","width":2560,"height":1707,"caption":"Business documents, plastic bottles of water, glasses and microphones along table and chairs near by in conference hall"},{"@type":"BreadcrumbList","@id":"https:\/\/az.f-chain.com\/az\/beyn%c9%99lxalq-arbitraj-v%c9%99-vasit%c9%99cilik\/#breadcrumb","itemListElement":[{"@type":"ListItem","position":1,"name":"Home","item":"https:\/\/az.f-chain.com\/az\/"},{"@type":"ListItem","position":2,"name":"Beyn\u0259lxalq Arbitraj v\u0259 Vasit\u0259\u00e7ilik"}]},{"@type":"WebSite","@id":"https:\/\/az.f-chain.com\/#website","url":"https:\/\/az.f-chain.com\/","name":"FChain","description":"Azerbaijan","potentialAction":[{"@type":"SearchAction","target":{"@type":"EntryPoint","urlTemplate":"https:\/\/az.f-chain.com\/?s={search_term_string}"},"query-input":{"@type":"PropertyValueSpecification","valueRequired":true,"valueName":"search_term_string"}}],"inLanguage":"az"}]}},"_links":{"self":[{"href":"https:\/\/az.f-chain.com\/az\/wp-json\/wp\/v2\/pages\/55981","targetHints":{"allow":["GET"]}}],"collection":[{"href":"https:\/\/az.f-chain.com\/az\/wp-json\/wp\/v2\/pages"}],"about":[{"href":"https:\/\/az.f-chain.com\/az\/wp-json\/wp\/v2\/types\/page"}],"author":[{"embeddable":true,"href":"https:\/\/az.f-chain.com\/az\/wp-json\/wp\/v2\/users\/6"}],"replies":[{"embeddable":true,"href":"https:\/\/az.f-chain.com\/az\/wp-json\/wp\/v2\/comments?post=55981"}],"version-history":[{"count":2,"href":"https:\/\/az.f-chain.com\/az\/wp-json\/wp\/v2\/pages\/55981\/revisions"}],"predecessor-version":[{"id":55983,"href":"https:\/\/az.f-chain.com\/az\/wp-json\/wp\/v2\/pages\/55981\/revisions\/55983"}],"wp:featuredmedia":[{"embeddable":true,"href":"https:\/\/az.f-chain.com\/az\/wp-json\/wp\/v2\/media\/55364"}],"wp:attachment":[{"href":"https:\/\/az.f-chain.com\/az\/wp-json\/wp\/v2\/media?parent=55981"}],"curies":[{"name":"wp","href":"https:\/\/api.w.org\/{rel}","templated":true}]}}