{"id":55978,"date":"2025-09-30T09:55:24","date_gmt":"2025-09-30T06:55:24","guid":{"rendered":"https:\/\/az.f-chain.com\/?page_id=55978"},"modified":"2025-09-30T09:55:24","modified_gmt":"2025-09-30T06:55:24","slug":"beyn%c9%99lxalq-ticar%c9%99t-v%c9%99-gomruk-sah%c9%99sind%c9%99-huquqi-d%c9%99st%c9%99k","status":"publish","type":"page","link":"https:\/\/az.f-chain.com\/az\/beyn%c9%99lxalq-ticar%c9%99t-v%c9%99-gomruk-sah%c9%99sind%c9%99-huquqi-d%c9%99st%c9%99k\/","title":{"rendered":"Beyn\u0259lxalq ticar\u0259t v\u0259 g\u00f6mr\u00fck sah\u0259sind\u0259 h\u00fcquqi d\u0259st\u0259k"},"content":{"rendered":"<div class=\"wpb-content-wrapper\"><p>[vc_row][vc_column][vc_column_text]<strong>Financial Chain Corporation (FCHAIN<\/strong><strong>)<\/strong> beyn\u0259lxalq ticar\u0259tl\u0259 m\u0259\u015f\u011ful olan \u015firk\u0259tl\u0259r\u0259 h\u0259rt\u0259r\u0259fli h\u00fcquqi yard\u0131m t\u0259klif edir. Biz \u015firk\u0259tl\u0259r\u0259 ticar\u0259t, g\u00f6mr\u00fck, vergi v\u0259 maliyy\u0259 qaydalar\u0131na tam uy\u011funlu\u011fu t\u0259min etm\u0259kl\u0259, transs\u0259rh\u0259d \u0259m\u0259liyyatlar\u0131n qurulmas\u0131nda v\u0259 h\u0259yata ke\u00e7irilm\u0259sind\u0259 k\u00f6m\u0259k edirik. Az\u0259rbaycana mal idxal etm\u0259yinizd\u0259n v\u0259 ya d\u00fcnya bazarlar\u0131na ixrac etm\u0259yinizd\u0259n as\u0131l\u0131 olmayaraq, h\u00fcquq komandam\u0131z h\u0259r m\u0259rh\u0259l\u0259d\u0259 sizin kommersiya maraqlar\u0131n\u0131z\u0131 qoruyur.<\/p>\n<p>Bizim xidm\u0259tl\u0259rimiz m\u00fcr\u0259kk\u0259b normativ h\u00fcquqi m\u00fchitd\u0259 f\u0259aliyy\u0259t g\u00f6st\u0259rm\u0259li, h\u00fcquqi riskl\u0259ri azaltmal\u0131 v\u0259 r\u0259van v\u0259 qanuni beyn\u0259lxalq \u0259m\u0259liyyatlar\u0131 t\u0259min etm\u0259li olan \u015firk\u0259tl\u0259r\u0259 y\u00f6n\u0259ldilmi\u015fdir.[\/vc_column_text][\/vc_column][\/vc_row][vc_row equal_height=&#8221;yes&#8221; content_placement=&#8221;middle&#8221; css_animation=&#8221;bounceInLeft&#8221;][vc_column width=&#8221;1\/2&#8243;][vc_column_text]<strong>Xidm\u0259tl\u0259rimiz\u0259 a\u015fa\u011f\u0131dak\u0131lar daxildir:<\/strong><\/p>\n<p><strong>Transs\u0259rh\u0259d ticar\u0259t sazi\u015fl\u0259ri v\u0259 m\u00fcqavil\u0259l\u0259ri<\/strong><\/p>\n<p>Beyn\u0259lxalq sat\u0131\u015f m\u00fcqavil\u0259l\u0259rini, distributor m\u00fcqavil\u0259l\u0259ri, agentlik \u0259laq\u0259l\u0259ri v\u0259 CISG v\u0259 \u0130nkoterms kimi beyn\u0259lxalq standartlara uy\u011funluq \u00fc\u00e7\u00fcn \u00a0sat\u0131nalma \u015f\u0259rtl\u0259rini t\u0259rtib edir v\u0259 n\u0259z\u0259rd\u0259n ke\u00e7iririk.<\/p>\n<p><strong>Az\u0259rbaycanda g\u00f6mr\u00fck qaydalar\u0131na \u0259m\u0259l olunmas\u0131<\/strong><\/p>\n<p>Az\u0259rbaycanda g\u00f6mr\u00fck prosedurlar\u0131 <strong>Az\u0259rbaycan Respublikas\u0131n\u0131n G\u00f6mr\u00fck M\u0259c\u0259ll\u0259si<\/strong> il\u0259 t\u0259nziml\u0259nir v\u0259 \u00dcTT v\u0259 regional ticar\u0259t normalar\u0131na uy\u011fundur.<\/p>\n<p><strong>Beyn\u0259lxalq \u0259m\u0259liyyatlar\u0131n vergi strukturla\u015fd\u0131r\u0131lmas\u0131<\/strong><\/p>\n<p>Biz \u0259m\u0259liyyatlar\u0131n vergi s\u0259m\u0259r\u0259liliyinin n\u0259z\u0259r\u0259 al\u0131nmas\u0131, Az\u0259rbaycan\u0131n vergi qanunvericiliyin\u0259 v\u0259 q\u00fcvv\u0259d\u0259 olan ikiqat vergitutman\u0131n aradan qald\u0131r\u0131lmas\u0131 haqq\u0131nda m\u00fcqavil\u0259l\u0259r\u0259 (DTA) uy\u011funlu\u011funun t\u0259min edilm\u0259sin\u0259 k\u00f6m\u0259k edirik.[\/vc_column_text][vc_btn title=&#8221;DAHA \u018fTRAFLI&#8221; style=&#8221;outline&#8221; color=&#8221;danger&#8221; align=&#8221;center&#8221; link=&#8221;url:https%3A%2F%2Faz.f-chain.com%2Fen%2Finternational-private-law%2F|title:International%20(Private)%20Law&#8221;][\/vc_column][vc_column width=&#8221;1\/2&#8243;][vc_single_image image=&#8221;55383&#8243; img_size=&#8221;full&#8221;][\/vc_column][\/vc_row][vc_row equal_height=&#8221;yes&#8221; content_placement=&#8221;middle&#8221; css_animation=&#8221;bounceInRight&#8221;][vc_column width=&#8221;1\/2&#8243;][vc_single_image image=&#8221;55387&#8243; img_size=&#8221;full&#8221;][\/vc_column][vc_column width=&#8221;1\/2&#8243;][vc_column_text]Az\u0259rbaycanda g\u00f6mr\u00fck prosedurlar\u0131 beyn\u0259lxalq standartlara, o c\u00fcml\u0259d\u0259n <strong>\u00dcmumd\u00fcnya Ticar\u0259t T\u0259\u015fkilat\u0131n\u0131n (\u00dcTT)<\/strong> standartlar\u0131na v\u0259 regional ticar\u0259t sazi\u015fl\u0259rin\u0259 uy\u011funla\u015fd\u0131r\u0131lan <strong>Az\u0259rbaycan Respublikas\u0131n\u0131n G\u00f6mr\u00fck M\u0259c\u0259ll\u0259si<\/strong> il\u0259 t\u0259nziml\u0259nir. Qanunvericilik bazas\u0131 mallar\u0131n idxal\u0131, ixrac\u0131, tranziti v\u0259 m\u00fcv\u0259qq\u0259ti idxal\u0131n\u0131n b\u00fct\u00fcn aspektl\u0259rini \u0259hat\u0259 edir. G\u00f6mr\u00fckl\u0259 ba\u011fl\u0131 h\u00fcquqi xidm\u0259tl\u0259rimiz \u015firk\u0259tl\u0259r\u0259 bu prosedurlar\u0131 s\u0259m\u0259r\u0259li \u015f\u0259kild\u0259 idar\u0259 etm\u0259k, tam uy\u011funlu\u011fu t\u0259min etm\u0259k v\u0259 gecikm\u0259l\u0259rd\u0259n, c\u0259rim\u0259l\u0259rd\u0259n v\u0259 normativ \u00e7\u0259tinlikl\u0259rd\u0259n qa\u00e7maq \u00fc\u00e7\u00fcn n\u0259z\u0259rd\u0259 tutulub. G\u00f6mr\u00fckl\u0259 ba\u011fl\u0131 xidm\u0259tl\u0259rimiz\u0259 a\u015fa\u011f\u0131dak\u0131lar daxildir:<\/p>\n<ul>\n<li><strong>\u0130dxal\u0131n\/\u0130xrac\u0131n lisenziyala\u015fd\u0131r\u0131lmas\u0131 v\u0259 t\u0259snifat\u0131<\/strong><br \/>\nLaz\u0131mi lisenziyalar\u0131n al\u0131nmas\u0131na v\u0259 mallar\u0131n d\u0259qiq tarif t\u0259snifat\u0131n\u0131n t\u0259min edilm\u0259sin\u0259 k\u00f6m\u0259klik.<\/li>\n<li><strong>G\u00f6mr\u00fck b\u0259yannam\u0259l\u0259ri v\u0259 s\u0259n\u0259dl\u0259ri<\/strong><br \/>\nD\u0259qiqliyi t\u0259min etm\u0259k, gecikm\u0259 v\u0259 c\u0259rim\u0259l\u0259rd\u0259n qa\u00e7maq \u00fc\u00e7\u00fcn g\u00f6mr\u00fck b\u0259yannam\u0259l\u0259rinin v\u0259 m\u00fc\u015fayi\u0259tedici s\u0259n\u0259dl\u0259rin haz\u0131rlanmas\u0131, yoxlan\u0131lmas\u0131 v\u0259 t\u0259qdim edilm\u0259sind\u0259 h\u00fcquqi d\u0259st\u0259k.<\/li>\n<li><strong>R\u00fcsumlar, vergil\u0259r v\u0259 g\u00fcz\u0259\u015ftl\u0259r<\/strong><br \/>\nAz\u0259rbaycan qanunvericiliyin\u0259 uy\u011fun olaraq idxal r\u00fcsumlar\u0131, \u018fDV, aksizl\u0259r, habel\u0259 m\u00f6vcud stimul v\u0259 g\u00fcz\u0259\u015ftl\u0259r \u00fczr\u0259 m\u0259sl\u0259h\u0259tl\u0259r.<\/li>\n<li><strong>G\u00f6mr\u00fck orqanlar\u0131 il\u0259 m\u00fcbahis\u0259l\u0259rin h\u0259lli<\/strong><br \/>\nG\u00f6mr\u00fck m\u00fcbahis\u0259l\u0259rind\u0259 t\u0259msil\u00e7ilik, o c\u00fcml\u0259d\u0259n c\u0259rim\u0259l\u0259rd\u0259n, mallar\u0131n yoxlan\u0131lmas\u0131ndan v\u0259 g\u00f6t\u00fcr\u00fclm\u0259sind\u0259n \u015fikay\u0259tl\u0259r \u00fczr\u0259 t\u0259msil\u00e7ilik.<\/li>\n<li><strong>Sanksiyalara v\u0259 ticar\u0259t n\u0259zar\u0259tin\u0259 uy\u011funluq<\/strong><br \/>\n\u0130kili t\u0259yinatl\u0131 mallar, sanksiya rejiml\u0259ri v\u0259 \u00e7irkli pullar\u0131n yuyulmas\u0131na qar\u015f\u0131 (AML) t\u0259dbirl\u0259r d\u0259 daxil olmaqla, b\u00fct\u00fcn \u0259m\u0259liyyatlar\u0131n milli v\u0259 beyn\u0259lxalq ticar\u0259t m\u0259hdudiyy\u0259tl\u0259rin\u0259 uy\u011fun olmas\u0131n\u0131n t\u0259min edilm\u0259si.<\/li>\n<\/ul>\n<p>[\/vc_column_text][vc_btn title=&#8221;DAHA \u018fTRAFLI&#8221; style=&#8221;outline&#8221; color=&#8221;danger&#8221; align=&#8221;center&#8221; link=&#8221;url:https%3A%2F%2Faz.f-chain.com%2Fen%2Fjurisdiction-governing-law-consulting%2F|title:Jurisdiction%20%26%20Governing%20Law%20Consulting&#8221;][\/vc_column][\/vc_row][vc_row css_animation=&#8221;bounceInDown&#8221;][vc_column][vc_column_text]Beyn\u0259lxalq \u0259m\u0259liyyatlar d\u0259qiqlik, uy\u011funluq v\u0259 uzaqg\u00f6r\u0259nlik t\u0259l\u0259b edir. <strong>FCHAIN<\/strong> siz\u0259 qlobal bazarda inamla i\u015fl\u0259m\u0259k \u00fc\u00e7\u00fcn laz\u0131m olan h\u00fcquqi d\u0259st\u0259yi t\u0259min edir.[\/vc_column_text][\/vc_column][\/vc_row]<\/p>\n<\/div>","protected":false},"excerpt":{"rendered":"<p>[vc_row][vc_column][vc_column_text]Financial Chain Corporation (FCHAIN) beyn\u0259lxalq ticar\u0259tl\u0259 m\u0259\u015f\u011ful olan \u015firk\u0259tl\u0259r\u0259 h\u0259rt\u0259r\u0259fli h\u00fcquqi yard\u0131m t\u0259klif edir. Biz \u015firk\u0259tl\u0259r\u0259 ticar\u0259t, g\u00f6mr\u00fck, vergi v\u0259 maliyy\u0259 qaydalar\u0131na tam uy\u011funlu\u011fu t\u0259min etm\u0259kl\u0259, transs\u0259rh\u0259d \u0259m\u0259liyyatlar\u0131n qurulmas\u0131nda v\u0259 h\u0259yata ke\u00e7irilm\u0259sind\u0259 k\u00f6m\u0259k edirik. Az\u0259rbaycana mal idxal etm\u0259yinizd\u0259n v\u0259 ya d\u00fcnya bazarlar\u0131na ixrac etm\u0259yinizd\u0259n as\u0131l\u0131 olmayaraq, h\u00fcquq komandam\u0131z h\u0259r m\u0259rh\u0259l\u0259d\u0259 sizin kommersiya maraqlar\u0131n\u0131z\u0131 qoruyur. Bizim<\/p>\n","protected":false},"author":6,"featured_media":55384,"parent":0,"menu_order":0,"comment_status":"closed","ping_status":"closed","template":"","meta":{"_acf_changed":false,"footnotes":""},"class_list":["post-55978","page","type-page","status-publish","hentry"],"acf":[],"yoast_head":"<!-- This site is optimized with the Yoast SEO plugin v27.3 - https:\/\/yoast.com\/product\/yoast-seo-wordpress\/ -->\n<title>Beyn\u0259lxalq ticar\u0259t v\u0259 g\u00f6mr\u00fck sah\u0259sind\u0259 h\u00fcquqi d\u0259st\u0259k - FChain<\/title>\n<meta name=\"robots\" content=\"index, follow, max-snippet:-1, max-image-preview:large, max-video-preview:-1\" \/>\n<link rel=\"canonical\" href=\"https:\/\/az.f-chain.com\/az\/beyn\u0259lxalq-ticar\u0259t-v\u0259-gomruk-sah\u0259sind\u0259-huquqi-d\u0259st\u0259k\/\" \/>\n<meta property=\"og:locale\" content=\"az_AZ\" \/>\n<meta property=\"og:type\" content=\"article\" \/>\n<meta property=\"og:title\" content=\"Beyn\u0259lxalq ticar\u0259t v\u0259 g\u00f6mr\u00fck sah\u0259sind\u0259 h\u00fcquqi d\u0259st\u0259k - FChain\" \/>\n<meta property=\"og:description\" content=\"[vc_row][vc_column][vc_column_text]Financial Chain Corporation (FCHAIN) beyn\u0259lxalq ticar\u0259tl\u0259 m\u0259\u015f\u011ful olan \u015firk\u0259tl\u0259r\u0259 h\u0259rt\u0259r\u0259fli h\u00fcquqi yard\u0131m t\u0259klif edir. Biz \u015firk\u0259tl\u0259r\u0259 ticar\u0259t, g\u00f6mr\u00fck, vergi v\u0259 maliyy\u0259 qaydalar\u0131na tam uy\u011funlu\u011fu t\u0259min etm\u0259kl\u0259, transs\u0259rh\u0259d \u0259m\u0259liyyatlar\u0131n qurulmas\u0131nda v\u0259 h\u0259yata ke\u00e7irilm\u0259sind\u0259 k\u00f6m\u0259k edirik. Az\u0259rbaycana mal idxal etm\u0259yinizd\u0259n v\u0259 ya d\u00fcnya bazarlar\u0131na ixrac etm\u0259yinizd\u0259n as\u0131l\u0131 olmayaraq, h\u00fcquq komandam\u0131z h\u0259r m\u0259rh\u0259l\u0259d\u0259 sizin kommersiya maraqlar\u0131n\u0131z\u0131 qoruyur. Bizim\" \/>\n<meta property=\"og:url\" content=\"https:\/\/az.f-chain.com\/az\/beyn\u0259lxalq-ticar\u0259t-v\u0259-gomruk-sah\u0259sind\u0259-huquqi-d\u0259st\u0259k\/\" \/>\n<meta property=\"og:site_name\" content=\"FChain\" \/>\n<meta property=\"og:image\" content=\"https:\/\/az.f-chain.com\/wp-content\/uploads\/2025\/07\/global-online-shopping-transportation-and-fulfillm-2024-09-19-01-51-56-utc-scaled.jpg\" \/>\n\t<meta property=\"og:image:width\" content=\"2560\" \/>\n\t<meta property=\"og:image:height\" content=\"1707\" \/>\n\t<meta property=\"og:image:type\" content=\"image\/jpeg\" \/>\n<meta name=\"twitter:card\" content=\"summary_large_image\" \/>\n<script type=\"application\/ld+json\" class=\"yoast-schema-graph\">{\"@context\":\"https:\\\/\\\/schema.org\",\"@graph\":[{\"@type\":\"WebPage\",\"@id\":\"https:\\\/\\\/az.f-chain.com\\\/az\\\/beyn%c9%99lxalq-ticar%c9%99t-v%c9%99-gomruk-sah%c9%99sind%c9%99-huquqi-d%c9%99st%c9%99k\\\/\",\"url\":\"https:\\\/\\\/az.f-chain.com\\\/az\\\/beyn%c9%99lxalq-ticar%c9%99t-v%c9%99-gomruk-sah%c9%99sind%c9%99-huquqi-d%c9%99st%c9%99k\\\/\",\"name\":\"Beyn\u0259lxalq ticar\u0259t v\u0259 g\u00f6mr\u00fck sah\u0259sind\u0259 h\u00fcquqi d\u0259st\u0259k - FChain\",\"isPartOf\":{\"@id\":\"https:\\\/\\\/az.f-chain.com\\\/#website\"},\"primaryImageOfPage\":{\"@id\":\"https:\\\/\\\/az.f-chain.com\\\/az\\\/beyn%c9%99lxalq-ticar%c9%99t-v%c9%99-gomruk-sah%c9%99sind%c9%99-huquqi-d%c9%99st%c9%99k\\\/#primaryimage\"},\"image\":{\"@id\":\"https:\\\/\\\/az.f-chain.com\\\/az\\\/beyn%c9%99lxalq-ticar%c9%99t-v%c9%99-gomruk-sah%c9%99sind%c9%99-huquqi-d%c9%99st%c9%99k\\\/#primaryimage\"},\"thumbnailUrl\":\"https:\\\/\\\/az.f-chain.com\\\/wp-content\\\/uploads\\\/2025\\\/07\\\/global-online-shopping-transportation-and-fulfillm-2024-09-19-01-51-56-utc-scaled.jpg\",\"datePublished\":\"2025-09-30T06:55:24+00:00\",\"breadcrumb\":{\"@id\":\"https:\\\/\\\/az.f-chain.com\\\/az\\\/beyn%c9%99lxalq-ticar%c9%99t-v%c9%99-gomruk-sah%c9%99sind%c9%99-huquqi-d%c9%99st%c9%99k\\\/#breadcrumb\"},\"inLanguage\":\"az\",\"potentialAction\":[{\"@type\":\"ReadAction\",\"target\":[\"https:\\\/\\\/az.f-chain.com\\\/az\\\/beyn%c9%99lxalq-ticar%c9%99t-v%c9%99-gomruk-sah%c9%99sind%c9%99-huquqi-d%c9%99st%c9%99k\\\/\"]}]},{\"@type\":\"ImageObject\",\"inLanguage\":\"az\",\"@id\":\"https:\\\/\\\/az.f-chain.com\\\/az\\\/beyn%c9%99lxalq-ticar%c9%99t-v%c9%99-gomruk-sah%c9%99sind%c9%99-huquqi-d%c9%99st%c9%99k\\\/#primaryimage\",\"url\":\"https:\\\/\\\/az.f-chain.com\\\/wp-content\\\/uploads\\\/2025\\\/07\\\/global-online-shopping-transportation-and-fulfillm-2024-09-19-01-51-56-utc-scaled.jpg\",\"contentUrl\":\"https:\\\/\\\/az.f-chain.com\\\/wp-content\\\/uploads\\\/2025\\\/07\\\/global-online-shopping-transportation-and-fulfillm-2024-09-19-01-51-56-utc-scaled.jpg\",\"width\":2560,\"height\":1707,\"caption\":\"Global logistics concept with online trading and shopping in the internet, packages to be delivered after ordering on the computer\"},{\"@type\":\"BreadcrumbList\",\"@id\":\"https:\\\/\\\/az.f-chain.com\\\/az\\\/beyn%c9%99lxalq-ticar%c9%99t-v%c9%99-gomruk-sah%c9%99sind%c9%99-huquqi-d%c9%99st%c9%99k\\\/#breadcrumb\",\"itemListElement\":[{\"@type\":\"ListItem\",\"position\":1,\"name\":\"Home\",\"item\":\"https:\\\/\\\/az.f-chain.com\\\/az\\\/\"},{\"@type\":\"ListItem\",\"position\":2,\"name\":\"Beyn\u0259lxalq ticar\u0259t v\u0259 g\u00f6mr\u00fck sah\u0259sind\u0259 h\u00fcquqi d\u0259st\u0259k\"}]},{\"@type\":\"WebSite\",\"@id\":\"https:\\\/\\\/az.f-chain.com\\\/#website\",\"url\":\"https:\\\/\\\/az.f-chain.com\\\/\",\"name\":\"FChain\",\"description\":\"Azerbaijan\",\"potentialAction\":[{\"@type\":\"SearchAction\",\"target\":{\"@type\":\"EntryPoint\",\"urlTemplate\":\"https:\\\/\\\/az.f-chain.com\\\/?s={search_term_string}\"},\"query-input\":{\"@type\":\"PropertyValueSpecification\",\"valueRequired\":true,\"valueName\":\"search_term_string\"}}],\"inLanguage\":\"az\"}]}<\/script>\n<!-- \/ Yoast SEO plugin. -->","yoast_head_json":{"title":"Beyn\u0259lxalq ticar\u0259t v\u0259 g\u00f6mr\u00fck sah\u0259sind\u0259 h\u00fcquqi d\u0259st\u0259k - FChain","robots":{"index":"index","follow":"follow","max-snippet":"max-snippet:-1","max-image-preview":"max-image-preview:large","max-video-preview":"max-video-preview:-1"},"canonical":"https:\/\/az.f-chain.com\/az\/beyn\u0259lxalq-ticar\u0259t-v\u0259-gomruk-sah\u0259sind\u0259-huquqi-d\u0259st\u0259k\/","og_locale":"az_AZ","og_type":"article","og_title":"Beyn\u0259lxalq ticar\u0259t v\u0259 g\u00f6mr\u00fck sah\u0259sind\u0259 h\u00fcquqi d\u0259st\u0259k - FChain","og_description":"[vc_row][vc_column][vc_column_text]Financial Chain Corporation (FCHAIN) beyn\u0259lxalq ticar\u0259tl\u0259 m\u0259\u015f\u011ful olan \u015firk\u0259tl\u0259r\u0259 h\u0259rt\u0259r\u0259fli h\u00fcquqi yard\u0131m t\u0259klif edir. Biz \u015firk\u0259tl\u0259r\u0259 ticar\u0259t, g\u00f6mr\u00fck, vergi v\u0259 maliyy\u0259 qaydalar\u0131na tam uy\u011funlu\u011fu t\u0259min etm\u0259kl\u0259, transs\u0259rh\u0259d \u0259m\u0259liyyatlar\u0131n qurulmas\u0131nda v\u0259 h\u0259yata ke\u00e7irilm\u0259sind\u0259 k\u00f6m\u0259k edirik. Az\u0259rbaycana mal idxal etm\u0259yinizd\u0259n v\u0259 ya d\u00fcnya bazarlar\u0131na ixrac etm\u0259yinizd\u0259n as\u0131l\u0131 olmayaraq, h\u00fcquq komandam\u0131z h\u0259r m\u0259rh\u0259l\u0259d\u0259 sizin kommersiya maraqlar\u0131n\u0131z\u0131 qoruyur. Bizim","og_url":"https:\/\/az.f-chain.com\/az\/beyn\u0259lxalq-ticar\u0259t-v\u0259-gomruk-sah\u0259sind\u0259-huquqi-d\u0259st\u0259k\/","og_site_name":"FChain","og_image":[{"width":2560,"height":1707,"url":"https:\/\/az.f-chain.com\/wp-content\/uploads\/2025\/07\/global-online-shopping-transportation-and-fulfillm-2024-09-19-01-51-56-utc-scaled.jpg","type":"image\/jpeg"}],"twitter_card":"summary_large_image","schema":{"@context":"https:\/\/schema.org","@graph":[{"@type":"WebPage","@id":"https:\/\/az.f-chain.com\/az\/beyn%c9%99lxalq-ticar%c9%99t-v%c9%99-gomruk-sah%c9%99sind%c9%99-huquqi-d%c9%99st%c9%99k\/","url":"https:\/\/az.f-chain.com\/az\/beyn%c9%99lxalq-ticar%c9%99t-v%c9%99-gomruk-sah%c9%99sind%c9%99-huquqi-d%c9%99st%c9%99k\/","name":"Beyn\u0259lxalq ticar\u0259t v\u0259 g\u00f6mr\u00fck sah\u0259sind\u0259 h\u00fcquqi d\u0259st\u0259k - FChain","isPartOf":{"@id":"https:\/\/az.f-chain.com\/#website"},"primaryImageOfPage":{"@id":"https:\/\/az.f-chain.com\/az\/beyn%c9%99lxalq-ticar%c9%99t-v%c9%99-gomruk-sah%c9%99sind%c9%99-huquqi-d%c9%99st%c9%99k\/#primaryimage"},"image":{"@id":"https:\/\/az.f-chain.com\/az\/beyn%c9%99lxalq-ticar%c9%99t-v%c9%99-gomruk-sah%c9%99sind%c9%99-huquqi-d%c9%99st%c9%99k\/#primaryimage"},"thumbnailUrl":"https:\/\/az.f-chain.com\/wp-content\/uploads\/2025\/07\/global-online-shopping-transportation-and-fulfillm-2024-09-19-01-51-56-utc-scaled.jpg","datePublished":"2025-09-30T06:55:24+00:00","breadcrumb":{"@id":"https:\/\/az.f-chain.com\/az\/beyn%c9%99lxalq-ticar%c9%99t-v%c9%99-gomruk-sah%c9%99sind%c9%99-huquqi-d%c9%99st%c9%99k\/#breadcrumb"},"inLanguage":"az","potentialAction":[{"@type":"ReadAction","target":["https:\/\/az.f-chain.com\/az\/beyn%c9%99lxalq-ticar%c9%99t-v%c9%99-gomruk-sah%c9%99sind%c9%99-huquqi-d%c9%99st%c9%99k\/"]}]},{"@type":"ImageObject","inLanguage":"az","@id":"https:\/\/az.f-chain.com\/az\/beyn%c9%99lxalq-ticar%c9%99t-v%c9%99-gomruk-sah%c9%99sind%c9%99-huquqi-d%c9%99st%c9%99k\/#primaryimage","url":"https:\/\/az.f-chain.com\/wp-content\/uploads\/2025\/07\/global-online-shopping-transportation-and-fulfillm-2024-09-19-01-51-56-utc-scaled.jpg","contentUrl":"https:\/\/az.f-chain.com\/wp-content\/uploads\/2025\/07\/global-online-shopping-transportation-and-fulfillm-2024-09-19-01-51-56-utc-scaled.jpg","width":2560,"height":1707,"caption":"Global logistics concept with online trading and shopping in the internet, packages to be delivered after ordering on the computer"},{"@type":"BreadcrumbList","@id":"https:\/\/az.f-chain.com\/az\/beyn%c9%99lxalq-ticar%c9%99t-v%c9%99-gomruk-sah%c9%99sind%c9%99-huquqi-d%c9%99st%c9%99k\/#breadcrumb","itemListElement":[{"@type":"ListItem","position":1,"name":"Home","item":"https:\/\/az.f-chain.com\/az\/"},{"@type":"ListItem","position":2,"name":"Beyn\u0259lxalq ticar\u0259t v\u0259 g\u00f6mr\u00fck sah\u0259sind\u0259 h\u00fcquqi d\u0259st\u0259k"}]},{"@type":"WebSite","@id":"https:\/\/az.f-chain.com\/#website","url":"https:\/\/az.f-chain.com\/","name":"FChain","description":"Azerbaijan","potentialAction":[{"@type":"SearchAction","target":{"@type":"EntryPoint","urlTemplate":"https:\/\/az.f-chain.com\/?s={search_term_string}"},"query-input":{"@type":"PropertyValueSpecification","valueRequired":true,"valueName":"search_term_string"}}],"inLanguage":"az"}]}},"_links":{"self":[{"href":"https:\/\/az.f-chain.com\/az\/wp-json\/wp\/v2\/pages\/55978","targetHints":{"allow":["GET"]}}],"collection":[{"href":"https:\/\/az.f-chain.com\/az\/wp-json\/wp\/v2\/pages"}],"about":[{"href":"https:\/\/az.f-chain.com\/az\/wp-json\/wp\/v2\/types\/page"}],"author":[{"embeddable":true,"href":"https:\/\/az.f-chain.com\/az\/wp-json\/wp\/v2\/users\/6"}],"replies":[{"embeddable":true,"href":"https:\/\/az.f-chain.com\/az\/wp-json\/wp\/v2\/comments?post=55978"}],"version-history":[{"count":1,"href":"https:\/\/az.f-chain.com\/az\/wp-json\/wp\/v2\/pages\/55978\/revisions"}],"predecessor-version":[{"id":55979,"href":"https:\/\/az.f-chain.com\/az\/wp-json\/wp\/v2\/pages\/55978\/revisions\/55979"}],"wp:featuredmedia":[{"embeddable":true,"href":"https:\/\/az.f-chain.com\/az\/wp-json\/wp\/v2\/media\/55384"}],"wp:attachment":[{"href":"https:\/\/az.f-chain.com\/az\/wp-json\/wp\/v2\/media?parent=55978"}],"curies":[{"name":"wp","href":"https:\/\/api.w.org\/{rel}","templated":true}]}}