{"id":55976,"date":"2025-09-30T09:49:32","date_gmt":"2025-09-30T06:49:32","guid":{"rendered":"https:\/\/az.f-chain.com\/?page_id=55976"},"modified":"2025-10-22T15:46:19","modified_gmt":"2025-10-22T12:46:19","slug":"yurisdiksiya-v%c9%99-t%c9%99nziml%c9%99y%c9%99n-qanunvericilik","status":"publish","type":"page","link":"https:\/\/az.f-chain.com\/az\/yurisdiksiya-v%c9%99-t%c9%99nziml%c9%99y%c9%99n-qanunvericilik\/","title":{"rendered":"Yurisdiksiya v\u0259 t\u0259nziml\u0259y\u0259n qanunvericilik"},"content":{"rendered":"<div class=\"wpb-content-wrapper\"><p>[vc_row][vc_column][vc_column_text]<strong>Financial Chain Corporation (FCHAIN)<\/strong> beyn\u0259lxalq m\u00fcqavil\u0259l\u0259rin strukturla\u015fd\u0131r\u0131lmas\u0131nda, o c\u00fcml\u0259d\u0259n <strong>qanun se\u00e7imin\u0259<\/strong> dair \u0259sasl\u0131 i\u015fl\u0259nmi\u015f m\u00fcdd\u0259alar v\u0259 <strong>yurisdiksiya m\u00fcdd\u0259alar\u0131<\/strong> (m\u00fcbahis\u0259l\u0259rin h\u0259lli m\u00fcdd\u0259alar\u0131) \u00fczr\u0259 ekspert h\u00fcquqi d\u0259st\u0259k g\u00f6st\u0259rir. Transs\u0259rh\u0259d \u0259m\u0259liyyatlarda \u00f6lk\u0259nin t\u0259tbiq olunan qanununun v\u0259 m\u00fcbahis\u0259l\u0259rin h\u0259lli yerinin m\u00fc\u0259yy\u0259n edilm\u0259si riski minimuma endirm\u0259k v\u0259 h\u00fcquqi m\u00fcdafi\u0259ni t\u0259min etm\u0259k \u00fc\u00e7\u00fcn m\u00fch\u00fcm \u0259h\u0259miyy\u0259t k\u0259sb edir.<\/p>\n<p>Bizim xidm\u0259tl\u0259rimiz \u015firk\u0259tl\u0259r\u0259 bu m\u00fcr\u0259kk\u0259b sah\u0259d\u0259 ayd\u0131nl\u0131q, d\u0259qiqlik v\u0259 uzaqg\u00f6r\u0259nlikl\u0259 naviqasiya etm\u0259y\u0259 k\u00f6m\u0259k edir, i\u015fl\u0259diyiniz yerd\u0259 m\u00fcqavil\u0259l\u0259rinizin qorunub saxlan\u0131lmas\u0131n\u0131 v\u0259 icra oluna bil\u0259c\u0259yini t\u0259min edir.[\/vc_column_text][\/vc_column][\/vc_row][vc_row content_placement=&#8221;middle&#8221; css_animation=&#8221;bounceInLeft&#8221;][vc_column width=&#8221;1\/2&#8243;][vc_column_text]<strong>Xidm\u0259tl\u0259rimiz\u0259\u00a0 a\u015fa\u011f\u0131dak\u0131lar daxildir:<\/strong><\/p>\n<ul>\n<li><strong>Yurisdiksiya v\u0259 t\u0259tbiq olunan h\u00fcququn t\u0259hlili<\/strong><br \/>\nBiz m\u00fcxt\u0259lif yurisdiksiyalar\u0131n v\u0259 t\u0259tbiq olunan qanunlar\u0131n h\u00fcquqi v\u0259 kommersiya n\u0259tic\u0259l\u0259rini qiym\u0259tl\u0259ndiririk, biznes strategiyan\u0131za v\u0259 riskl\u0259r\u0259 d\u00f6z\u00fcml\u00fcl\u00fcy\u00fcn\u00fcz\u0259 uy\u011fun t\u00f6vsiy\u0259l\u0259r veririk.<\/li>\n<li><strong>M\u00fcdd\u0259alar\u0131n t\u0259rtibi v\u0259 n\u0259z\u0259rd\u0259n ke\u00e7irilm\u0259si<\/strong><br \/>\nBiz t\u0259tbiq olunan qanunu v\u0259 m\u00fcbahis\u0259l\u0259rin h\u0259lli forumunu, ist\u0259r m\u0259hk\u0259m\u0259l\u0259r, ist\u0259r arbitraj, ist\u0259rs\u0259 d\u0259 ba\u015fqa mexanizm, m\u00fc\u0259yy\u0259n ed\u0259n ayd\u0131n, m\u0259cburi m\u00fcdd\u0259alar t\u0259rtib edirik.<\/li>\n<\/ul>\n<ul>\n<li><strong>Bir ne\u00e7\u0259 yurisdiksiyada t\u0259l\u0259bl\u0259r\u0259 uy\u011funlu\u011fun yoxlan\u0131lmas\u0131<\/strong><\/li>\n<\/ul>\n<p>Se\u00e7diyiniz qanun v\u0259 yurisdiksiyan\u0131n tranzaksiyan\u0131za aid olan b\u00fct\u00fcn yurisdiksiyalarda etibarl\u0131 v\u0259 icra oluna bil\u0259c\u0259yin\u0259 \u0259minik.<\/p>\n<ul>\n<li><strong>Riskl\u0259rin Azald\u0131lmas\u0131 Strategiyas\u0131<\/strong><br \/>\nBiz siz\u0259 qeyri-m\u00fc\u0259yy\u0259nlik v\u0259 m\u0259hk\u0259m\u0259 \u00e7\u0259ki\u015fm\u0259 riskini azaltmaq m\u0259qs\u0259dil\u0259 potensial h\u00fcquqi m\u00fcnaqi\u015f\u0259l\u0259ri qabaqcadan g\u00f6rm\u0259y\u0259 v\u0259 m\u00fcqavil\u0259l\u0259rinizi strukturla\u015fd\u0131rma\u011fa k\u00f6m\u0259k ed\u0259c\u0259yik.<\/li>\n<li><strong>M\u00fcbahis\u0259l\u0259rin Planla\u015fd\u0131r\u0131lmas\u0131 M\u0259sl\u0259h\u0259t\u00e7iliyi<\/strong><br \/>\nM\u00fcbahis\u0259l\u0259rin h\u0259lli mexanizml\u0259rini biznes m\u0259qs\u0259dl\u0259ri v\u0259 m\u00fcqavil\u0259nin icras\u0131 g\u00f6zl\u0259ntil\u0259ri il\u0259 uy\u011funla\u015fd\u0131rmaqla g\u0259l\u0259c\u0259k m\u00fcbahis\u0259l\u0259rin qabaqlay\u0131c\u0131 h\u0259llind\u0259 h\u00fcquqi d\u0259st\u0259k.<\/li>\n<\/ul>\n<p>[\/vc_column_text][vc_btn title=&#8221;DAHA \u018fTRAFLI&#8221; style=&#8221;outline&#8221; color=&#8221;danger&#8221; align=&#8221;center&#8221; link=&#8221;url:https%3A%2F%2Faz.f-chain.com%2Faz%2Flegal-services%2F|title:H%C3%BCquq%20xidm%C9%99tl%C9%99ri%20v%C9%99%20konsaltinq&#8221;][\/vc_column][vc_column width=&#8221;1\/2&#8243;][vc_single_image image=&#8221;55372&#8243; img_size=&#8221;full&#8221;][\/vc_column][\/vc_row][vc_row css_animation=&#8221;bounceInDown&#8221;][vc_column][vc_column_text]\u0130st\u0259r beyn\u0259lxalq m\u00fcqavil\u0259l\u0259r \u00fczr\u0259 dan\u0131\u015f\u0131qlar apar\u0131rs\u0131n\u0131z, ist\u0259rs\u0259 d\u0259 m\u00f6vcud m\u00fcqavil\u0259l\u0259ri n\u0259z\u0259rd\u0259n ke\u00e7irirsiniz, <strong>FCHAIN<\/strong> h\u00fcquqi bazan\u0131z\u0131n m\u00f6hk\u0259m, strateji v\u0259 t\u0259hl\u00fck\u0259siz olmas\u0131n\u0131 t\u0259min edir.[\/vc_column_text][\/vc_column][\/vc_row]<\/p>\n<\/div>","protected":false},"excerpt":{"rendered":"<p>[vc_row][vc_column][vc_column_text]Financial Chain Corporation (FCHAIN) beyn\u0259lxalq m\u00fcqavil\u0259l\u0259rin strukturla\u015fd\u0131r\u0131lmas\u0131nda, o c\u00fcml\u0259d\u0259n qanun se\u00e7imin\u0259 dair \u0259sasl\u0131 i\u015fl\u0259nmi\u015f m\u00fcdd\u0259alar v\u0259 yurisdiksiya m\u00fcdd\u0259alar\u0131 (m\u00fcbahis\u0259l\u0259rin h\u0259lli m\u00fcdd\u0259alar\u0131) \u00fczr\u0259 ekspert h\u00fcquqi d\u0259st\u0259k g\u00f6st\u0259rir. Transs\u0259rh\u0259d \u0259m\u0259liyyatlarda \u00f6lk\u0259nin t\u0259tbiq olunan qanununun v\u0259 m\u00fcbahis\u0259l\u0259rin h\u0259lli yerinin m\u00fc\u0259yy\u0259n edilm\u0259si riski minimuma endirm\u0259k v\u0259 h\u00fcquqi m\u00fcdafi\u0259ni t\u0259min etm\u0259k \u00fc\u00e7\u00fcn m\u00fch\u00fcm \u0259h\u0259miyy\u0259t k\u0259sb edir. Bizim xidm\u0259tl\u0259rimiz \u015firk\u0259tl\u0259r\u0259 bu<\/p>\n","protected":false},"author":6,"featured_media":55373,"parent":0,"menu_order":0,"comment_status":"closed","ping_status":"closed","template":"","meta":{"_acf_changed":false,"footnotes":""},"class_list":["post-55976","page","type-page","status-publish","hentry"],"acf":[],"yoast_head":"<!-- This site is optimized with the Yoast SEO plugin v27.3 - https:\/\/yoast.com\/product\/yoast-seo-wordpress\/ -->\n<title>Yurisdiksiya v\u0259 t\u0259nziml\u0259y\u0259n qanunvericilik - FChain<\/title>\n<meta name=\"robots\" content=\"index, follow, max-snippet:-1, max-image-preview:large, max-video-preview:-1\" \/>\n<link rel=\"canonical\" href=\"https:\/\/az.f-chain.com\/az\/yurisdiksiya-v\u0259-t\u0259nziml\u0259y\u0259n-qanunvericilik\/\" \/>\n<meta property=\"og:locale\" content=\"az_AZ\" \/>\n<meta property=\"og:type\" content=\"article\" \/>\n<meta property=\"og:title\" content=\"Yurisdiksiya v\u0259 t\u0259nziml\u0259y\u0259n qanunvericilik - FChain\" \/>\n<meta property=\"og:description\" content=\"[vc_row][vc_column][vc_column_text]Financial Chain Corporation (FCHAIN) beyn\u0259lxalq m\u00fcqavil\u0259l\u0259rin strukturla\u015fd\u0131r\u0131lmas\u0131nda, o c\u00fcml\u0259d\u0259n qanun se\u00e7imin\u0259 dair \u0259sasl\u0131 i\u015fl\u0259nmi\u015f m\u00fcdd\u0259alar v\u0259 yurisdiksiya m\u00fcdd\u0259alar\u0131 (m\u00fcbahis\u0259l\u0259rin h\u0259lli m\u00fcdd\u0259alar\u0131) \u00fczr\u0259 ekspert h\u00fcquqi d\u0259st\u0259k g\u00f6st\u0259rir. Transs\u0259rh\u0259d \u0259m\u0259liyyatlarda \u00f6lk\u0259nin t\u0259tbiq olunan qanununun v\u0259 m\u00fcbahis\u0259l\u0259rin h\u0259lli yerinin m\u00fc\u0259yy\u0259n edilm\u0259si riski minimuma endirm\u0259k v\u0259 h\u00fcquqi m\u00fcdafi\u0259ni t\u0259min etm\u0259k \u00fc\u00e7\u00fcn m\u00fch\u00fcm \u0259h\u0259miyy\u0259t k\u0259sb edir. Bizim xidm\u0259tl\u0259rimiz \u015firk\u0259tl\u0259r\u0259 bu\" \/>\n<meta property=\"og:url\" content=\"https:\/\/az.f-chain.com\/az\/yurisdiksiya-v\u0259-t\u0259nziml\u0259y\u0259n-qanunvericilik\/\" \/>\n<meta property=\"og:site_name\" content=\"FChain\" \/>\n<meta property=\"article:modified_time\" content=\"2025-10-22T12:46:19+00:00\" \/>\n<meta property=\"og:image\" content=\"https:\/\/az.f-chain.com\/wp-content\/uploads\/2025\/07\/brown-globe-with-gavel-on-wood-2024-09-22-09-52-13-utc-scaled.jpg\" \/>\n\t<meta property=\"og:image:width\" content=\"2560\" \/>\n\t<meta property=\"og:image:height\" content=\"1707\" \/>\n\t<meta property=\"og:image:type\" content=\"image\/jpeg\" \/>\n<meta name=\"twitter:card\" content=\"summary_large_image\" \/>\n<script type=\"application\/ld+json\" class=\"yoast-schema-graph\">{\"@context\":\"https:\\\/\\\/schema.org\",\"@graph\":[{\"@type\":\"WebPage\",\"@id\":\"https:\\\/\\\/az.f-chain.com\\\/az\\\/yurisdiksiya-v%c9%99-t%c9%99nziml%c9%99y%c9%99n-qanunvericilik\\\/\",\"url\":\"https:\\\/\\\/az.f-chain.com\\\/az\\\/yurisdiksiya-v%c9%99-t%c9%99nziml%c9%99y%c9%99n-qanunvericilik\\\/\",\"name\":\"Yurisdiksiya v\u0259 t\u0259nziml\u0259y\u0259n qanunvericilik - FChain\",\"isPartOf\":{\"@id\":\"https:\\\/\\\/az.f-chain.com\\\/#website\"},\"primaryImageOfPage\":{\"@id\":\"https:\\\/\\\/az.f-chain.com\\\/az\\\/yurisdiksiya-v%c9%99-t%c9%99nziml%c9%99y%c9%99n-qanunvericilik\\\/#primaryimage\"},\"image\":{\"@id\":\"https:\\\/\\\/az.f-chain.com\\\/az\\\/yurisdiksiya-v%c9%99-t%c9%99nziml%c9%99y%c9%99n-qanunvericilik\\\/#primaryimage\"},\"thumbnailUrl\":\"https:\\\/\\\/az.f-chain.com\\\/wp-content\\\/uploads\\\/2025\\\/07\\\/brown-globe-with-gavel-on-wood-2024-09-22-09-52-13-utc-scaled.jpg\",\"datePublished\":\"2025-09-30T06:49:32+00:00\",\"dateModified\":\"2025-10-22T12:46:19+00:00\",\"breadcrumb\":{\"@id\":\"https:\\\/\\\/az.f-chain.com\\\/az\\\/yurisdiksiya-v%c9%99-t%c9%99nziml%c9%99y%c9%99n-qanunvericilik\\\/#breadcrumb\"},\"inLanguage\":\"az\",\"potentialAction\":[{\"@type\":\"ReadAction\",\"target\":[\"https:\\\/\\\/az.f-chain.com\\\/az\\\/yurisdiksiya-v%c9%99-t%c9%99nziml%c9%99y%c9%99n-qanunvericilik\\\/\"]}]},{\"@type\":\"ImageObject\",\"inLanguage\":\"az\",\"@id\":\"https:\\\/\\\/az.f-chain.com\\\/az\\\/yurisdiksiya-v%c9%99-t%c9%99nziml%c9%99y%c9%99n-qanunvericilik\\\/#primaryimage\",\"url\":\"https:\\\/\\\/az.f-chain.com\\\/wp-content\\\/uploads\\\/2025\\\/07\\\/brown-globe-with-gavel-on-wood-2024-09-22-09-52-13-utc-scaled.jpg\",\"contentUrl\":\"https:\\\/\\\/az.f-chain.com\\\/wp-content\\\/uploads\\\/2025\\\/07\\\/brown-globe-with-gavel-on-wood-2024-09-22-09-52-13-utc-scaled.jpg\",\"width\":2560,\"height\":1707,\"caption\":\"Brown globe with gavel on wood. International court concept.\"},{\"@type\":\"BreadcrumbList\",\"@id\":\"https:\\\/\\\/az.f-chain.com\\\/az\\\/yurisdiksiya-v%c9%99-t%c9%99nziml%c9%99y%c9%99n-qanunvericilik\\\/#breadcrumb\",\"itemListElement\":[{\"@type\":\"ListItem\",\"position\":1,\"name\":\"Home\",\"item\":\"https:\\\/\\\/az.f-chain.com\\\/az\\\/\"},{\"@type\":\"ListItem\",\"position\":2,\"name\":\"Yurisdiksiya v\u0259 t\u0259nziml\u0259y\u0259n qanunvericilik\"}]},{\"@type\":\"WebSite\",\"@id\":\"https:\\\/\\\/az.f-chain.com\\\/#website\",\"url\":\"https:\\\/\\\/az.f-chain.com\\\/\",\"name\":\"FChain\",\"description\":\"Azerbaijan\",\"potentialAction\":[{\"@type\":\"SearchAction\",\"target\":{\"@type\":\"EntryPoint\",\"urlTemplate\":\"https:\\\/\\\/az.f-chain.com\\\/?s={search_term_string}\"},\"query-input\":{\"@type\":\"PropertyValueSpecification\",\"valueRequired\":true,\"valueName\":\"search_term_string\"}}],\"inLanguage\":\"az\"}]}<\/script>\n<!-- \/ Yoast SEO plugin. -->","yoast_head_json":{"title":"Yurisdiksiya v\u0259 t\u0259nziml\u0259y\u0259n qanunvericilik - FChain","robots":{"index":"index","follow":"follow","max-snippet":"max-snippet:-1","max-image-preview":"max-image-preview:large","max-video-preview":"max-video-preview:-1"},"canonical":"https:\/\/az.f-chain.com\/az\/yurisdiksiya-v\u0259-t\u0259nziml\u0259y\u0259n-qanunvericilik\/","og_locale":"az_AZ","og_type":"article","og_title":"Yurisdiksiya v\u0259 t\u0259nziml\u0259y\u0259n qanunvericilik - FChain","og_description":"[vc_row][vc_column][vc_column_text]Financial Chain Corporation (FCHAIN) beyn\u0259lxalq m\u00fcqavil\u0259l\u0259rin strukturla\u015fd\u0131r\u0131lmas\u0131nda, o c\u00fcml\u0259d\u0259n qanun se\u00e7imin\u0259 dair \u0259sasl\u0131 i\u015fl\u0259nmi\u015f m\u00fcdd\u0259alar v\u0259 yurisdiksiya m\u00fcdd\u0259alar\u0131 (m\u00fcbahis\u0259l\u0259rin h\u0259lli m\u00fcdd\u0259alar\u0131) \u00fczr\u0259 ekspert h\u00fcquqi d\u0259st\u0259k g\u00f6st\u0259rir. Transs\u0259rh\u0259d \u0259m\u0259liyyatlarda \u00f6lk\u0259nin t\u0259tbiq olunan qanununun v\u0259 m\u00fcbahis\u0259l\u0259rin h\u0259lli yerinin m\u00fc\u0259yy\u0259n edilm\u0259si riski minimuma endirm\u0259k v\u0259 h\u00fcquqi m\u00fcdafi\u0259ni t\u0259min etm\u0259k \u00fc\u00e7\u00fcn m\u00fch\u00fcm \u0259h\u0259miyy\u0259t k\u0259sb edir. Bizim xidm\u0259tl\u0259rimiz \u015firk\u0259tl\u0259r\u0259 bu","og_url":"https:\/\/az.f-chain.com\/az\/yurisdiksiya-v\u0259-t\u0259nziml\u0259y\u0259n-qanunvericilik\/","og_site_name":"FChain","article_modified_time":"2025-10-22T12:46:19+00:00","og_image":[{"width":2560,"height":1707,"url":"https:\/\/az.f-chain.com\/wp-content\/uploads\/2025\/07\/brown-globe-with-gavel-on-wood-2024-09-22-09-52-13-utc-scaled.jpg","type":"image\/jpeg"}],"twitter_card":"summary_large_image","schema":{"@context":"https:\/\/schema.org","@graph":[{"@type":"WebPage","@id":"https:\/\/az.f-chain.com\/az\/yurisdiksiya-v%c9%99-t%c9%99nziml%c9%99y%c9%99n-qanunvericilik\/","url":"https:\/\/az.f-chain.com\/az\/yurisdiksiya-v%c9%99-t%c9%99nziml%c9%99y%c9%99n-qanunvericilik\/","name":"Yurisdiksiya v\u0259 t\u0259nziml\u0259y\u0259n qanunvericilik - FChain","isPartOf":{"@id":"https:\/\/az.f-chain.com\/#website"},"primaryImageOfPage":{"@id":"https:\/\/az.f-chain.com\/az\/yurisdiksiya-v%c9%99-t%c9%99nziml%c9%99y%c9%99n-qanunvericilik\/#primaryimage"},"image":{"@id":"https:\/\/az.f-chain.com\/az\/yurisdiksiya-v%c9%99-t%c9%99nziml%c9%99y%c9%99n-qanunvericilik\/#primaryimage"},"thumbnailUrl":"https:\/\/az.f-chain.com\/wp-content\/uploads\/2025\/07\/brown-globe-with-gavel-on-wood-2024-09-22-09-52-13-utc-scaled.jpg","datePublished":"2025-09-30T06:49:32+00:00","dateModified":"2025-10-22T12:46:19+00:00","breadcrumb":{"@id":"https:\/\/az.f-chain.com\/az\/yurisdiksiya-v%c9%99-t%c9%99nziml%c9%99y%c9%99n-qanunvericilik\/#breadcrumb"},"inLanguage":"az","potentialAction":[{"@type":"ReadAction","target":["https:\/\/az.f-chain.com\/az\/yurisdiksiya-v%c9%99-t%c9%99nziml%c9%99y%c9%99n-qanunvericilik\/"]}]},{"@type":"ImageObject","inLanguage":"az","@id":"https:\/\/az.f-chain.com\/az\/yurisdiksiya-v%c9%99-t%c9%99nziml%c9%99y%c9%99n-qanunvericilik\/#primaryimage","url":"https:\/\/az.f-chain.com\/wp-content\/uploads\/2025\/07\/brown-globe-with-gavel-on-wood-2024-09-22-09-52-13-utc-scaled.jpg","contentUrl":"https:\/\/az.f-chain.com\/wp-content\/uploads\/2025\/07\/brown-globe-with-gavel-on-wood-2024-09-22-09-52-13-utc-scaled.jpg","width":2560,"height":1707,"caption":"Brown globe with gavel on wood. International court concept."},{"@type":"BreadcrumbList","@id":"https:\/\/az.f-chain.com\/az\/yurisdiksiya-v%c9%99-t%c9%99nziml%c9%99y%c9%99n-qanunvericilik\/#breadcrumb","itemListElement":[{"@type":"ListItem","position":1,"name":"Home","item":"https:\/\/az.f-chain.com\/az\/"},{"@type":"ListItem","position":2,"name":"Yurisdiksiya v\u0259 t\u0259nziml\u0259y\u0259n qanunvericilik"}]},{"@type":"WebSite","@id":"https:\/\/az.f-chain.com\/#website","url":"https:\/\/az.f-chain.com\/","name":"FChain","description":"Azerbaijan","potentialAction":[{"@type":"SearchAction","target":{"@type":"EntryPoint","urlTemplate":"https:\/\/az.f-chain.com\/?s={search_term_string}"},"query-input":{"@type":"PropertyValueSpecification","valueRequired":true,"valueName":"search_term_string"}}],"inLanguage":"az"}]}},"_links":{"self":[{"href":"https:\/\/az.f-chain.com\/az\/wp-json\/wp\/v2\/pages\/55976","targetHints":{"allow":["GET"]}}],"collection":[{"href":"https:\/\/az.f-chain.com\/az\/wp-json\/wp\/v2\/pages"}],"about":[{"href":"https:\/\/az.f-chain.com\/az\/wp-json\/wp\/v2\/types\/page"}],"author":[{"embeddable":true,"href":"https:\/\/az.f-chain.com\/az\/wp-json\/wp\/v2\/users\/6"}],"replies":[{"embeddable":true,"href":"https:\/\/az.f-chain.com\/az\/wp-json\/wp\/v2\/comments?post=55976"}],"version-history":[{"count":2,"href":"https:\/\/az.f-chain.com\/az\/wp-json\/wp\/v2\/pages\/55976\/revisions"}],"predecessor-version":[{"id":56246,"href":"https:\/\/az.f-chain.com\/az\/wp-json\/wp\/v2\/pages\/55976\/revisions\/56246"}],"wp:featuredmedia":[{"embeddable":true,"href":"https:\/\/az.f-chain.com\/az\/wp-json\/wp\/v2\/media\/55373"}],"wp:attachment":[{"href":"https:\/\/az.f-chain.com\/az\/wp-json\/wp\/v2\/media?parent=55976"}],"curies":[{"name":"wp","href":"https:\/\/api.w.org\/{rel}","templated":true}]}}