{"id":55974,"date":"2025-09-30T09:10:49","date_gmt":"2025-09-30T06:10:49","guid":{"rendered":"https:\/\/az.f-chain.com\/?page_id=55974"},"modified":"2025-10-21T09:42:35","modified_gmt":"2025-10-21T06:42:35","slug":"beyn%c9%99lxalq-oz%c9%99l-huquq","status":"publish","type":"page","link":"https:\/\/az.f-chain.com\/az\/beyn%c9%99lxalq-oz%c9%99l-huquq\/","title":{"rendered":"Beyn\u0259lxalq (\u00f6z\u0259l) h\u00fcquq"},"content":{"rendered":"<div class=\"wpb-content-wrapper\"><p>[vc_row][vc_column][vc_column_text]<strong>Beyn\u0259lxalq \u00f6z\u0259l h\u00fcquq<\/strong> d\u00f6vl\u0259t v\u0259 \u00f6z\u0259l sektorun bir \u00e7ox yurisdiksiyalarda k\u0259si\u015fdiyi geni\u015f h\u00fcquq sah\u0259sidir. <strong>Financial Chain Corporation (FCHAIN)<\/strong> f\u0259rdl\u0259r, korporasiyalar v\u0259 d\u00f6vl\u0259t qurumlar\u0131n\u0131 \u0259hat\u0259 ed\u0259n transs\u0259rh\u0259d m\u0259s\u0259l\u0259l\u0259r \u00fc\u00e7\u00fcn h\u0259rt\u0259r\u0259fli h\u00fcquqi xidm\u0259tl\u0259r t\u0259qdim edir. M\u0259qs\u0259dimiz h\u00fcquqi ayd\u0131nl\u0131\u011f\u0131, riskl\u0259rin azald\u0131lmas\u0131n\u0131 v\u0259 \u00e7oxsayl\u0131 h\u00fcquq sisteml\u0259rind\u0259 tam uy\u011funlu\u011fu t\u0259min etm\u0259kdir.<\/p>\n<p>Biz praktiki, biznes y\u00f6n\u00fcml\u00fc h\u0259ll\u0259r t\u0259qdim etm\u0259kl\u0259 m\u00fc\u015ft\u0259ril\u0259r\u0259 beyn\u0259lxalq h\u00fcquq sisteml\u0259rini idar\u0259 etm\u0259y\u0259 k\u00f6m\u0259k edirik. \u0130st\u0259r \u0259m\u0259liyyatlar\u0131n\u0131z\u0131 geni\u015fl\u0259ndirirsiniz, ist\u0259r xaricd\u0259 m\u00fcqavil\u0259l\u0259r ba\u011fla\u0131rs\u0131n\u0131z, ist\u0259rs\u0259 d\u0259 m\u0259lumatlar\u0131n qorunmas\u0131 \u00fczr\u0259 \u00f6hd\u0259likl\u0259ri idar\u0259 edirsinizs\u0259, komandam\u0131z siz\u0259 etibarl\u0131 v\u0259 ixtisasla\u015fm\u0131\u015f h\u00fcquqi d\u0259st\u0259k g\u00f6st\u0259rm\u0259y\u0259 haz\u0131rd\u0131r.[\/vc_column_text][\/vc_column][\/vc_row][vc_row equal_height=&#8221;yes&#8221; content_placement=&#8221;middle&#8221; css_animation=&#8221;bounceInLeft&#8221;][vc_column width=&#8221;1\/2&#8243;][vc_column_text]<strong>Beyn\u0259lxalq \u00f6z\u0259l h\u00fcquq sah\u0259sind\u0259 xidm\u0259tl\u0259rimiz\u0259 a\u015fa\u011f\u0131dak\u0131lar daxildir:<\/strong><\/p>\n<p><strong>Transs\u0259rh\u0259d m\u00fcqavil\u0259l\u0259rin haz\u0131rlanmas\u0131 v\u0259 m\u00fcbahis\u0259l\u0259rin h\u0259lli<\/strong><\/p>\n<p>Biz bir \u00e7ox yurisdiksiyalarda f\u0259aliyy\u0259t g\u00f6st\u0259r\u0259n h\u00fcquqi c\u0259h\u0259td\u0259n m\u0259cburi m\u00fcqavil\u0259l\u0259rin qurulmas\u0131na v\u0259 haz\u0131rlanmas\u0131na k\u00f6m\u0259k edirik. Biz h\u0259m\u00e7inin m\u00fc\u015ft\u0259ril\u0259r\u0259 milli m\u0259hk\u0259m\u0259l\u0259rd\u0259 v\u0259 ya beyn\u0259lxalq arbitrajda m\u00fcvafiq h\u00fcquqi kanallar vasit\u0259sil\u0259 m\u00fcbahis\u0259l\u0259ri h\u0259ll etm\u0259y\u0259 k\u00f6m\u0259k edirik. <a href=\"https:\/\/az.f-chain.com\/az\/muqavilelerin-tertibati-ve-ekspertizasi\/\"><strong><em>Transs\u0259rh\u0259d m\u00fcqavil\u0259 xidm\u0259tl\u0259rimiz<\/em><\/strong><\/a> haqq\u0131nda \u0259trafl\u0131 m\u0259lumat \u0259ld\u0259 edin<strong><em>.<\/em><\/strong><\/p>\n<p><strong>T\u0259tbiq olunan qanun v\u0259 yurisdiksiyan\u0131n se\u00e7imi il\u0259 ba\u011fl\u0131 m\u0259sl\u0259h\u0259tl\u0259\u015fm\u0259l\u0259r <\/strong><\/p>\n<p>Biz beyn\u0259lxalq m\u00fcqavil\u0259l\u0259r \u00fc\u00e7\u00fcn \u0259n \u0259lveri\u015fli qanun v\u0259 yurisdiksiyan\u0131n se\u00e7ilm\u0259si il\u0259 ba\u011fl\u0131 m\u0259sl\u0259h\u0259tl\u0259r veririk v\u0259 bununla da h\u00fcquqi riskl\u0259ri minimuma endirm\u0259y\u0259 v\u0259 icra prosesini optimalla\u015fd\u0131rma\u011fa k\u00f6m\u0259k edirik. <a href=\"https:\/\/az.f-chain.com\/az\/yurisdiksiya-v%c9%99-t%c9%99nziml%c9%99y%c9%99n-qanunvericilik\/\"><strong><em>Yurisdiksiya v\u0259 T\u0259tbiq olunan H\u00fcquq M\u0259sl\u0259h\u0259tl\u0259rimiz <\/em><\/strong><\/a>\u00a0haqq\u0131nda daha \u00e7ox m\u0259lumat \u0259ld\u0259 edin.<\/p>\n<p><strong>Beyn\u0259lxalq ticar\u0259t \u0259m\u0259liyyatlar\u0131 \u00fc\u00e7\u00fcn h\u00fcquqi d\u0259st\u0259k<\/strong><\/p>\n<p>Komandam\u0131z beyn\u0259lxalq f\u0259aliyy\u0259tl\u0259r\u0259 tam h\u00fcquqi d\u0259st\u0259k, ticar\u0259t, g\u00f6mr\u00fck, vergi v\u0259 maliyy\u0259 qaydalar\u0131na riay\u0259t edir. <a href=\"https:\/\/az.f-chain.com\/az\/beyn%c9%99lxalq-ticar%c9%99t-v%c9%99-gomruk-sah%c9%99sind%c9%99-huquqi-d%c9%99st%c9%99k\/\"><strong><em>Beyn\u0259lxalq Ticar\u0259t v\u0259 G\u00f6mr\u00fck Sah\u0259sind\u0259 H\u00fcquqi D\u0259st\u0259yimiz <\/em><\/strong><\/a>\u00a0haqq\u0131nda \u0259trafl\u0131 m\u0259lumat \u0259ld\u0259 edin.<\/p>\n<p><strong>Beyn\u0259lxalq Arbitraj v\u0259 Vasit\u0259\u00e7iliy\u0259 D\u0259st\u0259k<\/strong><\/p>\n<p>Biz beyn\u0259lxalq arbitraj v\u0259 vasit\u0259\u00e7ilik forumlar\u0131nda m\u00fc\u015ft\u0259ril\u0259ri t\u0259msil edirik, transs\u0259rh\u0259d m\u00fcbahis\u0259l\u0259rinin s\u0259m\u0259r\u0259li v\u0259 s\u0259rf\u0259li h\u0259llini t\u0259min edirik. <a href=\"https:\/\/az.f-chain.com\/az\/beyn%c9%99lxalq-arbitraj-v%c9%99-vasit%c9%99cilik\/\"><strong><em>Beyn\u0259lxalq Arbitraj v\u0259 Vasit\u0259\u00e7ilik Xidm\u0259tl\u0259rimiz<\/em><\/strong><\/a> haqq\u0131nda \u0259trafl\u0131 m\u0259lumat \u0259ld\u0259 edin.[\/vc_column_text][vc_btn title=&#8221;DAHA \u018fTRAFLI&#8221; style=&#8221;outline&#8221; color=&#8221;danger&#8221; align=&#8221;center&#8221; link=&#8221;url:https%3A%2F%2Faz.f-chain.com%2Fen%2Finternational-trade-customs-legal-support%2F|title:International%20Trade%20%26%20Customs%20Legal%20Support&#8221;][\/vc_column][vc_column width=&#8221;1\/2&#8243;][vc_single_image image=&#8221;55320&#8243; img_size=&#8221;full&#8221;][\/vc_column][\/vc_row][vc_row equal_height=&#8221;yes&#8221; content_placement=&#8221;middle&#8221; css_animation=&#8221;bounceInRight&#8221;][vc_column width=&#8221;1\/2&#8243;][vc_single_image image=&#8221;55313&#8243; img_size=&#8221;full&#8221;][\/vc_column][vc_column width=&#8221;1\/2&#8243;][vc_column_text]<strong>Transs\u0259rh\u0259d m\u0259lumatlar\u0131n qorunmas\u0131 v\u0259 m\u0259xfilik xidm\u0259tl\u0259ri<\/strong><\/p>\n<p><strong>GDPR v\u0259 m\u0259lumatlar\u0131n qorunmas\u0131na dair yerli qanunlara \u00fczr\u0259 m\u0259sl\u0259h\u0259tl\u0259\u015fm\u0259<\/strong><\/p>\n<p>Biz m\u00fc\u015ft\u0259ril\u0259r\u0259 m\u0259lumat emal t\u0259cr\u00fcb\u0259l\u0259rini <strong>A\u0130 \u00dcmumi M\u0259lumatlar\u0131n M\u00fchafiz\u0259si Qaydas\u0131 (GDPR)<\/strong> v\u0259 m\u0259lumatlar\u0131n qorunmas\u0131na dair yerli qanunlar il\u0259 uy\u011funla\u015fd\u0131rma\u011fa k\u00f6m\u0259k edirik. <a href=\"https:\/\/az.f-chain.com\/az\/gdpr-v%c9%99-m%c9%99lumatlarin-muhafiz%c9%99si-uzr%c9%99-konsaltinq\/\"><strong><em>GDPR <\/em><\/strong><strong><em>v\u0259 m\u0259lumatlar\u0131n m\u00fchafiz\u0259si \u00fczr\u0259 m\u0259sl\u0259h\u0259t xidm\u0259tl\u0259rimiz<\/em><\/strong><\/a> haqq\u0131nda daha \u00e7ox m\u0259lumat \u0259ld\u0259 edin v\u0259 ya uy\u011funlu\u011fun t\u0259min edilm\u0259sin\u0259 ba\u015flamaq \u00fc\u00e7\u00fcn biziml\u0259 \u0259laq\u0259 saxlay\u0131n.<\/p>\n<p><strong>GDPR v\u0259\u00a0 yerli qanunlar\u0131n m\u00fcqayis\u0259li analizi<\/strong><\/p>\n<p>H\u00fcquq\u015f\u00fcnaslar\u0131m\u0131z beyn\u0259lxalq m\u00fc\u015ft\u0259ril\u0259r\u0259 t\u0259l\u0259bl\u0259r\u0259 uy\u011funluqdak\u0131 bo\u015fluqlar\u0131 m\u00fc\u0259yy\u0259n etm\u0259k v\u0259 aradan qald\u0131rmaqda k\u00f6m\u0259k etm\u0259kl\u0259, GDPR v\u0259 yerli m\u0259lumatlar\u0131n m\u00fchafiz\u0259si sisteml\u0259rinin \u0259trafl\u0131 m\u00fcqayis\u0259sini t\u0259qdim edir. <a href=\"https:\/\/az.f-chain.com\/az\/gdpr-v%c9%99-m%c9%99lumatlarin-muhafiz%c9%99si-uzr%c9%99-konsaltinq\/\"><strong><em>GDPR<\/em><\/strong> <strong><em>v\u0259 M\u0259lumatlar\u0131n M\u00fchafiz\u0259sin\u0259 dair M\u0259sl\u0259h\u0259t<\/em><\/strong><\/a> \u00a0xidm\u0259tl\u0259rimiz haqq\u0131nda daha \u00e7ox m\u0259lumat \u0259ld\u0259 edin v\u0259 ya uy\u011funluq prosesiniz\u0259 ba\u015flamaq \u00fc\u00e7\u00fcn biziml\u0259 \u0259laq\u0259 saxlay\u0131n.<\/p>\n<p><strong>M\u0259lumatlar\u0131n m\u0259xfiliyin\u0259 dair m\u00fcqavil\u0259 m\u00fcdd\u0259alar\u0131<\/strong><\/p>\n<p>Biz onlar\u0131n beyn\u0259lxalq standartlara uy\u011fun olmas\u0131n\u0131 v\u0259 biznes maraqlar\u0131n\u0131z\u0131 qorumaq \u00fc\u00e7\u00fcn kommersiya m\u00fcqavil\u0259l\u0259rind\u0259 m\u0259lumatlar\u0131n qorunmas\u0131 m\u00fcdd\u0259alar\u0131n\u0131 haz\u0131rlay\u0131r v\u0259 n\u0259z\u0259rd\u0259n ke\u00e7iririk. <a href=\"https:\/\/az.f-chain.com\/az\/m%c9%99lumatlarin-m%c9%99xfiliyin%c9%99-dair-muqavil%c9%99-s%c9%99rtl%c9%99ri\/\"><strong><em>M\u0259lumatlar\u0131n m\u0259xfiliyi m\u00fcqavil\u0259l\u0259rinin \u00a0<\/em><\/strong><\/a>\u00a0ba\u011flanmas\u0131 xidm\u0259timiz haqq\u0131nda \u0259trafl\u0131 m\u0259lumat \u0259ld\u0259 edin.<\/p>\n<p><strong>\u015e\u0259xsi m\u0259lumatlar\u0131n i\u015fl\u0259nm\u0259si il\u0259 ba\u011fl\u0131 i\u015f\u00e7i v\u0259 m\u0259lumat subyektl\u0259rin\u0259 bildiri\u015fl\u0259r v\u0259 raz\u0131l\u0131q formalar\u0131<\/strong><\/p>\n<p>Biz i\u015f\u00e7il\u0259r, m\u00fc\u015ft\u0259ril\u0259r v\u0259 t\u0259r\u0259fda\u015flar \u00fc\u00e7\u00fcn m\u0259lumatlar\u0131n m\u0259xfiliyin\u0259 dair bildiri\u015fl\u0259r v\u0259 raz\u0131l\u0131q formalar\u0131n\u0131 yarad\u0131r v\u0259 n\u0259z\u0259rd\u0259n ke\u00e7iririk, ayd\u0131nl\u0131q, h\u00fcquqi etibarl\u0131l\u0131q v\u0259 istifad\u0259\u00e7i etibar\u0131n\u0131 t\u0259min edirik. <a href=\"https:\/\/az.f-chain.com\/az\/iscil%c9%99r-v%c9%99-m%c9%99lumat-subyektl%c9%99ri-ucun-bildirisl%c9%99r-v%c9%99-raziliq-formalari\/\"><strong><em>M\u0259xfilik bar\u0259d\u0259 bildiri\u015f v\u0259 raz\u0131l\u0131q formalar\u0131 <\/em><\/strong><\/a>\u00a0il\u0259 ba\u011fl\u0131 xidm\u0259tl\u0259rimiz haqq\u0131nda \u0259trafl\u0131 \u00f6yr\u0259nin.[\/vc_column_text][vc_btn title=&#8221;DAHA \u018fTRAFLI&#8221; style=&#8221;outline&#8221; color=&#8221;danger&#8221; align=&#8221;center&#8221; link=&#8221;url:https%3A%2F%2Faz.f-chain.com%2Fen%2Fgdpr-and-local-data-protection%2F|title:GDPR%20and%20Local%20Data%20Protection&#8221;][\/vc_column][\/vc_row][vc_row css_animation=&#8221;bounceInDown&#8221;][vc_column][vc_column_text]<strong>FCHAIN <\/strong>\u200b\u200bbeyn\u0259lxalq h\u00fcquqi strategiyalar\u0131n\u0131z\u0131n s\u0259rh\u0259dl\u0259r v\u0259 sektorlar aras\u0131 t\u0259l\u0259bl\u0259r\u0259 uy\u011fun, h\u0259yata ke\u00e7iril\u0259 bil\u0259n v\u0259 biznes m\u0259qs\u0259dl\u0259riniz\u0259 uy\u011fun olmas\u0131n\u0131 t\u0259min ed\u0259c\u0259k.[\/vc_column_text][\/vc_column][\/vc_row]<\/p>\n<\/div>","protected":false},"excerpt":{"rendered":"<p>[vc_row][vc_column][vc_column_text]Beyn\u0259lxalq \u00f6z\u0259l h\u00fcquq d\u00f6vl\u0259t v\u0259 \u00f6z\u0259l sektorun bir \u00e7ox yurisdiksiyalarda k\u0259si\u015fdiyi geni\u015f h\u00fcquq sah\u0259sidir. Financial Chain Corporation (FCHAIN) f\u0259rdl\u0259r, korporasiyalar v\u0259 d\u00f6vl\u0259t qurumlar\u0131n\u0131 \u0259hat\u0259 ed\u0259n transs\u0259rh\u0259d m\u0259s\u0259l\u0259l\u0259r \u00fc\u00e7\u00fcn h\u0259rt\u0259r\u0259fli h\u00fcquqi xidm\u0259tl\u0259r t\u0259qdim edir. M\u0259qs\u0259dimiz h\u00fcquqi ayd\u0131nl\u0131\u011f\u0131, riskl\u0259rin azald\u0131lmas\u0131n\u0131 v\u0259 \u00e7oxsayl\u0131 h\u00fcquq sisteml\u0259rind\u0259 tam uy\u011funlu\u011fu t\u0259min etm\u0259kdir. Biz praktiki, biznes y\u00f6n\u00fcml\u00fc h\u0259ll\u0259r t\u0259qdim etm\u0259kl\u0259 m\u00fc\u015ft\u0259ril\u0259r\u0259 beyn\u0259lxalq<\/p>\n","protected":false},"author":6,"featured_media":55321,"parent":0,"menu_order":0,"comment_status":"closed","ping_status":"closed","template":"","meta":{"_acf_changed":false,"footnotes":""},"class_list":["post-55974","page","type-page","status-publish","hentry"],"acf":[],"yoast_head":"<!-- This site is optimized with the Yoast SEO plugin v27.3 - https:\/\/yoast.com\/product\/yoast-seo-wordpress\/ -->\n<title>Beyn\u0259lxalq (\u00f6z\u0259l) h\u00fcquq - FChain<\/title>\n<meta name=\"robots\" content=\"index, follow, max-snippet:-1, max-image-preview:large, max-video-preview:-1\" \/>\n<link rel=\"canonical\" href=\"https:\/\/az.f-chain.com\/az\/beyn\u0259lxalq-oz\u0259l-huquq\/\" \/>\n<meta property=\"og:locale\" content=\"az_AZ\" \/>\n<meta property=\"og:type\" content=\"article\" \/>\n<meta property=\"og:title\" content=\"Beyn\u0259lxalq (\u00f6z\u0259l) h\u00fcquq - FChain\" \/>\n<meta property=\"og:description\" content=\"[vc_row][vc_column][vc_column_text]Beyn\u0259lxalq \u00f6z\u0259l h\u00fcquq d\u00f6vl\u0259t v\u0259 \u00f6z\u0259l sektorun bir \u00e7ox yurisdiksiyalarda k\u0259si\u015fdiyi geni\u015f h\u00fcquq sah\u0259sidir. Financial Chain Corporation (FCHAIN) f\u0259rdl\u0259r, korporasiyalar v\u0259 d\u00f6vl\u0259t qurumlar\u0131n\u0131 \u0259hat\u0259 ed\u0259n transs\u0259rh\u0259d m\u0259s\u0259l\u0259l\u0259r \u00fc\u00e7\u00fcn h\u0259rt\u0259r\u0259fli h\u00fcquqi xidm\u0259tl\u0259r t\u0259qdim edir. M\u0259qs\u0259dimiz h\u00fcquqi ayd\u0131nl\u0131\u011f\u0131, riskl\u0259rin azald\u0131lmas\u0131n\u0131 v\u0259 \u00e7oxsayl\u0131 h\u00fcquq sisteml\u0259rind\u0259 tam uy\u011funlu\u011fu t\u0259min etm\u0259kdir. Biz praktiki, biznes y\u00f6n\u00fcml\u00fc h\u0259ll\u0259r t\u0259qdim etm\u0259kl\u0259 m\u00fc\u015ft\u0259ril\u0259r\u0259 beyn\u0259lxalq\" \/>\n<meta property=\"og:url\" content=\"https:\/\/az.f-chain.com\/az\/beyn\u0259lxalq-oz\u0259l-huquq\/\" \/>\n<meta property=\"og:site_name\" content=\"FChain\" \/>\n<meta property=\"article:modified_time\" content=\"2025-10-21T06:42:35+00:00\" \/>\n<meta property=\"og:image\" content=\"https:\/\/az.f-chain.com\/wp-content\/uploads\/2025\/07\/bangkok-thailand-october-14-2021-magnifying-gla-2025-02-25-01-51-17-utc-scaled.jpg\" \/>\n\t<meta property=\"og:image:width\" content=\"2560\" \/>\n\t<meta property=\"og:image:height\" content=\"1707\" \/>\n\t<meta property=\"og:image:type\" content=\"image\/jpeg\" \/>\n<meta name=\"twitter:card\" content=\"summary_large_image\" \/>\n<script type=\"application\/ld+json\" class=\"yoast-schema-graph\">{\"@context\":\"https:\\\/\\\/schema.org\",\"@graph\":[{\"@type\":\"WebPage\",\"@id\":\"https:\\\/\\\/az.f-chain.com\\\/az\\\/beyn%c9%99lxalq-oz%c9%99l-huquq\\\/\",\"url\":\"https:\\\/\\\/az.f-chain.com\\\/az\\\/beyn%c9%99lxalq-oz%c9%99l-huquq\\\/\",\"name\":\"Beyn\u0259lxalq (\u00f6z\u0259l) h\u00fcquq - FChain\",\"isPartOf\":{\"@id\":\"https:\\\/\\\/az.f-chain.com\\\/#website\"},\"primaryImageOfPage\":{\"@id\":\"https:\\\/\\\/az.f-chain.com\\\/az\\\/beyn%c9%99lxalq-oz%c9%99l-huquq\\\/#primaryimage\"},\"image\":{\"@id\":\"https:\\\/\\\/az.f-chain.com\\\/az\\\/beyn%c9%99lxalq-oz%c9%99l-huquq\\\/#primaryimage\"},\"thumbnailUrl\":\"https:\\\/\\\/az.f-chain.com\\\/wp-content\\\/uploads\\\/2025\\\/07\\\/bangkok-thailand-october-14-2021-magnifying-gla-2025-02-25-01-51-17-utc-scaled.jpg\",\"datePublished\":\"2025-09-30T06:10:49+00:00\",\"dateModified\":\"2025-10-21T06:42:35+00:00\",\"breadcrumb\":{\"@id\":\"https:\\\/\\\/az.f-chain.com\\\/az\\\/beyn%c9%99lxalq-oz%c9%99l-huquq\\\/#breadcrumb\"},\"inLanguage\":\"az\",\"potentialAction\":[{\"@type\":\"ReadAction\",\"target\":[\"https:\\\/\\\/az.f-chain.com\\\/az\\\/beyn%c9%99lxalq-oz%c9%99l-huquq\\\/\"]}]},{\"@type\":\"ImageObject\",\"inLanguage\":\"az\",\"@id\":\"https:\\\/\\\/az.f-chain.com\\\/az\\\/beyn%c9%99lxalq-oz%c9%99l-huquq\\\/#primaryimage\",\"url\":\"https:\\\/\\\/az.f-chain.com\\\/wp-content\\\/uploads\\\/2025\\\/07\\\/bangkok-thailand-october-14-2021-magnifying-gla-2025-02-25-01-51-17-utc-scaled.jpg\",\"contentUrl\":\"https:\\\/\\\/az.f-chain.com\\\/wp-content\\\/uploads\\\/2025\\\/07\\\/bangkok-thailand-october-14-2021-magnifying-gla-2025-02-25-01-51-17-utc-scaled.jpg\",\"width\":2560,\"height\":1707,\"caption\":\"Bangkok, Thailand October 14, 2021 Magnifying glass with world glove map.\"},{\"@type\":\"BreadcrumbList\",\"@id\":\"https:\\\/\\\/az.f-chain.com\\\/az\\\/beyn%c9%99lxalq-oz%c9%99l-huquq\\\/#breadcrumb\",\"itemListElement\":[{\"@type\":\"ListItem\",\"position\":1,\"name\":\"Home\",\"item\":\"https:\\\/\\\/az.f-chain.com\\\/az\\\/\"},{\"@type\":\"ListItem\",\"position\":2,\"name\":\"Beyn\u0259lxalq (\u00f6z\u0259l) h\u00fcquq\"}]},{\"@type\":\"WebSite\",\"@id\":\"https:\\\/\\\/az.f-chain.com\\\/#website\",\"url\":\"https:\\\/\\\/az.f-chain.com\\\/\",\"name\":\"FChain\",\"description\":\"Azerbaijan\",\"potentialAction\":[{\"@type\":\"SearchAction\",\"target\":{\"@type\":\"EntryPoint\",\"urlTemplate\":\"https:\\\/\\\/az.f-chain.com\\\/?s={search_term_string}\"},\"query-input\":{\"@type\":\"PropertyValueSpecification\",\"valueRequired\":true,\"valueName\":\"search_term_string\"}}],\"inLanguage\":\"az\"}]}<\/script>\n<!-- \/ Yoast SEO plugin. -->","yoast_head_json":{"title":"Beyn\u0259lxalq (\u00f6z\u0259l) h\u00fcquq - FChain","robots":{"index":"index","follow":"follow","max-snippet":"max-snippet:-1","max-image-preview":"max-image-preview:large","max-video-preview":"max-video-preview:-1"},"canonical":"https:\/\/az.f-chain.com\/az\/beyn\u0259lxalq-oz\u0259l-huquq\/","og_locale":"az_AZ","og_type":"article","og_title":"Beyn\u0259lxalq (\u00f6z\u0259l) h\u00fcquq - FChain","og_description":"[vc_row][vc_column][vc_column_text]Beyn\u0259lxalq \u00f6z\u0259l h\u00fcquq d\u00f6vl\u0259t v\u0259 \u00f6z\u0259l sektorun bir \u00e7ox yurisdiksiyalarda k\u0259si\u015fdiyi geni\u015f h\u00fcquq sah\u0259sidir. Financial Chain Corporation (FCHAIN) f\u0259rdl\u0259r, korporasiyalar v\u0259 d\u00f6vl\u0259t qurumlar\u0131n\u0131 \u0259hat\u0259 ed\u0259n transs\u0259rh\u0259d m\u0259s\u0259l\u0259l\u0259r \u00fc\u00e7\u00fcn h\u0259rt\u0259r\u0259fli h\u00fcquqi xidm\u0259tl\u0259r t\u0259qdim edir. M\u0259qs\u0259dimiz h\u00fcquqi ayd\u0131nl\u0131\u011f\u0131, riskl\u0259rin azald\u0131lmas\u0131n\u0131 v\u0259 \u00e7oxsayl\u0131 h\u00fcquq sisteml\u0259rind\u0259 tam uy\u011funlu\u011fu t\u0259min etm\u0259kdir. Biz praktiki, biznes y\u00f6n\u00fcml\u00fc h\u0259ll\u0259r t\u0259qdim etm\u0259kl\u0259 m\u00fc\u015ft\u0259ril\u0259r\u0259 beyn\u0259lxalq","og_url":"https:\/\/az.f-chain.com\/az\/beyn\u0259lxalq-oz\u0259l-huquq\/","og_site_name":"FChain","article_modified_time":"2025-10-21T06:42:35+00:00","og_image":[{"width":2560,"height":1707,"url":"https:\/\/az.f-chain.com\/wp-content\/uploads\/2025\/07\/bangkok-thailand-october-14-2021-magnifying-gla-2025-02-25-01-51-17-utc-scaled.jpg","type":"image\/jpeg"}],"twitter_card":"summary_large_image","schema":{"@context":"https:\/\/schema.org","@graph":[{"@type":"WebPage","@id":"https:\/\/az.f-chain.com\/az\/beyn%c9%99lxalq-oz%c9%99l-huquq\/","url":"https:\/\/az.f-chain.com\/az\/beyn%c9%99lxalq-oz%c9%99l-huquq\/","name":"Beyn\u0259lxalq (\u00f6z\u0259l) h\u00fcquq - FChain","isPartOf":{"@id":"https:\/\/az.f-chain.com\/#website"},"primaryImageOfPage":{"@id":"https:\/\/az.f-chain.com\/az\/beyn%c9%99lxalq-oz%c9%99l-huquq\/#primaryimage"},"image":{"@id":"https:\/\/az.f-chain.com\/az\/beyn%c9%99lxalq-oz%c9%99l-huquq\/#primaryimage"},"thumbnailUrl":"https:\/\/az.f-chain.com\/wp-content\/uploads\/2025\/07\/bangkok-thailand-october-14-2021-magnifying-gla-2025-02-25-01-51-17-utc-scaled.jpg","datePublished":"2025-09-30T06:10:49+00:00","dateModified":"2025-10-21T06:42:35+00:00","breadcrumb":{"@id":"https:\/\/az.f-chain.com\/az\/beyn%c9%99lxalq-oz%c9%99l-huquq\/#breadcrumb"},"inLanguage":"az","potentialAction":[{"@type":"ReadAction","target":["https:\/\/az.f-chain.com\/az\/beyn%c9%99lxalq-oz%c9%99l-huquq\/"]}]},{"@type":"ImageObject","inLanguage":"az","@id":"https:\/\/az.f-chain.com\/az\/beyn%c9%99lxalq-oz%c9%99l-huquq\/#primaryimage","url":"https:\/\/az.f-chain.com\/wp-content\/uploads\/2025\/07\/bangkok-thailand-october-14-2021-magnifying-gla-2025-02-25-01-51-17-utc-scaled.jpg","contentUrl":"https:\/\/az.f-chain.com\/wp-content\/uploads\/2025\/07\/bangkok-thailand-october-14-2021-magnifying-gla-2025-02-25-01-51-17-utc-scaled.jpg","width":2560,"height":1707,"caption":"Bangkok, Thailand October 14, 2021 Magnifying glass with world glove map."},{"@type":"BreadcrumbList","@id":"https:\/\/az.f-chain.com\/az\/beyn%c9%99lxalq-oz%c9%99l-huquq\/#breadcrumb","itemListElement":[{"@type":"ListItem","position":1,"name":"Home","item":"https:\/\/az.f-chain.com\/az\/"},{"@type":"ListItem","position":2,"name":"Beyn\u0259lxalq (\u00f6z\u0259l) h\u00fcquq"}]},{"@type":"WebSite","@id":"https:\/\/az.f-chain.com\/#website","url":"https:\/\/az.f-chain.com\/","name":"FChain","description":"Azerbaijan","potentialAction":[{"@type":"SearchAction","target":{"@type":"EntryPoint","urlTemplate":"https:\/\/az.f-chain.com\/?s={search_term_string}"},"query-input":{"@type":"PropertyValueSpecification","valueRequired":true,"valueName":"search_term_string"}}],"inLanguage":"az"}]}},"_links":{"self":[{"href":"https:\/\/az.f-chain.com\/az\/wp-json\/wp\/v2\/pages\/55974","targetHints":{"allow":["GET"]}}],"collection":[{"href":"https:\/\/az.f-chain.com\/az\/wp-json\/wp\/v2\/pages"}],"about":[{"href":"https:\/\/az.f-chain.com\/az\/wp-json\/wp\/v2\/types\/page"}],"author":[{"embeddable":true,"href":"https:\/\/az.f-chain.com\/az\/wp-json\/wp\/v2\/users\/6"}],"replies":[{"embeddable":true,"href":"https:\/\/az.f-chain.com\/az\/wp-json\/wp\/v2\/comments?post=55974"}],"version-history":[{"count":2,"href":"https:\/\/az.f-chain.com\/az\/wp-json\/wp\/v2\/pages\/55974\/revisions"}],"predecessor-version":[{"id":56222,"href":"https:\/\/az.f-chain.com\/az\/wp-json\/wp\/v2\/pages\/55974\/revisions\/56222"}],"wp:featuredmedia":[{"embeddable":true,"href":"https:\/\/az.f-chain.com\/az\/wp-json\/wp\/v2\/media\/55321"}],"wp:attachment":[{"href":"https:\/\/az.f-chain.com\/az\/wp-json\/wp\/v2\/media?parent=55974"}],"curies":[{"name":"wp","href":"https:\/\/api.w.org\/{rel}","templated":true}]}}