{"id":55730,"date":"2023-09-03T05:41:51","date_gmt":"2023-09-03T02:41:51","guid":{"rendered":"https:\/\/az.f-chain.com\/employer_of_record_eor\/"},"modified":"2025-08-29T02:11:06","modified_gmt":"2025-08-28T23:11:06","slug":"employer_of_record_eor","status":"publish","type":"page","link":"https:\/\/az.f-chain.com\/az\/employer_of_record_eor\/","title":{"rendered":"Employer Of Record xidm\u0259tl\u0259ri (EOR)"},"content":{"rendered":"<div class=\"wpb-content-wrapper\"><p>[vc_row equal_height=&#8221;yes&#8221; css_animation=&#8221;fadeInUp&#8221;][vc_column][vc_column_text]<\/p>\n<h1>Az\u0259rbaycanda rekord xidm\u0259tl\u0259ri g\u00f6st\u0259r\u0259n i\u015f\u0259g\u00f6t\u00fcr\u0259n<\/h1>\n<p>[\/vc_column_text][vc_column_text]Az\u0259rbaycanda, o c\u00fcml\u0259d\u0259n Bak\u0131da Rekord (EOR) xidm\u0259tl\u0259rinin i\u015f\u0259g\u00f6t\u00fcr\u0259nl\u0259ri h\u00fcquqi \u015f\u0259xs yaratmaqla ba\u011fl\u0131 \u00e7\u0259tinlikl\u0259r olmadan i\u015f\u00e7il\u0259ri i\u015f\u0259 g\u00f6t\u00fcrm\u0259k v\u0259 idar\u0259 etm\u0259k ist\u0259y\u0259n biznesl\u0259r \u00fc\u00e7\u00fcn d\u0259y\u0259rli h\u0259ll yolu ola bil\u0259r. Az\u0259rbaycanda, o c\u00fcml\u0259d\u0259n Bak\u0131da EOR xidm\u0259tl\u0259ri t\u0259klif ed\u0259n provayderl\u0259rd\u0259n biri d\u0259 FCHAIN \u200b\u200b\u015firk\u0259timizdir. Burada EOR xidm\u0259tl\u0259ri v\u0259 t\u0259klifl\u0259rimiz haqq\u0131nda b\u0259zi m\u0259lumatlar var.[\/vc_column_text][\/vc_column][\/vc_row][vc_row content_placement=&#8221;middle&#8221; css_animation=&#8221;fadeInUp&#8221; css=&#8221;.vc_custom_1632375988644{margin-bottom: 0px !important;background-color: #f6f6f6 !important;}&#8221;][vc_column width=&#8221;1\/2&#8243;][vc_column_text css_animation=&#8221;fadeInLeft&#8221;]<\/p>\n<h2>Employer of Record (EOR) Services<\/h2>\n<p>Record xidm\u0259tl\u0259rinin i\u015f\u0259g\u00f6t\u00fcr\u0259nl\u0259ri, FCHAIN \u200b\u200bt\u0259r\u0259find\u0259n t\u0259klif olunanlar kimi, m\u00fc\u015ft\u0259ri \u015firk\u0259ti ad\u0131ndan m\u00fcxt\u0259lif HR v\u0259 m\u0259\u015f\u011fulluqla ba\u011fl\u0131 \u00f6hd\u0259likl\u0259ri yerin\u0259 yetir\u0259r\u0259k, m\u00fc\u0259ssis\u0259l\u0259r v\u0259 onlar\u0131n i\u015f\u00e7il\u0259ri aras\u0131nda k\u00f6rp\u00fc rolunu oynay\u0131r. Bu xidm\u0259tl\u0259r yerli \u0259m\u0259k qanunlar\u0131na riay\u0259t olunmas\u0131n\u0131 t\u0259min etm\u0259y\u0259 v\u0259 HR prosesl\u0259rini sad\u0259l\u0259\u015fdirm\u0259y\u0259 k\u00f6m\u0259k ed\u0259 bil\u0259r.<\/p>\n<h3>FCHAIN \u200b\u200bAz\u0259rbaycanda EOR kimi<\/h3>\n<p>Biz Az\u0259rbaycanda, o c\u00fcml\u0259d\u0259n Bak\u0131da EOR xidm\u0259tl\u0259rind\u0259 ixtisasla\u015fm\u0131\u015f provayderik. Az\u0259rbaycanda EOR xidm\u0259tl\u0259ri \u00fc\u00e7\u00fcn FCHAIN-i n\u0259z\u0259rd\u0259n ke\u00e7ir\u0259rk\u0259n siz:<\/p>\n<ol>\n<li style=\"list-style-type: none;\">\n<ol>\n<li>FCHAIN-i ara\u015fd\u0131r\u0131n: FCHAIN-in Az\u0259rbaycanda EOR xidm\u0259tl\u0259rinin g\u00f6st\u0259rilm\u0259si \u00fczr\u0259 n\u00fcfuzunu, t\u0259cr\u00fcb\u0259sini v\u0259 t\u0259cr\u00fcb\u0259sini ara\u015fd\u0131r\u0131n. Etibarl\u0131l\u0131\u011f\u0131n\u0131 \u00f6l\u00e7m\u0259k \u00fc\u00e7\u00fcn m\u00fc\u015ft\u0259ri r\u0259yl\u0259rini v\u0259 r\u0259yl\u0259rini axtar\u0131n.<\/li>\n<li>Xidm\u0259t t\u0259klifl\u0259ri: FCHAIN-in t\u0259klif etdiyi x\u00fcsusi xidm\u0259tl\u0259r haqq\u0131nda m\u0259lumat al\u0131n. Bunlara ad\u0259t\u0259n \u0259m\u0259k m\u00fcqavil\u0259sinin idar\u0259 edilm\u0259si, \u0259m\u0259k haqq\u0131n\u0131n i\u015fl\u0259nm\u0259si, m\u00fcavin\u0259tl\u0259rin idar\u0259 edilm\u0259si v\u0259 vergi uy\u011funlu\u011fu daxildir.<\/li>\n<li>Yerli Ekspertiza: Biznesinizin uy\u011fun qalmas\u0131na k\u00f6m\u0259k etm\u0259k \u00fc\u00e7\u00fcn FCHAIN-in Az\u0259rbaycan \u0259m\u0259k qanunlar\u0131 v\u0259 qaydalar\u0131na dair g\u00fccl\u00fc anlay\u0131\u015fa malik oldu\u011fundan \u0259min olun.<\/li>\n<li>F\u0259rdi H\u0259ll\u0259r: FCHAIN \u200b\u200bil\u0259 \u015firk\u0259tinizin unikal ehtiyaclar\u0131n\u0131 v\u0259 m\u0259qs\u0259dl\u0259rini m\u00fczakir\u0259 edin. Onlar EOR xidm\u0259tl\u0259rini biznes m\u0259qs\u0259dl\u0259riniz\u0259 uy\u011funla\u015fd\u0131rmaq \u00fc\u00e7\u00fcn uy\u011funla\u015fd\u0131ra bilm\u0259lidirl\u0259r.<\/li>\n<li>X\u0259rc strukturu: FCHAIN-in \u00f6d\u0259ni\u015f strukturunu v\u0259 onlar\u0131n xidm\u0259tl\u0259ri il\u0259 ba\u011fl\u0131 h\u0259r hans\u0131 \u0259lav\u0259 x\u0259rcl\u0259ri anlay\u0131n. Bu \u015f\u0259ffafl\u0131q b\u00fcdc\u0259 m\u0259qs\u0259dl\u0259ri \u00fc\u00e7\u00fcn vacibdir.<\/li>\n<li>M\u00fcqavil\u0259 Sazi\u015fi: FCHAIN \u200b\u200bil\u0259 xidm\u0259tl\u0259rin h\u0259cmini, \u00f6hd\u0259likl\u0259rini v\u0259 t\u0259r\u0259fda\u015fl\u0131\u011f\u0131n \u015f\u0259rtl\u0259rini \u0259ks etdir\u0259n ayd\u0131n m\u00fcqavil\u0259 v\u0259 ya m\u00fcqavil\u0259ni n\u0259z\u0259rd\u0259n ke\u00e7irin v\u0259 imzalay\u0131n.<\/li>\n<li>Davaml\u0131 D\u0259st\u0259k: FCHAIN-in h\u0259r hans\u0131 HR v\u0259 ya yarana bil\u0259c\u0259k uy\u011funluq probleml\u0259rini h\u0259ll etm\u0259kl\u0259 m\u0259\u015f\u011fulluq m\u00fcnasib\u0259tl\u0259ri boyunca davaml\u0131 d\u0259st\u0259k verdiyini t\u0259sdiql\u0259yin.<\/li>\n<li>\u00c7\u0131x\u0131\u015f Strategiyas\u0131: G\u0259l\u0259c\u0259kd\u0259 Az\u0259rbaycanda h\u00fcquqi \u015f\u0259xs yaratmaq v\u0259 ya i\u015f\u00e7i q\u00fcvv\u0259nizd\u0259 ba\u015fqa \u0259h\u0259miyy\u0259tli d\u0259yi\u015fiklikl\u0259r etm\u0259k q\u0259rar\u0131na g\u0259ls\u0259niz, FCHAIN-in ke\u00e7idi nec\u0259 idar\u0259 etdiyini m\u00fczakir\u0259 edin.<\/li>\n<li>Monitorinq v\u0259 Hesabat: \u018fm\u0259liyyatlar\u0131n\u0131z\u0131n d\u00fczg\u00fcn i\u015fl\u0259m\u0259sini t\u0259min etm\u0259k \u00fc\u00e7\u00fcn FCHAIN-d\u0259n m\u00fcnt\u0259z\u0259m maliyy\u0259 v\u0259 uy\u011funluq hesabatlar\u0131 t\u0259l\u0259b edin.<\/li>\n<li>H\u00fcquqi M\u0259sl\u0259h\u0259tl\u0259\u015fm\u0259: FCHAIN \u200b\u200bbir \u00e7ox h\u00fcquqi v\u0259 uy\u011funluq m\u0259s\u0259l\u0259l\u0259rind\u0259 k\u00f6m\u0259k ed\u0259 bils\u0259 d\u0259, tam uy\u011funlu\u011fu t\u0259min etm\u0259k \u00fc\u00e7\u00fcn Az\u0259rbaycan\u0131n \u0259m\u0259k v\u0259 vergi qanunlar\u0131 \u00fczr\u0259 yerli ekspertl\u0259rd\u0259n h\u00fcquqi m\u0259sl\u0259h\u0259t alma\u011f\u0131 d\u00fc\u015f\u00fcn\u00fcn.<\/li>\n<\/ol>\n<\/li>\n<\/ol>\n<p>[\/vc_column_text][\/vc_column][vc_column width=&#8221;1\/2&#8243;][vc_single_image image=&#8221;19415&#8243; img_size=&#8221;full&#8221; alignment=&#8221;center&#8221; css_animation=&#8221;fadeInRight&#8221;][\/vc_column][vc_column][vc_column_text css_animation=&#8221;fadeInUp&#8221;]FCHAIN-in EOR xidm\u0259tl\u0259ri Az\u0259rbaycanda, x\u00fcsus\u0259n d\u0259 Bak\u0131da m\u0259\u015f\u011fulluq ehtiyaclar\u0131n\u0131z \u00fc\u00e7\u00fcn rahat v\u0259 uy\u011fun h\u0259lli t\u0259min ed\u0259 bil\u0259r. Bununla bel\u0259, h\u0259r hans\u0131 \u00f6hd\u0259lik g\u00f6t\u00fcrm\u0259zd\u0259n \u0259vv\u0259l onlar\u0131n xidm\u0259tl\u0259rini h\u0259rt\u0259r\u0259fli qiym\u0259tl\u0259ndirin v\u0259 onlar\u0131n biznes t\u0259l\u0259bl\u0259riniz\u0259 v\u0259 g\u00f6zl\u0259ntil\u0259riniz\u0259 cavab verdiyin\u0259 \u0259min olmaq \u00fc\u00e7\u00fcn a\u00e7\u0131q \u00fcnsiyy\u0259td\u0259 olun.[\/vc_column_text][\/vc_column][\/vc_row][vc_row][vc_column width=&#8221;1\/2&#8243;][vc_single_image image=&#8221;19233&#8243; img_size=&#8221;full&#8221; css_animation=&#8221;fadeInLeft&#8221;][\/vc_column][vc_column width=&#8221;1\/2&#8243;][vc_column_text css_animation=&#8221;fadeInRight&#8221;]<\/p>\n<h2>FCHAIN-in Az\u0259rbaycanda, x\u00fcsus\u0259n Bak\u0131da Rekord \u0130\u015f\u0259g\u00f6t\u00fcr\u0259n (EOR) xidm\u0259tl\u0259ri<\/h2>\n<ul class=\"ul-gray\">\n<li>\u00c7eviklik v\u0259 \u00d6l\u00e7eklenebilirlik: FCHAIN-in EOR xidm\u0259tl\u0259ri biznesiniz \u00fc\u00e7\u00fcn rahatl\u0131q t\u0259klif ed\u0259 bil\u0259r. Az\u0259rbaycanda miqyas\u0131n\u0131 art\u0131rmaq v\u0259 ya azaltmaq ist\u0259m\u0259yinizd\u0259n as\u0131l\u0131 olmayaraq, onlar i\u015f\u00e7i q\u00fcvv\u0259sin\u0259 olan t\u0259l\u0259bl\u0259rinizd\u0259 d\u0259yi\u015fiklikl\u0259r\u0259 uy\u011funla\u015fa bilm\u0259lidirl\u0259r. \u0130nki\u015faf etm\u0259kd\u0259 olan ehtiyaclar\u0131n\u0131za uy\u011funla\u015fa bilm\u0259l\u0259rini t\u0259min etm\u0259k \u00fc\u00e7\u00fcn b\u00f6y\u00fcm\u0259 planlar\u0131n\u0131z\u0131 v\u0259 i\u015f\u00e7i q\u00fcvv\u0259si proqnozlar\u0131n\u0131z\u0131 FCHAIN \u200b\u200bil\u0259 m\u00fczakir\u0259 edin.<\/li>\n<li>\u0130\u015f\u00e7il\u0259rin M\u00fcavin\u0259tl\u0259ri \u0130dar\u0259si: FCHAIN, sa\u011flaml\u0131q s\u0131\u011fortas\u0131, pensiya planlar\u0131 v\u0259 dig\u0259r \u00fcst\u00fcnl\u00fckl\u0259r kimi i\u015f\u00e7il\u0259rin faydalar\u0131n\u0131 idar\u0259 etm\u0259y\u0259 k\u00f6m\u0259k ed\u0259 bil\u0259r. Az\u0259rbaycanda istedadlar\u0131n c\u0259lb edilm\u0259si v\u0259 saxlan\u0131lmas\u0131 \u00fc\u00e7\u00fcn h\u0259rt\u0259r\u0259fli imtiyazlar paketinin olmas\u0131 h\u0259lledici ola bil\u0259r.<\/li>\n<li>M\u0259d\u0259ni Anla\u015fma: Az\u0259rbaycanda, x\u00fcsus\u0259n d\u0259 Bak\u0131da yerli m\u0259d\u0259niyy\u0259t v\u0259 biznes t\u0259cr\u00fcb\u0259l\u0259rini d\u0259rind\u0259n bil\u0259n EOR il\u0259 i\u015fl\u0259m\u0259k faydal\u0131 ola bil\u0259r. FCHAIN-in yerli t\u0259cr\u00fcb\u0259si b\u00f6lg\u0259d\u0259ki i\u015f\u00e7il\u0259r v\u0259 maraql\u0131 t\u0259r\u0259fl\u0259rl\u0259 r\u0259van qar\u015f\u0131l\u0131ql\u0131 \u0259laq\u0259ni asanla\u015fd\u0131rma\u011fa k\u00f6m\u0259k ed\u0259 bil\u0259r.<\/li>\n<li>Dil bilikl\u0259ri: FCHAIN \u200b\u200bkomandas\u0131n\u0131n az\u0259rbaycan v\u0259 ingilis dill\u0259rini m\u00fck\u0259mm\u0259l bildiyin\u0259 \u0259min olun, \u00e7\u00fcnki xarici \u00f6lk\u0259d\u0259 \u0259m\u0259k m\u00fcnasib\u0259tl\u0259ri, \u0259m\u0259k haqq\u0131 v\u0259 HR prosesl\u0259rini idar\u0259 ed\u0259rk\u0259n effektiv \u00fcnsiyy\u0259t vacibdir.<\/li>\n<li>Uy\u011funluq Yenil\u0259m\u0259l\u0259ri: Az\u0259rbaycan\u0131n \u0259m\u0259k qanunlar\u0131nda v\u0259 ya qaydalar\u0131nda biznesiniz\u0259 t\u0259sir ed\u0259 bil\u0259c\u0259k h\u0259r hans\u0131 d\u0259yi\u015fiklik bar\u0259d\u0259 m\u0259lumatl\u0131 olmaq \u00fc\u00e7\u00fcn FCHAIN \u200b\u200bil\u0259 s\u0131x \u0259laq\u0259 saxlay\u0131n. Potensial h\u00fcquqi probleml\u0259rin qar\u015f\u0131s\u0131n\u0131 almaq \u00fc\u00e7\u00fcn uy\u011funlu\u011fa proaktiv yana\u015fma \u00e7ox vacibdir.<\/li>\n<li>M\u00fc\u015ft\u0259ri Referanslar\u0131: Az\u0259rbaycanda EOR xidm\u0259tl\u0259rind\u0259n istifad\u0259 etmi\u015f dig\u0259r biznesl\u0259rin t\u0259cr\u00fcb\u0259l\u0259ri haqq\u0131nda e\u015fitm\u0259k \u00fc\u00e7\u00fcn FCHAIN-d\u0259n m\u00fc\u015ft\u0259ri aray\u0131\u015flar\u0131n\u0131 t\u0259l\u0259b edin. Bu, onlar\u0131n performans\u0131 v\u0259 etibarl\u0131l\u0131\u011f\u0131 haqq\u0131nda d\u0259y\u0259rli fikirl\u0259r ver\u0259 bil\u0259r.<\/li>\n<li>Yerli T\u0259r\u0259fda\u015fl\u0131qlar: FCHAIN-in Az\u0259rbaycanda yerli h\u00fcquq v\u0259 m\u00fchasibat firmalar\u0131 il\u0259 \u0259m\u0259kda\u015fl\u0131q edib-etm\u0259diyini \u00f6yr\u0259nin. Bu t\u0259r\u0259fda\u015fl\u0131qlar laz\u0131m olduqda \u0259lav\u0259 d\u0259st\u0259k v\u0259 t\u0259cr\u00fcb\u0259 t\u0259klif ed\u0259 bil\u0259r.<\/li>\n<li>M\u0259lumat T\u0259hl\u00fck\u0259sizliyi: \u0130\u015f\u00e7i m\u0259lumatlar\u0131n\u0131n v\u0259 h\u0259ssas m\u0259lumatlar\u0131n son d\u0259r\u0259c\u0259 ehtiyatla v\u0259 m\u0259lumatlar\u0131n qorunmas\u0131 qaydalar\u0131na uy\u011fun idar\u0259 olunmas\u0131n\u0131 t\u0259min etm\u0259k \u00fc\u00e7\u00fcn FCHAIN \u200b\u200bil\u0259 m\u0259lumat t\u0259hl\u00fck\u0259sizliyi t\u0259dbirl\u0259rini m\u00fczakir\u0259 edin.<\/li>\n<li>Vaxtl\u0131l\u0131q: FCHAIN \u200b\u200b\u0259m\u0259k haqq\u0131n\u0131n vaxt\u0131nda v\u0259 d\u0259qiq i\u015fl\u0259nm\u0259sini t\u0259min etm\u0259li, i\u015f\u00e7il\u0259rin d\u00fczg\u00fcn v\u0259 vaxt\u0131nda maa\u015f almas\u0131n\u0131 t\u0259min etm\u0259lidir ki, bu da i\u015f\u00e7il\u0259rin m\u0259mnunlu\u011funu qorumaq \u00fc\u00e7\u00fcn \u00e7ox vacibdir.<\/li>\n<li>M\u00fc\u015ft\u0259ri D\u0259st\u0259yi: FCHAIN-in m\u00fc\u015ft\u0259ri d\u0259st\u0259yini v\u0259 cavabdehliyini qiym\u0259tl\u0259ndirin. S\u00fcr\u0259tli v\u0259 effektiv \u00fcnsiyy\u0259t h\u0259r hans\u0131 bir problemi tez bir zamanda h\u0259ll etm\u0259k \u00fc\u00e7\u00fcn vacibdir.<\/li>\n<\/ul>\n<p>[\/vc_column_text][\/vc_column][\/vc_row][vc_row][vc_column][vc_column_text css_animation=&#8221;fadeInUp&#8221;]FCHAIN-i Az\u0259rbaycanda EOR kimi n\u0259z\u0259rd\u0259n ke\u00e7ir\u0259rk\u0259n, xidm\u0259tl\u0259rimizi, m\u00fcqavil\u0259 \u015f\u0259rtl\u0259rini v\u0259 istinadlar\u0131m\u0131z\u0131 h\u0259rt\u0259r\u0259fli n\u0259z\u0259rd\u0259n ke\u00e7irm\u0259k \u00fc\u00e7\u00fcn vaxt ay\u0131r\u0131n. EOR il\u0259 effektiv t\u0259r\u0259fda\u015fl\u0131q Az\u0259rbaycanda geni\u015fl\u0259nm\u0259nizi v\u0259 ya i\u015f\u00e7i q\u00fcvv\u0259nizin idar\u0259 edilm\u0259sini \u0259h\u0259miyy\u0259tli d\u0259r\u0259c\u0259d\u0259 sad\u0259l\u0259\u015fdir\u0259 bil\u0259r, eyni zamanda qanunlara uy\u011funlu\u011fu t\u0259min edir v\u0259 diqq\u0259tinizi \u0259sas biznes f\u0259aliyy\u0259tiniz\u0259 y\u00f6n\u0259ltm\u0259y\u0259 imkan verir.[\/vc_column_text][\/vc_column][\/vc_row]<\/p>\n<\/div>","protected":false},"excerpt":{"rendered":"<p>[vc_row equal_height=&#8221;yes&#8221; css_animation=&#8221;fadeInUp&#8221;][vc_column][vc_column_text] Az\u0259rbaycanda rekord xidm\u0259tl\u0259ri g\u00f6st\u0259r\u0259n i\u015f\u0259g\u00f6t\u00fcr\u0259n [\/vc_column_text][vc_column_text]Az\u0259rbaycanda, o c\u00fcml\u0259d\u0259n Bak\u0131da Rekord (EOR) xidm\u0259tl\u0259rinin i\u015f\u0259g\u00f6t\u00fcr\u0259nl\u0259ri h\u00fcquqi \u015f\u0259xs yaratmaqla ba\u011fl\u0131 \u00e7\u0259tinlikl\u0259r olmadan i\u015f\u00e7il\u0259ri i\u015f\u0259 g\u00f6t\u00fcrm\u0259k v\u0259 idar\u0259 etm\u0259k ist\u0259y\u0259n biznesl\u0259r \u00fc\u00e7\u00fcn d\u0259y\u0259rli h\u0259ll yolu ola bil\u0259r. Az\u0259rbaycanda, o c\u00fcml\u0259d\u0259n Bak\u0131da EOR xidm\u0259tl\u0259ri t\u0259klif ed\u0259n provayderl\u0259rd\u0259n biri d\u0259 FCHAIN \u200b\u200b\u015firk\u0259timizdir. Burada EOR xidm\u0259tl\u0259ri v\u0259 t\u0259klifl\u0259rimiz haqq\u0131nda<\/p>\n","protected":false},"author":3,"featured_media":0,"parent":0,"menu_order":0,"comment_status":"open","ping_status":"closed","template":"","meta":{"_acf_changed":false,"footnotes":""},"class_list":["post-55730","page","type-page","status-publish","hentry"],"acf":[],"yoast_head":"<!-- This site is optimized with the Yoast SEO plugin v27.3 - https:\/\/yoast.com\/product\/yoast-seo-wordpress\/ -->\n<title>EOR Azerbaijan - Employer of Record<\/title>\n<meta name=\"description\" content=\"Az\u0259rbaycanda Rekord \u0130\u015f\u0259g\u00f6t\u00fcr\u0259n (EOR) Az\u0259rbaycanda xarici i\u015f\u00e7il\u0259r v\u0259 ya \u015firk\u0259tin \u0259m\u0259kda\u015flar\u0131 \u00fc\u00e7\u00fcn r\u0259smi i\u015f\u0259g\u00f6t\u00fcr\u0259n rolunu \u00f6z \u00fcz\u0259rin\u0259 g\u00f6t\u00fcr\u0259n xidm\u0259t v\u0259 ya t\u0259\u015fkilatd\u0131r. Bu o dem\u0259kdir ki, EOR i\u015f\u0259 g\u00f6t\u00fcr\u0259n \u015firk\u0259t ad\u0131ndan \u0259m\u0259k haqq\u0131n\u0131n idar\u0259 edilm\u0259si, vergil\u0259r\u0259 uy\u011funluq, insan resurslar\u0131 tap\u015f\u0131r\u0131qlar\u0131 v\u0259 dig\u0259r inzibati funksiyalar da daxil olmaqla m\u0259\u015f\u011fulluqla ba\u011fl\u0131 m\u00fcxt\u0259lif v\u0259zif\u0259l\u0259ri yerin\u0259 yetirir. FCHAIN \u200b\u200bsiz\u0259 bu i\u015fd\u0259 k\u00f6m\u0259k ed\u0259c\u0259k.\" \/>\n<meta name=\"robots\" content=\"index, follow, max-snippet:-1, max-image-preview:large, max-video-preview:-1\" \/>\n<link rel=\"canonical\" href=\"https:\/\/az.f-chain.com\/az\/employer_of_record_eor\/\" \/>\n<meta property=\"og:locale\" content=\"az_AZ\" \/>\n<meta property=\"og:type\" content=\"article\" \/>\n<meta property=\"og:title\" content=\"EOR Azerbaijan - Employer of Record\" \/>\n<meta property=\"og:description\" content=\"Az\u0259rbaycanda Rekord \u0130\u015f\u0259g\u00f6t\u00fcr\u0259n (EOR) Az\u0259rbaycanda xarici i\u015f\u00e7il\u0259r v\u0259 ya \u015firk\u0259tin \u0259m\u0259kda\u015flar\u0131 \u00fc\u00e7\u00fcn r\u0259smi i\u015f\u0259g\u00f6t\u00fcr\u0259n rolunu \u00f6z \u00fcz\u0259rin\u0259 g\u00f6t\u00fcr\u0259n xidm\u0259t v\u0259 ya t\u0259\u015fkilatd\u0131r. Bu o dem\u0259kdir ki, EOR i\u015f\u0259 g\u00f6t\u00fcr\u0259n \u015firk\u0259t ad\u0131ndan \u0259m\u0259k haqq\u0131n\u0131n idar\u0259 edilm\u0259si, vergil\u0259r\u0259 uy\u011funluq, insan resurslar\u0131 tap\u015f\u0131r\u0131qlar\u0131 v\u0259 dig\u0259r inzibati funksiyalar da daxil olmaqla m\u0259\u015f\u011fulluqla ba\u011fl\u0131 m\u00fcxt\u0259lif v\u0259zif\u0259l\u0259ri yerin\u0259 yetirir. FCHAIN \u200b\u200bsiz\u0259 bu i\u015fd\u0259 k\u00f6m\u0259k ed\u0259c\u0259k.\" \/>\n<meta property=\"og:url\" content=\"https:\/\/az.f-chain.com\/az\/employer_of_record_eor\/\" \/>\n<meta property=\"og:site_name\" content=\"FChain\" \/>\n<meta property=\"article:modified_time\" content=\"2025-08-28T23:11:06+00:00\" \/>\n<meta name=\"twitter:card\" content=\"summary_large_image\" \/>\n<script type=\"application\/ld+json\" class=\"yoast-schema-graph\">{\"@context\":\"https:\\\/\\\/schema.org\",\"@graph\":[{\"@type\":\"WebPage\",\"@id\":\"https:\\\/\\\/az.f-chain.com\\\/az\\\/employer_of_record_eor\\\/\",\"url\":\"https:\\\/\\\/az.f-chain.com\\\/az\\\/employer_of_record_eor\\\/\",\"name\":\"EOR Azerbaijan - Employer of Record\",\"isPartOf\":{\"@id\":\"https:\\\/\\\/az.f-chain.com\\\/#website\"},\"datePublished\":\"2023-09-03T02:41:51+00:00\",\"dateModified\":\"2025-08-28T23:11:06+00:00\",\"description\":\"Az\u0259rbaycanda Rekord \u0130\u015f\u0259g\u00f6t\u00fcr\u0259n (EOR) Az\u0259rbaycanda xarici i\u015f\u00e7il\u0259r v\u0259 ya \u015firk\u0259tin \u0259m\u0259kda\u015flar\u0131 \u00fc\u00e7\u00fcn r\u0259smi i\u015f\u0259g\u00f6t\u00fcr\u0259n rolunu \u00f6z \u00fcz\u0259rin\u0259 g\u00f6t\u00fcr\u0259n xidm\u0259t v\u0259 ya t\u0259\u015fkilatd\u0131r. Bu o dem\u0259kdir ki, EOR i\u015f\u0259 g\u00f6t\u00fcr\u0259n \u015firk\u0259t ad\u0131ndan \u0259m\u0259k haqq\u0131n\u0131n idar\u0259 edilm\u0259si, vergil\u0259r\u0259 uy\u011funluq, insan resurslar\u0131 tap\u015f\u0131r\u0131qlar\u0131 v\u0259 dig\u0259r inzibati funksiyalar da daxil olmaqla m\u0259\u015f\u011fulluqla ba\u011fl\u0131 m\u00fcxt\u0259lif v\u0259zif\u0259l\u0259ri yerin\u0259 yetirir. FCHAIN \u200b\u200bsiz\u0259 bu i\u015fd\u0259 k\u00f6m\u0259k ed\u0259c\u0259k.\",\"breadcrumb\":{\"@id\":\"https:\\\/\\\/az.f-chain.com\\\/az\\\/employer_of_record_eor\\\/#breadcrumb\"},\"inLanguage\":\"az\",\"potentialAction\":[{\"@type\":\"ReadAction\",\"target\":[\"https:\\\/\\\/az.f-chain.com\\\/az\\\/employer_of_record_eor\\\/\"]}]},{\"@type\":\"BreadcrumbList\",\"@id\":\"https:\\\/\\\/az.f-chain.com\\\/az\\\/employer_of_record_eor\\\/#breadcrumb\",\"itemListElement\":[{\"@type\":\"ListItem\",\"position\":1,\"name\":\"Home\",\"item\":\"https:\\\/\\\/az.f-chain.com\\\/az\\\/\"},{\"@type\":\"ListItem\",\"position\":2,\"name\":\"Employer Of Record xidm\u0259tl\u0259ri (EOR)\"}]},{\"@type\":\"WebSite\",\"@id\":\"https:\\\/\\\/az.f-chain.com\\\/#website\",\"url\":\"https:\\\/\\\/az.f-chain.com\\\/\",\"name\":\"FChain\",\"description\":\"Azerbaijan\",\"potentialAction\":[{\"@type\":\"SearchAction\",\"target\":{\"@type\":\"EntryPoint\",\"urlTemplate\":\"https:\\\/\\\/az.f-chain.com\\\/?s={search_term_string}\"},\"query-input\":{\"@type\":\"PropertyValueSpecification\",\"valueRequired\":true,\"valueName\":\"search_term_string\"}}],\"inLanguage\":\"az\"}]}<\/script>\n<!-- \/ Yoast SEO plugin. -->","yoast_head_json":{"title":"EOR Azerbaijan - Employer of Record","description":"Az\u0259rbaycanda Rekord \u0130\u015f\u0259g\u00f6t\u00fcr\u0259n (EOR) Az\u0259rbaycanda xarici i\u015f\u00e7il\u0259r v\u0259 ya \u015firk\u0259tin \u0259m\u0259kda\u015flar\u0131 \u00fc\u00e7\u00fcn r\u0259smi i\u015f\u0259g\u00f6t\u00fcr\u0259n rolunu \u00f6z \u00fcz\u0259rin\u0259 g\u00f6t\u00fcr\u0259n xidm\u0259t v\u0259 ya t\u0259\u015fkilatd\u0131r. Bu o dem\u0259kdir ki, EOR i\u015f\u0259 g\u00f6t\u00fcr\u0259n \u015firk\u0259t ad\u0131ndan \u0259m\u0259k haqq\u0131n\u0131n idar\u0259 edilm\u0259si, vergil\u0259r\u0259 uy\u011funluq, insan resurslar\u0131 tap\u015f\u0131r\u0131qlar\u0131 v\u0259 dig\u0259r inzibati funksiyalar da daxil olmaqla m\u0259\u015f\u011fulluqla ba\u011fl\u0131 m\u00fcxt\u0259lif v\u0259zif\u0259l\u0259ri yerin\u0259 yetirir. FCHAIN \u200b\u200bsiz\u0259 bu i\u015fd\u0259 k\u00f6m\u0259k ed\u0259c\u0259k.","robots":{"index":"index","follow":"follow","max-snippet":"max-snippet:-1","max-image-preview":"max-image-preview:large","max-video-preview":"max-video-preview:-1"},"canonical":"https:\/\/az.f-chain.com\/az\/employer_of_record_eor\/","og_locale":"az_AZ","og_type":"article","og_title":"EOR Azerbaijan - Employer of Record","og_description":"Az\u0259rbaycanda Rekord \u0130\u015f\u0259g\u00f6t\u00fcr\u0259n (EOR) Az\u0259rbaycanda xarici i\u015f\u00e7il\u0259r v\u0259 ya \u015firk\u0259tin \u0259m\u0259kda\u015flar\u0131 \u00fc\u00e7\u00fcn r\u0259smi i\u015f\u0259g\u00f6t\u00fcr\u0259n rolunu \u00f6z \u00fcz\u0259rin\u0259 g\u00f6t\u00fcr\u0259n xidm\u0259t v\u0259 ya t\u0259\u015fkilatd\u0131r. Bu o dem\u0259kdir ki, EOR i\u015f\u0259 g\u00f6t\u00fcr\u0259n \u015firk\u0259t ad\u0131ndan \u0259m\u0259k haqq\u0131n\u0131n idar\u0259 edilm\u0259si, vergil\u0259r\u0259 uy\u011funluq, insan resurslar\u0131 tap\u015f\u0131r\u0131qlar\u0131 v\u0259 dig\u0259r inzibati funksiyalar da daxil olmaqla m\u0259\u015f\u011fulluqla ba\u011fl\u0131 m\u00fcxt\u0259lif v\u0259zif\u0259l\u0259ri yerin\u0259 yetirir. FCHAIN \u200b\u200bsiz\u0259 bu i\u015fd\u0259 k\u00f6m\u0259k ed\u0259c\u0259k.","og_url":"https:\/\/az.f-chain.com\/az\/employer_of_record_eor\/","og_site_name":"FChain","article_modified_time":"2025-08-28T23:11:06+00:00","twitter_card":"summary_large_image","schema":{"@context":"https:\/\/schema.org","@graph":[{"@type":"WebPage","@id":"https:\/\/az.f-chain.com\/az\/employer_of_record_eor\/","url":"https:\/\/az.f-chain.com\/az\/employer_of_record_eor\/","name":"EOR Azerbaijan - Employer of Record","isPartOf":{"@id":"https:\/\/az.f-chain.com\/#website"},"datePublished":"2023-09-03T02:41:51+00:00","dateModified":"2025-08-28T23:11:06+00:00","description":"Az\u0259rbaycanda Rekord \u0130\u015f\u0259g\u00f6t\u00fcr\u0259n (EOR) Az\u0259rbaycanda xarici i\u015f\u00e7il\u0259r v\u0259 ya \u015firk\u0259tin \u0259m\u0259kda\u015flar\u0131 \u00fc\u00e7\u00fcn r\u0259smi i\u015f\u0259g\u00f6t\u00fcr\u0259n rolunu \u00f6z \u00fcz\u0259rin\u0259 g\u00f6t\u00fcr\u0259n xidm\u0259t v\u0259 ya t\u0259\u015fkilatd\u0131r. Bu o dem\u0259kdir ki, EOR i\u015f\u0259 g\u00f6t\u00fcr\u0259n \u015firk\u0259t ad\u0131ndan \u0259m\u0259k haqq\u0131n\u0131n idar\u0259 edilm\u0259si, vergil\u0259r\u0259 uy\u011funluq, insan resurslar\u0131 tap\u015f\u0131r\u0131qlar\u0131 v\u0259 dig\u0259r inzibati funksiyalar da daxil olmaqla m\u0259\u015f\u011fulluqla ba\u011fl\u0131 m\u00fcxt\u0259lif v\u0259zif\u0259l\u0259ri yerin\u0259 yetirir. FCHAIN \u200b\u200bsiz\u0259 bu i\u015fd\u0259 k\u00f6m\u0259k ed\u0259c\u0259k.","breadcrumb":{"@id":"https:\/\/az.f-chain.com\/az\/employer_of_record_eor\/#breadcrumb"},"inLanguage":"az","potentialAction":[{"@type":"ReadAction","target":["https:\/\/az.f-chain.com\/az\/employer_of_record_eor\/"]}]},{"@type":"BreadcrumbList","@id":"https:\/\/az.f-chain.com\/az\/employer_of_record_eor\/#breadcrumb","itemListElement":[{"@type":"ListItem","position":1,"name":"Home","item":"https:\/\/az.f-chain.com\/az\/"},{"@type":"ListItem","position":2,"name":"Employer Of Record xidm\u0259tl\u0259ri (EOR)"}]},{"@type":"WebSite","@id":"https:\/\/az.f-chain.com\/#website","url":"https:\/\/az.f-chain.com\/","name":"FChain","description":"Azerbaijan","potentialAction":[{"@type":"SearchAction","target":{"@type":"EntryPoint","urlTemplate":"https:\/\/az.f-chain.com\/?s={search_term_string}"},"query-input":{"@type":"PropertyValueSpecification","valueRequired":true,"valueName":"search_term_string"}}],"inLanguage":"az"}]}},"_links":{"self":[{"href":"https:\/\/az.f-chain.com\/az\/wp-json\/wp\/v2\/pages\/55730","targetHints":{"allow":["GET"]}}],"collection":[{"href":"https:\/\/az.f-chain.com\/az\/wp-json\/wp\/v2\/pages"}],"about":[{"href":"https:\/\/az.f-chain.com\/az\/wp-json\/wp\/v2\/types\/page"}],"author":[{"embeddable":true,"href":"https:\/\/az.f-chain.com\/az\/wp-json\/wp\/v2\/users\/3"}],"replies":[{"embeddable":true,"href":"https:\/\/az.f-chain.com\/az\/wp-json\/wp\/v2\/comments?post=55730"}],"version-history":[{"count":2,"href":"https:\/\/az.f-chain.com\/az\/wp-json\/wp\/v2\/pages\/55730\/revisions"}],"predecessor-version":[{"id":55732,"href":"https:\/\/az.f-chain.com\/az\/wp-json\/wp\/v2\/pages\/55730\/revisions\/55732"}],"wp:attachment":[{"href":"https:\/\/az.f-chain.com\/az\/wp-json\/wp\/v2\/media?parent=55730"}],"curies":[{"name":"wp","href":"https:\/\/api.w.org\/{rel}","templated":true}]}}