{"id":55724,"date":"2025-08-27T15:01:04","date_gmt":"2025-08-27T12:01:04","guid":{"rendered":"https:\/\/az.f-chain.com\/?page_id=55724"},"modified":"2025-08-27T15:01:04","modified_gmt":"2025-08-27T12:01:04","slug":"lisenziyalar-v%c9%99-icaz%c9%99l%c9%99r","status":"publish","type":"page","link":"https:\/\/az.f-chain.com\/az\/lisenziyalar-v%c9%99-icaz%c9%99l%c9%99r\/","title":{"rendered":"Lisenziyalar v\u0259 icaz\u0259l\u0259r"},"content":{"rendered":"<div class=\"wpb-content-wrapper\"><p>[vc_row equal_height=&#8221;yes&#8221; content_placement=&#8221;middle&#8221; css_animation=&#8221;bounceInLeft&#8221;][vc_column width=&#8221;1\/2&#8243;][vc_column_text]Lisenziya sahibkarl\u0131q f\u0259aliyy\u0259tinin h\u0259yata ke\u00e7irilm\u0259si \u00fc\u00e7\u00fcn lisenziya ver\u0259n orqan t\u0259r\u0259find\u0259n \u0259riz\u0259\u00e7iy\u0259 veril\u0259n r\u0259smi s\u0259n\u0259ddir.<\/p>\n<p>Lisenziyala\u015fd\u0131rma v\u0259 icaz\u0259 sistemi lisenziya t\u0259l\u0259b olunan f\u0259aliyy\u0259t n\u00f6vl\u0259rinin m\u00fc\u0259yy\u0259n edilm\u0259si \u015f\u0259rtl\u0259rin\u0259 v\u0259 icaz\u0259 ver\u0259n s\u0259n\u0259dl\u0259rin siyah\u0131s\u0131na riay\u0259t olunmas\u0131na, lisenziyalar\u0131n (icaz\u0259l\u0259rin), onlar\u0131n dublikatlar\u0131n\u0131n v\u0259 \u0259lav\u0259l\u0259rinin verilm\u0259sin\u0259, lisenziyan\u0131n (icaz\u0259nin) yenid\u0259n r\u0259smil\u0259\u015fdirilm\u0259si, dayand\u0131r\u0131lmas\u0131, m\u00fcdd\u0259tinin uzad\u0131lmas\u0131 v\u0259 l\u0259\u011fv edilm\u0259sin\u0259 y\u00f6n\u0259ldilmi\u015f prosedurlar m\u0259cmusudur.<\/p>\n<p>Lisenziyala\u015fd\u0131rma t\u0259l\u0259bl\u0259ri\/lisenziya t\u0259l\u0259bl\u0259ri Az\u0259rbaycan Respublikas\u0131n\u0131n qanunvericiliyi il\u0259 m\u00fc\u0259yy\u0259n edilmi\u015f v\u0259 lisenziya almaq \u00fc\u00e7\u00fcn \u0259riz\u0259\u00e7i v\u0259 lisenziya sahibi t\u0259r\u0259find\u0259n lisenziyada g\u00f6st\u0259ril\u0259n f\u0259aliyy\u0259ti h\u0259yata ke\u00e7ir\u0259rk\u0259n yerin\u0259 yetirilm\u0259li olan t\u0259l\u0259bl\u0259rdir.<\/p>\n<p>\u0130caz\u0259 t\u0259l\u0259bl\u0259ri Az\u0259rbaycan Respublikas\u0131n\u0131n qanunvericiliyi il\u0259 m\u00fc\u0259yy\u0259n edilmi\u015f v\u0259 lisenziya almaq \u00fc\u00e7\u00fcn \u0259riz\u0259\u00e7i v\u0259 lisenziya sahibi t\u0259r\u0259find\u0259n icaz\u0259d\u0259 g\u00f6st\u0259ril\u0259n f\u0259aliyy\u0259ti h\u0259yata ke\u00e7ir\u0259rk\u0259n yerin\u0259 yetirilm\u0259li olan t\u0259l\u0259bl\u0259rdir.[\/vc_column_text][vc_btn title=&#8221;DAHA \u018fTRAFLI&#8221; style=&#8221;outline&#8221; color=&#8221;danger&#8221; align=&#8221;center&#8221; link=&#8221;url:https%3A%2F%2Faz.f-chain.com%2Faz%2Fkommersiya-huquqi-xidm%25c9%2599tl%25c9%2599ri%2F|title:Commercial%20Law%20Services&#8221;][\/vc_column][vc_column width=&#8221;1\/2&#8243;][vc_single_image image=&#8221;55203&#8243; img_size=&#8221;full&#8221;][\/vc_column][\/vc_row][vc_row][vc_column][\/vc_column][\/vc_row]<\/p>\n<\/div>","protected":false},"excerpt":{"rendered":"<p>[vc_row equal_height=&#8221;yes&#8221; content_placement=&#8221;middle&#8221; css_animation=&#8221;bounceInLeft&#8221;][vc_column width=&#8221;1\/2&#8243;][vc_column_text]Lisenziya sahibkarl\u0131q f\u0259aliyy\u0259tinin h\u0259yata ke\u00e7irilm\u0259si \u00fc\u00e7\u00fcn lisenziya ver\u0259n orqan t\u0259r\u0259find\u0259n \u0259riz\u0259\u00e7iy\u0259 veril\u0259n r\u0259smi s\u0259n\u0259ddir. Lisenziyala\u015fd\u0131rma v\u0259 icaz\u0259 sistemi lisenziya t\u0259l\u0259b olunan f\u0259aliyy\u0259t n\u00f6vl\u0259rinin m\u00fc\u0259yy\u0259n edilm\u0259si \u015f\u0259rtl\u0259rin\u0259 v\u0259 icaz\u0259 ver\u0259n s\u0259n\u0259dl\u0259rin siyah\u0131s\u0131na riay\u0259t olunmas\u0131na, lisenziyalar\u0131n (icaz\u0259l\u0259rin), onlar\u0131n dublikatlar\u0131n\u0131n v\u0259 \u0259lav\u0259l\u0259rinin verilm\u0259sin\u0259, lisenziyan\u0131n (icaz\u0259nin) yenid\u0259n r\u0259smil\u0259\u015fdirilm\u0259si, dayand\u0131r\u0131lmas\u0131, m\u00fcdd\u0259tinin uzad\u0131lmas\u0131 v\u0259 l\u0259\u011fv edilm\u0259sin\u0259 y\u00f6n\u0259ldilmi\u015f<\/p>\n","protected":false},"author":4,"featured_media":55472,"parent":0,"menu_order":0,"comment_status":"closed","ping_status":"closed","template":"","meta":{"_acf_changed":false,"footnotes":""},"class_list":["post-55724","page","type-page","status-publish","hentry"],"acf":[],"yoast_head":"<!-- This site is optimized with the Yoast SEO plugin v27.3 - https:\/\/yoast.com\/product\/yoast-seo-wordpress\/ -->\n<title>Lisenziyalar v\u0259 icaz\u0259l\u0259r<\/title>\n<meta name=\"description\" content=\"Lisenziya sahibkarl\u0131q f\u0259aliyy\u0259tinin h\u0259yata ke\u00e7irilm\u0259si \u00fc\u00e7\u00fcn lisenziya ver\u0259n orqan t\u0259r\u0259find\u0259n \u0259riz\u0259\u00e7iy\u0259 veril\u0259n r\u0259smi s\u0259n\u0259ddir.\" \/>\n<meta name=\"robots\" content=\"index, follow, max-snippet:-1, max-image-preview:large, max-video-preview:-1\" \/>\n<link rel=\"canonical\" href=\"https:\/\/az.f-chain.com\/az\/lisenziyalar-v\u0259-icaz\u0259l\u0259r\/\" \/>\n<meta property=\"og:locale\" content=\"az_AZ\" \/>\n<meta property=\"og:type\" content=\"article\" \/>\n<meta property=\"og:title\" content=\"Lisenziyalar v\u0259 icaz\u0259l\u0259r\" \/>\n<meta property=\"og:description\" content=\"Lisenziya sahibkarl\u0131q f\u0259aliyy\u0259tinin h\u0259yata ke\u00e7irilm\u0259si \u00fc\u00e7\u00fcn lisenziya ver\u0259n orqan t\u0259r\u0259find\u0259n \u0259riz\u0259\u00e7iy\u0259 veril\u0259n r\u0259smi s\u0259n\u0259ddir.\" \/>\n<meta property=\"og:url\" content=\"https:\/\/az.f-chain.com\/az\/lisenziyalar-v\u0259-icaz\u0259l\u0259r\/\" \/>\n<meta property=\"og:site_name\" content=\"FChain\" \/>\n<meta property=\"og:image\" content=\"https:\/\/az.f-chain.com\/wp-content\/uploads\/2025\/07\/a-lawyer-and-a-businesswoman-shake-hands-and-reach-2025-01-16-13-14-00-utc-1-scaled.jpg\" \/>\n\t<meta property=\"og:image:width\" content=\"2560\" \/>\n\t<meta property=\"og:image:height\" content=\"1707\" \/>\n\t<meta property=\"og:image:type\" content=\"image\/jpeg\" \/>\n<meta name=\"twitter:card\" content=\"summary_large_image\" \/>\n<script type=\"application\/ld+json\" class=\"yoast-schema-graph\">{\"@context\":\"https:\\\/\\\/schema.org\",\"@graph\":[{\"@type\":\"WebPage\",\"@id\":\"https:\\\/\\\/az.f-chain.com\\\/az\\\/lisenziyalar-v%c9%99-icaz%c9%99l%c9%99r\\\/\",\"url\":\"https:\\\/\\\/az.f-chain.com\\\/az\\\/lisenziyalar-v%c9%99-icaz%c9%99l%c9%99r\\\/\",\"name\":\"Lisenziyalar v\u0259 icaz\u0259l\u0259r\",\"isPartOf\":{\"@id\":\"https:\\\/\\\/az.f-chain.com\\\/#website\"},\"primaryImageOfPage\":{\"@id\":\"https:\\\/\\\/az.f-chain.com\\\/az\\\/lisenziyalar-v%c9%99-icaz%c9%99l%c9%99r\\\/#primaryimage\"},\"image\":{\"@id\":\"https:\\\/\\\/az.f-chain.com\\\/az\\\/lisenziyalar-v%c9%99-icaz%c9%99l%c9%99r\\\/#primaryimage\"},\"thumbnailUrl\":\"https:\\\/\\\/az.f-chain.com\\\/wp-content\\\/uploads\\\/2025\\\/07\\\/a-lawyer-and-a-businesswoman-shake-hands-and-reach-2025-01-16-13-14-00-utc-1-scaled.jpg\",\"datePublished\":\"2025-08-27T12:01:04+00:00\",\"description\":\"Lisenziya sahibkarl\u0131q f\u0259aliyy\u0259tinin h\u0259yata ke\u00e7irilm\u0259si \u00fc\u00e7\u00fcn lisenziya ver\u0259n orqan t\u0259r\u0259find\u0259n \u0259riz\u0259\u00e7iy\u0259 veril\u0259n r\u0259smi s\u0259n\u0259ddir.\",\"breadcrumb\":{\"@id\":\"https:\\\/\\\/az.f-chain.com\\\/az\\\/lisenziyalar-v%c9%99-icaz%c9%99l%c9%99r\\\/#breadcrumb\"},\"inLanguage\":\"az\",\"potentialAction\":[{\"@type\":\"ReadAction\",\"target\":[\"https:\\\/\\\/az.f-chain.com\\\/az\\\/lisenziyalar-v%c9%99-icaz%c9%99l%c9%99r\\\/\"]}]},{\"@type\":\"ImageObject\",\"inLanguage\":\"az\",\"@id\":\"https:\\\/\\\/az.f-chain.com\\\/az\\\/lisenziyalar-v%c9%99-icaz%c9%99l%c9%99r\\\/#primaryimage\",\"url\":\"https:\\\/\\\/az.f-chain.com\\\/wp-content\\\/uploads\\\/2025\\\/07\\\/a-lawyer-and-a-businesswoman-shake-hands-and-reach-2025-01-16-13-14-00-utc-1-scaled.jpg\",\"contentUrl\":\"https:\\\/\\\/az.f-chain.com\\\/wp-content\\\/uploads\\\/2025\\\/07\\\/a-lawyer-and-a-businesswoman-shake-hands-and-reach-2025-01-16-13-14-00-utc-1-scaled.jpg\",\"width\":2560,\"height\":1707,\"caption\":\"A lawyer and a businesswoman shake hands and reach an agreement on a cooperation contract document. In the lawyer's office and there is a hammer lying on the table..\"},{\"@type\":\"BreadcrumbList\",\"@id\":\"https:\\\/\\\/az.f-chain.com\\\/az\\\/lisenziyalar-v%c9%99-icaz%c9%99l%c9%99r\\\/#breadcrumb\",\"itemListElement\":[{\"@type\":\"ListItem\",\"position\":1,\"name\":\"Home\",\"item\":\"https:\\\/\\\/az.f-chain.com\\\/az\\\/\"},{\"@type\":\"ListItem\",\"position\":2,\"name\":\"Lisenziyalar v\u0259 icaz\u0259l\u0259r\"}]},{\"@type\":\"WebSite\",\"@id\":\"https:\\\/\\\/az.f-chain.com\\\/#website\",\"url\":\"https:\\\/\\\/az.f-chain.com\\\/\",\"name\":\"FChain\",\"description\":\"Azerbaijan\",\"potentialAction\":[{\"@type\":\"SearchAction\",\"target\":{\"@type\":\"EntryPoint\",\"urlTemplate\":\"https:\\\/\\\/az.f-chain.com\\\/?s={search_term_string}\"},\"query-input\":{\"@type\":\"PropertyValueSpecification\",\"valueRequired\":true,\"valueName\":\"search_term_string\"}}],\"inLanguage\":\"az\"}]}<\/script>\n<!-- \/ Yoast SEO plugin. -->","yoast_head_json":{"title":"Lisenziyalar v\u0259 icaz\u0259l\u0259r","description":"Lisenziya sahibkarl\u0131q f\u0259aliyy\u0259tinin h\u0259yata ke\u00e7irilm\u0259si \u00fc\u00e7\u00fcn lisenziya ver\u0259n orqan t\u0259r\u0259find\u0259n \u0259riz\u0259\u00e7iy\u0259 veril\u0259n r\u0259smi s\u0259n\u0259ddir.","robots":{"index":"index","follow":"follow","max-snippet":"max-snippet:-1","max-image-preview":"max-image-preview:large","max-video-preview":"max-video-preview:-1"},"canonical":"https:\/\/az.f-chain.com\/az\/lisenziyalar-v\u0259-icaz\u0259l\u0259r\/","og_locale":"az_AZ","og_type":"article","og_title":"Lisenziyalar v\u0259 icaz\u0259l\u0259r","og_description":"Lisenziya sahibkarl\u0131q f\u0259aliyy\u0259tinin h\u0259yata ke\u00e7irilm\u0259si \u00fc\u00e7\u00fcn lisenziya ver\u0259n orqan t\u0259r\u0259find\u0259n \u0259riz\u0259\u00e7iy\u0259 veril\u0259n r\u0259smi s\u0259n\u0259ddir.","og_url":"https:\/\/az.f-chain.com\/az\/lisenziyalar-v\u0259-icaz\u0259l\u0259r\/","og_site_name":"FChain","og_image":[{"width":2560,"height":1707,"url":"https:\/\/az.f-chain.com\/wp-content\/uploads\/2025\/07\/a-lawyer-and-a-businesswoman-shake-hands-and-reach-2025-01-16-13-14-00-utc-1-scaled.jpg","type":"image\/jpeg"}],"twitter_card":"summary_large_image","schema":{"@context":"https:\/\/schema.org","@graph":[{"@type":"WebPage","@id":"https:\/\/az.f-chain.com\/az\/lisenziyalar-v%c9%99-icaz%c9%99l%c9%99r\/","url":"https:\/\/az.f-chain.com\/az\/lisenziyalar-v%c9%99-icaz%c9%99l%c9%99r\/","name":"Lisenziyalar v\u0259 icaz\u0259l\u0259r","isPartOf":{"@id":"https:\/\/az.f-chain.com\/#website"},"primaryImageOfPage":{"@id":"https:\/\/az.f-chain.com\/az\/lisenziyalar-v%c9%99-icaz%c9%99l%c9%99r\/#primaryimage"},"image":{"@id":"https:\/\/az.f-chain.com\/az\/lisenziyalar-v%c9%99-icaz%c9%99l%c9%99r\/#primaryimage"},"thumbnailUrl":"https:\/\/az.f-chain.com\/wp-content\/uploads\/2025\/07\/a-lawyer-and-a-businesswoman-shake-hands-and-reach-2025-01-16-13-14-00-utc-1-scaled.jpg","datePublished":"2025-08-27T12:01:04+00:00","description":"Lisenziya sahibkarl\u0131q f\u0259aliyy\u0259tinin h\u0259yata ke\u00e7irilm\u0259si \u00fc\u00e7\u00fcn lisenziya ver\u0259n orqan t\u0259r\u0259find\u0259n \u0259riz\u0259\u00e7iy\u0259 veril\u0259n r\u0259smi s\u0259n\u0259ddir.","breadcrumb":{"@id":"https:\/\/az.f-chain.com\/az\/lisenziyalar-v%c9%99-icaz%c9%99l%c9%99r\/#breadcrumb"},"inLanguage":"az","potentialAction":[{"@type":"ReadAction","target":["https:\/\/az.f-chain.com\/az\/lisenziyalar-v%c9%99-icaz%c9%99l%c9%99r\/"]}]},{"@type":"ImageObject","inLanguage":"az","@id":"https:\/\/az.f-chain.com\/az\/lisenziyalar-v%c9%99-icaz%c9%99l%c9%99r\/#primaryimage","url":"https:\/\/az.f-chain.com\/wp-content\/uploads\/2025\/07\/a-lawyer-and-a-businesswoman-shake-hands-and-reach-2025-01-16-13-14-00-utc-1-scaled.jpg","contentUrl":"https:\/\/az.f-chain.com\/wp-content\/uploads\/2025\/07\/a-lawyer-and-a-businesswoman-shake-hands-and-reach-2025-01-16-13-14-00-utc-1-scaled.jpg","width":2560,"height":1707,"caption":"A lawyer and a businesswoman shake hands and reach an agreement on a cooperation contract document. In the lawyer's office and there is a hammer lying on the table.."},{"@type":"BreadcrumbList","@id":"https:\/\/az.f-chain.com\/az\/lisenziyalar-v%c9%99-icaz%c9%99l%c9%99r\/#breadcrumb","itemListElement":[{"@type":"ListItem","position":1,"name":"Home","item":"https:\/\/az.f-chain.com\/az\/"},{"@type":"ListItem","position":2,"name":"Lisenziyalar v\u0259 icaz\u0259l\u0259r"}]},{"@type":"WebSite","@id":"https:\/\/az.f-chain.com\/#website","url":"https:\/\/az.f-chain.com\/","name":"FChain","description":"Azerbaijan","potentialAction":[{"@type":"SearchAction","target":{"@type":"EntryPoint","urlTemplate":"https:\/\/az.f-chain.com\/?s={search_term_string}"},"query-input":{"@type":"PropertyValueSpecification","valueRequired":true,"valueName":"search_term_string"}}],"inLanguage":"az"}]}},"_links":{"self":[{"href":"https:\/\/az.f-chain.com\/az\/wp-json\/wp\/v2\/pages\/55724","targetHints":{"allow":["GET"]}}],"collection":[{"href":"https:\/\/az.f-chain.com\/az\/wp-json\/wp\/v2\/pages"}],"about":[{"href":"https:\/\/az.f-chain.com\/az\/wp-json\/wp\/v2\/types\/page"}],"author":[{"embeddable":true,"href":"https:\/\/az.f-chain.com\/az\/wp-json\/wp\/v2\/users\/4"}],"replies":[{"embeddable":true,"href":"https:\/\/az.f-chain.com\/az\/wp-json\/wp\/v2\/comments?post=55724"}],"version-history":[{"count":1,"href":"https:\/\/az.f-chain.com\/az\/wp-json\/wp\/v2\/pages\/55724\/revisions"}],"predecessor-version":[{"id":55725,"href":"https:\/\/az.f-chain.com\/az\/wp-json\/wp\/v2\/pages\/55724\/revisions\/55725"}],"wp:featuredmedia":[{"embeddable":true,"href":"https:\/\/az.f-chain.com\/az\/wp-json\/wp\/v2\/media\/55472"}],"wp:attachment":[{"href":"https:\/\/az.f-chain.com\/az\/wp-json\/wp\/v2\/media?parent=55724"}],"curies":[{"name":"wp","href":"https:\/\/api.w.org\/{rel}","templated":true}]}}