{"id":55711,"date":"2025-08-27T11:25:26","date_gmt":"2025-08-27T08:25:26","guid":{"rendered":"https:\/\/az.f-chain.com\/?page_id=55711"},"modified":"2025-10-21T14:15:02","modified_gmt":"2025-10-21T11:15:02","slug":"kommersiya-huquqi-xidm%c9%99tl%c9%99ri","status":"publish","type":"page","link":"https:\/\/az.f-chain.com\/az\/kommersiya-huquqi-xidm%c9%99tl%c9%99ri\/","title":{"rendered":"Kommersiya H\u00fcquqi Xidm\u0259tl\u0259ri"},"content":{"rendered":"<div class=\"wpb-content-wrapper\"><p>[vc_row][vc_column][vc_column_text]Financial Chain Corporation \u015firk\u0259tl\u0259r\u0259 v\u0259 h\u00f6kum\u0259tl\u0259r\u0259 m\u00fcr\u0259kk\u0259b h\u00fcquqi v\u0259 t\u0259nziml\u0259yici m\u00fchitd\u0259 yolunu tapmaqda k\u00f6m\u0259k ed\u0259n tam \u00e7e\u015fidli kommersiya h\u00fcquqi xidm\u0259tl\u0259ri t\u0259qdim edir. T\u0259cr\u00fcb\u0259miz biznesinizin uy\u011fun, r\u0259qab\u0259t\u0259 davaml\u0131 v\u0259 inki\u015faf \u00fc\u00e7\u00fcn strateji m\u00f6vqed\u0259 olmas\u0131n\u0131 t\u0259min edir.<\/p>\n<h3><strong>Financial Chain Corporation<\/strong><strong> korporativ h\u00fcquq sah\u0259sind\u0259 a\u015fa\u011f\u0131dak\u0131 xidm\u0259tl\u0259ri t\u0259klif edir:<\/strong><\/h3>\n<ul>\n<li><a href=\"https:\/\/az.f-chain.com\/az\/company-registration\/\">H\u00fcquqi \u015f\u0259xsl\u0259rin d\u00f6vl\u0259t qeydiyyat\u0131 <\/a><\/li>\n<li><a href=\"https:\/\/az.f-chain.com\/az\/tesis-senedlerine-deyesikliklerin-edilmesi\/\">H\u00fcquqi \u015f\u0259xsl\u0259rin yenid\u0259n t\u0259\u015fkili <\/a><\/li>\n<li><a href=\"https:\/\/az.f-chain.com\/az\/muqavilelerin-tertibati-ve-ekspertizasi\/\">Ticar\u0259t v\u0259 korporativ h\u00fcququn t\u0259nziml\u0259nm\u0259si\u00a0 <\/a><\/li>\n<li><a href=\"https:\/\/az.f-chain.com\/az\/lisenziyalar-v%c9%99-icaz%c9%99l%c9%99r\/\">Lisenziya v\u0259 icaz\u0259l\u0259r<\/a><\/li>\n<li><a href=\"https:\/\/az.f-chain.com\/az\/vergi-rezidentliyi-sertifikatlari-dta\/\">\u0130kiqat vergid\u0259n yay\u0131nma sertifikatlar\u0131 (DTA) <\/a><\/li>\n<li><a href=\"https:\/\/az.f-chain.com\/en\/legal-relations-with-public-bodies\/\">D\u00f6vl\u0259t orqanlar\u0131 il\u0259 h\u00fcquqi m\u00fcnasib\u0259tl\u0259r <\/a><\/li>\n<li><a href=\"https:\/\/az.f-chain.com\/az\/korporativ-strukturlasma-v%c9%99-restrukturizasiya\/\">Korporativ strukturla\u015fma v\u0259 restrukturizasiya<\/a><\/li>\n<li><a href=\"https:\/\/az.f-chain.com\/az\/korporativ-idar%c9%99etm%c9%99\/\">Korporativ idar\u0259etm\u0259 <\/a><\/li>\n<\/ul>\n<p>H\u00fcquq komandam\u0131z n\u0259tic\u0259l\u0259r ver\u0259n f\u0259rdi h\u00fcquqi h\u0259ll\u0259r t\u0259qdim etm\u0259k \u00fc\u00e7\u00fcn d\u0259rin pe\u015f\u0259 bilikl\u0259rini praktiki yana\u015fma il\u0259 birl\u0259\u015fdirir. \u0130st\u0259r yeni layih\u0259y\u0259 ba\u015flay\u0131rs\u0131n\u0131z, ist\u0259r beyn\u0259lxalq miqyasda geni\u015fl\u0259nirsiniz, ist\u0259rs\u0259 d\u0259 biznesinizi yenid\u0259n strukturla\u015fd\u0131r\u0131rs\u0131n\u0131z, biz siz\u0259 inamla ir\u0259lil\u0259m\u0259k \u00fc\u00e7\u00fcn laz\u0131m olan h\u00fcquqi ayd\u0131nl\u0131\u011f\u0131 v\u0259 strateji fikirl\u0259ri t\u0259qdim edirik.[\/vc_column_text][\/vc_column][\/vc_row][vc_row equal_height=&#8221;yes&#8221; content_placement=&#8221;middle&#8221;][vc_column css_animation=&#8221;bounceInLeft&#8221; width=&#8221;1\/2&#8243;][vc_column_text]<\/p>\n<h3><strong>H\u00fcquqi \u015f\u0259xsl\u0259rin d\u00f6vl\u0259t qeydiyyat\u0131<\/strong><\/h3>\n<p>Biz yeni h\u00fcquqi \u015f\u0259xsl\u0259rin qeydiyyat\u0131 \u00fc\u00e7\u00fcn h\u0259rt\u0259r\u0259fli d\u0259st\u0259k, o c\u00fcml\u0259d\u0259n biznes m\u0259qs\u0259dl\u0259riniz\u0259 v\u0259 yurisdiksiya \u00fcst\u00fcnl\u00fckl\u0259rin\u0259 \u0259saslanaraq \u0259n uy\u011fun h\u00fcquqi-t\u0259\u015fkilati forman\u0131n se\u00e7ilm\u0259si il\u0259 ba\u011fl\u0131 \u015f\u0259xsi m\u0259sl\u0259h\u0259tl\u0259r veririk. Biz h\u0259m\u00e7inin <a href=\"https:\/\/az.f-chain.com\/az\/ferdi-sahibkarin-qeydiyyata-alinmasi\/\"><strong><em>f\u0259rdi sahibkarlar\u0131n<\/em><\/strong><\/a> qeydiyyat\u0131nda k\u00f6m\u0259klik g\u00f6st\u0259ririk, ki\u00e7ik biznes\u0259 ba\u015flamaq v\u0259 m\u00fcst\u0259qil f\u0259aliyy\u0259t g\u00f6st\u0259rm\u0259k ist\u0259y\u0259n f\u0259rdi sahibkarlar \u00fc\u00e7\u00fcn ideal olan sad\u0259l\u0259\u015fdirilmi\u015f qeydiyyat prosesini t\u0259klif edirik. Qeydiyyat prosesi, z\u0259ruri h\u00fcquqi s\u0259n\u0259dl\u0259r, t\u0259xmini m\u00fcdd\u0259tl\u0259r v\u0259 \u015firk\u0259tinizin yarad\u0131lmas\u0131n\u0131n h\u0259r m\u0259rh\u0259l\u0259sind\u0259 m\u00fct\u0259x\u0259ssisl\u0259rimizin g\u00f6st\u0259rdiyi x\u00fcsusi d\u0259st\u0259k haqq\u0131nda tam m\u0259lumat \u0259ld\u0259 etm\u0259k \u00fc\u00e7\u00fcn \u00a0<a href=\"https:\/\/az.f-chain.com\/az\/company-registration\/\"><strong><em>H\u00fcquqi \u015f\u0259xsl\u0259rin d\u00f6vl\u0259t qeydiyyat\u0131 <\/em><\/strong><\/a>b\u00f6lm\u0259sin\u0259 bax\u0131n<strong><em>.<\/em><\/strong><strong><em>\u00a0<\/em><\/strong><\/p>\n<h3><strong>H\u00fcquqi \u015f\u0259xsl\u0259rin yenid\u0259n t\u0259\u015fkili<\/strong><\/h3>\n<p>Komandam\u0131z korporativ restrukturizasiyan\u0131n b\u00fct\u00fcn formalar\u0131 &#8211; birl\u0259\u015fm\u0259, b\u00f6l\u00fcnm\u0259, ayr\u0131lma, \u00e7evrilm\u0259 v\u0259 daxiletm\u0259 \u00fczr\u0259 h\u00fcquqi m\u0259sl\u0259h\u0259tl\u0259r verir, hamar ke\u00e7id, qanunlara uy\u011funluq v\u0259 riskl\u0259rin azald\u0131lmas\u0131n\u0131 t\u0259min edir.\u00a0 Biz h\u0259m\u00e7inin yerli qanunlara uy\u011fun olaraq d\u00fczg\u00fcn ba\u011flanman\u0131 t\u0259min etm\u0259k \u00fc\u00e7\u00fcn b\u00fct\u00fcn h\u00fcquqi v\u0259 prosedur add\u0131mlar\u0131 yerin\u0259 yetir\u0259r\u0259k <a href=\"https:\/\/az.f-chain.com\/az\/muessiselerin-legvi\/\"><strong><em>\u015firk\u0259tin l\u0259\u011fvind\u0259<\/em><\/strong><\/a>, k\u00f6m\u0259klik edirik. H\u00fcquq\u015f\u00fcnaslar\u0131m\u0131z\u0131n yenid\u0259n t\u0259\u015fkilin h\u0259r bir m\u0259rh\u0259l\u0259sind\u0259 \u2013 strateji planla\u015fd\u0131rmadan tam h\u00fcquqi icraya q\u0259d\u0259r \u015firk\u0259tiniz\u0259 nec\u0259 d\u0259st\u0259k ola bil\u0259c\u0259yini ba\u015fa d\u00fc\u015fm\u0259k \u00fc\u00e7\u00fcn <a href=\"https:\/\/az.f-chain.com\/az\/tesis-senedlerine-deyesikliklerin-edilmesi\/\">\u00a0<strong><em>H\u00fcquqi \u015f\u0259xsl\u0259rin yenid\u0259n t\u0259\u015fkili <\/em><\/strong><\/a>\u00a0b\u00f6lm\u0259mizi daha \u0259trafl\u0131 ara\u015fd\u0131r\u0131n.[\/vc_column_text][vc_btn title=&#8221;DAHA \u018fTRAFLI&#8221; style=&#8221;outline&#8221; color=&#8221;danger&#8221; align=&#8221;center&#8221; link=&#8221;url:https%3A%2F%2Faz.f-chain.com%2Fen%2Fcompany-registration%2F|title:Company%20registration&#8221;][\/vc_column][vc_column css_animation=&#8221;bounceInRight&#8221; width=&#8221;1\/2&#8243;][vc_single_image image=&#8221;55163&#8243; img_size=&#8221;full&#8221;][\/vc_column][\/vc_row][vc_row equal_height=&#8221;yes&#8221; content_placement=&#8221;middle&#8221; css_animation=&#8221;bounceInRight&#8221;][vc_column css_animation=&#8221;bounceInLeft&#8221; width=&#8221;1\/2&#8243;][vc_single_image image=&#8221;55168&#8243; img_size=&#8221;full&#8221;][\/vc_column][vc_column css_animation=&#8221;bounceInRight&#8221; width=&#8221;1\/2&#8243;][vc_column_text]<\/p>\n<h3><strong>Ticar\u0259t v\u0259 Korporativ H\u00fcququn T\u0259nziml\u0259nm\u0259si<\/strong><\/h3>\n<p>Biz:<\/p>\n<ul>\n<li>Kommersiya v\u0259 t\u0259r\u0259fda\u015fl\u0131q m\u00fcqavil\u0259l\u0259ri<\/li>\n<li>\u015eirk\u0259tin f\u0259aliyy\u0259tinin qanunvericiliy\u0259 uy\u011funlu\u011fu<\/li>\n<li>\u0130flas proseduru<\/li>\n<li>Antiinhisar qaydalar\u0131<\/li>\n<li>T\u0259minatl\u0131 \u0259m\u0259liyyatlar<\/li>\n<\/ul>\n<p>m\u0259s\u0259l\u0259l\u0259rin\u0259 dair layih\u0259l\u0259r\u00a0 haz\u0131rlay\u0131r, n\u0259z\u0259rd\u0259n ke\u00e7irir v\u0259 m\u0259sl\u0259h\u0259t veririk<\/p>\n<p>Bizim m\u0259qs\u0259dimiz davaml\u0131 biznes t\u0259cr\u00fcb\u0259l\u0259rini t\u0259\u015fviq ed\u0259rk\u0259n maraqlar\u0131n\u0131z\u0131 qorumaqd\u0131r. L\u00fctf\u0259n, yana\u015fmam\u0131z, x\u00fcsusi h\u00fcquqi h\u0259ll\u0259r v\u0259 bir s\u0131ra sah\u0259l\u0259rd\u0259 biznesl\u0259ri nec\u0259 d\u0259st\u0259kl\u0259diyimiz haqq\u0131nda \u0259trafl\u0131 \u00f6yr\u0259nm\u0259k \u00fc\u00e7\u00fcn <a href=\"https:\/\/az.f-chain.com\/az\/muqavilelerin-tertibati-ve-ekspertizasi\/\"><strong><em>Ticar\u0259t v\u0259 Korporativ H\u00fcququn T\u0259nziml\u0259nm\u0259si <\/em><\/strong><\/a>\u00a0b\u00f6lm\u0259miz\u0259 bax\u0131n.<\/p>\n<h3><strong>Lisenziyala\u015fd\u0131rma v\u0259 icaz\u0259l\u0259r<\/strong><\/h3>\n<p>Biz siz\u0259 bahal\u0131 gecikm\u0259l\u0259rd\u0259n v\u0259 c\u0259rim\u0259l\u0259rd\u0259n qa\u00e7araq sah\u0259 standartlar\u0131na v\u0259 \u00f6lk\u0259nizin normativ-h\u00fcquq bazas\u0131na uy\u011fun g\u0259l\u0259n b\u00fct\u00fcn laz\u0131mi lisenziyalar\u0131 v\u0259 \u0259m\u0259liyyat icaz\u0259l\u0259rini \u0259ld\u0259 etm\u0259y\u0259 k\u00f6m\u0259k edirik. <a href=\"https:\/\/az.f-chain.com\/az\/lisenziyalar-v%c9%99-icaz%c9%99l%c9%99r\/\">\u00a0<strong><em>Lisenziyala\u015fd\u0131rma v\u0259 icaz\u0259l\u0259r <\/em><\/strong><\/a>\u00a0xidm\u0259tl\u0259rimiz haqq\u0131nda \u0259trafl\u0131 m\u0259lumat \u0259ld\u0259 edin.[\/vc_column_text][vc_btn title=&#8221;DAHA \u018fTRAFLI&#8221; style=&#8221;outline&#8221; color=&#8221;danger&#8221; align=&#8221;center&#8221; link=&#8221;url:https%3A%2F%2Faz.f-chain.com%2Faz%2Fmuqavilelerin-tertibati-ve-ekspertizasi%2F|title:Execution%20and%20editing%20of%20contracts&#8221;][\/vc_column][\/vc_row][vc_row equal_height=&#8221;yes&#8221; content_placement=&#8221;middle&#8221;][vc_column css_animation=&#8221;bounceInLeft&#8221; width=&#8221;1\/2&#8243;][vc_column_text]<\/p>\n<h3><strong>\u0130kiqat vergitutmadan yay\u0131nma (DTA) sertifikatlar\u0131<\/strong><\/h3>\n<p>Biz ikiqat vergitutmadan yay\u0131nma sertifikatlar\u0131n\u0131n al\u0131nmas\u0131nda, beyn\u0259lxalq vergi m\u00fcqavil\u0259l\u0259rin\u0259 uy\u011funlu\u011funuzu t\u0259min etm\u0259kd\u0259 v\u0259 qlobal vergi strategiyan\u0131z\u0131n optimalla\u015fd\u0131r\u0131lmas\u0131nda d\u0259st\u0259k veririk.<a href=\"https:\/\/az.f-chain.com\/az\/vergi-rezidentliyi-sertifikatlari-dta\/\"><strong><em> \u0130kiqat vergid\u0259n yay\u0131nma (DTA) Sertifikat\u0131 <\/em><\/strong><\/a>\u00a0xidm\u0259tl\u0259rimiz haqq\u0131nda \u0259trafl\u0131 m\u0259lumat \u0259ld\u0259 edin.<\/p>\n<h3><strong>D\u00f6vl\u0259t\u00a0 qurumlar\u0131 il\u0259 h\u00fcquqi m\u00fcnasib\u0259tl\u0259r<\/strong><\/h3>\n<p>Biz d\u00f6vl\u0259t qurumlar\u0131 v\u0259 b\u0259l\u0259diyy\u0259l\u0259rl\u0259 ba\u011fl\u0131 biznes v\u0259 kommersiya m\u0259s\u0259l\u0259l\u0259ri, o c\u00fcml\u0259d\u0259n sat\u0131nalmalar, g\u00fcz\u0259\u015ftl\u0259r v\u0259 d\u00f6vl\u0259t-\u00f6z\u0259l t\u0259r\u0259fda\u015fl\u0131qlar \u00fczr\u0259 m\u0259sl\u0259h\u0259tl\u0259r veririk. <a href=\"https:\/\/az.f-chain.com\/en\/legal-relations-with-public-bodies\/\"><strong><em>D\u00f6vl\u0259t\u00a0 qurumlar\u0131 il\u0259 h\u00fcquqi m\u00fcnasib\u0259tl\u0259r <\/em><\/strong><\/a>\u00a0xidm\u0259tl\u0259rimiz haqq\u0131nda \u0259trafl\u0131 m\u0259lumat \u0259ld\u0259 edin.<\/p>\n<h3><strong>\u015eirk\u0259tin t\u0259\u015fkili v\u0259 yenid\u0259n t\u0259\u015fkili<\/strong><\/h3>\n<p>H\u00fcquq v\u0259 vergi m\u00fct\u0259x\u0259ssisl\u0259rimiz sizin \u0259m\u0259liyyat v\u0259 maliyy\u0259 m\u0259qs\u0259dl\u0259riniz\u0259 cavab ver\u0259n holdinq \u015firk\u0259tl\u0259ri, t\u00f6r\u0259m\u0259 \u015firk\u0259tl\u0259r v\u0259 birg\u0259 m\u00fc\u0259ssis\u0259l\u0259r d\u0259 daxil olmaqla effektiv korporativ strukturlar\u0131 layih\u0259l\u0259ndirir v\u0259 h\u0259yata ke\u00e7irirl\u0259r. <a href=\"https:\/\/az.f-chain.com\/az\/korporativ-strukturlasma-v%c9%99-restrukturizasiya\/\"><strong><em>\u015eirk\u0259tin t\u0259\u015fkili v\u0259 yenid\u0259n t\u0259\u015fkili <\/em><\/strong><\/a>xidm\u0259tl\u0259rimiz haqq\u0131nda daha \u00e7ox m\u0259lumat \u0259ld\u0259 edin.<\/p>\n<h3><strong>Korporativ \u0130dar\u0259etm\u0259<\/strong><\/h3>\n<p>Biz \u015f\u0259ffafl\u0131\u011f\u0131, hesabatl\u0131l\u0131\u011f\u0131 v\u0259 uzunm\u00fcdd\u0259tli d\u0259y\u0259r yaratma\u011f\u0131 t\u0259\u015fviq ed\u0259n \u0259n yax\u015f\u0131 beyn\u0259lxalq t\u0259cr\u00fcb\u0259l\u0259r\u0259 uy\u011funla\u015fd\u0131r\u0131lm\u0131\u015f korporativ idar\u0259etm\u0259 sisteml\u0259rinin haz\u0131rlanmas\u0131na v\u0259 t\u0259tbiqin\u0259 k\u00f6m\u0259k edirik. <a href=\"https:\/\/az.f-chain.com\/az\/korporativ-idar%c9%99etm%c9%99\/\"><strong><em>Korporativ \u0130dar\u0259etm\u0259<\/em><\/strong><\/a> xidm\u0259tl\u0259rimiz haqq\u0131nda \u0259trafl\u0131 m\u0259lumat \u0259ld\u0259 edin.[\/vc_column_text][vc_btn title=&#8221;DAHA \u018fTRAFLI&#8221; style=&#8221;outline&#8221; color=&#8221;danger&#8221; align=&#8221;center&#8221; link=&#8221;url:https%3A%2F%2Faz.f-chain.com%2Faz%2Fkommersiya-huquqi-xidm%25c9%2599tl%25c9%2599ri%2F|title:Kommersiya%20H%C3%BCquqi%20Xidm%C9%99tl%C9%99ri&#8221;][\/vc_column][vc_column css_animation=&#8221;bounceInRight&#8221; width=&#8221;1\/2&#8243;][vc_single_image image=&#8221;55188&#8243; img_size=&#8221;full&#8221;][\/vc_column][\/vc_row][vc_row][vc_column][\/vc_column][\/vc_row]<\/p>\n<\/div>","protected":false},"excerpt":{"rendered":"<p>[vc_row][vc_column][vc_column_text]Financial Chain Corporation \u015firk\u0259tl\u0259r\u0259 v\u0259 h\u00f6kum\u0259tl\u0259r\u0259 m\u00fcr\u0259kk\u0259b h\u00fcquqi v\u0259 t\u0259nziml\u0259yici m\u00fchitd\u0259 yolunu tapmaqda k\u00f6m\u0259k ed\u0259n tam \u00e7e\u015fidli kommersiya h\u00fcquqi xidm\u0259tl\u0259ri t\u0259qdim edir. T\u0259cr\u00fcb\u0259miz biznesinizin uy\u011fun, r\u0259qab\u0259t\u0259 davaml\u0131 v\u0259 inki\u015faf \u00fc\u00e7\u00fcn strateji m\u00f6vqed\u0259 olmas\u0131n\u0131 t\u0259min edir. Financial Chain Corporation korporativ h\u00fcquq sah\u0259sind\u0259 a\u015fa\u011f\u0131dak\u0131 xidm\u0259tl\u0259ri t\u0259klif edir: H\u00fcquqi \u015f\u0259xsl\u0259rin d\u00f6vl\u0259t qeydiyyat\u0131 H\u00fcquqi \u015f\u0259xsl\u0259rin yenid\u0259n t\u0259\u015fkili Ticar\u0259t v\u0259<\/p>\n","protected":false},"author":4,"featured_media":55189,"parent":0,"menu_order":0,"comment_status":"closed","ping_status":"closed","template":"","meta":{"_acf_changed":false,"footnotes":""},"class_list":["post-55711","page","type-page","status-publish","hentry"],"acf":[],"yoast_head":"<!-- This site is optimized with the Yoast SEO plugin v27.3 - https:\/\/yoast.com\/product\/yoast-seo-wordpress\/ -->\n<title>Kommersiya H\u00fcquqi Xidm\u0259tl\u0259ri<\/title>\n<meta name=\"description\" content=\"Financial Chain Corporation \u015firk\u0259tl\u0259r\u0259 v\u0259 h\u00f6kum\u0259tl\u0259r\u0259 m\u00fcr\u0259kk\u0259b h\u00fcquqi v\u0259 t\u0259nziml\u0259yici m\u00fchitd\u0259 yolunu tapmaqda k\u00f6m\u0259k ed\u0259n tam \u00e7e\u015fidli kommersiya h\u00fcquqi xidm\u0259tl\u0259ri t\u0259qdim edir.\" \/>\n<meta name=\"robots\" content=\"index, follow, max-snippet:-1, max-image-preview:large, max-video-preview:-1\" \/>\n<link rel=\"canonical\" href=\"https:\/\/az.f-chain.com\/az\/kommersiya-huquqi-xidm\u0259tl\u0259ri\/\" \/>\n<meta property=\"og:locale\" content=\"az_AZ\" \/>\n<meta property=\"og:type\" content=\"article\" \/>\n<meta property=\"og:title\" content=\"Kommersiya H\u00fcquqi Xidm\u0259tl\u0259ri\" \/>\n<meta property=\"og:description\" content=\"Financial Chain Corporation \u015firk\u0259tl\u0259r\u0259 v\u0259 h\u00f6kum\u0259tl\u0259r\u0259 m\u00fcr\u0259kk\u0259b h\u00fcquqi v\u0259 t\u0259nziml\u0259yici m\u00fchitd\u0259 yolunu tapmaqda k\u00f6m\u0259k ed\u0259n tam \u00e7e\u015fidli kommersiya h\u00fcquqi xidm\u0259tl\u0259ri t\u0259qdim edir.\" \/>\n<meta property=\"og:url\" content=\"https:\/\/az.f-chain.com\/az\/kommersiya-huquqi-xidm\u0259tl\u0259ri\/\" \/>\n<meta property=\"og:site_name\" content=\"FChain\" \/>\n<meta property=\"article:modified_time\" content=\"2025-10-21T11:15:02+00:00\" \/>\n<meta property=\"og:image\" content=\"https:\/\/az.f-chain.com\/wp-content\/uploads\/2025\/06\/abstract-geometric-texture-2025-02-10-06-12-05-utc-scaled.jpg\" \/>\n\t<meta property=\"og:image:width\" content=\"2560\" \/>\n\t<meta property=\"og:image:height\" content=\"1709\" \/>\n\t<meta property=\"og:image:type\" content=\"image\/jpeg\" \/>\n<meta name=\"twitter:card\" content=\"summary_large_image\" \/>\n<script type=\"application\/ld+json\" class=\"yoast-schema-graph\">{\"@context\":\"https:\\\/\\\/schema.org\",\"@graph\":[{\"@type\":\"WebPage\",\"@id\":\"https:\\\/\\\/az.f-chain.com\\\/az\\\/kommersiya-huquqi-xidm%c9%99tl%c9%99ri\\\/\",\"url\":\"https:\\\/\\\/az.f-chain.com\\\/az\\\/kommersiya-huquqi-xidm%c9%99tl%c9%99ri\\\/\",\"name\":\"Kommersiya H\u00fcquqi Xidm\u0259tl\u0259ri\",\"isPartOf\":{\"@id\":\"https:\\\/\\\/az.f-chain.com\\\/#website\"},\"primaryImageOfPage\":{\"@id\":\"https:\\\/\\\/az.f-chain.com\\\/az\\\/kommersiya-huquqi-xidm%c9%99tl%c9%99ri\\\/#primaryimage\"},\"image\":{\"@id\":\"https:\\\/\\\/az.f-chain.com\\\/az\\\/kommersiya-huquqi-xidm%c9%99tl%c9%99ri\\\/#primaryimage\"},\"thumbnailUrl\":\"https:\\\/\\\/az.f-chain.com\\\/wp-content\\\/uploads\\\/2025\\\/06\\\/abstract-geometric-texture-2025-02-10-06-12-05-utc-scaled.jpg\",\"datePublished\":\"2025-08-27T08:25:26+00:00\",\"dateModified\":\"2025-10-21T11:15:02+00:00\",\"description\":\"Financial Chain Corporation \u015firk\u0259tl\u0259r\u0259 v\u0259 h\u00f6kum\u0259tl\u0259r\u0259 m\u00fcr\u0259kk\u0259b h\u00fcquqi v\u0259 t\u0259nziml\u0259yici m\u00fchitd\u0259 yolunu tapmaqda k\u00f6m\u0259k ed\u0259n tam \u00e7e\u015fidli kommersiya h\u00fcquqi xidm\u0259tl\u0259ri t\u0259qdim edir.\",\"breadcrumb\":{\"@id\":\"https:\\\/\\\/az.f-chain.com\\\/az\\\/kommersiya-huquqi-xidm%c9%99tl%c9%99ri\\\/#breadcrumb\"},\"inLanguage\":\"az\",\"potentialAction\":[{\"@type\":\"ReadAction\",\"target\":[\"https:\\\/\\\/az.f-chain.com\\\/az\\\/kommersiya-huquqi-xidm%c9%99tl%c9%99ri\\\/\"]}]},{\"@type\":\"ImageObject\",\"inLanguage\":\"az\",\"@id\":\"https:\\\/\\\/az.f-chain.com\\\/az\\\/kommersiya-huquqi-xidm%c9%99tl%c9%99ri\\\/#primaryimage\",\"url\":\"https:\\\/\\\/az.f-chain.com\\\/wp-content\\\/uploads\\\/2025\\\/06\\\/abstract-geometric-texture-2025-02-10-06-12-05-utc-scaled.jpg\",\"contentUrl\":\"https:\\\/\\\/az.f-chain.com\\\/wp-content\\\/uploads\\\/2025\\\/06\\\/abstract-geometric-texture-2025-02-10-06-12-05-utc-scaled.jpg\",\"width\":2560,\"height\":1709,\"caption\":\"Abstract Geometric Texture\"},{\"@type\":\"BreadcrumbList\",\"@id\":\"https:\\\/\\\/az.f-chain.com\\\/az\\\/kommersiya-huquqi-xidm%c9%99tl%c9%99ri\\\/#breadcrumb\",\"itemListElement\":[{\"@type\":\"ListItem\",\"position\":1,\"name\":\"Home\",\"item\":\"https:\\\/\\\/az.f-chain.com\\\/az\\\/\"},{\"@type\":\"ListItem\",\"position\":2,\"name\":\"Kommersiya H\u00fcquqi Xidm\u0259tl\u0259ri\"}]},{\"@type\":\"WebSite\",\"@id\":\"https:\\\/\\\/az.f-chain.com\\\/#website\",\"url\":\"https:\\\/\\\/az.f-chain.com\\\/\",\"name\":\"FChain\",\"description\":\"Azerbaijan\",\"potentialAction\":[{\"@type\":\"SearchAction\",\"target\":{\"@type\":\"EntryPoint\",\"urlTemplate\":\"https:\\\/\\\/az.f-chain.com\\\/?s={search_term_string}\"},\"query-input\":{\"@type\":\"PropertyValueSpecification\",\"valueRequired\":true,\"valueName\":\"search_term_string\"}}],\"inLanguage\":\"az\"}]}<\/script>\n<!-- \/ Yoast SEO plugin. -->","yoast_head_json":{"title":"Kommersiya H\u00fcquqi Xidm\u0259tl\u0259ri","description":"Financial Chain Corporation \u015firk\u0259tl\u0259r\u0259 v\u0259 h\u00f6kum\u0259tl\u0259r\u0259 m\u00fcr\u0259kk\u0259b h\u00fcquqi v\u0259 t\u0259nziml\u0259yici m\u00fchitd\u0259 yolunu tapmaqda k\u00f6m\u0259k ed\u0259n tam \u00e7e\u015fidli kommersiya h\u00fcquqi xidm\u0259tl\u0259ri t\u0259qdim edir.","robots":{"index":"index","follow":"follow","max-snippet":"max-snippet:-1","max-image-preview":"max-image-preview:large","max-video-preview":"max-video-preview:-1"},"canonical":"https:\/\/az.f-chain.com\/az\/kommersiya-huquqi-xidm\u0259tl\u0259ri\/","og_locale":"az_AZ","og_type":"article","og_title":"Kommersiya H\u00fcquqi Xidm\u0259tl\u0259ri","og_description":"Financial Chain Corporation \u015firk\u0259tl\u0259r\u0259 v\u0259 h\u00f6kum\u0259tl\u0259r\u0259 m\u00fcr\u0259kk\u0259b h\u00fcquqi v\u0259 t\u0259nziml\u0259yici m\u00fchitd\u0259 yolunu tapmaqda k\u00f6m\u0259k ed\u0259n tam \u00e7e\u015fidli kommersiya h\u00fcquqi xidm\u0259tl\u0259ri t\u0259qdim edir.","og_url":"https:\/\/az.f-chain.com\/az\/kommersiya-huquqi-xidm\u0259tl\u0259ri\/","og_site_name":"FChain","article_modified_time":"2025-10-21T11:15:02+00:00","og_image":[{"width":2560,"height":1709,"url":"https:\/\/az.f-chain.com\/wp-content\/uploads\/2025\/06\/abstract-geometric-texture-2025-02-10-06-12-05-utc-scaled.jpg","type":"image\/jpeg"}],"twitter_card":"summary_large_image","schema":{"@context":"https:\/\/schema.org","@graph":[{"@type":"WebPage","@id":"https:\/\/az.f-chain.com\/az\/kommersiya-huquqi-xidm%c9%99tl%c9%99ri\/","url":"https:\/\/az.f-chain.com\/az\/kommersiya-huquqi-xidm%c9%99tl%c9%99ri\/","name":"Kommersiya H\u00fcquqi Xidm\u0259tl\u0259ri","isPartOf":{"@id":"https:\/\/az.f-chain.com\/#website"},"primaryImageOfPage":{"@id":"https:\/\/az.f-chain.com\/az\/kommersiya-huquqi-xidm%c9%99tl%c9%99ri\/#primaryimage"},"image":{"@id":"https:\/\/az.f-chain.com\/az\/kommersiya-huquqi-xidm%c9%99tl%c9%99ri\/#primaryimage"},"thumbnailUrl":"https:\/\/az.f-chain.com\/wp-content\/uploads\/2025\/06\/abstract-geometric-texture-2025-02-10-06-12-05-utc-scaled.jpg","datePublished":"2025-08-27T08:25:26+00:00","dateModified":"2025-10-21T11:15:02+00:00","description":"Financial Chain Corporation \u015firk\u0259tl\u0259r\u0259 v\u0259 h\u00f6kum\u0259tl\u0259r\u0259 m\u00fcr\u0259kk\u0259b h\u00fcquqi v\u0259 t\u0259nziml\u0259yici m\u00fchitd\u0259 yolunu tapmaqda k\u00f6m\u0259k ed\u0259n tam \u00e7e\u015fidli kommersiya h\u00fcquqi xidm\u0259tl\u0259ri t\u0259qdim edir.","breadcrumb":{"@id":"https:\/\/az.f-chain.com\/az\/kommersiya-huquqi-xidm%c9%99tl%c9%99ri\/#breadcrumb"},"inLanguage":"az","potentialAction":[{"@type":"ReadAction","target":["https:\/\/az.f-chain.com\/az\/kommersiya-huquqi-xidm%c9%99tl%c9%99ri\/"]}]},{"@type":"ImageObject","inLanguage":"az","@id":"https:\/\/az.f-chain.com\/az\/kommersiya-huquqi-xidm%c9%99tl%c9%99ri\/#primaryimage","url":"https:\/\/az.f-chain.com\/wp-content\/uploads\/2025\/06\/abstract-geometric-texture-2025-02-10-06-12-05-utc-scaled.jpg","contentUrl":"https:\/\/az.f-chain.com\/wp-content\/uploads\/2025\/06\/abstract-geometric-texture-2025-02-10-06-12-05-utc-scaled.jpg","width":2560,"height":1709,"caption":"Abstract Geometric Texture"},{"@type":"BreadcrumbList","@id":"https:\/\/az.f-chain.com\/az\/kommersiya-huquqi-xidm%c9%99tl%c9%99ri\/#breadcrumb","itemListElement":[{"@type":"ListItem","position":1,"name":"Home","item":"https:\/\/az.f-chain.com\/az\/"},{"@type":"ListItem","position":2,"name":"Kommersiya H\u00fcquqi Xidm\u0259tl\u0259ri"}]},{"@type":"WebSite","@id":"https:\/\/az.f-chain.com\/#website","url":"https:\/\/az.f-chain.com\/","name":"FChain","description":"Azerbaijan","potentialAction":[{"@type":"SearchAction","target":{"@type":"EntryPoint","urlTemplate":"https:\/\/az.f-chain.com\/?s={search_term_string}"},"query-input":{"@type":"PropertyValueSpecification","valueRequired":true,"valueName":"search_term_string"}}],"inLanguage":"az"}]}},"_links":{"self":[{"href":"https:\/\/az.f-chain.com\/az\/wp-json\/wp\/v2\/pages\/55711","targetHints":{"allow":["GET"]}}],"collection":[{"href":"https:\/\/az.f-chain.com\/az\/wp-json\/wp\/v2\/pages"}],"about":[{"href":"https:\/\/az.f-chain.com\/az\/wp-json\/wp\/v2\/types\/page"}],"author":[{"embeddable":true,"href":"https:\/\/az.f-chain.com\/az\/wp-json\/wp\/v2\/users\/4"}],"replies":[{"embeddable":true,"href":"https:\/\/az.f-chain.com\/az\/wp-json\/wp\/v2\/comments?post=55711"}],"version-history":[{"count":17,"href":"https:\/\/az.f-chain.com\/az\/wp-json\/wp\/v2\/pages\/55711\/revisions"}],"predecessor-version":[{"id":56237,"href":"https:\/\/az.f-chain.com\/az\/wp-json\/wp\/v2\/pages\/55711\/revisions\/56237"}],"wp:featuredmedia":[{"embeddable":true,"href":"https:\/\/az.f-chain.com\/az\/wp-json\/wp\/v2\/media\/55189"}],"wp:attachment":[{"href":"https:\/\/az.f-chain.com\/az\/wp-json\/wp\/v2\/media?parent=55711"}],"curies":[{"name":"wp","href":"https:\/\/api.w.org\/{rel}","templated":true}]}}