{"id":55706,"date":"2025-08-27T11:14:03","date_gmt":"2025-08-27T08:14:03","guid":{"rendered":"https:\/\/az.f-chain.com\/?page_id=55706"},"modified":"2025-08-27T11:15:29","modified_gmt":"2025-08-27T08:15:29","slug":"em%c9%99k-mubahis%c9%99l%c9%99ri","status":"publish","type":"page","link":"https:\/\/az.f-chain.com\/az\/em%c9%99k-mubahis%c9%99l%c9%99ri\/","title":{"rendered":"\u018fm\u0259k m\u00fcbahis\u0259l\u0259ri"},"content":{"rendered":"<div class=\"wpb-content-wrapper\"><p>[vc_row][vc_column][vc_column_text]<strong>Financial Chain Corporation<\/strong><strong> (FCHAIN)<\/strong> m\u00fcxt\u0259lif i\u015f m\u00fcbahis\u0259l\u0259ri \u00fczr\u0259 h\u0259rt\u0259r\u0259fli h\u00fcquqi t\u0259msil\u00e7ilik v\u0259 strateji m\u0259sl\u0259h\u0259tl\u0259r t\u0259qdim edir. \u0130ddia il\u0259 \u00fczl\u0259\u015f\u0259n i\u015f\u0259g\u00f6t\u00fcr\u0259n v\u0259 ya \u0259dal\u0259t axtaran i\u015f\u00e7i olma\u011f\u0131n\u0131zdan as\u0131l\u0131 olmayaraq, m\u0259qs\u0259dimiz m\u00fcbahis\u0259l\u0259ri tez, \u0259dal\u0259tli v\u0259 q\u00fcvv\u0259d\u0259 olan \u0259m\u0259k h\u00fcququna uy\u011fun olaraq h\u0259ll etm\u0259kdir.<\/p>\n<p>\u018fm\u0259k m\u00fcbahis\u0259l\u0259ri biznesin davaml\u0131l\u0131\u011f\u0131na, i\u015f yerind\u0259ki \u0259hval-ruhiyy\u0259y\u0259 v\u0259 \u015f\u0259xsi g\u0259lir\u0259 \u0259h\u0259miyy\u0259tli t\u0259sir g\u00f6st\u0259r\u0259 bil\u0259r. Komandam\u0131z n\u00fcfuzunuza d\u0259y\u0259n z\u0259r\u0259r v\u0259 pozulmalar\u0131 minimuma endirm\u0259kl\u0259 yana\u015f\u0131, maraqlar\u0131n\u0131z\u0131 qorumaq \u00fc\u00e7\u00fcn \u00e7al\u0131\u015f\u0131r.[\/vc_column_text][\/vc_column][\/vc_row][vc_row equal_height=&#8221;yes&#8221; content_placement=&#8221;middle&#8221; css_animation=&#8221;bounceInLeft&#8221;][vc_column width=&#8221;1\/2&#8243;][vc_single_image image=&#8221;55300&#8243; img_size=&#8221;full&#8221;][\/vc_column][vc_column width=&#8221;1\/2&#8243;][vc_column_text]<strong>\u018fm\u0259k m\u00fcbahis\u0259l\u0259ri il\u0259 ba\u011fl\u0131 xidm\u0259tl\u0259rimiz\u0259 a\u015fa\u011f\u0131dak\u0131lar daxildir:<\/strong><\/p>\n<ul class=\"ul-gray\">\n<li><strong>Qanunsuz i\u015fd\u0259n \u00e7\u0131xar\u0131lma<\/strong><br \/>\n\u00dczrl\u00fc s\u0259b\u0259bl\u0259r v\u0259 ya laz\u0131mi prosedur olmadan i\u015fd\u0259n \u00e7\u0131xar\u0131lma hallar\u0131nda h\u00fcquqi yard\u0131m. Biz m\u00fc\u015ft\u0259ril\u0259ri b\u0259rpa, kompensasiya v\u0259 ya h\u00fcquqi m\u00fcdafi\u0259 m\u0259s\u0259l\u0259l\u0259rind\u0259 t\u0259msil edirik.<\/li>\n<li><strong>\u0130\u015f yerind\u0259 t\u0259qib v\u0259 ayr\u0131-se\u00e7kilik<\/strong><br \/>\nCins, irq, din, ya\u015f v\u0259 ya \u0259lilliy\u0259 g\u00f6r\u0259 cinsi q\u0131snama, zorak\u0131l\u0131q v\u0259 ya ayr\u0131-se\u00e7kilik il\u0259 ba\u011fl\u0131 iddialar \u00fczr\u0259 ekspert m\u0259sl\u0259h\u0259ti v\u0259 t\u0259msil\u00e7ilik.<\/li>\n<li><strong>\u018fm\u0259k m\u00fcqavil\u0259sinin \u015f\u0259rtl\u0259rinin pozulmas\u0131<\/strong><br \/>\n\u018fm\u0259k m\u00fcqavil\u0259sinin \u015f\u0259rtl\u0259rinin, o c\u00fcml\u0259d\u0259n t\u0259zminat, i\u015f saatlar\u0131 v\u0259 x\u0259b\u0259rdarl\u0131q m\u00fcdd\u0259tl\u0259rinin pozulmas\u0131 il\u0259 ba\u011fl\u0131 iddialar\u0131n t\u0259min edilm\u0259sind\u0259 v\u0259 ya m\u00fcdafi\u0259sind\u0259 d\u0259st\u0259k.<\/li>\n<li><strong>\u0130ntizam prosedurlar\u0131 v\u0259 \u015fikay\u0259tl\u0259rin bax\u0131lmas\u0131 qaydalar\u0131<\/strong><br \/>\nH\u00fcquqi v\u0259 prosessual \u0259dal\u0259ti n\u0259z\u0259r\u0259 alaraq daxili intizam t\u0259dbirl\u0259ri v\u0259 \u015fikay\u0259tl\u0259r\u0259 bax\u0131lmas\u0131 \u00fczr\u0259 m\u0259sl\u0259h\u0259tl\u0259r.<\/li>\n<li><strong>M\u00fcbahis\u0259l\u0259rin Alternativ H\u0259lli (ADR)<\/strong><br \/>\nM\u00fcmk\u00fcn olduqda, m\u0259s\u0259l\u0259l\u0259ri m\u0259hk\u0259m\u0259 ara\u015fd\u0131rmas\u0131 olmadan h\u0259ll etm\u0259k m\u0259qs\u0259dil\u0259 biz b\u00fct\u00fcn t\u0259r\u0259fl\u0259r \u00fc\u00e7\u00fcn vaxta v\u0259 x\u0259rcl\u0259r\u0259 q\u0259na\u0259t ed\u0259r\u0259k vasit\u0259\u00e7ilik v\u0259 arbitrajdan istifad\u0259 edirik.<\/li>\n<\/ul>\n<p>[\/vc_column_text][vc_btn title=&#8221;DAHA \u018fTRAFLI&#8221; style=&#8221;outline&#8221; color=&#8221;danger&#8221; align=&#8221;center&#8221; link=&#8221;url:https%3A%2F%2Faz.f-chain.com%2Faz%2Fem%25c9%2599k-huququ%2F|title:Employment%20Law&#8221;][\/vc_column][\/vc_row][vc_row css_animation=&#8221;bounceInDown&#8221;][vc_column][vc_column_text]With FCHAIN, you gain a trusted legal partner who understands the complexities of employment relationships and is committed to securing effective outcomes with minimal disruption.[\/vc_column_text][\/vc_column][\/vc_row]<\/p>\n<\/div>","protected":false},"excerpt":{"rendered":"<p>[vc_row][vc_column][vc_column_text]Financial Chain Corporation (FCHAIN) m\u00fcxt\u0259lif i\u015f m\u00fcbahis\u0259l\u0259ri \u00fczr\u0259 h\u0259rt\u0259r\u0259fli h\u00fcquqi t\u0259msil\u00e7ilik v\u0259 strateji m\u0259sl\u0259h\u0259tl\u0259r t\u0259qdim edir. \u0130ddia il\u0259 \u00fczl\u0259\u015f\u0259n i\u015f\u0259g\u00f6t\u00fcr\u0259n v\u0259 ya \u0259dal\u0259t axtaran i\u015f\u00e7i olma\u011f\u0131n\u0131zdan as\u0131l\u0131 olmayaraq, m\u0259qs\u0259dimiz m\u00fcbahis\u0259l\u0259ri tez, \u0259dal\u0259tli v\u0259 q\u00fcvv\u0259d\u0259 olan \u0259m\u0259k h\u00fcququna uy\u011fun olaraq h\u0259ll etm\u0259kdir. \u018fm\u0259k m\u00fcbahis\u0259l\u0259ri biznesin davaml\u0131l\u0131\u011f\u0131na, i\u015f yerind\u0259ki \u0259hval-ruhiyy\u0259y\u0259 v\u0259 \u015f\u0259xsi g\u0259lir\u0259 \u0259h\u0259miyy\u0259tli t\u0259sir g\u00f6st\u0259r\u0259 bil\u0259r.<\/p>\n","protected":false},"author":4,"featured_media":55301,"parent":0,"menu_order":0,"comment_status":"closed","ping_status":"closed","template":"","meta":{"_acf_changed":false,"footnotes":""},"class_list":["post-55706","page","type-page","status-publish","hentry"],"acf":[],"yoast_head":"<!-- This site is optimized with the Yoast SEO plugin v27.3 - https:\/\/yoast.com\/product\/yoast-seo-wordpress\/ -->\n<title>\u018fm\u0259k m\u00fcbahis\u0259l\u0259ri<\/title>\n<meta name=\"description\" content=\"Financial Chain Corporation (FCHAIN) m\u00fcxt\u0259lif i\u015f m\u00fcbahis\u0259l\u0259ri \u00fczr\u0259 h\u0259rt\u0259r\u0259fli h\u00fcquqi t\u0259msil\u00e7ilik v\u0259 strateji m\u0259sl\u0259h\u0259tl\u0259r t\u0259qdim edir.\" \/>\n<meta name=\"robots\" content=\"index, follow, max-snippet:-1, max-image-preview:large, max-video-preview:-1\" \/>\n<link rel=\"canonical\" href=\"https:\/\/az.f-chain.com\/az\/em\u0259k-mubahis\u0259l\u0259ri\/\" \/>\n<meta property=\"og:locale\" content=\"az_AZ\" \/>\n<meta property=\"og:type\" content=\"article\" \/>\n<meta property=\"og:title\" content=\"\u018fm\u0259k m\u00fcbahis\u0259l\u0259ri\" \/>\n<meta property=\"og:description\" content=\"Financial Chain Corporation (FCHAIN) m\u00fcxt\u0259lif i\u015f m\u00fcbahis\u0259l\u0259ri \u00fczr\u0259 h\u0259rt\u0259r\u0259fli h\u00fcquqi t\u0259msil\u00e7ilik v\u0259 strateji m\u0259sl\u0259h\u0259tl\u0259r t\u0259qdim edir.\" \/>\n<meta property=\"og:url\" content=\"https:\/\/az.f-chain.com\/az\/em\u0259k-mubahis\u0259l\u0259ri\/\" \/>\n<meta property=\"og:site_name\" content=\"FChain\" \/>\n<meta property=\"article:modified_time\" content=\"2025-08-27T08:15:29+00:00\" \/>\n<meta property=\"og:image\" content=\"https:\/\/az.f-chain.com\/wp-content\/uploads\/2025\/07\/connection-teamwork-and-collaboration-concept-2025-03-16-23-15-58-utc-scaled.jpg\" \/>\n\t<meta property=\"og:image:width\" content=\"2560\" \/>\n\t<meta property=\"og:image:height\" content=\"1704\" \/>\n\t<meta property=\"og:image:type\" content=\"image\/jpeg\" \/>\n<meta name=\"twitter:card\" content=\"summary_large_image\" \/>\n<script type=\"application\/ld+json\" class=\"yoast-schema-graph\">{\"@context\":\"https:\\\/\\\/schema.org\",\"@graph\":[{\"@type\":\"WebPage\",\"@id\":\"https:\\\/\\\/az.f-chain.com\\\/az\\\/em%c9%99k-mubahis%c9%99l%c9%99ri\\\/\",\"url\":\"https:\\\/\\\/az.f-chain.com\\\/az\\\/em%c9%99k-mubahis%c9%99l%c9%99ri\\\/\",\"name\":\"\u018fm\u0259k m\u00fcbahis\u0259l\u0259ri\",\"isPartOf\":{\"@id\":\"https:\\\/\\\/az.f-chain.com\\\/#website\"},\"primaryImageOfPage\":{\"@id\":\"https:\\\/\\\/az.f-chain.com\\\/az\\\/em%c9%99k-mubahis%c9%99l%c9%99ri\\\/#primaryimage\"},\"image\":{\"@id\":\"https:\\\/\\\/az.f-chain.com\\\/az\\\/em%c9%99k-mubahis%c9%99l%c9%99ri\\\/#primaryimage\"},\"thumbnailUrl\":\"https:\\\/\\\/az.f-chain.com\\\/wp-content\\\/uploads\\\/2025\\\/07\\\/connection-teamwork-and-collaboration-concept-2025-03-16-23-15-58-utc-scaled.jpg\",\"datePublished\":\"2025-08-27T08:14:03+00:00\",\"dateModified\":\"2025-08-27T08:15:29+00:00\",\"description\":\"Financial Chain Corporation (FCHAIN) m\u00fcxt\u0259lif i\u015f m\u00fcbahis\u0259l\u0259ri \u00fczr\u0259 h\u0259rt\u0259r\u0259fli h\u00fcquqi t\u0259msil\u00e7ilik v\u0259 strateji m\u0259sl\u0259h\u0259tl\u0259r t\u0259qdim edir.\",\"breadcrumb\":{\"@id\":\"https:\\\/\\\/az.f-chain.com\\\/az\\\/em%c9%99k-mubahis%c9%99l%c9%99ri\\\/#breadcrumb\"},\"inLanguage\":\"az\",\"potentialAction\":[{\"@type\":\"ReadAction\",\"target\":[\"https:\\\/\\\/az.f-chain.com\\\/az\\\/em%c9%99k-mubahis%c9%99l%c9%99ri\\\/\"]}]},{\"@type\":\"ImageObject\",\"inLanguage\":\"az\",\"@id\":\"https:\\\/\\\/az.f-chain.com\\\/az\\\/em%c9%99k-mubahis%c9%99l%c9%99ri\\\/#primaryimage\",\"url\":\"https:\\\/\\\/az.f-chain.com\\\/wp-content\\\/uploads\\\/2025\\\/07\\\/connection-teamwork-and-collaboration-concept-2025-03-16-23-15-58-utc-scaled.jpg\",\"contentUrl\":\"https:\\\/\\\/az.f-chain.com\\\/wp-content\\\/uploads\\\/2025\\\/07\\\/connection-teamwork-and-collaboration-concept-2025-03-16-23-15-58-utc-scaled.jpg\",\"width\":2560,\"height\":1704,\"caption\":\"Two wooden figures stand on puzzle pieces facing each other. Connection, teamwork, and collaboration concept.\"},{\"@type\":\"BreadcrumbList\",\"@id\":\"https:\\\/\\\/az.f-chain.com\\\/az\\\/em%c9%99k-mubahis%c9%99l%c9%99ri\\\/#breadcrumb\",\"itemListElement\":[{\"@type\":\"ListItem\",\"position\":1,\"name\":\"Home\",\"item\":\"https:\\\/\\\/az.f-chain.com\\\/az\\\/\"},{\"@type\":\"ListItem\",\"position\":2,\"name\":\"\u018fm\u0259k m\u00fcbahis\u0259l\u0259ri\"}]},{\"@type\":\"WebSite\",\"@id\":\"https:\\\/\\\/az.f-chain.com\\\/#website\",\"url\":\"https:\\\/\\\/az.f-chain.com\\\/\",\"name\":\"FChain\",\"description\":\"Azerbaijan\",\"potentialAction\":[{\"@type\":\"SearchAction\",\"target\":{\"@type\":\"EntryPoint\",\"urlTemplate\":\"https:\\\/\\\/az.f-chain.com\\\/?s={search_term_string}\"},\"query-input\":{\"@type\":\"PropertyValueSpecification\",\"valueRequired\":true,\"valueName\":\"search_term_string\"}}],\"inLanguage\":\"az\"}]}<\/script>\n<!-- \/ Yoast SEO plugin. -->","yoast_head_json":{"title":"\u018fm\u0259k m\u00fcbahis\u0259l\u0259ri","description":"Financial Chain Corporation (FCHAIN) m\u00fcxt\u0259lif i\u015f m\u00fcbahis\u0259l\u0259ri \u00fczr\u0259 h\u0259rt\u0259r\u0259fli h\u00fcquqi t\u0259msil\u00e7ilik v\u0259 strateji m\u0259sl\u0259h\u0259tl\u0259r t\u0259qdim edir.","robots":{"index":"index","follow":"follow","max-snippet":"max-snippet:-1","max-image-preview":"max-image-preview:large","max-video-preview":"max-video-preview:-1"},"canonical":"https:\/\/az.f-chain.com\/az\/em\u0259k-mubahis\u0259l\u0259ri\/","og_locale":"az_AZ","og_type":"article","og_title":"\u018fm\u0259k m\u00fcbahis\u0259l\u0259ri","og_description":"Financial Chain Corporation (FCHAIN) m\u00fcxt\u0259lif i\u015f m\u00fcbahis\u0259l\u0259ri \u00fczr\u0259 h\u0259rt\u0259r\u0259fli h\u00fcquqi t\u0259msil\u00e7ilik v\u0259 strateji m\u0259sl\u0259h\u0259tl\u0259r t\u0259qdim edir.","og_url":"https:\/\/az.f-chain.com\/az\/em\u0259k-mubahis\u0259l\u0259ri\/","og_site_name":"FChain","article_modified_time":"2025-08-27T08:15:29+00:00","og_image":[{"width":2560,"height":1704,"url":"https:\/\/az.f-chain.com\/wp-content\/uploads\/2025\/07\/connection-teamwork-and-collaboration-concept-2025-03-16-23-15-58-utc-scaled.jpg","type":"image\/jpeg"}],"twitter_card":"summary_large_image","schema":{"@context":"https:\/\/schema.org","@graph":[{"@type":"WebPage","@id":"https:\/\/az.f-chain.com\/az\/em%c9%99k-mubahis%c9%99l%c9%99ri\/","url":"https:\/\/az.f-chain.com\/az\/em%c9%99k-mubahis%c9%99l%c9%99ri\/","name":"\u018fm\u0259k m\u00fcbahis\u0259l\u0259ri","isPartOf":{"@id":"https:\/\/az.f-chain.com\/#website"},"primaryImageOfPage":{"@id":"https:\/\/az.f-chain.com\/az\/em%c9%99k-mubahis%c9%99l%c9%99ri\/#primaryimage"},"image":{"@id":"https:\/\/az.f-chain.com\/az\/em%c9%99k-mubahis%c9%99l%c9%99ri\/#primaryimage"},"thumbnailUrl":"https:\/\/az.f-chain.com\/wp-content\/uploads\/2025\/07\/connection-teamwork-and-collaboration-concept-2025-03-16-23-15-58-utc-scaled.jpg","datePublished":"2025-08-27T08:14:03+00:00","dateModified":"2025-08-27T08:15:29+00:00","description":"Financial Chain Corporation (FCHAIN) m\u00fcxt\u0259lif i\u015f m\u00fcbahis\u0259l\u0259ri \u00fczr\u0259 h\u0259rt\u0259r\u0259fli h\u00fcquqi t\u0259msil\u00e7ilik v\u0259 strateji m\u0259sl\u0259h\u0259tl\u0259r t\u0259qdim edir.","breadcrumb":{"@id":"https:\/\/az.f-chain.com\/az\/em%c9%99k-mubahis%c9%99l%c9%99ri\/#breadcrumb"},"inLanguage":"az","potentialAction":[{"@type":"ReadAction","target":["https:\/\/az.f-chain.com\/az\/em%c9%99k-mubahis%c9%99l%c9%99ri\/"]}]},{"@type":"ImageObject","inLanguage":"az","@id":"https:\/\/az.f-chain.com\/az\/em%c9%99k-mubahis%c9%99l%c9%99ri\/#primaryimage","url":"https:\/\/az.f-chain.com\/wp-content\/uploads\/2025\/07\/connection-teamwork-and-collaboration-concept-2025-03-16-23-15-58-utc-scaled.jpg","contentUrl":"https:\/\/az.f-chain.com\/wp-content\/uploads\/2025\/07\/connection-teamwork-and-collaboration-concept-2025-03-16-23-15-58-utc-scaled.jpg","width":2560,"height":1704,"caption":"Two wooden figures stand on puzzle pieces facing each other. Connection, teamwork, and collaboration concept."},{"@type":"BreadcrumbList","@id":"https:\/\/az.f-chain.com\/az\/em%c9%99k-mubahis%c9%99l%c9%99ri\/#breadcrumb","itemListElement":[{"@type":"ListItem","position":1,"name":"Home","item":"https:\/\/az.f-chain.com\/az\/"},{"@type":"ListItem","position":2,"name":"\u018fm\u0259k m\u00fcbahis\u0259l\u0259ri"}]},{"@type":"WebSite","@id":"https:\/\/az.f-chain.com\/#website","url":"https:\/\/az.f-chain.com\/","name":"FChain","description":"Azerbaijan","potentialAction":[{"@type":"SearchAction","target":{"@type":"EntryPoint","urlTemplate":"https:\/\/az.f-chain.com\/?s={search_term_string}"},"query-input":{"@type":"PropertyValueSpecification","valueRequired":true,"valueName":"search_term_string"}}],"inLanguage":"az"}]}},"_links":{"self":[{"href":"https:\/\/az.f-chain.com\/az\/wp-json\/wp\/v2\/pages\/55706","targetHints":{"allow":["GET"]}}],"collection":[{"href":"https:\/\/az.f-chain.com\/az\/wp-json\/wp\/v2\/pages"}],"about":[{"href":"https:\/\/az.f-chain.com\/az\/wp-json\/wp\/v2\/types\/page"}],"author":[{"embeddable":true,"href":"https:\/\/az.f-chain.com\/az\/wp-json\/wp\/v2\/users\/4"}],"replies":[{"embeddable":true,"href":"https:\/\/az.f-chain.com\/az\/wp-json\/wp\/v2\/comments?post=55706"}],"version-history":[{"count":1,"href":"https:\/\/az.f-chain.com\/az\/wp-json\/wp\/v2\/pages\/55706\/revisions"}],"predecessor-version":[{"id":55707,"href":"https:\/\/az.f-chain.com\/az\/wp-json\/wp\/v2\/pages\/55706\/revisions\/55707"}],"wp:featuredmedia":[{"embeddable":true,"href":"https:\/\/az.f-chain.com\/az\/wp-json\/wp\/v2\/media\/55301"}],"wp:attachment":[{"href":"https:\/\/az.f-chain.com\/az\/wp-json\/wp\/v2\/media?parent=55706"}],"curies":[{"name":"wp","href":"https:\/\/api.w.org\/{rel}","templated":true}]}}