{"id":55701,"date":"2025-08-27T11:08:10","date_gmt":"2025-08-27T08:08:10","guid":{"rendered":"https:\/\/az.f-chain.com\/?page_id=55701"},"modified":"2025-08-27T11:11:06","modified_gmt":"2025-08-27T08:11:06","slug":"is-yerind%c9%99-t%c9%99hluk%c9%99sizlik-t%c9%99l%c9%99bl%c9%99rin%c9%99-uygunluq","status":"publish","type":"page","link":"https:\/\/az.f-chain.com\/az\/is-yerind%c9%99-t%c9%99hluk%c9%99sizlik-t%c9%99l%c9%99bl%c9%99rin%c9%99-uygunluq\/","title":{"rendered":"\u0130\u015f yerind\u0259 t\u0259hl\u00fck\u0259sizlik t\u0259l\u0259bl\u0259rin\u0259 uy\u011funluq"},"content":{"rendered":"<div class=\"wpb-content-wrapper\"><p>[vc_row][vc_column][vc_column_text]<strong>Financial Chain Corporation (FCHAIN<\/strong><strong>) <\/strong>t\u0259\u015fkilatlara \u0259m\u0259yin m\u00fchafiz\u0259si v\u0259 t\u0259hl\u00fck\u0259sizlik standartlar\u0131 \u00fczr\u0259 ekspert m\u0259sl\u0259h\u0259tl\u0259ri verm\u0259kl\u0259, h\u00fcquq normalar\u0131na riay\u0259t etm\u0259k \u015f\u0259rtil\u0259, t\u0259hl\u00fck\u0259siz v\u0259 uy\u011fun i\u015f yerl\u0259ri yaratma\u011fa v\u0259 saxlama\u011fa k\u00f6m\u0259k edir. T\u0259hl\u00fck\u0259siz i\u015f m\u00fchiti t\u0259kc\u0259 qanuni t\u0259l\u0259b deyil, h\u0259m d\u0259 \u0259m\u0259liyyat s\u0259m\u0259r\u0259liliyinin v\u0259 i\u015f\u00e7il\u0259rin rifah\u0131n\u0131n t\u0259m\u0259l da\u015f\u0131d\u0131r.<\/p>\n<p>Xidm\u0259tl\u0259rimiz h\u00fcquqi m\u0259suliyy\u0259ti minimuma endirm\u0259k, i\u015f yerl\u0259rind\u0259 b\u0259db\u0259xt hadis\u0259l\u0259ri azaltmaq v\u0259 h\u0259m milli qanunlara, h\u0259m d\u0259 beyn\u0259lxalq \u0259m\u0259yin m\u00fchafiz\u0259si protokollar\u0131na uy\u011funlu\u011fu t\u0259min etm\u0259k \u00fc\u00e7\u00fcn n\u0259z\u0259rd\u0259 tutulub.[\/vc_column_text][\/vc_column][\/vc_row][vc_row equal_height=&#8221;yes&#8221; content_placement=&#8221;middle&#8221; css_animation=&#8221;bounceInLeft&#8221;][vc_column width=&#8221;1\/2&#8243;][vc_column_text]<\/p>\n<h3><strong>\u0130\u015f yerind\u0259 t\u0259hl\u00fck\u0259sizlik xidm\u0259tl\u0259rin\u0259 a\u015fa\u011f\u0131dak\u0131lar daxildir:<\/strong><\/h3>\n<ul class=\"ul-gray\">\n<li><strong>Normativ t\u0259l\u0259bl\u0259r\u0259 riay\u0259t edilm\u0259si il\u0259 ba\u011fl\u0131 m\u0259sl\u0259h\u0259tl\u0259r<\/strong><br \/>\nBiz sizin sah\u0259 v\u0259 \u0259m\u0259liyyatlar\u0131n\u0131za aid olan milli v\u0259 beyn\u0259lxalq \u0259m\u0259yin m\u00fchafiz\u0259si v\u0259\u00a0 t\u0259hl\u00fck\u0259sizlik texnikas\u0131 qanunlar\u0131 \u00fczr\u0259 ayd\u0131n, praktiki m\u0259sl\u0259h\u0259tl\u0259r veririk.<\/li>\n<li><strong>\u0130\u015f yerind\u0259 riskl\u0259rin qiym\u0259tl\u0259ndirilm\u0259si<\/strong><br \/>\nM\u00fct\u0259x\u0259ssisl\u0259rimiz potensial t\u0259hl\u00fck\u0259l\u0259ri m\u00fc\u0259yy\u0259n etm\u0259k v\u0259 minimuma endirm\u0259k, i\u015f yerinizin t\u0259hl\u00fck\u0259siz v\u0259 t\u0259l\u0259bl\u0259r\u0259 uy\u011fun olmas\u0131n\u0131 t\u0259min etm\u0259k \u00fc\u00e7\u00fcn \u0259trafl\u0131 yoxlamalar apar\u0131r.<\/li>\n<li><strong>Siyas\u0259tl\u0259rin haz\u0131rlanmas\u0131 v\u0259 h\u0259yata ke\u00e7irilm\u0259si<\/strong><br \/>\nBiz t\u0259hl\u00fck\u0259sizlik m\u0259d\u0259niyy\u0259tini art\u0131rmaq \u00fc\u00e7\u00fcn\u00a0 i\u015f yerl\u0259rind\u0259 x\u00fcsusi t\u0259hl\u00fck\u0259sizlik siyas\u0259tl\u0259ri, f\u00f6vq\u0259lad\u0259 hallara reaksiya prosedurlar\u0131 v\u0259 t\u0259lim proqramlar\u0131n\u0131n haz\u0131rlanmas\u0131na v\u0259 h\u0259yata ke\u00e7irilm\u0259sin\u0259 k\u00f6m\u0259k edirik.<\/li>\n<li><strong>Hadis\u0259l\u0259rin idar\u0259 edilm\u0259si v\u0259 m\u00fcvafiq h\u00fcquqi cavab t\u0259dbirl\u0259rinin g\u00f6r\u00fclm\u0259si<\/strong><br \/>\n\u0130\u015f yerind\u0259 b\u0259db\u0259xt hadis\u0259l\u0259r v\u0259 ya yoxlamalar ba\u015f verdikd\u0259, biz h\u00fcquqi t\u0259msil\u00e7ilik v\u0259 ara\u015fd\u0131rmalar, hesabatlar v\u0259 m\u00fcmk\u00fcn m\u0259suliyy\u0259tl\u0259 ba\u011fl\u0131 d\u0259st\u0259k veririk.<\/li>\n<li><strong>Beyn\u0259lxalq t\u0259l\u0259bl\u0259r\u0259 riay\u0259t olunmas\u0131na d\u0259st\u0259k<\/strong><br \/>\nBeyn\u0259lxalq \u015firk\u0259tl\u0259r\u0259 g\u0259ldikd\u0259,\u00a0 uy\u011funluq strategiyan\u0131z\u0131\u00a0 beyn\u0259lxalq s\u0259viyy\u0259d\u0259\u00a0 t\u0259tbiq etm\u0259kl\u0259 b\u00fct\u00fcn \u0259m\u0259liyyat yurisdiksiyalar\u0131nda t\u0259hl\u00fck\u0259sizlik standartlar\u0131n\u0131n yerin\u0259 yetirilm\u0259sini t\u0259min edirik.<\/li>\n<\/ul>\n<p>[\/vc_column_text][vc_btn title=&#8221;DAHA \u018fTRAFLI&#8221; style=&#8221;outline&#8221; color=&#8221;danger&#8221; align=&#8221;center&#8221; link=&#8221;url:https%3A%2F%2Faz.f-chain.com%2Faz%2Fem%25c9%2599k-huququ%2F|title:Employment%20Law&#8221;][\/vc_column][vc_column width=&#8221;1\/2&#8243;][vc_single_image image=&#8221;55284&#8243; img_size=&#8221;full&#8221;][\/vc_column][\/vc_row]<\/p>\n<\/div>","protected":false},"excerpt":{"rendered":"<p>[vc_row][vc_column][vc_column_text]Financial Chain Corporation (FCHAIN) t\u0259\u015fkilatlara \u0259m\u0259yin m\u00fchafiz\u0259si v\u0259 t\u0259hl\u00fck\u0259sizlik standartlar\u0131 \u00fczr\u0259 ekspert m\u0259sl\u0259h\u0259tl\u0259ri verm\u0259kl\u0259, h\u00fcquq normalar\u0131na riay\u0259t etm\u0259k \u015f\u0259rtil\u0259, t\u0259hl\u00fck\u0259siz v\u0259 uy\u011fun i\u015f yerl\u0259ri yaratma\u011fa v\u0259 saxlama\u011fa k\u00f6m\u0259k edir. T\u0259hl\u00fck\u0259siz i\u015f m\u00fchiti t\u0259kc\u0259 qanuni t\u0259l\u0259b deyil, h\u0259m d\u0259 \u0259m\u0259liyyat s\u0259m\u0259r\u0259liliyinin v\u0259 i\u015f\u00e7il\u0259rin rifah\u0131n\u0131n t\u0259m\u0259l da\u015f\u0131d\u0131r. Xidm\u0259tl\u0259rimiz h\u00fcquqi m\u0259suliyy\u0259ti minimuma endirm\u0259k, i\u015f yerl\u0259rind\u0259 b\u0259db\u0259xt hadis\u0259l\u0259ri azaltmaq<\/p>\n","protected":false},"author":4,"featured_media":55285,"parent":0,"menu_order":0,"comment_status":"closed","ping_status":"closed","template":"","meta":{"_acf_changed":false,"footnotes":""},"class_list":["post-55701","page","type-page","status-publish","hentry"],"acf":[],"yoast_head":"<!-- This site is optimized with the Yoast SEO plugin v27.3 - https:\/\/yoast.com\/product\/yoast-seo-wordpress\/ -->\n<title>\u0130\u015f yerind\u0259 t\u0259hl\u00fck\u0259sizlik t\u0259l\u0259bl\u0259rin\u0259 uy\u011funluq<\/title>\n<meta name=\"description\" content=\"Financial Chain Corporation (FCHAIN) t\u0259\u015fkilatlara \u0259m\u0259yin m\u00fchafiz\u0259si v\u0259 t\u0259hl\u00fck\u0259sizlik standartlar\u0131 \u00fczr\u0259 ekspert m\u0259sl\u0259h\u0259tl\u0259ri verm\u0259kl\u0259, h\u00fcquq normalar\u0131na riay\u0259t etm\u0259k \u015f\u0259rtil\u0259, t\u0259hl\u00fck\u0259siz v\u0259 uy\u011fun i\u015f yerl\u0259ri yaratma\u011fa v\u0259 saxlama\u011fa k\u00f6m\u0259k edir.\" \/>\n<meta name=\"robots\" content=\"index, follow, max-snippet:-1, max-image-preview:large, max-video-preview:-1\" \/>\n<link rel=\"canonical\" href=\"https:\/\/az.f-chain.com\/az\/is-yerind\u0259-t\u0259hluk\u0259sizlik-t\u0259l\u0259bl\u0259rin\u0259-uygunluq\/\" \/>\n<meta property=\"og:locale\" content=\"az_AZ\" \/>\n<meta property=\"og:type\" content=\"article\" \/>\n<meta property=\"og:title\" content=\"\u0130\u015f yerind\u0259 t\u0259hl\u00fck\u0259sizlik t\u0259l\u0259bl\u0259rin\u0259 uy\u011funluq\" \/>\n<meta property=\"og:description\" content=\"Financial Chain Corporation (FCHAIN) t\u0259\u015fkilatlara \u0259m\u0259yin m\u00fchafiz\u0259si v\u0259 t\u0259hl\u00fck\u0259sizlik standartlar\u0131 \u00fczr\u0259 ekspert m\u0259sl\u0259h\u0259tl\u0259ri verm\u0259kl\u0259, h\u00fcquq normalar\u0131na riay\u0259t etm\u0259k \u015f\u0259rtil\u0259, t\u0259hl\u00fck\u0259siz v\u0259 uy\u011fun i\u015f yerl\u0259ri yaratma\u011fa v\u0259 saxlama\u011fa k\u00f6m\u0259k edir.\" \/>\n<meta property=\"og:url\" content=\"https:\/\/az.f-chain.com\/az\/is-yerind\u0259-t\u0259hluk\u0259sizlik-t\u0259l\u0259bl\u0259rin\u0259-uygunluq\/\" \/>\n<meta property=\"og:site_name\" content=\"FChain\" \/>\n<meta property=\"article:modified_time\" content=\"2025-08-27T08:11:06+00:00\" \/>\n<meta property=\"og:image\" content=\"https:\/\/az.f-chain.com\/wp-content\/uploads\/2025\/07\/business-solutions-businesswoman-hand-connecting-2025-01-09-03-44-06-utc-scaled.jpg\" \/>\n\t<meta property=\"og:image:width\" content=\"2560\" \/>\n\t<meta property=\"og:image:height\" content=\"1707\" \/>\n\t<meta property=\"og:image:type\" content=\"image\/jpeg\" \/>\n<meta name=\"twitter:card\" content=\"summary_large_image\" \/>\n<script type=\"application\/ld+json\" class=\"yoast-schema-graph\">{\"@context\":\"https:\\\/\\\/schema.org\",\"@graph\":[{\"@type\":\"WebPage\",\"@id\":\"https:\\\/\\\/az.f-chain.com\\\/az\\\/is-yerind%c9%99-t%c9%99hluk%c9%99sizlik-t%c9%99l%c9%99bl%c9%99rin%c9%99-uygunluq\\\/\",\"url\":\"https:\\\/\\\/az.f-chain.com\\\/az\\\/is-yerind%c9%99-t%c9%99hluk%c9%99sizlik-t%c9%99l%c9%99bl%c9%99rin%c9%99-uygunluq\\\/\",\"name\":\"\u0130\u015f yerind\u0259 t\u0259hl\u00fck\u0259sizlik t\u0259l\u0259bl\u0259rin\u0259 uy\u011funluq\",\"isPartOf\":{\"@id\":\"https:\\\/\\\/az.f-chain.com\\\/#website\"},\"primaryImageOfPage\":{\"@id\":\"https:\\\/\\\/az.f-chain.com\\\/az\\\/is-yerind%c9%99-t%c9%99hluk%c9%99sizlik-t%c9%99l%c9%99bl%c9%99rin%c9%99-uygunluq\\\/#primaryimage\"},\"image\":{\"@id\":\"https:\\\/\\\/az.f-chain.com\\\/az\\\/is-yerind%c9%99-t%c9%99hluk%c9%99sizlik-t%c9%99l%c9%99bl%c9%99rin%c9%99-uygunluq\\\/#primaryimage\"},\"thumbnailUrl\":\"https:\\\/\\\/az.f-chain.com\\\/wp-content\\\/uploads\\\/2025\\\/07\\\/business-solutions-businesswoman-hand-connecting-2025-01-09-03-44-06-utc-scaled.jpg\",\"datePublished\":\"2025-08-27T08:08:10+00:00\",\"dateModified\":\"2025-08-27T08:11:06+00:00\",\"description\":\"Financial Chain Corporation (FCHAIN) t\u0259\u015fkilatlara \u0259m\u0259yin m\u00fchafiz\u0259si v\u0259 t\u0259hl\u00fck\u0259sizlik standartlar\u0131 \u00fczr\u0259 ekspert m\u0259sl\u0259h\u0259tl\u0259ri verm\u0259kl\u0259, h\u00fcquq normalar\u0131na riay\u0259t etm\u0259k \u015f\u0259rtil\u0259, t\u0259hl\u00fck\u0259siz v\u0259 uy\u011fun i\u015f yerl\u0259ri yaratma\u011fa v\u0259 saxlama\u011fa k\u00f6m\u0259k edir.\",\"breadcrumb\":{\"@id\":\"https:\\\/\\\/az.f-chain.com\\\/az\\\/is-yerind%c9%99-t%c9%99hluk%c9%99sizlik-t%c9%99l%c9%99bl%c9%99rin%c9%99-uygunluq\\\/#breadcrumb\"},\"inLanguage\":\"az\",\"potentialAction\":[{\"@type\":\"ReadAction\",\"target\":[\"https:\\\/\\\/az.f-chain.com\\\/az\\\/is-yerind%c9%99-t%c9%99hluk%c9%99sizlik-t%c9%99l%c9%99bl%c9%99rin%c9%99-uygunluq\\\/\"]}]},{\"@type\":\"ImageObject\",\"inLanguage\":\"az\",\"@id\":\"https:\\\/\\\/az.f-chain.com\\\/az\\\/is-yerind%c9%99-t%c9%99hluk%c9%99sizlik-t%c9%99l%c9%99bl%c9%99rin%c9%99-uygunluq\\\/#primaryimage\",\"url\":\"https:\\\/\\\/az.f-chain.com\\\/wp-content\\\/uploads\\\/2025\\\/07\\\/business-solutions-businesswoman-hand-connecting-2025-01-09-03-44-06-utc-scaled.jpg\",\"contentUrl\":\"https:\\\/\\\/az.f-chain.com\\\/wp-content\\\/uploads\\\/2025\\\/07\\\/business-solutions-businesswoman-hand-connecting-2025-01-09-03-44-06-utc-scaled.jpg\",\"width\":2560,\"height\":1707,\"caption\":\"Business solutions, Businesswoman hand connecting jigsaw with businessman hand. success and strategy and partner concept.\"},{\"@type\":\"BreadcrumbList\",\"@id\":\"https:\\\/\\\/az.f-chain.com\\\/az\\\/is-yerind%c9%99-t%c9%99hluk%c9%99sizlik-t%c9%99l%c9%99bl%c9%99rin%c9%99-uygunluq\\\/#breadcrumb\",\"itemListElement\":[{\"@type\":\"ListItem\",\"position\":1,\"name\":\"Home\",\"item\":\"https:\\\/\\\/az.f-chain.com\\\/az\\\/\"},{\"@type\":\"ListItem\",\"position\":2,\"name\":\"\u0130\u015f yerind\u0259 t\u0259hl\u00fck\u0259sizlik t\u0259l\u0259bl\u0259rin\u0259 uy\u011funluq\"}]},{\"@type\":\"WebSite\",\"@id\":\"https:\\\/\\\/az.f-chain.com\\\/#website\",\"url\":\"https:\\\/\\\/az.f-chain.com\\\/\",\"name\":\"FChain\",\"description\":\"Azerbaijan\",\"potentialAction\":[{\"@type\":\"SearchAction\",\"target\":{\"@type\":\"EntryPoint\",\"urlTemplate\":\"https:\\\/\\\/az.f-chain.com\\\/?s={search_term_string}\"},\"query-input\":{\"@type\":\"PropertyValueSpecification\",\"valueRequired\":true,\"valueName\":\"search_term_string\"}}],\"inLanguage\":\"az\"}]}<\/script>\n<!-- \/ Yoast SEO plugin. -->","yoast_head_json":{"title":"\u0130\u015f yerind\u0259 t\u0259hl\u00fck\u0259sizlik t\u0259l\u0259bl\u0259rin\u0259 uy\u011funluq","description":"Financial Chain Corporation (FCHAIN) t\u0259\u015fkilatlara \u0259m\u0259yin m\u00fchafiz\u0259si v\u0259 t\u0259hl\u00fck\u0259sizlik standartlar\u0131 \u00fczr\u0259 ekspert m\u0259sl\u0259h\u0259tl\u0259ri verm\u0259kl\u0259, h\u00fcquq normalar\u0131na riay\u0259t etm\u0259k \u015f\u0259rtil\u0259, t\u0259hl\u00fck\u0259siz v\u0259 uy\u011fun i\u015f yerl\u0259ri yaratma\u011fa v\u0259 saxlama\u011fa k\u00f6m\u0259k edir.","robots":{"index":"index","follow":"follow","max-snippet":"max-snippet:-1","max-image-preview":"max-image-preview:large","max-video-preview":"max-video-preview:-1"},"canonical":"https:\/\/az.f-chain.com\/az\/is-yerind\u0259-t\u0259hluk\u0259sizlik-t\u0259l\u0259bl\u0259rin\u0259-uygunluq\/","og_locale":"az_AZ","og_type":"article","og_title":"\u0130\u015f yerind\u0259 t\u0259hl\u00fck\u0259sizlik t\u0259l\u0259bl\u0259rin\u0259 uy\u011funluq","og_description":"Financial Chain Corporation (FCHAIN) t\u0259\u015fkilatlara \u0259m\u0259yin m\u00fchafiz\u0259si v\u0259 t\u0259hl\u00fck\u0259sizlik standartlar\u0131 \u00fczr\u0259 ekspert m\u0259sl\u0259h\u0259tl\u0259ri verm\u0259kl\u0259, h\u00fcquq normalar\u0131na riay\u0259t etm\u0259k \u015f\u0259rtil\u0259, t\u0259hl\u00fck\u0259siz v\u0259 uy\u011fun i\u015f yerl\u0259ri yaratma\u011fa v\u0259 saxlama\u011fa k\u00f6m\u0259k edir.","og_url":"https:\/\/az.f-chain.com\/az\/is-yerind\u0259-t\u0259hluk\u0259sizlik-t\u0259l\u0259bl\u0259rin\u0259-uygunluq\/","og_site_name":"FChain","article_modified_time":"2025-08-27T08:11:06+00:00","og_image":[{"width":2560,"height":1707,"url":"https:\/\/az.f-chain.com\/wp-content\/uploads\/2025\/07\/business-solutions-businesswoman-hand-connecting-2025-01-09-03-44-06-utc-scaled.jpg","type":"image\/jpeg"}],"twitter_card":"summary_large_image","schema":{"@context":"https:\/\/schema.org","@graph":[{"@type":"WebPage","@id":"https:\/\/az.f-chain.com\/az\/is-yerind%c9%99-t%c9%99hluk%c9%99sizlik-t%c9%99l%c9%99bl%c9%99rin%c9%99-uygunluq\/","url":"https:\/\/az.f-chain.com\/az\/is-yerind%c9%99-t%c9%99hluk%c9%99sizlik-t%c9%99l%c9%99bl%c9%99rin%c9%99-uygunluq\/","name":"\u0130\u015f yerind\u0259 t\u0259hl\u00fck\u0259sizlik t\u0259l\u0259bl\u0259rin\u0259 uy\u011funluq","isPartOf":{"@id":"https:\/\/az.f-chain.com\/#website"},"primaryImageOfPage":{"@id":"https:\/\/az.f-chain.com\/az\/is-yerind%c9%99-t%c9%99hluk%c9%99sizlik-t%c9%99l%c9%99bl%c9%99rin%c9%99-uygunluq\/#primaryimage"},"image":{"@id":"https:\/\/az.f-chain.com\/az\/is-yerind%c9%99-t%c9%99hluk%c9%99sizlik-t%c9%99l%c9%99bl%c9%99rin%c9%99-uygunluq\/#primaryimage"},"thumbnailUrl":"https:\/\/az.f-chain.com\/wp-content\/uploads\/2025\/07\/business-solutions-businesswoman-hand-connecting-2025-01-09-03-44-06-utc-scaled.jpg","datePublished":"2025-08-27T08:08:10+00:00","dateModified":"2025-08-27T08:11:06+00:00","description":"Financial Chain Corporation (FCHAIN) t\u0259\u015fkilatlara \u0259m\u0259yin m\u00fchafiz\u0259si v\u0259 t\u0259hl\u00fck\u0259sizlik standartlar\u0131 \u00fczr\u0259 ekspert m\u0259sl\u0259h\u0259tl\u0259ri verm\u0259kl\u0259, h\u00fcquq normalar\u0131na riay\u0259t etm\u0259k \u015f\u0259rtil\u0259, t\u0259hl\u00fck\u0259siz v\u0259 uy\u011fun i\u015f yerl\u0259ri yaratma\u011fa v\u0259 saxlama\u011fa k\u00f6m\u0259k edir.","breadcrumb":{"@id":"https:\/\/az.f-chain.com\/az\/is-yerind%c9%99-t%c9%99hluk%c9%99sizlik-t%c9%99l%c9%99bl%c9%99rin%c9%99-uygunluq\/#breadcrumb"},"inLanguage":"az","potentialAction":[{"@type":"ReadAction","target":["https:\/\/az.f-chain.com\/az\/is-yerind%c9%99-t%c9%99hluk%c9%99sizlik-t%c9%99l%c9%99bl%c9%99rin%c9%99-uygunluq\/"]}]},{"@type":"ImageObject","inLanguage":"az","@id":"https:\/\/az.f-chain.com\/az\/is-yerind%c9%99-t%c9%99hluk%c9%99sizlik-t%c9%99l%c9%99bl%c9%99rin%c9%99-uygunluq\/#primaryimage","url":"https:\/\/az.f-chain.com\/wp-content\/uploads\/2025\/07\/business-solutions-businesswoman-hand-connecting-2025-01-09-03-44-06-utc-scaled.jpg","contentUrl":"https:\/\/az.f-chain.com\/wp-content\/uploads\/2025\/07\/business-solutions-businesswoman-hand-connecting-2025-01-09-03-44-06-utc-scaled.jpg","width":2560,"height":1707,"caption":"Business solutions, Businesswoman hand connecting jigsaw with businessman hand. success and strategy and partner concept."},{"@type":"BreadcrumbList","@id":"https:\/\/az.f-chain.com\/az\/is-yerind%c9%99-t%c9%99hluk%c9%99sizlik-t%c9%99l%c9%99bl%c9%99rin%c9%99-uygunluq\/#breadcrumb","itemListElement":[{"@type":"ListItem","position":1,"name":"Home","item":"https:\/\/az.f-chain.com\/az\/"},{"@type":"ListItem","position":2,"name":"\u0130\u015f yerind\u0259 t\u0259hl\u00fck\u0259sizlik t\u0259l\u0259bl\u0259rin\u0259 uy\u011funluq"}]},{"@type":"WebSite","@id":"https:\/\/az.f-chain.com\/#website","url":"https:\/\/az.f-chain.com\/","name":"FChain","description":"Azerbaijan","potentialAction":[{"@type":"SearchAction","target":{"@type":"EntryPoint","urlTemplate":"https:\/\/az.f-chain.com\/?s={search_term_string}"},"query-input":{"@type":"PropertyValueSpecification","valueRequired":true,"valueName":"search_term_string"}}],"inLanguage":"az"}]}},"_links":{"self":[{"href":"https:\/\/az.f-chain.com\/az\/wp-json\/wp\/v2\/pages\/55701","targetHints":{"allow":["GET"]}}],"collection":[{"href":"https:\/\/az.f-chain.com\/az\/wp-json\/wp\/v2\/pages"}],"about":[{"href":"https:\/\/az.f-chain.com\/az\/wp-json\/wp\/v2\/types\/page"}],"author":[{"embeddable":true,"href":"https:\/\/az.f-chain.com\/az\/wp-json\/wp\/v2\/users\/4"}],"replies":[{"embeddable":true,"href":"https:\/\/az.f-chain.com\/az\/wp-json\/wp\/v2\/comments?post=55701"}],"version-history":[{"count":3,"href":"https:\/\/az.f-chain.com\/az\/wp-json\/wp\/v2\/pages\/55701\/revisions"}],"predecessor-version":[{"id":55705,"href":"https:\/\/az.f-chain.com\/az\/wp-json\/wp\/v2\/pages\/55701\/revisions\/55705"}],"wp:featuredmedia":[{"embeddable":true,"href":"https:\/\/az.f-chain.com\/az\/wp-json\/wp\/v2\/media\/55285"}],"wp:attachment":[{"href":"https:\/\/az.f-chain.com\/az\/wp-json\/wp\/v2\/media?parent=55701"}],"curies":[{"name":"wp","href":"https:\/\/api.w.org\/{rel}","templated":true}]}}