{"id":55696,"date":"2025-08-27T10:04:42","date_gmt":"2025-08-27T07:04:42","guid":{"rendered":"https:\/\/az.f-chain.com\/?page_id=55696"},"modified":"2025-08-27T10:05:13","modified_gmt":"2025-08-27T07:05:13","slug":"em%c9%99k-haqqi-mubahis%c9%99l%c9%99ri","status":"publish","type":"page","link":"https:\/\/az.f-chain.com\/az\/em%c9%99k-haqqi-mubahis%c9%99l%c9%99ri\/","title":{"rendered":"\u018fm\u0259k haqq\u0131 m\u00fcbahis\u0259l\u0259ri"},"content":{"rendered":"<div class=\"wpb-content-wrapper\"><p>[vc_row][vc_column][vc_column_text]<strong>Financial Chain Corporation<\/strong><strong> (FCHAIN)<\/strong> \u0259m\u0259k qanunvericiliyin\u0259 \u0259m\u0259l olunmas\u0131n\u0131 t\u0259min etm\u0259k v\u0259 h\u0259m i\u015f\u0259g\u00f6t\u00fcr\u0259nl\u0259rin, h\u0259m d\u0259 i\u015f\u00e7il\u0259rin h\u00fcquqlar\u0131n\u0131 qorumaq \u00fc\u00e7\u00fcn \u0259m\u0259k haqq\u0131 m\u00fcbahis\u0259l\u0259rinin h\u0259lli xidm\u0259tl\u0259ri g\u00f6st\u0259rir. \u018fm\u0259k haqq\u0131 m\u00fcbahis\u0259l\u0259ri n\u00fcfuza z\u0259r\u0259r, maliyy\u0259 itkisi v\u0259 t\u0259nziml\u0259yici orqanlar t\u0259r\u0259find\u0259n yoxlama il\u0259 n\u0259tic\u0259l\u0259n\u0259 bil\u0259r. M\u0259qs\u0259dimiz onlar\u0131 tez, \u0259dal\u0259tli, qanuna tam uy\u011fun \u015f\u0259kild\u0259 h\u0259ll etm\u0259kdir.<\/p>\n<p>\u0130st\u0259r \u0259m\u0259k haqq\u0131 probleml\u0259ri il\u0259 m\u0259\u015f\u011ful olan i\u015f\u0259g\u00f6t\u00fcr\u0259n, ist\u0259rs\u0259 d\u0259 \u0259m\u0259k haqq\u0131 pozuntular\u0131 il\u0259 \u00fczl\u0259\u015f\u0259n i\u015f\u00e7i olma\u011f\u0131n\u0131zdan as\u0131l\u0131 olmayaraq, biz m\u00fcbahis\u0259l\u0259rin ayd\u0131n v\u0259 pe\u015f\u0259kar h\u0259llini t\u0259klif edirik.[\/vc_column_text][\/vc_column][\/vc_row][vc_row content_placement=&#8221;middle&#8221; css_animation=&#8221;bounceInLeft&#8221;][vc_column width=&#8221;1\/2&#8243;][vc_column_text]<\/p>\n<h3><strong>\u018fm\u0259k haqq\u0131 m\u00fcbahis\u0259l\u0259rinin h\u0259lli xidm\u0259tl\u0259rimiz\u0259 a\u015fa\u011f\u0131dak\u0131lar daxildir:<\/strong><\/h3>\n<ul class=\"ul-gray\">\n<li><strong>\u00d6d\u0259ni\u015fin az olmas\u0131 v\u0259 \u00f6d\u0259nilm\u0259m\u0259si iddialar\u0131<\/strong><br \/>\n\u018fm\u0259k haqq\u0131n\u0131n \u00f6d\u0259nilm\u0259m\u0259si, \u0259m\u0259k haqq\u0131ndan tutulmalar, habel\u0259 m\u00fckafatlar\u0131n v\u0259 \u00f6d\u0259nilm\u0259li dig\u0259r \u00f6d\u0259ni\u015fl\u0259rin \u00f6d\u0259nilm\u0259m\u0259si il\u0259 ba\u011fl\u0131 i\u015fl\u0259rin h\u0259llind\u0259 h\u00fcquqi d\u0259st\u0259k.<\/li>\n<\/ul>\n<ul class=\"ul-gray\">\n<li><strong>\u0130\u015f vaxt\u0131ndan art\u0131q i\u015f v\u0259 m\u0259zuniyy\u0259t haqq\u0131n\u0131n \u00f6d\u0259nilm\u0259si il\u0259 ba\u011fl\u0131 m\u00fcbahis\u0259l\u0259r<\/strong><\/li>\n<\/ul>\n<p>Milli \u0259m\u0259k m\u0259c\u0259ll\u0259l\u0259rin\u0259 uy\u011fun olaraq i\u015f vaxt\u0131ndan art\u0131q i\u015f, m\u0259zuniyy\u0259t haqq\u0131 v\u0259 dig\u0259r d\u0259yi\u015fk\u0259n m\u00fckafatlar\u0131n d\u00fczg\u00fcn hesablanmas\u0131 v\u0259 \u00f6d\u0259nilm\u0259si \u00fczr\u0259 m\u0259sl\u0259h\u0259tl\u0259r.<\/p>\n<ul class=\"ul-gray\">\n<li><strong>Audit v\u0259 uy\u011funlu\u011fun yoxlanmas\u0131<\/strong><br \/>\nQanunvericiliy\u0259 uy\u011funlu\u011fu t\u0259min etm\u0259k v\u0259 g\u0259l\u0259c\u0259k m\u00fcbahis\u0259l\u0259rin qar\u015f\u0131s\u0131n\u0131 almaq \u00fc\u00e7\u00fcn \u0259m\u0259k haqq\u0131 sisteml\u0259rinin v\u0259 \u0259m\u0259k haqq\u0131 t\u0259cr\u00fcb\u0259l\u0259rinin auditi.<\/li>\n<li><strong>Vasit\u0259\u00e7ilik v\u0259 h\u00fcquqi t\u0259msil\u00e7ilik<\/strong><br \/>\nDan\u0131\u015f\u0131qlar, vasit\u0259\u00e7ilik v\u0259 ya z\u0259ruri hallarda m\u0259hk\u0259m\u0259 \u00e7\u0259ki\u015fm\u0259l\u0259ri vasit\u0259sil\u0259 \u0259m\u0259k haqq\u0131 il\u0259 ba\u011fl\u0131 m\u00fcnaqi\u015f\u0259l\u0259rin h\u0259llin\u0259 k\u00f6m\u0259klik, h\u0259r m\u0259rh\u0259l\u0259d\u0259 maraqlar\u0131n\u0131z\u0131 qorumaq.<\/li>\n<li><strong>\u0130\u015f\u0259g\u00f6t\u00fcr\u0259nl\u0259r \u00fc\u00e7\u00fcn m\u0259sl\u0259h\u0259t xidm\u0259tl\u0259ri<\/strong><br \/>\n\u018fm\u0259k haqq\u0131 prosesl\u0259rinin m\u00fcvafiq qaydalara uy\u011fun olmas\u0131n\u0131 t\u0259min etm\u0259kl\u0259 i\u015f\u0259g\u00f6t\u00fcr\u0259nl\u0259r\u0259 \u015f\u0259ffaf \u0259m\u0259k haqq\u0131 siyas\u0259tl\u0259rini inki\u015faf etdirm\u0259y\u0259 v\u0259 bahal\u0131 h\u00fcquqi probleml\u0259rd\u0259n qa\u00e7ma\u011fa k\u00f6m\u0259k etm\u0259k.<\/li>\n<\/ul>\n<p>[\/vc_column_text][vc_btn title=&#8221;DAHA \u018fTRAFLI&#8221; style=&#8221;outline&#8221; color=&#8221;danger&#8221; align=&#8221;center&#8221; link=&#8221;url:https%3A%2F%2Faz.f-chain.com%2Faz%2Fem%25c9%2599k-huququ%2F|title:Employment%20Law&#8221;][\/vc_column][vc_column width=&#8221;1\/2&#8243;][vc_single_image image=&#8221;55292&#8243; img_size=&#8221;full&#8221;][\/vc_column][\/vc_row][vc_row css_animation=&#8221;bounceInDown&#8221;][vc_column][vc_column_text]\u018fm\u0259k haqq\u0131 m\u00fcbahis\u0259l\u0259ri h\u0259ssas v\u0259 vacib m\u0259s\u0259l\u0259l\u0259rdir. \u0130mkan verin FCHAIN onlara h\u00fcquqi ayd\u0131nl\u0131q g\u0259tirsin v\u0259 onlar\u0131 effektiv \u015f\u0259kild\u0259 h\u0259ll etm\u0259k \u00fc\u00e7\u00fcn siz\u0259 laz\u0131m olan d\u0259st\u0259yi t\u0259min etsin.[\/vc_column_text][\/vc_column][\/vc_row]<\/p>\n<\/div>","protected":false},"excerpt":{"rendered":"<p>[vc_row][vc_column][vc_column_text]Financial Chain Corporation (FCHAIN) \u0259m\u0259k qanunvericiliyin\u0259 \u0259m\u0259l olunmas\u0131n\u0131 t\u0259min etm\u0259k v\u0259 h\u0259m i\u015f\u0259g\u00f6t\u00fcr\u0259nl\u0259rin, h\u0259m d\u0259 i\u015f\u00e7il\u0259rin h\u00fcquqlar\u0131n\u0131 qorumaq \u00fc\u00e7\u00fcn \u0259m\u0259k haqq\u0131 m\u00fcbahis\u0259l\u0259rinin h\u0259lli xidm\u0259tl\u0259ri g\u00f6st\u0259rir. \u018fm\u0259k haqq\u0131 m\u00fcbahis\u0259l\u0259ri n\u00fcfuza z\u0259r\u0259r, maliyy\u0259 itkisi v\u0259 t\u0259nziml\u0259yici orqanlar t\u0259r\u0259find\u0259n yoxlama il\u0259 n\u0259tic\u0259l\u0259n\u0259 bil\u0259r. M\u0259qs\u0259dimiz onlar\u0131 tez, \u0259dal\u0259tli, qanuna tam uy\u011fun \u015f\u0259kild\u0259 h\u0259ll etm\u0259kdir. \u0130st\u0259r \u0259m\u0259k haqq\u0131 probleml\u0259ri il\u0259<\/p>\n","protected":false},"author":4,"featured_media":55293,"parent":0,"menu_order":0,"comment_status":"closed","ping_status":"closed","template":"","meta":{"_acf_changed":false,"footnotes":""},"class_list":["post-55696","page","type-page","status-publish","hentry"],"acf":[],"yoast_head":"<!-- This site is optimized with the Yoast SEO plugin v27.3 - https:\/\/yoast.com\/product\/yoast-seo-wordpress\/ -->\n<title>\u018fm\u0259k haqq\u0131 m\u00fcbahis\u0259l\u0259ri<\/title>\n<meta name=\"description\" content=\"Financial Chain Corporation (FCHAIN) \u0259m\u0259k qanunvericiliyin\u0259 \u0259m\u0259l olunmas\u0131n\u0131 t\u0259min etm\u0259k v\u0259 h\u0259m i\u015f\u0259g\u00f6t\u00fcr\u0259nl\u0259rin, h\u0259m d\u0259 i\u015f\u00e7il\u0259rin h\u00fcquqlar\u0131n\u0131 qorumaq \u00fc\u00e7\u00fcn \u0259m\u0259k haqq\u0131 m\u00fcbahis\u0259l\u0259rinin h\u0259lli xidm\u0259tl\u0259ri g\u00f6st\u0259rir.\" \/>\n<meta name=\"robots\" content=\"index, follow, max-snippet:-1, max-image-preview:large, max-video-preview:-1\" \/>\n<link rel=\"canonical\" href=\"https:\/\/az.f-chain.com\/az\/em\u0259k-haqqi-mubahis\u0259l\u0259ri\/\" \/>\n<meta property=\"og:locale\" content=\"az_AZ\" \/>\n<meta property=\"og:type\" content=\"article\" \/>\n<meta property=\"og:title\" content=\"\u018fm\u0259k haqq\u0131 m\u00fcbahis\u0259l\u0259ri\" \/>\n<meta property=\"og:description\" content=\"Financial Chain Corporation (FCHAIN) \u0259m\u0259k qanunvericiliyin\u0259 \u0259m\u0259l olunmas\u0131n\u0131 t\u0259min etm\u0259k v\u0259 h\u0259m i\u015f\u0259g\u00f6t\u00fcr\u0259nl\u0259rin, h\u0259m d\u0259 i\u015f\u00e7il\u0259rin h\u00fcquqlar\u0131n\u0131 qorumaq \u00fc\u00e7\u00fcn \u0259m\u0259k haqq\u0131 m\u00fcbahis\u0259l\u0259rinin h\u0259lli xidm\u0259tl\u0259ri g\u00f6st\u0259rir.\" \/>\n<meta property=\"og:url\" content=\"https:\/\/az.f-chain.com\/az\/em\u0259k-haqqi-mubahis\u0259l\u0259ri\/\" \/>\n<meta property=\"og:site_name\" content=\"FChain\" \/>\n<meta property=\"article:modified_time\" content=\"2025-08-27T07:05:13+00:00\" \/>\n<meta property=\"og:image\" content=\"https:\/\/az.f-chain.com\/wp-content\/uploads\/2025\/07\/close-up-miniature-back-businessman-standing-look-2024-12-06-21-07-12-utc-scaled.jpg\" \/>\n\t<meta property=\"og:image:width\" content=\"2560\" \/>\n\t<meta property=\"og:image:height\" content=\"1708\" \/>\n\t<meta property=\"og:image:type\" content=\"image\/jpeg\" \/>\n<meta name=\"twitter:card\" content=\"summary_large_image\" \/>\n<script type=\"application\/ld+json\" class=\"yoast-schema-graph\">{\"@context\":\"https:\\\/\\\/schema.org\",\"@graph\":[{\"@type\":\"WebPage\",\"@id\":\"https:\\\/\\\/az.f-chain.com\\\/az\\\/em%c9%99k-haqqi-mubahis%c9%99l%c9%99ri\\\/\",\"url\":\"https:\\\/\\\/az.f-chain.com\\\/az\\\/em%c9%99k-haqqi-mubahis%c9%99l%c9%99ri\\\/\",\"name\":\"\u018fm\u0259k haqq\u0131 m\u00fcbahis\u0259l\u0259ri\",\"isPartOf\":{\"@id\":\"https:\\\/\\\/az.f-chain.com\\\/#website\"},\"primaryImageOfPage\":{\"@id\":\"https:\\\/\\\/az.f-chain.com\\\/az\\\/em%c9%99k-haqqi-mubahis%c9%99l%c9%99ri\\\/#primaryimage\"},\"image\":{\"@id\":\"https:\\\/\\\/az.f-chain.com\\\/az\\\/em%c9%99k-haqqi-mubahis%c9%99l%c9%99ri\\\/#primaryimage\"},\"thumbnailUrl\":\"https:\\\/\\\/az.f-chain.com\\\/wp-content\\\/uploads\\\/2025\\\/07\\\/close-up-miniature-back-businessman-standing-look-2024-12-06-21-07-12-utc-scaled.jpg\",\"datePublished\":\"2025-08-27T07:04:42+00:00\",\"dateModified\":\"2025-08-27T07:05:13+00:00\",\"description\":\"Financial Chain Corporation (FCHAIN) \u0259m\u0259k qanunvericiliyin\u0259 \u0259m\u0259l olunmas\u0131n\u0131 t\u0259min etm\u0259k v\u0259 h\u0259m i\u015f\u0259g\u00f6t\u00fcr\u0259nl\u0259rin, h\u0259m d\u0259 i\u015f\u00e7il\u0259rin h\u00fcquqlar\u0131n\u0131 qorumaq \u00fc\u00e7\u00fcn \u0259m\u0259k haqq\u0131 m\u00fcbahis\u0259l\u0259rinin h\u0259lli xidm\u0259tl\u0259ri g\u00f6st\u0259rir.\",\"breadcrumb\":{\"@id\":\"https:\\\/\\\/az.f-chain.com\\\/az\\\/em%c9%99k-haqqi-mubahis%c9%99l%c9%99ri\\\/#breadcrumb\"},\"inLanguage\":\"az\",\"potentialAction\":[{\"@type\":\"ReadAction\",\"target\":[\"https:\\\/\\\/az.f-chain.com\\\/az\\\/em%c9%99k-haqqi-mubahis%c9%99l%c9%99ri\\\/\"]}]},{\"@type\":\"ImageObject\",\"inLanguage\":\"az\",\"@id\":\"https:\\\/\\\/az.f-chain.com\\\/az\\\/em%c9%99k-haqqi-mubahis%c9%99l%c9%99ri\\\/#primaryimage\",\"url\":\"https:\\\/\\\/az.f-chain.com\\\/wp-content\\\/uploads\\\/2025\\\/07\\\/close-up-miniature-back-businessman-standing-look-2024-12-06-21-07-12-utc-scaled.jpg\",\"contentUrl\":\"https:\\\/\\\/az.f-chain.com\\\/wp-content\\\/uploads\\\/2025\\\/07\\\/close-up-miniature-back-businessman-standing-look-2024-12-06-21-07-12-utc-scaled.jpg\",\"width\":2560,\"height\":1708},{\"@type\":\"BreadcrumbList\",\"@id\":\"https:\\\/\\\/az.f-chain.com\\\/az\\\/em%c9%99k-haqqi-mubahis%c9%99l%c9%99ri\\\/#breadcrumb\",\"itemListElement\":[{\"@type\":\"ListItem\",\"position\":1,\"name\":\"Home\",\"item\":\"https:\\\/\\\/az.f-chain.com\\\/az\\\/\"},{\"@type\":\"ListItem\",\"position\":2,\"name\":\"\u018fm\u0259k haqq\u0131 m\u00fcbahis\u0259l\u0259ri\"}]},{\"@type\":\"WebSite\",\"@id\":\"https:\\\/\\\/az.f-chain.com\\\/#website\",\"url\":\"https:\\\/\\\/az.f-chain.com\\\/\",\"name\":\"FChain\",\"description\":\"Azerbaijan\",\"potentialAction\":[{\"@type\":\"SearchAction\",\"target\":{\"@type\":\"EntryPoint\",\"urlTemplate\":\"https:\\\/\\\/az.f-chain.com\\\/?s={search_term_string}\"},\"query-input\":{\"@type\":\"PropertyValueSpecification\",\"valueRequired\":true,\"valueName\":\"search_term_string\"}}],\"inLanguage\":\"az\"}]}<\/script>\n<!-- \/ Yoast SEO plugin. -->","yoast_head_json":{"title":"\u018fm\u0259k haqq\u0131 m\u00fcbahis\u0259l\u0259ri","description":"Financial Chain Corporation (FCHAIN) \u0259m\u0259k qanunvericiliyin\u0259 \u0259m\u0259l olunmas\u0131n\u0131 t\u0259min etm\u0259k v\u0259 h\u0259m i\u015f\u0259g\u00f6t\u00fcr\u0259nl\u0259rin, h\u0259m d\u0259 i\u015f\u00e7il\u0259rin h\u00fcquqlar\u0131n\u0131 qorumaq \u00fc\u00e7\u00fcn \u0259m\u0259k haqq\u0131 m\u00fcbahis\u0259l\u0259rinin h\u0259lli xidm\u0259tl\u0259ri g\u00f6st\u0259rir.","robots":{"index":"index","follow":"follow","max-snippet":"max-snippet:-1","max-image-preview":"max-image-preview:large","max-video-preview":"max-video-preview:-1"},"canonical":"https:\/\/az.f-chain.com\/az\/em\u0259k-haqqi-mubahis\u0259l\u0259ri\/","og_locale":"az_AZ","og_type":"article","og_title":"\u018fm\u0259k haqq\u0131 m\u00fcbahis\u0259l\u0259ri","og_description":"Financial Chain Corporation (FCHAIN) \u0259m\u0259k qanunvericiliyin\u0259 \u0259m\u0259l olunmas\u0131n\u0131 t\u0259min etm\u0259k v\u0259 h\u0259m i\u015f\u0259g\u00f6t\u00fcr\u0259nl\u0259rin, h\u0259m d\u0259 i\u015f\u00e7il\u0259rin h\u00fcquqlar\u0131n\u0131 qorumaq \u00fc\u00e7\u00fcn \u0259m\u0259k haqq\u0131 m\u00fcbahis\u0259l\u0259rinin h\u0259lli xidm\u0259tl\u0259ri g\u00f6st\u0259rir.","og_url":"https:\/\/az.f-chain.com\/az\/em\u0259k-haqqi-mubahis\u0259l\u0259ri\/","og_site_name":"FChain","article_modified_time":"2025-08-27T07:05:13+00:00","og_image":[{"width":2560,"height":1708,"url":"https:\/\/az.f-chain.com\/wp-content\/uploads\/2025\/07\/close-up-miniature-back-businessman-standing-look-2024-12-06-21-07-12-utc-scaled.jpg","type":"image\/jpeg"}],"twitter_card":"summary_large_image","schema":{"@context":"https:\/\/schema.org","@graph":[{"@type":"WebPage","@id":"https:\/\/az.f-chain.com\/az\/em%c9%99k-haqqi-mubahis%c9%99l%c9%99ri\/","url":"https:\/\/az.f-chain.com\/az\/em%c9%99k-haqqi-mubahis%c9%99l%c9%99ri\/","name":"\u018fm\u0259k haqq\u0131 m\u00fcbahis\u0259l\u0259ri","isPartOf":{"@id":"https:\/\/az.f-chain.com\/#website"},"primaryImageOfPage":{"@id":"https:\/\/az.f-chain.com\/az\/em%c9%99k-haqqi-mubahis%c9%99l%c9%99ri\/#primaryimage"},"image":{"@id":"https:\/\/az.f-chain.com\/az\/em%c9%99k-haqqi-mubahis%c9%99l%c9%99ri\/#primaryimage"},"thumbnailUrl":"https:\/\/az.f-chain.com\/wp-content\/uploads\/2025\/07\/close-up-miniature-back-businessman-standing-look-2024-12-06-21-07-12-utc-scaled.jpg","datePublished":"2025-08-27T07:04:42+00:00","dateModified":"2025-08-27T07:05:13+00:00","description":"Financial Chain Corporation (FCHAIN) \u0259m\u0259k qanunvericiliyin\u0259 \u0259m\u0259l olunmas\u0131n\u0131 t\u0259min etm\u0259k v\u0259 h\u0259m i\u015f\u0259g\u00f6t\u00fcr\u0259nl\u0259rin, h\u0259m d\u0259 i\u015f\u00e7il\u0259rin h\u00fcquqlar\u0131n\u0131 qorumaq \u00fc\u00e7\u00fcn \u0259m\u0259k haqq\u0131 m\u00fcbahis\u0259l\u0259rinin h\u0259lli xidm\u0259tl\u0259ri g\u00f6st\u0259rir.","breadcrumb":{"@id":"https:\/\/az.f-chain.com\/az\/em%c9%99k-haqqi-mubahis%c9%99l%c9%99ri\/#breadcrumb"},"inLanguage":"az","potentialAction":[{"@type":"ReadAction","target":["https:\/\/az.f-chain.com\/az\/em%c9%99k-haqqi-mubahis%c9%99l%c9%99ri\/"]}]},{"@type":"ImageObject","inLanguage":"az","@id":"https:\/\/az.f-chain.com\/az\/em%c9%99k-haqqi-mubahis%c9%99l%c9%99ri\/#primaryimage","url":"https:\/\/az.f-chain.com\/wp-content\/uploads\/2025\/07\/close-up-miniature-back-businessman-standing-look-2024-12-06-21-07-12-utc-scaled.jpg","contentUrl":"https:\/\/az.f-chain.com\/wp-content\/uploads\/2025\/07\/close-up-miniature-back-businessman-standing-look-2024-12-06-21-07-12-utc-scaled.jpg","width":2560,"height":1708},{"@type":"BreadcrumbList","@id":"https:\/\/az.f-chain.com\/az\/em%c9%99k-haqqi-mubahis%c9%99l%c9%99ri\/#breadcrumb","itemListElement":[{"@type":"ListItem","position":1,"name":"Home","item":"https:\/\/az.f-chain.com\/az\/"},{"@type":"ListItem","position":2,"name":"\u018fm\u0259k haqq\u0131 m\u00fcbahis\u0259l\u0259ri"}]},{"@type":"WebSite","@id":"https:\/\/az.f-chain.com\/#website","url":"https:\/\/az.f-chain.com\/","name":"FChain","description":"Azerbaijan","potentialAction":[{"@type":"SearchAction","target":{"@type":"EntryPoint","urlTemplate":"https:\/\/az.f-chain.com\/?s={search_term_string}"},"query-input":{"@type":"PropertyValueSpecification","valueRequired":true,"valueName":"search_term_string"}}],"inLanguage":"az"}]}},"_links":{"self":[{"href":"https:\/\/az.f-chain.com\/az\/wp-json\/wp\/v2\/pages\/55696","targetHints":{"allow":["GET"]}}],"collection":[{"href":"https:\/\/az.f-chain.com\/az\/wp-json\/wp\/v2\/pages"}],"about":[{"href":"https:\/\/az.f-chain.com\/az\/wp-json\/wp\/v2\/types\/page"}],"author":[{"embeddable":true,"href":"https:\/\/az.f-chain.com\/az\/wp-json\/wp\/v2\/users\/4"}],"replies":[{"embeddable":true,"href":"https:\/\/az.f-chain.com\/az\/wp-json\/wp\/v2\/comments?post=55696"}],"version-history":[{"count":1,"href":"https:\/\/az.f-chain.com\/az\/wp-json\/wp\/v2\/pages\/55696\/revisions"}],"predecessor-version":[{"id":55697,"href":"https:\/\/az.f-chain.com\/az\/wp-json\/wp\/v2\/pages\/55696\/revisions\/55697"}],"wp:featuredmedia":[{"embeddable":true,"href":"https:\/\/az.f-chain.com\/az\/wp-json\/wp\/v2\/media\/55293"}],"wp:attachment":[{"href":"https:\/\/az.f-chain.com\/az\/wp-json\/wp\/v2\/media?parent=55696"}],"curies":[{"name":"wp","href":"https:\/\/api.w.org\/{rel}","templated":true}]}}