{"id":55690,"date":"2025-08-27T09:52:09","date_gmt":"2025-08-27T06:52:09","guid":{"rendered":"https:\/\/az.f-chain.com\/?page_id=55690"},"modified":"2025-08-27T09:55:23","modified_gmt":"2025-08-27T06:55:23","slug":"em%c9%99k-muqavil%c9%99l%c9%99ri","status":"publish","type":"page","link":"https:\/\/az.f-chain.com\/az\/em%c9%99k-muqavil%c9%99l%c9%99ri\/","title":{"rendered":"\u018fm\u0259k m\u00fcqavil\u0259l\u0259ri"},"content":{"rendered":"<div class=\"wpb-content-wrapper\"><p>[vc_row][vc_column][vc_column_text]<strong>Financial Chain Corporation (FCHAIN<\/strong><strong>)<\/strong> \u015f\u0259ffaf v\u0259 uy\u011fun i\u015f\u0259g\u00f6t\u00fcr\u0259n-i\u015f\u00e7i m\u00fcnasib\u0259tl\u0259rinin \u0259sas\u0131n\u0131 t\u0259\u015fkil ed\u0259n \u0259m\u0259k m\u00fcqavil\u0259l\u0259rinin haz\u0131rlanmas\u0131 v\u0259 idar\u0259 edilm\u0259sind\u0259 pe\u015f\u0259kar h\u00fcquqi d\u0259st\u0259k g\u00f6st\u0259rir. Komandam\u0131z h\u0259r bir m\u00fcqavil\u0259nin biznesinizin maraqlar\u0131n\u0131 qorumas\u0131n\u0131, yerli \u0259m\u0259k qanunlar\u0131na v\u0259 beyn\u0259lxalq standartlara uy\u011fun olmas\u0131n\u0131 t\u0259min edir.<\/p>\n<p>\u0130st\u0259r q\u0131sam\u00fcdd\u0259tli layih\u0259 \u00fc\u00e7\u00fcn i\u015f\u00e7il\u0259r i\u015f\u0259 g\u00f6t\u00fcrs\u0259niz, ist\u0259rs\u0259 d\u0259 uzunm\u00fcdd\u0259tli komanda formala\u015fd\u0131rsan\u0131z, bizim xidm\u0259tl\u0259rimiz h\u00fcquqi riskl\u0259ri azaltma\u011fa, \u0259dal\u0259tli m\u0259\u015f\u011fulluq t\u0259cr\u00fcb\u0259l\u0259rini d\u0259st\u0259kl\u0259m\u0259y\u0259 v\u0259 \u0259vv\u0259ld\u0259n h\u00fcquq v\u0259 v\u0259zif\u0259l\u0259ri ayd\u0131nla\u015fd\u0131rma\u011fa y\u00f6n\u0259lib.[\/vc_column_text][\/vc_column][\/vc_row][vc_row equal_height=&#8221;yes&#8221; content_placement=&#8221;middle&#8221; css_animation=&#8221;bounceInLeft&#8221;][vc_column width=&#8221;1\/2&#8243;][vc_column_text]\u018fm\u0259k m\u00fcqavil\u0259si xidm\u0259tl\u0259rimiz\u0259 a\u015fa\u011f\u0131dak\u0131lar daxildir:<\/p>\n<ul class=\"ul-gray\">\n<li><strong>\u018fm\u0259k m\u00fcqavil\u0259l\u0259rinin haz\u0131rlanmas\u0131<\/strong><br \/>\nBiz sizin biznesinizin x\u00fcsusiyy\u0259tl\u0259rini v\u0259 kadr ehtiyaclar\u0131n\u0131z\u0131 n\u0259z\u0259r\u0259 alaraq daimi, m\u00fcv\u0259qq\u0259ti, \u015ftattank\u0259nar v\u0259 yar\u0131m\u015ftat v\u0259zif\u0259l\u0259r \u00fc\u00e7\u00fcn f\u0259rdi m\u00fcqavil\u0259l\u0259r haz\u0131rlay\u0131r\u0131q.<\/li>\n<li><strong>M\u00fcqavil\u0259l\u0259rin n\u0259z\u0259rd\u0259n ke\u00e7irilm\u0259si v\u0259 h\u00fcquqi uy\u011funluq<\/strong><br \/>\nBiz onlar\u0131n milli \u0259m\u0259k qanunlar\u0131na uy\u011fun olmas\u0131n\u0131 v\u0259 \u0259n son h\u00fcquqi yenilikl\u0259ri \u0259ks etdirm\u0259sini t\u0259min etm\u0259k \u00fc\u00e7\u00fcn m\u00f6vcud m\u00fcqavil\u0259l\u0259ri t\u0259hlil edirik v\u0259 n\u0259z\u0259rd\u0259n ke\u00e7iririk.<\/li>\n<li><strong>A\u00e7\u0131qlamama v\u0259 m\u0259xfilik sazi\u015fl\u0259ri (NDA)<\/strong><br \/>\nF\u0259aliyy\u0259t sah\u0259niz\u0259\u00a0 v\u0259 \u0259m\u0259liyyat riskl\u0259rin\u0259 uy\u011fun olan qanuni q\u00fcvv\u0259y\u0259 min\u0259n m\u0259xfilik sazi\u015fl\u0259ri il\u0259 biznesinizl\u0259 ba\u011fl\u0131 h\u0259ssas m\u0259lumatlar\u0131 qoruyun.<\/li>\n<li><strong>R\u0259qab\u0259td\u0259n \u00e7\u0259kinm\u0259 m\u00fcqavil\u0259l\u0259ri v\u0259 m\u0259hdudla\u015fd\u0131r\u0131c\u0131 \u015f\u0259rtl\u0259r<\/strong><br \/>\nBiz i\u015finizi dayand\u0131rd\u0131qdan sonra \u0259dal\u0259tsiz r\u0259qab\u0259td\u0259n qorumaq \u00fc\u00e7\u00fcn h\u00fcquqi c\u0259h\u0259td\u0259n \u0259sasland\u0131r\u0131lm\u0131\u015f r\u0259qab\u0259t aparmamaq haqq\u0131nda m\u00fcdd\u0259alar\u0131 m\u00fc\u0259yy\u0259nl\u0259\u015fdirm\u0259y\u0259 k\u00f6m\u0259k edirik.<\/li>\n<\/ul>\n<ul class=\"ul-gray\">\n<li><strong>R\u0259hb\u0259r i\u015f\u00e7il\u0259rl\u0259 v\u0259 beyn\u0259lxalq hey\u0259tl\u0259 \u0259m\u0259k m\u00fcqavil\u0259l\u0259ri<\/strong><br \/>\nVergi aspektl\u0259ri, yerd\u0259yi\u015fm\u0259 m\u00fcdd\u0259alar\u0131 v\u0259 m\u00fcbahis\u0259l\u0259rin h\u0259lli mexanizml\u0259ri daxil olmaqla, r\u0259hb\u0259r i\u015f\u00e7il\u0259r v\u0259 beyn\u0259lxalq hey\u0259t \u00fc\u00e7\u00fcn f\u0259rdi m\u00fcqavil\u0259l\u0259rin haz\u0131rlanmas\u0131.<\/li>\n<\/ul>\n<p>[\/vc_column_text][vc_btn title=&#8221;DAHA \u018fTRAFLI&#8221; style=&#8221;outline&#8221; color=&#8221;danger&#8221; align=&#8221;center&#8221; link=&#8221;url:https%3A%2F%2Faz.f-chain.com%2Faz%2Fem%25c9%2599k-huququ%2F|title:Employment%20Law&#8221;][\/vc_column][vc_column width=&#8221;1\/2&#8243;][vc_single_image image=&#8221;55278&#8243; img_size=&#8221;full&#8221;][\/vc_column][\/vc_row][vc_row css_animation=&#8221;bounceInDown&#8221;][vc_column][vc_column_text]By working with FCHAIN, you gain access to legal experts who understand the nuances of employment relationships and are committed to safeguarding your organisation.[\/vc_column_text][\/vc_column][\/vc_row]<\/p>\n<\/div>","protected":false},"excerpt":{"rendered":"<p>[vc_row][vc_column][vc_column_text]Financial Chain Corporation (FCHAIN) \u015f\u0259ffaf v\u0259 uy\u011fun i\u015f\u0259g\u00f6t\u00fcr\u0259n-i\u015f\u00e7i m\u00fcnasib\u0259tl\u0259rinin \u0259sas\u0131n\u0131 t\u0259\u015fkil ed\u0259n \u0259m\u0259k m\u00fcqavil\u0259l\u0259rinin haz\u0131rlanmas\u0131 v\u0259 idar\u0259 edilm\u0259sind\u0259 pe\u015f\u0259kar h\u00fcquqi d\u0259st\u0259k g\u00f6st\u0259rir. Komandam\u0131z h\u0259r bir m\u00fcqavil\u0259nin biznesinizin maraqlar\u0131n\u0131 qorumas\u0131n\u0131, yerli \u0259m\u0259k qanunlar\u0131na v\u0259 beyn\u0259lxalq standartlara uy\u011fun olmas\u0131n\u0131 t\u0259min edir. \u0130st\u0259r q\u0131sam\u00fcdd\u0259tli layih\u0259 \u00fc\u00e7\u00fcn i\u015f\u00e7il\u0259r i\u015f\u0259 g\u00f6t\u00fcrs\u0259niz, ist\u0259rs\u0259 d\u0259 uzunm\u00fcdd\u0259tli komanda formala\u015fd\u0131rsan\u0131z, bizim xidm\u0259tl\u0259rimiz h\u00fcquqi riskl\u0259ri<\/p>\n","protected":false},"author":4,"featured_media":55279,"parent":0,"menu_order":0,"comment_status":"closed","ping_status":"closed","template":"","meta":{"_acf_changed":false,"footnotes":""},"class_list":["post-55690","page","type-page","status-publish","hentry"],"acf":[],"yoast_head":"<!-- This site is optimized with the Yoast SEO plugin v27.3 - https:\/\/yoast.com\/product\/yoast-seo-wordpress\/ -->\n<title>\u018fm\u0259k m\u00fcqavil\u0259l\u0259ri<\/title>\n<meta name=\"description\" content=\"Financial Chain Corporation (FCHAIN) \u015f\u0259ffaf v\u0259 uy\u011fun i\u015f\u0259g\u00f6t\u00fcr\u0259n-i\u015f\u00e7i m\u00fcnasib\u0259tl\u0259rinin \u0259sas\u0131n\u0131 t\u0259\u015fkil ed\u0259n \u0259m\u0259k m\u00fcqavil\u0259l\u0259rinin haz\u0131rlanmas\u0131 v\u0259 idar\u0259 edilm\u0259sind\u0259 pe\u015f\u0259kar h\u00fcquqi d\u0259st\u0259k g\u00f6st\u0259rir.\" \/>\n<meta name=\"robots\" content=\"index, follow, max-snippet:-1, max-image-preview:large, max-video-preview:-1\" \/>\n<link rel=\"canonical\" href=\"https:\/\/az.f-chain.com\/az\/em\u0259k-muqavil\u0259l\u0259ri\/\" \/>\n<meta property=\"og:locale\" content=\"az_AZ\" \/>\n<meta property=\"og:type\" content=\"article\" \/>\n<meta property=\"og:title\" content=\"\u018fm\u0259k m\u00fcqavil\u0259l\u0259ri\" \/>\n<meta property=\"og:description\" content=\"Financial Chain Corporation (FCHAIN) \u015f\u0259ffaf v\u0259 uy\u011fun i\u015f\u0259g\u00f6t\u00fcr\u0259n-i\u015f\u00e7i m\u00fcnasib\u0259tl\u0259rinin \u0259sas\u0131n\u0131 t\u0259\u015fkil ed\u0259n \u0259m\u0259k m\u00fcqavil\u0259l\u0259rinin haz\u0131rlanmas\u0131 v\u0259 idar\u0259 edilm\u0259sind\u0259 pe\u015f\u0259kar h\u00fcquqi d\u0259st\u0259k g\u00f6st\u0259rir.\" \/>\n<meta property=\"og:url\" content=\"https:\/\/az.f-chain.com\/az\/em\u0259k-muqavil\u0259l\u0259ri\/\" \/>\n<meta property=\"og:site_name\" content=\"FChain\" \/>\n<meta property=\"article:modified_time\" content=\"2025-08-27T06:55:23+00:00\" \/>\n<meta property=\"og:image\" content=\"https:\/\/az.f-chain.com\/wp-content\/uploads\/2025\/07\/close-up-business-contract-paper-on-meeting-room-t-2024-11-26-22-48-14-utc-scaled.jpg\" \/>\n\t<meta property=\"og:image:width\" content=\"2560\" \/>\n\t<meta property=\"og:image:height\" content=\"1707\" \/>\n\t<meta property=\"og:image:type\" content=\"image\/jpeg\" \/>\n<meta name=\"twitter:card\" content=\"summary_large_image\" \/>\n<script type=\"application\/ld+json\" class=\"yoast-schema-graph\">{\"@context\":\"https:\\\/\\\/schema.org\",\"@graph\":[{\"@type\":\"WebPage\",\"@id\":\"https:\\\/\\\/az.f-chain.com\\\/az\\\/em%c9%99k-muqavil%c9%99l%c9%99ri\\\/\",\"url\":\"https:\\\/\\\/az.f-chain.com\\\/az\\\/em%c9%99k-muqavil%c9%99l%c9%99ri\\\/\",\"name\":\"\u018fm\u0259k m\u00fcqavil\u0259l\u0259ri\",\"isPartOf\":{\"@id\":\"https:\\\/\\\/az.f-chain.com\\\/#website\"},\"primaryImageOfPage\":{\"@id\":\"https:\\\/\\\/az.f-chain.com\\\/az\\\/em%c9%99k-muqavil%c9%99l%c9%99ri\\\/#primaryimage\"},\"image\":{\"@id\":\"https:\\\/\\\/az.f-chain.com\\\/az\\\/em%c9%99k-muqavil%c9%99l%c9%99ri\\\/#primaryimage\"},\"thumbnailUrl\":\"https:\\\/\\\/az.f-chain.com\\\/wp-content\\\/uploads\\\/2025\\\/07\\\/close-up-business-contract-paper-on-meeting-room-t-2024-11-26-22-48-14-utc-scaled.jpg\",\"datePublished\":\"2025-08-27T06:52:09+00:00\",\"dateModified\":\"2025-08-27T06:55:23+00:00\",\"description\":\"Financial Chain Corporation (FCHAIN) \u015f\u0259ffaf v\u0259 uy\u011fun i\u015f\u0259g\u00f6t\u00fcr\u0259n-i\u015f\u00e7i m\u00fcnasib\u0259tl\u0259rinin \u0259sas\u0131n\u0131 t\u0259\u015fkil ed\u0259n \u0259m\u0259k m\u00fcqavil\u0259l\u0259rinin haz\u0131rlanmas\u0131 v\u0259 idar\u0259 edilm\u0259sind\u0259 pe\u015f\u0259kar h\u00fcquqi d\u0259st\u0259k g\u00f6st\u0259rir.\",\"breadcrumb\":{\"@id\":\"https:\\\/\\\/az.f-chain.com\\\/az\\\/em%c9%99k-muqavil%c9%99l%c9%99ri\\\/#breadcrumb\"},\"inLanguage\":\"az\",\"potentialAction\":[{\"@type\":\"ReadAction\",\"target\":[\"https:\\\/\\\/az.f-chain.com\\\/az\\\/em%c9%99k-muqavil%c9%99l%c9%99ri\\\/\"]}]},{\"@type\":\"ImageObject\",\"inLanguage\":\"az\",\"@id\":\"https:\\\/\\\/az.f-chain.com\\\/az\\\/em%c9%99k-muqavil%c9%99l%c9%99ri\\\/#primaryimage\",\"url\":\"https:\\\/\\\/az.f-chain.com\\\/wp-content\\\/uploads\\\/2025\\\/07\\\/close-up-business-contract-paper-on-meeting-room-t-2024-11-26-22-48-14-utc-scaled.jpg\",\"contentUrl\":\"https:\\\/\\\/az.f-chain.com\\\/wp-content\\\/uploads\\\/2025\\\/07\\\/close-up-business-contract-paper-on-meeting-room-t-2024-11-26-22-48-14-utc-scaled.jpg\",\"width\":2560,\"height\":1707,\"caption\":\"Close up business contract paper on meeting room table with pen and coffee cup in sun light shadow with green plant at office,business agreement concept\"},{\"@type\":\"BreadcrumbList\",\"@id\":\"https:\\\/\\\/az.f-chain.com\\\/az\\\/em%c9%99k-muqavil%c9%99l%c9%99ri\\\/#breadcrumb\",\"itemListElement\":[{\"@type\":\"ListItem\",\"position\":1,\"name\":\"Home\",\"item\":\"https:\\\/\\\/az.f-chain.com\\\/az\\\/\"},{\"@type\":\"ListItem\",\"position\":2,\"name\":\"\u018fm\u0259k m\u00fcqavil\u0259l\u0259ri\"}]},{\"@type\":\"WebSite\",\"@id\":\"https:\\\/\\\/az.f-chain.com\\\/#website\",\"url\":\"https:\\\/\\\/az.f-chain.com\\\/\",\"name\":\"FChain\",\"description\":\"Azerbaijan\",\"potentialAction\":[{\"@type\":\"SearchAction\",\"target\":{\"@type\":\"EntryPoint\",\"urlTemplate\":\"https:\\\/\\\/az.f-chain.com\\\/?s={search_term_string}\"},\"query-input\":{\"@type\":\"PropertyValueSpecification\",\"valueRequired\":true,\"valueName\":\"search_term_string\"}}],\"inLanguage\":\"az\"}]}<\/script>\n<!-- \/ Yoast SEO plugin. -->","yoast_head_json":{"title":"\u018fm\u0259k m\u00fcqavil\u0259l\u0259ri","description":"Financial Chain Corporation (FCHAIN) \u015f\u0259ffaf v\u0259 uy\u011fun i\u015f\u0259g\u00f6t\u00fcr\u0259n-i\u015f\u00e7i m\u00fcnasib\u0259tl\u0259rinin \u0259sas\u0131n\u0131 t\u0259\u015fkil ed\u0259n \u0259m\u0259k m\u00fcqavil\u0259l\u0259rinin haz\u0131rlanmas\u0131 v\u0259 idar\u0259 edilm\u0259sind\u0259 pe\u015f\u0259kar h\u00fcquqi d\u0259st\u0259k g\u00f6st\u0259rir.","robots":{"index":"index","follow":"follow","max-snippet":"max-snippet:-1","max-image-preview":"max-image-preview:large","max-video-preview":"max-video-preview:-1"},"canonical":"https:\/\/az.f-chain.com\/az\/em\u0259k-muqavil\u0259l\u0259ri\/","og_locale":"az_AZ","og_type":"article","og_title":"\u018fm\u0259k m\u00fcqavil\u0259l\u0259ri","og_description":"Financial Chain Corporation (FCHAIN) \u015f\u0259ffaf v\u0259 uy\u011fun i\u015f\u0259g\u00f6t\u00fcr\u0259n-i\u015f\u00e7i m\u00fcnasib\u0259tl\u0259rinin \u0259sas\u0131n\u0131 t\u0259\u015fkil ed\u0259n \u0259m\u0259k m\u00fcqavil\u0259l\u0259rinin haz\u0131rlanmas\u0131 v\u0259 idar\u0259 edilm\u0259sind\u0259 pe\u015f\u0259kar h\u00fcquqi d\u0259st\u0259k g\u00f6st\u0259rir.","og_url":"https:\/\/az.f-chain.com\/az\/em\u0259k-muqavil\u0259l\u0259ri\/","og_site_name":"FChain","article_modified_time":"2025-08-27T06:55:23+00:00","og_image":[{"width":2560,"height":1707,"url":"https:\/\/az.f-chain.com\/wp-content\/uploads\/2025\/07\/close-up-business-contract-paper-on-meeting-room-t-2024-11-26-22-48-14-utc-scaled.jpg","type":"image\/jpeg"}],"twitter_card":"summary_large_image","schema":{"@context":"https:\/\/schema.org","@graph":[{"@type":"WebPage","@id":"https:\/\/az.f-chain.com\/az\/em%c9%99k-muqavil%c9%99l%c9%99ri\/","url":"https:\/\/az.f-chain.com\/az\/em%c9%99k-muqavil%c9%99l%c9%99ri\/","name":"\u018fm\u0259k m\u00fcqavil\u0259l\u0259ri","isPartOf":{"@id":"https:\/\/az.f-chain.com\/#website"},"primaryImageOfPage":{"@id":"https:\/\/az.f-chain.com\/az\/em%c9%99k-muqavil%c9%99l%c9%99ri\/#primaryimage"},"image":{"@id":"https:\/\/az.f-chain.com\/az\/em%c9%99k-muqavil%c9%99l%c9%99ri\/#primaryimage"},"thumbnailUrl":"https:\/\/az.f-chain.com\/wp-content\/uploads\/2025\/07\/close-up-business-contract-paper-on-meeting-room-t-2024-11-26-22-48-14-utc-scaled.jpg","datePublished":"2025-08-27T06:52:09+00:00","dateModified":"2025-08-27T06:55:23+00:00","description":"Financial Chain Corporation (FCHAIN) \u015f\u0259ffaf v\u0259 uy\u011fun i\u015f\u0259g\u00f6t\u00fcr\u0259n-i\u015f\u00e7i m\u00fcnasib\u0259tl\u0259rinin \u0259sas\u0131n\u0131 t\u0259\u015fkil ed\u0259n \u0259m\u0259k m\u00fcqavil\u0259l\u0259rinin haz\u0131rlanmas\u0131 v\u0259 idar\u0259 edilm\u0259sind\u0259 pe\u015f\u0259kar h\u00fcquqi d\u0259st\u0259k g\u00f6st\u0259rir.","breadcrumb":{"@id":"https:\/\/az.f-chain.com\/az\/em%c9%99k-muqavil%c9%99l%c9%99ri\/#breadcrumb"},"inLanguage":"az","potentialAction":[{"@type":"ReadAction","target":["https:\/\/az.f-chain.com\/az\/em%c9%99k-muqavil%c9%99l%c9%99ri\/"]}]},{"@type":"ImageObject","inLanguage":"az","@id":"https:\/\/az.f-chain.com\/az\/em%c9%99k-muqavil%c9%99l%c9%99ri\/#primaryimage","url":"https:\/\/az.f-chain.com\/wp-content\/uploads\/2025\/07\/close-up-business-contract-paper-on-meeting-room-t-2024-11-26-22-48-14-utc-scaled.jpg","contentUrl":"https:\/\/az.f-chain.com\/wp-content\/uploads\/2025\/07\/close-up-business-contract-paper-on-meeting-room-t-2024-11-26-22-48-14-utc-scaled.jpg","width":2560,"height":1707,"caption":"Close up business contract paper on meeting room table with pen and coffee cup in sun light shadow with green plant at office,business agreement concept"},{"@type":"BreadcrumbList","@id":"https:\/\/az.f-chain.com\/az\/em%c9%99k-muqavil%c9%99l%c9%99ri\/#breadcrumb","itemListElement":[{"@type":"ListItem","position":1,"name":"Home","item":"https:\/\/az.f-chain.com\/az\/"},{"@type":"ListItem","position":2,"name":"\u018fm\u0259k m\u00fcqavil\u0259l\u0259ri"}]},{"@type":"WebSite","@id":"https:\/\/az.f-chain.com\/#website","url":"https:\/\/az.f-chain.com\/","name":"FChain","description":"Azerbaijan","potentialAction":[{"@type":"SearchAction","target":{"@type":"EntryPoint","urlTemplate":"https:\/\/az.f-chain.com\/?s={search_term_string}"},"query-input":{"@type":"PropertyValueSpecification","valueRequired":true,"valueName":"search_term_string"}}],"inLanguage":"az"}]}},"_links":{"self":[{"href":"https:\/\/az.f-chain.com\/az\/wp-json\/wp\/v2\/pages\/55690","targetHints":{"allow":["GET"]}}],"collection":[{"href":"https:\/\/az.f-chain.com\/az\/wp-json\/wp\/v2\/pages"}],"about":[{"href":"https:\/\/az.f-chain.com\/az\/wp-json\/wp\/v2\/types\/page"}],"author":[{"embeddable":true,"href":"https:\/\/az.f-chain.com\/az\/wp-json\/wp\/v2\/users\/4"}],"replies":[{"embeddable":true,"href":"https:\/\/az.f-chain.com\/az\/wp-json\/wp\/v2\/comments?post=55690"}],"version-history":[{"count":3,"href":"https:\/\/az.f-chain.com\/az\/wp-json\/wp\/v2\/pages\/55690\/revisions"}],"predecessor-version":[{"id":55693,"href":"https:\/\/az.f-chain.com\/az\/wp-json\/wp\/v2\/pages\/55690\/revisions\/55693"}],"wp:featuredmedia":[{"embeddable":true,"href":"https:\/\/az.f-chain.com\/az\/wp-json\/wp\/v2\/media\/55279"}],"wp:attachment":[{"href":"https:\/\/az.f-chain.com\/az\/wp-json\/wp\/v2\/media?parent=55690"}],"curies":[{"name":"wp","href":"https:\/\/api.w.org\/{rel}","templated":true}]}}