{"id":55686,"date":"2025-08-27T09:44:41","date_gmt":"2025-08-27T06:44:41","guid":{"rendered":"https:\/\/az.f-chain.com\/?page_id=55686"},"modified":"2025-08-27T11:17:00","modified_gmt":"2025-08-27T08:17:00","slug":"em%c9%99k-huququ","status":"publish","type":"page","link":"https:\/\/az.f-chain.com\/az\/em%c9%99k-huququ\/","title":{"rendered":"\u018fm\u0259k h\u00fcququ"},"content":{"rendered":"<div class=\"wpb-content-wrapper\"><p>[vc_row][vc_column][vc_column_text]<strong>Financial Chain Corporation (FCHAIN)<\/strong> i\u015f\u0259g\u00f6t\u00fcr\u0259nl\u0259r v\u0259 i\u015f\u00e7il\u0259r aras\u0131ndak\u0131 m\u00fcnasib\u0259tl\u0259ri t\u0259nziml\u0259y\u0259n qanunlar m\u0259cmu\u0259si olan <strong>\u0259m\u0259k h\u00fcququ<\/strong> \u00fczr\u0259 strateji h\u00fcquqi m\u0259sl\u0259h\u0259tl\u0259r verir. Xidm\u0259tl\u0259rimiz biznesinizi qorumaq, i\u015f yerind\u0259 uy\u011funlu\u011fu t\u0259\u015fviq etm\u0259k v\u0259 b\u00fct\u00fcn t\u0259r\u0259fl\u0259r\u0259 \u0259dal\u0259tli davran\u0131lmas\u0131n\u0131 t\u0259min etm\u0259k \u00fc\u00e7\u00fcn n\u0259z\u0259rd\u0259 tutulub.<\/p>\n<p>Biz h\u0259m i\u015f\u0259g\u00f6t\u00fcr\u0259nl\u0259r\u0259, h\u0259m d\u0259 i\u015f\u00e7il\u0259r\u0259 xidm\u0259t g\u00f6st\u0259r\u0259r\u0259k, i\u015fl\u0259 ba\u011fl\u0131 b\u00fct\u00fcn m\u0259s\u0259l\u0259l\u0259r\u0259 ayd\u0131nl\u0131q v\u0259 h\u0259lli t\u0259min edirik. M\u00fcqavil\u0259l\u0259rin haz\u0131rlanmas\u0131ndan tutmu\u015f m\u00fcnaqi\u015f\u0259l\u0259rin h\u0259llin\u0259 q\u0259d\u0259r biz i\u015f\u00e7il\u0259rinizin qanun \u00e7\u0259r\u00e7iv\u0259sind\u0259 v\u0259\u00a0 kadrlar\u0131n idar\u0259 edilm\u0259si sah\u0259sind\u0259 \u0259n yax\u015f\u0131\u00a0 t\u0259cr\u00fcb\u0259l\u0259r\u0259 uy\u011fun f\u0259aliyy\u0259t g\u00f6st\u0259rm\u0259sini t\u0259min edirik.<\/p>\n<h3><strong>\u018fm\u0259k h\u00fcququ sah\u0259sind\u0259 xidm\u0259tl\u0259rimizin \u0259sas istiqam\u0259tl\u0259ri:<\/strong><\/h3>\n<ul class=\"ul-gray\">\n<li><a href=\"https:\/\/az.f-chain.com\/az\/em%c9%99k-muqavil%c9%99l%c9%99ri\/\"><strong>\u018fm\u0259k m\u00fcqavil\u0259l\u0259ri <\/strong><\/a><\/li>\n<li><a href=\"https:\/\/az.f-chain.com\/az\/em%c9%99k-haqqi-mubahis%c9%99l%c9%99ri\/\"><strong>\u018fm\u0259k haqq\u0131 m\u00fcbahis\u0259l\u0259ri <\/strong><\/a><\/li>\n<li><a href=\"https:\/\/az.f-chain.com\/az\/is-yerind%c9%99-t%c9%99hluk%c9%99sizlik-t%c9%99l%c9%99bl%c9%99rin%c9%99-uygunluq\/\"><strong>\u0130\u015f yerinin t\u0259hl\u00fck\u0259sizliyin\u0259 dair t\u0259l\u0259bl\u0259r\u0259 uy\u011funluq <\/strong><\/a><\/li>\n<li><a href=\"https:\/\/az.f-chain.com\/az\/em%c9%99k-mubahis%c9%99l%c9%99ri\/\"><strong>\u018fm\u0259k m\u00fcbahis\u0259l\u0259ri <\/strong><\/a><\/li>\n<\/ul>\n<p>[\/vc_column_text][\/vc_column][\/vc_row][vc_row equal_height=&#8221;yes&#8221; content_placement=&#8221;middle&#8221; css_animation=&#8221;bounceInLeft&#8221;][vc_column width=&#8221;1\/2&#8243;][vc_single_image image=&#8221;55262&#8243; img_size=&#8221;full&#8221;][\/vc_column][vc_column width=&#8221;1\/2&#8243;][vc_column_text]<\/p>\n<h3><strong>\u018fm\u0259k m\u00fcqavil\u0259l\u0259ri<\/strong><\/h3>\n<p>T\u0259\u015fkilat\u0131n\u0131z\u0131n ehtiyaclar\u0131na uy\u011funla\u015fd\u0131r\u0131lm\u0131\u015f \u0259m\u0259k m\u00fcqavil\u0259l\u0259rinin haz\u0131rlanmas\u0131, n\u0259z\u0259rd\u0259n ke\u00e7irilm\u0259si v\u0259 dan\u0131\u015f\u0131qlar\u0131n apar\u0131lmas\u0131. Buraya daimi v\u0259 m\u00fcv\u0259qq\u0259ti m\u00fcqavil\u0259l\u0259r, m\u0259xfilik sazi\u015fl\u0259ri (NDA), r\u0259qab\u0259td\u0259n \u00e7\u0259kinm\u0259 m\u00fcqavil\u0259l\u0259ri v\u0259 dig\u0259r \u0259m\u0259k m\u00fcnasib\u0259tl\u0259ri il\u0259 ba\u011fl\u0131 s\u0259n\u0259dl\u0259r daxildir. <a href=\"https:\/\/az.f-chain.com\/az\/em%c9%99k-muqavil%c9%99l%c9%99ri\/\"><strong><em>\u018fm\u0259k m\u00fcqavil\u0259l\u0259ri \u00fczr\u0259\u00a0 xidm\u0259tl\u0259rimiz<\/em><\/strong> haqq\u0131nda daha \u00e7ox m\u0259lumat \u0259ld\u0259 edin.<strong><em>\u00a0\u00a0\u00a0 <\/em><\/strong><\/a><\/p>\n<h3><strong>\u018fm\u0259k haqq\u0131 m\u00fcbahis\u0259l\u0259ri<\/strong><\/h3>\n<p>Natamam \u00f6d\u0259ni\u015f t\u0259l\u0259bl\u0259ri, \u00f6d\u0259nilm\u0259mi\u015f bonuslar v\u0259 i\u015fd\u0259n art\u0131q i\u015f vaxt\u0131 m\u00fcbahis\u0259l\u0259ri kimi \u0259m\u0259k haqq\u0131 il\u0259 ba\u011fl\u0131 m\u0259s\u0259l\u0259l\u0259rin h\u0259llind\u0259 h\u00fcquqi d\u0259st\u0259k. Biz sizin t\u0259cr\u00fcb\u0259nizin milli \u0259m\u0259k qanunlar\u0131na uy\u011fun olmas\u0131n\u0131 v\u0259 h\u0259m i\u015f\u0259g\u00f6t\u00fcr\u0259nl\u0259rin, h\u0259m d\u0259 i\u015f\u00e7il\u0259rin h\u00fcquqlar\u0131n\u0131 qorumas\u0131n\u0131 t\u0259min edirik. \u00a0<a href=\"https:\/\/az.f-chain.com\/az\/em%c9%99k-haqqi-mubahis%c9%99l%c9%99ri\/\"><strong><em>\u018fm\u0259k haqq\u0131 m\u00fcbahis\u0259l\u0259ri <\/em><\/strong><\/a>\u00a0xidm\u0259tl\u0259rimiz haqq\u0131nda \u0259trafl\u0131 m\u0259lumat \u0259ld\u0259 edin.[\/vc_column_text][vc_btn title=&#8221;DAHA \u018fTRAFLI&#8221; style=&#8221;outline&#8221; color=&#8221;danger&#8221; align=&#8221;center&#8221; link=&#8221;url:https%3A%2F%2Faz.f-chain.com%2Faz%2Fem%25c9%2599k-muqavil%25c9%2599l%25c9%2599ri%2F|title:Labor%20Contracts&#8221;][\/vc_column][\/vc_row][vc_row equal_height=&#8221;yes&#8221; content_placement=&#8221;middle&#8221; css_animation=&#8221;bounceInRight&#8221;][vc_column width=&#8221;1\/2&#8243;][vc_column_text]<\/p>\n<h3><strong>\u0130\u015f yerinin t\u0259hl\u00fck\u0259sizliyin\u0259 dair t\u0259l\u0259bl\u0259r\u0259 uy\u011funluq<\/strong><\/h3>\n<p>\u0130\u015f\u0259g\u00f6t\u00fcr\u0259nl\u0259r\u0259 sa\u011flaml\u0131q v\u0259 t\u0259hl\u00fck\u0259sizlik m\u0259s\u0259l\u0259l\u0259ri \u00fczr\u0259 m\u0259sl\u0259h\u0259tl\u0259rin verilm\u0259si, i\u015f yerind\u0259 riskl\u0259rin qiym\u0259tl\u0259ndirilm\u0259sinin apar\u0131lmas\u0131 v\u0259 h\u00fcquqi m\u0259suliyy\u0259tin azald\u0131lmas\u0131 \u00fc\u00e7\u00fcn milli v\u0259 beyn\u0259lxalq t\u0259hl\u00fck\u0259sizlik qaydalar\u0131na riay\u0259t olunmas\u0131n\u0131n t\u0259min edilm\u0259si. <a href=\"https:\/\/az.f-chain.com\/az\/is-yerind%c9%99-t%c9%99hluk%c9%99sizlik-t%c9%99l%c9%99bl%c9%99rin%c9%99-uygunluq\/\"><strong><em>\u0130\u015f yerinin t\u0259hl\u00fck\u0259sizliyin\u0259 dair t\u0259l\u0259bl\u0259r\u0259 uy\u011funlu\u011fun <\/em><\/strong><\/a>t\u0259min edilm\u0259si \u00fczr\u0259 xidm\u0259tl\u0259rimiz haqq\u0131nda \u0259trafl\u0131 m\u0259lumat \u0259ld\u0259 edin.<\/p>\n<h3><strong>\u018fm\u0259k m\u00fcbahis\u0259l\u0259ri<\/strong><\/h3>\n<p>Qanunsuz \u015f\u0259kild\u0259 i\u015fd\u0259n \u00e7\u0131xar\u0131lma, i\u015f yerind\u0259 t\u0259qib, ayr\u0131-se\u00e7kilik iddialar\u0131 v\u0259 m\u00fcqavil\u0259nin pozulmas\u0131 il\u0259 ba\u011fl\u0131 h\u00fcquqi t\u0259msil\u00e7ilik v\u0259 strateji m\u0259sl\u0259h\u0259t. Biz m\u00fcbahis\u0259l\u0259ri minimum reputasiya v\u0259 \u0259m\u0259liyyat riski il\u0259 effektiv \u015f\u0259kild\u0259 h\u0259ll etm\u0259yi h\u0259d\u0259fl\u0259yirik. <a href=\"https:\/\/az.f-chain.com\/az\/em%c9%99k-mubahis%c9%99l%c9%99ri\/\">\u00a0<strong><em>\u018fm\u0259k M\u00fcbahis\u0259l\u0259ri <\/em><\/strong>xidm\u0259tl\u0259rimiz<\/a> haqq\u0131nda daha \u00e7ox m\u0259lumat \u0259ld\u0259 edin.[\/vc_column_text][vc_btn title=&#8221;DAHA \u018fTRAFLI&#8221; style=&#8221;outline&#8221; color=&#8221;danger&#8221; align=&#8221;center&#8221; link=&#8221;url:https%3A%2F%2Faz.f-chain.com%2Faz%2Fis-yerind%25c9%2599-t%25c9%2599hluk%25c9%2599sizlik-t%25c9%2599l%25c9%2599bl%25c9%2599rin%25c9%2599-uygunluq%2F|title:Workplace%20Safety%20Compliance&#8221;][\/vc_column][vc_column width=&#8221;1\/2&#8243;][vc_single_image image=&#8221;55269&#8243; img_size=&#8221;full&#8221;][\/vc_column][\/vc_row][vc_row css_animation=&#8221;bounceInDown&#8221;][vc_column][vc_column_text]Whether you&#8217;re an organisation looking to manage your workforce within legal frameworks or an individual seeking to defend your rights in the workplace, <strong data-start=\"1909\" data-end=\"1919\">FCHAIN<\/strong> offers reliable, practical, and results-driven legal support.[\/vc_column_text][\/vc_column][\/vc_row]<\/p>\n<\/div>","protected":false},"excerpt":{"rendered":"<p>[vc_row][vc_column][vc_column_text]Financial Chain Corporation (FCHAIN) i\u015f\u0259g\u00f6t\u00fcr\u0259nl\u0259r v\u0259 i\u015f\u00e7il\u0259r aras\u0131ndak\u0131 m\u00fcnasib\u0259tl\u0259ri t\u0259nziml\u0259y\u0259n qanunlar m\u0259cmu\u0259si olan \u0259m\u0259k h\u00fcququ \u00fczr\u0259 strateji h\u00fcquqi m\u0259sl\u0259h\u0259tl\u0259r verir. Xidm\u0259tl\u0259rimiz biznesinizi qorumaq, i\u015f yerind\u0259 uy\u011funlu\u011fu t\u0259\u015fviq etm\u0259k v\u0259 b\u00fct\u00fcn t\u0259r\u0259fl\u0259r\u0259 \u0259dal\u0259tli davran\u0131lmas\u0131n\u0131 t\u0259min etm\u0259k \u00fc\u00e7\u00fcn n\u0259z\u0259rd\u0259 tutulub. Biz h\u0259m i\u015f\u0259g\u00f6t\u00fcr\u0259nl\u0259r\u0259, h\u0259m d\u0259 i\u015f\u00e7il\u0259r\u0259 xidm\u0259t g\u00f6st\u0259r\u0259r\u0259k, i\u015fl\u0259 ba\u011fl\u0131 b\u00fct\u00fcn m\u0259s\u0259l\u0259l\u0259r\u0259 ayd\u0131nl\u0131q v\u0259 h\u0259lli t\u0259min edirik.<\/p>\n","protected":false},"author":4,"featured_media":55263,"parent":0,"menu_order":0,"comment_status":"closed","ping_status":"closed","template":"","meta":{"_acf_changed":false,"footnotes":""},"class_list":["post-55686","page","type-page","status-publish","hentry"],"acf":[],"yoast_head":"<!-- This site is optimized with the Yoast SEO plugin v27.3 - https:\/\/yoast.com\/product\/yoast-seo-wordpress\/ -->\n<title>\u018fm\u0259k h\u00fcququ<\/title>\n<meta name=\"description\" content=\"Financial Chain Corporation (FCHAIN) i\u015f\u0259g\u00f6t\u00fcr\u0259nl\u0259r v\u0259 i\u015f\u00e7il\u0259r aras\u0131ndak\u0131 m\u00fcnasib\u0259tl\u0259ri t\u0259nziml\u0259y\u0259n qanunlar m\u0259cmu\u0259si olan \u0259m\u0259k h\u00fcququ \u00fczr\u0259 strateji h\u00fcquqi m\u0259sl\u0259h\u0259tl\u0259r verir.\" \/>\n<meta name=\"robots\" content=\"index, follow, max-snippet:-1, max-image-preview:large, max-video-preview:-1\" \/>\n<link rel=\"canonical\" href=\"https:\/\/az.f-chain.com\/az\/em\u0259k-huququ\/\" \/>\n<meta property=\"og:locale\" content=\"az_AZ\" \/>\n<meta property=\"og:type\" content=\"article\" \/>\n<meta property=\"og:title\" content=\"\u018fm\u0259k h\u00fcququ\" \/>\n<meta property=\"og:description\" content=\"Financial Chain Corporation (FCHAIN) i\u015f\u0259g\u00f6t\u00fcr\u0259nl\u0259r v\u0259 i\u015f\u00e7il\u0259r aras\u0131ndak\u0131 m\u00fcnasib\u0259tl\u0259ri t\u0259nziml\u0259y\u0259n qanunlar m\u0259cmu\u0259si olan \u0259m\u0259k h\u00fcququ \u00fczr\u0259 strateji h\u00fcquqi m\u0259sl\u0259h\u0259tl\u0259r verir.\" \/>\n<meta property=\"og:url\" content=\"https:\/\/az.f-chain.com\/az\/em\u0259k-huququ\/\" \/>\n<meta property=\"og:site_name\" content=\"FChain\" \/>\n<meta property=\"article:modified_time\" content=\"2025-08-27T08:17:00+00:00\" \/>\n<meta property=\"og:image\" content=\"https:\/\/az.f-chain.com\/wp-content\/uploads\/2025\/07\/close-up-of-filing-folders-2024-11-01-02-33-17-utc-scaled.jpg\" \/>\n\t<meta property=\"og:image:width\" content=\"2560\" \/>\n\t<meta property=\"og:image:height\" content=\"1707\" \/>\n\t<meta property=\"og:image:type\" content=\"image\/jpeg\" \/>\n<meta name=\"twitter:card\" content=\"summary_large_image\" \/>\n<script type=\"application\/ld+json\" class=\"yoast-schema-graph\">{\"@context\":\"https:\\\/\\\/schema.org\",\"@graph\":[{\"@type\":\"WebPage\",\"@id\":\"https:\\\/\\\/az.f-chain.com\\\/az\\\/em%c9%99k-huququ\\\/\",\"url\":\"https:\\\/\\\/az.f-chain.com\\\/az\\\/em%c9%99k-huququ\\\/\",\"name\":\"\u018fm\u0259k h\u00fcququ\",\"isPartOf\":{\"@id\":\"https:\\\/\\\/az.f-chain.com\\\/#website\"},\"primaryImageOfPage\":{\"@id\":\"https:\\\/\\\/az.f-chain.com\\\/az\\\/em%c9%99k-huququ\\\/#primaryimage\"},\"image\":{\"@id\":\"https:\\\/\\\/az.f-chain.com\\\/az\\\/em%c9%99k-huququ\\\/#primaryimage\"},\"thumbnailUrl\":\"https:\\\/\\\/az.f-chain.com\\\/wp-content\\\/uploads\\\/2025\\\/07\\\/close-up-of-filing-folders-2024-11-01-02-33-17-utc-scaled.jpg\",\"datePublished\":\"2025-08-27T06:44:41+00:00\",\"dateModified\":\"2025-08-27T08:17:00+00:00\",\"description\":\"Financial Chain Corporation (FCHAIN) i\u015f\u0259g\u00f6t\u00fcr\u0259nl\u0259r v\u0259 i\u015f\u00e7il\u0259r aras\u0131ndak\u0131 m\u00fcnasib\u0259tl\u0259ri t\u0259nziml\u0259y\u0259n qanunlar m\u0259cmu\u0259si olan \u0259m\u0259k h\u00fcququ \u00fczr\u0259 strateji h\u00fcquqi m\u0259sl\u0259h\u0259tl\u0259r verir.\",\"breadcrumb\":{\"@id\":\"https:\\\/\\\/az.f-chain.com\\\/az\\\/em%c9%99k-huququ\\\/#breadcrumb\"},\"inLanguage\":\"az\",\"potentialAction\":[{\"@type\":\"ReadAction\",\"target\":[\"https:\\\/\\\/az.f-chain.com\\\/az\\\/em%c9%99k-huququ\\\/\"]}]},{\"@type\":\"ImageObject\",\"inLanguage\":\"az\",\"@id\":\"https:\\\/\\\/az.f-chain.com\\\/az\\\/em%c9%99k-huququ\\\/#primaryimage\",\"url\":\"https:\\\/\\\/az.f-chain.com\\\/wp-content\\\/uploads\\\/2025\\\/07\\\/close-up-of-filing-folders-2024-11-01-02-33-17-utc-scaled.jpg\",\"contentUrl\":\"https:\\\/\\\/az.f-chain.com\\\/wp-content\\\/uploads\\\/2025\\\/07\\\/close-up-of-filing-folders-2024-11-01-02-33-17-utc-scaled.jpg\",\"width\":2560,\"height\":1707,\"caption\":\"various medical record charts and folders in cabinet and on shelve sorted alphabetically and numerically\"},{\"@type\":\"BreadcrumbList\",\"@id\":\"https:\\\/\\\/az.f-chain.com\\\/az\\\/em%c9%99k-huququ\\\/#breadcrumb\",\"itemListElement\":[{\"@type\":\"ListItem\",\"position\":1,\"name\":\"Home\",\"item\":\"https:\\\/\\\/az.f-chain.com\\\/az\\\/\"},{\"@type\":\"ListItem\",\"position\":2,\"name\":\"\u018fm\u0259k h\u00fcququ\"}]},{\"@type\":\"WebSite\",\"@id\":\"https:\\\/\\\/az.f-chain.com\\\/#website\",\"url\":\"https:\\\/\\\/az.f-chain.com\\\/\",\"name\":\"FChain\",\"description\":\"Azerbaijan\",\"potentialAction\":[{\"@type\":\"SearchAction\",\"target\":{\"@type\":\"EntryPoint\",\"urlTemplate\":\"https:\\\/\\\/az.f-chain.com\\\/?s={search_term_string}\"},\"query-input\":{\"@type\":\"PropertyValueSpecification\",\"valueRequired\":true,\"valueName\":\"search_term_string\"}}],\"inLanguage\":\"az\"}]}<\/script>\n<!-- \/ Yoast SEO plugin. -->","yoast_head_json":{"title":"\u018fm\u0259k h\u00fcququ","description":"Financial Chain Corporation (FCHAIN) i\u015f\u0259g\u00f6t\u00fcr\u0259nl\u0259r v\u0259 i\u015f\u00e7il\u0259r aras\u0131ndak\u0131 m\u00fcnasib\u0259tl\u0259ri t\u0259nziml\u0259y\u0259n qanunlar m\u0259cmu\u0259si olan \u0259m\u0259k h\u00fcququ \u00fczr\u0259 strateji h\u00fcquqi m\u0259sl\u0259h\u0259tl\u0259r verir.","robots":{"index":"index","follow":"follow","max-snippet":"max-snippet:-1","max-image-preview":"max-image-preview:large","max-video-preview":"max-video-preview:-1"},"canonical":"https:\/\/az.f-chain.com\/az\/em\u0259k-huququ\/","og_locale":"az_AZ","og_type":"article","og_title":"\u018fm\u0259k h\u00fcququ","og_description":"Financial Chain Corporation (FCHAIN) i\u015f\u0259g\u00f6t\u00fcr\u0259nl\u0259r v\u0259 i\u015f\u00e7il\u0259r aras\u0131ndak\u0131 m\u00fcnasib\u0259tl\u0259ri t\u0259nziml\u0259y\u0259n qanunlar m\u0259cmu\u0259si olan \u0259m\u0259k h\u00fcququ \u00fczr\u0259 strateji h\u00fcquqi m\u0259sl\u0259h\u0259tl\u0259r verir.","og_url":"https:\/\/az.f-chain.com\/az\/em\u0259k-huququ\/","og_site_name":"FChain","article_modified_time":"2025-08-27T08:17:00+00:00","og_image":[{"width":2560,"height":1707,"url":"https:\/\/az.f-chain.com\/wp-content\/uploads\/2025\/07\/close-up-of-filing-folders-2024-11-01-02-33-17-utc-scaled.jpg","type":"image\/jpeg"}],"twitter_card":"summary_large_image","schema":{"@context":"https:\/\/schema.org","@graph":[{"@type":"WebPage","@id":"https:\/\/az.f-chain.com\/az\/em%c9%99k-huququ\/","url":"https:\/\/az.f-chain.com\/az\/em%c9%99k-huququ\/","name":"\u018fm\u0259k h\u00fcququ","isPartOf":{"@id":"https:\/\/az.f-chain.com\/#website"},"primaryImageOfPage":{"@id":"https:\/\/az.f-chain.com\/az\/em%c9%99k-huququ\/#primaryimage"},"image":{"@id":"https:\/\/az.f-chain.com\/az\/em%c9%99k-huququ\/#primaryimage"},"thumbnailUrl":"https:\/\/az.f-chain.com\/wp-content\/uploads\/2025\/07\/close-up-of-filing-folders-2024-11-01-02-33-17-utc-scaled.jpg","datePublished":"2025-08-27T06:44:41+00:00","dateModified":"2025-08-27T08:17:00+00:00","description":"Financial Chain Corporation (FCHAIN) i\u015f\u0259g\u00f6t\u00fcr\u0259nl\u0259r v\u0259 i\u015f\u00e7il\u0259r aras\u0131ndak\u0131 m\u00fcnasib\u0259tl\u0259ri t\u0259nziml\u0259y\u0259n qanunlar m\u0259cmu\u0259si olan \u0259m\u0259k h\u00fcququ \u00fczr\u0259 strateji h\u00fcquqi m\u0259sl\u0259h\u0259tl\u0259r verir.","breadcrumb":{"@id":"https:\/\/az.f-chain.com\/az\/em%c9%99k-huququ\/#breadcrumb"},"inLanguage":"az","potentialAction":[{"@type":"ReadAction","target":["https:\/\/az.f-chain.com\/az\/em%c9%99k-huququ\/"]}]},{"@type":"ImageObject","inLanguage":"az","@id":"https:\/\/az.f-chain.com\/az\/em%c9%99k-huququ\/#primaryimage","url":"https:\/\/az.f-chain.com\/wp-content\/uploads\/2025\/07\/close-up-of-filing-folders-2024-11-01-02-33-17-utc-scaled.jpg","contentUrl":"https:\/\/az.f-chain.com\/wp-content\/uploads\/2025\/07\/close-up-of-filing-folders-2024-11-01-02-33-17-utc-scaled.jpg","width":2560,"height":1707,"caption":"various medical record charts and folders in cabinet and on shelve sorted alphabetically and numerically"},{"@type":"BreadcrumbList","@id":"https:\/\/az.f-chain.com\/az\/em%c9%99k-huququ\/#breadcrumb","itemListElement":[{"@type":"ListItem","position":1,"name":"Home","item":"https:\/\/az.f-chain.com\/az\/"},{"@type":"ListItem","position":2,"name":"\u018fm\u0259k h\u00fcququ"}]},{"@type":"WebSite","@id":"https:\/\/az.f-chain.com\/#website","url":"https:\/\/az.f-chain.com\/","name":"FChain","description":"Azerbaijan","potentialAction":[{"@type":"SearchAction","target":{"@type":"EntryPoint","urlTemplate":"https:\/\/az.f-chain.com\/?s={search_term_string}"},"query-input":{"@type":"PropertyValueSpecification","valueRequired":true,"valueName":"search_term_string"}}],"inLanguage":"az"}]}},"_links":{"self":[{"href":"https:\/\/az.f-chain.com\/az\/wp-json\/wp\/v2\/pages\/55686","targetHints":{"allow":["GET"]}}],"collection":[{"href":"https:\/\/az.f-chain.com\/az\/wp-json\/wp\/v2\/pages"}],"about":[{"href":"https:\/\/az.f-chain.com\/az\/wp-json\/wp\/v2\/types\/page"}],"author":[{"embeddable":true,"href":"https:\/\/az.f-chain.com\/az\/wp-json\/wp\/v2\/users\/4"}],"replies":[{"embeddable":true,"href":"https:\/\/az.f-chain.com\/az\/wp-json\/wp\/v2\/comments?post=55686"}],"version-history":[{"count":10,"href":"https:\/\/az.f-chain.com\/az\/wp-json\/wp\/v2\/pages\/55686\/revisions"}],"predecessor-version":[{"id":55710,"href":"https:\/\/az.f-chain.com\/az\/wp-json\/wp\/v2\/pages\/55686\/revisions\/55710"}],"wp:featuredmedia":[{"embeddable":true,"href":"https:\/\/az.f-chain.com\/az\/wp-json\/wp\/v2\/media\/55263"}],"wp:attachment":[{"href":"https:\/\/az.f-chain.com\/az\/wp-json\/wp\/v2\/media?parent=55686"}],"curies":[{"name":"wp","href":"https:\/\/api.w.org\/{rel}","templated":true}]}}