{"id":19084,"date":"2021-09-01T12:11:49","date_gmt":"2021-09-01T09:11:49","guid":{"rendered":"https:\/\/newaz.f-chain.com\/?page_id=19084"},"modified":"2025-06-03T12:54:53","modified_gmt":"2025-06-03T09:54:53","slug":"home","status":"publish","type":"page","link":"https:\/\/az.f-chain.com\/az\/","title":{"rendered":"Ana s\u0259hif\u0259"},"content":{"rendered":"","protected":false},"excerpt":{"rendered":"","protected":false},"author":1,"featured_media":0,"parent":0,"menu_order":0,"comment_status":"closed","ping_status":"closed","template":"page-main.php","meta":{"_acf_changed":false,"footnotes":""},"class_list":["post-19084","page","type-page","status-publish","hentry"],"acf":[],"yoast_head":"<!-- This site is optimized with the Yoast SEO plugin v27.3 - https:\/\/yoast.com\/product\/yoast-seo-wordpress\/ -->\n<title>Az\u0259rbaycanda FCHAIN \u015firk\u0259tind\u0259n m\u0259sl\u0259h\u0259t xidm\u0259tl\u0259ri<\/title>\n<meta name=\"description\" content=\"Az\u0259rbaycanda konsaltinq xidm\u0259tl\u0259ri\u2b50\ufe0f i\u015finiz \u00fc\u00e7\u00fcn t\u0259sirli k\u00f6m\u0259k. Maliyy\u0259 v\u0259 idar\u0259etm\u0259 konsaltinqi, autsorsinq v\u0259 m\u00fchasibat yard\u0131m\u0131\" \/>\n<meta name=\"robots\" content=\"index, follow, max-snippet:-1, max-image-preview:large, max-video-preview:-1\" \/>\n<link rel=\"canonical\" href=\"https:\/\/az.f-chain.com\/az\/\" \/>\n<meta property=\"og:locale\" content=\"az_AZ\" \/>\n<meta property=\"og:type\" content=\"article\" \/>\n<meta property=\"og:title\" content=\"Az\u0259rbaycanda FCHAIN \u015firk\u0259tind\u0259n m\u0259sl\u0259h\u0259t xidm\u0259tl\u0259ri\" \/>\n<meta property=\"og:description\" content=\"Az\u0259rbaycanda konsaltinq xidm\u0259tl\u0259ri\u2b50\ufe0f i\u015finiz \u00fc\u00e7\u00fcn t\u0259sirli k\u00f6m\u0259k. Maliyy\u0259 v\u0259 idar\u0259etm\u0259 konsaltinqi, autsorsinq v\u0259 m\u00fchasibat yard\u0131m\u0131\" \/>\n<meta property=\"og:url\" content=\"https:\/\/az.f-chain.com\/az\/\" \/>\n<meta property=\"og:site_name\" content=\"FChain\" \/>\n<meta property=\"article:modified_time\" content=\"2025-06-03T09:54:53+00:00\" \/>\n<meta name=\"twitter:card\" content=\"summary_large_image\" \/>\n<script type=\"application\/ld+json\" class=\"yoast-schema-graph\">{\"@context\":\"https:\\\/\\\/schema.org\",\"@graph\":[{\"@type\":\"WebPage\",\"@id\":\"https:\\\/\\\/az.f-chain.com\\\/az\\\/\",\"url\":\"https:\\\/\\\/az.f-chain.com\\\/az\\\/\",\"name\":\"Az\u0259rbaycanda FCHAIN \u015firk\u0259tind\u0259n m\u0259sl\u0259h\u0259t xidm\u0259tl\u0259ri\",\"isPartOf\":{\"@id\":\"https:\\\/\\\/az.f-chain.com\\\/#website\"},\"datePublished\":\"2021-09-01T09:11:49+00:00\",\"dateModified\":\"2025-06-03T09:54:53+00:00\",\"description\":\"Az\u0259rbaycanda konsaltinq xidm\u0259tl\u0259ri\u2b50\ufe0f i\u015finiz \u00fc\u00e7\u00fcn t\u0259sirli k\u00f6m\u0259k. Maliyy\u0259 v\u0259 idar\u0259etm\u0259 konsaltinqi, autsorsinq v\u0259 m\u00fchasibat yard\u0131m\u0131\",\"breadcrumb\":{\"@id\":\"https:\\\/\\\/az.f-chain.com\\\/az\\\/#breadcrumb\"},\"inLanguage\":\"az\",\"potentialAction\":[{\"@type\":\"ReadAction\",\"target\":[\"https:\\\/\\\/az.f-chain.com\\\/az\\\/\"]}]},{\"@type\":\"BreadcrumbList\",\"@id\":\"https:\\\/\\\/az.f-chain.com\\\/az\\\/#breadcrumb\",\"itemListElement\":[{\"@type\":\"ListItem\",\"position\":1,\"name\":\"Home\",\"item\":\"https:\\\/\\\/az.f-chain.com\\\/az\\\/\"},{\"@type\":\"ListItem\",\"position\":2,\"name\":\"Ana s\u0259hif\u0259\"}]},{\"@type\":\"WebSite\",\"@id\":\"https:\\\/\\\/az.f-chain.com\\\/#website\",\"url\":\"https:\\\/\\\/az.f-chain.com\\\/\",\"name\":\"FChain\",\"description\":\"Azerbaijan\",\"potentialAction\":[{\"@type\":\"SearchAction\",\"target\":{\"@type\":\"EntryPoint\",\"urlTemplate\":\"https:\\\/\\\/az.f-chain.com\\\/?s={search_term_string}\"},\"query-input\":{\"@type\":\"PropertyValueSpecification\",\"valueRequired\":true,\"valueName\":\"search_term_string\"}}],\"inLanguage\":\"az\"}]}<\/script>\n<!-- \/ Yoast SEO plugin. -->","yoast_head_json":{"title":"Az\u0259rbaycanda FCHAIN \u015firk\u0259tind\u0259n m\u0259sl\u0259h\u0259t xidm\u0259tl\u0259ri","description":"Az\u0259rbaycanda konsaltinq xidm\u0259tl\u0259ri\u2b50\ufe0f i\u015finiz \u00fc\u00e7\u00fcn t\u0259sirli k\u00f6m\u0259k. Maliyy\u0259 v\u0259 idar\u0259etm\u0259 konsaltinqi, autsorsinq v\u0259 m\u00fchasibat yard\u0131m\u0131","robots":{"index":"index","follow":"follow","max-snippet":"max-snippet:-1","max-image-preview":"max-image-preview:large","max-video-preview":"max-video-preview:-1"},"canonical":"https:\/\/az.f-chain.com\/az\/","og_locale":"az_AZ","og_type":"article","og_title":"Az\u0259rbaycanda FCHAIN \u015firk\u0259tind\u0259n m\u0259sl\u0259h\u0259t xidm\u0259tl\u0259ri","og_description":"Az\u0259rbaycanda konsaltinq xidm\u0259tl\u0259ri\u2b50\ufe0f i\u015finiz \u00fc\u00e7\u00fcn t\u0259sirli k\u00f6m\u0259k. Maliyy\u0259 v\u0259 idar\u0259etm\u0259 konsaltinqi, autsorsinq v\u0259 m\u00fchasibat yard\u0131m\u0131","og_url":"https:\/\/az.f-chain.com\/az\/","og_site_name":"FChain","article_modified_time":"2025-06-03T09:54:53+00:00","twitter_card":"summary_large_image","schema":{"@context":"https:\/\/schema.org","@graph":[{"@type":"WebPage","@id":"https:\/\/az.f-chain.com\/az\/","url":"https:\/\/az.f-chain.com\/az\/","name":"Az\u0259rbaycanda FCHAIN \u015firk\u0259tind\u0259n m\u0259sl\u0259h\u0259t xidm\u0259tl\u0259ri","isPartOf":{"@id":"https:\/\/az.f-chain.com\/#website"},"datePublished":"2021-09-01T09:11:49+00:00","dateModified":"2025-06-03T09:54:53+00:00","description":"Az\u0259rbaycanda konsaltinq xidm\u0259tl\u0259ri\u2b50\ufe0f i\u015finiz \u00fc\u00e7\u00fcn t\u0259sirli k\u00f6m\u0259k. Maliyy\u0259 v\u0259 idar\u0259etm\u0259 konsaltinqi, autsorsinq v\u0259 m\u00fchasibat yard\u0131m\u0131","breadcrumb":{"@id":"https:\/\/az.f-chain.com\/az\/#breadcrumb"},"inLanguage":"az","potentialAction":[{"@type":"ReadAction","target":["https:\/\/az.f-chain.com\/az\/"]}]},{"@type":"BreadcrumbList","@id":"https:\/\/az.f-chain.com\/az\/#breadcrumb","itemListElement":[{"@type":"ListItem","position":1,"name":"Home","item":"https:\/\/az.f-chain.com\/az\/"},{"@type":"ListItem","position":2,"name":"Ana s\u0259hif\u0259"}]},{"@type":"WebSite","@id":"https:\/\/az.f-chain.com\/#website","url":"https:\/\/az.f-chain.com\/","name":"FChain","description":"Azerbaijan","potentialAction":[{"@type":"SearchAction","target":{"@type":"EntryPoint","urlTemplate":"https:\/\/az.f-chain.com\/?s={search_term_string}"},"query-input":{"@type":"PropertyValueSpecification","valueRequired":true,"valueName":"search_term_string"}}],"inLanguage":"az"}]}},"_links":{"self":[{"href":"https:\/\/az.f-chain.com\/az\/wp-json\/wp\/v2\/pages\/19084","targetHints":{"allow":["GET"]}}],"collection":[{"href":"https:\/\/az.f-chain.com\/az\/wp-json\/wp\/v2\/pages"}],"about":[{"href":"https:\/\/az.f-chain.com\/az\/wp-json\/wp\/v2\/types\/page"}],"author":[{"embeddable":true,"href":"https:\/\/az.f-chain.com\/az\/wp-json\/wp\/v2\/users\/1"}],"replies":[{"embeddable":true,"href":"https:\/\/az.f-chain.com\/az\/wp-json\/wp\/v2\/comments?post=19084"}],"version-history":[{"count":7,"href":"https:\/\/az.f-chain.com\/az\/wp-json\/wp\/v2\/pages\/19084\/revisions"}],"predecessor-version":[{"id":55106,"href":"https:\/\/az.f-chain.com\/az\/wp-json\/wp\/v2\/pages\/19084\/revisions\/55106"}],"wp:attachment":[{"href":"https:\/\/az.f-chain.com\/az\/wp-json\/wp\/v2\/media?parent=19084"}],"curies":[{"name":"wp","href":"https:\/\/api.w.org\/{rel}","templated":true}]}}