{"id":18942,"date":"2018-07-18T14:46:04","date_gmt":"2018-07-18T10:46:04","guid":{"rendered":"https:\/\/az.f-chain.com\/?page_id=18544"},"modified":"2025-11-13T10:21:14","modified_gmt":"2025-11-13T07:21:14","slug":"miqrasiya-xidm%c9%99tl%c9%99ri","status":"publish","type":"page","link":"https:\/\/az.f-chain.com\/az\/miqrasiya-xidm%c9%99tl%c9%99ri\/","title":{"rendered":"Miqrasiya xidm\u0259tl\u0259ri"},"content":{"rendered":"<div class=\"wpb-content-wrapper\"><p>[vc_row equal_height=&#8221;yes&#8221; css_animation=&#8221;fadeInUp&#8221;][vc_column][vc_column_text]<strong>Financial Chain Corporation <\/strong>2002-ci ild\u0259n Az\u0259rbaycanda pe\u015f\u0259kar miqrasiya xidm\u0259tl\u0259ri g\u00f6st\u0259rir. \u015eirk\u0259t immiqrasiya qanunvericiliyinin m\u00fcr\u0259kk\u0259bliyi il\u0259 \u00fczl\u0259\u015f\u0259n \u015f\u0259xsl\u0259r v\u0259 \u015firk\u0259tl\u0259r <strong>\u00fc\u00e7\u00fcn etibarl\u0131 v\u0259 yoxlan\u0131lm\u0131\u015f t\u0259r\u0259fda\u015f<\/strong> kimi m\u00f6hk\u0259m reputasiya qazanm\u0131\u015fd\u0131r. Az\u0259rbaycan miqrasiya qanunvericiliyin\u0259 d\u0259rind\u0259n b\u0259l\u0259d oldu\u011fumuz v\u0259 iyirmi il\u0259 yax\u0131n praktiki t\u0259cr\u00fcb\u0259mizl\u0259 biz miqrasiya m\u0259s\u0259l\u0259l\u0259rinin geni\u015f spektrini s\u0259m\u0259r\u0259li v\u0259 qanuna tam riay\u0259t etm\u0259kl\u0259 h\u0259ll etm\u0259y\u0259 haz\u0131r\u0131q.[\/vc_column_text][\/vc_column][\/vc_row][vc_row css_animation=&#8221;fadeInUp&#8221; css=&#8221;.vc_custom_1632311556226{margin-bottom: 0px !important;background-color: #f6f6f6 !important;}&#8221;][vc_column width=&#8221;1\/2&#8243;][vc_column_text]<strong>Viza d\u0259st\u0259yi v\u0259 d\u0259v\u0259t m\u0259ktubunun al\u0131nmas\u0131nda k\u00f6m\u0259klik<\/strong><\/p>\n<p>Az\u0259rbaycana viza il\u0259 g\u0259l\u0259n \u0259cn\u0259bi v\u0259t\u0259nda\u015flara h\u00fcquqi m\u0259sl\u0259h\u0259t v\u0259 praktiki yard\u0131m g\u00f6st\u0259ririk.<\/p>\n<p>Bura a\u015fa\u011f\u0131dak\u0131lar daxildir:<\/p>\n<ul>\n<li>Uzunm\u00fcdd\u0259tli viza almaq \u00fc\u00e7\u00fcn <strong>r\u0259smi d\u0259v\u0259tnam\u0259l\u0259rin<\/strong> haz\u0131rlanmas\u0131<\/li>\n<li>\u00d6lk\u0259d\u0259 <strong>qanuni qalmaq<\/strong> \u00fc\u00e7\u00fcn laz\u0131mi s\u0259n\u0259dl\u0259rin al\u0131nmas\u0131nda k\u00f6m\u0259klik<\/li>\n<li>Viza m\u00fcraci\u0259ti v\u0259 uzad\u0131lmas\u0131 prosesi boyunca add\u0131m-add\u0131m d\u0259st\u0259k<\/li>\n<\/ul>\n<p>[\/vc_column_text][\/vc_column][vc_column width=&#8221;1\/2&#8243;][vc_single_image image=&#8221;55410&#8243; img_size=&#8221;full&#8221;][\/vc_column][\/vc_row][vc_row css_animation=&#8221;fadeInUp&#8221;][vc_column width=&#8221;1\/2&#8243;][vc_single_image image=&#8221;55398&#8243; img_size=&#8221;full&#8221;][\/vc_column][vc_column width=&#8221;1\/2&#8243;][vc_column_text]<strong>Oldu\u011fu yer \u00fczr\u0259 m\u00fcv\u0259qq\u0259ti qeydiyyat<\/strong><\/p>\n<p>Az\u0259rbaycanda 15 g\u00fcnd\u0259n art\u0131q qalan b\u00fct\u00fcn \u0259cn\u0259bil\u0259r \u00f6lk\u0259y\u0259 g\u0259ldikd\u0259n sonra 10 g\u00fcn \u0259rzind\u0259 <strong>D\u00f6vl\u0259t Miqrasiya Xidm\u0259tind\u0259 qeydiyyatdan ke\u00e7m\u0259lidirl\u0259r<\/strong>. Biz a\u015fa\u011f\u0131dak\u0131 yard\u0131m\u0131 t\u0259qdim edirik:<\/p>\n<ul>\n<li>Vaxt\u0131nda qeydiyyat v\u0259 qeydiyyatdan \u00e7\u0131xa\u0131rlmas\u0131<\/li>\n<li>Visa n\u00f6v\u00fcnd\u0259n as\u0131ll\u0131 olaraq qeydiyyat m\u00fcdd\u0259tl\u0259rinin d\u0259qiql\u0259\u015fdirilm\u0259si<\/li>\n<li><strong>Visa sahibl\u0259ri<\/strong>: vizan\u0131n b\u00fct\u00fcn q\u00fcvv\u0259d\u0259 oldu\u011fu m\u00fcdd\u0259t \u00fc\u00e7\u00fcn qeydiyyat<\/li>\n<li><strong>Vizas\u0131z daxil olan \u015f\u0259xsl\u0259r<\/strong>: 90 g\u00fcn\u0259 q\u0259d\u0259r qeydiyyat<\/li>\n<\/ul>\n<p>Biz b\u00fct\u00fcn qeydiyyat m\u00fcdd\u0259tl\u0259rin\u0259 riay\u0259t etm\u0259y\u0259 v\u0259 inzibati c\u0259rim\u0259l\u0259rd\u0259n yay\u0131nma\u011fa z\u0259man\u0259t veririk.[\/vc_column_text][\/vc_column][\/vc_row][vc_row][vc_column width=&#8221;1\/2&#8243;][vc_column_text]<strong>\u0130\u015f icaz\u0259l\u0259ri v\u0259 i\u015fl\u0259 ba\u011fl\u0131 ya\u015fay\u0131\u015f icaz\u0259si<\/strong><\/p>\n<p>Az\u0259rbaycanda i\u015f\u0259 d\u00fcz\u0259lm\u0259zd\u0259n \u0259vv\u0259l \u0259ks\u0259r xarici v\u0259t\u0259nda\u015flar <strong>i\u015f icaz\u0259si v\u0259 m\u00fcv\u0259qq\u0259ti ya\u015famaq icaz\u0259si <\/strong>almal\u0131d\u0131rlar. Biz a\u015fa\u011f\u0131dak\u0131 m\u0259s\u0259l\u0259l\u0259r \u00fczr\u0259 k\u00f6m\u0259k edirik:<\/p>\n<ul>\n<li>Laz\u0131mi s\u0259n\u0259dl\u0259rin toplanmas\u0131 v\u0259 haz\u0131rlanmas\u0131<\/li>\n<li>\u015e\u0259xsl\u0259r v\u0259 onlar\u0131n ail\u0259l\u0259ri \u00fc\u00e7\u00fcn i\u015f icaz\u0259si \u00fc\u00e7\u00fcn m\u00fcraci\u0259t<\/li>\n<li>\u0130\u015f\u0259g\u00f6t\u00fcr\u0259nl\u0259rin t\u0259l\u0259bl\u0259r\u0259 uy\u011funlu\u011funun yoxlan\u0131lmas\u0131, o c\u00fcml\u0259d\u0259n \u0259cn\u0259bi i\u015f\u00e7il\u0259ri i\u015f\u0259 g\u00f6t\u00fcrm\u0259k \u00fc\u00e7\u00fcn lisenziyan\u0131n al\u0131nmas\u0131 \u015f\u0259rti<\/li>\n<\/ul>\n<p><strong><em>Qeyd: \u0130\u015f icaz\u0259l\u0259ri 1 il m\u00fcdd\u0259tin\u0259 verilir v\u0259 d\u00f6rd d\u0259f\u0259y\u0259 q\u0259d\u0259r uzad\u0131la bil\u0259r. F\u0259rdi sahibkarlar, beyn\u0259lxalq t\u0259\u015fkilatlar\u0131n i\u015f\u00e7il\u0259ri v\u0259 akkredit\u0259 olunmu\u015f media n\u00fcmay\u0259nd\u0259l\u0259ri kimi b\u0259zi pe\u015f\u0259karlar i\u015f icaz\u0259si t\u0259l\u0259bl\u0259rind\u0259n azad ola bil\u0259rl\u0259r. \u0130caz\u0259 almaq haqq\u0131n\u0131z\u0131 yoxlamaq \u00fc\u00e7\u00fcn biziml\u0259 \u0259laq\u0259 saxlay\u0131n.<\/em><\/strong>[\/vc_column_text][\/vc_column][vc_column width=&#8221;1\/2&#8243;][vc_single_image image=&#8221;55401&#8243; img_size=&#8221;full&#8221;][\/vc_column][\/vc_row][vc_row][vc_column width=&#8221;1\/2&#8243;][vc_single_image image=&#8221;55395&#8243; img_size=&#8221;full&#8221;][\/vc_column][vc_column width=&#8221;1\/2&#8243;][vc_column_text]<strong>\u0130caz\u0259l\u0259rin monitorinqi v\u0259 q\u00fcvv\u0259d\u0259 olma m\u00fcdd\u0259tinin ba\u015fa \u00e7atmas\u0131 bar\u0259d\u0259 bildiri\u015fl\u0259r<\/strong><\/p>\n<p>Xarici v\u0259t\u0259nda\u015flar \u00e7ox vaxt ya\u015fay\u0131\u015f v\u0259 ya i\u015f icaz\u0259l\u0259rinin bitm\u0259 tarixl\u0259rini unudurlar. Bu, h\u00fcquqi probleml\u0259r\u0259 v\u0259 ya h\u0259tta deportasiyaya s\u0259b\u0259b ola bil\u0259r. FCHAIN-d\u0259 biz:<\/p>\n<ul>\n<li>S\u0259n\u0259dl\u0259rinizin son istifad\u0259 tarixl\u0259rini izl\u0259yirik<\/li>\n<li><strong>Vaxt\u0131nda xat\u0131rlatmalar<\/strong> g\u00f6nd\u0259ririk<\/li>\n<li>H\u00fcquqi statusu saxlamaq \u00fc\u00e7\u00fcn <strong>uzad\u0131lma prosesl\u0259rin\u0259<\/strong> k\u00f6m\u0259klik edirik<\/li>\n<\/ul>\n<p><strong>M\u00fcv\u0259qq\u0259ti ya\u015fay\u0131\u015f icaz\u0259sinin uzad\u0131lmas\u0131<\/strong><\/p>\n<p>Az\u0259rbaycanda olma m\u00fcdd\u0259tinizin uzad\u0131lmas\u0131na ehtiyac olarsa, biz siz\u0259 m\u00fcv\u0259qq\u0259ti rezident statusunuzun m\u00fcdd\u0259tinin bitm\u0259mi\u015fd\u0259n \u0259vv\u0259l uzad\u0131lmas\u0131nda tam d\u0259st\u0259k g\u00f6st\u0259r\u0259c\u0259yik. Biz he\u00e7 bir fasil\u0259siz qalma\u011f\u0131n\u0131z\u0131n davaml\u0131l\u0131\u011f\u0131n\u0131 t\u0259min etm\u0259k \u00fc\u00e7\u00fcn b\u00fct\u00fcn b\u00fcrokratik r\u0259smil\u0259\u015fdirm\u0259l\u0259ri \u00f6z \u00fcz\u0259rimiz\u0259 g\u00f6t\u00fcr\u00fcr\u00fck.[\/vc_column_text][\/vc_column][\/vc_row][vc_row][vc_column][vc_column_text]\u0130st\u0259r i\u015f, ist\u0259r biznes, ist\u0259rs\u0259 d\u0259 \u015f\u0259xsi s\u0259b\u0259bl\u0259r\u0259 g\u00f6r\u0259 Az\u0259rbaycana k\u00f6\u00e7\u00fcrs\u00fcn\u00fcz, <strong>FCHAIN <\/strong>prosesin h\u0259r bir add\u0131m\u0131nda siz\u0259 b\u0259l\u0259d\u00e7ilik ed\u0259c\u0259k. Biz siz\u0259 laz\u0131mi s\u0259n\u0259dl\u0259ri toplamaqda, icaz\u0259l\u0259rin al\u0131nmas\u0131nda v\u0259 m\u00fcdd\u0259tinin uzad\u0131lmas\u0131nda, yerli qanunvericilikl\u0259 tan\u0131\u015f olmama\u011f\u0131n\u0131z s\u0259b\u0259bind\u0259n yaranan m\u00fcr\u0259kk\u0259b m\u0259s\u0259l\u0259l\u0259ri h\u0259ll etm\u0259y\u0259 k\u00f6m\u0259k ed\u0259c\u0259yik.<\/p>\n<p>Sad\u0259c\u0259 <strong>biziml\u0259 \u0259laq\u0259 saxlama\u011f\u0131n\u0131z<\/strong> kifay\u0259tdir &#8211; qalan i\u015fl\u0259ri biz h\u0259ll ed\u0259c\u0259yik.[\/vc_column_text][\/vc_column][\/vc_row]<\/p>\n<\/div>","protected":false},"excerpt":{"rendered":"<p>[vc_row equal_height=&#8221;yes&#8221; css_animation=&#8221;fadeInUp&#8221;][vc_column][vc_column_text]Financial Chain Corporation 2002-ci ild\u0259n Az\u0259rbaycanda pe\u015f\u0259kar miqrasiya xidm\u0259tl\u0259ri g\u00f6st\u0259rir. \u015eirk\u0259t immiqrasiya qanunvericiliyinin m\u00fcr\u0259kk\u0259bliyi il\u0259 \u00fczl\u0259\u015f\u0259n \u015f\u0259xsl\u0259r v\u0259 \u015firk\u0259tl\u0259r \u00fc\u00e7\u00fcn etibarl\u0131 v\u0259 yoxlan\u0131lm\u0131\u015f t\u0259r\u0259fda\u015f kimi m\u00f6hk\u0259m reputasiya qazanm\u0131\u015fd\u0131r. Az\u0259rbaycan miqrasiya qanunvericiliyin\u0259 d\u0259rind\u0259n b\u0259l\u0259d oldu\u011fumuz v\u0259 iyirmi il\u0259 yax\u0131n praktiki t\u0259cr\u00fcb\u0259mizl\u0259 biz miqrasiya m\u0259s\u0259l\u0259l\u0259rinin geni\u015f spektrini s\u0259m\u0259r\u0259li v\u0259 qanuna tam riay\u0259t etm\u0259kl\u0259 h\u0259ll etm\u0259y\u0259<\/p>\n","protected":false},"author":1,"featured_media":55395,"parent":0,"menu_order":0,"comment_status":"closed","ping_status":"closed","template":"","meta":{"_acf_changed":false,"footnotes":""},"class_list":["post-18942","page","type-page","status-publish","hentry"],"acf":[],"yoast_head":"<!-- This site is optimized with the Yoast SEO plugin v27.1 - https:\/\/yoast.com\/product\/yoast-seo-wordpress\/ -->\n<title>Miqrasiya xidm\u0259tl\u0259ri - Financial Chain Corporation - Az\u0259rbaycan<\/title>\n<meta name=\"description\" content=\"FCHA\u0130N \u015firk\u0259ti 2002-ci ild\u0259n Az\u0259rbaycanda miqrasiya xidm\u0259tl\u0259ri g\u00f6st\u0259rir v\u0259 \u0259n ba\u015f\u0131ndan \u00f6z\u00fcn\u00fc bazarda biznesd\u0259 etibarl\u0131 t\u0259r\u0259fda\u015f kimi do\u011fruldub\" \/>\n<meta name=\"robots\" content=\"index, follow, max-snippet:-1, max-image-preview:large, max-video-preview:-1\" \/>\n<link rel=\"canonical\" href=\"https:\/\/az.f-chain.com\/az\/miqrasiya-xidm\u0259tl\u0259ri\/\" \/>\n<meta property=\"og:locale\" content=\"az_AZ\" \/>\n<meta property=\"og:type\" content=\"article\" \/>\n<meta property=\"og:title\" content=\"Miqrasiya xidm\u0259tl\u0259ri - Financial Chain Corporation - Az\u0259rbaycan\" \/>\n<meta property=\"og:description\" content=\"FCHA\u0130N \u015firk\u0259ti 2002-ci ild\u0259n Az\u0259rbaycanda miqrasiya xidm\u0259tl\u0259ri g\u00f6st\u0259rir v\u0259 \u0259n ba\u015f\u0131ndan \u00f6z\u00fcn\u00fc bazarda biznesd\u0259 etibarl\u0131 t\u0259r\u0259fda\u015f kimi do\u011fruldub\" \/>\n<meta property=\"og:url\" content=\"https:\/\/az.f-chain.com\/az\/miqrasiya-xidm\u0259tl\u0259ri\/\" \/>\n<meta property=\"og:site_name\" content=\"FChain\" \/>\n<meta property=\"article:modified_time\" content=\"2025-11-13T07:21:14+00:00\" \/>\n<meta property=\"og:image\" content=\"https:\/\/az.f-chain.com\/wp-content\/uploads\/2025\/07\/travel-or-turism-concept-old-suitcase-with-ope-2025-03-09-01-49-07-utc-scaled.jpg\" \/>\n\t<meta property=\"og:image:width\" content=\"2560\" \/>\n\t<meta property=\"og:image:height\" content=\"1920\" \/>\n\t<meta property=\"og:image:type\" content=\"image\/jpeg\" \/>\n<meta name=\"twitter:card\" content=\"summary_large_image\" \/>\n<script type=\"application\/ld+json\" class=\"yoast-schema-graph\">{\"@context\":\"https:\/\/schema.org\",\"@graph\":[{\"@type\":\"WebPage\",\"@id\":\"https:\/\/az.f-chain.com\/az\/miqrasiya-xidm%c9%99tl%c9%99ri\/\",\"url\":\"https:\/\/az.f-chain.com\/az\/miqrasiya-xidm%c9%99tl%c9%99ri\/\",\"name\":\"Miqrasiya xidm\u0259tl\u0259ri - Financial Chain Corporation - Az\u0259rbaycan\",\"isPartOf\":{\"@id\":\"https:\/\/az.f-chain.com\/#website\"},\"primaryImageOfPage\":{\"@id\":\"https:\/\/az.f-chain.com\/az\/miqrasiya-xidm%c9%99tl%c9%99ri\/#primaryimage\"},\"image\":{\"@id\":\"https:\/\/az.f-chain.com\/az\/miqrasiya-xidm%c9%99tl%c9%99ri\/#primaryimage\"},\"thumbnailUrl\":\"https:\/\/az.f-chain.com\/wp-content\/uploads\/2025\/07\/travel-or-turism-concept-old-suitcase-with-ope-2025-03-09-01-49-07-utc-scaled.jpg\",\"datePublished\":\"2018-07-18T10:46:04+00:00\",\"dateModified\":\"2025-11-13T07:21:14+00:00\",\"description\":\"FCHA\u0130N \u015firk\u0259ti 2002-ci ild\u0259n Az\u0259rbaycanda miqrasiya xidm\u0259tl\u0259ri g\u00f6st\u0259rir v\u0259 \u0259n ba\u015f\u0131ndan \u00f6z\u00fcn\u00fc bazarda biznesd\u0259 etibarl\u0131 t\u0259r\u0259fda\u015f kimi do\u011fruldub\",\"breadcrumb\":{\"@id\":\"https:\/\/az.f-chain.com\/az\/miqrasiya-xidm%c9%99tl%c9%99ri\/#breadcrumb\"},\"inLanguage\":\"az\",\"potentialAction\":[{\"@type\":\"ReadAction\",\"target\":[\"https:\/\/az.f-chain.com\/az\/miqrasiya-xidm%c9%99tl%c9%99ri\/\"]}]},{\"@type\":\"ImageObject\",\"inLanguage\":\"az\",\"@id\":\"https:\/\/az.f-chain.com\/az\/miqrasiya-xidm%c9%99tl%c9%99ri\/#primaryimage\",\"url\":\"https:\/\/az.f-chain.com\/wp-content\/uploads\/2025\/07\/travel-or-turism-concept-old-suitcase-with-ope-2025-03-09-01-49-07-utc-scaled.jpg\",\"contentUrl\":\"https:\/\/az.f-chain.com\/wp-content\/uploads\/2025\/07\/travel-or-turism-concept-old-suitcase-with-ope-2025-03-09-01-49-07-utc-scaled.jpg\",\"width\":2560,\"height\":1920,\"caption\":\"Travel or turism concept. Old suitcase with opened passport with visa stamps. 3d illustration\"},{\"@type\":\"BreadcrumbList\",\"@id\":\"https:\/\/az.f-chain.com\/az\/miqrasiya-xidm%c9%99tl%c9%99ri\/#breadcrumb\",\"itemListElement\":[{\"@type\":\"ListItem\",\"position\":1,\"name\":\"Home\",\"item\":\"https:\/\/az.f-chain.com\/az\/\"},{\"@type\":\"ListItem\",\"position\":2,\"name\":\"Miqrasiya xidm\u0259tl\u0259ri\"}]},{\"@type\":\"WebSite\",\"@id\":\"https:\/\/az.f-chain.com\/#website\",\"url\":\"https:\/\/az.f-chain.com\/\",\"name\":\"FChain\",\"description\":\"Azerbaijan\",\"potentialAction\":[{\"@type\":\"SearchAction\",\"target\":{\"@type\":\"EntryPoint\",\"urlTemplate\":\"https:\/\/az.f-chain.com\/?s={search_term_string}\"},\"query-input\":{\"@type\":\"PropertyValueSpecification\",\"valueRequired\":true,\"valueName\":\"search_term_string\"}}],\"inLanguage\":\"az\"}]}<\/script>\n<!-- \/ Yoast SEO plugin. -->","yoast_head_json":{"title":"Miqrasiya xidm\u0259tl\u0259ri - Financial Chain Corporation - Az\u0259rbaycan","description":"FCHA\u0130N \u015firk\u0259ti 2002-ci ild\u0259n Az\u0259rbaycanda miqrasiya xidm\u0259tl\u0259ri g\u00f6st\u0259rir v\u0259 \u0259n ba\u015f\u0131ndan \u00f6z\u00fcn\u00fc bazarda biznesd\u0259 etibarl\u0131 t\u0259r\u0259fda\u015f kimi do\u011fruldub","robots":{"index":"index","follow":"follow","max-snippet":"max-snippet:-1","max-image-preview":"max-image-preview:large","max-video-preview":"max-video-preview:-1"},"canonical":"https:\/\/az.f-chain.com\/az\/miqrasiya-xidm\u0259tl\u0259ri\/","og_locale":"az_AZ","og_type":"article","og_title":"Miqrasiya xidm\u0259tl\u0259ri - Financial Chain Corporation - Az\u0259rbaycan","og_description":"FCHA\u0130N \u015firk\u0259ti 2002-ci ild\u0259n Az\u0259rbaycanda miqrasiya xidm\u0259tl\u0259ri g\u00f6st\u0259rir v\u0259 \u0259n ba\u015f\u0131ndan \u00f6z\u00fcn\u00fc bazarda biznesd\u0259 etibarl\u0131 t\u0259r\u0259fda\u015f kimi do\u011fruldub","og_url":"https:\/\/az.f-chain.com\/az\/miqrasiya-xidm\u0259tl\u0259ri\/","og_site_name":"FChain","article_modified_time":"2025-11-13T07:21:14+00:00","og_image":[{"width":2560,"height":1920,"url":"https:\/\/az.f-chain.com\/wp-content\/uploads\/2025\/07\/travel-or-turism-concept-old-suitcase-with-ope-2025-03-09-01-49-07-utc-scaled.jpg","type":"image\/jpeg"}],"twitter_card":"summary_large_image","schema":{"@context":"https:\/\/schema.org","@graph":[{"@type":"WebPage","@id":"https:\/\/az.f-chain.com\/az\/miqrasiya-xidm%c9%99tl%c9%99ri\/","url":"https:\/\/az.f-chain.com\/az\/miqrasiya-xidm%c9%99tl%c9%99ri\/","name":"Miqrasiya xidm\u0259tl\u0259ri - Financial Chain Corporation - Az\u0259rbaycan","isPartOf":{"@id":"https:\/\/az.f-chain.com\/#website"},"primaryImageOfPage":{"@id":"https:\/\/az.f-chain.com\/az\/miqrasiya-xidm%c9%99tl%c9%99ri\/#primaryimage"},"image":{"@id":"https:\/\/az.f-chain.com\/az\/miqrasiya-xidm%c9%99tl%c9%99ri\/#primaryimage"},"thumbnailUrl":"https:\/\/az.f-chain.com\/wp-content\/uploads\/2025\/07\/travel-or-turism-concept-old-suitcase-with-ope-2025-03-09-01-49-07-utc-scaled.jpg","datePublished":"2018-07-18T10:46:04+00:00","dateModified":"2025-11-13T07:21:14+00:00","description":"FCHA\u0130N \u015firk\u0259ti 2002-ci ild\u0259n Az\u0259rbaycanda miqrasiya xidm\u0259tl\u0259ri g\u00f6st\u0259rir v\u0259 \u0259n ba\u015f\u0131ndan \u00f6z\u00fcn\u00fc bazarda biznesd\u0259 etibarl\u0131 t\u0259r\u0259fda\u015f kimi do\u011fruldub","breadcrumb":{"@id":"https:\/\/az.f-chain.com\/az\/miqrasiya-xidm%c9%99tl%c9%99ri\/#breadcrumb"},"inLanguage":"az","potentialAction":[{"@type":"ReadAction","target":["https:\/\/az.f-chain.com\/az\/miqrasiya-xidm%c9%99tl%c9%99ri\/"]}]},{"@type":"ImageObject","inLanguage":"az","@id":"https:\/\/az.f-chain.com\/az\/miqrasiya-xidm%c9%99tl%c9%99ri\/#primaryimage","url":"https:\/\/az.f-chain.com\/wp-content\/uploads\/2025\/07\/travel-or-turism-concept-old-suitcase-with-ope-2025-03-09-01-49-07-utc-scaled.jpg","contentUrl":"https:\/\/az.f-chain.com\/wp-content\/uploads\/2025\/07\/travel-or-turism-concept-old-suitcase-with-ope-2025-03-09-01-49-07-utc-scaled.jpg","width":2560,"height":1920,"caption":"Travel or turism concept. Old suitcase with opened passport with visa stamps. 3d illustration"},{"@type":"BreadcrumbList","@id":"https:\/\/az.f-chain.com\/az\/miqrasiya-xidm%c9%99tl%c9%99ri\/#breadcrumb","itemListElement":[{"@type":"ListItem","position":1,"name":"Home","item":"https:\/\/az.f-chain.com\/az\/"},{"@type":"ListItem","position":2,"name":"Miqrasiya xidm\u0259tl\u0259ri"}]},{"@type":"WebSite","@id":"https:\/\/az.f-chain.com\/#website","url":"https:\/\/az.f-chain.com\/","name":"FChain","description":"Azerbaijan","potentialAction":[{"@type":"SearchAction","target":{"@type":"EntryPoint","urlTemplate":"https:\/\/az.f-chain.com\/?s={search_term_string}"},"query-input":{"@type":"PropertyValueSpecification","valueRequired":true,"valueName":"search_term_string"}}],"inLanguage":"az"}]}},"_links":{"self":[{"href":"https:\/\/az.f-chain.com\/az\/wp-json\/wp\/v2\/pages\/18942","targetHints":{"allow":["GET"]}}],"collection":[{"href":"https:\/\/az.f-chain.com\/az\/wp-json\/wp\/v2\/pages"}],"about":[{"href":"https:\/\/az.f-chain.com\/az\/wp-json\/wp\/v2\/types\/page"}],"author":[{"embeddable":true,"href":"https:\/\/az.f-chain.com\/az\/wp-json\/wp\/v2\/users\/1"}],"replies":[{"embeddable":true,"href":"https:\/\/az.f-chain.com\/az\/wp-json\/wp\/v2\/comments?post=18942"}],"version-history":[{"count":3,"href":"https:\/\/az.f-chain.com\/az\/wp-json\/wp\/v2\/pages\/18942\/revisions"}],"predecessor-version":[{"id":56328,"href":"https:\/\/az.f-chain.com\/az\/wp-json\/wp\/v2\/pages\/18942\/revisions\/56328"}],"wp:featuredmedia":[{"embeddable":true,"href":"https:\/\/az.f-chain.com\/az\/wp-json\/wp\/v2\/media\/55395"}],"wp:attachment":[{"href":"https:\/\/az.f-chain.com\/az\/wp-json\/wp\/v2\/media?parent=18942"}],"curies":[{"name":"wp","href":"https:\/\/api.w.org\/{rel}","templated":true}]}}