{"id":18936,"date":"2018-07-17T18:49:36","date_gmt":"2018-07-17T14:49:36","guid":{"rendered":"https:\/\/az.f-chain.com\/?page_id=18467"},"modified":"2021-09-23T09:28:16","modified_gmt":"2021-09-23T06:28:16","slug":"ir-mut%c9%99x%c9%99ssisl%c9%99ri-ucun-t%c9%99liml%c9%99r","status":"publish","type":"page","link":"https:\/\/az.f-chain.com\/az\/insan-resurslarinin-idar%c9%99-olunmasi-xidm%c9%99tl%c9%99ri\/ir-mut%c9%99x%c9%99ssisl%c9%99ri-ucun-t%c9%99liml%c9%99r\/","title":{"rendered":"\u0130R m\u00fct\u0259x\u0259ssisl\u0259ri \u00fc\u00e7\u00fcn t\u0259liml\u0259r"},"content":{"rendered":"<div class=\"wpb-content-wrapper\"><p>[vc_row equal_height=&#8221;yes&#8221; css_animation=&#8221;fadeInUp&#8221;][vc_column][vc_column_text]<\/p>\n<h1>\u0130R m\u00fct\u0259x\u0259ssisl\u0259ri \u00fc\u00e7\u00fcn t\u0259liml\u0259r<\/h1>\n<p>[\/vc_column_text][vc_column_text]Biz davaml\u0131 t\u0259lim v\u0259 inki\u015faf\u0131n vacibliyin\u0259 \u0259minik. M\u0259hz buna g\u00f6r\u0259 biz \u0130R m\u00fct\u0259x\u0259ssisl\u0259rin t\u0259limi proqram\u0131n\u0131 i\u015fl\u0259yib haz\u0131rlam\u0131\u015f\u0131q v\u0259 onu yeni tendensiyalara, yenilikl\u0259r\u0259 v\u0259 m\u00fc\u015ft\u0259ril\u0259rimizin g\u00f6zl\u0259ntil\u0259rin\u0259 uy\u011fun olaraq m\u00fct\u0259madi olaraq yenil\u0259yirik.[\/vc_column_text][\/vc_column][\/vc_row][vc_row equal_height=&#8221;yes&#8221; css_animation=&#8221;fadeInUp&#8221; css=&#8221;.vc_custom_1632378401382{margin-bottom: 0px !important;background-color: #f6f6f6 !important;}&#8221;][vc_column][vc_column_text]Bizim t\u0259liml\u0259r videomateriallar, qrup m\u0259\u015f\u011f\u0259l\u0259l\u0259ri, rol oyunlar\u0131 v\u0259 s. k\u00f6m\u0259yi il\u0259 interaktiv rejimd\u0259 ke\u00e7irilir. Biz hesab edirik ki, t\u0259lim \u0259yl\u0259nc\u0259li olmal\u0131d\u0131r. Xo\u015f duy\u011fular\u0131n v\u0259 praktiki tap\u015f\u0131r\u0131qlar\u0131n \u0259lav\u0259 edilm\u0259si il\u0259, material daha yax\u015f\u0131 m\u0259nims\u0259nilir v\u0259 onu pe\u015f\u0259kar f\u0259aliyy\u0259tl\u0259rd\u0259 t\u0259tbiq etm\u0259k daha asand olur.<\/p>\n<p>Bizim T\u0259dris M\u0259rk\u0259zimiz t\u0259klif olunan kurslar\u0131n say\u0131n\u0131 art\u0131rmaq \u00fc\u00e7\u00fcn \u00e7al\u0131\u015f\u0131r, buna g\u00f6r\u0259 d\u0259 t\u0259liml\u0259rimiz a\u015fa\u011f\u0131dak\u0131larla m\u0259hdudla\u015fmayan m\u00f6vzular\u0131 daxil edir:<\/p>\n<table>\n<tbody>\n<tr>\n<td width=\"157\"><strong>T\u0259lim<\/strong><\/td>\n<td width=\"82\"><strong>M\u00fcdd\u0259ti<\/strong><\/td>\n<td width=\"205\"><strong>Q\u0131sa t\u0259sviri<\/strong><\/td>\n<td width=\"291\"><strong>\u015e\u0259rhl\u0259r<\/strong><\/td>\n<\/tr>\n<tr>\n<td width=\"157\">Personal\u0131n idar\u0259 edilm\u0259sinin \u0259saslar\u0131<\/td>\n<td width=\"82\">8 saat<\/td>\n<td width=\"205\">Kadrlar \u015f\u00f6b\u0259sinin \u0259sas i\u015f prosesl\u0259rinin \u00f6yr\u0259nilm\u0259si, personal\u0131n idar\u0259 edilm\u0259sinin m\u00fcasir metodlar\u0131n\u0131n v\u0259 personalla i\u015f \u00fczr\u0259 m\u00fct\u0259x\u0259ssis\u0259 olan t\u0259l\u0259bl\u0259rin n\u0259z\u0259rd\u0259n ke\u00e7irilm\u0259si.<\/td>\n<td width=\"291\">Ustad d\u0259rsi v\u0259 ya t\u0259lim format\u0131nda ola bil\u0259r. Yeni ba\u015flayan kadrlar \u00fczr\u0259 m\u00fct\u0259x\u0259ssisl\u0259r v\u0259 orta s\u0259viyy\u0259li m\u00fct\u0259x\u0259ssisl\u0259r \u00fc\u00e7\u00fcn uy\u011fundur.<\/td>\n<\/tr>\n<tr>\n<td width=\"157\">Kadralr\u0131n idar\u0259 edilm\u0259si strategiyas\u0131<\/td>\n<td width=\"82\">8 saat<\/td>\n<td width=\"205\">Qlobal tendensiyalar\u0131n, onlar\u0131n \u015firk\u0259t\u0259 v\u0259 onun kadrlar \u015f\u00f6b\u0259sinin i\u015fin\u0259 t\u0259sirinin m\u00fc\u0259yy\u0259n edilm\u0259si. \u00dcf\u00fcqi v\u0259 \u015faquli inteqrasiya, strateji d\u00fc\u015f\u00fcnc\u0259 v\u0259 biznesin inki\u015faf\u0131nda kadrlarla i\u015f \u00fczr\u0259 m\u00fct\u0259x\u0259ssisin rolu.<\/td>\n<td width=\"291\">Ustad d\u0259rsi v\u0259 ya t\u0259lim format\u0131nda ola bil\u0259r. \u018fsas\u0259n kadrlar \u00fczr\u0259 orta s\u0259viyy\u0259li m\u00fct\u0259x\u0259ssisl\u0259r\u0259 \/ r\u0259hb\u0259rl\u0259r\u0259 \/ menecerl\u0259r\u0259 y\u00f6n\u0259ldilmi\u015fdir.<\/td>\n<\/tr>\n<tr>\n<td width=\"157\">\u0130dar\u0259etm\u0259 strategiyas\u0131n\u0131n d\u0259yi\u015fdirilm\u0259si. Nec\u0259 n\u0259zar\u0259t etm\u0259k?<\/td>\n<td width=\"82\">8 saat<\/td>\n<td width=\"205\">Bu prosesd\u0259 kadr i\u015f\u00e7isinin rolunu vur\u011fulamaqla strategiyan\u0131n m\u00fcxt\u0259lif modell\u0259rinin v\u0259 sxeml\u0259rinin d\u0259yi\u015fdirilm\u0259sinin t\u0259sviri.<\/td>\n<td width=\"291\">Ustad d\u0259rsi v\u0259 ya t\u0259lim<br \/>\nformat\u0131nda ola bil\u0259r. Orta v\u0259 daha y\u00fcks\u0259k s\u0259viyy\u0259li m\u00fct\u0259x\u0259ssisl\u0259r\u0259 y\u00f6n\u0259ldilmi\u015fdir. Yaln\u0131z kadrlarla i\u015f \u00fczr\u0259 m\u00fct\u0259x\u0259ssisl\u0259r \u00fc\u00e7\u00fcn deyil, ba\u015fqalar\u0131 \u00fc\u00e7\u00fcn d\u0259 faydal\u0131 ola bil\u0259r.<\/td>\n<\/tr>\n<tr>\n<td width=\"157\">Rotasiyalar v\u0259 personal\u0131n se\u00e7ilm\u0259si (I)<\/td>\n<td width=\"82\">8 saat<\/td>\n<td width=\"205\">Kadrlar\u0131n rotasiyas\u0131 v\u0259 i\u015f\u0259 g\u00f6t\u00fcr\u00fclm\u0259sinin b\u00fct\u00fcn aspektl\u0259rini t\u0259svir edir, konsepsiyalardak\u0131 \u0259sas f\u0259rql\u0259ri izah edir v\u0259 bu prosesl\u0259rin b\u00fct\u00fcn m\u0259rh\u0259l\u0259l\u0259rinin mahiyy\u0259tini t\u0259svir edir. \u0130\u015f\u0259g\u00f6t\u00fcrm\u0259 strategiyalar\u0131n\u0131n m\u00fczakir\u0259si, kadr resurslar\u0131n\u0131n, rotasiyalar\u0131n planla\u015fd\u0131r\u0131lmas\u0131, i\u015f\u00e7il\u0259rin qorunub saxlanmas\u0131 v\u0259 s.<\/td>\n<td width=\"291\">Kurs 1 g\u00fcn \u00fc\u00e7\u00fcn n\u0259z\u0259rd\u0259 tutulmu\u015fdur, m\u0259\u015f\u011f\u0259l\u0259l\u0259r qrupda v\u0259 ya f\u0259rdi olaraq ke\u00e7irilir. Ustad d\u0259rsi v\u0259 ya t\u0259lim format\u0131nda ke\u00e7iril\u0259 bil\u0259r. H\u0259m prosesi \u00fcmumi olaraq \u00f6yr\u0259nm\u0259k m\u0259qs\u0259dil\u0259 personalla i\u015f \u00fczr\u0259 orta v\u0259 y\u00fcks\u0259k s\u0259viyy\u0259li m\u00fct\u0259x\u0259ssisl\u0259r \u00fc\u00e7\u00fcn, h\u0259m d\u0259 bu prosesl\u0259rin x\u00fcsusiyy\u0259tl\u0259rini \u00f6yr\u0259nm\u0259k m\u0259qs\u0259dil\u0259 pe\u015f\u0259kar i\u015f\u0259 g\u00f6t\u00fcr\u0259nl\u0259r \u00fc\u00e7\u00fcn n\u0259z\u0259rd\u0259 tutulmu\u015fdur.<\/td>\n<\/tr>\n<tr>\n<td width=\"157\">M\u00fcsahib\u0259 aparmaq bacar\u0131qlar\u0131na dair t\u0259lim (II)<\/td>\n<td width=\"82\">8 saat<\/td>\n<td width=\"205\">H\u0259m m\u00fcsahib\u0259 aparmaq \u00fcsullar\u0131n\u0131n n\u0259z\u0259ri \u00f6yr\u0259nilm\u0259sini, h\u0259m d\u0259 onlar\u0131n t\u0259tbiqi \u00fc\u00e7\u00fcn praktiki tap\u015f\u0131r\u0131qlar\u0131 daxil edir. M\u00fcsahib\u0259 aparanlar\u0131n bacar\u0131qlar\u0131n\u0131n art\u0131r\u0131lmas\u0131na y\u00f6n\u0259ldilmi\u015fdir. M\u00fcsahib\u0259l\u0259rin apar\u0131lmas\u0131 \u00fc\u00e7\u00fcn \u0259sas modell\u0259r v\u0259 \u00fcsullar m\u00fczakir\u0259 olunur.<\/td>\n<td width=\"291\">Kurs 1 g\u00fcn \u00fc\u00e7\u00fcn n\u0259z\u0259rd\u0259 tutulmu\u015fdur, m\u0259\u015f\u011f\u0259l\u0259l\u0259r qrupda v\u0259 ya f\u0259rdi olaraq ke\u00e7irilir. Ustad d\u0259rsi v\u0259 ya t\u0259lim format\u0131nda ola bil\u0259r. Yeni ba\u015flayan kadrlar \u00fczr\u0259 m\u00fct\u0259x\u0259ssisl\u0259r v\u0259 orta s\u0259viyy\u0259li m\u00fct\u0259x\u0259ssisl\u0259r \u00fc\u00e7\u00fcn uy\u011fundur.<\/td>\n<\/tr>\n<tr>\n<td width=\"157\">Biznes etikas\u0131 v\u0259 normalara uy\u011funluq<\/td>\n<td width=\"82\">8 saat<\/td>\n<td width=\"205\">Beyn\u0259lxalq v\u0259 yerli qanunvericilikd\u0259 etika v\u0259 normalar\u0131n ba\u015fl\u0131ca elementl\u0259rini n\u0259z\u0259rd\u0259n ke\u00e7irm\u0259k. M\u00fcmk\u00fcn f\u0131r\u0131ldaq\u00e7\u0131l\u0131q hallar\u0131n\u0131n, informasiya t\u0259hl\u00fck\u0259sizliyi siyas\u0259tinin v\u0259 daxili siyas\u0259tin pozulmas\u0131 hallar\u0131n\u0131n v\u0259 s. m\u00fczakir\u0259 edilm\u0259si.<\/td>\n<td width=\"291\">Ustad d\u0259rsi v\u0259 ya t\u0259lim formas\u0131nda t\u0259qdim oluna bil\u0259r. B\u00fct\u00fcn i\u015f\u00e7il\u0259r \u00fc\u00e7\u00fcn uy\u011fundur.<\/td>\n<\/tr>\n<\/tbody>\n<\/table>\n<p>[\/vc_column_text][\/vc_column][\/vc_row]<\/p>\n<\/div>","protected":false},"excerpt":{"rendered":"<p>[vc_row equal_height=&#8221;yes&#8221; css_animation=&#8221;fadeInUp&#8221;][vc_column][vc_column_text] \u0130R m\u00fct\u0259x\u0259ssisl\u0259ri \u00fc\u00e7\u00fcn t\u0259liml\u0259r [\/vc_column_text][vc_column_text]Biz davaml\u0131 t\u0259lim v\u0259 inki\u015faf\u0131n vacibliyin\u0259 \u0259minik. M\u0259hz buna g\u00f6r\u0259 biz \u0130R m\u00fct\u0259x\u0259ssisl\u0259rin t\u0259limi proqram\u0131n\u0131 i\u015fl\u0259yib haz\u0131rlam\u0131\u015f\u0131q v\u0259 onu yeni tendensiyalara, yenilikl\u0259r\u0259 v\u0259 m\u00fc\u015ft\u0259ril\u0259rimizin g\u00f6zl\u0259ntil\u0259rin\u0259 uy\u011fun olaraq m\u00fct\u0259madi olaraq yenil\u0259yirik.[\/vc_column_text][\/vc_column][\/vc_row][vc_row equal_height=&#8221;yes&#8221; css_animation=&#8221;fadeInUp&#8221; css=&#8221;.vc_custom_1632378401382{margin-bottom: 0px !important;background-color: #f6f6f6 !important;}&#8221;][vc_column][vc_column_text]Bizim t\u0259liml\u0259r videomateriallar, qrup m\u0259\u015f\u011f\u0259l\u0259l\u0259ri, rol oyunlar\u0131 v\u0259 s. k\u00f6m\u0259yi il\u0259 interaktiv<\/p>\n","protected":false},"author":1,"featured_media":0,"parent":18933,"menu_order":0,"comment_status":"closed","ping_status":"closed","template":"","meta":{"_acf_changed":false,"footnotes":""},"class_list":["post-18936","page","type-page","status-publish","hentry"],"acf":[],"yoast_head":"<!-- This site is optimized with the Yoast SEO plugin v27.3 - https:\/\/yoast.com\/product\/yoast-seo-wordpress\/ -->\n<title>\u0130R m\u00fct\u0259x\u0259ssisl\u0259ri \u00fc\u00e7\u00fcn t\u0259liml\u0259r - FChain<\/title>\n<meta name=\"description\" content=\"Biz davaml\u0131 t\u0259lim v\u0259 inki\u015faf\u0131n vacibliyin\u0259 \u0259minik. M\u0259hz buna g\u00f6r\u0259 biz \u0130R m\u00fct\u0259x\u0259ssisl\u0259rin t\u0259limi proqram\u0131n\u0131 i\u015fl\u0259yib haz\u0131rlam\u0131\u015f\u0131q v\u0259 onu yeni tendensiyalara..\" \/>\n<meta name=\"robots\" content=\"index, follow, max-snippet:-1, max-image-preview:large, max-video-preview:-1\" \/>\n<link rel=\"canonical\" href=\"https:\/\/az.f-chain.com\/az\/insan-resurslarinin-idar\u0259-olunmasi-xidm\u0259tl\u0259ri\/ir-mut\u0259x\u0259ssisl\u0259ri-ucun-t\u0259liml\u0259r\/\" \/>\n<meta property=\"og:locale\" content=\"az_AZ\" \/>\n<meta property=\"og:type\" content=\"article\" \/>\n<meta property=\"og:title\" content=\"\u0130R m\u00fct\u0259x\u0259ssisl\u0259ri \u00fc\u00e7\u00fcn t\u0259liml\u0259r - FChain\" \/>\n<meta property=\"og:description\" content=\"Biz davaml\u0131 t\u0259lim v\u0259 inki\u015faf\u0131n vacibliyin\u0259 \u0259minik. M\u0259hz buna g\u00f6r\u0259 biz \u0130R m\u00fct\u0259x\u0259ssisl\u0259rin t\u0259limi proqram\u0131n\u0131 i\u015fl\u0259yib haz\u0131rlam\u0131\u015f\u0131q v\u0259 onu yeni tendensiyalara..\" \/>\n<meta property=\"og:url\" content=\"https:\/\/az.f-chain.com\/az\/insan-resurslarinin-idar\u0259-olunmasi-xidm\u0259tl\u0259ri\/ir-mut\u0259x\u0259ssisl\u0259ri-ucun-t\u0259liml\u0259r\/\" \/>\n<meta property=\"og:site_name\" content=\"FChain\" \/>\n<meta property=\"article:modified_time\" content=\"2021-09-23T06:28:16+00:00\" \/>\n<meta name=\"twitter:card\" content=\"summary_large_image\" \/>\n<script type=\"application\/ld+json\" class=\"yoast-schema-graph\">{\"@context\":\"https:\\\/\\\/schema.org\",\"@graph\":[{\"@type\":\"WebPage\",\"@id\":\"https:\\\/\\\/az.f-chain.com\\\/az\\\/insan-resurslarinin-idar%c9%99-olunmasi-xidm%c9%99tl%c9%99ri\\\/ir-mut%c9%99x%c9%99ssisl%c9%99ri-ucun-t%c9%99liml%c9%99r\\\/\",\"url\":\"https:\\\/\\\/az.f-chain.com\\\/az\\\/insan-resurslarinin-idar%c9%99-olunmasi-xidm%c9%99tl%c9%99ri\\\/ir-mut%c9%99x%c9%99ssisl%c9%99ri-ucun-t%c9%99liml%c9%99r\\\/\",\"name\":\"\u0130R m\u00fct\u0259x\u0259ssisl\u0259ri \u00fc\u00e7\u00fcn t\u0259liml\u0259r - FChain\",\"isPartOf\":{\"@id\":\"https:\\\/\\\/az.f-chain.com\\\/#website\"},\"datePublished\":\"2018-07-17T14:49:36+00:00\",\"dateModified\":\"2021-09-23T06:28:16+00:00\",\"description\":\"Biz davaml\u0131 t\u0259lim v\u0259 inki\u015faf\u0131n vacibliyin\u0259 \u0259minik. M\u0259hz buna g\u00f6r\u0259 biz \u0130R m\u00fct\u0259x\u0259ssisl\u0259rin t\u0259limi proqram\u0131n\u0131 i\u015fl\u0259yib haz\u0131rlam\u0131\u015f\u0131q v\u0259 onu yeni tendensiyalara..\",\"breadcrumb\":{\"@id\":\"https:\\\/\\\/az.f-chain.com\\\/az\\\/insan-resurslarinin-idar%c9%99-olunmasi-xidm%c9%99tl%c9%99ri\\\/ir-mut%c9%99x%c9%99ssisl%c9%99ri-ucun-t%c9%99liml%c9%99r\\\/#breadcrumb\"},\"inLanguage\":\"az\",\"potentialAction\":[{\"@type\":\"ReadAction\",\"target\":[\"https:\\\/\\\/az.f-chain.com\\\/az\\\/insan-resurslarinin-idar%c9%99-olunmasi-xidm%c9%99tl%c9%99ri\\\/ir-mut%c9%99x%c9%99ssisl%c9%99ri-ucun-t%c9%99liml%c9%99r\\\/\"]}]},{\"@type\":\"BreadcrumbList\",\"@id\":\"https:\\\/\\\/az.f-chain.com\\\/az\\\/insan-resurslarinin-idar%c9%99-olunmasi-xidm%c9%99tl%c9%99ri\\\/ir-mut%c9%99x%c9%99ssisl%c9%99ri-ucun-t%c9%99liml%c9%99r\\\/#breadcrumb\",\"itemListElement\":[{\"@type\":\"ListItem\",\"position\":1,\"name\":\"Home\",\"item\":\"https:\\\/\\\/az.f-chain.com\\\/az\\\/\"},{\"@type\":\"ListItem\",\"position\":2,\"name\":\"\u0130nsan Resurslar\u0131n u\u00e7otu\",\"item\":\"https:\\\/\\\/az.f-chain.com\\\/az\\\/insan-resurslarinin-idar%c9%99-olunmasi-xidm%c9%99tl%c9%99ri\\\/\"},{\"@type\":\"ListItem\",\"position\":3,\"name\":\"\u0130R m\u00fct\u0259x\u0259ssisl\u0259ri \u00fc\u00e7\u00fcn t\u0259liml\u0259r\"}]},{\"@type\":\"WebSite\",\"@id\":\"https:\\\/\\\/az.f-chain.com\\\/#website\",\"url\":\"https:\\\/\\\/az.f-chain.com\\\/\",\"name\":\"FChain\",\"description\":\"Azerbaijan\",\"potentialAction\":[{\"@type\":\"SearchAction\",\"target\":{\"@type\":\"EntryPoint\",\"urlTemplate\":\"https:\\\/\\\/az.f-chain.com\\\/?s={search_term_string}\"},\"query-input\":{\"@type\":\"PropertyValueSpecification\",\"valueRequired\":true,\"valueName\":\"search_term_string\"}}],\"inLanguage\":\"az\"}]}<\/script>\n<!-- \/ Yoast SEO plugin. -->","yoast_head_json":{"title":"\u0130R m\u00fct\u0259x\u0259ssisl\u0259ri \u00fc\u00e7\u00fcn t\u0259liml\u0259r - FChain","description":"Biz davaml\u0131 t\u0259lim v\u0259 inki\u015faf\u0131n vacibliyin\u0259 \u0259minik. M\u0259hz buna g\u00f6r\u0259 biz \u0130R m\u00fct\u0259x\u0259ssisl\u0259rin t\u0259limi proqram\u0131n\u0131 i\u015fl\u0259yib haz\u0131rlam\u0131\u015f\u0131q v\u0259 onu yeni tendensiyalara..","robots":{"index":"index","follow":"follow","max-snippet":"max-snippet:-1","max-image-preview":"max-image-preview:large","max-video-preview":"max-video-preview:-1"},"canonical":"https:\/\/az.f-chain.com\/az\/insan-resurslarinin-idar\u0259-olunmasi-xidm\u0259tl\u0259ri\/ir-mut\u0259x\u0259ssisl\u0259ri-ucun-t\u0259liml\u0259r\/","og_locale":"az_AZ","og_type":"article","og_title":"\u0130R m\u00fct\u0259x\u0259ssisl\u0259ri \u00fc\u00e7\u00fcn t\u0259liml\u0259r - FChain","og_description":"Biz davaml\u0131 t\u0259lim v\u0259 inki\u015faf\u0131n vacibliyin\u0259 \u0259minik. M\u0259hz buna g\u00f6r\u0259 biz \u0130R m\u00fct\u0259x\u0259ssisl\u0259rin t\u0259limi proqram\u0131n\u0131 i\u015fl\u0259yib haz\u0131rlam\u0131\u015f\u0131q v\u0259 onu yeni tendensiyalara..","og_url":"https:\/\/az.f-chain.com\/az\/insan-resurslarinin-idar\u0259-olunmasi-xidm\u0259tl\u0259ri\/ir-mut\u0259x\u0259ssisl\u0259ri-ucun-t\u0259liml\u0259r\/","og_site_name":"FChain","article_modified_time":"2021-09-23T06:28:16+00:00","twitter_card":"summary_large_image","schema":{"@context":"https:\/\/schema.org","@graph":[{"@type":"WebPage","@id":"https:\/\/az.f-chain.com\/az\/insan-resurslarinin-idar%c9%99-olunmasi-xidm%c9%99tl%c9%99ri\/ir-mut%c9%99x%c9%99ssisl%c9%99ri-ucun-t%c9%99liml%c9%99r\/","url":"https:\/\/az.f-chain.com\/az\/insan-resurslarinin-idar%c9%99-olunmasi-xidm%c9%99tl%c9%99ri\/ir-mut%c9%99x%c9%99ssisl%c9%99ri-ucun-t%c9%99liml%c9%99r\/","name":"\u0130R m\u00fct\u0259x\u0259ssisl\u0259ri \u00fc\u00e7\u00fcn t\u0259liml\u0259r - FChain","isPartOf":{"@id":"https:\/\/az.f-chain.com\/#website"},"datePublished":"2018-07-17T14:49:36+00:00","dateModified":"2021-09-23T06:28:16+00:00","description":"Biz davaml\u0131 t\u0259lim v\u0259 inki\u015faf\u0131n vacibliyin\u0259 \u0259minik. M\u0259hz buna g\u00f6r\u0259 biz \u0130R m\u00fct\u0259x\u0259ssisl\u0259rin t\u0259limi proqram\u0131n\u0131 i\u015fl\u0259yib haz\u0131rlam\u0131\u015f\u0131q v\u0259 onu yeni tendensiyalara..","breadcrumb":{"@id":"https:\/\/az.f-chain.com\/az\/insan-resurslarinin-idar%c9%99-olunmasi-xidm%c9%99tl%c9%99ri\/ir-mut%c9%99x%c9%99ssisl%c9%99ri-ucun-t%c9%99liml%c9%99r\/#breadcrumb"},"inLanguage":"az","potentialAction":[{"@type":"ReadAction","target":["https:\/\/az.f-chain.com\/az\/insan-resurslarinin-idar%c9%99-olunmasi-xidm%c9%99tl%c9%99ri\/ir-mut%c9%99x%c9%99ssisl%c9%99ri-ucun-t%c9%99liml%c9%99r\/"]}]},{"@type":"BreadcrumbList","@id":"https:\/\/az.f-chain.com\/az\/insan-resurslarinin-idar%c9%99-olunmasi-xidm%c9%99tl%c9%99ri\/ir-mut%c9%99x%c9%99ssisl%c9%99ri-ucun-t%c9%99liml%c9%99r\/#breadcrumb","itemListElement":[{"@type":"ListItem","position":1,"name":"Home","item":"https:\/\/az.f-chain.com\/az\/"},{"@type":"ListItem","position":2,"name":"\u0130nsan Resurslar\u0131n u\u00e7otu","item":"https:\/\/az.f-chain.com\/az\/insan-resurslarinin-idar%c9%99-olunmasi-xidm%c9%99tl%c9%99ri\/"},{"@type":"ListItem","position":3,"name":"\u0130R m\u00fct\u0259x\u0259ssisl\u0259ri \u00fc\u00e7\u00fcn t\u0259liml\u0259r"}]},{"@type":"WebSite","@id":"https:\/\/az.f-chain.com\/#website","url":"https:\/\/az.f-chain.com\/","name":"FChain","description":"Azerbaijan","potentialAction":[{"@type":"SearchAction","target":{"@type":"EntryPoint","urlTemplate":"https:\/\/az.f-chain.com\/?s={search_term_string}"},"query-input":{"@type":"PropertyValueSpecification","valueRequired":true,"valueName":"search_term_string"}}],"inLanguage":"az"}]}},"_links":{"self":[{"href":"https:\/\/az.f-chain.com\/az\/wp-json\/wp\/v2\/pages\/18936","targetHints":{"allow":["GET"]}}],"collection":[{"href":"https:\/\/az.f-chain.com\/az\/wp-json\/wp\/v2\/pages"}],"about":[{"href":"https:\/\/az.f-chain.com\/az\/wp-json\/wp\/v2\/types\/page"}],"author":[{"embeddable":true,"href":"https:\/\/az.f-chain.com\/az\/wp-json\/wp\/v2\/users\/1"}],"replies":[{"embeddable":true,"href":"https:\/\/az.f-chain.com\/az\/wp-json\/wp\/v2\/comments?post=18936"}],"version-history":[{"count":1,"href":"https:\/\/az.f-chain.com\/az\/wp-json\/wp\/v2\/pages\/18936\/revisions"}],"predecessor-version":[{"id":19404,"href":"https:\/\/az.f-chain.com\/az\/wp-json\/wp\/v2\/pages\/18936\/revisions\/19404"}],"up":[{"embeddable":true,"href":"https:\/\/az.f-chain.com\/az\/wp-json\/wp\/v2\/pages\/18933"}],"wp:attachment":[{"href":"https:\/\/az.f-chain.com\/az\/wp-json\/wp\/v2\/media?parent=18936"}],"curies":[{"name":"wp","href":"https:\/\/api.w.org\/{rel}","templated":true}]}}