{"id":18935,"date":"2018-07-17T17:35:30","date_gmt":"2018-07-17T13:35:30","guid":{"rendered":"https:\/\/az.f-chain.com\/?page_id=18460"},"modified":"2021-09-23T09:07:55","modified_gmt":"2021-09-23T06:07:55","slug":"insan-resurslarai-uzr%c9%99-audit","status":"publish","type":"page","link":"https:\/\/az.f-chain.com\/az\/insan-resurslarinin-idar%c9%99-olunmasi-xidm%c9%99tl%c9%99ri\/insan-resurslarai-uzr%c9%99-audit\/","title":{"rendered":"\u0130nsan Resurslar\u0131 \u00fczr\u0259 audit"},"content":{"rendered":"<div class=\"wpb-content-wrapper\"><p>[vc_row equal_height=&#8221;yes&#8221; css_animation=&#8221;fadeInUp&#8221;][vc_column][vc_column_text]<\/p>\n<h1>\u0130nsan Resurslar\u0131 \u00fczr\u0259 audit<\/h1>\n<p>[\/vc_column_text][vc_column_text]\u0130nsan Resurslar\u0131 sah\u0259sind\u0259 apar\u0131lan auditor yoxlamalar\u0131 \u0130nsan Resurslar\u0131 funksiyas\u0131n\u0131n konkret t\u0259cr\u00fcb\u0259 sah\u0259l\u0259rinin v\u0259 ya prosesl\u0259rinin adekvat, h\u00fcquqi v\u0259 effektiv xarakter da\u015f\u0131y\u0131b-da\u015f\u0131mad\u0131\u011f\u0131n\u0131 m\u00fc\u0259yy\u0259n etm\u0259y\u0259 imkan verir. Bu icmaldan \u0259ld\u0259 olunan n\u0259tic\u0259l\u0259r \u0130nsan Resurslar\u0131 t\u0259cr\u00fcb\u0259sind\u0259 yaranan bo\u015fluqlar\u0131 a\u015fkar etm\u0259y\u0259 yard\u0131m\u00e7\u0131 ola bil\u0259r. \u0130nsan Resurslar\u0131 \u015f\u00f6b\u0259si m\u0259hk\u0259m\u0259 m\u00fcbahis\u0259si v\u0259 ya qaydalar\u0131n pozulmas\u0131 kimi hallar\u0131 minimuma endirm\u0259k, habel\u0259 \u0130nsan Resurslar\u0131n\u0131n \u0259sas t\u0259cr\u00fcb\u0259 sah\u0259l\u0259rind\u0259 d\u00fcnya s\u0259viyy\u0259li r\u0259qab\u0259t qabiliyy\u0259tin\u0259 nail olmaq v\u0259 onu qoruyub saxlamaq \u00fc\u00e7\u00fcn h\u0259min bo\u015fluqlar\u0131n aradan qald\u0131r\u0131lmas\u0131n\u0131 prioritet m\u0259s\u0259l\u0259 kimi m\u00fc\u0259yy\u0259n ed\u0259 bil\u0259r.[\/vc_column_text][\/vc_column][\/vc_row][vc_row equal_height=&#8221;yes&#8221; content_placement=&#8221;middle&#8221; css_animation=&#8221;fadeInUp&#8221; css=&#8221;.vc_custom_1632377166851{margin-bottom: 0px !important;background-color: #f6f6f6 !important;}&#8221;][vc_column width=&#8221;1\/2&#8243;][vc_column_text]\u018fks\u0259r hallarda auditor yoxlamalar\u0131 h\u00fcquqi risk sah\u0259l\u0259rini m\u00fc\u0259yy\u0259n etm\u0259kl\u0259 yana\u015f\u0131, \u015firk\u0259t\u0259 onun \u0130nsan Resurslar\u0131 strategiyas\u0131n\u0131n r\u0259qab\u0259t\u0259davaml\u0131l\u0131\u011f\u0131 haqq\u0131nda m\u0259lumat verir, bu sah\u0259d\u0259 f\u0259aliyy\u0259t g\u00f6st\u0259r\u0259n dig\u0259r i\u015f\u0259g\u00f6t\u00fcr\u0259nl\u0259rin qabaqc\u0131l t\u0259cr\u00fcb\u0259l\u0259rini v\u0259 ya \u0130nsan Resurslar\u0131 sah\u0259sind\u0259 biznes t\u0259r\u0259fda\u015flar\u0131 qismind\u0259 at\u0131lan add\u0131mlar\u0131 ara\u015fd\u0131r\u0131r. \u018fslind\u0259, \u0130nsan Resurslar\u0131 sah\u0259sind\u0259 apar\u0131lan auditor yoxlamalar\u0131 probleml\u0259ri a\u015fkar etm\u0259k v\u0259 idar\u0259olunmaz h\u0259dd\u0259 \u00e7atmam\u0131\u015fdan \u0259vv\u0259l onlar\u0131 h\u0259ll etm\u0259k m\u0259qs\u0259di da\u015f\u0131y\u0131r. Bu tipli yoxlamalar t\u0259\u015fkilat\u0131n do\u011fru add\u0131mlar\u0131n\u0131 qiym\u0259tl\u0259ndirm\u0259k, habel\u0259 ayr\u0131-ayr\u0131 i\u015fl\u0259ri f\u0259rqli \u015f\u0259kild\u0259, daha effektiv qaydada v\u0259 ya az x\u0259rcl\u0259 yerin\u0259 yetirm\u0259yin yolunu m\u00fc\u0259yy\u0259n etm\u0259k imkan\u0131 verir.<\/p>\n<p><strong>Ekspertl\u0259rd\u0259n ibar\u0259t komandam\u0131z a\u015fa\u011f\u0131dak\u0131 audit n\u00f6vl\u0259rini t\u0259klif edir:<\/strong><\/p>\n<p>\u0130nsan Resurslar\u0131n\u0131n auditi vaxt, b\u00fcdc\u0259 v\u0259 personal m\u0259hdudiyy\u0259ti n\u0259z\u0259r\u0259 al\u0131nmaqla, h\u0259rt\u0259r\u0259fli v\u0259 ya konkret istiqam\u0259t\u0259 y\u00f6n\u0259ldilmi\u015f \u015f\u0259kild\u0259 t\u0259\u015fkil oluna bil\u0259r. M\u00fcxt\u0259lif audit n\u00f6vl\u0259ri m\u00f6vcuddur. Onlar\u0131n h\u0259r biri ayr\u0131-ayr\u0131 m\u0259qs\u0259dl\u0259r\u0259 nail olmaq \u00fc\u00e7\u00fcn n\u0259z\u0259rd\u0259 tutulur. \u018fn geni\u015f yay\u0131lm\u0131\u015f n\u00f6vl\u0259rin b\u0259zil\u0259rin\u0259 n\u0259z\u0259r salaq:<\/p>\n<ul class=\"ul-gray\">\n<li><strong>Uy\u011funluq.<\/strong>\u00a0T\u0259\u015fkilat\u0131n q\u00fcvv\u0259d\u0259 olan yerli qanunvericiliy\u0259 n\u0259 d\u0259r\u0259c\u0259d\u0259 riay\u0259t etdiyini m\u00fc\u0259yy\u0259n edir.<\/li>\n<li><strong>Qabaqc\u0131l t\u0259cr\u00fcb\u0259l\u0259r.<\/strong>\u00a0T\u0259\u015fkilat\u0131n t\u0259cr\u00fcb\u0259l\u0259rini \u0130nsan Resurslar\u0131 sah\u0259sind\u0259 m\u00f6vcud olan d\u00fcnya s\u0259viyy\u0259li qabaqc\u0131l t\u0259cr\u00fcb\u0259l\u0259r v\u0259 m\u00fcasir tendensiyalar il\u0259 m\u00fcqayis\u0259 etm\u0259kl\u0259, r\u0259qab\u0259t \u00fcst\u00fcnl\u00fcy\u00fcn\u00fc qoruyub saxlamaqda v\u0259 yax\u015f\u0131la\u015fd\u0131rmaqda t\u0259\u015fkilata yard\u0131m\u00e7\u0131 olur.<\/li>\n<li><strong>Strateji xarakterli.<\/strong>\u00a0\u0130nsan Resurslar\u0131 strategiyalar\u0131n\u0131n Biznes Strategiyas\u0131 il\u0259 uy\u011funluq t\u0259\u015fkil edib-etm\u0259diyini m\u00fc\u0259yy\u0259n etm\u0259k \u00fc\u00e7\u00fcn sisteml\u0259rin v\u0259 prosesl\u0259rin g\u00fccl\u00fc v\u0259 z\u0259if t\u0259r\u0259fl\u0259rini a\u015fkar edir, habel\u0259 \u00fcf\u00fcqi v\u0259 \u015faquli inteqrasiyan\u0131n m\u00fcv\u0259ff\u0259qiyy\u0259t s\u0259viyy\u0259sini qiym\u0259tl\u0259ndirir.<\/li>\n<li><strong>Funksional-spesifik xarakterli.<\/strong>\u00a0\u0130nsan Resurslar\u0131 funksiyas\u0131nda konkret sah\u0259y\u0259 istiqam\u0259tl\u0259nir (m\u0259s\u0259l\u0259n, t\u0259hsil v\u0259 ixtisas\u0131n art\u0131r\u0131lmas\u0131, \u0259m\u0259k haqq\u0131n\u0131n hesablanmas\u0131, f\u0259aliyy\u0259tin effektivliyinin idar\u0259 edilm\u0259si v\u0259 s).<\/li>\n<\/ul>\n<p>[\/vc_column_text][\/vc_column][vc_column width=&#8221;1\/2&#8243;][vc_single_image image=&#8221;19364&#8243; img_size=&#8221;full&#8221;][\/vc_column][\/vc_row][vc_row content_placement=&#8221;middle&#8221; css_animation=&#8221;fadeInUp&#8221;][vc_column width=&#8221;1\/2&#8243;][vc_single_image image=&#8221;19367&#8243; img_size=&#8221;full&#8221;][\/vc_column][vc_column width=&#8221;1\/2&#8243;][vc_column_text]<\/p>\n<h3><strong>T\u0259klif etdiyimiz \u0130nsan Resurslar\u0131 Auditi<\/strong> yeddi \u0259sas add\u0131m\u0131 \u00f6z\u00fcnd\u0259 ehtiva edir ki, M\u00fc\u015ft\u0259ri il\u0259 onlar\u0131n h\u0259r biri bar\u0259sind\u0259 \u0259vv\u0259lc\u0259d\u0259n m\u00fczakir\u0259 apar\u0131l\u0131r.<\/h3>\n<ul class=\"ul-gray\">\n<li>Auditin \u0259hat\u0259 dair\u0259sinin v\u0259 n\u00f6v\u00fcn\u00fcn m\u00fc\u0259yy\u0259n edilm\u0259si,<\/li>\n<li>Audit \u00fc\u00e7\u00fcn sor\u011fu v\u0259 yoxlama siyah\u0131s\u0131n\u0131n (siyah\u0131lar\u0131n\u0131n) i\u015fl\u0259nib haz\u0131rlanmas\u0131,<\/li>\n<li>M\u0259lumatlar\u0131n toplanmas\u0131,<\/li>\n<li>\u018fld\u0259 olunmu\u015f n\u0259tic\u0259l\u0259rin m\u00fcqayis\u0259li t\u0259hlili v\u0259 analizi,<br \/>\nN\u0259tic\u0259l\u0259r haqq\u0131nda \u0259ks-\u0259laq\u0259nin hesabat formas\u0131nda t\u0259qdim edilm\u0259si,<\/li>\n<li>T\u00f6vsiy\u0259l\u0259r \u00fczr\u0259 hesabat\u0131n t\u0259qdim olunmas\u0131 v\u0259 ya inki\u015fafa dair t\u0259dbirl\u0259r plan\u0131n\u0131n i\u015fl\u0259nib haz\u0131rlanmas\u0131,<\/li>\n<li>Davaml\u0131 inki\u015faf \u00fc\u00e7\u00fcn \u0259lveri\u015fli \u015f\u0259rait yaratmaq.<\/li>\n<\/ul>\n<p>M\u00fc\u015ft\u0259rinin ist\u0259yind\u0259n as\u0131l\u0131 olaraq, \u0130nsan Resurslar\u0131 Auditi il\u0259 \u0259laq\u0259dar yuxar\u0131da sadalanan yeddi add\u0131m\u0131n ham\u0131s\u0131n\u0131 v\u0259 ya bir ne\u00e7\u0259sini se\u00e7m\u0259k m\u00fcmk\u00fcnd\u00fcr.[\/vc_column_text][\/vc_column][\/vc_row]<\/p>\n<\/div>","protected":false},"excerpt":{"rendered":"<p>[vc_row equal_height=&#8221;yes&#8221; css_animation=&#8221;fadeInUp&#8221;][vc_column][vc_column_text] \u0130nsan Resurslar\u0131 \u00fczr\u0259 audit [\/vc_column_text][vc_column_text]\u0130nsan Resurslar\u0131 sah\u0259sind\u0259 apar\u0131lan auditor yoxlamalar\u0131 \u0130nsan Resurslar\u0131 funksiyas\u0131n\u0131n konkret t\u0259cr\u00fcb\u0259 sah\u0259l\u0259rinin v\u0259 ya prosesl\u0259rinin adekvat, h\u00fcquqi v\u0259 effektiv xarakter da\u015f\u0131y\u0131b-da\u015f\u0131mad\u0131\u011f\u0131n\u0131 m\u00fc\u0259yy\u0259n etm\u0259y\u0259 imkan verir. Bu icmaldan \u0259ld\u0259 olunan n\u0259tic\u0259l\u0259r \u0130nsan Resurslar\u0131 t\u0259cr\u00fcb\u0259sind\u0259 yaranan bo\u015fluqlar\u0131 a\u015fkar etm\u0259y\u0259 yard\u0131m\u00e7\u0131 ola bil\u0259r. \u0130nsan Resurslar\u0131 \u015f\u00f6b\u0259si m\u0259hk\u0259m\u0259 m\u00fcbahis\u0259si v\u0259 ya qaydalar\u0131n<\/p>\n","protected":false},"author":1,"featured_media":0,"parent":18933,"menu_order":0,"comment_status":"closed","ping_status":"closed","template":"","meta":{"_acf_changed":false,"footnotes":""},"class_list":["post-18935","page","type-page","status-publish","hentry"],"acf":[],"yoast_head":"<!-- This site is optimized with the Yoast SEO plugin v27.3 - https:\/\/yoast.com\/product\/yoast-seo-wordpress\/ -->\n<title>\u0130nsan Resurslar\u0131 \u00fczr\u0259 audit - FChain<\/title>\n<meta name=\"description\" content=\"\u0130nsan Resurslar\u0131 sah\u0259sind\u0259 apar\u0131lan auditor yoxlamalar\u0131 \u0130nsan Resurslar\u0131 funksiyas\u0131n\u0131n konkret t\u0259cr\u00fcb\u0259 sah\u0259l\u0259rinin v\u0259 ya prosesl\u0259rinin adekvat, h\u00fcquqi v\u0259...\" \/>\n<meta name=\"robots\" content=\"index, follow, max-snippet:-1, max-image-preview:large, max-video-preview:-1\" \/>\n<link rel=\"canonical\" href=\"https:\/\/az.f-chain.com\/az\/insan-resurslarinin-idar\u0259-olunmasi-xidm\u0259tl\u0259ri\/insan-resurslarai-uzr\u0259-audit\/\" \/>\n<meta property=\"og:locale\" content=\"az_AZ\" \/>\n<meta property=\"og:type\" content=\"article\" \/>\n<meta property=\"og:title\" content=\"\u0130nsan Resurslar\u0131 \u00fczr\u0259 audit - FChain\" \/>\n<meta property=\"og:description\" content=\"\u0130nsan Resurslar\u0131 sah\u0259sind\u0259 apar\u0131lan auditor yoxlamalar\u0131 \u0130nsan Resurslar\u0131 funksiyas\u0131n\u0131n konkret t\u0259cr\u00fcb\u0259 sah\u0259l\u0259rinin v\u0259 ya prosesl\u0259rinin adekvat, h\u00fcquqi v\u0259...\" \/>\n<meta property=\"og:url\" content=\"https:\/\/az.f-chain.com\/az\/insan-resurslarinin-idar\u0259-olunmasi-xidm\u0259tl\u0259ri\/insan-resurslarai-uzr\u0259-audit\/\" \/>\n<meta property=\"og:site_name\" content=\"FChain\" \/>\n<meta property=\"article:modified_time\" content=\"2021-09-23T06:07:55+00:00\" \/>\n<meta name=\"twitter:card\" content=\"summary_large_image\" \/>\n<script type=\"application\/ld+json\" class=\"yoast-schema-graph\">{\"@context\":\"https:\\\/\\\/schema.org\",\"@graph\":[{\"@type\":\"WebPage\",\"@id\":\"https:\\\/\\\/az.f-chain.com\\\/az\\\/insan-resurslarinin-idar%c9%99-olunmasi-xidm%c9%99tl%c9%99ri\\\/insan-resurslarai-uzr%c9%99-audit\\\/\",\"url\":\"https:\\\/\\\/az.f-chain.com\\\/az\\\/insan-resurslarinin-idar%c9%99-olunmasi-xidm%c9%99tl%c9%99ri\\\/insan-resurslarai-uzr%c9%99-audit\\\/\",\"name\":\"\u0130nsan Resurslar\u0131 \u00fczr\u0259 audit - FChain\",\"isPartOf\":{\"@id\":\"https:\\\/\\\/az.f-chain.com\\\/#website\"},\"datePublished\":\"2018-07-17T13:35:30+00:00\",\"dateModified\":\"2021-09-23T06:07:55+00:00\",\"description\":\"\u0130nsan Resurslar\u0131 sah\u0259sind\u0259 apar\u0131lan auditor yoxlamalar\u0131 \u0130nsan Resurslar\u0131 funksiyas\u0131n\u0131n konkret t\u0259cr\u00fcb\u0259 sah\u0259l\u0259rinin v\u0259 ya prosesl\u0259rinin adekvat, h\u00fcquqi v\u0259...\",\"breadcrumb\":{\"@id\":\"https:\\\/\\\/az.f-chain.com\\\/az\\\/insan-resurslarinin-idar%c9%99-olunmasi-xidm%c9%99tl%c9%99ri\\\/insan-resurslarai-uzr%c9%99-audit\\\/#breadcrumb\"},\"inLanguage\":\"az\",\"potentialAction\":[{\"@type\":\"ReadAction\",\"target\":[\"https:\\\/\\\/az.f-chain.com\\\/az\\\/insan-resurslarinin-idar%c9%99-olunmasi-xidm%c9%99tl%c9%99ri\\\/insan-resurslarai-uzr%c9%99-audit\\\/\"]}]},{\"@type\":\"BreadcrumbList\",\"@id\":\"https:\\\/\\\/az.f-chain.com\\\/az\\\/insan-resurslarinin-idar%c9%99-olunmasi-xidm%c9%99tl%c9%99ri\\\/insan-resurslarai-uzr%c9%99-audit\\\/#breadcrumb\",\"itemListElement\":[{\"@type\":\"ListItem\",\"position\":1,\"name\":\"Home\",\"item\":\"https:\\\/\\\/az.f-chain.com\\\/az\\\/\"},{\"@type\":\"ListItem\",\"position\":2,\"name\":\"\u0130nsan Resurslar\u0131n u\u00e7otu\",\"item\":\"https:\\\/\\\/az.f-chain.com\\\/az\\\/insan-resurslarinin-idar%c9%99-olunmasi-xidm%c9%99tl%c9%99ri\\\/\"},{\"@type\":\"ListItem\",\"position\":3,\"name\":\"\u0130nsan Resurslar\u0131 \u00fczr\u0259 audit\"}]},{\"@type\":\"WebSite\",\"@id\":\"https:\\\/\\\/az.f-chain.com\\\/#website\",\"url\":\"https:\\\/\\\/az.f-chain.com\\\/\",\"name\":\"FChain\",\"description\":\"Azerbaijan\",\"potentialAction\":[{\"@type\":\"SearchAction\",\"target\":{\"@type\":\"EntryPoint\",\"urlTemplate\":\"https:\\\/\\\/az.f-chain.com\\\/?s={search_term_string}\"},\"query-input\":{\"@type\":\"PropertyValueSpecification\",\"valueRequired\":true,\"valueName\":\"search_term_string\"}}],\"inLanguage\":\"az\"}]}<\/script>\n<!-- \/ Yoast SEO plugin. -->","yoast_head_json":{"title":"\u0130nsan Resurslar\u0131 \u00fczr\u0259 audit - FChain","description":"\u0130nsan Resurslar\u0131 sah\u0259sind\u0259 apar\u0131lan auditor yoxlamalar\u0131 \u0130nsan Resurslar\u0131 funksiyas\u0131n\u0131n konkret t\u0259cr\u00fcb\u0259 sah\u0259l\u0259rinin v\u0259 ya prosesl\u0259rinin adekvat, h\u00fcquqi v\u0259...","robots":{"index":"index","follow":"follow","max-snippet":"max-snippet:-1","max-image-preview":"max-image-preview:large","max-video-preview":"max-video-preview:-1"},"canonical":"https:\/\/az.f-chain.com\/az\/insan-resurslarinin-idar\u0259-olunmasi-xidm\u0259tl\u0259ri\/insan-resurslarai-uzr\u0259-audit\/","og_locale":"az_AZ","og_type":"article","og_title":"\u0130nsan Resurslar\u0131 \u00fczr\u0259 audit - FChain","og_description":"\u0130nsan Resurslar\u0131 sah\u0259sind\u0259 apar\u0131lan auditor yoxlamalar\u0131 \u0130nsan Resurslar\u0131 funksiyas\u0131n\u0131n konkret t\u0259cr\u00fcb\u0259 sah\u0259l\u0259rinin v\u0259 ya prosesl\u0259rinin adekvat, h\u00fcquqi v\u0259...","og_url":"https:\/\/az.f-chain.com\/az\/insan-resurslarinin-idar\u0259-olunmasi-xidm\u0259tl\u0259ri\/insan-resurslarai-uzr\u0259-audit\/","og_site_name":"FChain","article_modified_time":"2021-09-23T06:07:55+00:00","twitter_card":"summary_large_image","schema":{"@context":"https:\/\/schema.org","@graph":[{"@type":"WebPage","@id":"https:\/\/az.f-chain.com\/az\/insan-resurslarinin-idar%c9%99-olunmasi-xidm%c9%99tl%c9%99ri\/insan-resurslarai-uzr%c9%99-audit\/","url":"https:\/\/az.f-chain.com\/az\/insan-resurslarinin-idar%c9%99-olunmasi-xidm%c9%99tl%c9%99ri\/insan-resurslarai-uzr%c9%99-audit\/","name":"\u0130nsan Resurslar\u0131 \u00fczr\u0259 audit - FChain","isPartOf":{"@id":"https:\/\/az.f-chain.com\/#website"},"datePublished":"2018-07-17T13:35:30+00:00","dateModified":"2021-09-23T06:07:55+00:00","description":"\u0130nsan Resurslar\u0131 sah\u0259sind\u0259 apar\u0131lan auditor yoxlamalar\u0131 \u0130nsan Resurslar\u0131 funksiyas\u0131n\u0131n konkret t\u0259cr\u00fcb\u0259 sah\u0259l\u0259rinin v\u0259 ya prosesl\u0259rinin adekvat, h\u00fcquqi v\u0259...","breadcrumb":{"@id":"https:\/\/az.f-chain.com\/az\/insan-resurslarinin-idar%c9%99-olunmasi-xidm%c9%99tl%c9%99ri\/insan-resurslarai-uzr%c9%99-audit\/#breadcrumb"},"inLanguage":"az","potentialAction":[{"@type":"ReadAction","target":["https:\/\/az.f-chain.com\/az\/insan-resurslarinin-idar%c9%99-olunmasi-xidm%c9%99tl%c9%99ri\/insan-resurslarai-uzr%c9%99-audit\/"]}]},{"@type":"BreadcrumbList","@id":"https:\/\/az.f-chain.com\/az\/insan-resurslarinin-idar%c9%99-olunmasi-xidm%c9%99tl%c9%99ri\/insan-resurslarai-uzr%c9%99-audit\/#breadcrumb","itemListElement":[{"@type":"ListItem","position":1,"name":"Home","item":"https:\/\/az.f-chain.com\/az\/"},{"@type":"ListItem","position":2,"name":"\u0130nsan Resurslar\u0131n u\u00e7otu","item":"https:\/\/az.f-chain.com\/az\/insan-resurslarinin-idar%c9%99-olunmasi-xidm%c9%99tl%c9%99ri\/"},{"@type":"ListItem","position":3,"name":"\u0130nsan Resurslar\u0131 \u00fczr\u0259 audit"}]},{"@type":"WebSite","@id":"https:\/\/az.f-chain.com\/#website","url":"https:\/\/az.f-chain.com\/","name":"FChain","description":"Azerbaijan","potentialAction":[{"@type":"SearchAction","target":{"@type":"EntryPoint","urlTemplate":"https:\/\/az.f-chain.com\/?s={search_term_string}"},"query-input":{"@type":"PropertyValueSpecification","valueRequired":true,"valueName":"search_term_string"}}],"inLanguage":"az"}]}},"_links":{"self":[{"href":"https:\/\/az.f-chain.com\/az\/wp-json\/wp\/v2\/pages\/18935","targetHints":{"allow":["GET"]}}],"collection":[{"href":"https:\/\/az.f-chain.com\/az\/wp-json\/wp\/v2\/pages"}],"about":[{"href":"https:\/\/az.f-chain.com\/az\/wp-json\/wp\/v2\/types\/page"}],"author":[{"embeddable":true,"href":"https:\/\/az.f-chain.com\/az\/wp-json\/wp\/v2\/users\/1"}],"replies":[{"embeddable":true,"href":"https:\/\/az.f-chain.com\/az\/wp-json\/wp\/v2\/comments?post=18935"}],"version-history":[{"count":2,"href":"https:\/\/az.f-chain.com\/az\/wp-json\/wp\/v2\/pages\/18935\/revisions"}],"predecessor-version":[{"id":19374,"href":"https:\/\/az.f-chain.com\/az\/wp-json\/wp\/v2\/pages\/18935\/revisions\/19374"}],"up":[{"embeddable":true,"href":"https:\/\/az.f-chain.com\/az\/wp-json\/wp\/v2\/pages\/18933"}],"wp:attachment":[{"href":"https:\/\/az.f-chain.com\/az\/wp-json\/wp\/v2\/media?parent=18935"}],"curies":[{"name":"wp","href":"https:\/\/api.w.org\/{rel}","templated":true}]}}