{"id":18933,"date":"2018-07-17T14:32:00","date_gmt":"2018-07-17T10:32:00","guid":{"rendered":"https:\/\/az.f-chain.com\/?page_id=18441"},"modified":"2023-06-14T16:19:10","modified_gmt":"2023-06-14T13:19:10","slug":"insan-resurslarinin-idar%c9%99-olunmasi-xidm%c9%99tl%c9%99ri","status":"publish","type":"page","link":"https:\/\/az.f-chain.com\/az\/insan-resurslarinin-idar%c9%99-olunmasi-xidm%c9%99tl%c9%99ri\/","title":{"rendered":"\u0130nsan Resurslar\u0131n u\u00e7otu"},"content":{"rendered":"<div class=\"wpb-content-wrapper\"><p>[vc_row equal_height=&#8221;yes&#8221; css_animation=&#8221;fadeInUp&#8221;][vc_column][vc_column_text]<\/p>\n<h1>\u0130nsan Resurslar\u0131n u\u00e7otu<\/h1>\n<p>[\/vc_column_text][vc_column_text]FCHA\u0130N-nin \u201c\u0130R \u00fczr\u0259 \u0130nnovativ H\u0259ll\u0259r\u201d \u00a0M\u0259rk\u0259zi<\/p>\n<p>Ekspertl\u0259r komandam\u0131z \u0130nsan Resurslar\u0131n\u0131n \u0130dar\u0259 olunmas\u0131, T\u0259\u015fkilati \u0130nki\u015faf v\u0259 Dizayn sah\u0259sind\u0259 akkredit\u0259 olunmu\u015f v\u0259 sertifikatla\u015fm\u0131\u015f t\u0259cr\u00fcb\u0259li m\u00fct\u0259x\u0259ssisl\u0259rd\u0259n ibar\u0259tdir ki, \u00a0 onlar\u0131n on be\u015f ild\u0259n art\u0131q praktik t\u0259cr\u00fcb\u0259si v\u0259 f\u0259aliyy\u0259ti y\u00fcks\u0259k Pe\u015f\u0259karl\u0131q, D\u00fcr\u00fcstl\u00fck v\u0259 Biznes Etika standartlar\u0131 il\u0259 m\u00fc\u015fahid\u0259 olunmu\u015fdur<\/p>\n<p>M\u00fck\u0259mm\u0259lliyi h\u0259d\u0259f ald\u0131\u011f\u0131m\u0131zdan, i\u015fimiz\u0259 \u0259h\u0259miyy\u0259tli d\u0259r\u0259c\u0259d\u0259 t\u0259sir g\u00f6st\u0259r\u0259n v\u0259 r\u0259qab\u0259t \u00fcst\u00fcnl\u00fcy\u00fcm\u00fcz\u00fc qoruyub saxlama\u011fa imkan ver\u0259n\u00a0 Daxili Keyfiyy\u0259t\u0259 N\u0259zar\u0259t sistemin\u0259 sahibik.[\/vc_column_text][\/vc_column][\/vc_row][vc_row equal_height=&#8221;yes&#8221; content_placement=&#8221;middle&#8221; css_animation=&#8221;fadeInUp&#8221; css=&#8221;.vc_custom_1632376681402{margin-bottom: 0px !important;background-color: #f6f6f6 !important;}&#8221;][vc_column width=&#8221;1\/2&#8243;][vc_column_text]Davaml\u0131 inki\u015faf v\u0259m\u00fctamadi d\u0259y\u0259rl\u0259ndirm\u0259l\u0259r kimi yana\u015fmam\u0131z biz\u0259, i\u015fimizin keyfiyy\u0259tini daim \u00f6l\u00e7m\u0259k v\u0259 yaln\u0131z icra ed\u0259 bil\u0259c\u0259yimiz q\u0259d\u0259r s\u00f6z verm\u0259k imkan\u0131n\u0131 t\u0259min edir<\/p>\n<p>Biz h\u0259r bir m\u00fc\u015ft\u0259rimiz\u0259 \u00f6n\u0259m veririk. Biz h\u0259r bir m\u00fc\u015ft\u0259riy\u0259 f\u0259rdi yana\u015f\u0131r v\u0259 h\u0259r hans\u0131 bir h\u0259lli t\u0259klif etm\u0259zd\u0259n \u0259vv\u0259l onlar\u0131n f\u0259aliyy\u0259tininx\u00fcsusiyy\u0259tl\u0259rini diqq\u0259tl\u0259 \u00f6yr\u0259nirik. Bu, biz\u0259 bilik v\u0259 t\u0259cr\u00fcb\u0259mizi konkret bir \u015firk\u0259tin x\u00fcsusiyy\u0259tl\u0259rin\u0259 v\u0259 ehtiyaclar\u0131na uy\u011funla\u015fd\u0131raraqonlar \u00fc\u00e7\u00fcn f\u0259rdi v\u0259 ekskl\u00fcziv m\u0259hsul yaratma\u011fa imkan verir.<\/p>\n<p>Biz \u0259m\u0259kda\u015fl\u0131\u011f\u0131m\u0131zdan \u0259vv\u0259l, sonra v\u0259 \u0259m\u0259kda\u015fl\u0131\u011f\u0131m\u0131z zaman\u0131 m\u00fc\u015ft\u0259ril\u0259rimizin m\u0259xfiliyin\u0259 v\u0259 informasiya t\u0259hl\u00fck\u0259sizliyin\u0259 t\u0259minat veririk[\/vc_column_text][\/vc_column][vc_column width=&#8221;1\/2&#8243;][vc_single_image image=&#8221;19352&#8243; img_size=&#8221;full&#8221; alignment=&#8221;center&#8221;][\/vc_column][\/vc_row]<\/p>\n<\/div>","protected":false},"excerpt":{"rendered":"<p>[vc_row equal_height=&#8221;yes&#8221; css_animation=&#8221;fadeInUp&#8221;][vc_column][vc_column_text] \u0130nsan Resurslar\u0131n u\u00e7otu [\/vc_column_text][vc_column_text]FCHA\u0130N-nin \u201c\u0130R \u00fczr\u0259 \u0130nnovativ H\u0259ll\u0259r\u201d \u00a0M\u0259rk\u0259zi Ekspertl\u0259r komandam\u0131z \u0130nsan Resurslar\u0131n\u0131n \u0130dar\u0259 olunmas\u0131, T\u0259\u015fkilati \u0130nki\u015faf v\u0259 Dizayn sah\u0259sind\u0259 akkredit\u0259 olunmu\u015f v\u0259 sertifikatla\u015fm\u0131\u015f t\u0259cr\u00fcb\u0259li m\u00fct\u0259x\u0259ssisl\u0259rd\u0259n ibar\u0259tdir ki, \u00a0 onlar\u0131n on be\u015f ild\u0259n art\u0131q praktik t\u0259cr\u00fcb\u0259si v\u0259 f\u0259aliyy\u0259ti y\u00fcks\u0259k Pe\u015f\u0259karl\u0131q, D\u00fcr\u00fcstl\u00fck v\u0259 Biznes Etika standartlar\u0131 il\u0259 m\u00fc\u015fahid\u0259 olunmu\u015fdur M\u00fck\u0259mm\u0259lliyi h\u0259d\u0259f ald\u0131\u011f\u0131m\u0131zdan, i\u015fimiz\u0259<\/p>\n","protected":false},"author":1,"featured_media":0,"parent":0,"menu_order":0,"comment_status":"closed","ping_status":"closed","template":"","meta":{"_acf_changed":false,"footnotes":""},"class_list":["post-18933","page","type-page","status-publish","hentry"],"acf":[],"yoast_head":"<!-- This site is optimized with the Yoast SEO plugin v27.3 - https:\/\/yoast.com\/product\/yoast-seo-wordpress\/ -->\n<title>\u0130nsan Resurslar\u0131n u\u00e7otu<\/title>\n<meta name=\"description\" content=\"FCHA\u0130N-nin \u201c\u0130R \u00fczr\u0259 \u0130nnovativ H\u0259ll\u0259r\u201d \u00a0M\u0259rk\u0259zi\" \/>\n<meta name=\"robots\" content=\"index, follow, max-snippet:-1, max-image-preview:large, max-video-preview:-1\" \/>\n<link rel=\"canonical\" href=\"https:\/\/az.f-chain.com\/az\/insan-resurslarinin-idar\u0259-olunmasi-xidm\u0259tl\u0259ri\/\" \/>\n<meta property=\"og:locale\" content=\"az_AZ\" \/>\n<meta property=\"og:type\" content=\"article\" \/>\n<meta property=\"og:title\" content=\"\u0130nsan Resurslar\u0131n u\u00e7otu\" \/>\n<meta property=\"og:description\" content=\"FCHA\u0130N-nin \u201c\u0130R \u00fczr\u0259 \u0130nnovativ H\u0259ll\u0259r\u201d \u00a0M\u0259rk\u0259zi\" \/>\n<meta property=\"og:url\" content=\"https:\/\/az.f-chain.com\/az\/insan-resurslarinin-idar\u0259-olunmasi-xidm\u0259tl\u0259ri\/\" \/>\n<meta property=\"og:site_name\" content=\"FChain\" \/>\n<meta property=\"article:modified_time\" content=\"2023-06-14T13:19:10+00:00\" \/>\n<meta name=\"twitter:card\" content=\"summary_large_image\" \/>\n<script type=\"application\/ld+json\" class=\"yoast-schema-graph\">{\"@context\":\"https:\\\/\\\/schema.org\",\"@graph\":[{\"@type\":\"WebPage\",\"@id\":\"https:\\\/\\\/az.f-chain.com\\\/az\\\/insan-resurslarinin-idar%c9%99-olunmasi-xidm%c9%99tl%c9%99ri\\\/\",\"url\":\"https:\\\/\\\/az.f-chain.com\\\/az\\\/insan-resurslarinin-idar%c9%99-olunmasi-xidm%c9%99tl%c9%99ri\\\/\",\"name\":\"\u0130nsan Resurslar\u0131n u\u00e7otu\",\"isPartOf\":{\"@id\":\"https:\\\/\\\/az.f-chain.com\\\/#website\"},\"datePublished\":\"2018-07-17T10:32:00+00:00\",\"dateModified\":\"2023-06-14T13:19:10+00:00\",\"description\":\"FCHA\u0130N-nin \u201c\u0130R \u00fczr\u0259 \u0130nnovativ H\u0259ll\u0259r\u201d \u00a0M\u0259rk\u0259zi\",\"breadcrumb\":{\"@id\":\"https:\\\/\\\/az.f-chain.com\\\/az\\\/insan-resurslarinin-idar%c9%99-olunmasi-xidm%c9%99tl%c9%99ri\\\/#breadcrumb\"},\"inLanguage\":\"az\",\"potentialAction\":[{\"@type\":\"ReadAction\",\"target\":[\"https:\\\/\\\/az.f-chain.com\\\/az\\\/insan-resurslarinin-idar%c9%99-olunmasi-xidm%c9%99tl%c9%99ri\\\/\"]}]},{\"@type\":\"BreadcrumbList\",\"@id\":\"https:\\\/\\\/az.f-chain.com\\\/az\\\/insan-resurslarinin-idar%c9%99-olunmasi-xidm%c9%99tl%c9%99ri\\\/#breadcrumb\",\"itemListElement\":[{\"@type\":\"ListItem\",\"position\":1,\"name\":\"Home\",\"item\":\"https:\\\/\\\/az.f-chain.com\\\/az\\\/\"},{\"@type\":\"ListItem\",\"position\":2,\"name\":\"\u0130nsan Resurslar\u0131n u\u00e7otu\"}]},{\"@type\":\"WebSite\",\"@id\":\"https:\\\/\\\/az.f-chain.com\\\/#website\",\"url\":\"https:\\\/\\\/az.f-chain.com\\\/\",\"name\":\"FChain\",\"description\":\"Azerbaijan\",\"potentialAction\":[{\"@type\":\"SearchAction\",\"target\":{\"@type\":\"EntryPoint\",\"urlTemplate\":\"https:\\\/\\\/az.f-chain.com\\\/?s={search_term_string}\"},\"query-input\":{\"@type\":\"PropertyValueSpecification\",\"valueRequired\":true,\"valueName\":\"search_term_string\"}}],\"inLanguage\":\"az\"}]}<\/script>\n<!-- \/ Yoast SEO plugin. -->","yoast_head_json":{"title":"\u0130nsan Resurslar\u0131n u\u00e7otu","description":"FCHA\u0130N-nin \u201c\u0130R \u00fczr\u0259 \u0130nnovativ H\u0259ll\u0259r\u201d \u00a0M\u0259rk\u0259zi","robots":{"index":"index","follow":"follow","max-snippet":"max-snippet:-1","max-image-preview":"max-image-preview:large","max-video-preview":"max-video-preview:-1"},"canonical":"https:\/\/az.f-chain.com\/az\/insan-resurslarinin-idar\u0259-olunmasi-xidm\u0259tl\u0259ri\/","og_locale":"az_AZ","og_type":"article","og_title":"\u0130nsan Resurslar\u0131n u\u00e7otu","og_description":"FCHA\u0130N-nin \u201c\u0130R \u00fczr\u0259 \u0130nnovativ H\u0259ll\u0259r\u201d \u00a0M\u0259rk\u0259zi","og_url":"https:\/\/az.f-chain.com\/az\/insan-resurslarinin-idar\u0259-olunmasi-xidm\u0259tl\u0259ri\/","og_site_name":"FChain","article_modified_time":"2023-06-14T13:19:10+00:00","twitter_card":"summary_large_image","schema":{"@context":"https:\/\/schema.org","@graph":[{"@type":"WebPage","@id":"https:\/\/az.f-chain.com\/az\/insan-resurslarinin-idar%c9%99-olunmasi-xidm%c9%99tl%c9%99ri\/","url":"https:\/\/az.f-chain.com\/az\/insan-resurslarinin-idar%c9%99-olunmasi-xidm%c9%99tl%c9%99ri\/","name":"\u0130nsan Resurslar\u0131n u\u00e7otu","isPartOf":{"@id":"https:\/\/az.f-chain.com\/#website"},"datePublished":"2018-07-17T10:32:00+00:00","dateModified":"2023-06-14T13:19:10+00:00","description":"FCHA\u0130N-nin \u201c\u0130R \u00fczr\u0259 \u0130nnovativ H\u0259ll\u0259r\u201d \u00a0M\u0259rk\u0259zi","breadcrumb":{"@id":"https:\/\/az.f-chain.com\/az\/insan-resurslarinin-idar%c9%99-olunmasi-xidm%c9%99tl%c9%99ri\/#breadcrumb"},"inLanguage":"az","potentialAction":[{"@type":"ReadAction","target":["https:\/\/az.f-chain.com\/az\/insan-resurslarinin-idar%c9%99-olunmasi-xidm%c9%99tl%c9%99ri\/"]}]},{"@type":"BreadcrumbList","@id":"https:\/\/az.f-chain.com\/az\/insan-resurslarinin-idar%c9%99-olunmasi-xidm%c9%99tl%c9%99ri\/#breadcrumb","itemListElement":[{"@type":"ListItem","position":1,"name":"Home","item":"https:\/\/az.f-chain.com\/az\/"},{"@type":"ListItem","position":2,"name":"\u0130nsan Resurslar\u0131n u\u00e7otu"}]},{"@type":"WebSite","@id":"https:\/\/az.f-chain.com\/#website","url":"https:\/\/az.f-chain.com\/","name":"FChain","description":"Azerbaijan","potentialAction":[{"@type":"SearchAction","target":{"@type":"EntryPoint","urlTemplate":"https:\/\/az.f-chain.com\/?s={search_term_string}"},"query-input":{"@type":"PropertyValueSpecification","valueRequired":true,"valueName":"search_term_string"}}],"inLanguage":"az"}]}},"_links":{"self":[{"href":"https:\/\/az.f-chain.com\/az\/wp-json\/wp\/v2\/pages\/18933","targetHints":{"allow":["GET"]}}],"collection":[{"href":"https:\/\/az.f-chain.com\/az\/wp-json\/wp\/v2\/pages"}],"about":[{"href":"https:\/\/az.f-chain.com\/az\/wp-json\/wp\/v2\/types\/page"}],"author":[{"embeddable":true,"href":"https:\/\/az.f-chain.com\/az\/wp-json\/wp\/v2\/users\/1"}],"replies":[{"embeddable":true,"href":"https:\/\/az.f-chain.com\/az\/wp-json\/wp\/v2\/comments?post=18933"}],"version-history":[{"count":3,"href":"https:\/\/az.f-chain.com\/az\/wp-json\/wp\/v2\/pages\/18933\/revisions"}],"predecessor-version":[{"id":23463,"href":"https:\/\/az.f-chain.com\/az\/wp-json\/wp\/v2\/pages\/18933\/revisions\/23463"}],"wp:attachment":[{"href":"https:\/\/az.f-chain.com\/az\/wp-json\/wp\/v2\/media?parent=18933"}],"curies":[{"name":"wp","href":"https:\/\/api.w.org\/{rel}","templated":true}]}}