{"id":18907,"date":"2016-03-31T14:01:33","date_gmt":"2016-03-31T09:01:33","guid":{"rendered":"http:\/\/cacs.az\/?page_id=14988"},"modified":"2021-09-23T09:36:47","modified_gmt":"2021-09-23T06:36:47","slug":"rekrutinq-xidm-tl-ri","status":"publish","type":"page","link":"https:\/\/az.f-chain.com\/az\/rekrutinq-xidm-tl-ri\/","title":{"rendered":"Rekrutinq xidm\u0259tl\u0259ri"},"content":{"rendered":"<div class=\"wpb-content-wrapper\"><p>[vc_row equal_height=&#8221;yes&#8221; css_animation=&#8221;fadeInUp&#8221;][vc_column][vc_column_text]<\/p>\n<h1>Rekrutinq xidm\u0259tl\u0259ri<\/h1>\n<p>[\/vc_column_text][vc_column_text]M\u00fct\u0259x\u0259ssisl\u0259rin se\u00e7ilm\u0259sin\u0259 pe\u015f\u0259kar yana\u015fma yaln\u0131z m\u00fc\u0259ssis\u0259nin laz\u0131mi minimum v\u0259zif\u0259l\u0259rinin yerin\u0259 yetirilm\u0259sin\u0259 imkan vermir, h\u0259m d\u0259 r\u0259qibl\u0259r aras\u0131nda daha b\u00f6y\u00fck v\u0259 daha ciddi s\u0259viyy\u0259y\u0259 \u00e7\u0131xmas\u0131na k\u00f6m\u0259k edir. Buna g\u00f6r\u0259 uzuns\u00fcr\u0259n dan\u0131\u015f\u0131qlar\u0131 v\u0259 m\u00f6vcud vakansiyalara uy\u011fun namiz\u0259dl\u0259rin se\u00e7ilm\u0259sini bu sah\u0259nin t\u0259cr\u00fcb\u0259li pe\u015f\u0259karlar\u0131na etibar etm\u0259k daha yax\u015f\u0131d\u0131r<strong>.<\/strong><\/p>\n<p><strong>\u0130\u015f\u0259g\u00f6t\u00fcrm\u0259<\/strong>\u00a0<strong>xidm\u0259tl\u0259ri<\/strong>\u00a0v\u0259 ya \u015firk\u0259t \u00fc\u00e7\u00fcn m\u00fct\u0259x\u0259ssisl\u0259rin\u00a0<strong>kadr se\u00e7imi<\/strong>\u00a0m\u00fc\u0259yy\u0259n s\u0259viyy\u0259li t\u0259hsil v\u0259 t\u0259lim \u00fc\u00e7\u00fcn t\u0259l\u0259b v\u0259 t\u0259klifin daimi monitorinqind\u0259n ibar\u0259tdir. Bundan \u0259lav\u0259, a\u015fa\u011f\u0131dak\u0131lar m\u00fcnt\u0259z\u0259m olaraq h\u0259yata ke\u00e7irilir:<\/p>\n<ul class=\"ul-gray\">\n<li>m\u0259lumat bazalar\u0131nda v\u0259 \u0130nternet \u015f\u0259b\u0259k\u0259l\u0259rind\u0259 yerl\u0259\u015fdiril\u0259n vakant v\u0259zif\u0259l\u0259r \u00fc\u00e7\u00fcn potensial namiz\u0259dl\u0259rin anketl\u0259rini v\u0259 t\u0259rc\u00fcmeyi-hallar\u0131n\u0131 n\u0259z\u0259rd\u0259n ke\u00e7irm\u0259k;<\/li>\n<li>\u0259n m\u00fcnasib variantlarla m\u00fcsahib\u0259l\u0259rin t\u0259\u015fkil edilm\u0259si v\u0259 apar\u0131lmas\u0131;<\/li>\n<li>t\u0259lim s\u0259viyy\u0259si m\u00fc\u015ft\u0259ri \u015firk\u0259tin t\u0259l\u0259bl\u0259rin\u0259 cavab ver\u0259n m\u00fct\u0259x\u0259ssisl\u0259rin d\u0259qiq siyah\u0131s\u0131n\u0131 haz\u0131rlamaq.<\/li>\n<\/ul>\n<p>R\u0259hb\u0259r v\u0259zif\u0259l\u0259r\u0259\u00a0<strong>kadr se\u00e7imi<\/strong>\u00a0x\u00fcsusi diqq\u0259t t\u0259l\u0259b edir, bel\u0259 ki b\u00fct\u00f6vl\u00fckd\u0259 t\u0259\u015fkilat\u0131n i\u015finin s\u0259m\u0259r\u0259liliyi v\u0259ziyy\u0259tin d\u0259qiqliyind\u0259n v\u0259 d\u00fczg\u00fcn yana\u015fmadan as\u0131l\u0131 olur.[\/vc_column_text][\/vc_column][\/vc_row][vc_row content_placement=&#8221;middle&#8221; css_animation=&#8221;fadeInUp&#8221;][vc_column width=&#8221;1\/2&#8243;][vc_column_text]<\/p>\n<h3>T\u0259qdim edil\u0259n rekrutinq xidm\u0259tl\u0259rinin \u0259h\u0259miyy\u0259tli detallar\u0131<\/h3>\n<p>Pe\u015f\u0259kar\u00a0<strong>rekrutinq xidm\u0259tl\u0259rinin<\/strong>\u00a0g\u00f6st\u0259rilm\u0259si m\u0259qs\u0259di il\u0259 \u0259m\u0259k bazar\u0131nda v\u0259ziyy\u0259tin diqq\u0259tl\u0259 \u00f6yr\u0259nilm\u0259si t\u0259kc\u0259 m\u00fct\u0259x\u0259ssisl\u0259rin tap\u0131lmas\u0131ndan deyil, h\u0259m d\u0259 a\u015fa\u011f\u0131dak\u0131lardan ibar\u0259tdir:<\/p>\n<ul class=\"ul-gray\">\n<li>potensial \u0259m\u0259kda\u015f \u00fc\u00e7\u00fcn f\u0259rdi x\u00fcsusiyy\u0259tl\u0259rin v\u0259 pe\u015f\u0259kar t\u0259l\u0259bl\u0259rin d\u00fczg\u00fcn t\u0259rtib edilm\u0259sind\u0259n;<\/li>\n<li>m\u00fct\u0259x\u0259ssisl\u0259rin haz\u0131rl\u0131q s\u0259viyy\u0259sin\u0259 m\u00fcnasib\u0259td\u0259 \u0259m\u0259k bazar\u0131n\u0131n v\u0259ziyy\u0259ti haqq\u0131nda vaxt\u0131nda m\u0259sl\u0259h\u0259tl\u0259\u015fm\u0259 apar\u0131lmas\u0131ndan;<\/li>\n<li>t\u0259l\u0259b imkanlar\u0131n\u0131n adekvat qiym\u0259tl\u0259ndirilm\u0259sind\u0259n, el\u0259c\u0259 d\u0259 m\u0259hz maraq do\u011furan m\u0259\u015f\u011fulluq seqmentind\u0259 \u0259m\u0259k haqlar\u0131n\u0131n h\u0259cmind\u0259n;<\/li>\n<li>m\u0259lumat bazalar\u0131na, reklam \u015f\u0259b\u0259k\u0259l\u0259rin\u0259 \u00e7\u0131x\u0131\u015f imkanlar\u0131n\u0131n m\u00f6vcudlu\u011fundan, el\u0259c\u0259 d\u0259 t\u0259l\u0259b olunan sah\u0259d\u0259 s\u0259rb\u0259st m\u00fct\u0259x\u0259ssisl\u0259r haqq\u0131nda \u0259laq\u0259 m\u0259lumatlar\u0131ndan;<\/li>\n<li>maraqlanan i\u015faxtaranlar\u0131n anketl\u0259rin\u0259 v\u0259 t\u0259rc\u00fcmeyi-hallar\u0131na analitik yana\u015fmadan, onlar\u0131n g\u00fccl\u00fc v\u0259 z\u0259if t\u0259r\u0259fl\u0259rini m\u00fc\u0259yy\u0259n etm\u0259kd\u0259n;<\/li>\n<li>telefonla s\u00f6hb\u0259t zaman\u0131 v\u0259 ya \u015f\u0259xsi g\u00f6r\u00fc\u015fd\u0259 namiz\u0259din t\u0259klif olunan vakansiyaya uy\u011funluq s\u0259viyy\u0259sini ayd\u0131nla\u015fd\u0131rmaqdan;<\/li>\n<li>I\u015faxtaranlar \u00fc\u00e7\u00fcn psixoloji testl\u0259rin haz\u0131rlanmas\u0131 v\u0259 apar\u0131lmas\u0131;<\/li>\n<li>t\u0259qdim edilmi\u015f t\u00f6vsiy\u0259l\u0259rin yoxlan\u0131lmas\u0131 v\u0259 potensial i\u015f\u00e7inin i\u015f\u0259g\u00f6t\u00fcr\u0259nin m\u00f6vcud t\u0259l\u0259bl\u0259rin\u0259 uy\u011funluq s\u0259viyy\u0259sin\u0259 dair r\u0259yl\u0259rin haz\u0131rlanmas\u0131ndan.<\/li>\n<\/ul>\n<p>Yaln\u0131z bundan sonra, kadr se\u00e7imi \u00fczr\u0259 pe\u015f\u0259karlar i\u015faxtaranlar\u0131n v\u0259 i\u015f\u0259g\u00f6t\u00fcr\u0259n-m\u00fc\u015ft\u0259rinin g\u00f6r\u00fc\u015f\u00fcn\u00fc t\u0259\u015fkil edirl\u0259r. Bu h\u0259m namiz\u0259dl\u0259rin t\u0259qdimatlar\u0131, h\u0259m d\u0259 i\u015ftirak\u00e7\u0131lar\u0131n \u00f6zl\u0259ri aras\u0131nda dan\u0131\u015f\u0131qlar \u015f\u0259klind\u0259 ola bil\u0259r. Ehtiyac olduqda, t\u0259cr\u00fcb\u0259 v\u0259 ya s\u0131naq m\u00fcdd\u0259ti m\u0259rh\u0259l\u0259sind\u0259 \u015firk\u0259t \u0259m\u0259kda\u015flar\u0131 i\u015faxtaranlara \u0259lav\u0259 m\u0259sl\u0259h\u0259tl\u0259\u015fm\u0259 t\u0259qdim ed\u0259 bil\u0259rl\u0259r.[\/vc_column_text][\/vc_column][vc_column width=&#8221;1\/2&#8243;][vc_single_image image=&#8221;19410&#8243; img_size=&#8221;full&#8221;][\/vc_column][\/vc_row][vc_row content_placement=&#8221;middle&#8221; css_animation=&#8221;fadeInUp&#8221;][vc_column width=&#8221;1\/2&#8243;][vc_single_image image=&#8221;19413&#8243; img_size=&#8221;full&#8221;][\/vc_column][vc_column width=&#8221;1\/2&#8243;][vc_column_text]<\/p>\n<h3>FCHAIN-d\u0259n kadr se\u00e7imin\u0259 pe\u015f\u0259kar yana\u015fman\u0131n \u00fcst\u00fcnl\u00fckl\u0259ri<\/h3>\n<p>M\u00fct\u0259x\u0259ssisl\u0259rin t\u0259cr\u00fcb\u0259si v\u0259 ah\u0259ngdar i\u015fi say\u0259sind\u0259 m\u00fc\u015ft\u0259ri \u015firk\u0259tl\u0259rin r\u0259hb\u0259rl\u0259ri \u00f6z vaxtlar\u0131na v\u0259 enerjisin\u0259 q\u0259na\u0259t etm\u0259k imkan\u0131 qazan\u0131r, h\u0259min vaxt\u0131 v\u0259 enerjini \u00f6z biznesl\u0259rinin g\u0259l\u0259c\u0259k inki\u015faf\u0131 v\u0259 geni\u015fl\u0259ndirilm\u0259si m\u0259s\u0259l\u0259l\u0259rinin h\u0259llin\u0259 s\u0259rf edirl\u0259r.\u00a0<strong>FCHAIN<\/strong>\u00a0\u015firk\u0259tinin\u00a0<strong>rekrutinq xidm\u0259tl\u0259ri<\/strong>\u00a0\u00fczr\u0259 t\u0259klifl\u0259rinin \u0259h\u0259miyy\u0259tli \u00fcst\u00fcnl\u00fckl\u0259ri s\u0131ras\u0131nda a\u015fa\u011f\u0131dak\u0131lar\u0131 vur\u011fulamaq vacibdir:<\/p>\n<ul class=\"ul-gray\">\n<li>i\u015faxtaranlar \u00fczr\u0259 geni\u015fl\u0259ndirilmi\u015f m\u0259lumat bazalar\u0131na \u00e7\u0131x\u0131\u015f imkanlar\u0131n\u0131n m\u00f6vcudlu\u011fu;<\/li>\n<li>M\u00fct\u0259x\u0259ssisl\u0259rin namiz\u0259dl\u0259r \u00fc\u00e7\u00fcn vakant v\u0259zif\u0259l\u0259r\u0259 vacib t\u0259l\u0259bl\u0259ri d\u0259qiq m\u00fc\u0259yy\u0259nl\u0259\u015fdirm\u0259k bacar\u0131\u011f\u0131 v\u0259 onlar\u0131n reall\u0131\u011fa uy\u011funlu\u011funa riay\u0259t etm\u0259k;<\/li>\n<li>x\u00fcsusil\u0259 m\u00fc\u015ft\u0259ri-i\u015f\u0259g\u00f6t\u00fcr\u0259n t\u0259r\u0259find\u0259n istifad\u0259 edil\u0259n b\u00fct\u00fcn m\u0259lumatlar\u0131n m\u0259xfiliyinin t\u0259min edilm\u0259si;<\/li>\n<li>\u0130\u015f\u0259g\u00f6t\u00fcr\u0259nin maraqlar\u0131n\u0131 v\u0259 personal\u0131n se\u00e7ilm\u0259si prosesini d\u0259st\u0259kl\u0259m\u0259k, \u0259n m\u00fcnasib namiz\u0259d\u0259rl\u0259, el\u0259c\u0259 d\u0259 \u0259m\u0259k bazar\u0131nda dig\u0259r \u0259h\u0259miyy\u0259tli i\u015ftirak\u00e7\u0131larla aktiv \u0259laq\u0259 saxlamaq bacar\u0131\u011f\u0131.<\/li>\n<\/ul>\n<p>Son b\u0259nd prosesin b\u00fct\u00fcn i\u015ftirak\u00e7\u0131lar\u0131 aras\u0131nda qar\u015f\u0131l\u0131ql\u0131 faydal\u0131, uzunm\u00fcdd\u0259tli v\u0259 m\u00fctl\u0259q effektiv m\u00fcnasib\u0259tl\u0259r \u00fc\u00e7\u00fcn \u0259n ciddi s\u0259b\u0259bl\u0259rd\u0259n biridir. Ax\u0131, FCHAIN \u015firk\u0259tinin i\u015finin h\u0259r bir detal\u0131nda pe\u015f\u0259karl\u0131q z\u0259ruridir.[\/vc_column_text][\/vc_column][\/vc_row]<\/p>\n<\/div>","protected":false},"excerpt":{"rendered":"<p>[vc_row equal_height=&#8221;yes&#8221; css_animation=&#8221;fadeInUp&#8221;][vc_column][vc_column_text] Rekrutinq xidm\u0259tl\u0259ri [\/vc_column_text][vc_column_text]M\u00fct\u0259x\u0259ssisl\u0259rin se\u00e7ilm\u0259sin\u0259 pe\u015f\u0259kar yana\u015fma yaln\u0131z m\u00fc\u0259ssis\u0259nin laz\u0131mi minimum v\u0259zif\u0259l\u0259rinin yerin\u0259 yetirilm\u0259sin\u0259 imkan vermir, h\u0259m d\u0259 r\u0259qibl\u0259r aras\u0131nda daha b\u00f6y\u00fck v\u0259 daha ciddi s\u0259viyy\u0259y\u0259 \u00e7\u0131xmas\u0131na k\u00f6m\u0259k edir. Buna g\u00f6r\u0259 uzuns\u00fcr\u0259n dan\u0131\u015f\u0131qlar\u0131 v\u0259 m\u00f6vcud vakansiyalara uy\u011fun namiz\u0259dl\u0259rin se\u00e7ilm\u0259sini bu sah\u0259nin t\u0259cr\u00fcb\u0259li pe\u015f\u0259karlar\u0131na etibar etm\u0259k daha yax\u015f\u0131d\u0131r. \u0130\u015f\u0259g\u00f6t\u00fcrm\u0259\u00a0xidm\u0259tl\u0259ri\u00a0v\u0259 ya \u015firk\u0259t \u00fc\u00e7\u00fcn m\u00fct\u0259x\u0259ssisl\u0259rin\u00a0kadr se\u00e7imi\u00a0m\u00fc\u0259yy\u0259n<\/p>\n","protected":false},"author":1,"featured_media":0,"parent":0,"menu_order":0,"comment_status":"closed","ping_status":"closed","template":"","meta":{"_acf_changed":false,"footnotes":""},"class_list":["post-18907","page","type-page","status-publish","hentry"],"acf":[],"yoast_head":"<!-- This site is optimized with the Yoast SEO plugin v27.3 - https:\/\/yoast.com\/product\/yoast-seo-wordpress\/ -->\n<title>Rekrutinq xidm\u0259tl\u0259ri - Financial Chain Corporation - Az\u0259rbaycan<\/title>\n<meta name=\"description\" content=\"Financial Chain Corporation - sizin biznesiniz \u00fc\u00e7\u00fcn pe\u015fakar rekrutinq v\u0259 kadr xidm\u0259tl\u0259ri g\u00f6st\u0259rm\u0259yin\u0259 imkan yarad\u0131r.\" \/>\n<meta name=\"robots\" content=\"index, follow, max-snippet:-1, max-image-preview:large, max-video-preview:-1\" \/>\n<link rel=\"canonical\" href=\"https:\/\/az.f-chain.com\/az\/rekrutinq-xidm-tl-ri\/\" \/>\n<meta property=\"og:locale\" content=\"az_AZ\" \/>\n<meta property=\"og:type\" content=\"article\" \/>\n<meta property=\"og:title\" content=\"Rekrutinq xidm\u0259tl\u0259ri - Financial Chain Corporation - Az\u0259rbaycan\" \/>\n<meta property=\"og:description\" content=\"Financial Chain Corporation - sizin biznesiniz \u00fc\u00e7\u00fcn pe\u015fakar rekrutinq v\u0259 kadr xidm\u0259tl\u0259ri g\u00f6st\u0259rm\u0259yin\u0259 imkan yarad\u0131r.\" \/>\n<meta property=\"og:url\" content=\"https:\/\/az.f-chain.com\/az\/rekrutinq-xidm-tl-ri\/\" \/>\n<meta property=\"og:site_name\" content=\"FChain\" \/>\n<meta property=\"article:modified_time\" content=\"2021-09-23T06:36:47+00:00\" \/>\n<meta name=\"twitter:card\" content=\"summary_large_image\" \/>\n<script type=\"application\/ld+json\" class=\"yoast-schema-graph\">{\"@context\":\"https:\\\/\\\/schema.org\",\"@graph\":[{\"@type\":\"WebPage\",\"@id\":\"https:\\\/\\\/az.f-chain.com\\\/az\\\/rekrutinq-xidm-tl-ri\\\/\",\"url\":\"https:\\\/\\\/az.f-chain.com\\\/az\\\/rekrutinq-xidm-tl-ri\\\/\",\"name\":\"Rekrutinq xidm\u0259tl\u0259ri - Financial Chain Corporation - Az\u0259rbaycan\",\"isPartOf\":{\"@id\":\"https:\\\/\\\/az.f-chain.com\\\/#website\"},\"datePublished\":\"2016-03-31T09:01:33+00:00\",\"dateModified\":\"2021-09-23T06:36:47+00:00\",\"description\":\"Financial Chain Corporation - sizin biznesiniz \u00fc\u00e7\u00fcn pe\u015fakar rekrutinq v\u0259 kadr xidm\u0259tl\u0259ri g\u00f6st\u0259rm\u0259yin\u0259 imkan yarad\u0131r.\",\"breadcrumb\":{\"@id\":\"https:\\\/\\\/az.f-chain.com\\\/az\\\/rekrutinq-xidm-tl-ri\\\/#breadcrumb\"},\"inLanguage\":\"az\",\"potentialAction\":[{\"@type\":\"ReadAction\",\"target\":[\"https:\\\/\\\/az.f-chain.com\\\/az\\\/rekrutinq-xidm-tl-ri\\\/\"]}]},{\"@type\":\"BreadcrumbList\",\"@id\":\"https:\\\/\\\/az.f-chain.com\\\/az\\\/rekrutinq-xidm-tl-ri\\\/#breadcrumb\",\"itemListElement\":[{\"@type\":\"ListItem\",\"position\":1,\"name\":\"Home\",\"item\":\"https:\\\/\\\/az.f-chain.com\\\/az\\\/\"},{\"@type\":\"ListItem\",\"position\":2,\"name\":\"Rekrutinq xidm\u0259tl\u0259ri\"}]},{\"@type\":\"WebSite\",\"@id\":\"https:\\\/\\\/az.f-chain.com\\\/#website\",\"url\":\"https:\\\/\\\/az.f-chain.com\\\/\",\"name\":\"FChain\",\"description\":\"Azerbaijan\",\"potentialAction\":[{\"@type\":\"SearchAction\",\"target\":{\"@type\":\"EntryPoint\",\"urlTemplate\":\"https:\\\/\\\/az.f-chain.com\\\/?s={search_term_string}\"},\"query-input\":{\"@type\":\"PropertyValueSpecification\",\"valueRequired\":true,\"valueName\":\"search_term_string\"}}],\"inLanguage\":\"az\"}]}<\/script>\n<!-- \/ Yoast SEO plugin. -->","yoast_head_json":{"title":"Rekrutinq xidm\u0259tl\u0259ri - Financial Chain Corporation - Az\u0259rbaycan","description":"Financial Chain Corporation - sizin biznesiniz \u00fc\u00e7\u00fcn pe\u015fakar rekrutinq v\u0259 kadr xidm\u0259tl\u0259ri g\u00f6st\u0259rm\u0259yin\u0259 imkan yarad\u0131r.","robots":{"index":"index","follow":"follow","max-snippet":"max-snippet:-1","max-image-preview":"max-image-preview:large","max-video-preview":"max-video-preview:-1"},"canonical":"https:\/\/az.f-chain.com\/az\/rekrutinq-xidm-tl-ri\/","og_locale":"az_AZ","og_type":"article","og_title":"Rekrutinq xidm\u0259tl\u0259ri - Financial Chain Corporation - Az\u0259rbaycan","og_description":"Financial Chain Corporation - sizin biznesiniz \u00fc\u00e7\u00fcn pe\u015fakar rekrutinq v\u0259 kadr xidm\u0259tl\u0259ri g\u00f6st\u0259rm\u0259yin\u0259 imkan yarad\u0131r.","og_url":"https:\/\/az.f-chain.com\/az\/rekrutinq-xidm-tl-ri\/","og_site_name":"FChain","article_modified_time":"2021-09-23T06:36:47+00:00","twitter_card":"summary_large_image","schema":{"@context":"https:\/\/schema.org","@graph":[{"@type":"WebPage","@id":"https:\/\/az.f-chain.com\/az\/rekrutinq-xidm-tl-ri\/","url":"https:\/\/az.f-chain.com\/az\/rekrutinq-xidm-tl-ri\/","name":"Rekrutinq xidm\u0259tl\u0259ri - Financial Chain Corporation - Az\u0259rbaycan","isPartOf":{"@id":"https:\/\/az.f-chain.com\/#website"},"datePublished":"2016-03-31T09:01:33+00:00","dateModified":"2021-09-23T06:36:47+00:00","description":"Financial Chain Corporation - sizin biznesiniz \u00fc\u00e7\u00fcn pe\u015fakar rekrutinq v\u0259 kadr xidm\u0259tl\u0259ri g\u00f6st\u0259rm\u0259yin\u0259 imkan yarad\u0131r.","breadcrumb":{"@id":"https:\/\/az.f-chain.com\/az\/rekrutinq-xidm-tl-ri\/#breadcrumb"},"inLanguage":"az","potentialAction":[{"@type":"ReadAction","target":["https:\/\/az.f-chain.com\/az\/rekrutinq-xidm-tl-ri\/"]}]},{"@type":"BreadcrumbList","@id":"https:\/\/az.f-chain.com\/az\/rekrutinq-xidm-tl-ri\/#breadcrumb","itemListElement":[{"@type":"ListItem","position":1,"name":"Home","item":"https:\/\/az.f-chain.com\/az\/"},{"@type":"ListItem","position":2,"name":"Rekrutinq xidm\u0259tl\u0259ri"}]},{"@type":"WebSite","@id":"https:\/\/az.f-chain.com\/#website","url":"https:\/\/az.f-chain.com\/","name":"FChain","description":"Azerbaijan","potentialAction":[{"@type":"SearchAction","target":{"@type":"EntryPoint","urlTemplate":"https:\/\/az.f-chain.com\/?s={search_term_string}"},"query-input":{"@type":"PropertyValueSpecification","valueRequired":true,"valueName":"search_term_string"}}],"inLanguage":"az"}]}},"_links":{"self":[{"href":"https:\/\/az.f-chain.com\/az\/wp-json\/wp\/v2\/pages\/18907","targetHints":{"allow":["GET"]}}],"collection":[{"href":"https:\/\/az.f-chain.com\/az\/wp-json\/wp\/v2\/pages"}],"about":[{"href":"https:\/\/az.f-chain.com\/az\/wp-json\/wp\/v2\/types\/page"}],"author":[{"embeddable":true,"href":"https:\/\/az.f-chain.com\/az\/wp-json\/wp\/v2\/users\/1"}],"replies":[{"embeddable":true,"href":"https:\/\/az.f-chain.com\/az\/wp-json\/wp\/v2\/comments?post=18907"}],"version-history":[{"count":2,"href":"https:\/\/az.f-chain.com\/az\/wp-json\/wp\/v2\/pages\/18907\/revisions"}],"predecessor-version":[{"id":19418,"href":"https:\/\/az.f-chain.com\/az\/wp-json\/wp\/v2\/pages\/18907\/revisions\/19418"}],"wp:attachment":[{"href":"https:\/\/az.f-chain.com\/az\/wp-json\/wp\/v2\/media?parent=18907"}],"curies":[{"name":"wp","href":"https:\/\/api.w.org\/{rel}","templated":true}]}}