{"id":18890,"date":"2013-10-23T18:14:24","date_gmt":"2013-10-23T14:14:24","guid":{"rendered":"http:\/\/cacs.az\/postanovka-kadrovogo-ucheta-2\/"},"modified":"2013-10-23T18:14:24","modified_gmt":"2013-10-23T14:14:24","slug":"kadrlar-ucotunun-qurulmasi","status":"publish","type":"page","link":"https:\/\/az.f-chain.com\/az\/kadrlar-ucotunun-qurulmasi\/","title":{"rendered":"Kadrlar u\u00e7otunun qurulmas\u0131"},"content":{"rendered":"<div class=\"wpb-content-wrapper\"><p>[vc_row equal_height=&#8221;yes&#8221; content_placement=&#8221;middle&#8221;][vc_column width=&#8221;2\/3&#8243;][vc_column_text]<\/p>\n<h1>Kadrlar u\u00e7otunun qurulmas\u0131<\/h1>\n<p>[\/vc_column_text][\/vc_column][vc_column width=&#8221;1\/3&#8243;][vc_column_text]<\/p>\n<p style=\"text-align: right;\">[ninja_forms_modal_form id=10 text_link=&#8217; Biziml\u0259 \u0259laq\u0259 saxlay\u0131n&#8217;]<\/p>\n<p>[\/vc_column_text][\/vc_column][\/vc_row][vc_row equal_height=&#8221;yes&#8221; content_placement=&#8221;middle&#8221;][vc_column width=&#8221;1\/2&#8243;][vc_column_text]<\/p>\n<p>Kadr karg\u00fczarl\u0131\u011f\u0131n\u0131n \u201cs\u0131f\u0131rdan\u201d qurulmas\u0131: M\u00fc\u015ft\u0259ri-\u015eirk\u0259td\u0259 kadr karg\u00fczarl\u0131\u011f\u0131n\u0131n qurulmas\u0131 \u015firk\u0259tin i\u015f spesifikas\u0131 n\u0259z\u0259r\u0259 al\u0131nmaqla, h\u0259r bir i\u015f\u0259 g\u00f6t\u00fcr\u0259nin m\u00fctl\u0259q malik olmal\u0131 oldu\u011fu kadr s\u0259n\u0259dl\u0259ri paketinin i\u015fl\u0259nib haz\u0131rlanmas\u0131, t\u0259rtib edilm\u0259si v\u0259 r\u0259smil\u0259\u015fdirilm\u0259sind\u0259n ibar\u0259tdir. H\u0259r bir s\u0259n\u0259d \u0259m\u0259k qanunvericiliyinin v\u0259 Az\u0259rbaycan Respublikas\u0131n\u0131n q\u00fcvv\u0259d\u0259 olan standart v\u0259 normativl\u0259rin t\u0259l\u0259bl\u0259ri n\u0259z\u0259r\u0259 al\u0131nmaqla i\u015fl\u0259nib haz\u0131rlan\u0131r v\u0259 r\u0259smil\u0259\u015fdirilir; bu, m\u0259sl\u0259h\u0259tl\u0259r verilm\u0259si v\u0259 \u015firk\u0259t i\u015f\u00e7il\u0259rin\u0259 kadr karg\u00fczarl\u0131\u011f\u0131n\u0131n apar\u0131lmas\u0131 qaydalar\u0131n\u0131n \u00f6yr\u0259dilm\u0259sidir.<\/p>\n<p>\u015eirk\u0259timizin \u0259m\u0259k h\u00fcququ sah\u0259sind\u0259 b\u00f6y\u00fck t\u0259cr\u00fcb\u0259y\u0259 malik olan v\u0259 kadr karg\u00fczarl\u0131\u011f\u0131 sah\u0259sind\u0259 d\u0259rin bilikl\u0259ri olan m\u00fct\u0259x\u0259ssisl\u0259ri M\u00fc\u015ft\u0259ri &#8211; \u015eirk\u0259td\u0259 kadr u\u00e7otunun qurulmas\u0131 \u00fczr\u0259 a\u015fa\u011f\u0131dak\u0131 xidm\u0259tl\u0259ri t\u0259klif edir\u0259r: \u0259m\u0259k m\u00fcqavil\u0259l\u0259rinin, \u0259m\u0259k m\u00fcqavil\u0259l\u0259rin\u0259 \u0259lav\u0259 sazi\u015fl\u0259rin v\u0259 v\u0259zif\u0259 t\u0259limatlar\u0131n\u0131n i\u015fl\u0259nib haz\u0131rlanmas\u0131 v\u0259 t\u0259rtib edilm\u0259si; lokal normativ aktlar\u0131n: daxili \u0259m\u0259k intizam\u0131 qaydalar\u0131n\u0131n, f\u0259rdi m\u0259lumatlar\u0131n qorunmas\u0131 haqq\u0131nda \u0259sasnam\u0259nin, \u0259m\u0259yin m\u00fchafiz\u0259si haqq\u0131nda \u0259sasnam\u0259nin v\u0259 s. i\u015fl\u0259nib haz\u0131rlanmas\u0131 v\u0259 t\u0259rtib edilm\u0259si; \u015ftat c\u0259dv\u0259linin, m\u0259zuniyy\u0259tl\u0259r qrafikinin t\u0259rtib edilm\u0259si; \u015f\u0259xsi hey\u0259t \u00fczr\u0259 \u0259mrl\u0259rin t\u0259rtib edilm\u0259si (i\u015f\u0259 q\u0259bul, ba\u015fqa i\u015f\u0259 ke\u00e7irilm\u0259, m\u0259zuniyy\u0259t, i\u015fd\u0259n \u00e7\u0131xar\u0131lma); \u0259m\u0259k kitab\u00e7alar\u0131n\u0131n t\u0259rtib edilm\u0259si v\u0259 doldurulmas\u0131; i\u015f\u00e7il\u0259rin \u015f\u0259xsi v\u0259r\u0259q\u0259l\u0259rinin t\u0259rtib edilm\u0259si; i\u015f\u00e7il\u0259rin \u015f\u0259xsi i\u015fl\u0259rinin formala\u015fd\u0131r\u0131lmas\u0131; kadr s\u0259n\u0259dl\u0259ri il\u0259 i\u015f \u00fczr\u0259 m\u0259sl\u0259h\u0259tl\u0259r v\u0259 t\u0259liml\u0259r. Bu xidm\u0259t yeni yarad\u0131lm\u0131\u015f \u015firk\u0259tl\u0259r v\u0259 ya yeni filiallar a\u00e7an \u015firk\u0259tl\u0259r, yaxud \u00fcmumiyy\u0259tl\u0259 kadr karg\u00fczarl\u0131\u011f\u0131 apar\u0131lmayan \u015fik\u0259tl\u0259r \u00fc\u00e7\u00fcn aktuald\u0131r. G\u00f6st\u0259ril\u0259n xidm\u0259tin \u00fcst\u00fcnl\u00fckl\u0259ri a\u015fa\u011f\u0131dak\u0131lardan ibar\u0259tdir: kadr xidm\u0259tinin qurulmas\u0131 il\u0259 ba\u011fl\u0131 h\u0259m \u0259m\u0259k, h\u0259m d\u0259 maddi x\u0259rcl\u0259rin minimuma endirilm\u0259si; i\u015fl\u0259nib haz\u0131rlanm\u0131\u015f v\u0259 t\u0259rtib edilmi\u015f s\u0259n\u0259dl\u0259rin h\u00fcquqi savadl\u0131l\u0131\u011f\u0131; \u0259m\u0259k qanunvericiliyinin t\u0259l\u0259bl\u0259rin\u0259 d\u0259qiqlikl\u0259 riay\u0259t olunmas\u0131.<\/p>\n<p>[\/vc_column_text][\/vc_column][vc_column width=&#8221;1\/2&#8243;][vc_single_image image=&#8221;15364&#8243; img_size=&#8221;full&#8221; alignment=&#8221;center&#8221;][\/vc_column][\/vc_row]<\/p>\n<\/div>","protected":false},"excerpt":{"rendered":"<p>[vc_row equal_height=&#8221;yes&#8221; content_placement=&#8221;middle&#8221;][vc_column width=&#8221;2\/3&#8243;][vc_column_text] Kadrlar u\u00e7otunun qurulmas\u0131 [\/vc_column_text][\/vc_column][vc_column width=&#8221;1\/3&#8243;][vc_column_text] [ninja_forms_modal_form id=10 text_link=&#8217; Biziml\u0259 \u0259laq\u0259 saxlay\u0131n&#8217;] [\/vc_column_text][\/vc_column][\/vc_row][vc_row equal_height=&#8221;yes&#8221; content_placement=&#8221;middle&#8221;][vc_column width=&#8221;1\/2&#8243;][vc_column_text] Kadr karg\u00fczarl\u0131\u011f\u0131n\u0131n \u201cs\u0131f\u0131rdan\u201d qurulmas\u0131: M\u00fc\u015ft\u0259ri-\u015eirk\u0259td\u0259 kadr karg\u00fczarl\u0131\u011f\u0131n\u0131n qurulmas\u0131 \u015firk\u0259tin i\u015f spesifikas\u0131 n\u0259z\u0259r\u0259 al\u0131nmaqla, h\u0259r bir i\u015f\u0259 g\u00f6t\u00fcr\u0259nin m\u00fctl\u0259q malik olmal\u0131 oldu\u011fu kadr s\u0259n\u0259dl\u0259ri paketinin i\u015fl\u0259nib haz\u0131rlanmas\u0131, t\u0259rtib edilm\u0259si v\u0259 r\u0259smil\u0259\u015fdirilm\u0259sind\u0259n ibar\u0259tdir. H\u0259r bir s\u0259n\u0259d \u0259m\u0259k qanunvericiliyinin<\/p>\n","protected":false},"author":1,"featured_media":0,"parent":0,"menu_order":0,"comment_status":"open","ping_status":"closed","template":"category-templates\/personnel_records.php","meta":{"_acf_changed":false,"footnotes":""},"class_list":["post-18890","page","type-page","status-publish","hentry"],"acf":[],"yoast_head":"<!-- This site is optimized with the Yoast SEO plugin v27.3 - https:\/\/yoast.com\/product\/yoast-seo-wordpress\/ -->\n<title>Bak\u0131da kadr u\u00e7otunun qura\u015fd\u0131r\u0131lmas\u0131 FChain-da<\/title>\n<meta name=\"description\" content=\"\u018fm\u0259k M\u0259c\u0259llsin\u0259 uy\u011fun olaraq, kadr s\u0259n\u0259dl\u0259rinin vacib paketiin qeydiyyat\u0131 bizim 13 ildir ki m\u0259\u015f\u011ful oldu\u011fumuz sah\u0259dir. FChain-a etibar etdiyiniz\u0259 g\u00f6r\u0259 pe\u015fman olmayacaqs\u0131n\u0131z.\" \/>\n<meta name=\"robots\" content=\"index, follow, max-snippet:-1, max-image-preview:large, max-video-preview:-1\" \/>\n<link rel=\"canonical\" href=\"https:\/\/az.f-chain.com\/az\/kadrlar-ucotunun-qurulmasi\/\" \/>\n<meta property=\"og:locale\" content=\"az_AZ\" \/>\n<meta property=\"og:type\" content=\"article\" \/>\n<meta property=\"og:title\" content=\"Bak\u0131da kadr u\u00e7otunun qura\u015fd\u0131r\u0131lmas\u0131 FChain-da\" \/>\n<meta property=\"og:description\" content=\"\u018fm\u0259k M\u0259c\u0259llsin\u0259 uy\u011fun olaraq, kadr s\u0259n\u0259dl\u0259rinin vacib paketiin qeydiyyat\u0131 bizim 13 ildir ki m\u0259\u015f\u011ful oldu\u011fumuz sah\u0259dir. FChain-a etibar etdiyiniz\u0259 g\u00f6r\u0259 pe\u015fman olmayacaqs\u0131n\u0131z.\" \/>\n<meta property=\"og:url\" content=\"https:\/\/az.f-chain.com\/az\/kadrlar-ucotunun-qurulmasi\/\" \/>\n<meta property=\"og:site_name\" content=\"FChain\" \/>\n<meta name=\"twitter:card\" content=\"summary_large_image\" \/>\n<script type=\"application\/ld+json\" class=\"yoast-schema-graph\">{\"@context\":\"https:\\\/\\\/schema.org\",\"@graph\":[{\"@type\":\"WebPage\",\"@id\":\"https:\\\/\\\/az.f-chain.com\\\/az\\\/kadrlar-ucotunun-qurulmasi\\\/\",\"url\":\"https:\\\/\\\/az.f-chain.com\\\/az\\\/kadrlar-ucotunun-qurulmasi\\\/\",\"name\":\"Bak\u0131da kadr u\u00e7otunun qura\u015fd\u0131r\u0131lmas\u0131 FChain-da\",\"isPartOf\":{\"@id\":\"https:\\\/\\\/az.f-chain.com\\\/#website\"},\"datePublished\":\"2013-10-23T14:14:24+00:00\",\"description\":\"\u018fm\u0259k M\u0259c\u0259llsin\u0259 uy\u011fun olaraq, kadr s\u0259n\u0259dl\u0259rinin vacib paketiin qeydiyyat\u0131 bizim 13 ildir ki m\u0259\u015f\u011ful oldu\u011fumuz sah\u0259dir. FChain-a etibar etdiyiniz\u0259 g\u00f6r\u0259 pe\u015fman olmayacaqs\u0131n\u0131z.\",\"breadcrumb\":{\"@id\":\"https:\\\/\\\/az.f-chain.com\\\/az\\\/kadrlar-ucotunun-qurulmasi\\\/#breadcrumb\"},\"inLanguage\":\"az\",\"potentialAction\":[{\"@type\":\"ReadAction\",\"target\":[\"https:\\\/\\\/az.f-chain.com\\\/az\\\/kadrlar-ucotunun-qurulmasi\\\/\"]}]},{\"@type\":\"BreadcrumbList\",\"@id\":\"https:\\\/\\\/az.f-chain.com\\\/az\\\/kadrlar-ucotunun-qurulmasi\\\/#breadcrumb\",\"itemListElement\":[{\"@type\":\"ListItem\",\"position\":1,\"name\":\"Home\",\"item\":\"https:\\\/\\\/az.f-chain.com\\\/az\\\/\"},{\"@type\":\"ListItem\",\"position\":2,\"name\":\"Kadrlar u\u00e7otunun qurulmas\u0131\"}]},{\"@type\":\"WebSite\",\"@id\":\"https:\\\/\\\/az.f-chain.com\\\/#website\",\"url\":\"https:\\\/\\\/az.f-chain.com\\\/\",\"name\":\"FChain\",\"description\":\"Azerbaijan\",\"potentialAction\":[{\"@type\":\"SearchAction\",\"target\":{\"@type\":\"EntryPoint\",\"urlTemplate\":\"https:\\\/\\\/az.f-chain.com\\\/?s={search_term_string}\"},\"query-input\":{\"@type\":\"PropertyValueSpecification\",\"valueRequired\":true,\"valueName\":\"search_term_string\"}}],\"inLanguage\":\"az\"}]}<\/script>\n<!-- \/ Yoast SEO plugin. -->","yoast_head_json":{"title":"Bak\u0131da kadr u\u00e7otunun qura\u015fd\u0131r\u0131lmas\u0131 FChain-da","description":"\u018fm\u0259k M\u0259c\u0259llsin\u0259 uy\u011fun olaraq, kadr s\u0259n\u0259dl\u0259rinin vacib paketiin qeydiyyat\u0131 bizim 13 ildir ki m\u0259\u015f\u011ful oldu\u011fumuz sah\u0259dir. FChain-a etibar etdiyiniz\u0259 g\u00f6r\u0259 pe\u015fman olmayacaqs\u0131n\u0131z.","robots":{"index":"index","follow":"follow","max-snippet":"max-snippet:-1","max-image-preview":"max-image-preview:large","max-video-preview":"max-video-preview:-1"},"canonical":"https:\/\/az.f-chain.com\/az\/kadrlar-ucotunun-qurulmasi\/","og_locale":"az_AZ","og_type":"article","og_title":"Bak\u0131da kadr u\u00e7otunun qura\u015fd\u0131r\u0131lmas\u0131 FChain-da","og_description":"\u018fm\u0259k M\u0259c\u0259llsin\u0259 uy\u011fun olaraq, kadr s\u0259n\u0259dl\u0259rinin vacib paketiin qeydiyyat\u0131 bizim 13 ildir ki m\u0259\u015f\u011ful oldu\u011fumuz sah\u0259dir. FChain-a etibar etdiyiniz\u0259 g\u00f6r\u0259 pe\u015fman olmayacaqs\u0131n\u0131z.","og_url":"https:\/\/az.f-chain.com\/az\/kadrlar-ucotunun-qurulmasi\/","og_site_name":"FChain","twitter_card":"summary_large_image","schema":{"@context":"https:\/\/schema.org","@graph":[{"@type":"WebPage","@id":"https:\/\/az.f-chain.com\/az\/kadrlar-ucotunun-qurulmasi\/","url":"https:\/\/az.f-chain.com\/az\/kadrlar-ucotunun-qurulmasi\/","name":"Bak\u0131da kadr u\u00e7otunun qura\u015fd\u0131r\u0131lmas\u0131 FChain-da","isPartOf":{"@id":"https:\/\/az.f-chain.com\/#website"},"datePublished":"2013-10-23T14:14:24+00:00","description":"\u018fm\u0259k M\u0259c\u0259llsin\u0259 uy\u011fun olaraq, kadr s\u0259n\u0259dl\u0259rinin vacib paketiin qeydiyyat\u0131 bizim 13 ildir ki m\u0259\u015f\u011ful oldu\u011fumuz sah\u0259dir. FChain-a etibar etdiyiniz\u0259 g\u00f6r\u0259 pe\u015fman olmayacaqs\u0131n\u0131z.","breadcrumb":{"@id":"https:\/\/az.f-chain.com\/az\/kadrlar-ucotunun-qurulmasi\/#breadcrumb"},"inLanguage":"az","potentialAction":[{"@type":"ReadAction","target":["https:\/\/az.f-chain.com\/az\/kadrlar-ucotunun-qurulmasi\/"]}]},{"@type":"BreadcrumbList","@id":"https:\/\/az.f-chain.com\/az\/kadrlar-ucotunun-qurulmasi\/#breadcrumb","itemListElement":[{"@type":"ListItem","position":1,"name":"Home","item":"https:\/\/az.f-chain.com\/az\/"},{"@type":"ListItem","position":2,"name":"Kadrlar u\u00e7otunun qurulmas\u0131"}]},{"@type":"WebSite","@id":"https:\/\/az.f-chain.com\/#website","url":"https:\/\/az.f-chain.com\/","name":"FChain","description":"Azerbaijan","potentialAction":[{"@type":"SearchAction","target":{"@type":"EntryPoint","urlTemplate":"https:\/\/az.f-chain.com\/?s={search_term_string}"},"query-input":{"@type":"PropertyValueSpecification","valueRequired":true,"valueName":"search_term_string"}}],"inLanguage":"az"}]}},"_links":{"self":[{"href":"https:\/\/az.f-chain.com\/az\/wp-json\/wp\/v2\/pages\/18890","targetHints":{"allow":["GET"]}}],"collection":[{"href":"https:\/\/az.f-chain.com\/az\/wp-json\/wp\/v2\/pages"}],"about":[{"href":"https:\/\/az.f-chain.com\/az\/wp-json\/wp\/v2\/types\/page"}],"author":[{"embeddable":true,"href":"https:\/\/az.f-chain.com\/az\/wp-json\/wp\/v2\/users\/1"}],"replies":[{"embeddable":true,"href":"https:\/\/az.f-chain.com\/az\/wp-json\/wp\/v2\/comments?post=18890"}],"version-history":[{"count":0,"href":"https:\/\/az.f-chain.com\/az\/wp-json\/wp\/v2\/pages\/18890\/revisions"}],"wp:attachment":[{"href":"https:\/\/az.f-chain.com\/az\/wp-json\/wp\/v2\/media?parent=18890"}],"curies":[{"name":"wp","href":"https:\/\/api.w.org\/{rel}","templated":true}]}}